{"id":7671,"date":"2025-01-12T10:43:49","date_gmt":"2025-01-12T10:43:49","guid":{"rendered":"https:\/\/christinakosmeetika.ee\/product\/nuance-total-corrector-serum\/"},"modified":"2026-04-15T15:52:36","modified_gmt":"2026-04-15T12:52:36","slug":"nuance-total-corrector-serum","status":"publish","type":"product","link":"https:\/\/christinakosmeetika.ee\/et\/toode\/nuance-total-corrector-serum\/","title":{"rendered":"NUANCE Korrigeeriv seerum &#8220;Total&#8221; 30ml CHR885"},"content":{"rendered":"<p>Total Corrector Serum \u2013 Korrigeeriv seerum &#8220;Total&#8221;<\/p>\n<p>Intensiivselt taastav seerum, mis silub nahka, parandab selle elastsust ja aitab saavutada n\u00e4htava vananemisvastase efekti. Juba p\u00e4rast esimesi kasutuskordi n\u00e4eb nahk siledam, v\u00e4rskem ja s\u00e4ravam v\u00e4lja.<\/p>\n<p>Korrigeeriv seerum, mis silub ja pinguldab nahka, taastades selle noorusliku s\u00e4ra. T\u00e4nu unikaalsele vananemisvastaste koostisosade kombinatsioonile v\u00e4hendab see kortsude arvu ja s\u00fcgavust, parandab naha elastsust, v\u00f5itleb l\u00f5tvuse vastu ning taastab optimaalse niisutustaseme. Seerum tugevdab naha barj\u00e4\u00e4ri, v\u00e4hendab oks\u00fcdatiivseid kahjustusi ja \u00fchtlustab nahatooni.<\/p>\n<p>Peamised aktiivsed koostisosad ja nende m\u00f5ju:<\/p>\n<ul>\n<li><strong>Peptiidide kompleks<\/strong>: stimuleerib naha remodelleerimisprotsesse, v\u00e4hendab kortse, tugevdab ja pinguldab nahka.<\/li>\n<li><strong>Orhidee- ja magnooliakoore ekstraktid<\/strong>: parandavad elastsust, v\u00f5itlevad naha l\u00f5tvuse vastu ja tugevdavad selle struktuuri.<\/li>\n<li><strong>H\u00fcaluroonhape<\/strong>: tagab intensiivse niisutuse, suurendab naha prinkust ja v\u00e4hendab transdermaalset veekadu.<\/li>\n<li><strong>Skvalaan<\/strong>: taastab naha h\u00fcdrolipiidbarj\u00e4\u00e4ri, pehmendab nahka ja hoiab \u00e4ra selle liigse kuivamise.<\/li>\n<li><strong>Niasiinamiid (vitamiin B3)<\/strong>: reguleerib rasueritust, helendab pigmendilaike ja stimuleerib rakkude uuenemist.<\/li>\n<li><strong>Vitamiin E<\/strong>: v\u00f5imas antioks\u00fcdant, mis kaitseb nahka vabade radikaalide p\u00f5hjustatud kahjustuste eest.<\/li>\n<\/ul>\n<p>Peamised toimed:<\/p>\n<ul>\n<li>Silub ja pinguldab nahka, taastades selle prinkuse.<\/li>\n<li>V\u00e4hendab kortsude arvu ja s\u00fcgavust.<\/li>\n<li>Helendab ja \u00fchtlustab nahatooni.<\/li>\n<li>Niisutab ja tugevdab naha kaitsebarj\u00e4\u00e4ri.<\/li>\n<li>Minimeerib oks\u00fcdatiivseid kahjustusi ja vananemise ilminguid.<\/li>\n<\/ul>\n<p><strong>Kasutamine:<\/strong><br \/>\nKandke paar tilka seerumit puhtale n\u00e4onahale. Masseerige \u00f5rnalt kuni t\u00e4ieliku imendumiseni. Kasutage hommikul ja \u00f5htul parimate tulemuste saavutamiseks.<\/p>\n<p>pH: 6.0\u20137.0<\/p>\n<p>NUANCE Total Corrector Serum sobib k\u00f5ikidele nahat\u00fc\u00fcpidele, pakkudes t\u00f5husat taastamist ja kaitset vananemise ilmingute vastu.<\/p>\n","protected":false},"excerpt":{"rendered":"<h3 class=\"product_title entry-title\">NUANCE Total Corrector Serum<\/h3>\n","protected":false},"featured_media":7550,"template":"","meta":[],"product_brand":[],"product_cat":[486,182],"product_tag":[],"class_list":{"0":"post-7671","1":"product","2":"type-product","3":"status-publish","4":"has-post-thumbnail","6":"product_cat-nuance-et","7":"product_cat-seerum","8":"product_shipping_class-smart-itella-post","9":"pa_linii-kosmetiki-nuance-et","10":"pa_reshenie-problem-ebauhtlane-nahatoon","11":"pa_reshenie-problem-vahenenud-elastsus","12":"pa_reshenie-problem-vananemise-margid","13":"pa_tip-kozi-koik-nahatuubid-et","14":"pa_tip-kozi-kombi-et","15":"pa_tip-kozi-kuiv-et","16":"pa_tip-kozi-normaalne-et","17":"pa_tip-kozi-rasvane-et","18":"pa_tip-preparata-seerum","19":"pa_vremja-primenenija-oine","20":"pa_vremja-primenenija-paev-oo","21":"pa_vremja-primenenija-paevane","23":"first","24":"instock","25":"taxable","26":"shipping-taxable","27":"purchasable","28":"product-type-simple"},"yoast_head":"<!-- This site is optimized with the Yoast SEO plugin v27.5 - https:\/\/yoast.com\/product\/yoast-seo-wordpress\/ -->\n<title>NUANCE Korrigeeriv seerum &quot;Total&quot; 30ml CHR885 - Christinakosmeetika<\/title>\n<meta name=\"description\" content=\"NUANCE Total Corrector Serum on innovaatiline seerum, mis on loodud naha intensiivseks taastamiseks ja noorendamiseks.\" \/>\n<meta name=\"robots\" content=\"index, follow, max-snippet:-1, max-image-preview:large, max-video-preview:-1\" \/>\n<link rel=\"canonical\" href=\"https:\/\/christinakosmeetika.ee\/product\/nuance-total-corrector-serum\/\" \/>\n<meta property=\"og:locale\" content=\"et_EE\" \/>\n<meta property=\"og:type\" content=\"article\" \/>\n<meta property=\"og:title\" content=\"NUANCE Korrigeeriv seerum &quot;Total&quot; 30ml CHR885 - Christinakosmeetika\" \/>\n<meta property=\"og:description\" content=\"NUANCE Total Corrector Serum on innovaatiline seerum, mis on loodud naha intensiivseks taastamiseks ja noorendamiseks.\" \/>\n<meta property=\"og:url\" content=\"https:\/\/christinakosmeetika.ee\/product\/nuance-total-corrector-serum\/\" \/>\n<meta property=\"og:site_name\" content=\"Christinakosmeetika\" \/>\n<meta property=\"article:modified_time\" content=\"2026-04-15T12:52:36+00:00\" \/>\n<meta property=\"og:image\" content=\"https:\/\/christinakosmeetika.ee\/wp-content\/uploads\/2025\/01\/Nuance-Total-Corrector-Serum.png\" \/>\n\t<meta property=\"og:image:width\" content=\"1080\" \/>\n\t<meta property=\"og:image:height\" content=\"1080\" \/>\n\t<meta property=\"og:image:type\" content=\"image\/png\" \/>\n<meta name=\"twitter:card\" content=\"summary_large_image\" \/>\n<meta name=\"twitter:label1\" content=\"Est. reading time\" \/>\n\t<meta name=\"twitter:data1\" content=\"2 minutit\" \/>\n<script type=\"application\/ld+json\" class=\"yoast-schema-graph\">{\"@context\":\"https:\\\/\\\/schema.org\",\"@graph\":[{\"@type\":\"WebPage\",\"@id\":\"https:\\\/\\\/christinakosmeetika.ee\\\/product\\\/nuance-total-corrector-serum\\\/\",\"url\":\"https:\\\/\\\/christinakosmeetika.ee\\\/product\\\/nuance-total-corrector-serum\\\/\",\"name\":\"NUANCE Korrigeeriv seerum \\\"Total\\\" 30ml CHR885 - Christinakosmeetika\",\"isPartOf\":{\"@id\":\"https:\\\/\\\/christinakosmeetika.ee\\\/#website\"},\"primaryImageOfPage\":{\"@id\":\"https:\\\/\\\/christinakosmeetika.ee\\\/product\\\/nuance-total-corrector-serum\\\/#primaryimage\"},\"image\":{\"@id\":\"https:\\\/\\\/christinakosmeetika.ee\\\/product\\\/nuance-total-corrector-serum\\\/#primaryimage\"},\"thumbnailUrl\":\"https:\\\/\\\/christinakosmeetika.ee\\\/wp-content\\\/uploads\\\/2025\\\/01\\\/Nuance-Total-Corrector-Serum.png\",\"datePublished\":\"2025-01-12T10:43:49+00:00\",\"dateModified\":\"2026-04-15T12:52:36+00:00\",\"description\":\"NUANCE Total Corrector Serum on innovaatiline seerum, mis on loodud naha intensiivseks taastamiseks ja noorendamiseks.\",\"breadcrumb\":{\"@id\":\"https:\\\/\\\/christinakosmeetika.ee\\\/product\\\/nuance-total-corrector-serum\\\/#breadcrumb\"},\"inLanguage\":\"et\",\"potentialAction\":[{\"@type\":\"ReadAction\",\"target\":[\"https:\\\/\\\/christinakosmeetika.ee\\\/product\\\/nuance-total-corrector-serum\\\/\"]}]},{\"@type\":\"ImageObject\",\"inLanguage\":\"et\",\"@id\":\"https:\\\/\\\/christinakosmeetika.ee\\\/product\\\/nuance-total-corrector-serum\\\/#primaryimage\",\"url\":\"https:\\\/\\\/christinakosmeetika.ee\\\/wp-content\\\/uploads\\\/2025\\\/01\\\/Nuance-Total-Corrector-Serum.png\",\"contentUrl\":\"https:\\\/\\\/christinakosmeetika.ee\\\/wp-content\\\/uploads\\\/2025\\\/01\\\/Nuance-Total-Corrector-Serum.png\",\"width\":1080,\"height\":1080},{\"@type\":\"BreadcrumbList\",\"@id\":\"https:\\\/\\\/christinakosmeetika.ee\\\/product\\\/nuance-total-corrector-serum\\\/#breadcrumb\",\"itemListElement\":[{\"@type\":\"ListItem\",\"position\":1,\"name\":\"\u0413\u043b\u0430\u0432\u043d\u0430\u044f \u0441\u0442\u0440\u0430\u043d\u0438\u0446\u0430\",\"item\":\"https:\\\/\\\/christinakosmeetika.ee\\\/et\\\/\"},{\"@type\":\"ListItem\",\"position\":2,\"name\":\"Pood\",\"item\":\"https:\\\/\\\/christinakosmeetika.ee\\\/et\\\/shop\\\/\"},{\"@type\":\"ListItem\",\"position\":3,\"name\":\"NUANCE Korrigeeriv seerum &#8220;Total&#8221; 30ml CHR885\"}]},{\"@type\":\"WebSite\",\"@id\":\"https:\\\/\\\/christinakosmeetika.ee\\\/#website\",\"url\":\"https:\\\/\\\/christinakosmeetika.ee\\\/\",\"name\":\"Christinakosmeetika\",\"description\":\"Christina kosmeetika Eestis\",\"alternateName\":\"Christina kosmeetika Eestis\",\"potentialAction\":[{\"@type\":\"SearchAction\",\"target\":{\"@type\":\"EntryPoint\",\"urlTemplate\":\"https:\\\/\\\/christinakosmeetika.ee\\\/?s={search_term_string}\"},\"query-input\":{\"@type\":\"PropertyValueSpecification\",\"valueRequired\":true,\"valueName\":\"search_term_string\"}}],\"inLanguage\":\"et\"}]}<\/script>\n<!-- \/ Yoast SEO plugin. -->","yoast_head_json":{"title":"NUANCE Korrigeeriv seerum \"Total\" 30ml CHR885 - Christinakosmeetika","description":"NUANCE Total Corrector Serum on innovaatiline seerum, mis on loodud naha intensiivseks taastamiseks ja noorendamiseks.","robots":{"index":"index","follow":"follow","max-snippet":"max-snippet:-1","max-image-preview":"max-image-preview:large","max-video-preview":"max-video-preview:-1"},"canonical":"https:\/\/christinakosmeetika.ee\/product\/nuance-total-corrector-serum\/","og_locale":"et_EE","og_type":"article","og_title":"NUANCE Korrigeeriv seerum \"Total\" 30ml CHR885 - Christinakosmeetika","og_description":"NUANCE Total Corrector Serum on innovaatiline seerum, mis on loodud naha intensiivseks taastamiseks ja noorendamiseks.","og_url":"https:\/\/christinakosmeetika.ee\/product\/nuance-total-corrector-serum\/","og_site_name":"Christinakosmeetika","article_modified_time":"2026-04-15T12:52:36+00:00","og_image":[{"width":1080,"height":1080,"url":"https:\/\/christinakosmeetika.ee\/wp-content\/uploads\/2025\/01\/Nuance-Total-Corrector-Serum.png","type":"image\/png"}],"twitter_card":"summary_large_image","twitter_misc":{"Est. reading time":"2 minutit"},"schema":{"@context":"https:\/\/schema.org","@graph":[{"@type":"WebPage","@id":"https:\/\/christinakosmeetika.ee\/product\/nuance-total-corrector-serum\/","url":"https:\/\/christinakosmeetika.ee\/product\/nuance-total-corrector-serum\/","name":"NUANCE Korrigeeriv seerum \"Total\" 30ml CHR885 - Christinakosmeetika","isPartOf":{"@id":"https:\/\/christinakosmeetika.ee\/#website"},"primaryImageOfPage":{"@id":"https:\/\/christinakosmeetika.ee\/product\/nuance-total-corrector-serum\/#primaryimage"},"image":{"@id":"https:\/\/christinakosmeetika.ee\/product\/nuance-total-corrector-serum\/#primaryimage"},"thumbnailUrl":"https:\/\/christinakosmeetika.ee\/wp-content\/uploads\/2025\/01\/Nuance-Total-Corrector-Serum.png","datePublished":"2025-01-12T10:43:49+00:00","dateModified":"2026-04-15T12:52:36+00:00","description":"NUANCE Total Corrector Serum on innovaatiline seerum, mis on loodud naha intensiivseks taastamiseks ja noorendamiseks.","breadcrumb":{"@id":"https:\/\/christinakosmeetika.ee\/product\/nuance-total-corrector-serum\/#breadcrumb"},"inLanguage":"et","potentialAction":[{"@type":"ReadAction","target":["https:\/\/christinakosmeetika.ee\/product\/nuance-total-corrector-serum\/"]}]},{"@type":"ImageObject","inLanguage":"et","@id":"https:\/\/christinakosmeetika.ee\/product\/nuance-total-corrector-serum\/#primaryimage","url":"https:\/\/christinakosmeetika.ee\/wp-content\/uploads\/2025\/01\/Nuance-Total-Corrector-Serum.png","contentUrl":"https:\/\/christinakosmeetika.ee\/wp-content\/uploads\/2025\/01\/Nuance-Total-Corrector-Serum.png","width":1080,"height":1080},{"@type":"BreadcrumbList","@id":"https:\/\/christinakosmeetika.ee\/product\/nuance-total-corrector-serum\/#breadcrumb","itemListElement":[{"@type":"ListItem","position":1,"name":"\u0413\u043b\u0430\u0432\u043d\u0430\u044f \u0441\u0442\u0440\u0430\u043d\u0438\u0446\u0430","item":"https:\/\/christinakosmeetika.ee\/et\/"},{"@type":"ListItem","position":2,"name":"Pood","item":"https:\/\/christinakosmeetika.ee\/et\/shop\/"},{"@type":"ListItem","position":3,"name":"NUANCE Korrigeeriv seerum &#8220;Total&#8221; 30ml CHR885"}]},{"@type":"WebSite","@id":"https:\/\/christinakosmeetika.ee\/#website","url":"https:\/\/christinakosmeetika.ee\/","name":"Christinakosmeetika","description":"Christina kosmeetika Eestis","alternateName":"Christina kosmeetika Eestis","potentialAction":[{"@type":"SearchAction","target":{"@type":"EntryPoint","urlTemplate":"https:\/\/christinakosmeetika.ee\/?s={search_term_string}"},"query-input":{"@type":"PropertyValueSpecification","valueRequired":true,"valueName":"search_term_string"}}],"inLanguage":"et"}]}},"_links":{"self":[{"href":"https:\/\/christinakosmeetika.ee\/et\/wp-json\/wp\/v2\/product\/7671","targetHints":{"allow":["GET"]}}],"collection":[{"href":"https:\/\/christinakosmeetika.ee\/et\/wp-json\/wp\/v2\/product"}],"about":[{"href":"https:\/\/christinakosmeetika.ee\/et\/wp-json\/wp\/v2\/types\/product"}],"wp:featuredmedia":[{"embeddable":true,"href":"https:\/\/christinakosmeetika.ee\/et\/wp-json\/wp\/v2\/media\/7550"}],"wp:attachment":[{"href":"https:\/\/christinakosmeetika.ee\/et\/wp-json\/wp\/v2\/media?parent=7671"}],"wp:term":[{"taxonomy":"product_brand","embeddable":true,"href":"https:\/\/christinakosmeetika.ee\/et\/wp-json\/wp\/v2\/product_brand?post=7671"},{"taxonomy":"product_cat","embeddable":true,"href":"https:\/\/christinakosmeetika.ee\/et\/wp-json\/wp\/v2\/product_cat?post=7671"},{"taxonomy":"product_tag","embeddable":true,"href":"https:\/\/christinakosmeetika.ee\/et\/wp-json\/wp\/v2\/product_tag?post=7671"}],"curies":[{"name":"wp","href":"https:\/\/api.w.org\/{rel}","templated":true}]}}