{"id":7603,"date":"2025-01-12T11:53:22","date_gmt":"2025-01-12T11:53:22","guid":{"rendered":"https:\/\/christinakosmeetika.ee\/product\/nuance-advanced-firming-neck-cream\/"},"modified":"2026-04-15T15:55:02","modified_gmt":"2026-04-15T12:55:02","slug":"nuance-advanced-firming-neck-cream","status":"publish","type":"product","link":"https:\/\/christinakosmeetika.ee\/et\/toode\/nuance-advanced-firming-neck-cream\/","title":{"rendered":"NUANCE Intensiivne kreem kaela naha elastsuse taastamiseks 50 ml CHR873"},"content":{"rendered":"<p><strong>Advanced Firming Neck Cream<\/strong> \u2014 intensiivne kreem kaela ja dekoltee naha elastsuse taastamiseks<\/p>\n<p>Kreem on spetsiaalselt loodud kaela ja dekoltee naha tugevuse ja elastsuse taastamiseks. See silub t\u00f5husalt s\u00fcgavaid kortse, v\u00e4hendab l\u00f5tvust ja v\u00f5itleb pigmendilaikudega. Aktiivsete peptiidide ja aminohapete kompleks stimuleerib kollageeni tootmist, tugevdab naha struktuuri ning v\u00e4hendab vananemism\u00e4rke.<\/p>\n<p><strong>Peamised aktiivsed komponendid ja nende toime:<\/strong><\/p>\n<ul>\n<li><strong>Peptiidide kompleks:<\/strong> Stimuleerib kollageeni s\u00fcnteesi, v\u00e4hendab progeriini ja matriksmetalloproteinaaside m\u00f5ju, mis kiirendavad vananemist.<\/li>\n<li><strong>Kollageeni aminohapped:<\/strong> Tugevdavad nahka, v\u00e4hendavad kortsude s\u00fcgavust ja arvu.<\/li>\n<li><strong>C-vitamiin (askorb\u00fc\u00fcltetraisopalmitaat):<\/strong> \u00dchtlustab naha tooni, helendab pigmentatsiooni ja parandab naha tekstuuri.<\/li>\n<li><strong>Skvalaan:<\/strong> Taastab naha kaitsebarj\u00e4\u00e4ri, niisutab ja pehmendab nahka.<\/li>\n<li><strong>Feruulhape:<\/strong> Tugev antioks\u00fcdant, mis kaitseb nahka vabade radikaalide eest ja aeglustab vananemist.<\/li>\n<li><strong>Kontuurikompleks glauciiniga:<\/strong> Pinguldab l\u00f5uapiirkonda, parandab l\u00f5uajooni ja v\u00e4hendab rasvkoe kogunemist.<\/li>\n<\/ul>\n<p><strong>Peamised toimed:<\/strong><\/p>\n<ul>\n<li>Silub kortse ja v\u00e4hendab naha l\u00f5tvust.<\/li>\n<li>Pinguldab nahka, muutes selle tugevaks ja elastseks.<\/li>\n<li>Helendab pigmendilaike ja \u00fchtlustab naha tooni.<\/li>\n<li>Niisutab ja taastab naha kaitsebarj\u00e4\u00e4ri.<\/li>\n<li>Parandab kaela ja dekoltee kontuuri.<\/li>\n<\/ul>\n<p><strong>Kasutusjuhend:<\/strong><br \/>\nKandke kreem \u00f5hukese \u00fchtlase kihina puhastatud kaela- ja dekolteepiirkonnale. Jaotage toodet \u00f5rnalt alt \u00fcles suunatud liigutustega. Kasutage 1\u20132 korda p\u00e4evas, hommikul ja \u00f5htul.<\/p>\n<p><strong>Maht:<\/strong> 50 ml<\/p>\n<p><strong>Koostis:<\/strong><\/p>\n<div class=\"page\" title=\"Page 1\">\n<div class=\"section\">\n<div class=\"layoutArea\">\n<div class=\"column\">\n<p>Water (Aqua), Propanediol, Cetyl Alcohol, C12-15 Alkyl Benzoate, Glyceryl Stearate, Isononyl Isononanoate, Glycerin, Pentylene Glycol, PEG-40 Stearate, Ascorbyl Tetraisopalmitate, Squalane, Theobroma Grandiflorum Seed Butter, Phenoxyethanol, Dimethicone, Butylene Glycol, Sodium Acrylate Copolymer, Caprylyl Glycol, Sorbitan Stearate, Tocopheryl Acetate, Sodium Phytate, Dextran, Trifluoroacetyl Tripeptide-2, Fragrance (Parfum), Ethylhexylglycerin, Lecithin, Sodium hyaluronate, Tetramethyl Acetyloctahydronaphthalenes, Sodium Lactate, Carbomer, Coco-Glucoside, Hexamethylindanopyran, Polysorbate 20, Hexyl Cinnamal, Alcohol, Linalyl Acetate, Limonene, Ferulic acid, Citronellol, Dimethyl Phenethyl Acetate, Benzyl Salicylate, Alpha-Isomethyl Ionone, Citrus Aurantium Peel Oil, Glaucine, Tocopherol, Palmitoyl Tripeptide-1, Palmitoyl Tetrapeptide-7, Pinene, Acetyl Tetrapeptide-2, Collagen Amino Acids.<\/p>\n<\/div>\n<\/div>\n<\/div>\n<\/div>\n","protected":false},"excerpt":{"rendered":"<h3 class=\"product_title entry-title\">NUANCE Advanced Firming Neck Cream<\/h3>\n","protected":false},"featured_media":7562,"template":"","meta":[],"product_brand":[],"product_cat":[149,486],"product_tag":[],"class_list":{"0":"post-7603","1":"product","2":"type-product","3":"status-publish","4":"has-post-thumbnail","6":"product_cat-kreem","7":"product_cat-nuance-et","8":"product_shipping_class-smart-itella-post","9":"pa_linii-kosmetiki-nuance-et","10":"pa_reshenie-problem-ebauhtlane-nahatoon","11":"pa_reshenie-problem-vahenenud-elastsus","12":"pa_reshenie-problem-vananemise-margid","13":"pa_tip-kozi-koik-nahatuubid-et","14":"pa_tip-kozi-kombi-et","15":"pa_tip-kozi-kuiv-et","16":"pa_tip-kozi-normaalne-et","17":"pa_tip-kozi-rasvane-et","18":"pa_tip-preparata-kreem","19":"pa_vremja-primenenija-oine","20":"pa_vremja-primenenija-paev-oo","21":"pa_vremja-primenenija-paevane","23":"first","24":"instock","25":"taxable","26":"shipping-taxable","27":"purchasable","28":"product-type-simple"},"yoast_head":"<!-- This site is optimized with the Yoast SEO plugin v27.5 - https:\/\/yoast.com\/product\/yoast-seo-wordpress\/ -->\n<title>NUANCE Intensiivne kreem kaela naha elastsuse taastamiseks 50 ml CHR873 - Christinakosmeetika<\/title>\n<meta name=\"description\" content=\"Intensiivne kreem kaela ja dekoltee naha prinkuse ja elastsuse taastamiseks. Kreem on suunatud s\u00fcgavate kortsude silumisele, naha l\u00f5tvuse v\u00e4hendamisele ja pigmendilaikude leevendamisele.\" \/>\n<meta name=\"robots\" content=\"index, follow, max-snippet:-1, max-image-preview:large, max-video-preview:-1\" \/>\n<link rel=\"canonical\" href=\"https:\/\/christinakosmeetika.ee\/product\/nuance-advanced-firming-neck-cream\/\" \/>\n<meta property=\"og:locale\" content=\"et_EE\" \/>\n<meta property=\"og:type\" content=\"article\" \/>\n<meta property=\"og:title\" content=\"NUANCE Intensiivne kreem kaela naha elastsuse taastamiseks 50 ml CHR873 - Christinakosmeetika\" \/>\n<meta property=\"og:description\" content=\"Intensiivne kreem kaela ja dekoltee naha prinkuse ja elastsuse taastamiseks. Kreem on suunatud s\u00fcgavate kortsude silumisele, naha l\u00f5tvuse v\u00e4hendamisele ja pigmendilaikude leevendamisele.\" \/>\n<meta property=\"og:url\" content=\"https:\/\/christinakosmeetika.ee\/product\/nuance-advanced-firming-neck-cream\/\" \/>\n<meta property=\"og:site_name\" content=\"Christinakosmeetika\" \/>\n<meta property=\"article:modified_time\" content=\"2026-04-15T12:55:02+00:00\" \/>\n<meta property=\"og:image\" content=\"https:\/\/christinakosmeetika.ee\/wp-content\/uploads\/2025\/01\/Nuance-Advanced-Firming-Neck-Cream.png\" \/>\n\t<meta property=\"og:image:width\" content=\"1080\" \/>\n\t<meta property=\"og:image:height\" content=\"1080\" \/>\n\t<meta property=\"og:image:type\" content=\"image\/png\" \/>\n<meta name=\"twitter:card\" content=\"summary_large_image\" \/>\n<meta name=\"twitter:label1\" content=\"Est. reading time\" \/>\n\t<meta name=\"twitter:data1\" content=\"2 minutit\" \/>\n<script type=\"application\/ld+json\" class=\"yoast-schema-graph\">{\"@context\":\"https:\\\/\\\/schema.org\",\"@graph\":[{\"@type\":\"WebPage\",\"@id\":\"https:\\\/\\\/christinakosmeetika.ee\\\/product\\\/nuance-advanced-firming-neck-cream\\\/\",\"url\":\"https:\\\/\\\/christinakosmeetika.ee\\\/product\\\/nuance-advanced-firming-neck-cream\\\/\",\"name\":\"NUANCE Intensiivne kreem kaela naha elastsuse taastamiseks 50 ml CHR873 - Christinakosmeetika\",\"isPartOf\":{\"@id\":\"https:\\\/\\\/christinakosmeetika.ee\\\/#website\"},\"primaryImageOfPage\":{\"@id\":\"https:\\\/\\\/christinakosmeetika.ee\\\/product\\\/nuance-advanced-firming-neck-cream\\\/#primaryimage\"},\"image\":{\"@id\":\"https:\\\/\\\/christinakosmeetika.ee\\\/product\\\/nuance-advanced-firming-neck-cream\\\/#primaryimage\"},\"thumbnailUrl\":\"https:\\\/\\\/christinakosmeetika.ee\\\/wp-content\\\/uploads\\\/2025\\\/01\\\/Nuance-Advanced-Firming-Neck-Cream.png\",\"datePublished\":\"2025-01-12T11:53:22+00:00\",\"dateModified\":\"2026-04-15T12:55:02+00:00\",\"description\":\"Intensiivne kreem kaela ja dekoltee naha prinkuse ja elastsuse taastamiseks. Kreem on suunatud s\u00fcgavate kortsude silumisele, naha l\u00f5tvuse v\u00e4hendamisele ja pigmendilaikude leevendamisele.\",\"breadcrumb\":{\"@id\":\"https:\\\/\\\/christinakosmeetika.ee\\\/product\\\/nuance-advanced-firming-neck-cream\\\/#breadcrumb\"},\"inLanguage\":\"et\",\"potentialAction\":[{\"@type\":\"ReadAction\",\"target\":[\"https:\\\/\\\/christinakosmeetika.ee\\\/product\\\/nuance-advanced-firming-neck-cream\\\/\"]}]},{\"@type\":\"ImageObject\",\"inLanguage\":\"et\",\"@id\":\"https:\\\/\\\/christinakosmeetika.ee\\\/product\\\/nuance-advanced-firming-neck-cream\\\/#primaryimage\",\"url\":\"https:\\\/\\\/christinakosmeetika.ee\\\/wp-content\\\/uploads\\\/2025\\\/01\\\/Nuance-Advanced-Firming-Neck-Cream.png\",\"contentUrl\":\"https:\\\/\\\/christinakosmeetika.ee\\\/wp-content\\\/uploads\\\/2025\\\/01\\\/Nuance-Advanced-Firming-Neck-Cream.png\",\"width\":1080,\"height\":1080},{\"@type\":\"BreadcrumbList\",\"@id\":\"https:\\\/\\\/christinakosmeetika.ee\\\/product\\\/nuance-advanced-firming-neck-cream\\\/#breadcrumb\",\"itemListElement\":[{\"@type\":\"ListItem\",\"position\":1,\"name\":\"\u0413\u043b\u0430\u0432\u043d\u0430\u044f \u0441\u0442\u0440\u0430\u043d\u0438\u0446\u0430\",\"item\":\"https:\\\/\\\/christinakosmeetika.ee\\\/et\\\/\"},{\"@type\":\"ListItem\",\"position\":2,\"name\":\"Pood\",\"item\":\"https:\\\/\\\/christinakosmeetika.ee\\\/et\\\/shop\\\/\"},{\"@type\":\"ListItem\",\"position\":3,\"name\":\"NUANCE Intensiivne kreem kaela naha elastsuse taastamiseks 50 ml CHR873\"}]},{\"@type\":\"WebSite\",\"@id\":\"https:\\\/\\\/christinakosmeetika.ee\\\/#website\",\"url\":\"https:\\\/\\\/christinakosmeetika.ee\\\/\",\"name\":\"Christinakosmeetika\",\"description\":\"Christina kosmeetika Eestis\",\"alternateName\":\"Christina kosmeetika Eestis\",\"potentialAction\":[{\"@type\":\"SearchAction\",\"target\":{\"@type\":\"EntryPoint\",\"urlTemplate\":\"https:\\\/\\\/christinakosmeetika.ee\\\/?s={search_term_string}\"},\"query-input\":{\"@type\":\"PropertyValueSpecification\",\"valueRequired\":true,\"valueName\":\"search_term_string\"}}],\"inLanguage\":\"et\"}]}<\/script>\n<!-- \/ Yoast SEO plugin. -->","yoast_head_json":{"title":"NUANCE Intensiivne kreem kaela naha elastsuse taastamiseks 50 ml CHR873 - Christinakosmeetika","description":"Intensiivne kreem kaela ja dekoltee naha prinkuse ja elastsuse taastamiseks. Kreem on suunatud s\u00fcgavate kortsude silumisele, naha l\u00f5tvuse v\u00e4hendamisele ja pigmendilaikude leevendamisele.","robots":{"index":"index","follow":"follow","max-snippet":"max-snippet:-1","max-image-preview":"max-image-preview:large","max-video-preview":"max-video-preview:-1"},"canonical":"https:\/\/christinakosmeetika.ee\/product\/nuance-advanced-firming-neck-cream\/","og_locale":"et_EE","og_type":"article","og_title":"NUANCE Intensiivne kreem kaela naha elastsuse taastamiseks 50 ml CHR873 - Christinakosmeetika","og_description":"Intensiivne kreem kaela ja dekoltee naha prinkuse ja elastsuse taastamiseks. Kreem on suunatud s\u00fcgavate kortsude silumisele, naha l\u00f5tvuse v\u00e4hendamisele ja pigmendilaikude leevendamisele.","og_url":"https:\/\/christinakosmeetika.ee\/product\/nuance-advanced-firming-neck-cream\/","og_site_name":"Christinakosmeetika","article_modified_time":"2026-04-15T12:55:02+00:00","og_image":[{"width":1080,"height":1080,"url":"https:\/\/christinakosmeetika.ee\/wp-content\/uploads\/2025\/01\/Nuance-Advanced-Firming-Neck-Cream.png","type":"image\/png"}],"twitter_card":"summary_large_image","twitter_misc":{"Est. reading time":"2 minutit"},"schema":{"@context":"https:\/\/schema.org","@graph":[{"@type":"WebPage","@id":"https:\/\/christinakosmeetika.ee\/product\/nuance-advanced-firming-neck-cream\/","url":"https:\/\/christinakosmeetika.ee\/product\/nuance-advanced-firming-neck-cream\/","name":"NUANCE Intensiivne kreem kaela naha elastsuse taastamiseks 50 ml CHR873 - Christinakosmeetika","isPartOf":{"@id":"https:\/\/christinakosmeetika.ee\/#website"},"primaryImageOfPage":{"@id":"https:\/\/christinakosmeetika.ee\/product\/nuance-advanced-firming-neck-cream\/#primaryimage"},"image":{"@id":"https:\/\/christinakosmeetika.ee\/product\/nuance-advanced-firming-neck-cream\/#primaryimage"},"thumbnailUrl":"https:\/\/christinakosmeetika.ee\/wp-content\/uploads\/2025\/01\/Nuance-Advanced-Firming-Neck-Cream.png","datePublished":"2025-01-12T11:53:22+00:00","dateModified":"2026-04-15T12:55:02+00:00","description":"Intensiivne kreem kaela ja dekoltee naha prinkuse ja elastsuse taastamiseks. Kreem on suunatud s\u00fcgavate kortsude silumisele, naha l\u00f5tvuse v\u00e4hendamisele ja pigmendilaikude leevendamisele.","breadcrumb":{"@id":"https:\/\/christinakosmeetika.ee\/product\/nuance-advanced-firming-neck-cream\/#breadcrumb"},"inLanguage":"et","potentialAction":[{"@type":"ReadAction","target":["https:\/\/christinakosmeetika.ee\/product\/nuance-advanced-firming-neck-cream\/"]}]},{"@type":"ImageObject","inLanguage":"et","@id":"https:\/\/christinakosmeetika.ee\/product\/nuance-advanced-firming-neck-cream\/#primaryimage","url":"https:\/\/christinakosmeetika.ee\/wp-content\/uploads\/2025\/01\/Nuance-Advanced-Firming-Neck-Cream.png","contentUrl":"https:\/\/christinakosmeetika.ee\/wp-content\/uploads\/2025\/01\/Nuance-Advanced-Firming-Neck-Cream.png","width":1080,"height":1080},{"@type":"BreadcrumbList","@id":"https:\/\/christinakosmeetika.ee\/product\/nuance-advanced-firming-neck-cream\/#breadcrumb","itemListElement":[{"@type":"ListItem","position":1,"name":"\u0413\u043b\u0430\u0432\u043d\u0430\u044f \u0441\u0442\u0440\u0430\u043d\u0438\u0446\u0430","item":"https:\/\/christinakosmeetika.ee\/et\/"},{"@type":"ListItem","position":2,"name":"Pood","item":"https:\/\/christinakosmeetika.ee\/et\/shop\/"},{"@type":"ListItem","position":3,"name":"NUANCE Intensiivne kreem kaela naha elastsuse taastamiseks 50 ml CHR873"}]},{"@type":"WebSite","@id":"https:\/\/christinakosmeetika.ee\/#website","url":"https:\/\/christinakosmeetika.ee\/","name":"Christinakosmeetika","description":"Christina kosmeetika Eestis","alternateName":"Christina kosmeetika Eestis","potentialAction":[{"@type":"SearchAction","target":{"@type":"EntryPoint","urlTemplate":"https:\/\/christinakosmeetika.ee\/?s={search_term_string}"},"query-input":{"@type":"PropertyValueSpecification","valueRequired":true,"valueName":"search_term_string"}}],"inLanguage":"et"}]}},"_links":{"self":[{"href":"https:\/\/christinakosmeetika.ee\/et\/wp-json\/wp\/v2\/product\/7603","targetHints":{"allow":["GET"]}}],"collection":[{"href":"https:\/\/christinakosmeetika.ee\/et\/wp-json\/wp\/v2\/product"}],"about":[{"href":"https:\/\/christinakosmeetika.ee\/et\/wp-json\/wp\/v2\/types\/product"}],"wp:featuredmedia":[{"embeddable":true,"href":"https:\/\/christinakosmeetika.ee\/et\/wp-json\/wp\/v2\/media\/7562"}],"wp:attachment":[{"href":"https:\/\/christinakosmeetika.ee\/et\/wp-json\/wp\/v2\/media?parent=7603"}],"wp:term":[{"taxonomy":"product_brand","embeddable":true,"href":"https:\/\/christinakosmeetika.ee\/et\/wp-json\/wp\/v2\/product_brand?post=7603"},{"taxonomy":"product_cat","embeddable":true,"href":"https:\/\/christinakosmeetika.ee\/et\/wp-json\/wp\/v2\/product_cat?post=7603"},{"taxonomy":"product_tag","embeddable":true,"href":"https:\/\/christinakosmeetika.ee\/et\/wp-json\/wp\/v2\/product_tag?post=7603"}],"curies":[{"name":"wp","href":"https:\/\/api.w.org\/{rel}","templated":true}]}}