{"id":7602,"date":"2025-01-12T09:03:40","date_gmt":"2025-01-12T09:03:40","guid":{"rendered":"https:\/\/christinakosmeetika.ee\/product\/nuance-absolute-immortelle\/"},"modified":"2026-04-15T15:50:48","modified_gmt":"2026-04-15T12:50:48","slug":"nuance-absolute-immortelle","status":"publish","type":"product","link":"https:\/\/christinakosmeetika.ee\/et\/toode\/nuance-absolute-immortelle\/","title":{"rendered":"NUANCE Immortelle Revitalizing Serum 30ml CHR860"},"content":{"rendered":"<p><strong>Christina NUANCE Absolute Immortelle Serum<\/strong> on m\u00f5eldud k\u00fcpse naha igak\u00fclgseks hoolduseks, keskendudes taastamisele, noorendamisele ja elastsuse suurendamisele. See toode aitab v\u00e4hendada kortsude n\u00e4htavust, parandab naha tekstuuri, v\u00f5itleb tuhmuse ja elastsuse kadumisega. Ideaalne v\u00e4simusm\u00e4rkide k\u00f5rvaldamiseks, naha loomuliku s\u00e4ra taastamiseks ja kaitsebarj\u00e4\u00e4ri tugevdamiseks.<\/p>\n<p>T\u00e4nu aktiivsetele koostisosadele, nagu immortelle-ekstrakt ja h\u00fcaluroonhape, niisutab seerum nahka intensiivselt, tugevdab selle kaitsefunktsioone ja v\u00e4hendab vananemism\u00e4rke. Peptiidide kompleks silub kortse ja parandab naha tekstuuri, samas kui antioks\u00fcdandid kaitsevad nahka keskkonnam\u00f5jude eest. Seerum \u00fchtlustab naha tooni, muutes selle s\u00e4ravamaks ja tervemaks.<\/p>\n<p><strong>Peamised toimed:<\/strong><\/p>\n<ul>\n<li>Niisutab ja toidab nahka, k\u00f5rvaldades kuivuse.<\/li>\n<li>Suurendab naha elastsust ja tugevust.<\/li>\n<li>V\u00e4hendab peente joonte ja kortsude n\u00e4htavust.<\/li>\n<li>Pakub antioks\u00fcdantset kaitset, ennetades enneaegset vananemist.<\/li>\n<\/ul>\n<p><strong>Kasutusjuhend:<\/strong><br \/>\nKandke seerum hommikul ja\/v\u00f5i \u00f5htul puhastatud n\u00e4o- ja kaelanahale. Masseerige \u00f5rnalt, kuni toode on t\u00e4ielikult imendunud.<\/p>\n<p><strong>Koostis:<\/strong><\/p>\n<div class=\"page\" title=\"Page 1\">\n<div class=\"section\">\n<div class=\"layoutArea\">\n<div class=\"column\">\n<p>Caprylic\/Capric Triglyceride, Hydrogenated Polyisobutene, Prunus Amygdalus Dulcis (Sweet Almond) Oil, Squalane, Pentylene Glycol, Ascorbyl Tetraisopalmitate, Vitis Vinifera (Grape) Seed Oil, Dimethyl Isosorbide, Phenoxyethanol, Tocopheryl Acetate, Caprylyl Glycol, Hydroxypinacolone Retinoate, Ethylhexylglycerin, Sorbitan Trioleate, Helichrysum Italicum Flower\/Leaf\/Stem Oil, Apium Graveolens (Celery) Root\/Seed Extract, Linum Usitatissimum(Linseed) Seed Extract.<\/p>\n<\/div>\n<\/div>\n<\/div>\n<\/div>\n","protected":false},"excerpt":{"rendered":"<h3 class=\"product_title entry-title\">NUANCE Absolute Immortelle<\/h3>\n","protected":false},"featured_media":7547,"template":"","meta":[],"product_brand":[],"product_cat":[486,182],"product_tag":[],"class_list":{"0":"post-7602","1":"product","2":"type-product","3":"status-publish","4":"has-post-thumbnail","6":"product_cat-nuance-et","7":"product_cat-seerum","8":"product_shipping_class-smart-itella-post","9":"pa_linii-kosmetiki-nuance-et","10":"pa_reshenie-problem-ebauhtlane-nahatoon","11":"pa_reshenie-problem-vahenenud-elastsus","12":"pa_reshenie-problem-vananemise-margid","13":"pa_tip-kozi-koik-nahatuubid-et","14":"pa_tip-kozi-kombi-et","15":"pa_tip-kozi-kuiv-et","16":"pa_tip-kozi-normaalne-et","17":"pa_tip-kozi-rasvane-et","18":"pa_tip-preparata-seerum","19":"pa_vremja-primenenija-oine","21":"first","22":"instock","23":"taxable","24":"shipping-taxable","25":"purchasable","26":"product-type-simple"},"yoast_head":"<!-- This site is optimized with the Yoast SEO plugin v27.5 - https:\/\/yoast.com\/product\/yoast-seo-wordpress\/ -->\n<title>NUANCE Immortelle Revitalizing Serum 30ml CHR860 - Christinakosmeetika<\/title>\n<meta name=\"description\" content=\"NUANCE Absolute Immortelle on m\u00f5eldud k\u00fcpse naha terviklikuks hoolduseks, mis on suunatud naha taastamisele, noorendamisele ja elastsuse suurendamisele.\" \/>\n<meta name=\"robots\" content=\"index, follow, max-snippet:-1, max-image-preview:large, max-video-preview:-1\" \/>\n<link rel=\"canonical\" href=\"https:\/\/christinakosmeetika.ee\/product\/nuance-absolute-immortelle\/\" \/>\n<meta property=\"og:locale\" content=\"et_EE\" \/>\n<meta property=\"og:type\" content=\"article\" \/>\n<meta property=\"og:title\" content=\"NUANCE Immortelle Revitalizing Serum 30ml CHR860 - Christinakosmeetika\" \/>\n<meta property=\"og:description\" content=\"NUANCE Absolute Immortelle on m\u00f5eldud k\u00fcpse naha terviklikuks hoolduseks, mis on suunatud naha taastamisele, noorendamisele ja elastsuse suurendamisele.\" \/>\n<meta property=\"og:url\" content=\"https:\/\/christinakosmeetika.ee\/product\/nuance-absolute-immortelle\/\" \/>\n<meta property=\"og:site_name\" content=\"Christinakosmeetika\" \/>\n<meta property=\"article:modified_time\" content=\"2026-04-15T12:50:48+00:00\" \/>\n<meta property=\"og:image\" content=\"https:\/\/christinakosmeetika.ee\/wp-content\/uploads\/2025\/01\/Nuance-Absolute-Immortelle.png\" \/>\n\t<meta property=\"og:image:width\" content=\"1080\" \/>\n\t<meta property=\"og:image:height\" content=\"1080\" \/>\n\t<meta property=\"og:image:type\" content=\"image\/png\" \/>\n<meta name=\"twitter:card\" content=\"summary_large_image\" \/>\n<meta name=\"twitter:label1\" content=\"Est. reading time\" \/>\n\t<meta name=\"twitter:data1\" content=\"1 minut\" \/>\n<script type=\"application\/ld+json\" class=\"yoast-schema-graph\">{\"@context\":\"https:\\\/\\\/schema.org\",\"@graph\":[{\"@type\":\"WebPage\",\"@id\":\"https:\\\/\\\/christinakosmeetika.ee\\\/product\\\/nuance-absolute-immortelle\\\/\",\"url\":\"https:\\\/\\\/christinakosmeetika.ee\\\/product\\\/nuance-absolute-immortelle\\\/\",\"name\":\"NUANCE Immortelle Revitalizing Serum 30ml CHR860 - Christinakosmeetika\",\"isPartOf\":{\"@id\":\"https:\\\/\\\/christinakosmeetika.ee\\\/#website\"},\"primaryImageOfPage\":{\"@id\":\"https:\\\/\\\/christinakosmeetika.ee\\\/product\\\/nuance-absolute-immortelle\\\/#primaryimage\"},\"image\":{\"@id\":\"https:\\\/\\\/christinakosmeetika.ee\\\/product\\\/nuance-absolute-immortelle\\\/#primaryimage\"},\"thumbnailUrl\":\"https:\\\/\\\/christinakosmeetika.ee\\\/wp-content\\\/uploads\\\/2025\\\/01\\\/Nuance-Absolute-Immortelle.png\",\"datePublished\":\"2025-01-12T09:03:40+00:00\",\"dateModified\":\"2026-04-15T12:50:48+00:00\",\"description\":\"NUANCE Absolute Immortelle on m\u00f5eldud k\u00fcpse naha terviklikuks hoolduseks, mis on suunatud naha taastamisele, noorendamisele ja elastsuse suurendamisele.\",\"breadcrumb\":{\"@id\":\"https:\\\/\\\/christinakosmeetika.ee\\\/product\\\/nuance-absolute-immortelle\\\/#breadcrumb\"},\"inLanguage\":\"et\",\"potentialAction\":[{\"@type\":\"ReadAction\",\"target\":[\"https:\\\/\\\/christinakosmeetika.ee\\\/product\\\/nuance-absolute-immortelle\\\/\"]}]},{\"@type\":\"ImageObject\",\"inLanguage\":\"et\",\"@id\":\"https:\\\/\\\/christinakosmeetika.ee\\\/product\\\/nuance-absolute-immortelle\\\/#primaryimage\",\"url\":\"https:\\\/\\\/christinakosmeetika.ee\\\/wp-content\\\/uploads\\\/2025\\\/01\\\/Nuance-Absolute-Immortelle.png\",\"contentUrl\":\"https:\\\/\\\/christinakosmeetika.ee\\\/wp-content\\\/uploads\\\/2025\\\/01\\\/Nuance-Absolute-Immortelle.png\",\"width\":1080,\"height\":1080},{\"@type\":\"BreadcrumbList\",\"@id\":\"https:\\\/\\\/christinakosmeetika.ee\\\/product\\\/nuance-absolute-immortelle\\\/#breadcrumb\",\"itemListElement\":[{\"@type\":\"ListItem\",\"position\":1,\"name\":\"\u0413\u043b\u0430\u0432\u043d\u0430\u044f \u0441\u0442\u0440\u0430\u043d\u0438\u0446\u0430\",\"item\":\"https:\\\/\\\/christinakosmeetika.ee\\\/et\\\/\"},{\"@type\":\"ListItem\",\"position\":2,\"name\":\"Pood\",\"item\":\"https:\\\/\\\/christinakosmeetika.ee\\\/et\\\/shop\\\/\"},{\"@type\":\"ListItem\",\"position\":3,\"name\":\"NUANCE Immortelle Revitalizing Serum 30ml CHR860\"}]},{\"@type\":\"WebSite\",\"@id\":\"https:\\\/\\\/christinakosmeetika.ee\\\/#website\",\"url\":\"https:\\\/\\\/christinakosmeetika.ee\\\/\",\"name\":\"Christinakosmeetika\",\"description\":\"Christina kosmeetika Eestis\",\"alternateName\":\"Christina kosmeetika Eestis\",\"potentialAction\":[{\"@type\":\"SearchAction\",\"target\":{\"@type\":\"EntryPoint\",\"urlTemplate\":\"https:\\\/\\\/christinakosmeetika.ee\\\/?s={search_term_string}\"},\"query-input\":{\"@type\":\"PropertyValueSpecification\",\"valueRequired\":true,\"valueName\":\"search_term_string\"}}],\"inLanguage\":\"et\"}]}<\/script>\n<!-- \/ Yoast SEO plugin. -->","yoast_head_json":{"title":"NUANCE Immortelle Revitalizing Serum 30ml CHR860 - Christinakosmeetika","description":"NUANCE Absolute Immortelle on m\u00f5eldud k\u00fcpse naha terviklikuks hoolduseks, mis on suunatud naha taastamisele, noorendamisele ja elastsuse suurendamisele.","robots":{"index":"index","follow":"follow","max-snippet":"max-snippet:-1","max-image-preview":"max-image-preview:large","max-video-preview":"max-video-preview:-1"},"canonical":"https:\/\/christinakosmeetika.ee\/product\/nuance-absolute-immortelle\/","og_locale":"et_EE","og_type":"article","og_title":"NUANCE Immortelle Revitalizing Serum 30ml CHR860 - Christinakosmeetika","og_description":"NUANCE Absolute Immortelle on m\u00f5eldud k\u00fcpse naha terviklikuks hoolduseks, mis on suunatud naha taastamisele, noorendamisele ja elastsuse suurendamisele.","og_url":"https:\/\/christinakosmeetika.ee\/product\/nuance-absolute-immortelle\/","og_site_name":"Christinakosmeetika","article_modified_time":"2026-04-15T12:50:48+00:00","og_image":[{"width":1080,"height":1080,"url":"https:\/\/christinakosmeetika.ee\/wp-content\/uploads\/2025\/01\/Nuance-Absolute-Immortelle.png","type":"image\/png"}],"twitter_card":"summary_large_image","twitter_misc":{"Est. reading time":"1 minut"},"schema":{"@context":"https:\/\/schema.org","@graph":[{"@type":"WebPage","@id":"https:\/\/christinakosmeetika.ee\/product\/nuance-absolute-immortelle\/","url":"https:\/\/christinakosmeetika.ee\/product\/nuance-absolute-immortelle\/","name":"NUANCE Immortelle Revitalizing Serum 30ml CHR860 - Christinakosmeetika","isPartOf":{"@id":"https:\/\/christinakosmeetika.ee\/#website"},"primaryImageOfPage":{"@id":"https:\/\/christinakosmeetika.ee\/product\/nuance-absolute-immortelle\/#primaryimage"},"image":{"@id":"https:\/\/christinakosmeetika.ee\/product\/nuance-absolute-immortelle\/#primaryimage"},"thumbnailUrl":"https:\/\/christinakosmeetika.ee\/wp-content\/uploads\/2025\/01\/Nuance-Absolute-Immortelle.png","datePublished":"2025-01-12T09:03:40+00:00","dateModified":"2026-04-15T12:50:48+00:00","description":"NUANCE Absolute Immortelle on m\u00f5eldud k\u00fcpse naha terviklikuks hoolduseks, mis on suunatud naha taastamisele, noorendamisele ja elastsuse suurendamisele.","breadcrumb":{"@id":"https:\/\/christinakosmeetika.ee\/product\/nuance-absolute-immortelle\/#breadcrumb"},"inLanguage":"et","potentialAction":[{"@type":"ReadAction","target":["https:\/\/christinakosmeetika.ee\/product\/nuance-absolute-immortelle\/"]}]},{"@type":"ImageObject","inLanguage":"et","@id":"https:\/\/christinakosmeetika.ee\/product\/nuance-absolute-immortelle\/#primaryimage","url":"https:\/\/christinakosmeetika.ee\/wp-content\/uploads\/2025\/01\/Nuance-Absolute-Immortelle.png","contentUrl":"https:\/\/christinakosmeetika.ee\/wp-content\/uploads\/2025\/01\/Nuance-Absolute-Immortelle.png","width":1080,"height":1080},{"@type":"BreadcrumbList","@id":"https:\/\/christinakosmeetika.ee\/product\/nuance-absolute-immortelle\/#breadcrumb","itemListElement":[{"@type":"ListItem","position":1,"name":"\u0413\u043b\u0430\u0432\u043d\u0430\u044f \u0441\u0442\u0440\u0430\u043d\u0438\u0446\u0430","item":"https:\/\/christinakosmeetika.ee\/et\/"},{"@type":"ListItem","position":2,"name":"Pood","item":"https:\/\/christinakosmeetika.ee\/et\/shop\/"},{"@type":"ListItem","position":3,"name":"NUANCE Immortelle Revitalizing Serum 30ml CHR860"}]},{"@type":"WebSite","@id":"https:\/\/christinakosmeetika.ee\/#website","url":"https:\/\/christinakosmeetika.ee\/","name":"Christinakosmeetika","description":"Christina kosmeetika Eestis","alternateName":"Christina kosmeetika Eestis","potentialAction":[{"@type":"SearchAction","target":{"@type":"EntryPoint","urlTemplate":"https:\/\/christinakosmeetika.ee\/?s={search_term_string}"},"query-input":{"@type":"PropertyValueSpecification","valueRequired":true,"valueName":"search_term_string"}}],"inLanguage":"et"}]}},"_links":{"self":[{"href":"https:\/\/christinakosmeetika.ee\/et\/wp-json\/wp\/v2\/product\/7602","targetHints":{"allow":["GET"]}}],"collection":[{"href":"https:\/\/christinakosmeetika.ee\/et\/wp-json\/wp\/v2\/product"}],"about":[{"href":"https:\/\/christinakosmeetika.ee\/et\/wp-json\/wp\/v2\/types\/product"}],"wp:featuredmedia":[{"embeddable":true,"href":"https:\/\/christinakosmeetika.ee\/et\/wp-json\/wp\/v2\/media\/7547"}],"wp:attachment":[{"href":"https:\/\/christinakosmeetika.ee\/et\/wp-json\/wp\/v2\/media?parent=7602"}],"wp:term":[{"taxonomy":"product_brand","embeddable":true,"href":"https:\/\/christinakosmeetika.ee\/et\/wp-json\/wp\/v2\/product_brand?post=7602"},{"taxonomy":"product_cat","embeddable":true,"href":"https:\/\/christinakosmeetika.ee\/et\/wp-json\/wp\/v2\/product_cat?post=7602"},{"taxonomy":"product_tag","embeddable":true,"href":"https:\/\/christinakosmeetika.ee\/et\/wp-json\/wp\/v2\/product_tag?post=7602"}],"curies":[{"name":"wp","href":"https:\/\/api.w.org\/{rel}","templated":true}]}}