{"id":7601,"date":"2025-01-12T14:16:54","date_gmt":"2025-01-12T14:16:54","guid":{"rendered":"https:\/\/christinakosmeetika.ee\/product\/nuance-shine-bright-radiance-enhancer\/"},"modified":"2026-04-15T15:58:19","modified_gmt":"2026-04-15T12:58:19","slug":"nuance-shine-bright-radiance-enhancer","status":"publish","type":"product","link":"https:\/\/christinakosmeetika.ee\/et\/toode\/nuance-shine-bright-radiance-enhancer\/","title":{"rendered":"NUANCE Uuendav kreem &#8220;INTENSIIVNE S\u00c4RA&#8221; 50 ml CHR858"},"content":{"rendered":"<p><strong>NUANCE Shine Bright Radiance Enhancer \u2014 Uuendav kreem &#8220;Intensiivne S\u00e4ra&#8221;<\/strong><\/p>\n<p>Uuendav kreem on loodud naha tooni \u00fchtlustamiseks, s\u00e4ra taastamiseks ja tuhmuse vastu v\u00f5itlemiseks. T\u00e4nu gl\u00fckool-, piim- ja traneksaamhapete kombinatsioonile uuendab see t\u00f5husalt nahka, v\u00e4hendab pigmentatsiooni ja vananemism\u00e4rke. Taimsed ekstraktid rahustavad nahka, pakuvad antioks\u00fcdantset kaitset, ahendavad poore ja leevendavad punetust, andes nahale v\u00e4rske ja s\u00e4rava v\u00e4limuse.<\/p>\n<p><strong>Peamised aktiivsed komponendid ja nende toime:<\/strong><\/p>\n<ul>\n<li><strong>Gl\u00fckoolhape:<\/strong> Tagab s\u00fcgava raku uuenemise ja parandab naha tekstuuri.<\/li>\n<li><strong>Piimhape:<\/strong> \u00d5rnalt koorib, niisutab ja stimuleerib kollageeni tootmist.<\/li>\n<li><strong>Traneksaamhape:<\/strong> V\u00f5itleb h\u00fcperpigmentatsiooni vastu ja v\u00e4hendab p\u00f5letikke.<\/li>\n<li><strong>Vaarikaekstrakt:<\/strong> Rikas antioks\u00fcdantide poolest, tugevdab ja kaitseb nahka.<\/li>\n<li><strong>Granaat\u00f5unaekstrakt:<\/strong> Parandab naha toonust ja pakub vananemisvastast kaitset.<\/li>\n<li><strong>Kummel:<\/strong> Rahustab nahka, v\u00e4hendab punetust ja \u00e4rritust.<\/li>\n<li><strong>Resveratrool:<\/strong> Kaitseb nahka vabade radikaalide eest ja aeglustab vananemisprotsesse.<\/li>\n<\/ul>\n<p><strong>Peamised toimed:<\/strong><\/p>\n<ul>\n<li>\u00dchtlustab naha tooni ja tekstuuri.<\/li>\n<li>V\u00e4hendab tuhmust ja annab nahale s\u00e4rava ilme.<\/li>\n<li>V\u00e4hendab pigmentatsiooni ja vananemism\u00e4rke.<\/li>\n<li>Ahendab poore, rahustab ja kaitseb nahka.<\/li>\n<\/ul>\n<p><strong>Kasutusjuhend:<\/strong><br \/>\nKandke v\u00e4ike kogus kreemi puhastatud n\u00e4ole, kaelale ja dekolteepiirkonnale. Jaotage \u00fchtlaselt m\u00f6\u00f6da massaa\u017eijooni, kuni kreem on t\u00e4ielikult imendunud. Kasutage 1\u20132 korda n\u00e4dalas \u00f5htuti.<\/p>\n<p><strong>pH:<\/strong> 3.6\u20134.5<\/p>\n<p><strong>Koostis:<\/strong><\/p>\n<p>Water (Aqua), Glycolic Acid, Glycerin, Cetearyl Alcohol, Hydrogenated Polyisobutene, Lactic Acid, PEG-100 Stearate, Glyceryl Stearate, Pentylene Glycol, Tranexamic Acid, Cetyl Palmitate, Chamomilla Recutita (Matricaria) Flower Water, Sodium Hydroxide, Phenyl Trimethicone, Cetearyl Glucoside, Phenoxyethanol, Butylene Glycol, Hydroxyethylcellulose, Dimethicone, SD Alcohol 40, Caprylyl Glycol, Tocopheryl Acetate, Sodium Phytate, Ethylhexylglycerin, Punica Granatum Fruit Extract, Fragrance (Parfum), Rubus Idaeus (Raspberry) Fruit Extract, Glucose, Tetramethyl Acetyloctahydronaphthalenes, Hexamethylindanopyran, Sodium Benzoate, Hexyl Cinnamal, Maltodextrin, Resveratrol, Potassium Sorbate, Linalyl Acetate, Limonene, Citric Acid, Citronellol, Dimethyl Phenethyl Acetate, Benzyl Salicylate, Alpha-Isomethyl Ionone, Citrus Aurantium Peel Oil, Sorbic Acid, Pinene.<\/p>\n","protected":false},"excerpt":{"rendered":"<h3 class=\"product_title entry-title\">NUANCE Shine Bright Radiance Enhancer<\/h3>\n","protected":false},"featured_media":7574,"template":"","meta":[],"product_brand":[],"product_cat":[149,486],"product_tag":[],"class_list":{"0":"post-7601","1":"product","2":"type-product","3":"status-publish","4":"has-post-thumbnail","6":"product_cat-kreem","7":"product_cat-nuance-et","8":"product_shipping_class-smart-itella-post","9":"pa_linii-kosmetiki-nuance-et","10":"pa_reshenie-problem-ebauhtlane-nahatekstuur","11":"pa_reshenie-problem-ebauhtlane-nahatoon","12":"pa_reshenie-problem-pigmentatsioon","13":"pa_reshenie-problem-vananemise-margid","14":"pa_tip-kozi-koik-nahatuubid-et","15":"pa_tip-kozi-kombi-et","16":"pa_tip-kozi-kuiv-et","17":"pa_tip-kozi-normaalne-et","18":"pa_tip-kozi-rasvane-et","19":"pa_tip-preparata-kreem","20":"pa_vremja-primenenija-oine","22":"first","23":"instock","24":"taxable","25":"shipping-taxable","26":"purchasable","27":"product-type-simple"},"yoast_head":"<!-- This site is optimized with the Yoast SEO plugin v27.5 - https:\/\/yoast.com\/product\/yoast-seo-wordpress\/ -->\n<title>NUANCE Uuendav kreem &quot;INTENSIIVNE S\u00c4RA&quot; 50 ml CHR858 - Christinakosmeetika<\/title>\n<meta name=\"description\" content=\"Kreem uuendab nahka t\u00f5husalt, v\u00e4hendab pigmentatsiooni ja vananemism\u00e4rke. Kreem naha helendamiseks, nahatooni \u00fchtlustamiseks ja tuhmuse vastu v\u00f5itlemiseks.\" \/>\n<meta name=\"robots\" content=\"index, follow, max-snippet:-1, max-image-preview:large, max-video-preview:-1\" \/>\n<link rel=\"canonical\" href=\"https:\/\/christinakosmeetika.ee\/et\/toode\/nuance-shine-bright-radiance-enhancer\/\" \/>\n<meta property=\"og:locale\" content=\"et_EE\" \/>\n<meta property=\"og:type\" content=\"article\" \/>\n<meta property=\"og:title\" content=\"NUANCE Uuendav kreem &quot;INTENSIIVNE S\u00c4RA&quot; 50 ml CHR858 - Christinakosmeetika\" \/>\n<meta property=\"og:description\" content=\"Kreem uuendab nahka t\u00f5husalt, v\u00e4hendab pigmentatsiooni ja vananemism\u00e4rke. Kreem naha helendamiseks, nahatooni \u00fchtlustamiseks ja tuhmuse vastu v\u00f5itlemiseks.\" \/>\n<meta property=\"og:url\" content=\"https:\/\/christinakosmeetika.ee\/et\/toode\/nuance-shine-bright-radiance-enhancer\/\" \/>\n<meta property=\"og:site_name\" content=\"Christinakosmeetika\" \/>\n<meta property=\"article:modified_time\" content=\"2026-04-15T12:58:19+00:00\" \/>\n<meta property=\"og:image\" content=\"https:\/\/christinakosmeetika.ee\/wp-content\/uploads\/2025\/01\/Nuance-Shine-Bright-Radiance-Enhancer.png\" \/>\n\t<meta property=\"og:image:width\" content=\"1080\" \/>\n\t<meta property=\"og:image:height\" content=\"1080\" \/>\n\t<meta property=\"og:image:type\" content=\"image\/png\" \/>\n<meta name=\"twitter:card\" content=\"summary_large_image\" \/>\n<meta name=\"twitter:label1\" content=\"Est. reading time\" \/>\n\t<meta name=\"twitter:data1\" content=\"1 minut\" \/>\n<script type=\"application\/ld+json\" class=\"yoast-schema-graph\">{\"@context\":\"https:\\\/\\\/schema.org\",\"@graph\":[{\"@type\":\"WebPage\",\"@id\":\"https:\\\/\\\/christinakosmeetika.ee\\\/et\\\/toode\\\/nuance-shine-bright-radiance-enhancer\\\/\",\"url\":\"https:\\\/\\\/christinakosmeetika.ee\\\/et\\\/toode\\\/nuance-shine-bright-radiance-enhancer\\\/\",\"name\":\"NUANCE Uuendav kreem \\\"INTENSIIVNE S\u00c4RA\\\" 50 ml CHR858 - Christinakosmeetika\",\"isPartOf\":{\"@id\":\"https:\\\/\\\/christinakosmeetika.ee\\\/#website\"},\"primaryImageOfPage\":{\"@id\":\"https:\\\/\\\/christinakosmeetika.ee\\\/et\\\/toode\\\/nuance-shine-bright-radiance-enhancer\\\/#primaryimage\"},\"image\":{\"@id\":\"https:\\\/\\\/christinakosmeetika.ee\\\/et\\\/toode\\\/nuance-shine-bright-radiance-enhancer\\\/#primaryimage\"},\"thumbnailUrl\":\"https:\\\/\\\/christinakosmeetika.ee\\\/wp-content\\\/uploads\\\/2025\\\/01\\\/Nuance-Shine-Bright-Radiance-Enhancer.png\",\"datePublished\":\"2025-01-12T14:16:54+00:00\",\"dateModified\":\"2026-04-15T12:58:19+00:00\",\"description\":\"Kreem uuendab nahka t\u00f5husalt, v\u00e4hendab pigmentatsiooni ja vananemism\u00e4rke. Kreem naha helendamiseks, nahatooni \u00fchtlustamiseks ja tuhmuse vastu v\u00f5itlemiseks.\",\"breadcrumb\":{\"@id\":\"https:\\\/\\\/christinakosmeetika.ee\\\/et\\\/toode\\\/nuance-shine-bright-radiance-enhancer\\\/#breadcrumb\"},\"inLanguage\":\"et\",\"potentialAction\":[{\"@type\":\"ReadAction\",\"target\":[\"https:\\\/\\\/christinakosmeetika.ee\\\/et\\\/toode\\\/nuance-shine-bright-radiance-enhancer\\\/\"]}]},{\"@type\":\"ImageObject\",\"inLanguage\":\"et\",\"@id\":\"https:\\\/\\\/christinakosmeetika.ee\\\/et\\\/toode\\\/nuance-shine-bright-radiance-enhancer\\\/#primaryimage\",\"url\":\"https:\\\/\\\/christinakosmeetika.ee\\\/wp-content\\\/uploads\\\/2025\\\/01\\\/Nuance-Shine-Bright-Radiance-Enhancer.png\",\"contentUrl\":\"https:\\\/\\\/christinakosmeetika.ee\\\/wp-content\\\/uploads\\\/2025\\\/01\\\/Nuance-Shine-Bright-Radiance-Enhancer.png\",\"width\":1080,\"height\":1080},{\"@type\":\"BreadcrumbList\",\"@id\":\"https:\\\/\\\/christinakosmeetika.ee\\\/et\\\/toode\\\/nuance-shine-bright-radiance-enhancer\\\/#breadcrumb\",\"itemListElement\":[{\"@type\":\"ListItem\",\"position\":1,\"name\":\"\u0413\u043b\u0430\u0432\u043d\u0430\u044f \u0441\u0442\u0440\u0430\u043d\u0438\u0446\u0430\",\"item\":\"https:\\\/\\\/christinakosmeetika.ee\\\/et\\\/\"},{\"@type\":\"ListItem\",\"position\":2,\"name\":\"Pood\",\"item\":\"https:\\\/\\\/christinakosmeetika.ee\\\/et\\\/shop\\\/\"},{\"@type\":\"ListItem\",\"position\":3,\"name\":\"NUANCE Uuendav kreem &#8220;INTENSIIVNE S\u00c4RA&#8221; 50 ml CHR858\"}]},{\"@type\":\"WebSite\",\"@id\":\"https:\\\/\\\/christinakosmeetika.ee\\\/#website\",\"url\":\"https:\\\/\\\/christinakosmeetika.ee\\\/\",\"name\":\"Christinakosmeetika\",\"description\":\"Christina kosmeetika Eestis\",\"alternateName\":\"Christina kosmeetika Eestis\",\"potentialAction\":[{\"@type\":\"SearchAction\",\"target\":{\"@type\":\"EntryPoint\",\"urlTemplate\":\"https:\\\/\\\/christinakosmeetika.ee\\\/?s={search_term_string}\"},\"query-input\":{\"@type\":\"PropertyValueSpecification\",\"valueRequired\":true,\"valueName\":\"search_term_string\"}}],\"inLanguage\":\"et\"}]}<\/script>\n<!-- \/ Yoast SEO plugin. -->","yoast_head_json":{"title":"NUANCE Uuendav kreem \"INTENSIIVNE S\u00c4RA\" 50 ml CHR858 - Christinakosmeetika","description":"Kreem uuendab nahka t\u00f5husalt, v\u00e4hendab pigmentatsiooni ja vananemism\u00e4rke. Kreem naha helendamiseks, nahatooni \u00fchtlustamiseks ja tuhmuse vastu v\u00f5itlemiseks.","robots":{"index":"index","follow":"follow","max-snippet":"max-snippet:-1","max-image-preview":"max-image-preview:large","max-video-preview":"max-video-preview:-1"},"canonical":"https:\/\/christinakosmeetika.ee\/et\/toode\/nuance-shine-bright-radiance-enhancer\/","og_locale":"et_EE","og_type":"article","og_title":"NUANCE Uuendav kreem \"INTENSIIVNE S\u00c4RA\" 50 ml CHR858 - Christinakosmeetika","og_description":"Kreem uuendab nahka t\u00f5husalt, v\u00e4hendab pigmentatsiooni ja vananemism\u00e4rke. Kreem naha helendamiseks, nahatooni \u00fchtlustamiseks ja tuhmuse vastu v\u00f5itlemiseks.","og_url":"https:\/\/christinakosmeetika.ee\/et\/toode\/nuance-shine-bright-radiance-enhancer\/","og_site_name":"Christinakosmeetika","article_modified_time":"2026-04-15T12:58:19+00:00","og_image":[{"width":1080,"height":1080,"url":"https:\/\/christinakosmeetika.ee\/wp-content\/uploads\/2025\/01\/Nuance-Shine-Bright-Radiance-Enhancer.png","type":"image\/png"}],"twitter_card":"summary_large_image","twitter_misc":{"Est. reading time":"1 minut"},"schema":{"@context":"https:\/\/schema.org","@graph":[{"@type":"WebPage","@id":"https:\/\/christinakosmeetika.ee\/et\/toode\/nuance-shine-bright-radiance-enhancer\/","url":"https:\/\/christinakosmeetika.ee\/et\/toode\/nuance-shine-bright-radiance-enhancer\/","name":"NUANCE Uuendav kreem \"INTENSIIVNE S\u00c4RA\" 50 ml CHR858 - Christinakosmeetika","isPartOf":{"@id":"https:\/\/christinakosmeetika.ee\/#website"},"primaryImageOfPage":{"@id":"https:\/\/christinakosmeetika.ee\/et\/toode\/nuance-shine-bright-radiance-enhancer\/#primaryimage"},"image":{"@id":"https:\/\/christinakosmeetika.ee\/et\/toode\/nuance-shine-bright-radiance-enhancer\/#primaryimage"},"thumbnailUrl":"https:\/\/christinakosmeetika.ee\/wp-content\/uploads\/2025\/01\/Nuance-Shine-Bright-Radiance-Enhancer.png","datePublished":"2025-01-12T14:16:54+00:00","dateModified":"2026-04-15T12:58:19+00:00","description":"Kreem uuendab nahka t\u00f5husalt, v\u00e4hendab pigmentatsiooni ja vananemism\u00e4rke. Kreem naha helendamiseks, nahatooni \u00fchtlustamiseks ja tuhmuse vastu v\u00f5itlemiseks.","breadcrumb":{"@id":"https:\/\/christinakosmeetika.ee\/et\/toode\/nuance-shine-bright-radiance-enhancer\/#breadcrumb"},"inLanguage":"et","potentialAction":[{"@type":"ReadAction","target":["https:\/\/christinakosmeetika.ee\/et\/toode\/nuance-shine-bright-radiance-enhancer\/"]}]},{"@type":"ImageObject","inLanguage":"et","@id":"https:\/\/christinakosmeetika.ee\/et\/toode\/nuance-shine-bright-radiance-enhancer\/#primaryimage","url":"https:\/\/christinakosmeetika.ee\/wp-content\/uploads\/2025\/01\/Nuance-Shine-Bright-Radiance-Enhancer.png","contentUrl":"https:\/\/christinakosmeetika.ee\/wp-content\/uploads\/2025\/01\/Nuance-Shine-Bright-Radiance-Enhancer.png","width":1080,"height":1080},{"@type":"BreadcrumbList","@id":"https:\/\/christinakosmeetika.ee\/et\/toode\/nuance-shine-bright-radiance-enhancer\/#breadcrumb","itemListElement":[{"@type":"ListItem","position":1,"name":"\u0413\u043b\u0430\u0432\u043d\u0430\u044f \u0441\u0442\u0440\u0430\u043d\u0438\u0446\u0430","item":"https:\/\/christinakosmeetika.ee\/et\/"},{"@type":"ListItem","position":2,"name":"Pood","item":"https:\/\/christinakosmeetika.ee\/et\/shop\/"},{"@type":"ListItem","position":3,"name":"NUANCE Uuendav kreem &#8220;INTENSIIVNE S\u00c4RA&#8221; 50 ml CHR858"}]},{"@type":"WebSite","@id":"https:\/\/christinakosmeetika.ee\/#website","url":"https:\/\/christinakosmeetika.ee\/","name":"Christinakosmeetika","description":"Christina kosmeetika Eestis","alternateName":"Christina kosmeetika Eestis","potentialAction":[{"@type":"SearchAction","target":{"@type":"EntryPoint","urlTemplate":"https:\/\/christinakosmeetika.ee\/?s={search_term_string}"},"query-input":{"@type":"PropertyValueSpecification","valueRequired":true,"valueName":"search_term_string"}}],"inLanguage":"et"}]}},"_links":{"self":[{"href":"https:\/\/christinakosmeetika.ee\/et\/wp-json\/wp\/v2\/product\/7601","targetHints":{"allow":["GET"]}}],"collection":[{"href":"https:\/\/christinakosmeetika.ee\/et\/wp-json\/wp\/v2\/product"}],"about":[{"href":"https:\/\/christinakosmeetika.ee\/et\/wp-json\/wp\/v2\/types\/product"}],"wp:featuredmedia":[{"embeddable":true,"href":"https:\/\/christinakosmeetika.ee\/et\/wp-json\/wp\/v2\/media\/7574"}],"wp:attachment":[{"href":"https:\/\/christinakosmeetika.ee\/et\/wp-json\/wp\/v2\/media?parent=7601"}],"wp:term":[{"taxonomy":"product_brand","embeddable":true,"href":"https:\/\/christinakosmeetika.ee\/et\/wp-json\/wp\/v2\/product_brand?post=7601"},{"taxonomy":"product_cat","embeddable":true,"href":"https:\/\/christinakosmeetika.ee\/et\/wp-json\/wp\/v2\/product_cat?post=7601"},{"taxonomy":"product_tag","embeddable":true,"href":"https:\/\/christinakosmeetika.ee\/et\/wp-json\/wp\/v2\/product_tag?post=7601"}],"curies":[{"name":"wp","href":"https:\/\/api.w.org\/{rel}","templated":true}]}}