{"id":7600,"date":"2025-01-12T11:20:01","date_gmt":"2025-01-12T11:20:01","guid":{"rendered":"https:\/\/christinakosmeetika.ee\/product\/nuance-10-ahapha-peel-mask\/"},"modified":"2026-04-15T15:53:15","modified_gmt":"2026-04-15T12:53:15","slug":"nuance-10-ahapha-peel-mask","status":"publish","type":"product","link":"https:\/\/christinakosmeetika.ee\/et\/toode\/nuance-10-ahapha-peel-mask\/","title":{"rendered":"NUANCE Kooriv mask Nuance-10% AHA+PHA 75ml CHR883"},"content":{"rendered":"<h2 data-section-id=\"14izphw\" data-start=\"163\" data-end=\"234\"><span role=\"text\"><strong data-start=\"166\" data-end=\"234\">Happelise kooriva toimega n\u00e4omask NUANCE 10% AHA + PHA Peel Mask<\/strong><\/span><\/h2>\n<p data-start=\"236\" data-end=\"421\">NUANCE 10% AHA + PHA Peel Mask on <strong data-start=\"270\" data-end=\"307\">happelise kooriva toimega n\u00e4omask<\/strong>, mis aitab nahka \u00f5rnalt uuendada, \u00fchtlustada jumet ja anda sellele n\u00e4htava s\u00e4ra juba p\u00e4rast esimest kasutuskorda.<\/p>\n<p data-start=\"423\" data-end=\"590\">Mask \u00fchendab AHA ja PHA happed, pakkudes tasakaalustatud ja \u00f5rna koorivat efekti ilma liigse \u00e4rrituseta. Nahk muutub siledamaks, v\u00e4rskemaks ja visuaalselt \u00fchtlasemaks.<\/p>\n<hr data-start=\"592\" data-end=\"595\" \/>\n<h2 data-section-id=\"mmblqb\" data-start=\"597\" data-end=\"635\"><span role=\"text\"><strong data-start=\"600\" data-end=\"635\">Kuidas happeline n\u00e4omask toimib<\/strong><\/span><\/h2>\n<p data-start=\"637\" data-end=\"837\">See <strong data-start=\"641\" data-end=\"662\">happeline n\u00e4omask<\/strong> k\u00e4ivitab naha uuenemisprotsessi, aidates eemaldada surnud naharakud ning parandada naha tekstuuri. T\u00e4nu \u00f5rnale ja tasakaalustatud koostisele sobib see ka tundlikumale nahale.<\/p>\n<p data-start=\"839\" data-end=\"873\">P\u00e4rast kasutamist n\u00e4eb nahk v\u00e4lja:<\/p>\n<ul data-start=\"874\" data-end=\"929\">\n<li data-section-id=\"zg9cab\" data-start=\"874\" data-end=\"885\">siledam<\/li>\n<li data-section-id=\"1jbr0ew\" data-start=\"886\" data-end=\"897\">v\u00e4rskem<\/li>\n<li data-section-id=\"1u3jj0z\" data-start=\"898\" data-end=\"929\">\u00fchtlasema ja kirkama jumega<\/li>\n<\/ul>\n<hr data-start=\"931\" data-end=\"934\" \/>\n<h2 data-section-id=\"1wyoumd\" data-start=\"936\" data-end=\"979\"><span role=\"text\"><strong data-start=\"939\" data-end=\"979\">Aktiivsed koostisosad ja nende toime<\/strong><\/span><\/h2>\n<ul data-start=\"981\" data-end=\"1455\">\n<li data-section-id=\"o4gzsv\" data-start=\"981\" data-end=\"1059\"><strong data-start=\"983\" data-end=\"1003\">AHA + PHA happed<\/strong> \u2014 \u00f5rn koorimine, naha uuendamine ja jume \u00fchtlustamine<\/li>\n<li data-section-id=\"13qr0s3\" data-start=\"1060\" data-end=\"1154\"><strong data-start=\"1062\" data-end=\"1093\">Niatsiinamiid (vitamiin B3)<\/strong> \u2014 aitab v\u00e4hendada pigmendilaike ja parandab naha tekstuuri<\/li>\n<li data-section-id=\"15n6esw\" data-start=\"1155\" data-end=\"1225\"><strong data-start=\"1157\" data-end=\"1169\">Skvalaan<\/strong> \u2014 taastab naha kaitsebarj\u00e4\u00e4ri ja v\u00e4hendab niiskuskadu<\/li>\n<li data-section-id=\"qknw6z\" data-start=\"1226\" data-end=\"1299\"><strong data-start=\"1228\" data-end=\"1245\">H\u00fcaluroonhape<\/strong> \u2014 niisutab intensiivselt ja hoiab naha niiskustaset<\/li>\n<li data-section-id=\"1s5ur02\" data-start=\"1300\" data-end=\"1374\"><strong data-start=\"1302\" data-end=\"1334\">N\u00f5iapuu ekstrakt (Hamamelis)<\/strong> \u2014 rahustab nahka ja v\u00e4hendab punetust<\/li>\n<li data-section-id=\"1621vvc\" data-start=\"1375\" data-end=\"1455\"><strong data-start=\"1377\" data-end=\"1390\">Peptiidid<\/strong> \u2014 toetavad naha elastsust ja aitavad s\u00e4ilitada naha struktuuri<\/li>\n<\/ul>\n<hr data-start=\"1457\" data-end=\"1460\" \/>\n<h2 data-section-id=\"10es6w5\" data-start=\"1462\" data-end=\"1487\"><span role=\"text\"><strong data-start=\"1465\" data-end=\"1487\">Peamised tulemused<\/strong><\/span><\/h2>\n<ul data-start=\"1489\" data-end=\"1614\">\n<li data-section-id=\"1lkzpk6\" data-start=\"1489\" data-end=\"1511\">naha \u00f5rn uuenemine<\/li>\n<li data-section-id=\"125rd82\" data-start=\"1512\" data-end=\"1540\">\u00fchtlasem ja v\u00e4rskem jume<\/li>\n<li data-section-id=\"1uu1x1w\" data-start=\"1541\" data-end=\"1563\">tuhmuse v\u00e4henemine<\/li>\n<li data-section-id=\"1kf62oa\" data-start=\"1564\" data-end=\"1586\">parem nahatekstuur<\/li>\n<li data-section-id=\"sp9c04\" data-start=\"1587\" data-end=\"1614\">sile ja niisutatud nahk<\/li>\n<\/ul>\n<hr data-start=\"1616\" data-end=\"1619\" \/>\n<h2 data-section-id=\"7btbn\" data-start=\"1621\" data-end=\"1638\"><span role=\"text\"><strong data-start=\"1624\" data-end=\"1638\">Kasutamine<\/strong><\/span><\/h2>\n<p data-start=\"1640\" data-end=\"1769\">Kanna \u00f5huke kiht maski puhastatud n\u00e4onahale, v\u00e4ltides silma\u00fcmbrust.<br data-start=\"1707\" data-end=\"1710\" \/>J\u00e4ta m\u00f5juma 5\u201310 minutiks, seej\u00e4rel loputa hoolikalt veega.<\/p>\n<p data-start=\"1771\" data-end=\"1818\">Kasuta 1\u20132 korda n\u00e4dalas vastavalt nahat\u00fc\u00fcbile.<\/p>\n<hr data-start=\"1820\" data-end=\"1823\" \/>\n<h2 data-section-id=\"13bba1r\" data-start=\"1825\" data-end=\"1846\"><span role=\"text\"><strong data-start=\"1828\" data-end=\"1846\">Koostis (INCI)<\/strong><\/span><\/h2>\n<p data-start=\"1848\" data-end=\"2997\">Water (Aqua), Glycerin, Phenyl Trimethicone, SD Alcohol 40, Squalane, Niacinamide, Pentylene Glycol, Hamamelis Virginiana (Witch Hazel) Extract, Caprylic\/Capric Triglyceride, Dimethicone, Phenoxyethanol, Diisopropyl Adipate, Tocopheryl Acetate, Butylene Glycol, Hydroxyethyl Acrylate\/Sodium Acryloyldimethyl Taurate Copolymer, Hydroxyethylcellulose, Caprylyl Glycol, Menthyl Lactate, Dimethicone Crosspolymer, Dextran, Trifluoroacetyl Tripeptide-2, Ethylhexylglycerin, Orchid Extract, Polysorbate 60, Fragrance (Parfum), Sodium Hyaluronate, Carbomer, Magnolia Officinalis Bark Extract, Sodium Lactate, Sodium Acetate, Benzyl Alcohol, Tetramethyl Acetyloctahydronaphthalenes, Polysorbate 20, Hexamethylindanopyran, Sorbitan Trioleate, Hexyl Cinnamal, Isopropyl Alcohol, Dipeptide Diaminobutyroyl Benzylamide Diacetate, Cellulose, Sodium Benzoate, Potassium Sorbate, Linalyl Acetate, Limonene, Citronellol, Dimethyl Phenethyl Acetate, Benzyl Salicylate, Alpha-Isomethyl Ionone, Citrus Aurantium Peel Oil, Apium Graveolens (Celery) Root\/Seed Extract, Linum Usitatissimum (Linseed) Seed Extract, Palmitoyl Tripeptide-1, Palmitoyl Tetrapeptide-7, Pinene.<\/p>\n","protected":false},"excerpt":{"rendered":"<h2 class=\"product_title entry-title\">NUANCE 10% AHA+PHA kooriv n\u00e4omask<\/h2>\n<p>Sobib:<\/p>\n<ul>\n<li>tuhmi naha korral<\/li>\n<li>eba\u00fchtlase jume korral<\/li>\n<li>naha puhul, millel on esimesed vananemisilmingud<\/li>\n<li>naha puhul, mis vajab \u00f5rna uuendamist<\/li>\n<\/ul>\n","protected":false},"featured_media":7759,"template":"","meta":[],"product_brand":[],"product_cat":[181,150,486],"product_tag":[],"class_list":{"0":"post-7600","1":"product","2":"type-product","3":"status-publish","4":"has-post-thumbnail","6":"product_cat-koorimine","7":"product_cat-mask-et","8":"product_cat-nuance-et","9":"product_shipping_class-smart-itella-post","10":"pa_linii-kosmetiki-nuance-et","11":"pa_reshenie-problem-ebauhtlane-nahatekstuur","12":"pa_reshenie-problem-ebauhtlane-nahatoon","13":"pa_reshenie-problem-pigmentatsioon","14":"pa_reshenie-problem-vananemise-margid","15":"pa_tip-kozi-koik-nahatuubid-et","16":"pa_tip-kozi-kombi-et","17":"pa_tip-kozi-kuiv-et","18":"pa_tip-kozi-normaalne-et","19":"pa_tip-kozi-rasvane-et","20":"pa_tip-preparata-koorimine","21":"pa_tip-preparata-mask-et","22":"pa_vremja-primenenija-oine","23":"pa_vremja-primenenija-paev-oo","24":"pa_vremja-primenenija-paevane","26":"first","27":"instock","28":"taxable","29":"shipping-taxable","30":"purchasable","31":"product-type-simple"},"yoast_head":"<!-- This site is optimized with the Yoast SEO plugin v27.5 - https:\/\/yoast.com\/product\/yoast-seo-wordpress\/ -->\n<title>HAPPELINE N\u00c4OMASK NUANCE AHA+PHA PEEL MASK 10%<\/title>\n<meta name=\"description\" content=\"NUANCE 10% AHA + PHA Peel Mask \u2014 \u00f5rn naha uuendamine, \u00fchtlasem jume, parem nahatekstuur ja n\u00e4htav s\u00e4ra ilma \u00e4rrituseta.\" \/>\n<meta name=\"robots\" content=\"index, follow, max-snippet:-1, max-image-preview:large, max-video-preview:-1\" \/>\n<link rel=\"canonical\" href=\"https:\/\/christinakosmeetika.ee\/et\/toode\/nuance-10-ahapha-peel-mask\/\" \/>\n<meta property=\"og:locale\" content=\"et_EE\" \/>\n<meta property=\"og:type\" content=\"article\" \/>\n<meta property=\"og:title\" content=\"HAPPELINE N\u00c4OMASK NUANCE AHA+PHA PEEL MASK 10%\" \/>\n<meta property=\"og:description\" content=\"NUANCE 10% AHA + PHA Peel Mask \u2014 \u00f5rn naha uuendamine, \u00fchtlasem jume, parem nahatekstuur ja n\u00e4htav s\u00e4ra ilma \u00e4rrituseta.\" \/>\n<meta property=\"og:url\" content=\"https:\/\/christinakosmeetika.ee\/et\/toode\/nuance-10-ahapha-peel-mask\/\" \/>\n<meta property=\"og:site_name\" content=\"Christinakosmeetika\" \/>\n<meta property=\"article:modified_time\" content=\"2026-04-15T12:53:15+00:00\" \/>\n<meta property=\"og:image\" content=\"https:\/\/christinakosmeetika.ee\/wp-content\/uploads\/2025\/01\/Nuance-10-AHAPHA-Peel-Mask.png\" \/>\n\t<meta property=\"og:image:width\" content=\"1080\" \/>\n\t<meta property=\"og:image:height\" content=\"1080\" \/>\n\t<meta property=\"og:image:type\" content=\"image\/png\" \/>\n<meta name=\"twitter:card\" content=\"summary_large_image\" \/>\n<meta name=\"twitter:label1\" content=\"Est. reading time\" \/>\n\t<meta name=\"twitter:data1\" content=\"2 minutit\" \/>\n<script type=\"application\/ld+json\" class=\"yoast-schema-graph\">{\"@context\":\"https:\\\/\\\/schema.org\",\"@graph\":[{\"@type\":\"WebPage\",\"@id\":\"https:\\\/\\\/christinakosmeetika.ee\\\/et\\\/toode\\\/nuance-10-ahapha-peel-mask\\\/\",\"url\":\"https:\\\/\\\/christinakosmeetika.ee\\\/et\\\/toode\\\/nuance-10-ahapha-peel-mask\\\/\",\"name\":\"HAPPELINE N\u00c4OMASK NUANCE AHA+PHA PEEL MASK 10%\",\"isPartOf\":{\"@id\":\"https:\\\/\\\/christinakosmeetika.ee\\\/#website\"},\"primaryImageOfPage\":{\"@id\":\"https:\\\/\\\/christinakosmeetika.ee\\\/et\\\/toode\\\/nuance-10-ahapha-peel-mask\\\/#primaryimage\"},\"image\":{\"@id\":\"https:\\\/\\\/christinakosmeetika.ee\\\/et\\\/toode\\\/nuance-10-ahapha-peel-mask\\\/#primaryimage\"},\"thumbnailUrl\":\"https:\\\/\\\/christinakosmeetika.ee\\\/wp-content\\\/uploads\\\/2025\\\/01\\\/Nuance-10-AHAPHA-Peel-Mask.png\",\"datePublished\":\"2025-01-12T11:20:01+00:00\",\"dateModified\":\"2026-04-15T12:53:15+00:00\",\"description\":\"NUANCE 10% AHA + PHA Peel Mask \u2014 \u00f5rn naha uuendamine, \u00fchtlasem jume, parem nahatekstuur ja n\u00e4htav s\u00e4ra ilma \u00e4rrituseta.\",\"breadcrumb\":{\"@id\":\"https:\\\/\\\/christinakosmeetika.ee\\\/et\\\/toode\\\/nuance-10-ahapha-peel-mask\\\/#breadcrumb\"},\"inLanguage\":\"et\",\"potentialAction\":[{\"@type\":\"ReadAction\",\"target\":[\"https:\\\/\\\/christinakosmeetika.ee\\\/et\\\/toode\\\/nuance-10-ahapha-peel-mask\\\/\"]}]},{\"@type\":\"ImageObject\",\"inLanguage\":\"et\",\"@id\":\"https:\\\/\\\/christinakosmeetika.ee\\\/et\\\/toode\\\/nuance-10-ahapha-peel-mask\\\/#primaryimage\",\"url\":\"https:\\\/\\\/christinakosmeetika.ee\\\/wp-content\\\/uploads\\\/2025\\\/01\\\/Nuance-10-AHAPHA-Peel-Mask.png\",\"contentUrl\":\"https:\\\/\\\/christinakosmeetika.ee\\\/wp-content\\\/uploads\\\/2025\\\/01\\\/Nuance-10-AHAPHA-Peel-Mask.png\",\"width\":1080,\"height\":1080},{\"@type\":\"BreadcrumbList\",\"@id\":\"https:\\\/\\\/christinakosmeetika.ee\\\/et\\\/toode\\\/nuance-10-ahapha-peel-mask\\\/#breadcrumb\",\"itemListElement\":[{\"@type\":\"ListItem\",\"position\":1,\"name\":\"\u0413\u043b\u0430\u0432\u043d\u0430\u044f \u0441\u0442\u0440\u0430\u043d\u0438\u0446\u0430\",\"item\":\"https:\\\/\\\/christinakosmeetika.ee\\\/et\\\/\"},{\"@type\":\"ListItem\",\"position\":2,\"name\":\"Pood\",\"item\":\"https:\\\/\\\/christinakosmeetika.ee\\\/et\\\/shop\\\/\"},{\"@type\":\"ListItem\",\"position\":3,\"name\":\"NUANCE Kooriv mask Nuance-10% AHA+PHA 75ml CHR883\"}]},{\"@type\":\"WebSite\",\"@id\":\"https:\\\/\\\/christinakosmeetika.ee\\\/#website\",\"url\":\"https:\\\/\\\/christinakosmeetika.ee\\\/\",\"name\":\"Christinakosmeetika\",\"description\":\"Christina kosmeetika Eestis\",\"alternateName\":\"Christina kosmeetika Eestis\",\"potentialAction\":[{\"@type\":\"SearchAction\",\"target\":{\"@type\":\"EntryPoint\",\"urlTemplate\":\"https:\\\/\\\/christinakosmeetika.ee\\\/?s={search_term_string}\"},\"query-input\":{\"@type\":\"PropertyValueSpecification\",\"valueRequired\":true,\"valueName\":\"search_term_string\"}}],\"inLanguage\":\"et\"}]}<\/script>\n<!-- \/ Yoast SEO plugin. -->","yoast_head_json":{"title":"HAPPELINE N\u00c4OMASK NUANCE AHA+PHA PEEL MASK 10%","description":"NUANCE 10% AHA + PHA Peel Mask \u2014 \u00f5rn naha uuendamine, \u00fchtlasem jume, parem nahatekstuur ja n\u00e4htav s\u00e4ra ilma \u00e4rrituseta.","robots":{"index":"index","follow":"follow","max-snippet":"max-snippet:-1","max-image-preview":"max-image-preview:large","max-video-preview":"max-video-preview:-1"},"canonical":"https:\/\/christinakosmeetika.ee\/et\/toode\/nuance-10-ahapha-peel-mask\/","og_locale":"et_EE","og_type":"article","og_title":"HAPPELINE N\u00c4OMASK NUANCE AHA+PHA PEEL MASK 10%","og_description":"NUANCE 10% AHA + PHA Peel Mask \u2014 \u00f5rn naha uuendamine, \u00fchtlasem jume, parem nahatekstuur ja n\u00e4htav s\u00e4ra ilma \u00e4rrituseta.","og_url":"https:\/\/christinakosmeetika.ee\/et\/toode\/nuance-10-ahapha-peel-mask\/","og_site_name":"Christinakosmeetika","article_modified_time":"2026-04-15T12:53:15+00:00","og_image":[{"width":1080,"height":1080,"url":"https:\/\/christinakosmeetika.ee\/wp-content\/uploads\/2025\/01\/Nuance-10-AHAPHA-Peel-Mask.png","type":"image\/png"}],"twitter_card":"summary_large_image","twitter_misc":{"Est. reading time":"2 minutit"},"schema":{"@context":"https:\/\/schema.org","@graph":[{"@type":"WebPage","@id":"https:\/\/christinakosmeetika.ee\/et\/toode\/nuance-10-ahapha-peel-mask\/","url":"https:\/\/christinakosmeetika.ee\/et\/toode\/nuance-10-ahapha-peel-mask\/","name":"HAPPELINE N\u00c4OMASK NUANCE AHA+PHA PEEL MASK 10%","isPartOf":{"@id":"https:\/\/christinakosmeetika.ee\/#website"},"primaryImageOfPage":{"@id":"https:\/\/christinakosmeetika.ee\/et\/toode\/nuance-10-ahapha-peel-mask\/#primaryimage"},"image":{"@id":"https:\/\/christinakosmeetika.ee\/et\/toode\/nuance-10-ahapha-peel-mask\/#primaryimage"},"thumbnailUrl":"https:\/\/christinakosmeetika.ee\/wp-content\/uploads\/2025\/01\/Nuance-10-AHAPHA-Peel-Mask.png","datePublished":"2025-01-12T11:20:01+00:00","dateModified":"2026-04-15T12:53:15+00:00","description":"NUANCE 10% AHA + PHA Peel Mask \u2014 \u00f5rn naha uuendamine, \u00fchtlasem jume, parem nahatekstuur ja n\u00e4htav s\u00e4ra ilma \u00e4rrituseta.","breadcrumb":{"@id":"https:\/\/christinakosmeetika.ee\/et\/toode\/nuance-10-ahapha-peel-mask\/#breadcrumb"},"inLanguage":"et","potentialAction":[{"@type":"ReadAction","target":["https:\/\/christinakosmeetika.ee\/et\/toode\/nuance-10-ahapha-peel-mask\/"]}]},{"@type":"ImageObject","inLanguage":"et","@id":"https:\/\/christinakosmeetika.ee\/et\/toode\/nuance-10-ahapha-peel-mask\/#primaryimage","url":"https:\/\/christinakosmeetika.ee\/wp-content\/uploads\/2025\/01\/Nuance-10-AHAPHA-Peel-Mask.png","contentUrl":"https:\/\/christinakosmeetika.ee\/wp-content\/uploads\/2025\/01\/Nuance-10-AHAPHA-Peel-Mask.png","width":1080,"height":1080},{"@type":"BreadcrumbList","@id":"https:\/\/christinakosmeetika.ee\/et\/toode\/nuance-10-ahapha-peel-mask\/#breadcrumb","itemListElement":[{"@type":"ListItem","position":1,"name":"\u0413\u043b\u0430\u0432\u043d\u0430\u044f \u0441\u0442\u0440\u0430\u043d\u0438\u0446\u0430","item":"https:\/\/christinakosmeetika.ee\/et\/"},{"@type":"ListItem","position":2,"name":"Pood","item":"https:\/\/christinakosmeetika.ee\/et\/shop\/"},{"@type":"ListItem","position":3,"name":"NUANCE Kooriv mask Nuance-10% AHA+PHA 75ml CHR883"}]},{"@type":"WebSite","@id":"https:\/\/christinakosmeetika.ee\/#website","url":"https:\/\/christinakosmeetika.ee\/","name":"Christinakosmeetika","description":"Christina kosmeetika Eestis","alternateName":"Christina kosmeetika Eestis","potentialAction":[{"@type":"SearchAction","target":{"@type":"EntryPoint","urlTemplate":"https:\/\/christinakosmeetika.ee\/?s={search_term_string}"},"query-input":{"@type":"PropertyValueSpecification","valueRequired":true,"valueName":"search_term_string"}}],"inLanguage":"et"}]}},"_links":{"self":[{"href":"https:\/\/christinakosmeetika.ee\/et\/wp-json\/wp\/v2\/product\/7600","targetHints":{"allow":["GET"]}}],"collection":[{"href":"https:\/\/christinakosmeetika.ee\/et\/wp-json\/wp\/v2\/product"}],"about":[{"href":"https:\/\/christinakosmeetika.ee\/et\/wp-json\/wp\/v2\/types\/product"}],"wp:featuredmedia":[{"embeddable":true,"href":"https:\/\/christinakosmeetika.ee\/et\/wp-json\/wp\/v2\/media\/7759"}],"wp:attachment":[{"href":"https:\/\/christinakosmeetika.ee\/et\/wp-json\/wp\/v2\/media?parent=7600"}],"wp:term":[{"taxonomy":"product_brand","embeddable":true,"href":"https:\/\/christinakosmeetika.ee\/et\/wp-json\/wp\/v2\/product_brand?post=7600"},{"taxonomy":"product_cat","embeddable":true,"href":"https:\/\/christinakosmeetika.ee\/et\/wp-json\/wp\/v2\/product_cat?post=7600"},{"taxonomy":"product_tag","embeddable":true,"href":"https:\/\/christinakosmeetika.ee\/et\/wp-json\/wp\/v2\/product_tag?post=7600"}],"curies":[{"name":"wp","href":"https:\/\/api.w.org\/{rel}","templated":true}]}}