{"id":7599,"date":"2025-01-12T08:06:44","date_gmt":"2025-01-12T08:06:44","guid":{"rendered":"https:\/\/christinakosmeetika.ee\/product\/nuance-red-clover-tightening-mask\/"},"modified":"2026-04-15T15:50:06","modified_gmt":"2026-04-15T12:50:06","slug":"nuance-red-clover-tightening-mask","status":"publish","type":"product","link":"https:\/\/christinakosmeetika.ee\/et\/toode\/nuance-red-clover-tightening-mask\/","title":{"rendered":"NUANCE Lifting-mask punase ristiku ekstraktiga 50ml CHR872"},"content":{"rendered":"<p><strong>NUANCE Red Clover Tightening Mask<\/strong> on t\u00f5hus pinguldav mask, mis on loodud naha elastsuse ja tugevuse taastamiseks. T\u00e4nu ainulaadsele aktiivsete koostisosade kombinatsioonile stimuleerib mask kollageeni tootmist, parandab mikrotsirkulatsiooni ja v\u00e4hendab pooride n\u00e4htavust. Ideaalne vananemism\u00e4rkidega v\u00f5itlemiseks, mask tugevdab nahka ja annab sellele terve, s\u00e4rava v\u00e4ljan\u00e4gemise.<\/p>\n<p><strong>Peamised aktiivsed komponendid ja nende toime:<\/strong><\/p>\n<ul>\n<li><strong>Punase ristiku ekstrakt (Trifolium Pratense):<\/strong> V\u00e4hendab kortsude arvu, parandab naha elastsust ja taastab niiskustasakaalu.<\/li>\n<li><strong>Kollageeni aminohapped:<\/strong> Biomimeetilised peptiidid, mis siluvad kortse ja parandavad naha tekstuuri.<\/li>\n<li><strong>Matrixyl:<\/strong> Stimuleerib naha rakuv\u00e4list maatriksit, aidates v\u00e4hendada kortse ja suurendada naha tugevust.<\/li>\n<li><strong>Liposoome sisaldav melatoniin:<\/strong> Pakub tugevat antioks\u00fcdantset kaitset ja soodustab naha taastumist.<\/li>\n<li><strong>Inkapsuleeritud E-vitamiin:<\/strong> Pakub pikaajalist kaitset vabade radikaalide eest t\u00e4nu aeglasele vabanemisele.<\/li>\n<li><strong>H\u00fcaluroonhape:<\/strong> Tagab niisutuse, suurendab naha elastsust ja toetab selle struktuuri.<\/li>\n<\/ul>\n<p><strong>Peamised toimed:<\/strong><\/p>\n<ul>\n<li>S\u00fcgav niisutus ja naha elastsuse parandamine.<\/li>\n<li>Rakkude uuenemise stimuleerimine ja kortsude n\u00e4htavuse v\u00e4hendamine.<\/li>\n<li>Antioks\u00fcdantne kaitse ja naha mikrobioomi toetamine.<\/li>\n<\/ul>\n<p><strong>Kasutusjuhend:<\/strong><\/p>\n<ol>\n<li>Kandke mask \u00fchtlase kihina puhastatud n\u00e4ole ja kaelale.<\/li>\n<li>J\u00e4tke nahale 2\u20133 minutiks, kuni mask t\u00e4ielikult imendub.<\/li>\n<li>Eemaldage \u00fclej\u00e4\u00e4nud toode.<\/li>\n<li>Kasutage 1\u20132 korda n\u00e4dalas.<\/li>\n<\/ol>\n<p><strong>M\u00e4rkused:<\/strong><\/p>\n<ul>\n<li>Sobib k\u00f5ikidele nahat\u00fc\u00fcpidele.<\/li>\n<li>Ohutu rasedatele, ei sisalda SLS-i ega parabeene, pole testitud loomadel.<\/li>\n<\/ul>\n<p><strong>Koostis:<\/strong><\/p>\n<div class=\"page\" title=\"Page 1\">\n<div class=\"section\">\n<div class=\"layoutArea\">\n<div class=\"column\">\n<p>Water (Aqua), Glycerin, Hydrogenated Polyisobutene, Hamamelis Virginiana (Witch Hazel) Extract, Isocetyl Stearate, Phenyl Trimethicone, Propanediol, Caprylic\/Capric Triglyceride, Trifolium Pratense (Clover) Flower Extract, Butyrospermum Parkii Butter, Saccharide Isomerate, Phenoxyethanol, Dimethicone, Butylene Glycol, Acrylates\/C10-30 Alkyl Acrylate Crosspolymer, Lactose, Tocopheryl Acetate, Caprylyl Glycol, Polymnia Sonchifolia Root Juice, Sodium Acrylate Copolymer, Sodium Hydroxide, Cellulose, Ethylhexylglycerin, Lecithin, Fragrance (Parfum), Sodium hyaluronate, Sorbitan Trioleate, Phospholipids, Benzyl Alcohol, Glucose, Melatonin, Tetramethyl Acetyloctahydronaphthalenes, Iron Oxides, Hexamethylindanopyran, Sodium Lactate, Pentylene Glycol, Lactobacillus Ferment, Carbomer, Hexyl Cinnamal, Sodium Benzoate, Hydroxypropyl Methylcellulose, Polysorbate 20, Potassium Sorbate, Sodium Citrate, Citric Acid, Linalyl Acetate, Limonene, Apium Graveolens (Celery) Root\/Seed Extract, Citronellol, Dimethyl Phenethyl Acetate, Benzyl Salicylate, Alpha-Isomethyl Ionone, Linum Usitatissimum(Linseed) Seed Extract, Citrus Aurantium Peel Oil, FD &amp; C Red No. 4 (CI 14700), Palmitoyl Tripeptide-1, Pinene, Palmitoyl Tetrapeptide-7, Collagen Amino Acids.<\/p>\n<\/div>\n<\/div>\n<\/div>\n<\/div>\n","protected":false},"excerpt":{"rendered":"<h3><strong>NUANCE Red Clover Tightening Mask<\/strong><\/h3>\n","protected":false},"featured_media":7541,"template":"","meta":[],"product_brand":[],"product_cat":[150,486],"product_tag":[],"class_list":{"0":"post-7599","1":"product","2":"type-product","3":"status-publish","4":"has-post-thumbnail","6":"product_cat-mask-et","7":"product_cat-nuance-et","8":"product_shipping_class-smart-itella-post","9":"pa_linii-kosmetiki-nuance-et","10":"pa_reshenie-problem-ebauhtlane-nahatoon","11":"pa_reshenie-problem-vahenenud-elastsus","12":"pa_reshenie-problem-vananemise-margid","13":"pa_tip-kozi-koik-nahatuubid-et","14":"pa_tip-kozi-kombi-et","15":"pa_tip-kozi-kuiv-et","16":"pa_tip-kozi-normaalne-et","17":"pa_tip-kozi-rasvane-et","18":"pa_tip-preparata-mask-et","20":"first","21":"instock","22":"taxable","23":"shipping-taxable","24":"purchasable","25":"product-type-simple"},"yoast_head":"<!-- This site is optimized with the Yoast SEO plugin v27.5 - https:\/\/yoast.com\/product\/yoast-seo-wordpress\/ -->\n<title>NUANCE Lifting-mask punase ristiku ekstraktiga 50ml CHR872 - Christinakosmeetika<\/title>\n<meta name=\"description\" content=\"NUANCE Red Clover Tightening Mask on k\u00f5rgelt t\u00f5hus pinguldav mask, mis on loodud naha elastsuse ja toonuse taastamiseks.\" \/>\n<meta name=\"robots\" content=\"index, follow, max-snippet:-1, max-image-preview:large, max-video-preview:-1\" \/>\n<link rel=\"canonical\" href=\"https:\/\/christinakosmeetika.ee\/product\/nuance-red-clover-tightening-mask\/\" \/>\n<meta property=\"og:locale\" content=\"et_EE\" \/>\n<meta property=\"og:type\" content=\"article\" \/>\n<meta property=\"og:title\" content=\"NUANCE Lifting-mask punase ristiku ekstraktiga 50ml CHR872 - Christinakosmeetika\" \/>\n<meta property=\"og:description\" content=\"NUANCE Red Clover Tightening Mask on k\u00f5rgelt t\u00f5hus pinguldav mask, mis on loodud naha elastsuse ja toonuse taastamiseks.\" \/>\n<meta property=\"og:url\" content=\"https:\/\/christinakosmeetika.ee\/product\/nuance-red-clover-tightening-mask\/\" \/>\n<meta property=\"og:site_name\" content=\"Christinakosmeetika\" \/>\n<meta property=\"article:modified_time\" content=\"2026-04-15T12:50:06+00:00\" \/>\n<meta property=\"og:image\" content=\"https:\/\/christinakosmeetika.ee\/wp-content\/uploads\/2025\/01\/Nuance-Red-Clover-Tightening-Mask.png\" \/>\n\t<meta property=\"og:image:width\" content=\"1080\" \/>\n\t<meta property=\"og:image:height\" content=\"1080\" \/>\n\t<meta property=\"og:image:type\" content=\"image\/png\" \/>\n<meta name=\"twitter:card\" content=\"summary_large_image\" \/>\n<meta name=\"twitter:label1\" content=\"Est. reading time\" \/>\n\t<meta name=\"twitter:data1\" content=\"2 minutit\" \/>\n<script type=\"application\/ld+json\" class=\"yoast-schema-graph\">{\"@context\":\"https:\\\/\\\/schema.org\",\"@graph\":[{\"@type\":\"WebPage\",\"@id\":\"https:\\\/\\\/christinakosmeetika.ee\\\/product\\\/nuance-red-clover-tightening-mask\\\/\",\"url\":\"https:\\\/\\\/christinakosmeetika.ee\\\/product\\\/nuance-red-clover-tightening-mask\\\/\",\"name\":\"NUANCE Lifting-mask punase ristiku ekstraktiga 50ml CHR872 - Christinakosmeetika\",\"isPartOf\":{\"@id\":\"https:\\\/\\\/christinakosmeetika.ee\\\/#website\"},\"primaryImageOfPage\":{\"@id\":\"https:\\\/\\\/christinakosmeetika.ee\\\/product\\\/nuance-red-clover-tightening-mask\\\/#primaryimage\"},\"image\":{\"@id\":\"https:\\\/\\\/christinakosmeetika.ee\\\/product\\\/nuance-red-clover-tightening-mask\\\/#primaryimage\"},\"thumbnailUrl\":\"https:\\\/\\\/christinakosmeetika.ee\\\/wp-content\\\/uploads\\\/2025\\\/01\\\/Nuance-Red-Clover-Tightening-Mask.png\",\"datePublished\":\"2025-01-12T08:06:44+00:00\",\"dateModified\":\"2026-04-15T12:50:06+00:00\",\"description\":\"NUANCE Red Clover Tightening Mask on k\u00f5rgelt t\u00f5hus pinguldav mask, mis on loodud naha elastsuse ja toonuse taastamiseks.\",\"breadcrumb\":{\"@id\":\"https:\\\/\\\/christinakosmeetika.ee\\\/product\\\/nuance-red-clover-tightening-mask\\\/#breadcrumb\"},\"inLanguage\":\"et\",\"potentialAction\":[{\"@type\":\"ReadAction\",\"target\":[\"https:\\\/\\\/christinakosmeetika.ee\\\/product\\\/nuance-red-clover-tightening-mask\\\/\"]}]},{\"@type\":\"ImageObject\",\"inLanguage\":\"et\",\"@id\":\"https:\\\/\\\/christinakosmeetika.ee\\\/product\\\/nuance-red-clover-tightening-mask\\\/#primaryimage\",\"url\":\"https:\\\/\\\/christinakosmeetika.ee\\\/wp-content\\\/uploads\\\/2025\\\/01\\\/Nuance-Red-Clover-Tightening-Mask.png\",\"contentUrl\":\"https:\\\/\\\/christinakosmeetika.ee\\\/wp-content\\\/uploads\\\/2025\\\/01\\\/Nuance-Red-Clover-Tightening-Mask.png\",\"width\":1080,\"height\":1080},{\"@type\":\"BreadcrumbList\",\"@id\":\"https:\\\/\\\/christinakosmeetika.ee\\\/product\\\/nuance-red-clover-tightening-mask\\\/#breadcrumb\",\"itemListElement\":[{\"@type\":\"ListItem\",\"position\":1,\"name\":\"\u0413\u043b\u0430\u0432\u043d\u0430\u044f \u0441\u0442\u0440\u0430\u043d\u0438\u0446\u0430\",\"item\":\"https:\\\/\\\/christinakosmeetika.ee\\\/et\\\/\"},{\"@type\":\"ListItem\",\"position\":2,\"name\":\"Pood\",\"item\":\"https:\\\/\\\/christinakosmeetika.ee\\\/et\\\/shop\\\/\"},{\"@type\":\"ListItem\",\"position\":3,\"name\":\"NUANCE Lifting-mask punase ristiku ekstraktiga 50ml CHR872\"}]},{\"@type\":\"WebSite\",\"@id\":\"https:\\\/\\\/christinakosmeetika.ee\\\/#website\",\"url\":\"https:\\\/\\\/christinakosmeetika.ee\\\/\",\"name\":\"Christinakosmeetika\",\"description\":\"Christina kosmeetika Eestis\",\"alternateName\":\"Christina kosmeetika Eestis\",\"potentialAction\":[{\"@type\":\"SearchAction\",\"target\":{\"@type\":\"EntryPoint\",\"urlTemplate\":\"https:\\\/\\\/christinakosmeetika.ee\\\/?s={search_term_string}\"},\"query-input\":{\"@type\":\"PropertyValueSpecification\",\"valueRequired\":true,\"valueName\":\"search_term_string\"}}],\"inLanguage\":\"et\"}]}<\/script>\n<!-- \/ Yoast SEO plugin. -->","yoast_head_json":{"title":"NUANCE Lifting-mask punase ristiku ekstraktiga 50ml CHR872 - Christinakosmeetika","description":"NUANCE Red Clover Tightening Mask on k\u00f5rgelt t\u00f5hus pinguldav mask, mis on loodud naha elastsuse ja toonuse taastamiseks.","robots":{"index":"index","follow":"follow","max-snippet":"max-snippet:-1","max-image-preview":"max-image-preview:large","max-video-preview":"max-video-preview:-1"},"canonical":"https:\/\/christinakosmeetika.ee\/product\/nuance-red-clover-tightening-mask\/","og_locale":"et_EE","og_type":"article","og_title":"NUANCE Lifting-mask punase ristiku ekstraktiga 50ml CHR872 - Christinakosmeetika","og_description":"NUANCE Red Clover Tightening Mask on k\u00f5rgelt t\u00f5hus pinguldav mask, mis on loodud naha elastsuse ja toonuse taastamiseks.","og_url":"https:\/\/christinakosmeetika.ee\/product\/nuance-red-clover-tightening-mask\/","og_site_name":"Christinakosmeetika","article_modified_time":"2026-04-15T12:50:06+00:00","og_image":[{"width":1080,"height":1080,"url":"https:\/\/christinakosmeetika.ee\/wp-content\/uploads\/2025\/01\/Nuance-Red-Clover-Tightening-Mask.png","type":"image\/png"}],"twitter_card":"summary_large_image","twitter_misc":{"Est. reading time":"2 minutit"},"schema":{"@context":"https:\/\/schema.org","@graph":[{"@type":"WebPage","@id":"https:\/\/christinakosmeetika.ee\/product\/nuance-red-clover-tightening-mask\/","url":"https:\/\/christinakosmeetika.ee\/product\/nuance-red-clover-tightening-mask\/","name":"NUANCE Lifting-mask punase ristiku ekstraktiga 50ml CHR872 - Christinakosmeetika","isPartOf":{"@id":"https:\/\/christinakosmeetika.ee\/#website"},"primaryImageOfPage":{"@id":"https:\/\/christinakosmeetika.ee\/product\/nuance-red-clover-tightening-mask\/#primaryimage"},"image":{"@id":"https:\/\/christinakosmeetika.ee\/product\/nuance-red-clover-tightening-mask\/#primaryimage"},"thumbnailUrl":"https:\/\/christinakosmeetika.ee\/wp-content\/uploads\/2025\/01\/Nuance-Red-Clover-Tightening-Mask.png","datePublished":"2025-01-12T08:06:44+00:00","dateModified":"2026-04-15T12:50:06+00:00","description":"NUANCE Red Clover Tightening Mask on k\u00f5rgelt t\u00f5hus pinguldav mask, mis on loodud naha elastsuse ja toonuse taastamiseks.","breadcrumb":{"@id":"https:\/\/christinakosmeetika.ee\/product\/nuance-red-clover-tightening-mask\/#breadcrumb"},"inLanguage":"et","potentialAction":[{"@type":"ReadAction","target":["https:\/\/christinakosmeetika.ee\/product\/nuance-red-clover-tightening-mask\/"]}]},{"@type":"ImageObject","inLanguage":"et","@id":"https:\/\/christinakosmeetika.ee\/product\/nuance-red-clover-tightening-mask\/#primaryimage","url":"https:\/\/christinakosmeetika.ee\/wp-content\/uploads\/2025\/01\/Nuance-Red-Clover-Tightening-Mask.png","contentUrl":"https:\/\/christinakosmeetika.ee\/wp-content\/uploads\/2025\/01\/Nuance-Red-Clover-Tightening-Mask.png","width":1080,"height":1080},{"@type":"BreadcrumbList","@id":"https:\/\/christinakosmeetika.ee\/product\/nuance-red-clover-tightening-mask\/#breadcrumb","itemListElement":[{"@type":"ListItem","position":1,"name":"\u0413\u043b\u0430\u0432\u043d\u0430\u044f \u0441\u0442\u0440\u0430\u043d\u0438\u0446\u0430","item":"https:\/\/christinakosmeetika.ee\/et\/"},{"@type":"ListItem","position":2,"name":"Pood","item":"https:\/\/christinakosmeetika.ee\/et\/shop\/"},{"@type":"ListItem","position":3,"name":"NUANCE Lifting-mask punase ristiku ekstraktiga 50ml CHR872"}]},{"@type":"WebSite","@id":"https:\/\/christinakosmeetika.ee\/#website","url":"https:\/\/christinakosmeetika.ee\/","name":"Christinakosmeetika","description":"Christina kosmeetika Eestis","alternateName":"Christina kosmeetika Eestis","potentialAction":[{"@type":"SearchAction","target":{"@type":"EntryPoint","urlTemplate":"https:\/\/christinakosmeetika.ee\/?s={search_term_string}"},"query-input":{"@type":"PropertyValueSpecification","valueRequired":true,"valueName":"search_term_string"}}],"inLanguage":"et"}]}},"_links":{"self":[{"href":"https:\/\/christinakosmeetika.ee\/et\/wp-json\/wp\/v2\/product\/7599","targetHints":{"allow":["GET"]}}],"collection":[{"href":"https:\/\/christinakosmeetika.ee\/et\/wp-json\/wp\/v2\/product"}],"about":[{"href":"https:\/\/christinakosmeetika.ee\/et\/wp-json\/wp\/v2\/types\/product"}],"wp:featuredmedia":[{"embeddable":true,"href":"https:\/\/christinakosmeetika.ee\/et\/wp-json\/wp\/v2\/media\/7541"}],"wp:attachment":[{"href":"https:\/\/christinakosmeetika.ee\/et\/wp-json\/wp\/v2\/media?parent=7599"}],"wp:term":[{"taxonomy":"product_brand","embeddable":true,"href":"https:\/\/christinakosmeetika.ee\/et\/wp-json\/wp\/v2\/product_brand?post=7599"},{"taxonomy":"product_cat","embeddable":true,"href":"https:\/\/christinakosmeetika.ee\/et\/wp-json\/wp\/v2\/product_cat?post=7599"},{"taxonomy":"product_tag","embeddable":true,"href":"https:\/\/christinakosmeetika.ee\/et\/wp-json\/wp\/v2\/product_tag?post=7599"}],"curies":[{"name":"wp","href":"https:\/\/api.w.org\/{rel}","templated":true}]}}