{"id":7597,"date":"2025-01-12T14:33:38","date_gmt":"2025-01-12T14:33:38","guid":{"rendered":"https:\/\/christinakosmeetika.ee\/product\/nuance-grape-dew-hydrating-tonic\/"},"modified":"2026-04-15T15:59:47","modified_gmt":"2026-04-15T12:59:47","slug":"nuance-grape-dew-hydrating-tonic","status":"publish","type":"product","link":"https:\/\/christinakosmeetika.ee\/et\/toode\/nuance-grape-dew-hydrating-tonic\/","title":{"rendered":"NUANCE Niisutav toonik viinamarjaekstraktiga 100ml CHR857"},"content":{"rendered":"<p><strong>NUANCE Grape Dew Hydrating Tonic \u2014 Niisutav toonik viinamarjaekstraktiga<\/strong><\/p>\n<p>\u00d5rn niisutav toonik, mis l\u00f5petab naha puhastamise protsessi, v\u00e4rskendades ja k\u00fcllastades seda niiskusega. Aktiivsete koostisosadega rikastatud valem taastab naha elastsuse, toetab mikrobioota loomulikku tasakaalu ning omab antioks\u00fcdantset toimet. Sobib k\u00f5ikidele nahat\u00fc\u00fcpidele, sealhulgas tundlikule nahale, ja sobib ideaalselt igap\u00e4evaseks kasutamiseks hommikul ja \u00f5htul.<\/p>\n<p><strong>Peamised aktiivsed komponendid ja nende toime:<\/strong><\/p>\n<ul>\n<li><strong>Veiniekstrakt:<\/strong> Sisaldab rohkelt antioks\u00fcdante, kaitseb nahka vabade radikaalide eest ja parandab tooni.<\/li>\n<li><strong>Jakonijuure mahl:<\/strong> Toetab naha mikrobiootat ja tugevdab selle kaitsefunktsioone.<\/li>\n<li><strong>H\u00fcaluroonhape:<\/strong> Tagab intensiivse niisutuse, taastab elastsuse ja parandab naha tekstuuri.<\/li>\n<li><strong>N\u00f5iapuu ekstrakt:<\/strong> Rahustab, toniseerib ja ahendab poore.<\/li>\n<li><strong>Niasiiniamiid:<\/strong> \u00dchtlustab naha tooni, reguleerib rasueritust ja parandab naha barj\u00e4\u00e4rifunktsioone.<\/li>\n<li><strong>Arnikaekstrakt:<\/strong> Omab p\u00f5letikuvastaseid ja rahustavaid omadusi.<\/li>\n<li><strong>Naatriumlaktaat ja uurea:<\/strong> Hoiavad niiskust, pakkudes pikaajalist niisutust.<\/li>\n<\/ul>\n<p><strong>Peamised toimed:<\/strong><\/p>\n<ul>\n<li>Niisutab ja v\u00e4rskendab nahka, taastades selle elastsuse.<\/li>\n<li>L\u00f5petab puhastusprotsessi, eemaldades j\u00e4\u00e4kained.<\/li>\n<li>Pakub antioks\u00fcdantset kaitset ja toetab naha mikrobiootat.<\/li>\n<li>Valmistab naha ette j\u00e4rgnevateks hooldustoodeteks.<\/li>\n<\/ul>\n<p><strong>Kasutusjuhend:<\/strong><br \/>\nPihustage toonikut nahale umbes 20 cm kauguselt v\u00f5i kandke v\u00e4ike kogus vatipadjale ning p\u00fchkige n\u00e4gu, kael ja dekoltee piirkond. \u00c4ra loputa. Kasutage hommikul ja \u00f5htul.<\/p>\n<p><strong>pH:<\/strong> 5.0\u20136.0<\/p>\n<p><strong>Koostis:<\/strong><\/p>\n<div class=\"page\" title=\"Page 1\">\n<div class=\"section\">\n<div class=\"layoutArea\">\n<div class=\"column\">\n<p>Water (Aqua), Propanediol, Pentylene Glycol, Polysorbate 20, Phenoxyethanol, Sodium PCA, Sodium Lactate, Hamamelis Virginiana (Witch Hazel) Extract, Glycerin, Caprylyl Glycol, Wine, Ethylhexylglycerin, Fragrance (Parfum), Sodium Phytate, Polymnia Sonchifolia Root Juice, Citric Acid, Zingiber Officinale (Ginger) Root Extract, Tetramethyl Acetyloctahydronaphthalenes, Hexamethylindanopyran, Hexyl Cinnamal, Sodium Benzoate, Fructose, Glycine, Niacinamide, Urea, Arnica Montana Flower Extract, Benzyl Alcohol, Sodium hyaluronate, Linalyl Acetate, Potassium Sorbate, Citronellol, Dimethyl Phenethyl Acetate, Benzyl Salicylate, Alpha-Isomethyl Ionone, Inositol, Citrus Aurantium Peel Oil, Limonene.<\/p>\n<\/div>\n<\/div>\n<\/div>\n<\/div>\n","protected":false},"excerpt":{"rendered":"<h3 class=\"product_title entry-title\">NUANCE Grape Dew Hydrating Tonic<\/h3>\n","protected":false},"featured_media":7578,"template":"","meta":[],"product_brand":[],"product_cat":[486,185],"product_tag":[],"class_list":{"0":"post-7597","1":"product","2":"type-product","3":"status-publish","4":"has-post-thumbnail","6":"product_cat-nuance-et","7":"product_cat-toonik","8":"product_shipping_class-smart-itella-post","9":"pa_linii-kosmetiki-nuance-et","10":"pa_reshenie-problem-ebauhtlane-nahatoon","11":"pa_reshenie-problem-vahenenud-elastsus","12":"pa_reshenie-problem-vananemise-margid","13":"pa_tip-kozi-koik-nahatuubid-et","14":"pa_tip-kozi-kombi-et","15":"pa_tip-kozi-kuiv-et","16":"pa_tip-kozi-normaalne-et","17":"pa_tip-kozi-rasvane-et","18":"pa_tip-preparata-toonik","19":"pa_vremja-primenenija-oine","20":"pa_vremja-primenenija-paev-oo","21":"pa_vremja-primenenija-paevane","23":"first","24":"instock","25":"taxable","26":"shipping-taxable","27":"purchasable","28":"product-type-simple"},"yoast_head":"<!-- This site is optimized with the Yoast SEO plugin v27.5 - https:\/\/yoast.com\/product\/yoast-seo-wordpress\/ -->\n<title>NUANCE Niisutav toonik viinamarjaekstraktiga 100ml CHR857 - Christinakosmeetika<\/title>\n<meta name=\"description\" content=\"Aktiivsete koostisosadega valem taastab elastsuse, aitab s\u00e4ilitada naha loomulikku mikrobioota tasakaalu ja omab antioks\u00fcdantseid omadusi.\" \/>\n<meta name=\"robots\" content=\"index, follow, max-snippet:-1, max-image-preview:large, max-video-preview:-1\" \/>\n<link rel=\"canonical\" href=\"https:\/\/christinakosmeetika.ee\/product\/nuance-grape-dew-hydrating-tonic\/\" \/>\n<meta property=\"og:locale\" content=\"et_EE\" \/>\n<meta property=\"og:type\" content=\"article\" \/>\n<meta property=\"og:title\" content=\"NUANCE Niisutav toonik viinamarjaekstraktiga 100ml CHR857 - Christinakosmeetika\" \/>\n<meta property=\"og:description\" content=\"Aktiivsete koostisosadega valem taastab elastsuse, aitab s\u00e4ilitada naha loomulikku mikrobioota tasakaalu ja omab antioks\u00fcdantseid omadusi.\" \/>\n<meta property=\"og:url\" content=\"https:\/\/christinakosmeetika.ee\/product\/nuance-grape-dew-hydrating-tonic\/\" \/>\n<meta property=\"og:site_name\" content=\"Christinakosmeetika\" \/>\n<meta property=\"article:modified_time\" content=\"2026-04-15T12:59:47+00:00\" \/>\n<meta property=\"og:image\" content=\"https:\/\/christinakosmeetika.ee\/wp-content\/uploads\/2025\/01\/hydrating-tonik.png\" \/>\n\t<meta property=\"og:image:width\" content=\"1080\" \/>\n\t<meta property=\"og:image:height\" content=\"1080\" \/>\n\t<meta property=\"og:image:type\" content=\"image\/png\" \/>\n<meta name=\"twitter:card\" content=\"summary_large_image\" \/>\n<meta name=\"twitter:label1\" content=\"Est. reading time\" \/>\n\t<meta name=\"twitter:data1\" content=\"2 minutit\" \/>\n<script type=\"application\/ld+json\" class=\"yoast-schema-graph\">{\"@context\":\"https:\\\/\\\/schema.org\",\"@graph\":[{\"@type\":\"WebPage\",\"@id\":\"https:\\\/\\\/christinakosmeetika.ee\\\/product\\\/nuance-grape-dew-hydrating-tonic\\\/\",\"url\":\"https:\\\/\\\/christinakosmeetika.ee\\\/product\\\/nuance-grape-dew-hydrating-tonic\\\/\",\"name\":\"NUANCE Niisutav toonik viinamarjaekstraktiga 100ml CHR857 - Christinakosmeetika\",\"isPartOf\":{\"@id\":\"https:\\\/\\\/christinakosmeetika.ee\\\/#website\"},\"primaryImageOfPage\":{\"@id\":\"https:\\\/\\\/christinakosmeetika.ee\\\/product\\\/nuance-grape-dew-hydrating-tonic\\\/#primaryimage\"},\"image\":{\"@id\":\"https:\\\/\\\/christinakosmeetika.ee\\\/product\\\/nuance-grape-dew-hydrating-tonic\\\/#primaryimage\"},\"thumbnailUrl\":\"https:\\\/\\\/christinakosmeetika.ee\\\/wp-content\\\/uploads\\\/2025\\\/01\\\/hydrating-tonik.png\",\"datePublished\":\"2025-01-12T14:33:38+00:00\",\"dateModified\":\"2026-04-15T12:59:47+00:00\",\"description\":\"Aktiivsete koostisosadega valem taastab elastsuse, aitab s\u00e4ilitada naha loomulikku mikrobioota tasakaalu ja omab antioks\u00fcdantseid omadusi.\",\"breadcrumb\":{\"@id\":\"https:\\\/\\\/christinakosmeetika.ee\\\/product\\\/nuance-grape-dew-hydrating-tonic\\\/#breadcrumb\"},\"inLanguage\":\"et\",\"potentialAction\":[{\"@type\":\"ReadAction\",\"target\":[\"https:\\\/\\\/christinakosmeetika.ee\\\/product\\\/nuance-grape-dew-hydrating-tonic\\\/\"]}]},{\"@type\":\"ImageObject\",\"inLanguage\":\"et\",\"@id\":\"https:\\\/\\\/christinakosmeetika.ee\\\/product\\\/nuance-grape-dew-hydrating-tonic\\\/#primaryimage\",\"url\":\"https:\\\/\\\/christinakosmeetika.ee\\\/wp-content\\\/uploads\\\/2025\\\/01\\\/hydrating-tonik.png\",\"contentUrl\":\"https:\\\/\\\/christinakosmeetika.ee\\\/wp-content\\\/uploads\\\/2025\\\/01\\\/hydrating-tonik.png\",\"width\":1080,\"height\":1080},{\"@type\":\"BreadcrumbList\",\"@id\":\"https:\\\/\\\/christinakosmeetika.ee\\\/product\\\/nuance-grape-dew-hydrating-tonic\\\/#breadcrumb\",\"itemListElement\":[{\"@type\":\"ListItem\",\"position\":1,\"name\":\"\u0413\u043b\u0430\u0432\u043d\u0430\u044f \u0441\u0442\u0440\u0430\u043d\u0438\u0446\u0430\",\"item\":\"https:\\\/\\\/christinakosmeetika.ee\\\/et\\\/\"},{\"@type\":\"ListItem\",\"position\":2,\"name\":\"Pood\",\"item\":\"https:\\\/\\\/christinakosmeetika.ee\\\/et\\\/shop\\\/\"},{\"@type\":\"ListItem\",\"position\":3,\"name\":\"NUANCE Niisutav toonik viinamarjaekstraktiga 100ml CHR857\"}]},{\"@type\":\"WebSite\",\"@id\":\"https:\\\/\\\/christinakosmeetika.ee\\\/#website\",\"url\":\"https:\\\/\\\/christinakosmeetika.ee\\\/\",\"name\":\"Christinakosmeetika\",\"description\":\"Christina kosmeetika Eestis\",\"alternateName\":\"Christina kosmeetika Eestis\",\"potentialAction\":[{\"@type\":\"SearchAction\",\"target\":{\"@type\":\"EntryPoint\",\"urlTemplate\":\"https:\\\/\\\/christinakosmeetika.ee\\\/?s={search_term_string}\"},\"query-input\":{\"@type\":\"PropertyValueSpecification\",\"valueRequired\":true,\"valueName\":\"search_term_string\"}}],\"inLanguage\":\"et\"}]}<\/script>\n<!-- \/ Yoast SEO plugin. -->","yoast_head_json":{"title":"NUANCE Niisutav toonik viinamarjaekstraktiga 100ml CHR857 - Christinakosmeetika","description":"Aktiivsete koostisosadega valem taastab elastsuse, aitab s\u00e4ilitada naha loomulikku mikrobioota tasakaalu ja omab antioks\u00fcdantseid omadusi.","robots":{"index":"index","follow":"follow","max-snippet":"max-snippet:-1","max-image-preview":"max-image-preview:large","max-video-preview":"max-video-preview:-1"},"canonical":"https:\/\/christinakosmeetika.ee\/product\/nuance-grape-dew-hydrating-tonic\/","og_locale":"et_EE","og_type":"article","og_title":"NUANCE Niisutav toonik viinamarjaekstraktiga 100ml CHR857 - Christinakosmeetika","og_description":"Aktiivsete koostisosadega valem taastab elastsuse, aitab s\u00e4ilitada naha loomulikku mikrobioota tasakaalu ja omab antioks\u00fcdantseid omadusi.","og_url":"https:\/\/christinakosmeetika.ee\/product\/nuance-grape-dew-hydrating-tonic\/","og_site_name":"Christinakosmeetika","article_modified_time":"2026-04-15T12:59:47+00:00","og_image":[{"width":1080,"height":1080,"url":"https:\/\/christinakosmeetika.ee\/wp-content\/uploads\/2025\/01\/hydrating-tonik.png","type":"image\/png"}],"twitter_card":"summary_large_image","twitter_misc":{"Est. reading time":"2 minutit"},"schema":{"@context":"https:\/\/schema.org","@graph":[{"@type":"WebPage","@id":"https:\/\/christinakosmeetika.ee\/product\/nuance-grape-dew-hydrating-tonic\/","url":"https:\/\/christinakosmeetika.ee\/product\/nuance-grape-dew-hydrating-tonic\/","name":"NUANCE Niisutav toonik viinamarjaekstraktiga 100ml CHR857 - Christinakosmeetika","isPartOf":{"@id":"https:\/\/christinakosmeetika.ee\/#website"},"primaryImageOfPage":{"@id":"https:\/\/christinakosmeetika.ee\/product\/nuance-grape-dew-hydrating-tonic\/#primaryimage"},"image":{"@id":"https:\/\/christinakosmeetika.ee\/product\/nuance-grape-dew-hydrating-tonic\/#primaryimage"},"thumbnailUrl":"https:\/\/christinakosmeetika.ee\/wp-content\/uploads\/2025\/01\/hydrating-tonik.png","datePublished":"2025-01-12T14:33:38+00:00","dateModified":"2026-04-15T12:59:47+00:00","description":"Aktiivsete koostisosadega valem taastab elastsuse, aitab s\u00e4ilitada naha loomulikku mikrobioota tasakaalu ja omab antioks\u00fcdantseid omadusi.","breadcrumb":{"@id":"https:\/\/christinakosmeetika.ee\/product\/nuance-grape-dew-hydrating-tonic\/#breadcrumb"},"inLanguage":"et","potentialAction":[{"@type":"ReadAction","target":["https:\/\/christinakosmeetika.ee\/product\/nuance-grape-dew-hydrating-tonic\/"]}]},{"@type":"ImageObject","inLanguage":"et","@id":"https:\/\/christinakosmeetika.ee\/product\/nuance-grape-dew-hydrating-tonic\/#primaryimage","url":"https:\/\/christinakosmeetika.ee\/wp-content\/uploads\/2025\/01\/hydrating-tonik.png","contentUrl":"https:\/\/christinakosmeetika.ee\/wp-content\/uploads\/2025\/01\/hydrating-tonik.png","width":1080,"height":1080},{"@type":"BreadcrumbList","@id":"https:\/\/christinakosmeetika.ee\/product\/nuance-grape-dew-hydrating-tonic\/#breadcrumb","itemListElement":[{"@type":"ListItem","position":1,"name":"\u0413\u043b\u0430\u0432\u043d\u0430\u044f \u0441\u0442\u0440\u0430\u043d\u0438\u0446\u0430","item":"https:\/\/christinakosmeetika.ee\/et\/"},{"@type":"ListItem","position":2,"name":"Pood","item":"https:\/\/christinakosmeetika.ee\/et\/shop\/"},{"@type":"ListItem","position":3,"name":"NUANCE Niisutav toonik viinamarjaekstraktiga 100ml CHR857"}]},{"@type":"WebSite","@id":"https:\/\/christinakosmeetika.ee\/#website","url":"https:\/\/christinakosmeetika.ee\/","name":"Christinakosmeetika","description":"Christina kosmeetika Eestis","alternateName":"Christina kosmeetika Eestis","potentialAction":[{"@type":"SearchAction","target":{"@type":"EntryPoint","urlTemplate":"https:\/\/christinakosmeetika.ee\/?s={search_term_string}"},"query-input":{"@type":"PropertyValueSpecification","valueRequired":true,"valueName":"search_term_string"}}],"inLanguage":"et"}]}},"_links":{"self":[{"href":"https:\/\/christinakosmeetika.ee\/et\/wp-json\/wp\/v2\/product\/7597","targetHints":{"allow":["GET"]}}],"collection":[{"href":"https:\/\/christinakosmeetika.ee\/et\/wp-json\/wp\/v2\/product"}],"about":[{"href":"https:\/\/christinakosmeetika.ee\/et\/wp-json\/wp\/v2\/types\/product"}],"wp:featuredmedia":[{"embeddable":true,"href":"https:\/\/christinakosmeetika.ee\/et\/wp-json\/wp\/v2\/media\/7578"}],"wp:attachment":[{"href":"https:\/\/christinakosmeetika.ee\/et\/wp-json\/wp\/v2\/media?parent=7597"}],"wp:term":[{"taxonomy":"product_brand","embeddable":true,"href":"https:\/\/christinakosmeetika.ee\/et\/wp-json\/wp\/v2\/product_brand?post=7597"},{"taxonomy":"product_cat","embeddable":true,"href":"https:\/\/christinakosmeetika.ee\/et\/wp-json\/wp\/v2\/product_cat?post=7597"},{"taxonomy":"product_tag","embeddable":true,"href":"https:\/\/christinakosmeetika.ee\/et\/wp-json\/wp\/v2\/product_tag?post=7597"}],"curies":[{"name":"wp","href":"https:\/\/api.w.org\/{rel}","templated":true}]}}