{"id":7596,"date":"2025-01-12T11:39:43","date_gmt":"2025-01-12T11:39:43","guid":{"rendered":"https:\/\/christinakosmeetika.ee\/product\/nuance-eyes-up-booster-cream-chr874\/"},"modified":"2026-04-15T15:54:01","modified_gmt":"2026-04-15T12:54:01","slug":"nuance-eyes-up-booster-cream-chr874","status":"publish","type":"product","link":"https:\/\/christinakosmeetika.ee\/et\/toode\/nuance-eyes-up-booster-cream-chr874\/","title":{"rendered":"NUANCE Silma\u00fcmbruse naha kreem-booster 30 ml CHR874"},"content":{"rendered":"<p><strong>Eyes-Up Booster Cream \u2014 Kreem-booster silma\u00fcmbruse nahale<\/strong><\/p>\n<p>Mitmefunktsionaalne kreem silma\u00fcmbruse naha hoolduseks, mis t\u00f5husalt v\u00e4hendab kortse ja turseid, pinguldab nahka ning taastab selle elastsuse. Kreem annab v\u00e4rske ja puhanud ilme t\u00e4nu v\u00f5imsale aktiivsete koostisosade kompleksile.<\/p>\n<p><strong>Peamised aktiivsed komponendid ja nende toime:<\/strong><\/p>\n<ul>\n<li><strong>Peptiidide kompleks:<\/strong> Suurendab elastsust, v\u00e4hendab silmade all olevaid kotte, tugevdab veresoonte seinu ja parandab l\u00fcmfidrenaa\u017ei.<\/li>\n<li><strong>Kollageeni aminohapped:<\/strong> Tugevdavad naha struktuuri, v\u00e4hendades kortsude arvu ja s\u00fcgavust.<\/li>\n<li><strong>Liposoome sisaldav melatoniin:<\/strong> Kaitseb UV-kahjustuste eest, noorendab ja taastab nahka.<\/li>\n<li><strong>H\u00fcaluroonhape:<\/strong> Tagab intensiivse niisutuse ja suurendab naha elastsust.<\/li>\n<li><strong>Cupuassu seemne\u00f5li:<\/strong> Toidab ja taastab nahka, hoides \u00e4ra kuivuse.<\/li>\n<li><strong>N\u00f5iapuu ekstrakt:<\/strong> Rahustab ja toniseerib nahka.<\/li>\n<li><strong>E-vitamiin:<\/strong> T\u00f5hus antioks\u00fcdant, mis kaitseb vabade radikaalide eest ja aeglustab vananemisprotsesse.<\/li>\n<\/ul>\n<p><strong>Peamised toimed:<\/strong><\/p>\n<ul>\n<li>V\u00e4hendab kortsude arvu ja s\u00fcgavust.<\/li>\n<li>Leevendab turseid ja tumedaid silmaaluseid.<\/li>\n<li>Pinguldab nahka ja taastab selle elastsuse.<\/li>\n<li>Niisutab ning tugevdab naha kaitsebarj\u00e4\u00e4ri.<\/li>\n<li>Parandab naha v\u00e4limust, andes sellele v\u00e4rske ja s\u00e4rava ilme.<\/li>\n<\/ul>\n<p><strong>Kasutusjuhend:<\/strong><br \/>\nKandke v\u00e4ike kogus kreemi puhastatud silma\u00fcmbruse nahale. Jaotage \u00f5rnalt, kuni toode on t\u00e4ielikult imendunud. Kasutage hommikul ja \u00f5htul. P\u00e4eval soovitatakse lisaks kasutada p\u00e4ikesekaitsekreemi.<\/p>\n<p><strong>NUANCE Eyes-Up Booster Cream<\/strong> sobib k\u00f5ikidele nahat\u00fc\u00fcpidele ja pakub igak\u00fclgset hooldust \u00f5rnale silma\u00fcmbruse piirkonnale, aidates s\u00e4ilitada nooruslikku ja v\u00e4rsket pilku.<\/p>\n<p><strong>Koostis:<\/strong><\/p>\n<p>Water (Aqua), Glycerin, Isodecyl Neopentanoate, Cetearyl Alcohol, Pentylene Glycol, Propanediol, Theobroma Grandiflorum Seed Butter, Hamamelis Virginiana (Witch Hazel) Extract, Sodium Acrylate Copolymer, Cetearyl Glucoside, Phenoxyethanol, Panthenol, Lecithin, Acrylates\/C10-30 Alkyl Acrylate Crosspolymer, Caprylyl Glycol, Ascorbyl Tetraisopalmitate, Tocopheryl Acetate, Hesperidin Methyl Chalcone, Steareth-20, Glyceryl Polyacrylate, Sodium Hydroxide, Ethylhexylglycerin, Glucose, Sodium hyaluronate, Phospholipids, Melatonin, Lactobacillus Ferment, Benzyl Alcohol, Citric Acid, Sodium Benzoate, Dipeptide-2, Potassium Sorbate, Tocopherol, Palmitoyl Tetrapeptide-7, Collagen Amino Acids.<\/p>\n","protected":false},"excerpt":{"rendered":"<h3 class=\"product_title entry-title\">NUANCE Eyes Up Booster Cream<\/h3>\n","protected":false},"featured_media":7558,"template":"","meta":[],"product_brand":[],"product_cat":[149,486],"product_tag":[],"class_list":{"0":"post-7596","1":"product","2":"type-product","3":"status-publish","4":"has-post-thumbnail","6":"product_cat-kreem","7":"product_cat-nuance-et","8":"product_shipping_class-smart-itella-post","9":"pa_linii-kosmetiki-nuance-et","10":"pa_reshenie-problem-tumedad-ringid","11":"pa_reshenie-problem-turse-silmade-all","12":"pa_reshenie-problem-vananemise-margid","13":"pa_tip-kozi-koik-nahatuubid-et","14":"pa_tip-kozi-kombi-et","15":"pa_tip-kozi-kuiv-et","16":"pa_tip-kozi-normaalne-et","17":"pa_tip-kozi-rasvane-et","18":"pa_tip-preparata-kreem","19":"pa_vremja-primenenija-oine","20":"pa_vremja-primenenija-paev-oo","21":"pa_vremja-primenenija-paevane","23":"first","24":"instock","25":"taxable","26":"shipping-taxable","27":"purchasable","28":"product-type-simple"},"yoast_head":"<!-- This site is optimized with the Yoast SEO plugin v27.5 - https:\/\/yoast.com\/product\/yoast-seo-wordpress\/ -->\n<title>NUANCE Silma\u00fcmbruse naha kreem-booster 30 ml CHR874 - Christinakosmeetika<\/title>\n<meta name=\"description\" content=\"Eyes-Up Booster Cream on multifunktsionaalne toode, mis on loodud v\u00f5itlema kortsude, tursete ja teiste vananemism\u00e4rkidega silma\u00fcmbruse piirkonnas.\" \/>\n<meta name=\"robots\" content=\"index, follow, max-snippet:-1, max-image-preview:large, max-video-preview:-1\" \/>\n<link rel=\"canonical\" href=\"https:\/\/christinakosmeetika.ee\/product\/nuance-eyes-up-booster-cream-chr874\/\" \/>\n<meta property=\"og:locale\" content=\"et_EE\" \/>\n<meta property=\"og:type\" content=\"article\" \/>\n<meta property=\"og:title\" content=\"NUANCE Silma\u00fcmbruse naha kreem-booster 30 ml CHR874 - Christinakosmeetika\" \/>\n<meta property=\"og:description\" content=\"Eyes-Up Booster Cream on multifunktsionaalne toode, mis on loodud v\u00f5itlema kortsude, tursete ja teiste vananemism\u00e4rkidega silma\u00fcmbruse piirkonnas.\" \/>\n<meta property=\"og:url\" content=\"https:\/\/christinakosmeetika.ee\/product\/nuance-eyes-up-booster-cream-chr874\/\" \/>\n<meta property=\"og:site_name\" content=\"Christinakosmeetika\" \/>\n<meta property=\"article:modified_time\" content=\"2026-04-15T12:54:01+00:00\" \/>\n<meta property=\"og:image\" content=\"https:\/\/christinakosmeetika.ee\/wp-content\/uploads\/2025\/01\/Nuance-Eyes-Up-Booster-Cream.png\" \/>\n\t<meta property=\"og:image:width\" content=\"1080\" \/>\n\t<meta property=\"og:image:height\" content=\"1080\" \/>\n\t<meta property=\"og:image:type\" content=\"image\/png\" \/>\n<meta name=\"twitter:card\" content=\"summary_large_image\" \/>\n<meta name=\"twitter:label1\" content=\"Est. reading time\" \/>\n\t<meta name=\"twitter:data1\" content=\"2 minutit\" \/>\n<script type=\"application\/ld+json\" class=\"yoast-schema-graph\">{\"@context\":\"https:\\\/\\\/schema.org\",\"@graph\":[{\"@type\":\"WebPage\",\"@id\":\"https:\\\/\\\/christinakosmeetika.ee\\\/product\\\/nuance-eyes-up-booster-cream-chr874\\\/\",\"url\":\"https:\\\/\\\/christinakosmeetika.ee\\\/product\\\/nuance-eyes-up-booster-cream-chr874\\\/\",\"name\":\"NUANCE Silma\u00fcmbruse naha kreem-booster 30 ml CHR874 - Christinakosmeetika\",\"isPartOf\":{\"@id\":\"https:\\\/\\\/christinakosmeetika.ee\\\/#website\"},\"primaryImageOfPage\":{\"@id\":\"https:\\\/\\\/christinakosmeetika.ee\\\/product\\\/nuance-eyes-up-booster-cream-chr874\\\/#primaryimage\"},\"image\":{\"@id\":\"https:\\\/\\\/christinakosmeetika.ee\\\/product\\\/nuance-eyes-up-booster-cream-chr874\\\/#primaryimage\"},\"thumbnailUrl\":\"https:\\\/\\\/christinakosmeetika.ee\\\/wp-content\\\/uploads\\\/2025\\\/01\\\/Nuance-Eyes-Up-Booster-Cream.png\",\"datePublished\":\"2025-01-12T11:39:43+00:00\",\"dateModified\":\"2026-04-15T12:54:01+00:00\",\"description\":\"Eyes-Up Booster Cream on multifunktsionaalne toode, mis on loodud v\u00f5itlema kortsude, tursete ja teiste vananemism\u00e4rkidega silma\u00fcmbruse piirkonnas.\",\"breadcrumb\":{\"@id\":\"https:\\\/\\\/christinakosmeetika.ee\\\/product\\\/nuance-eyes-up-booster-cream-chr874\\\/#breadcrumb\"},\"inLanguage\":\"et\",\"potentialAction\":[{\"@type\":\"ReadAction\",\"target\":[\"https:\\\/\\\/christinakosmeetika.ee\\\/product\\\/nuance-eyes-up-booster-cream-chr874\\\/\"]}]},{\"@type\":\"ImageObject\",\"inLanguage\":\"et\",\"@id\":\"https:\\\/\\\/christinakosmeetika.ee\\\/product\\\/nuance-eyes-up-booster-cream-chr874\\\/#primaryimage\",\"url\":\"https:\\\/\\\/christinakosmeetika.ee\\\/wp-content\\\/uploads\\\/2025\\\/01\\\/Nuance-Eyes-Up-Booster-Cream.png\",\"contentUrl\":\"https:\\\/\\\/christinakosmeetika.ee\\\/wp-content\\\/uploads\\\/2025\\\/01\\\/Nuance-Eyes-Up-Booster-Cream.png\",\"width\":1080,\"height\":1080},{\"@type\":\"BreadcrumbList\",\"@id\":\"https:\\\/\\\/christinakosmeetika.ee\\\/product\\\/nuance-eyes-up-booster-cream-chr874\\\/#breadcrumb\",\"itemListElement\":[{\"@type\":\"ListItem\",\"position\":1,\"name\":\"\u0413\u043b\u0430\u0432\u043d\u0430\u044f \u0441\u0442\u0440\u0430\u043d\u0438\u0446\u0430\",\"item\":\"https:\\\/\\\/christinakosmeetika.ee\\\/et\\\/\"},{\"@type\":\"ListItem\",\"position\":2,\"name\":\"Pood\",\"item\":\"https:\\\/\\\/christinakosmeetika.ee\\\/et\\\/shop\\\/\"},{\"@type\":\"ListItem\",\"position\":3,\"name\":\"NUANCE Silma\u00fcmbruse naha kreem-booster 30 ml CHR874\"}]},{\"@type\":\"WebSite\",\"@id\":\"https:\\\/\\\/christinakosmeetika.ee\\\/#website\",\"url\":\"https:\\\/\\\/christinakosmeetika.ee\\\/\",\"name\":\"Christinakosmeetika\",\"description\":\"Christina kosmeetika Eestis\",\"alternateName\":\"Christina kosmeetika Eestis\",\"potentialAction\":[{\"@type\":\"SearchAction\",\"target\":{\"@type\":\"EntryPoint\",\"urlTemplate\":\"https:\\\/\\\/christinakosmeetika.ee\\\/?s={search_term_string}\"},\"query-input\":{\"@type\":\"PropertyValueSpecification\",\"valueRequired\":true,\"valueName\":\"search_term_string\"}}],\"inLanguage\":\"et\"}]}<\/script>\n<!-- \/ Yoast SEO plugin. -->","yoast_head_json":{"title":"NUANCE Silma\u00fcmbruse naha kreem-booster 30 ml CHR874 - Christinakosmeetika","description":"Eyes-Up Booster Cream on multifunktsionaalne toode, mis on loodud v\u00f5itlema kortsude, tursete ja teiste vananemism\u00e4rkidega silma\u00fcmbruse piirkonnas.","robots":{"index":"index","follow":"follow","max-snippet":"max-snippet:-1","max-image-preview":"max-image-preview:large","max-video-preview":"max-video-preview:-1"},"canonical":"https:\/\/christinakosmeetika.ee\/product\/nuance-eyes-up-booster-cream-chr874\/","og_locale":"et_EE","og_type":"article","og_title":"NUANCE Silma\u00fcmbruse naha kreem-booster 30 ml CHR874 - Christinakosmeetika","og_description":"Eyes-Up Booster Cream on multifunktsionaalne toode, mis on loodud v\u00f5itlema kortsude, tursete ja teiste vananemism\u00e4rkidega silma\u00fcmbruse piirkonnas.","og_url":"https:\/\/christinakosmeetika.ee\/product\/nuance-eyes-up-booster-cream-chr874\/","og_site_name":"Christinakosmeetika","article_modified_time":"2026-04-15T12:54:01+00:00","og_image":[{"width":1080,"height":1080,"url":"https:\/\/christinakosmeetika.ee\/wp-content\/uploads\/2025\/01\/Nuance-Eyes-Up-Booster-Cream.png","type":"image\/png"}],"twitter_card":"summary_large_image","twitter_misc":{"Est. reading time":"2 minutit"},"schema":{"@context":"https:\/\/schema.org","@graph":[{"@type":"WebPage","@id":"https:\/\/christinakosmeetika.ee\/product\/nuance-eyes-up-booster-cream-chr874\/","url":"https:\/\/christinakosmeetika.ee\/product\/nuance-eyes-up-booster-cream-chr874\/","name":"NUANCE Silma\u00fcmbruse naha kreem-booster 30 ml CHR874 - Christinakosmeetika","isPartOf":{"@id":"https:\/\/christinakosmeetika.ee\/#website"},"primaryImageOfPage":{"@id":"https:\/\/christinakosmeetika.ee\/product\/nuance-eyes-up-booster-cream-chr874\/#primaryimage"},"image":{"@id":"https:\/\/christinakosmeetika.ee\/product\/nuance-eyes-up-booster-cream-chr874\/#primaryimage"},"thumbnailUrl":"https:\/\/christinakosmeetika.ee\/wp-content\/uploads\/2025\/01\/Nuance-Eyes-Up-Booster-Cream.png","datePublished":"2025-01-12T11:39:43+00:00","dateModified":"2026-04-15T12:54:01+00:00","description":"Eyes-Up Booster Cream on multifunktsionaalne toode, mis on loodud v\u00f5itlema kortsude, tursete ja teiste vananemism\u00e4rkidega silma\u00fcmbruse piirkonnas.","breadcrumb":{"@id":"https:\/\/christinakosmeetika.ee\/product\/nuance-eyes-up-booster-cream-chr874\/#breadcrumb"},"inLanguage":"et","potentialAction":[{"@type":"ReadAction","target":["https:\/\/christinakosmeetika.ee\/product\/nuance-eyes-up-booster-cream-chr874\/"]}]},{"@type":"ImageObject","inLanguage":"et","@id":"https:\/\/christinakosmeetika.ee\/product\/nuance-eyes-up-booster-cream-chr874\/#primaryimage","url":"https:\/\/christinakosmeetika.ee\/wp-content\/uploads\/2025\/01\/Nuance-Eyes-Up-Booster-Cream.png","contentUrl":"https:\/\/christinakosmeetika.ee\/wp-content\/uploads\/2025\/01\/Nuance-Eyes-Up-Booster-Cream.png","width":1080,"height":1080},{"@type":"BreadcrumbList","@id":"https:\/\/christinakosmeetika.ee\/product\/nuance-eyes-up-booster-cream-chr874\/#breadcrumb","itemListElement":[{"@type":"ListItem","position":1,"name":"\u0413\u043b\u0430\u0432\u043d\u0430\u044f \u0441\u0442\u0440\u0430\u043d\u0438\u0446\u0430","item":"https:\/\/christinakosmeetika.ee\/et\/"},{"@type":"ListItem","position":2,"name":"Pood","item":"https:\/\/christinakosmeetika.ee\/et\/shop\/"},{"@type":"ListItem","position":3,"name":"NUANCE Silma\u00fcmbruse naha kreem-booster 30 ml CHR874"}]},{"@type":"WebSite","@id":"https:\/\/christinakosmeetika.ee\/#website","url":"https:\/\/christinakosmeetika.ee\/","name":"Christinakosmeetika","description":"Christina kosmeetika Eestis","alternateName":"Christina kosmeetika Eestis","potentialAction":[{"@type":"SearchAction","target":{"@type":"EntryPoint","urlTemplate":"https:\/\/christinakosmeetika.ee\/?s={search_term_string}"},"query-input":{"@type":"PropertyValueSpecification","valueRequired":true,"valueName":"search_term_string"}}],"inLanguage":"et"}]}},"_links":{"self":[{"href":"https:\/\/christinakosmeetika.ee\/et\/wp-json\/wp\/v2\/product\/7596","targetHints":{"allow":["GET"]}}],"collection":[{"href":"https:\/\/christinakosmeetika.ee\/et\/wp-json\/wp\/v2\/product"}],"about":[{"href":"https:\/\/christinakosmeetika.ee\/et\/wp-json\/wp\/v2\/types\/product"}],"wp:featuredmedia":[{"embeddable":true,"href":"https:\/\/christinakosmeetika.ee\/et\/wp-json\/wp\/v2\/media\/7558"}],"wp:attachment":[{"href":"https:\/\/christinakosmeetika.ee\/et\/wp-json\/wp\/v2\/media?parent=7596"}],"wp:term":[{"taxonomy":"product_brand","embeddable":true,"href":"https:\/\/christinakosmeetika.ee\/et\/wp-json\/wp\/v2\/product_brand?post=7596"},{"taxonomy":"product_cat","embeddable":true,"href":"https:\/\/christinakosmeetika.ee\/et\/wp-json\/wp\/v2\/product_cat?post=7596"},{"taxonomy":"product_tag","embeddable":true,"href":"https:\/\/christinakosmeetika.ee\/et\/wp-json\/wp\/v2\/product_tag?post=7596"}],"curies":[{"name":"wp","href":"https:\/\/api.w.org\/{rel}","templated":true}]}}