{"id":7594,"date":"2025-01-12T12:58:40","date_gmt":"2025-01-12T12:58:40","guid":{"rendered":"https:\/\/christinakosmeetika.ee\/product\/nuance-protective-day-wear-spf-30-75-ml-chr861\/"},"modified":"2026-04-15T18:53:21","modified_gmt":"2026-04-15T15:53:21","slug":"nuance-protective-day-wear-spf-30-75-ml-chr861","status":"publish","type":"product","link":"https:\/\/christinakosmeetika.ee\/et\/toode\/nuance-protective-day-wear-spf-30-75-ml-chr861\/","title":{"rendered":"NUANCE Kaitsev p\u00e4evakreem SPF 30 75 ml CHR861"},"content":{"rendered":"<p><strong>Kaitsev p\u00e4evakreem SPF 30<\/strong><\/p>\n<p>See p\u00e4evakreem pakub usaldusv\u00e4\u00e4rset kaitset naha UV-kiirguse, oks\u00fcdatiivse stressi ja keskkonnasaaste eest. T\u00e4nu aktiivsete koostisosade kombinatsioonile s\u00e4ilitab kreem naha tervisliku mikrofloora, niisutab, taastab elastsuse ja tugevdab naha struktuuri.<\/p>\n<p><strong>Peamised aktiivsed koostisosad ja nende m\u00f5ju:<\/strong><\/p>\n<ul>\n<li><strong>P\u00e4ikesekaitsefiltrid (UVA\/UVB):<\/strong> pakuvad laia spektriga kaitset ultraviolettkiirte eest, ennetades fotovananemist.<\/li>\n<li><strong>Jakoonijuure mahl:<\/strong> prebiootiline toime, mis toetab naha mikrobioota tasakaalu.<\/li>\n<li><strong>Antioks\u00fcdantide peptiidikompleks:<\/strong> neutraliseerib vabu radikaale, ennetades rakukahjustusi ja aeglustades vananemisprotsesse.<\/li>\n<li><strong>H\u00fcaluroonhape:<\/strong> niisutab nahka, parandab selle elastsust, tugevust ja tugevdab kollageenikiude.<\/li>\n<li><strong>Feruulahape:<\/strong> v\u00f5imas antioks\u00fcdant, mis kaitseb nahka oks\u00fcdatiivse stressi eest.<\/li>\n<li><strong>Arginiin, seriin, proliin:<\/strong> aminohapped, mis tugevdavad naha kaitsebarj\u00e4\u00e4ri ja soodustavad naha taastumist.<\/li>\n<\/ul>\n<p><strong>Peamised toimed:<\/strong><\/p>\n<ul>\n<li>Pakub usaldusv\u00e4\u00e4rset kaitset UV-kiirguse ja keskkonnasaaste eest.<\/li>\n<li>Niisutab ja taastab naha elastsust.<\/li>\n<li>Ennetab oks\u00fcdatiivset stressi ja fotovananemist.<\/li>\n<li>S\u00e4ilitab naha loomuliku mikrobioota tasakaalu.<\/li>\n<\/ul>\n<p><strong>Kasutamine:<\/strong><br \/>\nKandke v\u00e4ike kogus kreemi puhastatud n\u00e4ole, kaelale ja dekolteepiirkonnale. Kandke \u00f5rnade patsutavate liigutustega kuni t\u00e4ieliku imendumiseni. Kasutage igap\u00e4evaselt hommikul.<\/p>\n<p><strong>Maht:<\/strong> 75 ml<\/p>\n<p><strong>Koostis:<\/strong> Water (Aqua), C12-15 Alkyl Benzoate, Diisopropyl Adipate, Glyceryl Stearate, Propanediol, Diethylamino Hydroxybenzoyl Hexyl Benzoate, Ethylhexyl Triazone, Cetyl Alcohol, Pentylene Glycol, PEG-100 Stearate, Bis-Ethylhexyloxyphenol Methoxyphenyl Triazine, Acrylates\/C12-22 A l k y l M e t h a c r y l a t e C o p o l y m e r, Phenoxyethanol, Glycerin, Dimethicone, Phenyl Trimethicone, Xanthan Gum, Arginine, Caprylyl Glycol, Tocopheryl Acetate, Polymnia Sonchifolia Root Juice, Coco-Glucoside, Fragrance (Parfum), Sodium Phytate, Ethylhexylglycerin, Pseudoalteromonas Ferment Extract, Citric Acid, Disodium Lauryl Sulfosuccinate, Tetramethyl Acetyloctahydronaphthalenes, Sodium hyaluronate, Hexamethylindanopyran, Hexyl Cinnamal, Alanine, Linalyl Acetate, Limonene, Citronellol, Dimethyl Phenethyl Acetate, Benzyl Salicylate, Alpha-Isomethyl Ionone, Citrus Aurantium Peel Oil, Serine, Proline, Sodium Phosphate, Ferulic acid, Sodium Hydroxide, Pinene, Acetyl Tetrapeptide-2.<\/p>\n","protected":false},"excerpt":{"rendered":"<h3 class=\"product_title entry-title\">NUANCE Protective Day Wear SPF 30<\/h3>\n","protected":false},"featured_media":7566,"template":"","meta":[],"product_brand":[],"product_cat":[149,486],"product_tag":[],"class_list":{"0":"post-7594","1":"product","2":"type-product","3":"status-publish","4":"has-post-thumbnail","6":"product_cat-kreem","7":"product_cat-nuance-et","8":"product_shipping_class-smart-itella-post","9":"pa_krem-spf-spf-kreemid","10":"pa_linii-kosmetiki-nuance-et","11":"pa_reshenie-problem-dehudratsioon","12":"pa_reshenie-problem-suhost","13":"pa_reshenie-problem-vananemise-margid","14":"pa_tip-kozi-koik-nahatuubid-et","15":"pa_tip-kozi-kombi-et","16":"pa_tip-kozi-kuiv-et","17":"pa_tip-kozi-normaalne-et","18":"pa_tip-kozi-rasvane-et","19":"pa_tip-preparata-kreem","20":"pa_vremja-primenenija-paevane","22":"first","23":"instock","24":"taxable","25":"shipping-taxable","26":"purchasable","27":"product-type-simple"},"yoast_head":"<!-- This site is optimized with the Yoast SEO plugin v27.5 - https:\/\/yoast.com\/product\/yoast-seo-wordpress\/ -->\n<title>NUANCE Kaitsev p\u00e4evakreem SPF 30 75 ml CHR861 - Christinakosmeetika<\/title>\n<meta name=\"description\" content=\"Kaitsev p\u00e4evakreem, mis tagab nahale tervikliku kaitse ja hoolduse. Kreem kaitseb nahka UV-kiirguse, oks\u00fcdatiivse stressi ja keskkonnasaaste eest.\" \/>\n<meta name=\"robots\" content=\"index, follow, max-snippet:-1, max-image-preview:large, max-video-preview:-1\" \/>\n<link rel=\"canonical\" href=\"https:\/\/christinakosmeetika.ee\/product\/nuance-protective-day-wear-spf-30-75-ml-chr861\/\" \/>\n<meta property=\"og:locale\" content=\"et_EE\" \/>\n<meta property=\"og:type\" content=\"article\" \/>\n<meta property=\"og:title\" content=\"NUANCE Kaitsev p\u00e4evakreem SPF 30 75 ml CHR861 - Christinakosmeetika\" \/>\n<meta property=\"og:description\" content=\"Kaitsev p\u00e4evakreem, mis tagab nahale tervikliku kaitse ja hoolduse. Kreem kaitseb nahka UV-kiirguse, oks\u00fcdatiivse stressi ja keskkonnasaaste eest.\" \/>\n<meta property=\"og:url\" content=\"https:\/\/christinakosmeetika.ee\/product\/nuance-protective-day-wear-spf-30-75-ml-chr861\/\" \/>\n<meta property=\"og:site_name\" content=\"Christinakosmeetika\" \/>\n<meta property=\"article:modified_time\" content=\"2026-04-15T15:53:21+00:00\" \/>\n<meta property=\"og:image\" content=\"https:\/\/christinakosmeetika.ee\/wp-content\/uploads\/2025\/01\/Nuance-Protective-Day-Wear-SPF-30.png\" \/>\n\t<meta property=\"og:image:width\" content=\"1080\" \/>\n\t<meta property=\"og:image:height\" content=\"1080\" \/>\n\t<meta property=\"og:image:type\" content=\"image\/png\" \/>\n<meta name=\"twitter:card\" content=\"summary_large_image\" \/>\n<meta name=\"twitter:label1\" content=\"Est. reading time\" \/>\n\t<meta name=\"twitter:data1\" content=\"2 minutit\" \/>\n<script type=\"application\/ld+json\" class=\"yoast-schema-graph\">{\"@context\":\"https:\\\/\\\/schema.org\",\"@graph\":[{\"@type\":\"WebPage\",\"@id\":\"https:\\\/\\\/christinakosmeetika.ee\\\/product\\\/nuance-protective-day-wear-spf-30-75-ml-chr861\\\/\",\"url\":\"https:\\\/\\\/christinakosmeetika.ee\\\/product\\\/nuance-protective-day-wear-spf-30-75-ml-chr861\\\/\",\"name\":\"NUANCE Kaitsev p\u00e4evakreem SPF 30 75 ml CHR861 - Christinakosmeetika\",\"isPartOf\":{\"@id\":\"https:\\\/\\\/christinakosmeetika.ee\\\/#website\"},\"primaryImageOfPage\":{\"@id\":\"https:\\\/\\\/christinakosmeetika.ee\\\/product\\\/nuance-protective-day-wear-spf-30-75-ml-chr861\\\/#primaryimage\"},\"image\":{\"@id\":\"https:\\\/\\\/christinakosmeetika.ee\\\/product\\\/nuance-protective-day-wear-spf-30-75-ml-chr861\\\/#primaryimage\"},\"thumbnailUrl\":\"https:\\\/\\\/christinakosmeetika.ee\\\/wp-content\\\/uploads\\\/2025\\\/01\\\/Nuance-Protective-Day-Wear-SPF-30.png\",\"datePublished\":\"2025-01-12T12:58:40+00:00\",\"dateModified\":\"2026-04-15T15:53:21+00:00\",\"description\":\"Kaitsev p\u00e4evakreem, mis tagab nahale tervikliku kaitse ja hoolduse. Kreem kaitseb nahka UV-kiirguse, oks\u00fcdatiivse stressi ja keskkonnasaaste eest.\",\"breadcrumb\":{\"@id\":\"https:\\\/\\\/christinakosmeetika.ee\\\/product\\\/nuance-protective-day-wear-spf-30-75-ml-chr861\\\/#breadcrumb\"},\"inLanguage\":\"et\",\"potentialAction\":[{\"@type\":\"ReadAction\",\"target\":[\"https:\\\/\\\/christinakosmeetika.ee\\\/product\\\/nuance-protective-day-wear-spf-30-75-ml-chr861\\\/\"]}]},{\"@type\":\"ImageObject\",\"inLanguage\":\"et\",\"@id\":\"https:\\\/\\\/christinakosmeetika.ee\\\/product\\\/nuance-protective-day-wear-spf-30-75-ml-chr861\\\/#primaryimage\",\"url\":\"https:\\\/\\\/christinakosmeetika.ee\\\/wp-content\\\/uploads\\\/2025\\\/01\\\/Nuance-Protective-Day-Wear-SPF-30.png\",\"contentUrl\":\"https:\\\/\\\/christinakosmeetika.ee\\\/wp-content\\\/uploads\\\/2025\\\/01\\\/Nuance-Protective-Day-Wear-SPF-30.png\",\"width\":1080,\"height\":1080},{\"@type\":\"BreadcrumbList\",\"@id\":\"https:\\\/\\\/christinakosmeetika.ee\\\/product\\\/nuance-protective-day-wear-spf-30-75-ml-chr861\\\/#breadcrumb\",\"itemListElement\":[{\"@type\":\"ListItem\",\"position\":1,\"name\":\"\u0413\u043b\u0430\u0432\u043d\u0430\u044f \u0441\u0442\u0440\u0430\u043d\u0438\u0446\u0430\",\"item\":\"https:\\\/\\\/christinakosmeetika.ee\\\/et\\\/\"},{\"@type\":\"ListItem\",\"position\":2,\"name\":\"Pood\",\"item\":\"https:\\\/\\\/christinakosmeetika.ee\\\/et\\\/shop\\\/\"},{\"@type\":\"ListItem\",\"position\":3,\"name\":\"NUANCE Kaitsev p\u00e4evakreem SPF 30 75 ml CHR861\"}]},{\"@type\":\"WebSite\",\"@id\":\"https:\\\/\\\/christinakosmeetika.ee\\\/#website\",\"url\":\"https:\\\/\\\/christinakosmeetika.ee\\\/\",\"name\":\"Christinakosmeetika\",\"description\":\"Christina kosmeetika Eestis\",\"alternateName\":\"Christina kosmeetika Eestis\",\"potentialAction\":[{\"@type\":\"SearchAction\",\"target\":{\"@type\":\"EntryPoint\",\"urlTemplate\":\"https:\\\/\\\/christinakosmeetika.ee\\\/?s={search_term_string}\"},\"query-input\":{\"@type\":\"PropertyValueSpecification\",\"valueRequired\":true,\"valueName\":\"search_term_string\"}}],\"inLanguage\":\"et\"}]}<\/script>\n<!-- \/ Yoast SEO plugin. -->","yoast_head_json":{"title":"NUANCE Kaitsev p\u00e4evakreem SPF 30 75 ml CHR861 - Christinakosmeetika","description":"Kaitsev p\u00e4evakreem, mis tagab nahale tervikliku kaitse ja hoolduse. Kreem kaitseb nahka UV-kiirguse, oks\u00fcdatiivse stressi ja keskkonnasaaste eest.","robots":{"index":"index","follow":"follow","max-snippet":"max-snippet:-1","max-image-preview":"max-image-preview:large","max-video-preview":"max-video-preview:-1"},"canonical":"https:\/\/christinakosmeetika.ee\/product\/nuance-protective-day-wear-spf-30-75-ml-chr861\/","og_locale":"et_EE","og_type":"article","og_title":"NUANCE Kaitsev p\u00e4evakreem SPF 30 75 ml CHR861 - Christinakosmeetika","og_description":"Kaitsev p\u00e4evakreem, mis tagab nahale tervikliku kaitse ja hoolduse. Kreem kaitseb nahka UV-kiirguse, oks\u00fcdatiivse stressi ja keskkonnasaaste eest.","og_url":"https:\/\/christinakosmeetika.ee\/product\/nuance-protective-day-wear-spf-30-75-ml-chr861\/","og_site_name":"Christinakosmeetika","article_modified_time":"2026-04-15T15:53:21+00:00","og_image":[{"width":1080,"height":1080,"url":"https:\/\/christinakosmeetika.ee\/wp-content\/uploads\/2025\/01\/Nuance-Protective-Day-Wear-SPF-30.png","type":"image\/png"}],"twitter_card":"summary_large_image","twitter_misc":{"Est. reading time":"2 minutit"},"schema":{"@context":"https:\/\/schema.org","@graph":[{"@type":"WebPage","@id":"https:\/\/christinakosmeetika.ee\/product\/nuance-protective-day-wear-spf-30-75-ml-chr861\/","url":"https:\/\/christinakosmeetika.ee\/product\/nuance-protective-day-wear-spf-30-75-ml-chr861\/","name":"NUANCE Kaitsev p\u00e4evakreem SPF 30 75 ml CHR861 - Christinakosmeetika","isPartOf":{"@id":"https:\/\/christinakosmeetika.ee\/#website"},"primaryImageOfPage":{"@id":"https:\/\/christinakosmeetika.ee\/product\/nuance-protective-day-wear-spf-30-75-ml-chr861\/#primaryimage"},"image":{"@id":"https:\/\/christinakosmeetika.ee\/product\/nuance-protective-day-wear-spf-30-75-ml-chr861\/#primaryimage"},"thumbnailUrl":"https:\/\/christinakosmeetika.ee\/wp-content\/uploads\/2025\/01\/Nuance-Protective-Day-Wear-SPF-30.png","datePublished":"2025-01-12T12:58:40+00:00","dateModified":"2026-04-15T15:53:21+00:00","description":"Kaitsev p\u00e4evakreem, mis tagab nahale tervikliku kaitse ja hoolduse. Kreem kaitseb nahka UV-kiirguse, oks\u00fcdatiivse stressi ja keskkonnasaaste eest.","breadcrumb":{"@id":"https:\/\/christinakosmeetika.ee\/product\/nuance-protective-day-wear-spf-30-75-ml-chr861\/#breadcrumb"},"inLanguage":"et","potentialAction":[{"@type":"ReadAction","target":["https:\/\/christinakosmeetika.ee\/product\/nuance-protective-day-wear-spf-30-75-ml-chr861\/"]}]},{"@type":"ImageObject","inLanguage":"et","@id":"https:\/\/christinakosmeetika.ee\/product\/nuance-protective-day-wear-spf-30-75-ml-chr861\/#primaryimage","url":"https:\/\/christinakosmeetika.ee\/wp-content\/uploads\/2025\/01\/Nuance-Protective-Day-Wear-SPF-30.png","contentUrl":"https:\/\/christinakosmeetika.ee\/wp-content\/uploads\/2025\/01\/Nuance-Protective-Day-Wear-SPF-30.png","width":1080,"height":1080},{"@type":"BreadcrumbList","@id":"https:\/\/christinakosmeetika.ee\/product\/nuance-protective-day-wear-spf-30-75-ml-chr861\/#breadcrumb","itemListElement":[{"@type":"ListItem","position":1,"name":"\u0413\u043b\u0430\u0432\u043d\u0430\u044f \u0441\u0442\u0440\u0430\u043d\u0438\u0446\u0430","item":"https:\/\/christinakosmeetika.ee\/et\/"},{"@type":"ListItem","position":2,"name":"Pood","item":"https:\/\/christinakosmeetika.ee\/et\/shop\/"},{"@type":"ListItem","position":3,"name":"NUANCE Kaitsev p\u00e4evakreem SPF 30 75 ml CHR861"}]},{"@type":"WebSite","@id":"https:\/\/christinakosmeetika.ee\/#website","url":"https:\/\/christinakosmeetika.ee\/","name":"Christinakosmeetika","description":"Christina kosmeetika Eestis","alternateName":"Christina kosmeetika Eestis","potentialAction":[{"@type":"SearchAction","target":{"@type":"EntryPoint","urlTemplate":"https:\/\/christinakosmeetika.ee\/?s={search_term_string}"},"query-input":{"@type":"PropertyValueSpecification","valueRequired":true,"valueName":"search_term_string"}}],"inLanguage":"et"}]}},"_links":{"self":[{"href":"https:\/\/christinakosmeetika.ee\/et\/wp-json\/wp\/v2\/product\/7594","targetHints":{"allow":["GET"]}}],"collection":[{"href":"https:\/\/christinakosmeetika.ee\/et\/wp-json\/wp\/v2\/product"}],"about":[{"href":"https:\/\/christinakosmeetika.ee\/et\/wp-json\/wp\/v2\/types\/product"}],"wp:featuredmedia":[{"embeddable":true,"href":"https:\/\/christinakosmeetika.ee\/et\/wp-json\/wp\/v2\/media\/7566"}],"wp:attachment":[{"href":"https:\/\/christinakosmeetika.ee\/et\/wp-json\/wp\/v2\/media?parent=7594"}],"wp:term":[{"taxonomy":"product_brand","embeddable":true,"href":"https:\/\/christinakosmeetika.ee\/et\/wp-json\/wp\/v2\/product_brand?post=7594"},{"taxonomy":"product_cat","embeddable":true,"href":"https:\/\/christinakosmeetika.ee\/et\/wp-json\/wp\/v2\/product_cat?post=7594"},{"taxonomy":"product_tag","embeddable":true,"href":"https:\/\/christinakosmeetika.ee\/et\/wp-json\/wp\/v2\/product_tag?post=7594"}],"curies":[{"name":"wp","href":"https:\/\/api.w.org\/{rel}","templated":true}]}}