{"id":7026,"date":"2024-08-30T09:36:32","date_gmt":"2024-08-30T09:36:32","guid":{"rendered":"https:\/\/christinakosmeetika.ee\/product\/unstress-probiotic-day-cream-eye-neck-30ml-chr761\/"},"modified":"2026-04-15T15:48:04","modified_gmt":"2026-04-15T12:48:04","slug":"unstress-probiotic-day-cream-eye-neck-30ml-chr761","status":"publish","type":"product","link":"https:\/\/christinakosmeetika.ee\/et\/toode\/unstress-probiotic-day-cream-eye-neck-30ml-chr761\/","title":{"rendered":"Unstress Probiotic Day Cream Eye &#038; Neck 30ml CHR761"},"content":{"rendered":"<p><strong>Unstress Probiotic Day Cream Eye &amp; Neck<\/strong> \u2014<\/p>\n<div class=\"flex max-w-full flex-col flex-grow\">\n<div class=\"min-h-[20px] text-message flex w-full flex-col items-end gap-2 break-words [.text-message+&amp;]:mt-5 overflow-x-auto whitespace-normal\" dir=\"auto\" data-message-author-role=\"assistant\" data-message-id=\"9dc708b5-3dc3-49f6-a27a-1b8c85579b56\">\n<div class=\"flex w-full flex-col gap-1 empty:hidden first:pt-[3px]\">\n<div class=\"markdown prose w-full break-words dark:prose-invert light\">\n<p>See on probiootilise toimega p\u00e4evakreem, mis on spetsiaalselt v\u00e4lja t\u00f6\u00f6tatud \u00f5rna silma- ja kaelapiirkonna naha jaoks. Kreem tagab pikaajalise niisutuse, naha pehmendamise ja taastamise, ilma et see muudaks naha raskeks. T\u00e4nu oma unikaalsele koostisele, mis sisaldab laktobatsille, peptiide, antioks\u00fcdante ja p\u00e4ikesekaitsefiltreid, moodustab kreem nahale \u00f5hukese ja mugava kaitsekihi, mis kaitseb kahjulike UV-kiirte, vabade radikaalide, temperatuurik\u00f5ikumiste ja teiste keskkonna ebasoodsate tegurite eest.<\/p>\n<p>Kreem taastab kiiresti naha loomuliku tasakaalu ja immuunsuse, rahustab, silub ja muudab naha elastsemaks ning tervemaks. See on eriti sobiv tundlikule nahale, mis reageerib teravalt kosmeetikatoodetele, pakkudes samal ajal kaitset ja mugavust.<\/p>\n<p><strong>Eelised:<\/strong><\/p>\n<ul>\n<li>Kaitse UV-kiirte ja sinise valguse eest.<\/li>\n<li>Niisutus ja pehmendus ilma naha raskeks muutmata.<\/li>\n<li>Sobib tundlikule ja reaktiivsele nahale.<\/li>\n<li>Sisaldab antioks\u00fcdante ja probiootikume, mis tugevdavad naha kaitsebarj\u00e4\u00e4ri.<\/li>\n<\/ul>\n<p><strong>Kasutamisjuhised:<\/strong> Kandke kreemi igal hommikul \u00f5hukese ja \u00fchtlase kihina puhtale kaela- ja silma\u00fcmbruse nahale, masseerides kergelt, kuni kreem t\u00e4ielikult imendub.<\/p>\n<p><strong>Aktiivsed koostisosad:<\/strong><\/p>\n<ul>\n<li><strong>Laktobatsillid ja probiootikumid:<\/strong> Toetavad naha loomulikku immuunsust, soodustavad selle taastumist ja kaitset.<\/li>\n<li><strong>Peptiidid:<\/strong> Stimuleerivad kollageeni s\u00fcnteesi, tugevdavad nahka ja ennetavad kortsude teket.<\/li>\n<li><strong>Antioks\u00fcdandid:<\/strong> Kaitsevad nahka vabade radikaalide kahjuliku m\u00f5ju ja enneaegse vananemise eest.<\/li>\n<li><strong>P\u00e4ikesekaitsefiltrid:<\/strong> Tagavad kaitse UVA\/UVB kiirte eest ja ennetavad fotovananemist.<\/li>\n<li><strong>H\u00fcaluroonhape:<\/strong> Niisutab intensiivselt nahka, s\u00e4ilitades selle elastsuse ja prinkuse.<\/li>\n<\/ul>\n<p>Kreem mitte ainult ei kaitse nahka v\u00e4liste m\u00f5jude eest, vaid parandab aktiivselt ka selle seisundit, muutes naha siledamaks, pehmemaks ja s\u00e4ravamaks.<\/p>\n<\/div>\n<\/div>\n<\/div>\n<\/div>\n<p><strong>\u0421\u043e\u0441\u0442\u0430\u0432:<\/strong>\u00a0Deionized water (Aqua), Cetearyl Alcohol&amp;, Cetearyl Glucoside&amp;, Deionized water (Aqua)&amp;, Glucose, Cetearyl Ethylhexanoate, Glycerin, Aminomethyl Propanol&amp;, Bis-Ethylhexyloxyphenol Methoxyphenyl Triazine&amp;, Deionized water (Aqua)&amp;, Polymethyl Methacrylate&amp;, Sodium Laureth Sulfate, 1,2-Hexanediol&amp;, Caprylyl Glycol&amp;, Deionized water (Aqua)&amp;, Sodium hyaluronate, Deionized water (Aqua)&amp;, Glycerin&amp;, Glyceryl Polyacrylate, Butyrospermum Parkii (Shea) Butter, Ethylhexyl Triazone, Cetearyl Alcohol, Ethylhexylglycerin&amp;, Phenoxyethanol, Caffeine, Panthenol, Butylene Glycol&amp;, Cucumis Sativus (Cucumber) Fruit Extract&amp;, Deionized water (Aqua)&amp;, Glycerin, Stearyl Alcohol, Glycerin&amp;, Phenoxyethanol&amp;, Potassium Sorbate&amp;, Thermus Thermophillus Ferment, Tocopheryl Acetate, Triticum Vulgare (Wheat) Germ Oil, Deionized water (Aqua)&amp;, Glycerin&amp;, Plumeria Alba Flower Extract&amp;, Potassium Sorbate&amp;, Sorbic Acid, Ammonium Acryloyldimethyltaurate\/VP Copolymer, Chlorphenesin, Maltodextrin&amp;, Polymnia Sonchifolia Root Juice&amp;, Alpha-Glucan Oligosaccharide&amp;, Lactobacillus&amp;, Allantoin, Caprylyl Glycol, Ceramide 3&amp;, Deionized water (Aqua)&amp;, Glycerin&amp;, Olive Glycerides&amp;, Plukenetia Volubilis Seed Oil&amp;, Polyglyceryl-5 Oleate&amp;, Tocopherol, Butylene Glycol&amp;, Deionized water (Aqua)&amp;, Dipeptide-4, Deionized water (Aqua)&amp;, Glycerin&amp;, Glycine Soja (Soybean) Protein&amp;, Hydrolyzed Rice Bran Protein&amp;, Phenoxyethanol&amp;, Potassium Sorbate&amp;, Sodium Benzoate&amp;, Superoxide Dismutase&amp;, Sodium Dextran Sulfate, Tetrasodium EDTA, Citric Acid<\/p>\n","protected":false},"excerpt":{"rendered":"<h4>Probiootilise toimega p\u00e4evakreem silma- ja kaelapiirkonna nahale<\/h4>\n","protected":false},"featured_media":7024,"template":"","meta":[],"product_brand":[],"product_cat":[149],"product_tag":[],"class_list":{"0":"post-7026","1":"product","2":"type-product","3":"status-publish","4":"has-post-thumbnail","6":"product_cat-kreem","7":"product_shipping_class-smart-itella-post","8":"pa_krem-spf-spf-kreemid","9":"pa_linii-kosmetiki-unstress-et","10":"pa_reshenie-problem-dehudratsioon","11":"pa_reshenie-problem-ebauhtlane-nahatoon","12":"pa_reshenie-problem-vahenenud-elastsus","13":"pa_reshenie-problem-suhost","14":"pa_reshenie-problem-vananemise-margid","15":"pa_tip-kozi-koik-nahatuubid-et","16":"pa_tip-kozi-kombi-et","17":"pa_tip-kozi-kuiv-et","18":"pa_tip-kozi-normaalne-et","19":"pa_tip-kozi-rasvane-et","20":"pa_tip-preparata-kreem","22":"first","23":"outofstock","24":"taxable","25":"shipping-taxable","26":"purchasable","27":"product-type-simple"},"yoast_head":"<!-- This site is optimized with the Yoast SEO plugin v27.5 - https:\/\/yoast.com\/product\/yoast-seo-wordpress\/ -->\n<title>Unstress Probiotic Day Cream Eye &amp; Neck 30ml CHR761 - Christinakosmeetika<\/title>\n<meta name=\"description\" content=\"\u0434\u043d\u0435\u0432\u043d\u043e\u0439 \u043a\u0440\u0435\u043c \u0441 \u043f\u0440\u043e\u0431\u0438\u043e\u0442\u0438\u0447\u0435\u0441\u043a\u0438\u043c \u0434\u0435\u0439\u0441\u0442\u0432\u0438\u0435\u043c, \u0441\u043f\u0435\u0446\u0438\u0430\u043b\u044c\u043d\u043e \u0440\u0430\u0437\u0440\u0430\u0431\u043e\u0442\u0430\u043d\u043d\u044b\u0439 \u0434\u043b\u044f \u0434\u0435\u043b\u0438\u043a\u0430\u0442\u043d\u043e\u0439 \u043a\u043e\u0436\u0438 \u0432\u043e\u043a\u0440\u0443\u0433 \u0433\u043b\u0430\u0437 \u0438 \u0448\u0435\u0438. \u041a\u0440\u0435\u043c \u0431\u044b\u0441\u0442\u0440\u043e \u0432\u043e\u0441\u0441\u0442\u0430\u043d\u0430\u0432\u043b\u0438\u0432\u0430\u0435\u0442 \u0435\u0441\u0442\u0435\u0441\u0442\u0432\u0435\u043d\u043d\u044b\u0439 \u0431\u0430\u043b\u0430\u043d\u0441\" \/>\n<meta name=\"robots\" content=\"index, follow, max-snippet:-1, max-image-preview:large, max-video-preview:-1\" \/>\n<link rel=\"canonical\" href=\"https:\/\/christinakosmeetika.ee\/product\/unstress-probiotic-day-cream-eye-neck-30ml-chr761\/\" \/>\n<meta property=\"og:locale\" content=\"et_EE\" \/>\n<meta property=\"og:type\" content=\"article\" \/>\n<meta property=\"og:title\" content=\"Unstress Probiotic Day Cream Eye &amp; Neck 30ml CHR761 - Christinakosmeetika\" \/>\n<meta property=\"og:description\" content=\"\u0434\u043d\u0435\u0432\u043d\u043e\u0439 \u043a\u0440\u0435\u043c \u0441 \u043f\u0440\u043e\u0431\u0438\u043e\u0442\u0438\u0447\u0435\u0441\u043a\u0438\u043c \u0434\u0435\u0439\u0441\u0442\u0432\u0438\u0435\u043c, \u0441\u043f\u0435\u0446\u0438\u0430\u043b\u044c\u043d\u043e \u0440\u0430\u0437\u0440\u0430\u0431\u043e\u0442\u0430\u043d\u043d\u044b\u0439 \u0434\u043b\u044f \u0434\u0435\u043b\u0438\u043a\u0430\u0442\u043d\u043e\u0439 \u043a\u043e\u0436\u0438 \u0432\u043e\u043a\u0440\u0443\u0433 \u0433\u043b\u0430\u0437 \u0438 \u0448\u0435\u0438. \u041a\u0440\u0435\u043c \u0431\u044b\u0441\u0442\u0440\u043e \u0432\u043e\u0441\u0441\u0442\u0430\u043d\u0430\u0432\u043b\u0438\u0432\u0430\u0435\u0442 \u0435\u0441\u0442\u0435\u0441\u0442\u0432\u0435\u043d\u043d\u044b\u0439 \u0431\u0430\u043b\u0430\u043d\u0441\" \/>\n<meta property=\"og:url\" content=\"https:\/\/christinakosmeetika.ee\/product\/unstress-probiotic-day-cream-eye-neck-30ml-chr761\/\" \/>\n<meta property=\"og:site_name\" content=\"Christinakosmeetika\" \/>\n<meta property=\"article:modified_time\" content=\"2026-04-15T12:48:04+00:00\" \/>\n<meta property=\"og:image\" content=\"https:\/\/christinakosmeetika.ee\/wp-content\/uploads\/2024\/08\/pro-biotic-eye-neck-day-cream-spf12.png\" \/>\n\t<meta property=\"og:image:width\" content=\"1080\" \/>\n\t<meta property=\"og:image:height\" content=\"1080\" \/>\n\t<meta property=\"og:image:type\" content=\"image\/png\" \/>\n<meta name=\"twitter:card\" content=\"summary_large_image\" \/>\n<meta name=\"twitter:label1\" content=\"Est. reading time\" \/>\n\t<meta name=\"twitter:data1\" content=\"3 minutit\" \/>\n<script type=\"application\/ld+json\" class=\"yoast-schema-graph\">{\"@context\":\"https:\\\/\\\/schema.org\",\"@graph\":[{\"@type\":\"WebPage\",\"@id\":\"https:\\\/\\\/christinakosmeetika.ee\\\/product\\\/unstress-probiotic-day-cream-eye-neck-30ml-chr761\\\/\",\"url\":\"https:\\\/\\\/christinakosmeetika.ee\\\/product\\\/unstress-probiotic-day-cream-eye-neck-30ml-chr761\\\/\",\"name\":\"Unstress Probiotic Day Cream Eye & Neck 30ml CHR761 - Christinakosmeetika\",\"isPartOf\":{\"@id\":\"https:\\\/\\\/christinakosmeetika.ee\\\/#website\"},\"primaryImageOfPage\":{\"@id\":\"https:\\\/\\\/christinakosmeetika.ee\\\/product\\\/unstress-probiotic-day-cream-eye-neck-30ml-chr761\\\/#primaryimage\"},\"image\":{\"@id\":\"https:\\\/\\\/christinakosmeetika.ee\\\/product\\\/unstress-probiotic-day-cream-eye-neck-30ml-chr761\\\/#primaryimage\"},\"thumbnailUrl\":\"https:\\\/\\\/christinakosmeetika.ee\\\/wp-content\\\/uploads\\\/2024\\\/08\\\/pro-biotic-eye-neck-day-cream-spf12.png\",\"datePublished\":\"2024-08-30T09:36:32+00:00\",\"dateModified\":\"2026-04-15T12:48:04+00:00\",\"description\":\"\u0434\u043d\u0435\u0432\u043d\u043e\u0439 \u043a\u0440\u0435\u043c \u0441 \u043f\u0440\u043e\u0431\u0438\u043e\u0442\u0438\u0447\u0435\u0441\u043a\u0438\u043c \u0434\u0435\u0439\u0441\u0442\u0432\u0438\u0435\u043c, \u0441\u043f\u0435\u0446\u0438\u0430\u043b\u044c\u043d\u043e \u0440\u0430\u0437\u0440\u0430\u0431\u043e\u0442\u0430\u043d\u043d\u044b\u0439 \u0434\u043b\u044f \u0434\u0435\u043b\u0438\u043a\u0430\u0442\u043d\u043e\u0439 \u043a\u043e\u0436\u0438 \u0432\u043e\u043a\u0440\u0443\u0433 \u0433\u043b\u0430\u0437 \u0438 \u0448\u0435\u0438. \u041a\u0440\u0435\u043c \u0431\u044b\u0441\u0442\u0440\u043e \u0432\u043e\u0441\u0441\u0442\u0430\u043d\u0430\u0432\u043b\u0438\u0432\u0430\u0435\u0442 \u0435\u0441\u0442\u0435\u0441\u0442\u0432\u0435\u043d\u043d\u044b\u0439 \u0431\u0430\u043b\u0430\u043d\u0441\",\"breadcrumb\":{\"@id\":\"https:\\\/\\\/christinakosmeetika.ee\\\/product\\\/unstress-probiotic-day-cream-eye-neck-30ml-chr761\\\/#breadcrumb\"},\"inLanguage\":\"et\",\"potentialAction\":[{\"@type\":\"ReadAction\",\"target\":[\"https:\\\/\\\/christinakosmeetika.ee\\\/product\\\/unstress-probiotic-day-cream-eye-neck-30ml-chr761\\\/\"]}]},{\"@type\":\"ImageObject\",\"inLanguage\":\"et\",\"@id\":\"https:\\\/\\\/christinakosmeetika.ee\\\/product\\\/unstress-probiotic-day-cream-eye-neck-30ml-chr761\\\/#primaryimage\",\"url\":\"https:\\\/\\\/christinakosmeetika.ee\\\/wp-content\\\/uploads\\\/2024\\\/08\\\/pro-biotic-eye-neck-day-cream-spf12.png\",\"contentUrl\":\"https:\\\/\\\/christinakosmeetika.ee\\\/wp-content\\\/uploads\\\/2024\\\/08\\\/pro-biotic-eye-neck-day-cream-spf12.png\",\"width\":1080,\"height\":1080},{\"@type\":\"BreadcrumbList\",\"@id\":\"https:\\\/\\\/christinakosmeetika.ee\\\/product\\\/unstress-probiotic-day-cream-eye-neck-30ml-chr761\\\/#breadcrumb\",\"itemListElement\":[{\"@type\":\"ListItem\",\"position\":1,\"name\":\"\u0413\u043b\u0430\u0432\u043d\u0430\u044f \u0441\u0442\u0440\u0430\u043d\u0438\u0446\u0430\",\"item\":\"https:\\\/\\\/christinakosmeetika.ee\\\/et\\\/\"},{\"@type\":\"ListItem\",\"position\":2,\"name\":\"Pood\",\"item\":\"https:\\\/\\\/christinakosmeetika.ee\\\/et\\\/shop\\\/\"},{\"@type\":\"ListItem\",\"position\":3,\"name\":\"Unstress Probiotic Day Cream Eye &#038; Neck 30ml CHR761\"}]},{\"@type\":\"WebSite\",\"@id\":\"https:\\\/\\\/christinakosmeetika.ee\\\/#website\",\"url\":\"https:\\\/\\\/christinakosmeetika.ee\\\/\",\"name\":\"Christinakosmeetika\",\"description\":\"Christina kosmeetika Eestis\",\"alternateName\":\"Christina kosmeetika Eestis\",\"potentialAction\":[{\"@type\":\"SearchAction\",\"target\":{\"@type\":\"EntryPoint\",\"urlTemplate\":\"https:\\\/\\\/christinakosmeetika.ee\\\/?s={search_term_string}\"},\"query-input\":{\"@type\":\"PropertyValueSpecification\",\"valueRequired\":true,\"valueName\":\"search_term_string\"}}],\"inLanguage\":\"et\"}]}<\/script>\n<!-- \/ Yoast SEO plugin. -->","yoast_head_json":{"title":"Unstress Probiotic Day Cream Eye & Neck 30ml CHR761 - Christinakosmeetika","description":"\u0434\u043d\u0435\u0432\u043d\u043e\u0439 \u043a\u0440\u0435\u043c \u0441 \u043f\u0440\u043e\u0431\u0438\u043e\u0442\u0438\u0447\u0435\u0441\u043a\u0438\u043c \u0434\u0435\u0439\u0441\u0442\u0432\u0438\u0435\u043c, \u0441\u043f\u0435\u0446\u0438\u0430\u043b\u044c\u043d\u043e \u0440\u0430\u0437\u0440\u0430\u0431\u043e\u0442\u0430\u043d\u043d\u044b\u0439 \u0434\u043b\u044f \u0434\u0435\u043b\u0438\u043a\u0430\u0442\u043d\u043e\u0439 \u043a\u043e\u0436\u0438 \u0432\u043e\u043a\u0440\u0443\u0433 \u0433\u043b\u0430\u0437 \u0438 \u0448\u0435\u0438. \u041a\u0440\u0435\u043c \u0431\u044b\u0441\u0442\u0440\u043e \u0432\u043e\u0441\u0441\u0442\u0430\u043d\u0430\u0432\u043b\u0438\u0432\u0430\u0435\u0442 \u0435\u0441\u0442\u0435\u0441\u0442\u0432\u0435\u043d\u043d\u044b\u0439 \u0431\u0430\u043b\u0430\u043d\u0441","robots":{"index":"index","follow":"follow","max-snippet":"max-snippet:-1","max-image-preview":"max-image-preview:large","max-video-preview":"max-video-preview:-1"},"canonical":"https:\/\/christinakosmeetika.ee\/product\/unstress-probiotic-day-cream-eye-neck-30ml-chr761\/","og_locale":"et_EE","og_type":"article","og_title":"Unstress Probiotic Day Cream Eye & Neck 30ml CHR761 - Christinakosmeetika","og_description":"\u0434\u043d\u0435\u0432\u043d\u043e\u0439 \u043a\u0440\u0435\u043c \u0441 \u043f\u0440\u043e\u0431\u0438\u043e\u0442\u0438\u0447\u0435\u0441\u043a\u0438\u043c \u0434\u0435\u0439\u0441\u0442\u0432\u0438\u0435\u043c, \u0441\u043f\u0435\u0446\u0438\u0430\u043b\u044c\u043d\u043e \u0440\u0430\u0437\u0440\u0430\u0431\u043e\u0442\u0430\u043d\u043d\u044b\u0439 \u0434\u043b\u044f \u0434\u0435\u043b\u0438\u043a\u0430\u0442\u043d\u043e\u0439 \u043a\u043e\u0436\u0438 \u0432\u043e\u043a\u0440\u0443\u0433 \u0433\u043b\u0430\u0437 \u0438 \u0448\u0435\u0438. \u041a\u0440\u0435\u043c \u0431\u044b\u0441\u0442\u0440\u043e \u0432\u043e\u0441\u0441\u0442\u0430\u043d\u0430\u0432\u043b\u0438\u0432\u0430\u0435\u0442 \u0435\u0441\u0442\u0435\u0441\u0442\u0432\u0435\u043d\u043d\u044b\u0439 \u0431\u0430\u043b\u0430\u043d\u0441","og_url":"https:\/\/christinakosmeetika.ee\/product\/unstress-probiotic-day-cream-eye-neck-30ml-chr761\/","og_site_name":"Christinakosmeetika","article_modified_time":"2026-04-15T12:48:04+00:00","og_image":[{"width":1080,"height":1080,"url":"https:\/\/christinakosmeetika.ee\/wp-content\/uploads\/2024\/08\/pro-biotic-eye-neck-day-cream-spf12.png","type":"image\/png"}],"twitter_card":"summary_large_image","twitter_misc":{"Est. reading time":"3 minutit"},"schema":{"@context":"https:\/\/schema.org","@graph":[{"@type":"WebPage","@id":"https:\/\/christinakosmeetika.ee\/product\/unstress-probiotic-day-cream-eye-neck-30ml-chr761\/","url":"https:\/\/christinakosmeetika.ee\/product\/unstress-probiotic-day-cream-eye-neck-30ml-chr761\/","name":"Unstress Probiotic Day Cream Eye & Neck 30ml CHR761 - Christinakosmeetika","isPartOf":{"@id":"https:\/\/christinakosmeetika.ee\/#website"},"primaryImageOfPage":{"@id":"https:\/\/christinakosmeetika.ee\/product\/unstress-probiotic-day-cream-eye-neck-30ml-chr761\/#primaryimage"},"image":{"@id":"https:\/\/christinakosmeetika.ee\/product\/unstress-probiotic-day-cream-eye-neck-30ml-chr761\/#primaryimage"},"thumbnailUrl":"https:\/\/christinakosmeetika.ee\/wp-content\/uploads\/2024\/08\/pro-biotic-eye-neck-day-cream-spf12.png","datePublished":"2024-08-30T09:36:32+00:00","dateModified":"2026-04-15T12:48:04+00:00","description":"\u0434\u043d\u0435\u0432\u043d\u043e\u0439 \u043a\u0440\u0435\u043c \u0441 \u043f\u0440\u043e\u0431\u0438\u043e\u0442\u0438\u0447\u0435\u0441\u043a\u0438\u043c \u0434\u0435\u0439\u0441\u0442\u0432\u0438\u0435\u043c, \u0441\u043f\u0435\u0446\u0438\u0430\u043b\u044c\u043d\u043e \u0440\u0430\u0437\u0440\u0430\u0431\u043e\u0442\u0430\u043d\u043d\u044b\u0439 \u0434\u043b\u044f \u0434\u0435\u043b\u0438\u043a\u0430\u0442\u043d\u043e\u0439 \u043a\u043e\u0436\u0438 \u0432\u043e\u043a\u0440\u0443\u0433 \u0433\u043b\u0430\u0437 \u0438 \u0448\u0435\u0438. \u041a\u0440\u0435\u043c \u0431\u044b\u0441\u0442\u0440\u043e \u0432\u043e\u0441\u0441\u0442\u0430\u043d\u0430\u0432\u043b\u0438\u0432\u0430\u0435\u0442 \u0435\u0441\u0442\u0435\u0441\u0442\u0432\u0435\u043d\u043d\u044b\u0439 \u0431\u0430\u043b\u0430\u043d\u0441","breadcrumb":{"@id":"https:\/\/christinakosmeetika.ee\/product\/unstress-probiotic-day-cream-eye-neck-30ml-chr761\/#breadcrumb"},"inLanguage":"et","potentialAction":[{"@type":"ReadAction","target":["https:\/\/christinakosmeetika.ee\/product\/unstress-probiotic-day-cream-eye-neck-30ml-chr761\/"]}]},{"@type":"ImageObject","inLanguage":"et","@id":"https:\/\/christinakosmeetika.ee\/product\/unstress-probiotic-day-cream-eye-neck-30ml-chr761\/#primaryimage","url":"https:\/\/christinakosmeetika.ee\/wp-content\/uploads\/2024\/08\/pro-biotic-eye-neck-day-cream-spf12.png","contentUrl":"https:\/\/christinakosmeetika.ee\/wp-content\/uploads\/2024\/08\/pro-biotic-eye-neck-day-cream-spf12.png","width":1080,"height":1080},{"@type":"BreadcrumbList","@id":"https:\/\/christinakosmeetika.ee\/product\/unstress-probiotic-day-cream-eye-neck-30ml-chr761\/#breadcrumb","itemListElement":[{"@type":"ListItem","position":1,"name":"\u0413\u043b\u0430\u0432\u043d\u0430\u044f \u0441\u0442\u0440\u0430\u043d\u0438\u0446\u0430","item":"https:\/\/christinakosmeetika.ee\/et\/"},{"@type":"ListItem","position":2,"name":"Pood","item":"https:\/\/christinakosmeetika.ee\/et\/shop\/"},{"@type":"ListItem","position":3,"name":"Unstress Probiotic Day Cream Eye &#038; Neck 30ml CHR761"}]},{"@type":"WebSite","@id":"https:\/\/christinakosmeetika.ee\/#website","url":"https:\/\/christinakosmeetika.ee\/","name":"Christinakosmeetika","description":"Christina kosmeetika Eestis","alternateName":"Christina kosmeetika Eestis","potentialAction":[{"@type":"SearchAction","target":{"@type":"EntryPoint","urlTemplate":"https:\/\/christinakosmeetika.ee\/?s={search_term_string}"},"query-input":{"@type":"PropertyValueSpecification","valueRequired":true,"valueName":"search_term_string"}}],"inLanguage":"et"}]}},"_links":{"self":[{"href":"https:\/\/christinakosmeetika.ee\/et\/wp-json\/wp\/v2\/product\/7026","targetHints":{"allow":["GET"]}}],"collection":[{"href":"https:\/\/christinakosmeetika.ee\/et\/wp-json\/wp\/v2\/product"}],"about":[{"href":"https:\/\/christinakosmeetika.ee\/et\/wp-json\/wp\/v2\/types\/product"}],"wp:featuredmedia":[{"embeddable":true,"href":"https:\/\/christinakosmeetika.ee\/et\/wp-json\/wp\/v2\/media\/7024"}],"wp:attachment":[{"href":"https:\/\/christinakosmeetika.ee\/et\/wp-json\/wp\/v2\/media?parent=7026"}],"wp:term":[{"taxonomy":"product_brand","embeddable":true,"href":"https:\/\/christinakosmeetika.ee\/et\/wp-json\/wp\/v2\/product_brand?post=7026"},{"taxonomy":"product_cat","embeddable":true,"href":"https:\/\/christinakosmeetika.ee\/et\/wp-json\/wp\/v2\/product_cat?post=7026"},{"taxonomy":"product_tag","embeddable":true,"href":"https:\/\/christinakosmeetika.ee\/et\/wp-json\/wp\/v2\/product_tag?post=7026"}],"curies":[{"name":"wp","href":"https:\/\/api.w.org\/{rel}","templated":true}]}}