{"id":7020,"date":"2024-08-30T09:09:44","date_gmt":"2024-08-30T09:09:44","guid":{"rendered":"https:\/\/christinakosmeetika.ee\/product\/unstress-eye-neck-concentrate\/"},"modified":"2026-04-15T15:45:03","modified_gmt":"2026-04-15T12:45:03","slug":"unstress-eye-neck-concentrate","status":"publish","type":"product","link":"https:\/\/christinakosmeetika.ee\/et\/toode\/unstress-eye-neck-concentrate\/","title":{"rendered":"Unstress Kontsentraat silmade ja kaela nahale 30ml CHR757"},"content":{"rendered":"<p><strong>Unstress Eye &amp; Neck Concentrate<\/strong> \u2014<\/p>\n<div class=\"flex max-w-full flex-col flex-grow\">\n<div class=\"min-h-[20px] text-message flex w-full flex-col items-end gap-2 break-words [.text-message+&amp;]:mt-5 overflow-x-auto whitespace-normal\" dir=\"auto\" data-message-author-role=\"assistant\" data-message-id=\"f8517536-8d32-4236-b502-2525a3f2e5bc\">\n<div class=\"flex w-full flex-col gap-1 empty:hidden first:pt-[3px]\">\n<div class=\"markdown prose w-full break-words dark:prose-invert light\">\n<p>K\u00f5rge kontsentratsiooniga seerum, loodud intensiivseks niisutuseks ja kaitseks \u00f5rnadele silmade ja kaela piirkondadele. T\u00e4nu suurele aktiivsete komponentide kontsentratsioonile niisutab seerum nahka koheselt ja hoiab \u00e4ra transepidermaalse niiskuse kaotuse. See on eriti oluline tundliku ja \u00e4rritusele kalduva naha puhul.<\/p>\n<p>Toode taastab kiiresti naha, rahustab p\u00f5letikke ja k\u00f5rvaldab \u00e4rritused. Antioks\u00fcdantide kompleks neutraliseerib vabade radikaalide toimet, ennetab enneaegset vananemist, parandab vereringet ning v\u00e4hendab m\u00e4rgatavalt tumedaid ringe ja turseid. Unikaalne valem soodustab kortsude ja naha kortsude silumist, j\u00e4ttes naha sileda ja elastse.<\/p>\n<p><strong>Eelised:<\/strong><\/p>\n<ul>\n<li>Intensiivne niisutus ja naha kaitse.<\/li>\n<li>Naha loomuliku barj\u00e4\u00e4ri taastamine ja toetamine.<\/li>\n<li>N\u00e4htavad tulemused juba p\u00e4rast esimest kasutuskorda.<\/li>\n<li>Professionaalne valem tundlikule ja k\u00fcpsele nahale.<\/li>\n<\/ul>\n<p><strong>Aktiivsed koostisosad:<\/strong><\/p>\n<ul>\n<li><strong>H\u00fcaluroonhape:<\/strong> Tagab naha s\u00fcgava ja pikaajalise niisutuse.<\/li>\n<li><strong>Aloe vera ekstrakt:<\/strong> Rahustab ja pehmendab nahka, omab p\u00f5letikuvastast toimet.<\/li>\n<li><strong>Bioflavonoidid:<\/strong> Omavad antioks\u00fcdantseid omadusi, kaitstes nahka vabade radikaalide eest.<\/li>\n<li><strong>Brokkoli ekstrakt:<\/strong> Aitab detoksikatsioonis ja parandab naha tekstuuri.<\/li>\n<li><strong>Pentapeptiid-34:<\/strong> Tugevdab naha struktuuri ja silub kortse.<\/li>\n<li><strong>Rohelise tee, aasia vesinaba ja kummeli ekstraktid:<\/strong> V\u00e4hendavad \u00e4rritust ja p\u00f5letikku, omavad rahustavat toimet.<\/li>\n<\/ul>\n<p><strong>Kasutamisjuhised:<\/strong> Kandke seerumit silmade ja kaela nahale p\u00e4evakreemi v\u00f5i \u00f6\u00f6kreemi alla v\u00f5i kasutage iseseisva tootena.<\/p>\n<p>See toode sobib ideaalselt neile, kes otsivad intensiivset niisutust ja kaitset keskkonna negatiivsete tegurite, sealhulgas stressi m\u00f5ju eest.<\/p>\n<\/div>\n<\/div>\n<\/div>\n<\/div>\n<p><strong>\u0421\u043e\u0441\u0442\u0430\u0432:<\/strong>\u00a0Deionized water (Aqua), Deionized water (Aqua)&amp;, Glycerin&amp;, Glyceryl Polyacrylate, Glycerin, 1,2-Hexanediol&amp;, Caprylyl Glycol&amp;, Deionized water (Aqua)&amp;, Sodium hyaluronate, Caprylyl Glycol&amp;, Phenoxyethanol, Polysorbate 20, Aloe Barbadensis Leaf Extract&amp;, Bioflavonoids&amp;, Brassica Oleracea Italica (Broccoli) Extract&amp;, Propanediol, Caffeine, Butylene Glycol&amp;, Deionized water (Aqua)&amp;, Dipeptide-4, Deionized water (Aqua)&amp;, Propanediol&amp;, Sodium Benzoate&amp;, Pentapeptide-34 Trifluoroacetate, Camellia Sinensis Leaf Extract&amp;, Centella Asiatica Extract&amp;, Chamomilla Recutita (Matricaria) Flower&amp;, Deionized water (Aqua)&amp;, Glycyrrhiza Glabra (Licorice) Root Extract&amp;, Propanediol&amp;, Rosmarinus Officinalis (Rosemary) Leaf Extract&amp;, Scutellaria Baicalensis Root Extract&amp;, Polygonum Cuspidatum Root Extract, Caprylyl Glycol, Deionized water (Aqua)&amp;, Glycerin&amp;, Plumeria Alba Flower Extract&amp;, Potassium Sorbate&amp;, Sorbic Acid, Ammonium Acryloyldimethyltaurate\/VP Copolymer, Allantoin, Chlorphenesin, Tetrasodium EDTA, Deionized water (Aqua)&amp;, FD&amp;C Blue NO. 1 (CI42090)&amp;, FD&amp;C Yellow NO. 5 (CI19140)&amp;<\/p>\n","protected":false},"excerpt":{"rendered":"<h4 class=\"av-special-heading-tag \">Christina\u00a0Unstress Eye Neck Concentrate<\/h4>\n","protected":false},"featured_media":7018,"template":"","meta":[],"product_brand":[],"product_cat":[182],"product_tag":[],"class_list":{"0":"post-7020","1":"product","2":"type-product","3":"status-publish","4":"has-post-thumbnail","6":"product_cat-seerum","7":"product_shipping_class-smart-itella-post","8":"pa_linii-kosmetiki-unstress-et","9":"pa_reshenie-problem-ebauhtlane-nahatoon","10":"pa_reshenie-problem-tumedad-ringid","11":"pa_reshenie-problem-chuvstvitelnaja-koza","12":"pa_reshenie-problem-turse-silmade-all","13":"pa_reshenie-problem-vananemise-margid","14":"pa_tip-kozi-koik-nahatuubid-et","15":"pa_tip-kozi-kombi-et","16":"pa_tip-kozi-kuiv-et","17":"pa_tip-kozi-normaalne-et","18":"pa_tip-kozi-rasvane-et","19":"pa_tip-preparata-seerum-et","21":"first","22":"outofstock","23":"taxable","24":"shipping-taxable","25":"purchasable","26":"product-type-simple"},"yoast_head":"<!-- This site is optimized with the Yoast SEO plugin v27.5 - https:\/\/yoast.com\/product\/yoast-seo-wordpress\/ -->\n<title>Unstress Kontsentraat silmade ja kaela nahale 30ml CHR757 - Christinakosmeetika<\/title>\n<meta name=\"description\" content=\"\u0432\u044b\u0441\u043e\u043a\u043e\u043a\u043e\u043d\u0446\u0435\u043d\u0442\u0440\u0438\u0440\u043e\u0432\u0430\u043d\u043d\u0430\u044f \u0441\u044b\u0432\u043e\u0440\u043e\u0442\u043a\u0430, \u0441\u043e\u0437\u0434\u0430\u043d\u043d\u0430\u044f \u0434\u043b\u044f \u0438\u043d\u0442\u0435\u043d\u0441\u0438\u0432\u043d\u043e\u0433\u043e \u0443\u0432\u043b\u0430\u0436\u043d\u0435\u043d\u0438\u044f \u0438 \u0437\u0430\u0449\u0438\u0442\u044b \u0434\u0435\u043b\u0438\u043a\u0430\u0442\u043d\u044b\u0445 \u0437\u043e\u043d \u0432\u043e\u043a\u0440\u0443\u0433 \u0433\u043b\u0430\u0437 \u0438 \u0448\u0435\u0438. \u0411\u043b\u0430\u0433\u043e\u0434\u0430\u0440\u044f \u0432\u044b\u0441\u043e\u043a\u043e\u0439 \u043a\u043e\u043d\u0446\u0435\u043d\u0442\u0440\u0430\u0446\u0438\u0438 \u0430\u043a\u0442\u0438\u0432\u043d\u044b\u0445\" \/>\n<meta name=\"robots\" content=\"index, follow, max-snippet:-1, max-image-preview:large, max-video-preview:-1\" \/>\n<link rel=\"canonical\" href=\"https:\/\/christinakosmeetika.ee\/product\/unstress-eye-neck-concentrate\/\" \/>\n<meta property=\"og:locale\" content=\"et_EE\" \/>\n<meta property=\"og:type\" content=\"article\" \/>\n<meta property=\"og:title\" content=\"Unstress Kontsentraat silmade ja kaela nahale 30ml CHR757 - Christinakosmeetika\" \/>\n<meta property=\"og:description\" content=\"\u0432\u044b\u0441\u043e\u043a\u043e\u043a\u043e\u043d\u0446\u0435\u043d\u0442\u0440\u0438\u0440\u043e\u0432\u0430\u043d\u043d\u0430\u044f \u0441\u044b\u0432\u043e\u0440\u043e\u0442\u043a\u0430, \u0441\u043e\u0437\u0434\u0430\u043d\u043d\u0430\u044f \u0434\u043b\u044f \u0438\u043d\u0442\u0435\u043d\u0441\u0438\u0432\u043d\u043e\u0433\u043e \u0443\u0432\u043b\u0430\u0436\u043d\u0435\u043d\u0438\u044f \u0438 \u0437\u0430\u0449\u0438\u0442\u044b \u0434\u0435\u043b\u0438\u043a\u0430\u0442\u043d\u044b\u0445 \u0437\u043e\u043d \u0432\u043e\u043a\u0440\u0443\u0433 \u0433\u043b\u0430\u0437 \u0438 \u0448\u0435\u0438. \u0411\u043b\u0430\u0433\u043e\u0434\u0430\u0440\u044f \u0432\u044b\u0441\u043e\u043a\u043e\u0439 \u043a\u043e\u043d\u0446\u0435\u043d\u0442\u0440\u0430\u0446\u0438\u0438 \u0430\u043a\u0442\u0438\u0432\u043d\u044b\u0445\" \/>\n<meta property=\"og:url\" content=\"https:\/\/christinakosmeetika.ee\/product\/unstress-eye-neck-concentrate\/\" \/>\n<meta property=\"og:site_name\" content=\"Christinakosmeetika\" \/>\n<meta property=\"article:modified_time\" content=\"2026-04-15T12:45:03+00:00\" \/>\n<meta property=\"og:image\" content=\"https:\/\/christinakosmeetika.ee\/wp-content\/uploads\/2024\/08\/eye-neck-concentrate.png\" \/>\n\t<meta property=\"og:image:width\" content=\"1080\" \/>\n\t<meta property=\"og:image:height\" content=\"1080\" \/>\n\t<meta property=\"og:image:type\" content=\"image\/png\" \/>\n<meta name=\"twitter:card\" content=\"summary_large_image\" \/>\n<meta name=\"twitter:label1\" content=\"Est. reading time\" \/>\n\t<meta name=\"twitter:data1\" content=\"2 minutit\" \/>\n<script type=\"application\/ld+json\" class=\"yoast-schema-graph\">{\"@context\":\"https:\\\/\\\/schema.org\",\"@graph\":[{\"@type\":\"WebPage\",\"@id\":\"https:\\\/\\\/christinakosmeetika.ee\\\/product\\\/unstress-eye-neck-concentrate\\\/\",\"url\":\"https:\\\/\\\/christinakosmeetika.ee\\\/product\\\/unstress-eye-neck-concentrate\\\/\",\"name\":\"Unstress Kontsentraat silmade ja kaela nahale 30ml CHR757 - Christinakosmeetika\",\"isPartOf\":{\"@id\":\"https:\\\/\\\/christinakosmeetika.ee\\\/#website\"},\"primaryImageOfPage\":{\"@id\":\"https:\\\/\\\/christinakosmeetika.ee\\\/product\\\/unstress-eye-neck-concentrate\\\/#primaryimage\"},\"image\":{\"@id\":\"https:\\\/\\\/christinakosmeetika.ee\\\/product\\\/unstress-eye-neck-concentrate\\\/#primaryimage\"},\"thumbnailUrl\":\"https:\\\/\\\/christinakosmeetika.ee\\\/wp-content\\\/uploads\\\/2024\\\/08\\\/eye-neck-concentrate.png\",\"datePublished\":\"2024-08-30T09:09:44+00:00\",\"dateModified\":\"2026-04-15T12:45:03+00:00\",\"description\":\"\u0432\u044b\u0441\u043e\u043a\u043e\u043a\u043e\u043d\u0446\u0435\u043d\u0442\u0440\u0438\u0440\u043e\u0432\u0430\u043d\u043d\u0430\u044f \u0441\u044b\u0432\u043e\u0440\u043e\u0442\u043a\u0430, \u0441\u043e\u0437\u0434\u0430\u043d\u043d\u0430\u044f \u0434\u043b\u044f \u0438\u043d\u0442\u0435\u043d\u0441\u0438\u0432\u043d\u043e\u0433\u043e \u0443\u0432\u043b\u0430\u0436\u043d\u0435\u043d\u0438\u044f \u0438 \u0437\u0430\u0449\u0438\u0442\u044b \u0434\u0435\u043b\u0438\u043a\u0430\u0442\u043d\u044b\u0445 \u0437\u043e\u043d \u0432\u043e\u043a\u0440\u0443\u0433 \u0433\u043b\u0430\u0437 \u0438 \u0448\u0435\u0438. \u0411\u043b\u0430\u0433\u043e\u0434\u0430\u0440\u044f \u0432\u044b\u0441\u043e\u043a\u043e\u0439 \u043a\u043e\u043d\u0446\u0435\u043d\u0442\u0440\u0430\u0446\u0438\u0438 \u0430\u043a\u0442\u0438\u0432\u043d\u044b\u0445\",\"breadcrumb\":{\"@id\":\"https:\\\/\\\/christinakosmeetika.ee\\\/product\\\/unstress-eye-neck-concentrate\\\/#breadcrumb\"},\"inLanguage\":\"et\",\"potentialAction\":[{\"@type\":\"ReadAction\",\"target\":[\"https:\\\/\\\/christinakosmeetika.ee\\\/product\\\/unstress-eye-neck-concentrate\\\/\"]}]},{\"@type\":\"ImageObject\",\"inLanguage\":\"et\",\"@id\":\"https:\\\/\\\/christinakosmeetika.ee\\\/product\\\/unstress-eye-neck-concentrate\\\/#primaryimage\",\"url\":\"https:\\\/\\\/christinakosmeetika.ee\\\/wp-content\\\/uploads\\\/2024\\\/08\\\/eye-neck-concentrate.png\",\"contentUrl\":\"https:\\\/\\\/christinakosmeetika.ee\\\/wp-content\\\/uploads\\\/2024\\\/08\\\/eye-neck-concentrate.png\",\"width\":1080,\"height\":1080},{\"@type\":\"BreadcrumbList\",\"@id\":\"https:\\\/\\\/christinakosmeetika.ee\\\/product\\\/unstress-eye-neck-concentrate\\\/#breadcrumb\",\"itemListElement\":[{\"@type\":\"ListItem\",\"position\":1,\"name\":\"\u0413\u043b\u0430\u0432\u043d\u0430\u044f \u0441\u0442\u0440\u0430\u043d\u0438\u0446\u0430\",\"item\":\"https:\\\/\\\/christinakosmeetika.ee\\\/et\\\/\"},{\"@type\":\"ListItem\",\"position\":2,\"name\":\"Pood\",\"item\":\"https:\\\/\\\/christinakosmeetika.ee\\\/et\\\/shop\\\/\"},{\"@type\":\"ListItem\",\"position\":3,\"name\":\"Unstress Kontsentraat silmade ja kaela nahale 30ml CHR757\"}]},{\"@type\":\"WebSite\",\"@id\":\"https:\\\/\\\/christinakosmeetika.ee\\\/#website\",\"url\":\"https:\\\/\\\/christinakosmeetika.ee\\\/\",\"name\":\"Christinakosmeetika\",\"description\":\"Christina kosmeetika Eestis\",\"alternateName\":\"Christina kosmeetika Eestis\",\"potentialAction\":[{\"@type\":\"SearchAction\",\"target\":{\"@type\":\"EntryPoint\",\"urlTemplate\":\"https:\\\/\\\/christinakosmeetika.ee\\\/?s={search_term_string}\"},\"query-input\":{\"@type\":\"PropertyValueSpecification\",\"valueRequired\":true,\"valueName\":\"search_term_string\"}}],\"inLanguage\":\"et\"}]}<\/script>\n<!-- \/ Yoast SEO plugin. -->","yoast_head_json":{"title":"Unstress Kontsentraat silmade ja kaela nahale 30ml CHR757 - Christinakosmeetika","description":"\u0432\u044b\u0441\u043e\u043a\u043e\u043a\u043e\u043d\u0446\u0435\u043d\u0442\u0440\u0438\u0440\u043e\u0432\u0430\u043d\u043d\u0430\u044f \u0441\u044b\u0432\u043e\u0440\u043e\u0442\u043a\u0430, \u0441\u043e\u0437\u0434\u0430\u043d\u043d\u0430\u044f \u0434\u043b\u044f \u0438\u043d\u0442\u0435\u043d\u0441\u0438\u0432\u043d\u043e\u0433\u043e \u0443\u0432\u043b\u0430\u0436\u043d\u0435\u043d\u0438\u044f \u0438 \u0437\u0430\u0449\u0438\u0442\u044b \u0434\u0435\u043b\u0438\u043a\u0430\u0442\u043d\u044b\u0445 \u0437\u043e\u043d \u0432\u043e\u043a\u0440\u0443\u0433 \u0433\u043b\u0430\u0437 \u0438 \u0448\u0435\u0438. \u0411\u043b\u0430\u0433\u043e\u0434\u0430\u0440\u044f \u0432\u044b\u0441\u043e\u043a\u043e\u0439 \u043a\u043e\u043d\u0446\u0435\u043d\u0442\u0440\u0430\u0446\u0438\u0438 \u0430\u043a\u0442\u0438\u0432\u043d\u044b\u0445","robots":{"index":"index","follow":"follow","max-snippet":"max-snippet:-1","max-image-preview":"max-image-preview:large","max-video-preview":"max-video-preview:-1"},"canonical":"https:\/\/christinakosmeetika.ee\/product\/unstress-eye-neck-concentrate\/","og_locale":"et_EE","og_type":"article","og_title":"Unstress Kontsentraat silmade ja kaela nahale 30ml CHR757 - Christinakosmeetika","og_description":"\u0432\u044b\u0441\u043e\u043a\u043e\u043a\u043e\u043d\u0446\u0435\u043d\u0442\u0440\u0438\u0440\u043e\u0432\u0430\u043d\u043d\u0430\u044f \u0441\u044b\u0432\u043e\u0440\u043e\u0442\u043a\u0430, \u0441\u043e\u0437\u0434\u0430\u043d\u043d\u0430\u044f \u0434\u043b\u044f \u0438\u043d\u0442\u0435\u043d\u0441\u0438\u0432\u043d\u043e\u0433\u043e \u0443\u0432\u043b\u0430\u0436\u043d\u0435\u043d\u0438\u044f \u0438 \u0437\u0430\u0449\u0438\u0442\u044b \u0434\u0435\u043b\u0438\u043a\u0430\u0442\u043d\u044b\u0445 \u0437\u043e\u043d \u0432\u043e\u043a\u0440\u0443\u0433 \u0433\u043b\u0430\u0437 \u0438 \u0448\u0435\u0438. \u0411\u043b\u0430\u0433\u043e\u0434\u0430\u0440\u044f \u0432\u044b\u0441\u043e\u043a\u043e\u0439 \u043a\u043e\u043d\u0446\u0435\u043d\u0442\u0440\u0430\u0446\u0438\u0438 \u0430\u043a\u0442\u0438\u0432\u043d\u044b\u0445","og_url":"https:\/\/christinakosmeetika.ee\/product\/unstress-eye-neck-concentrate\/","og_site_name":"Christinakosmeetika","article_modified_time":"2026-04-15T12:45:03+00:00","og_image":[{"width":1080,"height":1080,"url":"https:\/\/christinakosmeetika.ee\/wp-content\/uploads\/2024\/08\/eye-neck-concentrate.png","type":"image\/png"}],"twitter_card":"summary_large_image","twitter_misc":{"Est. reading time":"2 minutit"},"schema":{"@context":"https:\/\/schema.org","@graph":[{"@type":"WebPage","@id":"https:\/\/christinakosmeetika.ee\/product\/unstress-eye-neck-concentrate\/","url":"https:\/\/christinakosmeetika.ee\/product\/unstress-eye-neck-concentrate\/","name":"Unstress Kontsentraat silmade ja kaela nahale 30ml CHR757 - Christinakosmeetika","isPartOf":{"@id":"https:\/\/christinakosmeetika.ee\/#website"},"primaryImageOfPage":{"@id":"https:\/\/christinakosmeetika.ee\/product\/unstress-eye-neck-concentrate\/#primaryimage"},"image":{"@id":"https:\/\/christinakosmeetika.ee\/product\/unstress-eye-neck-concentrate\/#primaryimage"},"thumbnailUrl":"https:\/\/christinakosmeetika.ee\/wp-content\/uploads\/2024\/08\/eye-neck-concentrate.png","datePublished":"2024-08-30T09:09:44+00:00","dateModified":"2026-04-15T12:45:03+00:00","description":"\u0432\u044b\u0441\u043e\u043a\u043e\u043a\u043e\u043d\u0446\u0435\u043d\u0442\u0440\u0438\u0440\u043e\u0432\u0430\u043d\u043d\u0430\u044f \u0441\u044b\u0432\u043e\u0440\u043e\u0442\u043a\u0430, \u0441\u043e\u0437\u0434\u0430\u043d\u043d\u0430\u044f \u0434\u043b\u044f \u0438\u043d\u0442\u0435\u043d\u0441\u0438\u0432\u043d\u043e\u0433\u043e \u0443\u0432\u043b\u0430\u0436\u043d\u0435\u043d\u0438\u044f \u0438 \u0437\u0430\u0449\u0438\u0442\u044b \u0434\u0435\u043b\u0438\u043a\u0430\u0442\u043d\u044b\u0445 \u0437\u043e\u043d \u0432\u043e\u043a\u0440\u0443\u0433 \u0433\u043b\u0430\u0437 \u0438 \u0448\u0435\u0438. \u0411\u043b\u0430\u0433\u043e\u0434\u0430\u0440\u044f \u0432\u044b\u0441\u043e\u043a\u043e\u0439 \u043a\u043e\u043d\u0446\u0435\u043d\u0442\u0440\u0430\u0446\u0438\u0438 \u0430\u043a\u0442\u0438\u0432\u043d\u044b\u0445","breadcrumb":{"@id":"https:\/\/christinakosmeetika.ee\/product\/unstress-eye-neck-concentrate\/#breadcrumb"},"inLanguage":"et","potentialAction":[{"@type":"ReadAction","target":["https:\/\/christinakosmeetika.ee\/product\/unstress-eye-neck-concentrate\/"]}]},{"@type":"ImageObject","inLanguage":"et","@id":"https:\/\/christinakosmeetika.ee\/product\/unstress-eye-neck-concentrate\/#primaryimage","url":"https:\/\/christinakosmeetika.ee\/wp-content\/uploads\/2024\/08\/eye-neck-concentrate.png","contentUrl":"https:\/\/christinakosmeetika.ee\/wp-content\/uploads\/2024\/08\/eye-neck-concentrate.png","width":1080,"height":1080},{"@type":"BreadcrumbList","@id":"https:\/\/christinakosmeetika.ee\/product\/unstress-eye-neck-concentrate\/#breadcrumb","itemListElement":[{"@type":"ListItem","position":1,"name":"\u0413\u043b\u0430\u0432\u043d\u0430\u044f \u0441\u0442\u0440\u0430\u043d\u0438\u0446\u0430","item":"https:\/\/christinakosmeetika.ee\/et\/"},{"@type":"ListItem","position":2,"name":"Pood","item":"https:\/\/christinakosmeetika.ee\/et\/shop\/"},{"@type":"ListItem","position":3,"name":"Unstress Kontsentraat silmade ja kaela nahale 30ml CHR757"}]},{"@type":"WebSite","@id":"https:\/\/christinakosmeetika.ee\/#website","url":"https:\/\/christinakosmeetika.ee\/","name":"Christinakosmeetika","description":"Christina kosmeetika Eestis","alternateName":"Christina kosmeetika Eestis","potentialAction":[{"@type":"SearchAction","target":{"@type":"EntryPoint","urlTemplate":"https:\/\/christinakosmeetika.ee\/?s={search_term_string}"},"query-input":{"@type":"PropertyValueSpecification","valueRequired":true,"valueName":"search_term_string"}}],"inLanguage":"et"}]}},"_links":{"self":[{"href":"https:\/\/christinakosmeetika.ee\/et\/wp-json\/wp\/v2\/product\/7020","targetHints":{"allow":["GET"]}}],"collection":[{"href":"https:\/\/christinakosmeetika.ee\/et\/wp-json\/wp\/v2\/product"}],"about":[{"href":"https:\/\/christinakosmeetika.ee\/et\/wp-json\/wp\/v2\/types\/product"}],"wp:featuredmedia":[{"embeddable":true,"href":"https:\/\/christinakosmeetika.ee\/et\/wp-json\/wp\/v2\/media\/7018"}],"wp:attachment":[{"href":"https:\/\/christinakosmeetika.ee\/et\/wp-json\/wp\/v2\/media?parent=7020"}],"wp:term":[{"taxonomy":"product_brand","embeddable":true,"href":"https:\/\/christinakosmeetika.ee\/et\/wp-json\/wp\/v2\/product_brand?post=7020"},{"taxonomy":"product_cat","embeddable":true,"href":"https:\/\/christinakosmeetika.ee\/et\/wp-json\/wp\/v2\/product_cat?post=7020"},{"taxonomy":"product_tag","embeddable":true,"href":"https:\/\/christinakosmeetika.ee\/et\/wp-json\/wp\/v2\/product_tag?post=7020"}],"curies":[{"name":"wp","href":"https:\/\/api.w.org\/{rel}","templated":true}]}}