{"id":5418,"date":"2023-05-19T12:11:38","date_gmt":"2023-05-19T12:11:38","guid":{"rendered":"https:\/\/christinakosmeetika.ee\/?post_type=product&#038;p=5418"},"modified":"2026-04-10T10:15:44","modified_gmt":"2026-04-10T07:15:44","slug":"unstress-total-serenity-serum-30ml-et","status":"publish","type":"product","link":"https:\/\/christinakosmeetika.ee\/et\/toode\/unstress-total-serenity-serum-30ml-et\/","title":{"rendered":"UNSTRESS Total Serenity Serum 30ml CHR758"},"content":{"rendered":"<section class=\"av_textblock_section \">\n<div class=\"avia_textblock \">\n<p>Rahustav seerum &#8220;Total&#8221; Christina Unstress Total Serenity Serum parandab rakkude kaitseomadusi ja funktsioone, v\u00e4hendab transepidermaalset niiskuskadu. See silub naha tooni, suurendab elastsust, leevendab \u00e4rritust ja s\u00fcgelust ning omab p\u00f5letikuvastast toimet. See v\u00e4hendab ja ennetab tumedate laikude ilmnemist, tugevdab kapillaare ja suurendab naha kohalikku immuunsust.<\/p>\n<p>H\u00fcaluroonhappe ja niisutava teguri komponendid t\u00e4idavad niiskust sarvkihis, niisutavad s\u00fcgavalt ja k\u00f5rvaldavad \u00e4rrituse ja pingulise tunde. Taimeekstraktidel on p\u00f5letikuvastased ja rahustavad omadused, v\u00e4hendades \u00e4rritust ja s\u00fcgelust.<\/p>\n<p>Seerum toimib t\u00e4iendava &#8220;kaitsva kilbina&#8221; naha negatiivsete v\u00e4liskeskkonna m\u00f5jude vastu t\u00e4nu selle koostises sisalduvatele komponentidele, mis toetavad naha barj\u00e4\u00e4rifunktsiooni. See parandab naha pinnamikrofloora seisundit.<\/p>\n<p>See n\u00e4itab n\u00e4htavaid tulemusi juba esimese kasutamise j\u00e4rel tundlikul ja reaktiivsel nahal.<\/p>\n<p><strong>Kasutusjuhised:<\/strong><\/p>\n<p>Kandke \u00f5hukese kihina puhtale n\u00e4onahale ja masseerige kuni t\u00e4ieliku imendumiseni. V\u00f5ib tekitada kerget kipitustunnet. Kandke kreemi peale vastavalt p\u00e4evaajale.<\/p>\n<p><strong>Koostis:<\/strong><\/p>\n<\/div>\n<\/section>\n<section class=\"av_textblock_section \">\n<div class=\"avia_textblock \">\n<p>Deionized Water (Aqua), Glycerin, Thermus Thermophillus Ferment, Isostearyl Isostearate, Calendula Officinalis Flower Oil, Cucumis Sativus ( Cucumber ) Fruit Extract, Panthenol, Lactobacillus Ferment, Helianthus Annuus (Sunflower) Seed Oil, Plumeria Alba (Frangipani) Flower Ext, Hydroxyethylcellulose, Dipeptide-4, Tocopheryl Acertate, Phenoxyethanol, Hypericum Perforatum Flower\/Leaf\/stem Extract, Arnica Montana Flower Ext, Pinus Pinaster Bark\/Bud Ext, Saccharomyces\/Calcium Ferment, Allantoin, Hyaluronic Acid, Methylchloroisothiazolinone, Methylisothiazolinone<\/p>\n<\/div>\n<\/section>\n","protected":false},"excerpt":{"rendered":"<h4>Rahustav seerum &#8216;Total&#8221;<\/h4>\n","protected":false},"featured_media":8938,"template":"","meta":[],"product_brand":[],"product_cat":[182],"product_tag":[],"class_list":{"0":"post-5418","1":"product","2":"type-product","3":"status-publish","4":"has-post-thumbnail","6":"product_cat-seerum","7":"product_shipping_class-smart-itella-post","8":"pa_linii-kosmetiki-unstress-et","9":"pa_reshenie-problem-ebauhtlane-nahatoon","10":"pa_reshenie-problem-suhost","11":"pa_reshenie-problem-kuperoz","12":"pa_reshenie-problem-naha-taastamine","13":"pa_reshenie-problem-chuvstvitelnaja-koza","14":"pa_tip-kozi-koik-nahatuubid-et","15":"pa_tip-kozi-kombi-et","16":"pa_tip-kozi-kuiv-et","17":"pa_tip-kozi-normaalne-et","18":"pa_tip-kozi-rasvane-et","19":"pa_tip-preparata-seerum-et","20":"pa_vremja-primenenija-oine","21":"pa_vremja-primenenija-paevane","23":"first","24":"instock","25":"featured","26":"taxable","27":"shipping-taxable","28":"purchasable","29":"product-type-simple"},"yoast_head":"<!-- This site is optimized with the Yoast SEO plugin v27.5 - https:\/\/yoast.com\/product\/yoast-seo-wordpress\/ -->\n<title>UNSTRESS Total Serenity Serum 30ml CHR758 - Christinakosmeetika<\/title>\n<meta name=\"description\" content=\"Kontsentreeritud seerum, mis p\u00f5hineb C-vitamiini innovatiivsel stabiliseerimisel ning \u00fchtlustab nahatooni ja suurendab elastsust.\" \/>\n<meta name=\"robots\" content=\"index, follow, max-snippet:-1, max-image-preview:large, max-video-preview:-1\" \/>\n<link rel=\"canonical\" href=\"https:\/\/christinakosmeetika.ee\/et\/toode\/unstress-total-serenity-serum-30ml-et\/\" \/>\n<meta property=\"og:locale\" content=\"et_EE\" \/>\n<meta property=\"og:type\" content=\"article\" \/>\n<meta property=\"og:title\" content=\"UNSTRESS Total Serenity Serum 30ml CHR758 - Christinakosmeetika\" \/>\n<meta property=\"og:description\" content=\"Kontsentreeritud seerum, mis p\u00f5hineb C-vitamiini innovatiivsel stabiliseerimisel ning \u00fchtlustab nahatooni ja suurendab elastsust.\" \/>\n<meta property=\"og:url\" content=\"https:\/\/christinakosmeetika.ee\/et\/toode\/unstress-total-serenity-serum-30ml-et\/\" \/>\n<meta property=\"og:site_name\" content=\"Christinakosmeetika\" \/>\n<meta property=\"article:modified_time\" content=\"2026-04-10T07:15:44+00:00\" \/>\n<meta property=\"og:image\" content=\"https:\/\/christinakosmeetika.ee\/wp-content\/uploads\/2023\/05\/total-serenity-serum-600x600-1.png\" \/>\n\t<meta property=\"og:image:width\" content=\"600\" \/>\n\t<meta property=\"og:image:height\" content=\"600\" \/>\n\t<meta property=\"og:image:type\" content=\"image\/png\" \/>\n<meta name=\"twitter:card\" content=\"summary_large_image\" \/>\n<meta name=\"twitter:label1\" content=\"Est. reading time\" \/>\n\t<meta name=\"twitter:data1\" content=\"2 minutit\" \/>\n<script type=\"application\/ld+json\" class=\"yoast-schema-graph\">{\"@context\":\"https:\\\/\\\/schema.org\",\"@graph\":[{\"@type\":\"WebPage\",\"@id\":\"https:\\\/\\\/christinakosmeetika.ee\\\/et\\\/toode\\\/unstress-total-serenity-serum-30ml-et\\\/\",\"url\":\"https:\\\/\\\/christinakosmeetika.ee\\\/et\\\/toode\\\/unstress-total-serenity-serum-30ml-et\\\/\",\"name\":\"UNSTRESS Total Serenity Serum 30ml CHR758 - Christinakosmeetika\",\"isPartOf\":{\"@id\":\"https:\\\/\\\/christinakosmeetika.ee\\\/#website\"},\"primaryImageOfPage\":{\"@id\":\"https:\\\/\\\/christinakosmeetika.ee\\\/et\\\/toode\\\/unstress-total-serenity-serum-30ml-et\\\/#primaryimage\"},\"image\":{\"@id\":\"https:\\\/\\\/christinakosmeetika.ee\\\/et\\\/toode\\\/unstress-total-serenity-serum-30ml-et\\\/#primaryimage\"},\"thumbnailUrl\":\"https:\\\/\\\/christinakosmeetika.ee\\\/wp-content\\\/uploads\\\/2023\\\/05\\\/total-serenity-serum-600x600-1.png\",\"datePublished\":\"2023-05-19T12:11:38+00:00\",\"dateModified\":\"2026-04-10T07:15:44+00:00\",\"description\":\"Kontsentreeritud seerum, mis p\u00f5hineb C-vitamiini innovatiivsel stabiliseerimisel ning \u00fchtlustab nahatooni ja suurendab elastsust.\",\"breadcrumb\":{\"@id\":\"https:\\\/\\\/christinakosmeetika.ee\\\/et\\\/toode\\\/unstress-total-serenity-serum-30ml-et\\\/#breadcrumb\"},\"inLanguage\":\"et\",\"potentialAction\":[{\"@type\":\"ReadAction\",\"target\":[\"https:\\\/\\\/christinakosmeetika.ee\\\/et\\\/toode\\\/unstress-total-serenity-serum-30ml-et\\\/\"]}]},{\"@type\":\"ImageObject\",\"inLanguage\":\"et\",\"@id\":\"https:\\\/\\\/christinakosmeetika.ee\\\/et\\\/toode\\\/unstress-total-serenity-serum-30ml-et\\\/#primaryimage\",\"url\":\"https:\\\/\\\/christinakosmeetika.ee\\\/wp-content\\\/uploads\\\/2023\\\/05\\\/total-serenity-serum-600x600-1.png\",\"contentUrl\":\"https:\\\/\\\/christinakosmeetika.ee\\\/wp-content\\\/uploads\\\/2023\\\/05\\\/total-serenity-serum-600x600-1.png\",\"width\":600,\"height\":600},{\"@type\":\"BreadcrumbList\",\"@id\":\"https:\\\/\\\/christinakosmeetika.ee\\\/et\\\/toode\\\/unstress-total-serenity-serum-30ml-et\\\/#breadcrumb\",\"itemListElement\":[{\"@type\":\"ListItem\",\"position\":1,\"name\":\"\u0413\u043b\u0430\u0432\u043d\u0430\u044f \u0441\u0442\u0440\u0430\u043d\u0438\u0446\u0430\",\"item\":\"https:\\\/\\\/christinakosmeetika.ee\\\/et\\\/\"},{\"@type\":\"ListItem\",\"position\":2,\"name\":\"Pood\",\"item\":\"https:\\\/\\\/christinakosmeetika.ee\\\/et\\\/shop\\\/\"},{\"@type\":\"ListItem\",\"position\":3,\"name\":\"UNSTRESS Total Serenity Serum 30ml CHR758\"}]},{\"@type\":\"WebSite\",\"@id\":\"https:\\\/\\\/christinakosmeetika.ee\\\/#website\",\"url\":\"https:\\\/\\\/christinakosmeetika.ee\\\/\",\"name\":\"Christinakosmeetika\",\"description\":\"Christina kosmeetika Eestis\",\"alternateName\":\"Christina kosmeetika Eestis\",\"potentialAction\":[{\"@type\":\"SearchAction\",\"target\":{\"@type\":\"EntryPoint\",\"urlTemplate\":\"https:\\\/\\\/christinakosmeetika.ee\\\/?s={search_term_string}\"},\"query-input\":{\"@type\":\"PropertyValueSpecification\",\"valueRequired\":true,\"valueName\":\"search_term_string\"}}],\"inLanguage\":\"et\"}]}<\/script>\n<!-- \/ Yoast SEO plugin. -->","yoast_head_json":{"title":"UNSTRESS Total Serenity Serum 30ml CHR758 - Christinakosmeetika","description":"Kontsentreeritud seerum, mis p\u00f5hineb C-vitamiini innovatiivsel stabiliseerimisel ning \u00fchtlustab nahatooni ja suurendab elastsust.","robots":{"index":"index","follow":"follow","max-snippet":"max-snippet:-1","max-image-preview":"max-image-preview:large","max-video-preview":"max-video-preview:-1"},"canonical":"https:\/\/christinakosmeetika.ee\/et\/toode\/unstress-total-serenity-serum-30ml-et\/","og_locale":"et_EE","og_type":"article","og_title":"UNSTRESS Total Serenity Serum 30ml CHR758 - Christinakosmeetika","og_description":"Kontsentreeritud seerum, mis p\u00f5hineb C-vitamiini innovatiivsel stabiliseerimisel ning \u00fchtlustab nahatooni ja suurendab elastsust.","og_url":"https:\/\/christinakosmeetika.ee\/et\/toode\/unstress-total-serenity-serum-30ml-et\/","og_site_name":"Christinakosmeetika","article_modified_time":"2026-04-10T07:15:44+00:00","og_image":[{"width":600,"height":600,"url":"https:\/\/christinakosmeetika.ee\/wp-content\/uploads\/2023\/05\/total-serenity-serum-600x600-1.png","type":"image\/png"}],"twitter_card":"summary_large_image","twitter_misc":{"Est. reading time":"2 minutit"},"schema":{"@context":"https:\/\/schema.org","@graph":[{"@type":"WebPage","@id":"https:\/\/christinakosmeetika.ee\/et\/toode\/unstress-total-serenity-serum-30ml-et\/","url":"https:\/\/christinakosmeetika.ee\/et\/toode\/unstress-total-serenity-serum-30ml-et\/","name":"UNSTRESS Total Serenity Serum 30ml CHR758 - Christinakosmeetika","isPartOf":{"@id":"https:\/\/christinakosmeetika.ee\/#website"},"primaryImageOfPage":{"@id":"https:\/\/christinakosmeetika.ee\/et\/toode\/unstress-total-serenity-serum-30ml-et\/#primaryimage"},"image":{"@id":"https:\/\/christinakosmeetika.ee\/et\/toode\/unstress-total-serenity-serum-30ml-et\/#primaryimage"},"thumbnailUrl":"https:\/\/christinakosmeetika.ee\/wp-content\/uploads\/2023\/05\/total-serenity-serum-600x600-1.png","datePublished":"2023-05-19T12:11:38+00:00","dateModified":"2026-04-10T07:15:44+00:00","description":"Kontsentreeritud seerum, mis p\u00f5hineb C-vitamiini innovatiivsel stabiliseerimisel ning \u00fchtlustab nahatooni ja suurendab elastsust.","breadcrumb":{"@id":"https:\/\/christinakosmeetika.ee\/et\/toode\/unstress-total-serenity-serum-30ml-et\/#breadcrumb"},"inLanguage":"et","potentialAction":[{"@type":"ReadAction","target":["https:\/\/christinakosmeetika.ee\/et\/toode\/unstress-total-serenity-serum-30ml-et\/"]}]},{"@type":"ImageObject","inLanguage":"et","@id":"https:\/\/christinakosmeetika.ee\/et\/toode\/unstress-total-serenity-serum-30ml-et\/#primaryimage","url":"https:\/\/christinakosmeetika.ee\/wp-content\/uploads\/2023\/05\/total-serenity-serum-600x600-1.png","contentUrl":"https:\/\/christinakosmeetika.ee\/wp-content\/uploads\/2023\/05\/total-serenity-serum-600x600-1.png","width":600,"height":600},{"@type":"BreadcrumbList","@id":"https:\/\/christinakosmeetika.ee\/et\/toode\/unstress-total-serenity-serum-30ml-et\/#breadcrumb","itemListElement":[{"@type":"ListItem","position":1,"name":"\u0413\u043b\u0430\u0432\u043d\u0430\u044f \u0441\u0442\u0440\u0430\u043d\u0438\u0446\u0430","item":"https:\/\/christinakosmeetika.ee\/et\/"},{"@type":"ListItem","position":2,"name":"Pood","item":"https:\/\/christinakosmeetika.ee\/et\/shop\/"},{"@type":"ListItem","position":3,"name":"UNSTRESS Total Serenity Serum 30ml CHR758"}]},{"@type":"WebSite","@id":"https:\/\/christinakosmeetika.ee\/#website","url":"https:\/\/christinakosmeetika.ee\/","name":"Christinakosmeetika","description":"Christina kosmeetika Eestis","alternateName":"Christina kosmeetika Eestis","potentialAction":[{"@type":"SearchAction","target":{"@type":"EntryPoint","urlTemplate":"https:\/\/christinakosmeetika.ee\/?s={search_term_string}"},"query-input":{"@type":"PropertyValueSpecification","valueRequired":true,"valueName":"search_term_string"}}],"inLanguage":"et"}]}},"_links":{"self":[{"href":"https:\/\/christinakosmeetika.ee\/et\/wp-json\/wp\/v2\/product\/5418","targetHints":{"allow":["GET"]}}],"collection":[{"href":"https:\/\/christinakosmeetika.ee\/et\/wp-json\/wp\/v2\/product"}],"about":[{"href":"https:\/\/christinakosmeetika.ee\/et\/wp-json\/wp\/v2\/types\/product"}],"wp:featuredmedia":[{"embeddable":true,"href":"https:\/\/christinakosmeetika.ee\/et\/wp-json\/wp\/v2\/media\/8938"}],"wp:attachment":[{"href":"https:\/\/christinakosmeetika.ee\/et\/wp-json\/wp\/v2\/media?parent=5418"}],"wp:term":[{"taxonomy":"product_brand","embeddable":true,"href":"https:\/\/christinakosmeetika.ee\/et\/wp-json\/wp\/v2\/product_brand?post=5418"},{"taxonomy":"product_cat","embeddable":true,"href":"https:\/\/christinakosmeetika.ee\/et\/wp-json\/wp\/v2\/product_cat?post=5418"},{"taxonomy":"product_tag","embeddable":true,"href":"https:\/\/christinakosmeetika.ee\/et\/wp-json\/wp\/v2\/product_tag?post=5418"}],"curies":[{"name":"wp","href":"https:\/\/api.w.org\/{rel}","templated":true}]}}