{"id":5377,"date":"2021-05-09T20:56:18","date_gmt":"2021-05-09T20:56:18","guid":{"rendered":"https:\/\/christinakosmeetika.ee\/product\/unstress-absolute-relaxer-et\/"},"modified":"2026-04-14T22:25:01","modified_gmt":"2026-04-14T19:25:01","slug":"unstress-absolute-relaxer-et","status":"publish","type":"product","link":"https:\/\/christinakosmeetika.ee\/et\/toode\/unstress-absolute-relaxer-et\/","title":{"rendered":"UNSTRESS Absolute relaxer 30ml CHR756"},"content":{"rendered":"<section class=\"av_textblock_section \">\n<div class=\"avia_textblock \">\n<section class=\"av_textblock_section av-m8pb5-3659316129f0e59035674c25731d2278\">\n<div class=\"avia_textblock\">\n<p>UNSTRESS Absolute Relaxer on vedeliku tekstuuriga toode, mis sisaldab m\u00fcorelaksante, mis l\u00f5dvestavad n\u00e4olihastele saadetud n\u00e4rviimpulsse, v\u00e4hendades miimiliste kortsude ilmingut. See jaotub nahal \u00f5rnalt, t\u00e4ites ja korrigeerides kortsukesi. Suurendab naha tihedust ja elastsust. H\u00fcaluroonhape soodustab naha pindmiste kihtide kiiret niiskustasakaalu taastumist. Pantenooli, aaloe vera, kummeli, kurki ja merevaigu ekstraktid leevendavad kergesti punetust ja rahustavad nahka. Sobib nii p\u00e4evaseks kui ka \u00f6iseks kasutamiseks ning seda saab kasutada ka meigialusena.<\/p>\n<p><strong>Kasutusjuhend:<\/strong><\/p>\n<p>Kandke nahale kaks korda p\u00e4evas, sealhulgas silma\u00fcmbrusele, erilist t\u00e4helepanu p\u00f6\u00f6rates miimiliste kortsudega piirkondadele. V\u00f5ib kasutada ka meigialusena.<\/p>\n<p><strong>Koostis:<\/strong><\/p>\n<\/div>\n<\/section>\n<section class=\"av_textblock_section av-3aemxt-7f78d340ebc712efeed7578652f5ea76\">\n<div class=\"avia_textblock\">\n<p>Deionized water (Aqua), Ammonium Polyacryloyldimethyl Taurate&amp;, Cyclopentasiloxane&amp;, Dimethicone&amp;, Isohexadecane&amp;, Polysilicone-11&amp;, Polysorbate 20&amp;, Polysorbate 80&amp;, Tocopheryl Acetate, 1,2-Hexanediol&amp;, Caprylyl Glycol&amp;, Deionized water (Aqua)&amp;, Sodium hyaluronate, Glycerin, Squalane, Citric Acid&amp;, Deionized water (Aqua)&amp;, Saccharide Isomerate&amp;, Sodium Citrate, Glycerin&amp;, Phenoxyethanol&amp;, Potassium Sorbate&amp;, Thermus Thermophillus Ferment, Camellia Sinensis Leaf Extract&amp;, Centella Asiatica Extract&amp;, Chamomilla Recutita (Matricaria) Flower&amp;, Deionized water (Aqua)&amp;, Glycyrrhiza Glabra (Licorice) Root Extract&amp;, Propanediol&amp;, Rosmarinus Officinalis (Rosemary) Leaf Extract&amp;, Scutellaria Baicalensis Root Extract&amp;, Polygonum Cuspidatum Root Extract, Deionized water (Aqua)&amp;, Isohexadecane&amp;, Polysorbate 80&amp;, Sodium Acrylate\/Sodium Acryloyldimethyl Taurate Copolymer&amp;, Sorbitan Oleate, Caprylyl Glycol&amp;, Phenoxyethanol, Aloe Barbadensis Leaf Extract&amp;, Bioflavonoids&amp;, Brassica Oleracea Italica (Broccoli) Extract&amp;, Propanediol, Panthenol, Cyclopentasiloxane, Butylene Glycol&amp;, Deionized water (Aqua)&amp;, Theobroma Cacao Seed Extract, Cellulose&amp;, Deionized water (Aqua)&amp;, Hydroxyethylcellulose&amp;, Isopropyl Alcohol&amp;, Sodium acetate, Caprylyl Glycol, Chlorphenesin, Fragrance, Anise Alcohol, Benzyl Alcohol, Benzyl Benzoate, Benzyl Salicylate, Butylphenyl Methylpropional, Citral, Farnesol, Geraniol, Isoeugenol, Limonene, Linalool, Butylene Glycol&amp;, Deionized water (Aqua)&amp;, Dipeptide-4<\/p>\n<\/div>\n<\/section>\n<\/div>\n<\/section>\n","protected":false},"excerpt":{"rendered":"<p class=\"av-special-heading-tag\"><strong>Absoluutsete kortsude silumise seerum<\/strong><\/p>\n<div class=\"special-heading-border\"><\/div>\n","protected":false},"featured_media":5016,"template":"","meta":[],"product_brand":[],"product_cat":[182],"product_tag":[],"class_list":{"0":"post-5377","1":"product","2":"type-product","3":"status-publish","4":"has-post-thumbnail","6":"product_cat-seerum","7":"product_shipping_class-smart-itella-post","8":"pa_linii-kosmetiki-unstress-et","9":"pa_reshenie-problem-dehudratsioon","10":"pa_reshenie-problem-kuperoz","11":"pa_reshenie-problem-naha-taastamine","12":"pa_reshenie-problem-chuvstvitelnaja-koza","13":"pa_reshenie-problem-vananemise-margid","14":"pa_tip-kozi-koik-nahatuubid-et","15":"pa_tip-kozi-kombi-et","16":"pa_tip-kozi-kuiv-et","17":"pa_tip-kozi-normaalne-et","18":"pa_tip-kozi-rasvane-et","19":"pa_tip-preparata-seerum","21":"first","22":"outofstock","23":"taxable","24":"shipping-taxable","25":"purchasable","26":"product-type-simple"},"yoast_head":"<!-- This site is optimized with the Yoast SEO plugin v27.5 - https:\/\/yoast.com\/product\/yoast-seo-wordpress\/ -->\n<title>UNSTRESS Absolute relaxer 30ml CHR756 - Christinakosmeetika<\/title>\n<meta name=\"description\" content=\"M\u00fcorelakseeriv seerum sisaldab GABA-t, mis blokeerib impulsi n\u00e4rvil\u00f5pmetest n\u00e4olihastesse, v\u00e4hendades miimiliste kortsude v\u00e4ljendatust.\" \/>\n<meta name=\"robots\" content=\"index, follow, max-snippet:-1, max-image-preview:large, max-video-preview:-1\" \/>\n<link rel=\"canonical\" href=\"https:\/\/christinakosmeetika.ee\/et\/toode\/unstress-absolute-relaxer-et\/\" \/>\n<meta property=\"og:locale\" content=\"et_EE\" \/>\n<meta property=\"og:type\" content=\"article\" \/>\n<meta property=\"og:title\" content=\"UNSTRESS Absolute relaxer 30ml CHR756 - Christinakosmeetika\" \/>\n<meta property=\"og:description\" content=\"M\u00fcorelakseeriv seerum sisaldab GABA-t, mis blokeerib impulsi n\u00e4rvil\u00f5pmetest n\u00e4olihastesse, v\u00e4hendades miimiliste kortsude v\u00e4ljendatust.\" \/>\n<meta property=\"og:url\" content=\"https:\/\/christinakosmeetika.ee\/et\/toode\/unstress-absolute-relaxer-et\/\" \/>\n<meta property=\"og:site_name\" content=\"Christinakosmeetika\" \/>\n<meta property=\"article:modified_time\" content=\"2026-04-14T19:25:01+00:00\" \/>\n<meta property=\"og:image\" content=\"https:\/\/christinakosmeetika.ee\/wp-content\/uploads\/2021\/05\/Absolute-relaxer-450.jpg\" \/>\n\t<meta property=\"og:image:width\" content=\"450\" \/>\n\t<meta property=\"og:image:height\" content=\"450\" \/>\n\t<meta property=\"og:image:type\" content=\"image\/jpeg\" \/>\n<meta name=\"twitter:card\" content=\"summary_large_image\" \/>\n<meta name=\"twitter:label1\" content=\"Est. reading time\" \/>\n\t<meta name=\"twitter:data1\" content=\"2 minutit\" \/>\n<script type=\"application\/ld+json\" class=\"yoast-schema-graph\">{\"@context\":\"https:\\\/\\\/schema.org\",\"@graph\":[{\"@type\":\"WebPage\",\"@id\":\"https:\\\/\\\/christinakosmeetika.ee\\\/et\\\/toode\\\/unstress-absolute-relaxer-et\\\/\",\"url\":\"https:\\\/\\\/christinakosmeetika.ee\\\/et\\\/toode\\\/unstress-absolute-relaxer-et\\\/\",\"name\":\"UNSTRESS Absolute relaxer 30ml CHR756 - Christinakosmeetika\",\"isPartOf\":{\"@id\":\"https:\\\/\\\/christinakosmeetika.ee\\\/#website\"},\"primaryImageOfPage\":{\"@id\":\"https:\\\/\\\/christinakosmeetika.ee\\\/et\\\/toode\\\/unstress-absolute-relaxer-et\\\/#primaryimage\"},\"image\":{\"@id\":\"https:\\\/\\\/christinakosmeetika.ee\\\/et\\\/toode\\\/unstress-absolute-relaxer-et\\\/#primaryimage\"},\"thumbnailUrl\":\"https:\\\/\\\/christinakosmeetika.ee\\\/wp-content\\\/uploads\\\/2021\\\/05\\\/Absolute-relaxer-450.jpg\",\"datePublished\":\"2021-05-09T20:56:18+00:00\",\"dateModified\":\"2026-04-14T19:25:01+00:00\",\"description\":\"M\u00fcorelakseeriv seerum sisaldab GABA-t, mis blokeerib impulsi n\u00e4rvil\u00f5pmetest n\u00e4olihastesse, v\u00e4hendades miimiliste kortsude v\u00e4ljendatust.\",\"breadcrumb\":{\"@id\":\"https:\\\/\\\/christinakosmeetika.ee\\\/et\\\/toode\\\/unstress-absolute-relaxer-et\\\/#breadcrumb\"},\"inLanguage\":\"et\",\"potentialAction\":[{\"@type\":\"ReadAction\",\"target\":[\"https:\\\/\\\/christinakosmeetika.ee\\\/et\\\/toode\\\/unstress-absolute-relaxer-et\\\/\"]}]},{\"@type\":\"ImageObject\",\"inLanguage\":\"et\",\"@id\":\"https:\\\/\\\/christinakosmeetika.ee\\\/et\\\/toode\\\/unstress-absolute-relaxer-et\\\/#primaryimage\",\"url\":\"https:\\\/\\\/christinakosmeetika.ee\\\/wp-content\\\/uploads\\\/2021\\\/05\\\/Absolute-relaxer-450.jpg\",\"contentUrl\":\"https:\\\/\\\/christinakosmeetika.ee\\\/wp-content\\\/uploads\\\/2021\\\/05\\\/Absolute-relaxer-450.jpg\",\"width\":450,\"height\":450},{\"@type\":\"BreadcrumbList\",\"@id\":\"https:\\\/\\\/christinakosmeetika.ee\\\/et\\\/toode\\\/unstress-absolute-relaxer-et\\\/#breadcrumb\",\"itemListElement\":[{\"@type\":\"ListItem\",\"position\":1,\"name\":\"\u0413\u043b\u0430\u0432\u043d\u0430\u044f \u0441\u0442\u0440\u0430\u043d\u0438\u0446\u0430\",\"item\":\"https:\\\/\\\/christinakosmeetika.ee\\\/et\\\/\"},{\"@type\":\"ListItem\",\"position\":2,\"name\":\"Pood\",\"item\":\"https:\\\/\\\/christinakosmeetika.ee\\\/et\\\/shop\\\/\"},{\"@type\":\"ListItem\",\"position\":3,\"name\":\"UNSTRESS Absolute relaxer 30ml CHR756\"}]},{\"@type\":\"WebSite\",\"@id\":\"https:\\\/\\\/christinakosmeetika.ee\\\/#website\",\"url\":\"https:\\\/\\\/christinakosmeetika.ee\\\/\",\"name\":\"Christinakosmeetika\",\"description\":\"Christina kosmeetika Eestis\",\"alternateName\":\"Christina kosmeetika Eestis\",\"potentialAction\":[{\"@type\":\"SearchAction\",\"target\":{\"@type\":\"EntryPoint\",\"urlTemplate\":\"https:\\\/\\\/christinakosmeetika.ee\\\/?s={search_term_string}\"},\"query-input\":{\"@type\":\"PropertyValueSpecification\",\"valueRequired\":true,\"valueName\":\"search_term_string\"}}],\"inLanguage\":\"et\"}]}<\/script>\n<!-- \/ Yoast SEO plugin. -->","yoast_head_json":{"title":"UNSTRESS Absolute relaxer 30ml CHR756 - Christinakosmeetika","description":"M\u00fcorelakseeriv seerum sisaldab GABA-t, mis blokeerib impulsi n\u00e4rvil\u00f5pmetest n\u00e4olihastesse, v\u00e4hendades miimiliste kortsude v\u00e4ljendatust.","robots":{"index":"index","follow":"follow","max-snippet":"max-snippet:-1","max-image-preview":"max-image-preview:large","max-video-preview":"max-video-preview:-1"},"canonical":"https:\/\/christinakosmeetika.ee\/et\/toode\/unstress-absolute-relaxer-et\/","og_locale":"et_EE","og_type":"article","og_title":"UNSTRESS Absolute relaxer 30ml CHR756 - Christinakosmeetika","og_description":"M\u00fcorelakseeriv seerum sisaldab GABA-t, mis blokeerib impulsi n\u00e4rvil\u00f5pmetest n\u00e4olihastesse, v\u00e4hendades miimiliste kortsude v\u00e4ljendatust.","og_url":"https:\/\/christinakosmeetika.ee\/et\/toode\/unstress-absolute-relaxer-et\/","og_site_name":"Christinakosmeetika","article_modified_time":"2026-04-14T19:25:01+00:00","og_image":[{"width":450,"height":450,"url":"https:\/\/christinakosmeetika.ee\/wp-content\/uploads\/2021\/05\/Absolute-relaxer-450.jpg","type":"image\/jpeg"}],"twitter_card":"summary_large_image","twitter_misc":{"Est. reading time":"2 minutit"},"schema":{"@context":"https:\/\/schema.org","@graph":[{"@type":"WebPage","@id":"https:\/\/christinakosmeetika.ee\/et\/toode\/unstress-absolute-relaxer-et\/","url":"https:\/\/christinakosmeetika.ee\/et\/toode\/unstress-absolute-relaxer-et\/","name":"UNSTRESS Absolute relaxer 30ml CHR756 - Christinakosmeetika","isPartOf":{"@id":"https:\/\/christinakosmeetika.ee\/#website"},"primaryImageOfPage":{"@id":"https:\/\/christinakosmeetika.ee\/et\/toode\/unstress-absolute-relaxer-et\/#primaryimage"},"image":{"@id":"https:\/\/christinakosmeetika.ee\/et\/toode\/unstress-absolute-relaxer-et\/#primaryimage"},"thumbnailUrl":"https:\/\/christinakosmeetika.ee\/wp-content\/uploads\/2021\/05\/Absolute-relaxer-450.jpg","datePublished":"2021-05-09T20:56:18+00:00","dateModified":"2026-04-14T19:25:01+00:00","description":"M\u00fcorelakseeriv seerum sisaldab GABA-t, mis blokeerib impulsi n\u00e4rvil\u00f5pmetest n\u00e4olihastesse, v\u00e4hendades miimiliste kortsude v\u00e4ljendatust.","breadcrumb":{"@id":"https:\/\/christinakosmeetika.ee\/et\/toode\/unstress-absolute-relaxer-et\/#breadcrumb"},"inLanguage":"et","potentialAction":[{"@type":"ReadAction","target":["https:\/\/christinakosmeetika.ee\/et\/toode\/unstress-absolute-relaxer-et\/"]}]},{"@type":"ImageObject","inLanguage":"et","@id":"https:\/\/christinakosmeetika.ee\/et\/toode\/unstress-absolute-relaxer-et\/#primaryimage","url":"https:\/\/christinakosmeetika.ee\/wp-content\/uploads\/2021\/05\/Absolute-relaxer-450.jpg","contentUrl":"https:\/\/christinakosmeetika.ee\/wp-content\/uploads\/2021\/05\/Absolute-relaxer-450.jpg","width":450,"height":450},{"@type":"BreadcrumbList","@id":"https:\/\/christinakosmeetika.ee\/et\/toode\/unstress-absolute-relaxer-et\/#breadcrumb","itemListElement":[{"@type":"ListItem","position":1,"name":"\u0413\u043b\u0430\u0432\u043d\u0430\u044f \u0441\u0442\u0440\u0430\u043d\u0438\u0446\u0430","item":"https:\/\/christinakosmeetika.ee\/et\/"},{"@type":"ListItem","position":2,"name":"Pood","item":"https:\/\/christinakosmeetika.ee\/et\/shop\/"},{"@type":"ListItem","position":3,"name":"UNSTRESS Absolute relaxer 30ml CHR756"}]},{"@type":"WebSite","@id":"https:\/\/christinakosmeetika.ee\/#website","url":"https:\/\/christinakosmeetika.ee\/","name":"Christinakosmeetika","description":"Christina kosmeetika Eestis","alternateName":"Christina kosmeetika Eestis","potentialAction":[{"@type":"SearchAction","target":{"@type":"EntryPoint","urlTemplate":"https:\/\/christinakosmeetika.ee\/?s={search_term_string}"},"query-input":{"@type":"PropertyValueSpecification","valueRequired":true,"valueName":"search_term_string"}}],"inLanguage":"et"}]}},"_links":{"self":[{"href":"https:\/\/christinakosmeetika.ee\/et\/wp-json\/wp\/v2\/product\/5377","targetHints":{"allow":["GET"]}}],"collection":[{"href":"https:\/\/christinakosmeetika.ee\/et\/wp-json\/wp\/v2\/product"}],"about":[{"href":"https:\/\/christinakosmeetika.ee\/et\/wp-json\/wp\/v2\/types\/product"}],"wp:featuredmedia":[{"embeddable":true,"href":"https:\/\/christinakosmeetika.ee\/et\/wp-json\/wp\/v2\/media\/5016"}],"wp:attachment":[{"href":"https:\/\/christinakosmeetika.ee\/et\/wp-json\/wp\/v2\/media?parent=5377"}],"wp:term":[{"taxonomy":"product_brand","embeddable":true,"href":"https:\/\/christinakosmeetika.ee\/et\/wp-json\/wp\/v2\/product_brand?post=5377"},{"taxonomy":"product_cat","embeddable":true,"href":"https:\/\/christinakosmeetika.ee\/et\/wp-json\/wp\/v2\/product_cat?post=5377"},{"taxonomy":"product_tag","embeddable":true,"href":"https:\/\/christinakosmeetika.ee\/et\/wp-json\/wp\/v2\/product_tag?post=5377"}],"curies":[{"name":"wp","href":"https:\/\/api.w.org\/{rel}","templated":true}]}}