{"id":5357,"date":"2021-05-05T11:53:31","date_gmt":"2021-05-05T11:53:31","guid":{"rendered":"https:\/\/christinakosmeetika.ee\/product\/christina-silk-absolutely-smooth-topical-wrinkle-fille-et\/"},"modified":"2026-04-15T19:45:48","modified_gmt":"2026-04-15T16:45:48","slug":"christina-silk-absolutely-smooth-topical-wrinkle-fille-et","status":"publish","type":"product","link":"https:\/\/christinakosmeetika.ee\/et\/toode\/christina-silk-absolutely-smooth-topical-wrinkle-fille-et\/","title":{"rendered":"CHRISTINA SILK Absolutely Smooth Topical Wrinkle Filler 30ml CHR439"},"content":{"rendered":"<section class=\"av_textblock_section \">\n<div class=\"avia_textblock \">\n<p>Seerum sisaldab gamma-aminov\u00f5ihapet &#8211; v\u00f5imsat vananemisvastast koostisainet, mis j\u00e4rk-j\u00e4rgult l\u00f5dvestab silma\u00fcmbruse lihaseid, v\u00e4hendades lihaste kontraktsioonide intensiivsust.<\/p>\n<p>Selle tulemusena muutuvad peened jooned ja kortsud v\u00e4hem m\u00e4rgatavaks, tagades Botoxi efekti. Selle seerumi toime on kohe m\u00e4rgatav t\u00e4nu gamma-aminov\u00f5ihappele, mis l\u00f5dvestab n\u00e4olihaseid ja aitab v\u00e4hendada peeneid kortsukesi.<\/p>\n<p>Kerge seerum pol\u00fcsilikoonidega silub naha reljeefi, tagades ideaalselt \u00fchtlase meigikandmise. See aitab saavutada nooremat ja s\u00e4ravamat jumet, muutes naha siledamaks ja elastsemaks. Koostises sisalduvad pol\u00fcsilikoonid siluvad nahatekstuuri, tagades \u00fchtlase ja veatu meigikandmise.<\/p>\n<p><strong>Kasutusjuhend:<\/strong><\/p>\n<p>Kandke seerumit kaks korda p\u00e4evas \u00f5rnade patsutavate liigutustega s\u00f5rmeotstega, p\u00f6\u00f6rates erilist t\u00e4helepanu kortsudele. Seerumit v\u00f5ib kasutada meigi all &#8211; nahk n\u00e4eb veatult sile v\u00e4lja.<\/p>\n<p><strong>Koostis:<\/strong><\/p>\n<\/div>\n<\/section>\n<section class=\"av_textblock_section \">\n<div class=\"avia_textblock \">\n<p>Cyclopentasiloxane, Polysilicone 11, Aluminum Starch Octenylsuccinate, Deionized Water (Aqua), Aminobutyric acid, Barium Sulfate, Phenoxyethanol, Panax Ginseng Root Extract, Portulaca Oleracea Extract, Centella Asiatica Extract, Tocopheryl Acetate, Fragrance, Hydrolyzed silk<\/p>\n<\/div>\n<\/section>\n<section class=\"av_textblock_section \">\n<div class=\"avia_textblock \">\n<p>&nbsp;<\/p>\n<\/div>\n<\/section>\n","protected":false},"excerpt":{"rendered":"<h4>Naha kohalikuks kortsude t\u00e4itmiseks m\u00f5eldud seerum.<\/h4>\n","protected":false},"featured_media":8942,"template":"","meta":[],"product_brand":[],"product_cat":[182],"product_tag":[],"class_list":{"0":"post-5357","1":"product","2":"type-product","3":"status-publish","4":"has-post-thumbnail","6":"product_cat-seerum","7":"product_shipping_class-smart-itella-post","8":"pa_linii-kosmetiki-silk-et","9":"pa_reshenie-problem-ebauhtlane-nahatekstuur","10":"pa_reshenie-problem-vahenenud-elastsus","11":"pa_reshenie-problem-suhost","12":"pa_reshenie-problem-vananemise-margid","13":"pa_tip-kozi-kuiv-et","14":"pa_tip-kozi-normaalne-et","15":"pa_tip-preparata-seerum","17":"first","18":"outofstock","19":"taxable","20":"shipping-taxable","21":"purchasable","22":"product-type-simple"},"yoast_head":"<!-- This site is optimized with the Yoast SEO plugin v27.5 - https:\/\/yoast.com\/product\/yoast-seo-wordpress\/ -->\n<title>CHRISTINA SILK Absolutely Smooth Topical Wrinkle Filler 30ml CHR439 - Christinakosmeetika<\/title>\n<meta name=\"description\" content=\"Muudab naha siledamaks ja pringimaks. Selle tulemusel muutuvad peened jooned ja kortsud v\u00e4hem m\u00e4rgatavaks, tagades botoksi efekti.\" \/>\n<meta name=\"robots\" content=\"index, follow, max-snippet:-1, max-image-preview:large, max-video-preview:-1\" \/>\n<link rel=\"canonical\" href=\"https:\/\/christinakosmeetika.ee\/et\/toode\/christina-silk-absolutely-smooth-topical-wrinkle-fille-et\/\" \/>\n<meta property=\"og:locale\" content=\"et_EE\" \/>\n<meta property=\"og:type\" content=\"article\" \/>\n<meta property=\"og:title\" content=\"CHRISTINA SILK Absolutely Smooth Topical Wrinkle Filler 30ml CHR439 - Christinakosmeetika\" \/>\n<meta property=\"og:description\" content=\"Muudab naha siledamaks ja pringimaks. Selle tulemusel muutuvad peened jooned ja kortsud v\u00e4hem m\u00e4rgatavaks, tagades botoksi efekti.\" \/>\n<meta property=\"og:url\" content=\"https:\/\/christinakosmeetika.ee\/et\/toode\/christina-silk-absolutely-smooth-topical-wrinkle-fille-et\/\" \/>\n<meta property=\"og:site_name\" content=\"Christinakosmeetika\" \/>\n<meta property=\"article:modified_time\" content=\"2026-04-15T16:45:48+00:00\" \/>\n<meta property=\"og:image\" content=\"https:\/\/christinakosmeetika.ee\/wp-content\/uploads\/2021\/05\/absolutely-smooth-2-1030x1030-1.png\" \/>\n\t<meta property=\"og:image:width\" content=\"1030\" \/>\n\t<meta property=\"og:image:height\" content=\"1030\" \/>\n\t<meta property=\"og:image:type\" content=\"image\/png\" \/>\n<meta name=\"twitter:card\" content=\"summary_large_image\" \/>\n<meta name=\"twitter:label1\" content=\"Est. reading time\" \/>\n\t<meta name=\"twitter:data1\" content=\"1 minut\" \/>\n<script type=\"application\/ld+json\" class=\"yoast-schema-graph\">{\"@context\":\"https:\\\/\\\/schema.org\",\"@graph\":[{\"@type\":\"WebPage\",\"@id\":\"https:\\\/\\\/christinakosmeetika.ee\\\/et\\\/toode\\\/christina-silk-absolutely-smooth-topical-wrinkle-fille-et\\\/\",\"url\":\"https:\\\/\\\/christinakosmeetika.ee\\\/et\\\/toode\\\/christina-silk-absolutely-smooth-topical-wrinkle-fille-et\\\/\",\"name\":\"CHRISTINA SILK Absolutely Smooth Topical Wrinkle Filler 30ml CHR439 - Christinakosmeetika\",\"isPartOf\":{\"@id\":\"https:\\\/\\\/christinakosmeetika.ee\\\/#website\"},\"primaryImageOfPage\":{\"@id\":\"https:\\\/\\\/christinakosmeetika.ee\\\/et\\\/toode\\\/christina-silk-absolutely-smooth-topical-wrinkle-fille-et\\\/#primaryimage\"},\"image\":{\"@id\":\"https:\\\/\\\/christinakosmeetika.ee\\\/et\\\/toode\\\/christina-silk-absolutely-smooth-topical-wrinkle-fille-et\\\/#primaryimage\"},\"thumbnailUrl\":\"https:\\\/\\\/christinakosmeetika.ee\\\/wp-content\\\/uploads\\\/2021\\\/05\\\/absolutely-smooth-2-1030x1030-1.png\",\"datePublished\":\"2021-05-05T11:53:31+00:00\",\"dateModified\":\"2026-04-15T16:45:48+00:00\",\"description\":\"Muudab naha siledamaks ja pringimaks. Selle tulemusel muutuvad peened jooned ja kortsud v\u00e4hem m\u00e4rgatavaks, tagades botoksi efekti.\",\"breadcrumb\":{\"@id\":\"https:\\\/\\\/christinakosmeetika.ee\\\/et\\\/toode\\\/christina-silk-absolutely-smooth-topical-wrinkle-fille-et\\\/#breadcrumb\"},\"inLanguage\":\"et\",\"potentialAction\":[{\"@type\":\"ReadAction\",\"target\":[\"https:\\\/\\\/christinakosmeetika.ee\\\/et\\\/toode\\\/christina-silk-absolutely-smooth-topical-wrinkle-fille-et\\\/\"]}]},{\"@type\":\"ImageObject\",\"inLanguage\":\"et\",\"@id\":\"https:\\\/\\\/christinakosmeetika.ee\\\/et\\\/toode\\\/christina-silk-absolutely-smooth-topical-wrinkle-fille-et\\\/#primaryimage\",\"url\":\"https:\\\/\\\/christinakosmeetika.ee\\\/wp-content\\\/uploads\\\/2021\\\/05\\\/absolutely-smooth-2-1030x1030-1.png\",\"contentUrl\":\"https:\\\/\\\/christinakosmeetika.ee\\\/wp-content\\\/uploads\\\/2021\\\/05\\\/absolutely-smooth-2-1030x1030-1.png\",\"width\":1030,\"height\":1030},{\"@type\":\"BreadcrumbList\",\"@id\":\"https:\\\/\\\/christinakosmeetika.ee\\\/et\\\/toode\\\/christina-silk-absolutely-smooth-topical-wrinkle-fille-et\\\/#breadcrumb\",\"itemListElement\":[{\"@type\":\"ListItem\",\"position\":1,\"name\":\"\u0413\u043b\u0430\u0432\u043d\u0430\u044f \u0441\u0442\u0440\u0430\u043d\u0438\u0446\u0430\",\"item\":\"https:\\\/\\\/christinakosmeetika.ee\\\/et\\\/\"},{\"@type\":\"ListItem\",\"position\":2,\"name\":\"Pood\",\"item\":\"https:\\\/\\\/christinakosmeetika.ee\\\/et\\\/shop\\\/\"},{\"@type\":\"ListItem\",\"position\":3,\"name\":\"CHRISTINA SILK Absolutely Smooth Topical Wrinkle Filler 30ml CHR439\"}]},{\"@type\":\"WebSite\",\"@id\":\"https:\\\/\\\/christinakosmeetika.ee\\\/#website\",\"url\":\"https:\\\/\\\/christinakosmeetika.ee\\\/\",\"name\":\"Christinakosmeetika\",\"description\":\"Christina kosmeetika Eestis\",\"alternateName\":\"Christina kosmeetika Eestis\",\"potentialAction\":[{\"@type\":\"SearchAction\",\"target\":{\"@type\":\"EntryPoint\",\"urlTemplate\":\"https:\\\/\\\/christinakosmeetika.ee\\\/?s={search_term_string}\"},\"query-input\":{\"@type\":\"PropertyValueSpecification\",\"valueRequired\":true,\"valueName\":\"search_term_string\"}}],\"inLanguage\":\"et\"}]}<\/script>\n<!-- \/ Yoast SEO plugin. -->","yoast_head_json":{"title":"CHRISTINA SILK Absolutely Smooth Topical Wrinkle Filler 30ml CHR439 - Christinakosmeetika","description":"Muudab naha siledamaks ja pringimaks. Selle tulemusel muutuvad peened jooned ja kortsud v\u00e4hem m\u00e4rgatavaks, tagades botoksi efekti.","robots":{"index":"index","follow":"follow","max-snippet":"max-snippet:-1","max-image-preview":"max-image-preview:large","max-video-preview":"max-video-preview:-1"},"canonical":"https:\/\/christinakosmeetika.ee\/et\/toode\/christina-silk-absolutely-smooth-topical-wrinkle-fille-et\/","og_locale":"et_EE","og_type":"article","og_title":"CHRISTINA SILK Absolutely Smooth Topical Wrinkle Filler 30ml CHR439 - Christinakosmeetika","og_description":"Muudab naha siledamaks ja pringimaks. Selle tulemusel muutuvad peened jooned ja kortsud v\u00e4hem m\u00e4rgatavaks, tagades botoksi efekti.","og_url":"https:\/\/christinakosmeetika.ee\/et\/toode\/christina-silk-absolutely-smooth-topical-wrinkle-fille-et\/","og_site_name":"Christinakosmeetika","article_modified_time":"2026-04-15T16:45:48+00:00","og_image":[{"width":1030,"height":1030,"url":"https:\/\/christinakosmeetika.ee\/wp-content\/uploads\/2021\/05\/absolutely-smooth-2-1030x1030-1.png","type":"image\/png"}],"twitter_card":"summary_large_image","twitter_misc":{"Est. reading time":"1 minut"},"schema":{"@context":"https:\/\/schema.org","@graph":[{"@type":"WebPage","@id":"https:\/\/christinakosmeetika.ee\/et\/toode\/christina-silk-absolutely-smooth-topical-wrinkle-fille-et\/","url":"https:\/\/christinakosmeetika.ee\/et\/toode\/christina-silk-absolutely-smooth-topical-wrinkle-fille-et\/","name":"CHRISTINA SILK Absolutely Smooth Topical Wrinkle Filler 30ml CHR439 - Christinakosmeetika","isPartOf":{"@id":"https:\/\/christinakosmeetika.ee\/#website"},"primaryImageOfPage":{"@id":"https:\/\/christinakosmeetika.ee\/et\/toode\/christina-silk-absolutely-smooth-topical-wrinkle-fille-et\/#primaryimage"},"image":{"@id":"https:\/\/christinakosmeetika.ee\/et\/toode\/christina-silk-absolutely-smooth-topical-wrinkle-fille-et\/#primaryimage"},"thumbnailUrl":"https:\/\/christinakosmeetika.ee\/wp-content\/uploads\/2021\/05\/absolutely-smooth-2-1030x1030-1.png","datePublished":"2021-05-05T11:53:31+00:00","dateModified":"2026-04-15T16:45:48+00:00","description":"Muudab naha siledamaks ja pringimaks. Selle tulemusel muutuvad peened jooned ja kortsud v\u00e4hem m\u00e4rgatavaks, tagades botoksi efekti.","breadcrumb":{"@id":"https:\/\/christinakosmeetika.ee\/et\/toode\/christina-silk-absolutely-smooth-topical-wrinkle-fille-et\/#breadcrumb"},"inLanguage":"et","potentialAction":[{"@type":"ReadAction","target":["https:\/\/christinakosmeetika.ee\/et\/toode\/christina-silk-absolutely-smooth-topical-wrinkle-fille-et\/"]}]},{"@type":"ImageObject","inLanguage":"et","@id":"https:\/\/christinakosmeetika.ee\/et\/toode\/christina-silk-absolutely-smooth-topical-wrinkle-fille-et\/#primaryimage","url":"https:\/\/christinakosmeetika.ee\/wp-content\/uploads\/2021\/05\/absolutely-smooth-2-1030x1030-1.png","contentUrl":"https:\/\/christinakosmeetika.ee\/wp-content\/uploads\/2021\/05\/absolutely-smooth-2-1030x1030-1.png","width":1030,"height":1030},{"@type":"BreadcrumbList","@id":"https:\/\/christinakosmeetika.ee\/et\/toode\/christina-silk-absolutely-smooth-topical-wrinkle-fille-et\/#breadcrumb","itemListElement":[{"@type":"ListItem","position":1,"name":"\u0413\u043b\u0430\u0432\u043d\u0430\u044f \u0441\u0442\u0440\u0430\u043d\u0438\u0446\u0430","item":"https:\/\/christinakosmeetika.ee\/et\/"},{"@type":"ListItem","position":2,"name":"Pood","item":"https:\/\/christinakosmeetika.ee\/et\/shop\/"},{"@type":"ListItem","position":3,"name":"CHRISTINA SILK Absolutely Smooth Topical Wrinkle Filler 30ml CHR439"}]},{"@type":"WebSite","@id":"https:\/\/christinakosmeetika.ee\/#website","url":"https:\/\/christinakosmeetika.ee\/","name":"Christinakosmeetika","description":"Christina kosmeetika Eestis","alternateName":"Christina kosmeetika Eestis","potentialAction":[{"@type":"SearchAction","target":{"@type":"EntryPoint","urlTemplate":"https:\/\/christinakosmeetika.ee\/?s={search_term_string}"},"query-input":{"@type":"PropertyValueSpecification","valueRequired":true,"valueName":"search_term_string"}}],"inLanguage":"et"}]}},"_links":{"self":[{"href":"https:\/\/christinakosmeetika.ee\/et\/wp-json\/wp\/v2\/product\/5357","targetHints":{"allow":["GET"]}}],"collection":[{"href":"https:\/\/christinakosmeetika.ee\/et\/wp-json\/wp\/v2\/product"}],"about":[{"href":"https:\/\/christinakosmeetika.ee\/et\/wp-json\/wp\/v2\/types\/product"}],"wp:featuredmedia":[{"embeddable":true,"href":"https:\/\/christinakosmeetika.ee\/et\/wp-json\/wp\/v2\/media\/8942"}],"wp:attachment":[{"href":"https:\/\/christinakosmeetika.ee\/et\/wp-json\/wp\/v2\/media?parent=5357"}],"wp:term":[{"taxonomy":"product_brand","embeddable":true,"href":"https:\/\/christinakosmeetika.ee\/et\/wp-json\/wp\/v2\/product_brand?post=5357"},{"taxonomy":"product_cat","embeddable":true,"href":"https:\/\/christinakosmeetika.ee\/et\/wp-json\/wp\/v2\/product_cat?post=5357"},{"taxonomy":"product_tag","embeddable":true,"href":"https:\/\/christinakosmeetika.ee\/et\/wp-json\/wp\/v2\/product_tag?post=5357"}],"curies":[{"name":"wp","href":"https:\/\/api.w.org\/{rel}","templated":true}]}}