{"id":5307,"date":"2021-04-28T17:32:01","date_gmt":"2021-04-28T17:32:01","guid":{"rendered":"https:\/\/christinakosmeetika.ee\/product\/illustrious-serum-et\/"},"modified":"2026-04-15T21:57:33","modified_gmt":"2026-04-15T18:57:33","slug":"illustrious-serum-et","status":"publish","type":"product","link":"https:\/\/christinakosmeetika.ee\/et\/toode\/illustrious-serum-et\/","title":{"rendered":"CHRISTINA ILLUSTRIOUS Serum 30ml CHR506"},"content":{"rendered":"<section class=\"av_textblock_section \">\n<div class=\"avia_textblock \">\n<p>CHRISTINA ILLUSTRIOUS Serum &#8211; see on kerge ja kiiresti imenduv seerum, mis on rikastatud niisutavate ja helendavate komponentidega. See \u00fchtlustab t\u00f5husalt naha tooni, silub naha tekstuuri ja v\u00e4hendab tumedate laikude teket. Seerum omab antioks\u00fcdantseid ja vananemisvastaseid omadusi.<\/p>\n<p>\u00dcks peamisi koostisosi, resveratrool, aitab melaniini l\u00f5hustada, aeglustades selle kogunemist nahas. See aitab saavutada \u00fchtlasemat n\u00e4onahka ja aitab ennetada uute tumedate laikude teket.<\/p>\n<p>Seerumi kerge tekstuur tagab kiire imendumise, j\u00e4ttes naha v\u00e4rske ja noorendatud.<\/p>\n<p><strong>Kasutusjuhend:<\/strong><\/p>\n<p>Kandke v\u00e4ike kogus seerumit kergelt niiskele n\u00e4o-, kaela- ja dekoltee nahale. Kandke seej\u00e4rel vastavalt p\u00e4evaajale kreem.<\/p>\n<p><strong>Koostis:\u00a0<\/strong><\/p>\n<\/div>\n<\/section>\n<section class=\"av_textblock_section \">\n<div class=\"avia_textblock \">\n<p>Deionized water (Aqua), Propanediol, Cetearyl Ethylhexanoate, Isodecyl Neopentanoate, Trilaureth-4 Phosphate, Cetearyl Alcohol, Caprylic\/Capric Triglyceride, Polysorbate 20, Polyacrylamide, Magnesium Ascorbyl Phosphate, Xylitylglucoside, Phenoxyethanol, C13-14 Isoparaffin, Cetearyl Glucoside, Anhydroxylitol, Butylene Glycol, Polyacrylate Crosspolymer-6, Xylitol, Niacinamide, Caprylyl Glycol, Tocopheryl Acetate, Tetrahydrodiferuloylmethane, Hexylresorcinol, Laureth-7, Perfume, Disodium EDTA, Ethylhexylglycerin, Caprylic Acid, Glucose, Isopropyl Alcohol, Oligopeptide-68, Glycine Soja (Soybean) Oil, Sodium Oleate, Hydrogenated Lecithin, Glycerin, t-Butyl Alcohol, Ascophyllum Nodosum Extract, PEG-400, Resveratrol, Caproic Acid, Capric Acid, Potassium Sorbate, Citric Acid, Limonene, Linalool, Diacetyl Boldine, Citral<\/p>\n<\/div>\n<\/section>\n","protected":false},"excerpt":{"rendered":"<h4>Pigmentatsiooni korrigeeriv seerum.<\/h4>\n","protected":false},"featured_media":1441,"template":"","meta":[],"product_brand":[],"product_cat":[182],"product_tag":[],"class_list":{"0":"post-5307","1":"product","2":"type-product","3":"status-publish","4":"has-post-thumbnail","6":"product_cat-seerum","7":"product_shipping_class-smart-itella-post","8":"pa_akcii-skidki-allahindlused","9":"pa_linii-kosmetiki-illustrious-et","10":"pa_reshenie-problem-ebauhtlane-nahatoon","11":"pa_reshenie-problem-suhost","12":"pa_reshenie-problem-pigmentatsioon","13":"pa_tip-kozi-koik-nahatuubid-et","14":"pa_tip-kozi-kombi-et","15":"pa_tip-kozi-kuiv-et","16":"pa_tip-kozi-normaalne-et","17":"pa_tip-kozi-rasvane-et","18":"pa_tip-preparata-seerum","19":"pa_vremja-primenenija-oine","20":"pa_vremja-primenenija-paevane","22":"first","23":"instock","24":"sale","25":"taxable","26":"shipping-taxable","27":"purchasable","28":"product-type-simple"},"yoast_head":"<!-- This site is optimized with the Yoast SEO plugin v27.5 - https:\/\/yoast.com\/product\/yoast-seo-wordpress\/ -->\n<title>CHRISTINA ILLUSTRIOUS Serum 30ml CHR506 - Christinakosmeetika<\/title>\n<meta name=\"description\" content=\"T\u00f5husalt \u00fchtlustab nahatooni, silub naha tekstuuri ja v\u00e4hendab tumedate laikude n\u00e4htavust. Seerumil on antioks\u00fcdantsed ja vananemisvastased omadused.\" \/>\n<meta name=\"robots\" content=\"index, follow, max-snippet:-1, max-image-preview:large, max-video-preview:-1\" \/>\n<link rel=\"canonical\" href=\"https:\/\/christinakosmeetika.ee\/product\/illustrious-serum\/\" \/>\n<meta property=\"og:locale\" content=\"et_EE\" \/>\n<meta property=\"og:type\" content=\"article\" \/>\n<meta property=\"og:title\" content=\"CHRISTINA ILLUSTRIOUS Serum 30ml CHR506 - Christinakosmeetika\" \/>\n<meta property=\"og:description\" content=\"T\u00f5husalt \u00fchtlustab nahatooni, silub naha tekstuuri ja v\u00e4hendab tumedate laikude n\u00e4htavust. Seerumil on antioks\u00fcdantsed ja vananemisvastased omadused.\" \/>\n<meta property=\"og:url\" content=\"https:\/\/christinakosmeetika.ee\/product\/illustrious-serum\/\" \/>\n<meta property=\"og:site_name\" content=\"Christinakosmeetika\" \/>\n<meta property=\"article:modified_time\" content=\"2026-04-15T18:57:33+00:00\" \/>\n<meta property=\"og:image\" content=\"https:\/\/christinakosmeetika.ee\/wp-content\/uploads\/2021\/04\/Serum-450.jpg\" \/>\n\t<meta property=\"og:image:width\" content=\"450\" \/>\n\t<meta property=\"og:image:height\" content=\"450\" \/>\n\t<meta property=\"og:image:type\" content=\"image\/jpeg\" \/>\n<meta name=\"twitter:card\" content=\"summary_large_image\" \/>\n<meta name=\"twitter:label1\" content=\"Est. reading time\" \/>\n\t<meta name=\"twitter:data1\" content=\"1 minut\" \/>\n<script type=\"application\/ld+json\" class=\"yoast-schema-graph\">{\"@context\":\"https:\\\/\\\/schema.org\",\"@graph\":[{\"@type\":\"WebPage\",\"@id\":\"https:\\\/\\\/christinakosmeetika.ee\\\/product\\\/illustrious-serum\\\/\",\"url\":\"https:\\\/\\\/christinakosmeetika.ee\\\/product\\\/illustrious-serum\\\/\",\"name\":\"CHRISTINA ILLUSTRIOUS Serum 30ml CHR506 - Christinakosmeetika\",\"isPartOf\":{\"@id\":\"https:\\\/\\\/christinakosmeetika.ee\\\/#website\"},\"primaryImageOfPage\":{\"@id\":\"https:\\\/\\\/christinakosmeetika.ee\\\/product\\\/illustrious-serum\\\/#primaryimage\"},\"image\":{\"@id\":\"https:\\\/\\\/christinakosmeetika.ee\\\/product\\\/illustrious-serum\\\/#primaryimage\"},\"thumbnailUrl\":\"https:\\\/\\\/christinakosmeetika.ee\\\/wp-content\\\/uploads\\\/2021\\\/04\\\/Serum-450.jpg\",\"datePublished\":\"2021-04-28T17:32:01+00:00\",\"dateModified\":\"2026-04-15T18:57:33+00:00\",\"description\":\"T\u00f5husalt \u00fchtlustab nahatooni, silub naha tekstuuri ja v\u00e4hendab tumedate laikude n\u00e4htavust. Seerumil on antioks\u00fcdantsed ja vananemisvastased omadused.\",\"breadcrumb\":{\"@id\":\"https:\\\/\\\/christinakosmeetika.ee\\\/product\\\/illustrious-serum\\\/#breadcrumb\"},\"inLanguage\":\"et\",\"potentialAction\":[{\"@type\":\"ReadAction\",\"target\":[\"https:\\\/\\\/christinakosmeetika.ee\\\/product\\\/illustrious-serum\\\/\"]}]},{\"@type\":\"ImageObject\",\"inLanguage\":\"et\",\"@id\":\"https:\\\/\\\/christinakosmeetika.ee\\\/product\\\/illustrious-serum\\\/#primaryimage\",\"url\":\"https:\\\/\\\/christinakosmeetika.ee\\\/wp-content\\\/uploads\\\/2021\\\/04\\\/Serum-450.jpg\",\"contentUrl\":\"https:\\\/\\\/christinakosmeetika.ee\\\/wp-content\\\/uploads\\\/2021\\\/04\\\/Serum-450.jpg\",\"width\":450,\"height\":450},{\"@type\":\"BreadcrumbList\",\"@id\":\"https:\\\/\\\/christinakosmeetika.ee\\\/product\\\/illustrious-serum\\\/#breadcrumb\",\"itemListElement\":[{\"@type\":\"ListItem\",\"position\":1,\"name\":\"\u0413\u043b\u0430\u0432\u043d\u0430\u044f \u0441\u0442\u0440\u0430\u043d\u0438\u0446\u0430\",\"item\":\"https:\\\/\\\/christinakosmeetika.ee\\\/et\\\/\"},{\"@type\":\"ListItem\",\"position\":2,\"name\":\"Pood\",\"item\":\"https:\\\/\\\/christinakosmeetika.ee\\\/et\\\/shop\\\/\"},{\"@type\":\"ListItem\",\"position\":3,\"name\":\"CHRISTINA ILLUSTRIOUS Serum 30ml CHR506\"}]},{\"@type\":\"WebSite\",\"@id\":\"https:\\\/\\\/christinakosmeetika.ee\\\/#website\",\"url\":\"https:\\\/\\\/christinakosmeetika.ee\\\/\",\"name\":\"Christinakosmeetika\",\"description\":\"Christina kosmeetika Eestis\",\"alternateName\":\"Christina kosmeetika Eestis\",\"potentialAction\":[{\"@type\":\"SearchAction\",\"target\":{\"@type\":\"EntryPoint\",\"urlTemplate\":\"https:\\\/\\\/christinakosmeetika.ee\\\/?s={search_term_string}\"},\"query-input\":{\"@type\":\"PropertyValueSpecification\",\"valueRequired\":true,\"valueName\":\"search_term_string\"}}],\"inLanguage\":\"et\"}]}<\/script>\n<!-- \/ Yoast SEO plugin. -->","yoast_head_json":{"title":"CHRISTINA ILLUSTRIOUS Serum 30ml CHR506 - Christinakosmeetika","description":"T\u00f5husalt \u00fchtlustab nahatooni, silub naha tekstuuri ja v\u00e4hendab tumedate laikude n\u00e4htavust. Seerumil on antioks\u00fcdantsed ja vananemisvastased omadused.","robots":{"index":"index","follow":"follow","max-snippet":"max-snippet:-1","max-image-preview":"max-image-preview:large","max-video-preview":"max-video-preview:-1"},"canonical":"https:\/\/christinakosmeetika.ee\/product\/illustrious-serum\/","og_locale":"et_EE","og_type":"article","og_title":"CHRISTINA ILLUSTRIOUS Serum 30ml CHR506 - Christinakosmeetika","og_description":"T\u00f5husalt \u00fchtlustab nahatooni, silub naha tekstuuri ja v\u00e4hendab tumedate laikude n\u00e4htavust. Seerumil on antioks\u00fcdantsed ja vananemisvastased omadused.","og_url":"https:\/\/christinakosmeetika.ee\/product\/illustrious-serum\/","og_site_name":"Christinakosmeetika","article_modified_time":"2026-04-15T18:57:33+00:00","og_image":[{"width":450,"height":450,"url":"https:\/\/christinakosmeetika.ee\/wp-content\/uploads\/2021\/04\/Serum-450.jpg","type":"image\/jpeg"}],"twitter_card":"summary_large_image","twitter_misc":{"Est. reading time":"1 minut"},"schema":{"@context":"https:\/\/schema.org","@graph":[{"@type":"WebPage","@id":"https:\/\/christinakosmeetika.ee\/product\/illustrious-serum\/","url":"https:\/\/christinakosmeetika.ee\/product\/illustrious-serum\/","name":"CHRISTINA ILLUSTRIOUS Serum 30ml CHR506 - Christinakosmeetika","isPartOf":{"@id":"https:\/\/christinakosmeetika.ee\/#website"},"primaryImageOfPage":{"@id":"https:\/\/christinakosmeetika.ee\/product\/illustrious-serum\/#primaryimage"},"image":{"@id":"https:\/\/christinakosmeetika.ee\/product\/illustrious-serum\/#primaryimage"},"thumbnailUrl":"https:\/\/christinakosmeetika.ee\/wp-content\/uploads\/2021\/04\/Serum-450.jpg","datePublished":"2021-04-28T17:32:01+00:00","dateModified":"2026-04-15T18:57:33+00:00","description":"T\u00f5husalt \u00fchtlustab nahatooni, silub naha tekstuuri ja v\u00e4hendab tumedate laikude n\u00e4htavust. Seerumil on antioks\u00fcdantsed ja vananemisvastased omadused.","breadcrumb":{"@id":"https:\/\/christinakosmeetika.ee\/product\/illustrious-serum\/#breadcrumb"},"inLanguage":"et","potentialAction":[{"@type":"ReadAction","target":["https:\/\/christinakosmeetika.ee\/product\/illustrious-serum\/"]}]},{"@type":"ImageObject","inLanguage":"et","@id":"https:\/\/christinakosmeetika.ee\/product\/illustrious-serum\/#primaryimage","url":"https:\/\/christinakosmeetika.ee\/wp-content\/uploads\/2021\/04\/Serum-450.jpg","contentUrl":"https:\/\/christinakosmeetika.ee\/wp-content\/uploads\/2021\/04\/Serum-450.jpg","width":450,"height":450},{"@type":"BreadcrumbList","@id":"https:\/\/christinakosmeetika.ee\/product\/illustrious-serum\/#breadcrumb","itemListElement":[{"@type":"ListItem","position":1,"name":"\u0413\u043b\u0430\u0432\u043d\u0430\u044f \u0441\u0442\u0440\u0430\u043d\u0438\u0446\u0430","item":"https:\/\/christinakosmeetika.ee\/et\/"},{"@type":"ListItem","position":2,"name":"Pood","item":"https:\/\/christinakosmeetika.ee\/et\/shop\/"},{"@type":"ListItem","position":3,"name":"CHRISTINA ILLUSTRIOUS Serum 30ml CHR506"}]},{"@type":"WebSite","@id":"https:\/\/christinakosmeetika.ee\/#website","url":"https:\/\/christinakosmeetika.ee\/","name":"Christinakosmeetika","description":"Christina kosmeetika Eestis","alternateName":"Christina kosmeetika Eestis","potentialAction":[{"@type":"SearchAction","target":{"@type":"EntryPoint","urlTemplate":"https:\/\/christinakosmeetika.ee\/?s={search_term_string}"},"query-input":{"@type":"PropertyValueSpecification","valueRequired":true,"valueName":"search_term_string"}}],"inLanguage":"et"}]}},"_links":{"self":[{"href":"https:\/\/christinakosmeetika.ee\/et\/wp-json\/wp\/v2\/product\/5307","targetHints":{"allow":["GET"]}}],"collection":[{"href":"https:\/\/christinakosmeetika.ee\/et\/wp-json\/wp\/v2\/product"}],"about":[{"href":"https:\/\/christinakosmeetika.ee\/et\/wp-json\/wp\/v2\/types\/product"}],"wp:featuredmedia":[{"embeddable":true,"href":"https:\/\/christinakosmeetika.ee\/et\/wp-json\/wp\/v2\/media\/1441"}],"wp:attachment":[{"href":"https:\/\/christinakosmeetika.ee\/et\/wp-json\/wp\/v2\/media?parent=5307"}],"wp:term":[{"taxonomy":"product_brand","embeddable":true,"href":"https:\/\/christinakosmeetika.ee\/et\/wp-json\/wp\/v2\/product_brand?post=5307"},{"taxonomy":"product_cat","embeddable":true,"href":"https:\/\/christinakosmeetika.ee\/et\/wp-json\/wp\/v2\/product_cat?post=5307"},{"taxonomy":"product_tag","embeddable":true,"href":"https:\/\/christinakosmeetika.ee\/et\/wp-json\/wp\/v2\/product_tag?post=5307"}],"curies":[{"name":"wp","href":"https:\/\/api.w.org\/{rel}","templated":true}]}}