{"id":5302,"date":"2021-04-28T15:16:06","date_gmt":"2021-04-28T15:16:06","guid":{"rendered":"https:\/\/christinakosmeetika.ee\/product\/illustrious-night-eye-cream-et\/"},"modified":"2026-04-15T22:07:39","modified_gmt":"2026-04-15T19:07:39","slug":"illustrious-night-eye-cream-et","status":"publish","type":"product","link":"https:\/\/christinakosmeetika.ee\/et\/toode\/illustrious-night-eye-cream-et\/","title":{"rendered":"CHRISTINA ILLUSTRIOUS Night Eye Cream 15ml CHR511"},"content":{"rendered":"<section class=\"av_textblock_section \">\n<div class=\"avia_textblock \">\n<p>CHRISTINA ILLUSTRIOUS Night Eye Cream &#8211; noorendav ja toitev kreem, mis on v\u00e4lja t\u00f6\u00f6tatud \u00f5rna silma\u00fcmbruse nahka silmas pidades. Luksusliku tekstuuriga kreem pakub intensiivset \u00f6ist hooldust. Seda kasutatakse tavaliste probleemide, nagu kortsud, turse ja tumedad ringid, lahendamiseks.<\/p>\n<p>Kreem sisaldab tugevatoimelisi koostisaineid, sealhulgas retinooli ja peptiide. Nende s\u00fcnergiline toime stimuleerib kollageeni tootmist, silub kortsud ja parandab naha elastsust. Samuti v\u00f5itleb see silmaaluste paistetusega ja v\u00e4hendab tumedate ringide ilmnemist. K\u00f5ik see aitab saavutada nooruslikumat ja v\u00e4rskeimat v\u00e4limust.<\/p>\n<p>Kreemi toitvad omadused niisutavad s\u00fcgavuti ja taastavad \u00f5rna silma\u00fcmbruse naha. Selle rahustav ja l\u00f5\u00f5gastav toime aitab v\u00e4hendada v\u00e4simuse v\u00f5i \u00e4rrituse tunnuseid.<\/p>\n<p><strong>Kasutusjuhend:<\/strong><\/p>\n<p>Kandke \u00f5hukese kihina silma\u00fcmbruse nahale ja masseerige \u00f5rnalt kuni t\u00e4ieliku imendumiseni.<\/p>\n<p><strong>Koostis:<\/strong><\/p>\n<\/div>\n<\/section>\n<section class=\"av_textblock_section \">\n<div class=\"avia_textblock \">\n<p>Deionized water (Aqua), Isodecyl Neopentanoate, Glycerin, Cetearyl Alcohol, Butyrospermum Parkii Butter, Cetyl Alcohol, C12-15 Alkyl Benzoate, Cetearyl Ethylhexanoate, Cetearyl Glucoside, Xylitylglucoside, Sucrose Palmitate, Butylene Glycol, Phenoxyethanol, Anhydroxylitol, Polysorbate 20, Phenyl Trimethicone, Caprylic\/Capric Triglyceride, Caprylyl Glycol, Xylitol, Xanthan Gum, Hesperidin Methyl Chalcone, Glyceryl Linoleate, Sodium hyaluronate, Disodium EDTA, Sclerotium Gum, Lecithin, Steareth-20, Glucose, Pullulan, Ethylhexylglycerin, Commiphora mukul resin extract, Silica, 1,2-Hexanediol, Oligopeptide-68, Sodium Oleate, Hydrogenated Lecithin, Glycine Soja (Soybean) Oil, Potassium Sorbate, Citric Acid, Dipeptide-2, Tocopherol, Retinol, BHT, BHA, Palmitoyl Tetrapeptide-7<\/p>\n<\/div>\n<\/section>\n","protected":false},"excerpt":{"rendered":"<h4>Noorendav \u00f6ine silma\u00fcmbruse kreem.<\/h4>\n","protected":false},"featured_media":1438,"template":"","meta":[],"product_brand":[],"product_cat":[149],"product_tag":[],"class_list":{"0":"post-5302","1":"product","2":"type-product","3":"status-publish","4":"has-post-thumbnail","6":"product_cat-kreem","7":"product_shipping_class-smart-itella-post","8":"pa_linii-kosmetiki-illustrious-et","9":"pa_reshenie-problem-ebauhtlane-nahatekstuur","10":"pa_reshenie-problem-ebauhtlane-nahatoon","11":"pa_reshenie-problem-pigmentatsioon","12":"pa_tip-kozi-koik-nahatuubid-et","13":"pa_tip-kozi-kombi-et","14":"pa_tip-kozi-kuiv-et","15":"pa_tip-kozi-normaalne-et","16":"pa_tip-kozi-rasvane-et","17":"pa_tip-preparata-kreem","18":"pa_vremja-primenenija-oine","20":"first","21":"instock","22":"taxable","23":"shipping-taxable","24":"purchasable","25":"product-type-simple"},"yoast_head":"<!-- This site is optimized with the Yoast SEO plugin v27.5 - https:\/\/yoast.com\/product\/yoast-seo-wordpress\/ -->\n<title>CHRISTINA ILLUSTRIOUS Night Eye Cream 15ml CHR511 - Christinakosmeetika<\/title>\n<meta name=\"description\" content=\"M\u00f5eldud selliste levinud probleemide lahendamiseks nagu kortsud, tursed ja tumedad silmaalused.\" \/>\n<meta name=\"robots\" content=\"index, follow, max-snippet:-1, max-image-preview:large, max-video-preview:-1\" \/>\n<link rel=\"canonical\" href=\"https:\/\/christinakosmeetika.ee\/et\/toode\/illustrious-night-eye-cream-et\/\" \/>\n<meta property=\"og:locale\" content=\"et_EE\" \/>\n<meta property=\"og:type\" content=\"article\" \/>\n<meta property=\"og:title\" content=\"CHRISTINA ILLUSTRIOUS Night Eye Cream 15ml CHR511 - Christinakosmeetika\" \/>\n<meta property=\"og:description\" content=\"M\u00f5eldud selliste levinud probleemide lahendamiseks nagu kortsud, tursed ja tumedad silmaalused.\" \/>\n<meta property=\"og:url\" content=\"https:\/\/christinakosmeetika.ee\/et\/toode\/illustrious-night-eye-cream-et\/\" \/>\n<meta property=\"og:site_name\" content=\"Christinakosmeetika\" \/>\n<meta property=\"article:modified_time\" content=\"2026-04-15T19:07:39+00:00\" \/>\n<meta property=\"og:image\" content=\"https:\/\/christinakosmeetika.ee\/wp-content\/uploads\/2021\/04\/Night-Eye-Cream.jpg\" \/>\n\t<meta property=\"og:image:width\" content=\"450\" \/>\n\t<meta property=\"og:image:height\" content=\"450\" \/>\n\t<meta property=\"og:image:type\" content=\"image\/jpeg\" \/>\n<meta name=\"twitter:card\" content=\"summary_large_image\" \/>\n<meta name=\"twitter:label1\" content=\"Est. reading time\" \/>\n\t<meta name=\"twitter:data1\" content=\"2 minutit\" \/>\n<script type=\"application\/ld+json\" class=\"yoast-schema-graph\">{\"@context\":\"https:\\\/\\\/schema.org\",\"@graph\":[{\"@type\":\"WebPage\",\"@id\":\"https:\\\/\\\/christinakosmeetika.ee\\\/et\\\/toode\\\/illustrious-night-eye-cream-et\\\/\",\"url\":\"https:\\\/\\\/christinakosmeetika.ee\\\/et\\\/toode\\\/illustrious-night-eye-cream-et\\\/\",\"name\":\"CHRISTINA ILLUSTRIOUS Night Eye Cream 15ml CHR511 - Christinakosmeetika\",\"isPartOf\":{\"@id\":\"https:\\\/\\\/christinakosmeetika.ee\\\/#website\"},\"primaryImageOfPage\":{\"@id\":\"https:\\\/\\\/christinakosmeetika.ee\\\/et\\\/toode\\\/illustrious-night-eye-cream-et\\\/#primaryimage\"},\"image\":{\"@id\":\"https:\\\/\\\/christinakosmeetika.ee\\\/et\\\/toode\\\/illustrious-night-eye-cream-et\\\/#primaryimage\"},\"thumbnailUrl\":\"https:\\\/\\\/christinakosmeetika.ee\\\/wp-content\\\/uploads\\\/2021\\\/04\\\/Night-Eye-Cream.jpg\",\"datePublished\":\"2021-04-28T15:16:06+00:00\",\"dateModified\":\"2026-04-15T19:07:39+00:00\",\"description\":\"M\u00f5eldud selliste levinud probleemide lahendamiseks nagu kortsud, tursed ja tumedad silmaalused.\",\"breadcrumb\":{\"@id\":\"https:\\\/\\\/christinakosmeetika.ee\\\/et\\\/toode\\\/illustrious-night-eye-cream-et\\\/#breadcrumb\"},\"inLanguage\":\"et\",\"potentialAction\":[{\"@type\":\"ReadAction\",\"target\":[\"https:\\\/\\\/christinakosmeetika.ee\\\/et\\\/toode\\\/illustrious-night-eye-cream-et\\\/\"]}]},{\"@type\":\"ImageObject\",\"inLanguage\":\"et\",\"@id\":\"https:\\\/\\\/christinakosmeetika.ee\\\/et\\\/toode\\\/illustrious-night-eye-cream-et\\\/#primaryimage\",\"url\":\"https:\\\/\\\/christinakosmeetika.ee\\\/wp-content\\\/uploads\\\/2021\\\/04\\\/Night-Eye-Cream.jpg\",\"contentUrl\":\"https:\\\/\\\/christinakosmeetika.ee\\\/wp-content\\\/uploads\\\/2021\\\/04\\\/Night-Eye-Cream.jpg\",\"width\":450,\"height\":450},{\"@type\":\"BreadcrumbList\",\"@id\":\"https:\\\/\\\/christinakosmeetika.ee\\\/et\\\/toode\\\/illustrious-night-eye-cream-et\\\/#breadcrumb\",\"itemListElement\":[{\"@type\":\"ListItem\",\"position\":1,\"name\":\"\u0413\u043b\u0430\u0432\u043d\u0430\u044f \u0441\u0442\u0440\u0430\u043d\u0438\u0446\u0430\",\"item\":\"https:\\\/\\\/christinakosmeetika.ee\\\/et\\\/\"},{\"@type\":\"ListItem\",\"position\":2,\"name\":\"Pood\",\"item\":\"https:\\\/\\\/christinakosmeetika.ee\\\/et\\\/shop\\\/\"},{\"@type\":\"ListItem\",\"position\":3,\"name\":\"CHRISTINA ILLUSTRIOUS Night Eye Cream 15ml CHR511\"}]},{\"@type\":\"WebSite\",\"@id\":\"https:\\\/\\\/christinakosmeetika.ee\\\/#website\",\"url\":\"https:\\\/\\\/christinakosmeetika.ee\\\/\",\"name\":\"Christinakosmeetika\",\"description\":\"Christina kosmeetika Eestis\",\"alternateName\":\"Christina kosmeetika Eestis\",\"potentialAction\":[{\"@type\":\"SearchAction\",\"target\":{\"@type\":\"EntryPoint\",\"urlTemplate\":\"https:\\\/\\\/christinakosmeetika.ee\\\/?s={search_term_string}\"},\"query-input\":{\"@type\":\"PropertyValueSpecification\",\"valueRequired\":true,\"valueName\":\"search_term_string\"}}],\"inLanguage\":\"et\"}]}<\/script>\n<!-- \/ Yoast SEO plugin. -->","yoast_head_json":{"title":"CHRISTINA ILLUSTRIOUS Night Eye Cream 15ml CHR511 - Christinakosmeetika","description":"M\u00f5eldud selliste levinud probleemide lahendamiseks nagu kortsud, tursed ja tumedad silmaalused.","robots":{"index":"index","follow":"follow","max-snippet":"max-snippet:-1","max-image-preview":"max-image-preview:large","max-video-preview":"max-video-preview:-1"},"canonical":"https:\/\/christinakosmeetika.ee\/et\/toode\/illustrious-night-eye-cream-et\/","og_locale":"et_EE","og_type":"article","og_title":"CHRISTINA ILLUSTRIOUS Night Eye Cream 15ml CHR511 - Christinakosmeetika","og_description":"M\u00f5eldud selliste levinud probleemide lahendamiseks nagu kortsud, tursed ja tumedad silmaalused.","og_url":"https:\/\/christinakosmeetika.ee\/et\/toode\/illustrious-night-eye-cream-et\/","og_site_name":"Christinakosmeetika","article_modified_time":"2026-04-15T19:07:39+00:00","og_image":[{"width":450,"height":450,"url":"https:\/\/christinakosmeetika.ee\/wp-content\/uploads\/2021\/04\/Night-Eye-Cream.jpg","type":"image\/jpeg"}],"twitter_card":"summary_large_image","twitter_misc":{"Est. reading time":"2 minutit"},"schema":{"@context":"https:\/\/schema.org","@graph":[{"@type":"WebPage","@id":"https:\/\/christinakosmeetika.ee\/et\/toode\/illustrious-night-eye-cream-et\/","url":"https:\/\/christinakosmeetika.ee\/et\/toode\/illustrious-night-eye-cream-et\/","name":"CHRISTINA ILLUSTRIOUS Night Eye Cream 15ml CHR511 - Christinakosmeetika","isPartOf":{"@id":"https:\/\/christinakosmeetika.ee\/#website"},"primaryImageOfPage":{"@id":"https:\/\/christinakosmeetika.ee\/et\/toode\/illustrious-night-eye-cream-et\/#primaryimage"},"image":{"@id":"https:\/\/christinakosmeetika.ee\/et\/toode\/illustrious-night-eye-cream-et\/#primaryimage"},"thumbnailUrl":"https:\/\/christinakosmeetika.ee\/wp-content\/uploads\/2021\/04\/Night-Eye-Cream.jpg","datePublished":"2021-04-28T15:16:06+00:00","dateModified":"2026-04-15T19:07:39+00:00","description":"M\u00f5eldud selliste levinud probleemide lahendamiseks nagu kortsud, tursed ja tumedad silmaalused.","breadcrumb":{"@id":"https:\/\/christinakosmeetika.ee\/et\/toode\/illustrious-night-eye-cream-et\/#breadcrumb"},"inLanguage":"et","potentialAction":[{"@type":"ReadAction","target":["https:\/\/christinakosmeetika.ee\/et\/toode\/illustrious-night-eye-cream-et\/"]}]},{"@type":"ImageObject","inLanguage":"et","@id":"https:\/\/christinakosmeetika.ee\/et\/toode\/illustrious-night-eye-cream-et\/#primaryimage","url":"https:\/\/christinakosmeetika.ee\/wp-content\/uploads\/2021\/04\/Night-Eye-Cream.jpg","contentUrl":"https:\/\/christinakosmeetika.ee\/wp-content\/uploads\/2021\/04\/Night-Eye-Cream.jpg","width":450,"height":450},{"@type":"BreadcrumbList","@id":"https:\/\/christinakosmeetika.ee\/et\/toode\/illustrious-night-eye-cream-et\/#breadcrumb","itemListElement":[{"@type":"ListItem","position":1,"name":"\u0413\u043b\u0430\u0432\u043d\u0430\u044f \u0441\u0442\u0440\u0430\u043d\u0438\u0446\u0430","item":"https:\/\/christinakosmeetika.ee\/et\/"},{"@type":"ListItem","position":2,"name":"Pood","item":"https:\/\/christinakosmeetika.ee\/et\/shop\/"},{"@type":"ListItem","position":3,"name":"CHRISTINA ILLUSTRIOUS Night Eye Cream 15ml CHR511"}]},{"@type":"WebSite","@id":"https:\/\/christinakosmeetika.ee\/#website","url":"https:\/\/christinakosmeetika.ee\/","name":"Christinakosmeetika","description":"Christina kosmeetika Eestis","alternateName":"Christina kosmeetika Eestis","potentialAction":[{"@type":"SearchAction","target":{"@type":"EntryPoint","urlTemplate":"https:\/\/christinakosmeetika.ee\/?s={search_term_string}"},"query-input":{"@type":"PropertyValueSpecification","valueRequired":true,"valueName":"search_term_string"}}],"inLanguage":"et"}]}},"_links":{"self":[{"href":"https:\/\/christinakosmeetika.ee\/et\/wp-json\/wp\/v2\/product\/5302","targetHints":{"allow":["GET"]}}],"collection":[{"href":"https:\/\/christinakosmeetika.ee\/et\/wp-json\/wp\/v2\/product"}],"about":[{"href":"https:\/\/christinakosmeetika.ee\/et\/wp-json\/wp\/v2\/types\/product"}],"wp:featuredmedia":[{"embeddable":true,"href":"https:\/\/christinakosmeetika.ee\/et\/wp-json\/wp\/v2\/media\/1438"}],"wp:attachment":[{"href":"https:\/\/christinakosmeetika.ee\/et\/wp-json\/wp\/v2\/media?parent=5302"}],"wp:term":[{"taxonomy":"product_brand","embeddable":true,"href":"https:\/\/christinakosmeetika.ee\/et\/wp-json\/wp\/v2\/product_brand?post=5302"},{"taxonomy":"product_cat","embeddable":true,"href":"https:\/\/christinakosmeetika.ee\/et\/wp-json\/wp\/v2\/product_cat?post=5302"},{"taxonomy":"product_tag","embeddable":true,"href":"https:\/\/christinakosmeetika.ee\/et\/wp-json\/wp\/v2\/product_tag?post=5302"}],"curies":[{"name":"wp","href":"https:\/\/api.w.org\/{rel}","templated":true}]}}