{"id":5300,"date":"2015-03-08T22:24:30","date_gmt":"2015-03-08T22:24:30","guid":{"rendered":"https:\/\/christinakosmeetika.ee\/product\/micellar-water-et\/"},"modified":"2026-04-15T22:11:25","modified_gmt":"2026-04-15T19:11:25","slug":"micellar-water-et","status":"publish","type":"product","link":"https:\/\/christinakosmeetika.ee\/et\/toode\/micellar-water-et\/","title":{"rendered":"CHRISTINA ILLUSTRIOUS Micellar Water 300ml CHR542"},"content":{"rendered":"<section class=\"av_textblock_section \">\n<div class=\"avia_textblock \">\n<p>CHRISTINA Illustrious Mitsellaarvesi on \u00f5rn ja efektiivne puhastusvahend, mis eemaldab lihtsalt teie nahalt meigi, mustuse ja saasteained. Rikastatud mikroosakestega, mis on v\u00e4ikesed puhastavad molekulid, toimib see nagu magnet, t\u00f5mmates ja eemaldades saasteaineid, j\u00e4ttes naha loomulikku niiskust s\u00e4ilitades. See mitsellaarvesi tagab p\u00f5hjaliku ja v\u00e4rskendava puhastuse, j\u00e4ttes naha puhtaks, v\u00e4rskeks ja uuendatuks. See sobib k\u00f5ikidele nahat\u00fc\u00fcpidele, sealhulgas tundlikule nahale, ning seda saab kasutada nii iseseisva puhastusvahendina kui ka igap\u00e4evase nahahoolduse osana. Sobib ka silmameigi eemaldamiseks.<\/p>\n<p><strong>Kasutusviis:<\/strong><\/p>\n<p>Kandke toode vatipadjale, puhastage n\u00e4gu, kael ja dekoltee. Laske imenduda. \u00c4rge loputage.<\/p>\n<p><strong>Koostis:<\/strong><\/p>\n<\/div>\n<\/section>\n<section class=\"av_textblock_section \">\n<div class=\"avia_textblock \">\n<p>Deionized water (Aqua), Hexylene Glycol, Glycerin, Polysorbate 20, Disodium EDTA, Chlorphenesin, Caprylyl Glycol, Poloxamer 184, Cucumis Sativus (Cucumber) Fruit Extract, Butylene Glycol, Triethanolamine, Aloe Barbadensis Leaf Extract, Bisabolol, BHT<\/p>\n<\/div>\n<\/section>\n","protected":false},"excerpt":{"rendered":"<div class=\"av-special-heading av-special-heading-h4 avia-builder-el-7 el_after_av_heading el_before_av_textblock \">\n<h4 class=\"av-special-heading-tag \">Mitsellaarvesi<\/h4>\n<\/div>\n","protected":false},"featured_media":1444,"template":"","meta":[],"product_brand":[],"product_cat":[152],"product_tag":[],"class_list":{"0":"post-5300","1":"product","2":"type-product","3":"status-publish","4":"has-post-thumbnail","6":"product_cat-mitsellaarvesi","7":"product_shipping_class-smart-itella-post","8":"pa_linii-kosmetiki-illustrious-et","9":"pa_reshenie-problem-vahenenud-elastsus","10":"pa_reshenie-problem-suhost","11":"pa_reshenie-problem-vananemise-margid","12":"pa_tip-kozi-koik-nahatuubid-et","13":"pa_tip-kozi-kombi-et","14":"pa_tip-kozi-kuiv-et","15":"pa_tip-kozi-normaalne-et","16":"pa_tip-kozi-rasvane-et","17":"pa_tip-preparata-mitsellaarvesi","19":"first","20":"instock","21":"taxable","22":"shipping-taxable","23":"purchasable","24":"product-type-simple"},"yoast_head":"<!-- This site is optimized with the Yoast SEO plugin v27.5 - https:\/\/yoast.com\/product\/yoast-seo-wordpress\/ -->\n<title>CHRISTINA ILLUSTRIOUS Micellar Water 300ml CHR542 - Christinakosmeetika<\/title>\n<meta name=\"description\" content=\"T\u00f5hus puhastusvahend, mis eemaldab vaevata meigi, mustuse ja saasteained nahalt. Sobib k\u00f5ikidele nahat\u00fc\u00fcpidele.\" \/>\n<meta name=\"robots\" content=\"index, follow, max-snippet:-1, max-image-preview:large, max-video-preview:-1\" \/>\n<link rel=\"canonical\" href=\"https:\/\/christinakosmeetika.ee\/product\/micellar-water\/\" \/>\n<meta property=\"og:locale\" content=\"et_EE\" \/>\n<meta property=\"og:type\" content=\"article\" \/>\n<meta property=\"og:title\" content=\"CHRISTINA ILLUSTRIOUS Micellar Water 300ml CHR542 - Christinakosmeetika\" \/>\n<meta property=\"og:description\" content=\"T\u00f5hus puhastusvahend, mis eemaldab vaevata meigi, mustuse ja saasteained nahalt. Sobib k\u00f5ikidele nahat\u00fc\u00fcpidele.\" \/>\n<meta property=\"og:url\" content=\"https:\/\/christinakosmeetika.ee\/product\/micellar-water\/\" \/>\n<meta property=\"og:site_name\" content=\"Christinakosmeetika\" \/>\n<meta property=\"article:modified_time\" content=\"2026-04-15T19:11:25+00:00\" \/>\n<meta property=\"og:image\" content=\"https:\/\/christinakosmeetika.ee\/wp-content\/uploads\/2015\/03\/Micellar450.jpg\" \/>\n\t<meta property=\"og:image:width\" content=\"450\" \/>\n\t<meta property=\"og:image:height\" content=\"450\" \/>\n\t<meta property=\"og:image:type\" content=\"image\/jpeg\" \/>\n<meta name=\"twitter:card\" content=\"summary_large_image\" \/>\n<meta name=\"twitter:label1\" content=\"Est. reading time\" \/>\n\t<meta name=\"twitter:data1\" content=\"1 minut\" \/>\n<script type=\"application\/ld+json\" class=\"yoast-schema-graph\">{\"@context\":\"https:\\\/\\\/schema.org\",\"@graph\":[{\"@type\":\"WebPage\",\"@id\":\"https:\\\/\\\/christinakosmeetika.ee\\\/product\\\/micellar-water\\\/\",\"url\":\"https:\\\/\\\/christinakosmeetika.ee\\\/product\\\/micellar-water\\\/\",\"name\":\"CHRISTINA ILLUSTRIOUS Micellar Water 300ml CHR542 - Christinakosmeetika\",\"isPartOf\":{\"@id\":\"https:\\\/\\\/christinakosmeetika.ee\\\/#website\"},\"primaryImageOfPage\":{\"@id\":\"https:\\\/\\\/christinakosmeetika.ee\\\/product\\\/micellar-water\\\/#primaryimage\"},\"image\":{\"@id\":\"https:\\\/\\\/christinakosmeetika.ee\\\/product\\\/micellar-water\\\/#primaryimage\"},\"thumbnailUrl\":\"https:\\\/\\\/christinakosmeetika.ee\\\/wp-content\\\/uploads\\\/2015\\\/03\\\/Micellar450.jpg\",\"datePublished\":\"2015-03-08T22:24:30+00:00\",\"dateModified\":\"2026-04-15T19:11:25+00:00\",\"description\":\"T\u00f5hus puhastusvahend, mis eemaldab vaevata meigi, mustuse ja saasteained nahalt. Sobib k\u00f5ikidele nahat\u00fc\u00fcpidele.\",\"breadcrumb\":{\"@id\":\"https:\\\/\\\/christinakosmeetika.ee\\\/product\\\/micellar-water\\\/#breadcrumb\"},\"inLanguage\":\"et\",\"potentialAction\":[{\"@type\":\"ReadAction\",\"target\":[\"https:\\\/\\\/christinakosmeetika.ee\\\/product\\\/micellar-water\\\/\"]}]},{\"@type\":\"ImageObject\",\"inLanguage\":\"et\",\"@id\":\"https:\\\/\\\/christinakosmeetika.ee\\\/product\\\/micellar-water\\\/#primaryimage\",\"url\":\"https:\\\/\\\/christinakosmeetika.ee\\\/wp-content\\\/uploads\\\/2015\\\/03\\\/Micellar450.jpg\",\"contentUrl\":\"https:\\\/\\\/christinakosmeetika.ee\\\/wp-content\\\/uploads\\\/2015\\\/03\\\/Micellar450.jpg\",\"width\":450,\"height\":450},{\"@type\":\"BreadcrumbList\",\"@id\":\"https:\\\/\\\/christinakosmeetika.ee\\\/product\\\/micellar-water\\\/#breadcrumb\",\"itemListElement\":[{\"@type\":\"ListItem\",\"position\":1,\"name\":\"\u0413\u043b\u0430\u0432\u043d\u0430\u044f \u0441\u0442\u0440\u0430\u043d\u0438\u0446\u0430\",\"item\":\"https:\\\/\\\/christinakosmeetika.ee\\\/et\\\/\"},{\"@type\":\"ListItem\",\"position\":2,\"name\":\"Pood\",\"item\":\"https:\\\/\\\/christinakosmeetika.ee\\\/et\\\/shop\\\/\"},{\"@type\":\"ListItem\",\"position\":3,\"name\":\"CHRISTINA ILLUSTRIOUS Micellar Water 300ml CHR542\"}]},{\"@type\":\"WebSite\",\"@id\":\"https:\\\/\\\/christinakosmeetika.ee\\\/#website\",\"url\":\"https:\\\/\\\/christinakosmeetika.ee\\\/\",\"name\":\"Christinakosmeetika\",\"description\":\"Christina kosmeetika Eestis\",\"alternateName\":\"Christina kosmeetika Eestis\",\"potentialAction\":[{\"@type\":\"SearchAction\",\"target\":{\"@type\":\"EntryPoint\",\"urlTemplate\":\"https:\\\/\\\/christinakosmeetika.ee\\\/?s={search_term_string}\"},\"query-input\":{\"@type\":\"PropertyValueSpecification\",\"valueRequired\":true,\"valueName\":\"search_term_string\"}}],\"inLanguage\":\"et\"}]}<\/script>\n<!-- \/ Yoast SEO plugin. -->","yoast_head_json":{"title":"CHRISTINA ILLUSTRIOUS Micellar Water 300ml CHR542 - Christinakosmeetika","description":"T\u00f5hus puhastusvahend, mis eemaldab vaevata meigi, mustuse ja saasteained nahalt. Sobib k\u00f5ikidele nahat\u00fc\u00fcpidele.","robots":{"index":"index","follow":"follow","max-snippet":"max-snippet:-1","max-image-preview":"max-image-preview:large","max-video-preview":"max-video-preview:-1"},"canonical":"https:\/\/christinakosmeetika.ee\/product\/micellar-water\/","og_locale":"et_EE","og_type":"article","og_title":"CHRISTINA ILLUSTRIOUS Micellar Water 300ml CHR542 - Christinakosmeetika","og_description":"T\u00f5hus puhastusvahend, mis eemaldab vaevata meigi, mustuse ja saasteained nahalt. Sobib k\u00f5ikidele nahat\u00fc\u00fcpidele.","og_url":"https:\/\/christinakosmeetika.ee\/product\/micellar-water\/","og_site_name":"Christinakosmeetika","article_modified_time":"2026-04-15T19:11:25+00:00","og_image":[{"width":450,"height":450,"url":"https:\/\/christinakosmeetika.ee\/wp-content\/uploads\/2015\/03\/Micellar450.jpg","type":"image\/jpeg"}],"twitter_card":"summary_large_image","twitter_misc":{"Est. reading time":"1 minut"},"schema":{"@context":"https:\/\/schema.org","@graph":[{"@type":"WebPage","@id":"https:\/\/christinakosmeetika.ee\/product\/micellar-water\/","url":"https:\/\/christinakosmeetika.ee\/product\/micellar-water\/","name":"CHRISTINA ILLUSTRIOUS Micellar Water 300ml CHR542 - Christinakosmeetika","isPartOf":{"@id":"https:\/\/christinakosmeetika.ee\/#website"},"primaryImageOfPage":{"@id":"https:\/\/christinakosmeetika.ee\/product\/micellar-water\/#primaryimage"},"image":{"@id":"https:\/\/christinakosmeetika.ee\/product\/micellar-water\/#primaryimage"},"thumbnailUrl":"https:\/\/christinakosmeetika.ee\/wp-content\/uploads\/2015\/03\/Micellar450.jpg","datePublished":"2015-03-08T22:24:30+00:00","dateModified":"2026-04-15T19:11:25+00:00","description":"T\u00f5hus puhastusvahend, mis eemaldab vaevata meigi, mustuse ja saasteained nahalt. Sobib k\u00f5ikidele nahat\u00fc\u00fcpidele.","breadcrumb":{"@id":"https:\/\/christinakosmeetika.ee\/product\/micellar-water\/#breadcrumb"},"inLanguage":"et","potentialAction":[{"@type":"ReadAction","target":["https:\/\/christinakosmeetika.ee\/product\/micellar-water\/"]}]},{"@type":"ImageObject","inLanguage":"et","@id":"https:\/\/christinakosmeetika.ee\/product\/micellar-water\/#primaryimage","url":"https:\/\/christinakosmeetika.ee\/wp-content\/uploads\/2015\/03\/Micellar450.jpg","contentUrl":"https:\/\/christinakosmeetika.ee\/wp-content\/uploads\/2015\/03\/Micellar450.jpg","width":450,"height":450},{"@type":"BreadcrumbList","@id":"https:\/\/christinakosmeetika.ee\/product\/micellar-water\/#breadcrumb","itemListElement":[{"@type":"ListItem","position":1,"name":"\u0413\u043b\u0430\u0432\u043d\u0430\u044f \u0441\u0442\u0440\u0430\u043d\u0438\u0446\u0430","item":"https:\/\/christinakosmeetika.ee\/et\/"},{"@type":"ListItem","position":2,"name":"Pood","item":"https:\/\/christinakosmeetika.ee\/et\/shop\/"},{"@type":"ListItem","position":3,"name":"CHRISTINA ILLUSTRIOUS Micellar Water 300ml CHR542"}]},{"@type":"WebSite","@id":"https:\/\/christinakosmeetika.ee\/#website","url":"https:\/\/christinakosmeetika.ee\/","name":"Christinakosmeetika","description":"Christina kosmeetika Eestis","alternateName":"Christina kosmeetika Eestis","potentialAction":[{"@type":"SearchAction","target":{"@type":"EntryPoint","urlTemplate":"https:\/\/christinakosmeetika.ee\/?s={search_term_string}"},"query-input":{"@type":"PropertyValueSpecification","valueRequired":true,"valueName":"search_term_string"}}],"inLanguage":"et"}]}},"_links":{"self":[{"href":"https:\/\/christinakosmeetika.ee\/et\/wp-json\/wp\/v2\/product\/5300","targetHints":{"allow":["GET"]}}],"collection":[{"href":"https:\/\/christinakosmeetika.ee\/et\/wp-json\/wp\/v2\/product"}],"about":[{"href":"https:\/\/christinakosmeetika.ee\/et\/wp-json\/wp\/v2\/types\/product"}],"wp:featuredmedia":[{"embeddable":true,"href":"https:\/\/christinakosmeetika.ee\/et\/wp-json\/wp\/v2\/media\/1444"}],"wp:attachment":[{"href":"https:\/\/christinakosmeetika.ee\/et\/wp-json\/wp\/v2\/media?parent=5300"}],"wp:term":[{"taxonomy":"product_brand","embeddable":true,"href":"https:\/\/christinakosmeetika.ee\/et\/wp-json\/wp\/v2\/product_brand?post=5300"},{"taxonomy":"product_cat","embeddable":true,"href":"https:\/\/christinakosmeetika.ee\/et\/wp-json\/wp\/v2\/product_cat?post=5300"},{"taxonomy":"product_tag","embeddable":true,"href":"https:\/\/christinakosmeetika.ee\/et\/wp-json\/wp\/v2\/product_tag?post=5300"}],"curies":[{"name":"wp","href":"https:\/\/api.w.org\/{rel}","templated":true}]}}