{"id":5298,"date":"2021-04-28T18:06:55","date_gmt":"2021-04-28T18:06:55","guid":{"rendered":"https:\/\/christinakosmeetika.ee\/product\/christina-illustrious-mask-75-ml-et\/"},"modified":"2026-04-15T21:52:10","modified_gmt":"2026-04-15T18:52:10","slug":"christina-illustrious-mask-75-ml-et","status":"publish","type":"product","link":"https:\/\/christinakosmeetika.ee\/et\/toode\/christina-illustrious-mask-75-ml-et\/","title":{"rendered":"CHRISTINA ILLUSTRIOUS mask 75ml CHR508"},"content":{"rendered":"<section class=\"av_textblock_section \">\n<div class=\"avia_textblock \">\n<p>CHRISTINA Illustrious Mask on m\u00f5eldud naha intensiivseks heledamiseks ja jumet \u00fchtlustamiseks. Eemaldab nahalt liigse rasu l\u00e4ike ning tagab sellele mati viimistluse.<\/p>\n<p>Rikastatud v\u00f5imsate aktiivsete koostisosadega, see mask toidab, niisutab ja noorendab n\u00e4onahka. Maski koostises olev mere sinine mineraal optilise heleduse efekti t\u00f5ttu muudab kiiresti ja \u00fchtlustab naha tooni, muutes selle s\u00e4delevaks ja v\u00e4rskendatuks. Mask omab pooride ahendavat, pinguldavat, rahustavat ja p\u00f5letikuvastast toimet ning neutraliseerib vabu radikaale.<\/p>\n<p><strong>Kasutusjuhend:<\/strong><\/p>\n<p>Kandke n\u00e4ole, kaelale ja dekolteele, j\u00e4tke 10-15 minutiks ning seej\u00e4rel eemaldage sooja veega.<\/p>\n<p><strong>Koostis:<\/strong><\/p>\n<\/div>\n<\/section>\n<section class=\"av_textblock_section \">\n<div class=\"avia_textblock \">\n<p>Deionized water (Aqua), Cetearyl Ethylhexanoate, Glycerin, Zinc Oxide, Cetearyl Alcohol, Titanium Dioxide, Aluminum Silicate, Cetyl Alcohol, Cetyl Alcohol, Sodium Myristyl Sulfate, Cetearyl Glucoside, Magnesium Carbonate, Ultramarines (CI 77007), Hydroxyethylcellulose, Phenoxyethanol, Butylene Glycol, Lactic Acid, Silica, Caprylyl Glycol, Perfume, Disodium EDTA, BHT, Glycyrrhiza Glabra (Licorice) Root Extract, Ethylhexylglycerin, Glucose, Resveratrol, Limonene, Linalool, Benzyl Salicylate, Citral<\/p>\n<\/div>\n<\/section>\n","protected":false},"excerpt":{"rendered":"<h4 class=\"av-special-heading-tag \">Valgendav mask 75 ml<\/h4>\n<div class=\"special-heading-border\"><\/div>\n","protected":false},"featured_media":1443,"template":"","meta":[],"product_brand":[],"product_cat":[150],"product_tag":[],"class_list":{"0":"post-5298","1":"product","2":"type-product","3":"status-publish","4":"has-post-thumbnail","6":"product_cat-mask-et","7":"product_shipping_class-smart-itella-post","8":"pa_akcii-skidki-allahindlused","9":"pa_linii-kosmetiki-illustrious-et","10":"pa_reshenie-problem-ebauhtlane-nahatekstuur","11":"pa_reshenie-problem-ebauhtlane-nahatoon","12":"pa_reshenie-problem-pigmentatsioon","13":"pa_reshenie-problem-vananemise-margid","14":"pa_tip-kozi-koik-nahatuubid-et","15":"pa_tip-kozi-kombi-et","16":"pa_tip-kozi-kuiv-et","17":"pa_tip-kozi-normaalne-et","18":"pa_tip-kozi-rasvane-et","19":"pa_tip-preparata-mask-et","21":"first","22":"instock","23":"sale","24":"taxable","25":"shipping-taxable","26":"purchasable","27":"product-type-simple"},"yoast_head":"<!-- This site is optimized with the Yoast SEO plugin v27.5 - https:\/\/yoast.com\/product\/yoast-seo-wordpress\/ -->\n<title>CHRISTINA ILLUSTRIOUS mask 75ml CHR508 - Christinakosmeetika<\/title>\n<meta name=\"description\" content=\"V\u00f5imsate aktiivsete koostisosadega rikastatud mask toidab, niisutab ja noorendab s\u00fcgavuti nahka. Maskil on poore ahendav ja pinguldav toime.\" \/>\n<meta name=\"robots\" content=\"index, follow, max-snippet:-1, max-image-preview:large, max-video-preview:-1\" \/>\n<link rel=\"canonical\" href=\"https:\/\/christinakosmeetika.ee\/et\/toode\/christina-illustrious-mask-75-ml-et\/\" \/>\n<meta property=\"og:locale\" content=\"et_EE\" \/>\n<meta property=\"og:type\" content=\"article\" \/>\n<meta property=\"og:title\" content=\"CHRISTINA ILLUSTRIOUS mask 75ml CHR508 - Christinakosmeetika\" \/>\n<meta property=\"og:description\" content=\"V\u00f5imsate aktiivsete koostisosadega rikastatud mask toidab, niisutab ja noorendab s\u00fcgavuti nahka. Maskil on poore ahendav ja pinguldav toime.\" \/>\n<meta property=\"og:url\" content=\"https:\/\/christinakosmeetika.ee\/et\/toode\/christina-illustrious-mask-75-ml-et\/\" \/>\n<meta property=\"og:site_name\" content=\"Christinakosmeetika\" \/>\n<meta property=\"article:modified_time\" content=\"2026-04-15T18:52:10+00:00\" \/>\n<meta property=\"og:image\" content=\"https:\/\/christinakosmeetika.ee\/wp-content\/uploads\/2021\/04\/Mask450.jpg\" \/>\n\t<meta property=\"og:image:width\" content=\"450\" \/>\n\t<meta property=\"og:image:height\" content=\"450\" \/>\n\t<meta property=\"og:image:type\" content=\"image\/jpeg\" \/>\n<meta name=\"twitter:card\" content=\"summary_large_image\" \/>\n<meta name=\"twitter:label1\" content=\"Est. reading time\" \/>\n\t<meta name=\"twitter:data1\" content=\"1 minut\" \/>\n<script type=\"application\/ld+json\" class=\"yoast-schema-graph\">{\"@context\":\"https:\\\/\\\/schema.org\",\"@graph\":[{\"@type\":\"WebPage\",\"@id\":\"https:\\\/\\\/christinakosmeetika.ee\\\/et\\\/toode\\\/christina-illustrious-mask-75-ml-et\\\/\",\"url\":\"https:\\\/\\\/christinakosmeetika.ee\\\/et\\\/toode\\\/christina-illustrious-mask-75-ml-et\\\/\",\"name\":\"CHRISTINA ILLUSTRIOUS mask 75ml CHR508 - Christinakosmeetika\",\"isPartOf\":{\"@id\":\"https:\\\/\\\/christinakosmeetika.ee\\\/#website\"},\"primaryImageOfPage\":{\"@id\":\"https:\\\/\\\/christinakosmeetika.ee\\\/et\\\/toode\\\/christina-illustrious-mask-75-ml-et\\\/#primaryimage\"},\"image\":{\"@id\":\"https:\\\/\\\/christinakosmeetika.ee\\\/et\\\/toode\\\/christina-illustrious-mask-75-ml-et\\\/#primaryimage\"},\"thumbnailUrl\":\"https:\\\/\\\/christinakosmeetika.ee\\\/wp-content\\\/uploads\\\/2021\\\/04\\\/Mask450.jpg\",\"datePublished\":\"2021-04-28T18:06:55+00:00\",\"dateModified\":\"2026-04-15T18:52:10+00:00\",\"description\":\"V\u00f5imsate aktiivsete koostisosadega rikastatud mask toidab, niisutab ja noorendab s\u00fcgavuti nahka. Maskil on poore ahendav ja pinguldav toime.\",\"breadcrumb\":{\"@id\":\"https:\\\/\\\/christinakosmeetika.ee\\\/et\\\/toode\\\/christina-illustrious-mask-75-ml-et\\\/#breadcrumb\"},\"inLanguage\":\"et\",\"potentialAction\":[{\"@type\":\"ReadAction\",\"target\":[\"https:\\\/\\\/christinakosmeetika.ee\\\/et\\\/toode\\\/christina-illustrious-mask-75-ml-et\\\/\"]}]},{\"@type\":\"ImageObject\",\"inLanguage\":\"et\",\"@id\":\"https:\\\/\\\/christinakosmeetika.ee\\\/et\\\/toode\\\/christina-illustrious-mask-75-ml-et\\\/#primaryimage\",\"url\":\"https:\\\/\\\/christinakosmeetika.ee\\\/wp-content\\\/uploads\\\/2021\\\/04\\\/Mask450.jpg\",\"contentUrl\":\"https:\\\/\\\/christinakosmeetika.ee\\\/wp-content\\\/uploads\\\/2021\\\/04\\\/Mask450.jpg\",\"width\":450,\"height\":450},{\"@type\":\"BreadcrumbList\",\"@id\":\"https:\\\/\\\/christinakosmeetika.ee\\\/et\\\/toode\\\/christina-illustrious-mask-75-ml-et\\\/#breadcrumb\",\"itemListElement\":[{\"@type\":\"ListItem\",\"position\":1,\"name\":\"\u0413\u043b\u0430\u0432\u043d\u0430\u044f \u0441\u0442\u0440\u0430\u043d\u0438\u0446\u0430\",\"item\":\"https:\\\/\\\/christinakosmeetika.ee\\\/et\\\/\"},{\"@type\":\"ListItem\",\"position\":2,\"name\":\"Pood\",\"item\":\"https:\\\/\\\/christinakosmeetika.ee\\\/et\\\/shop\\\/\"},{\"@type\":\"ListItem\",\"position\":3,\"name\":\"CHRISTINA ILLUSTRIOUS mask 75ml CHR508\"}]},{\"@type\":\"WebSite\",\"@id\":\"https:\\\/\\\/christinakosmeetika.ee\\\/#website\",\"url\":\"https:\\\/\\\/christinakosmeetika.ee\\\/\",\"name\":\"Christinakosmeetika\",\"description\":\"Christina kosmeetika Eestis\",\"alternateName\":\"Christina kosmeetika Eestis\",\"potentialAction\":[{\"@type\":\"SearchAction\",\"target\":{\"@type\":\"EntryPoint\",\"urlTemplate\":\"https:\\\/\\\/christinakosmeetika.ee\\\/?s={search_term_string}\"},\"query-input\":{\"@type\":\"PropertyValueSpecification\",\"valueRequired\":true,\"valueName\":\"search_term_string\"}}],\"inLanguage\":\"et\"}]}<\/script>\n<!-- \/ Yoast SEO plugin. -->","yoast_head_json":{"title":"CHRISTINA ILLUSTRIOUS mask 75ml CHR508 - Christinakosmeetika","description":"V\u00f5imsate aktiivsete koostisosadega rikastatud mask toidab, niisutab ja noorendab s\u00fcgavuti nahka. Maskil on poore ahendav ja pinguldav toime.","robots":{"index":"index","follow":"follow","max-snippet":"max-snippet:-1","max-image-preview":"max-image-preview:large","max-video-preview":"max-video-preview:-1"},"canonical":"https:\/\/christinakosmeetika.ee\/et\/toode\/christina-illustrious-mask-75-ml-et\/","og_locale":"et_EE","og_type":"article","og_title":"CHRISTINA ILLUSTRIOUS mask 75ml CHR508 - Christinakosmeetika","og_description":"V\u00f5imsate aktiivsete koostisosadega rikastatud mask toidab, niisutab ja noorendab s\u00fcgavuti nahka. Maskil on poore ahendav ja pinguldav toime.","og_url":"https:\/\/christinakosmeetika.ee\/et\/toode\/christina-illustrious-mask-75-ml-et\/","og_site_name":"Christinakosmeetika","article_modified_time":"2026-04-15T18:52:10+00:00","og_image":[{"width":450,"height":450,"url":"https:\/\/christinakosmeetika.ee\/wp-content\/uploads\/2021\/04\/Mask450.jpg","type":"image\/jpeg"}],"twitter_card":"summary_large_image","twitter_misc":{"Est. reading time":"1 minut"},"schema":{"@context":"https:\/\/schema.org","@graph":[{"@type":"WebPage","@id":"https:\/\/christinakosmeetika.ee\/et\/toode\/christina-illustrious-mask-75-ml-et\/","url":"https:\/\/christinakosmeetika.ee\/et\/toode\/christina-illustrious-mask-75-ml-et\/","name":"CHRISTINA ILLUSTRIOUS mask 75ml CHR508 - Christinakosmeetika","isPartOf":{"@id":"https:\/\/christinakosmeetika.ee\/#website"},"primaryImageOfPage":{"@id":"https:\/\/christinakosmeetika.ee\/et\/toode\/christina-illustrious-mask-75-ml-et\/#primaryimage"},"image":{"@id":"https:\/\/christinakosmeetika.ee\/et\/toode\/christina-illustrious-mask-75-ml-et\/#primaryimage"},"thumbnailUrl":"https:\/\/christinakosmeetika.ee\/wp-content\/uploads\/2021\/04\/Mask450.jpg","datePublished":"2021-04-28T18:06:55+00:00","dateModified":"2026-04-15T18:52:10+00:00","description":"V\u00f5imsate aktiivsete koostisosadega rikastatud mask toidab, niisutab ja noorendab s\u00fcgavuti nahka. Maskil on poore ahendav ja pinguldav toime.","breadcrumb":{"@id":"https:\/\/christinakosmeetika.ee\/et\/toode\/christina-illustrious-mask-75-ml-et\/#breadcrumb"},"inLanguage":"et","potentialAction":[{"@type":"ReadAction","target":["https:\/\/christinakosmeetika.ee\/et\/toode\/christina-illustrious-mask-75-ml-et\/"]}]},{"@type":"ImageObject","inLanguage":"et","@id":"https:\/\/christinakosmeetika.ee\/et\/toode\/christina-illustrious-mask-75-ml-et\/#primaryimage","url":"https:\/\/christinakosmeetika.ee\/wp-content\/uploads\/2021\/04\/Mask450.jpg","contentUrl":"https:\/\/christinakosmeetika.ee\/wp-content\/uploads\/2021\/04\/Mask450.jpg","width":450,"height":450},{"@type":"BreadcrumbList","@id":"https:\/\/christinakosmeetika.ee\/et\/toode\/christina-illustrious-mask-75-ml-et\/#breadcrumb","itemListElement":[{"@type":"ListItem","position":1,"name":"\u0413\u043b\u0430\u0432\u043d\u0430\u044f \u0441\u0442\u0440\u0430\u043d\u0438\u0446\u0430","item":"https:\/\/christinakosmeetika.ee\/et\/"},{"@type":"ListItem","position":2,"name":"Pood","item":"https:\/\/christinakosmeetika.ee\/et\/shop\/"},{"@type":"ListItem","position":3,"name":"CHRISTINA ILLUSTRIOUS mask 75ml CHR508"}]},{"@type":"WebSite","@id":"https:\/\/christinakosmeetika.ee\/#website","url":"https:\/\/christinakosmeetika.ee\/","name":"Christinakosmeetika","description":"Christina kosmeetika Eestis","alternateName":"Christina kosmeetika Eestis","potentialAction":[{"@type":"SearchAction","target":{"@type":"EntryPoint","urlTemplate":"https:\/\/christinakosmeetika.ee\/?s={search_term_string}"},"query-input":{"@type":"PropertyValueSpecification","valueRequired":true,"valueName":"search_term_string"}}],"inLanguage":"et"}]}},"_links":{"self":[{"href":"https:\/\/christinakosmeetika.ee\/et\/wp-json\/wp\/v2\/product\/5298","targetHints":{"allow":["GET"]}}],"collection":[{"href":"https:\/\/christinakosmeetika.ee\/et\/wp-json\/wp\/v2\/product"}],"about":[{"href":"https:\/\/christinakosmeetika.ee\/et\/wp-json\/wp\/v2\/types\/product"}],"wp:featuredmedia":[{"embeddable":true,"href":"https:\/\/christinakosmeetika.ee\/et\/wp-json\/wp\/v2\/media\/1443"}],"wp:attachment":[{"href":"https:\/\/christinakosmeetika.ee\/et\/wp-json\/wp\/v2\/media?parent=5298"}],"wp:term":[{"taxonomy":"product_brand","embeddable":true,"href":"https:\/\/christinakosmeetika.ee\/et\/wp-json\/wp\/v2\/product_brand?post=5298"},{"taxonomy":"product_cat","embeddable":true,"href":"https:\/\/christinakosmeetika.ee\/et\/wp-json\/wp\/v2\/product_cat?post=5298"},{"taxonomy":"product_tag","embeddable":true,"href":"https:\/\/christinakosmeetika.ee\/et\/wp-json\/wp\/v2\/product_tag?post=5298"}],"curies":[{"name":"wp","href":"https:\/\/api.w.org\/{rel}","templated":true}]}}