{"id":5296,"date":"2021-04-28T15:29:01","date_gmt":"2021-04-28T15:29:01","guid":{"rendered":"https:\/\/christinakosmeetika.ee\/product\/illustrious-eye-cream-spf15-et\/"},"modified":"2026-04-15T22:04:35","modified_gmt":"2026-04-15T19:04:35","slug":"illustrious-eye-cream-spf15-et","status":"publish","type":"product","link":"https:\/\/christinakosmeetika.ee\/et\/toode\/illustrious-eye-cream-spf15-et\/","title":{"rendered":"ILLUSTRIOUS Eye Cream SPF15 CHR512"},"content":{"rendered":"<section class=\"av_textblock_section \">\n<div class=\"avia_textblock \">\n<p>CHRISTINA Illustrious Eye Cream SPF15 on spetsialiseeritud silmakreem, mis pakub vajalikku p\u00e4ikesekaitset, s\u00fcgavat niisutust ja suunatud hooldust \u00f5rnale silma\u00fcmbruse nahale. Selle SPF15 valem kaitseb kahjulike ultraviolettkiirte eest, samal ajal kui toitained aitavad v\u00e4hendada peeneid jooni, kortse, turseid ja tumedaid ringe. See kerge kreem imendub kergesti ja seda saab kasutada hommikul ja \u00f5htul silma\u00fcmbruse piirkonna noorendamiseks ja kaitseks.<\/p>\n<p><strong>Kasutusjuhend:<\/strong><\/p>\n<p>Kandke \u00f5huke kiht silma\u00fcmbruse nahale ja masseerige \u00f5rnalt, kuni see on t\u00e4ielikult imendunud.<\/p>\n<p><strong>Koostis:<\/strong><\/p>\n<\/div>\n<\/section>\n<section class=\"av_textblock_section \">\n<div class=\"avia_textblock \">\n<p>Deionized water (Aqua), C12-15 Alkyl Benzoate, Isodecyl Neopentanoate, Ethylhexyl Methoxycinnamate, Glycerin, Bis-Ethylhexyloxyphenol Methoxyphenyl Triazine, Butyrospermum Parkii Butter, Diethylamino Hydroxybenzoyl Hexyl Benzoate, Glyceryl Stearate Citrate, Polyglyceryl-3 Stearate, Sodium Acrylate Copolymer, Hydrogenated Lecithin, Caffeine, Phenoxyethanol, Hydrogenated Polydecene, Caprylyl Glycol, Magnesium Ascorbyl Phosphate, Acrylates\/C10-30 Alkyl Acrylate Crosspolymer, Tocopheryl Acetate, Mica, Helianthus Annuus (Sunflower) Seed Oil, Phospholipids, Polyglyceryl-10 Stearate, Sodium hyaluronate, Titanium Dioxide, Disodium EDTAHesperidin Methyl Chalcone, Triethanolamine, Steareth-20, Ethylhexylglycerin, 1,2-Hexanediol, Tocopherol, Dipeptide-2, Palmitoyl Tetrapeptide-7<\/p>\n<p>&nbsp;<\/p>\n<\/div>\n<\/section>\n","protected":false},"excerpt":{"rendered":"<h4>Silma\u00fcmbruse kreem SPF15<\/h4>\n","protected":false},"featured_media":1439,"template":"","meta":[],"product_brand":[],"product_cat":[149],"product_tag":[],"class_list":{"0":"post-5296","1":"product","2":"type-product","3":"status-publish","4":"has-post-thumbnail","6":"product_cat-kreem","7":"product_shipping_class-smart-itella-post","8":"pa_krem-spf-spf-kreemid","9":"pa_linii-kosmetiki-illustrious-et","10":"pa_reshenie-problem-ebauhtlane-nahatoon","11":"pa_reshenie-problem-pigmentatsioon","12":"pa_reshenie-problem-turse-silmade-all","13":"pa_reshenie-problem-vananemise-margid","14":"pa_tip-kozi-koik-nahatuubid-et","15":"pa_tip-kozi-kombi-et","16":"pa_tip-kozi-kuiv-et","17":"pa_tip-kozi-normaalne-et","18":"pa_tip-kozi-rasvane-et","19":"pa_tip-preparata-kreem","20":"pa_vremja-primenenija-paevane","22":"first","23":"instock","24":"taxable","25":"shipping-taxable","26":"purchasable","27":"product-type-simple"},"yoast_head":"<!-- This site is optimized with the Yoast SEO plugin v27.5 - https:\/\/yoast.com\/product\/yoast-seo-wordpress\/ -->\n<title>ILLUSTRIOUS Eye Cream SPF15 CHR512 - Christinakosmeetika<\/title>\n<meta name=\"description\" content=\"SPF15 valem kaitseb kahjulike UV-kiirte eest ning toitvad koostisosad aitavad v\u00e4hendada peeneid jooni, kortse, turseid ja tumedaid silmaaluseid.\" \/>\n<meta name=\"robots\" content=\"index, follow, max-snippet:-1, max-image-preview:large, max-video-preview:-1\" \/>\n<link rel=\"canonical\" href=\"https:\/\/christinakosmeetika.ee\/product\/illustrious-eye-cream-spf15\/\" \/>\n<meta property=\"og:locale\" content=\"et_EE\" \/>\n<meta property=\"og:type\" content=\"article\" \/>\n<meta property=\"og:title\" content=\"ILLUSTRIOUS Eye Cream SPF15 CHR512 - Christinakosmeetika\" \/>\n<meta property=\"og:description\" content=\"SPF15 valem kaitseb kahjulike UV-kiirte eest ning toitvad koostisosad aitavad v\u00e4hendada peeneid jooni, kortse, turseid ja tumedaid silmaaluseid.\" \/>\n<meta property=\"og:url\" content=\"https:\/\/christinakosmeetika.ee\/product\/illustrious-eye-cream-spf15\/\" \/>\n<meta property=\"og:site_name\" content=\"Christinakosmeetika\" \/>\n<meta property=\"article:modified_time\" content=\"2026-04-15T19:04:35+00:00\" \/>\n<meta property=\"og:image\" content=\"https:\/\/christinakosmeetika.ee\/wp-content\/uploads\/2021\/04\/Eye-Cream-SPF15.jpg\" \/>\n\t<meta property=\"og:image:width\" content=\"450\" \/>\n\t<meta property=\"og:image:height\" content=\"450\" \/>\n\t<meta property=\"og:image:type\" content=\"image\/jpeg\" \/>\n<meta name=\"twitter:card\" content=\"summary_large_image\" \/>\n<meta name=\"twitter:label1\" content=\"Est. reading time\" \/>\n\t<meta name=\"twitter:data1\" content=\"1 minut\" \/>\n<script type=\"application\/ld+json\" class=\"yoast-schema-graph\">{\"@context\":\"https:\\\/\\\/schema.org\",\"@graph\":[{\"@type\":\"WebPage\",\"@id\":\"https:\\\/\\\/christinakosmeetika.ee\\\/product\\\/illustrious-eye-cream-spf15\\\/\",\"url\":\"https:\\\/\\\/christinakosmeetika.ee\\\/product\\\/illustrious-eye-cream-spf15\\\/\",\"name\":\"ILLUSTRIOUS Eye Cream SPF15 CHR512 - Christinakosmeetika\",\"isPartOf\":{\"@id\":\"https:\\\/\\\/christinakosmeetika.ee\\\/#website\"},\"primaryImageOfPage\":{\"@id\":\"https:\\\/\\\/christinakosmeetika.ee\\\/product\\\/illustrious-eye-cream-spf15\\\/#primaryimage\"},\"image\":{\"@id\":\"https:\\\/\\\/christinakosmeetika.ee\\\/product\\\/illustrious-eye-cream-spf15\\\/#primaryimage\"},\"thumbnailUrl\":\"https:\\\/\\\/christinakosmeetika.ee\\\/wp-content\\\/uploads\\\/2021\\\/04\\\/Eye-Cream-SPF15.jpg\",\"datePublished\":\"2021-04-28T15:29:01+00:00\",\"dateModified\":\"2026-04-15T19:04:35+00:00\",\"description\":\"SPF15 valem kaitseb kahjulike UV-kiirte eest ning toitvad koostisosad aitavad v\u00e4hendada peeneid jooni, kortse, turseid ja tumedaid silmaaluseid.\",\"breadcrumb\":{\"@id\":\"https:\\\/\\\/christinakosmeetika.ee\\\/product\\\/illustrious-eye-cream-spf15\\\/#breadcrumb\"},\"inLanguage\":\"et\",\"potentialAction\":[{\"@type\":\"ReadAction\",\"target\":[\"https:\\\/\\\/christinakosmeetika.ee\\\/product\\\/illustrious-eye-cream-spf15\\\/\"]}]},{\"@type\":\"ImageObject\",\"inLanguage\":\"et\",\"@id\":\"https:\\\/\\\/christinakosmeetika.ee\\\/product\\\/illustrious-eye-cream-spf15\\\/#primaryimage\",\"url\":\"https:\\\/\\\/christinakosmeetika.ee\\\/wp-content\\\/uploads\\\/2021\\\/04\\\/Eye-Cream-SPF15.jpg\",\"contentUrl\":\"https:\\\/\\\/christinakosmeetika.ee\\\/wp-content\\\/uploads\\\/2021\\\/04\\\/Eye-Cream-SPF15.jpg\",\"width\":450,\"height\":450},{\"@type\":\"BreadcrumbList\",\"@id\":\"https:\\\/\\\/christinakosmeetika.ee\\\/product\\\/illustrious-eye-cream-spf15\\\/#breadcrumb\",\"itemListElement\":[{\"@type\":\"ListItem\",\"position\":1,\"name\":\"\u0413\u043b\u0430\u0432\u043d\u0430\u044f \u0441\u0442\u0440\u0430\u043d\u0438\u0446\u0430\",\"item\":\"https:\\\/\\\/christinakosmeetika.ee\\\/et\\\/\"},{\"@type\":\"ListItem\",\"position\":2,\"name\":\"Pood\",\"item\":\"https:\\\/\\\/christinakosmeetika.ee\\\/et\\\/shop\\\/\"},{\"@type\":\"ListItem\",\"position\":3,\"name\":\"ILLUSTRIOUS Eye Cream SPF15 CHR512\"}]},{\"@type\":\"WebSite\",\"@id\":\"https:\\\/\\\/christinakosmeetika.ee\\\/#website\",\"url\":\"https:\\\/\\\/christinakosmeetika.ee\\\/\",\"name\":\"Christinakosmeetika\",\"description\":\"Christina kosmeetika Eestis\",\"alternateName\":\"Christina kosmeetika Eestis\",\"potentialAction\":[{\"@type\":\"SearchAction\",\"target\":{\"@type\":\"EntryPoint\",\"urlTemplate\":\"https:\\\/\\\/christinakosmeetika.ee\\\/?s={search_term_string}\"},\"query-input\":{\"@type\":\"PropertyValueSpecification\",\"valueRequired\":true,\"valueName\":\"search_term_string\"}}],\"inLanguage\":\"et\"}]}<\/script>\n<!-- \/ Yoast SEO plugin. -->","yoast_head_json":{"title":"ILLUSTRIOUS Eye Cream SPF15 CHR512 - Christinakosmeetika","description":"SPF15 valem kaitseb kahjulike UV-kiirte eest ning toitvad koostisosad aitavad v\u00e4hendada peeneid jooni, kortse, turseid ja tumedaid silmaaluseid.","robots":{"index":"index","follow":"follow","max-snippet":"max-snippet:-1","max-image-preview":"max-image-preview:large","max-video-preview":"max-video-preview:-1"},"canonical":"https:\/\/christinakosmeetika.ee\/product\/illustrious-eye-cream-spf15\/","og_locale":"et_EE","og_type":"article","og_title":"ILLUSTRIOUS Eye Cream SPF15 CHR512 - Christinakosmeetika","og_description":"SPF15 valem kaitseb kahjulike UV-kiirte eest ning toitvad koostisosad aitavad v\u00e4hendada peeneid jooni, kortse, turseid ja tumedaid silmaaluseid.","og_url":"https:\/\/christinakosmeetika.ee\/product\/illustrious-eye-cream-spf15\/","og_site_name":"Christinakosmeetika","article_modified_time":"2026-04-15T19:04:35+00:00","og_image":[{"width":450,"height":450,"url":"https:\/\/christinakosmeetika.ee\/wp-content\/uploads\/2021\/04\/Eye-Cream-SPF15.jpg","type":"image\/jpeg"}],"twitter_card":"summary_large_image","twitter_misc":{"Est. reading time":"1 minut"},"schema":{"@context":"https:\/\/schema.org","@graph":[{"@type":"WebPage","@id":"https:\/\/christinakosmeetika.ee\/product\/illustrious-eye-cream-spf15\/","url":"https:\/\/christinakosmeetika.ee\/product\/illustrious-eye-cream-spf15\/","name":"ILLUSTRIOUS Eye Cream SPF15 CHR512 - Christinakosmeetika","isPartOf":{"@id":"https:\/\/christinakosmeetika.ee\/#website"},"primaryImageOfPage":{"@id":"https:\/\/christinakosmeetika.ee\/product\/illustrious-eye-cream-spf15\/#primaryimage"},"image":{"@id":"https:\/\/christinakosmeetika.ee\/product\/illustrious-eye-cream-spf15\/#primaryimage"},"thumbnailUrl":"https:\/\/christinakosmeetika.ee\/wp-content\/uploads\/2021\/04\/Eye-Cream-SPF15.jpg","datePublished":"2021-04-28T15:29:01+00:00","dateModified":"2026-04-15T19:04:35+00:00","description":"SPF15 valem kaitseb kahjulike UV-kiirte eest ning toitvad koostisosad aitavad v\u00e4hendada peeneid jooni, kortse, turseid ja tumedaid silmaaluseid.","breadcrumb":{"@id":"https:\/\/christinakosmeetika.ee\/product\/illustrious-eye-cream-spf15\/#breadcrumb"},"inLanguage":"et","potentialAction":[{"@type":"ReadAction","target":["https:\/\/christinakosmeetika.ee\/product\/illustrious-eye-cream-spf15\/"]}]},{"@type":"ImageObject","inLanguage":"et","@id":"https:\/\/christinakosmeetika.ee\/product\/illustrious-eye-cream-spf15\/#primaryimage","url":"https:\/\/christinakosmeetika.ee\/wp-content\/uploads\/2021\/04\/Eye-Cream-SPF15.jpg","contentUrl":"https:\/\/christinakosmeetika.ee\/wp-content\/uploads\/2021\/04\/Eye-Cream-SPF15.jpg","width":450,"height":450},{"@type":"BreadcrumbList","@id":"https:\/\/christinakosmeetika.ee\/product\/illustrious-eye-cream-spf15\/#breadcrumb","itemListElement":[{"@type":"ListItem","position":1,"name":"\u0413\u043b\u0430\u0432\u043d\u0430\u044f \u0441\u0442\u0440\u0430\u043d\u0438\u0446\u0430","item":"https:\/\/christinakosmeetika.ee\/et\/"},{"@type":"ListItem","position":2,"name":"Pood","item":"https:\/\/christinakosmeetika.ee\/et\/shop\/"},{"@type":"ListItem","position":3,"name":"ILLUSTRIOUS Eye Cream SPF15 CHR512"}]},{"@type":"WebSite","@id":"https:\/\/christinakosmeetika.ee\/#website","url":"https:\/\/christinakosmeetika.ee\/","name":"Christinakosmeetika","description":"Christina kosmeetika Eestis","alternateName":"Christina kosmeetika Eestis","potentialAction":[{"@type":"SearchAction","target":{"@type":"EntryPoint","urlTemplate":"https:\/\/christinakosmeetika.ee\/?s={search_term_string}"},"query-input":{"@type":"PropertyValueSpecification","valueRequired":true,"valueName":"search_term_string"}}],"inLanguage":"et"}]}},"_links":{"self":[{"href":"https:\/\/christinakosmeetika.ee\/et\/wp-json\/wp\/v2\/product\/5296","targetHints":{"allow":["GET"]}}],"collection":[{"href":"https:\/\/christinakosmeetika.ee\/et\/wp-json\/wp\/v2\/product"}],"about":[{"href":"https:\/\/christinakosmeetika.ee\/et\/wp-json\/wp\/v2\/types\/product"}],"wp:featuredmedia":[{"embeddable":true,"href":"https:\/\/christinakosmeetika.ee\/et\/wp-json\/wp\/v2\/media\/1439"}],"wp:attachment":[{"href":"https:\/\/christinakosmeetika.ee\/et\/wp-json\/wp\/v2\/media?parent=5296"}],"wp:term":[{"taxonomy":"product_brand","embeddable":true,"href":"https:\/\/christinakosmeetika.ee\/et\/wp-json\/wp\/v2\/product_brand?post=5296"},{"taxonomy":"product_cat","embeddable":true,"href":"https:\/\/christinakosmeetika.ee\/et\/wp-json\/wp\/v2\/product_cat?post=5296"},{"taxonomy":"product_tag","embeddable":true,"href":"https:\/\/christinakosmeetika.ee\/et\/wp-json\/wp\/v2\/product_tag?post=5296"}],"curies":[{"name":"wp","href":"https:\/\/api.w.org\/{rel}","templated":true}]}}