{"id":5294,"date":"2021-04-28T17:20:53","date_gmt":"2021-04-28T17:20:53","guid":{"rendered":"https:\/\/christinakosmeetika.ee\/product\/illustrious-day-cream-spf50-et\/"},"modified":"2026-04-15T22:01:26","modified_gmt":"2026-04-15T19:01:26","slug":"illustrious-day-cream-spf50-et","status":"publish","type":"product","link":"https:\/\/christinakosmeetika.ee\/et\/toode\/illustrious-day-cream-spf50-et\/","title":{"rendered":"ILLUSTRIOUS Day Cream SPF50 50 ml CHR509"},"content":{"rendered":"<section class=\"av_textblock_section \">\n<div class=\"avia_textblock \">\n<p>Rikastatud fotokaitseainetega kreem suurendab naha s\u00e4ra ja helendust. V\u00e4hendab keskkonnam\u00f5judest tingitud pigmenteerumist ja takistab samal ajal uute tumedate laikude teket. Uus p\u00e4ikesekaitsefiltertehnoloogia parandab kaitset, blokeerides laias spektris UVA+UVB kiirgust. H\u00fcaluroonhape koostises tagab niisutuse, samal ajal kui peegeldavad osakesed suurendavad s\u00e4ra.<\/p>\n<p><strong>Kasutusjuhend:<\/strong><\/p>\n<p>Kandke \u00fchtlane kiht n\u00e4ole ja kaelale ning masseerige \u00f5rnalt.<\/p>\n<p><strong>Koostis:<\/strong><\/p>\n<p>Deionized water (Aqua), Diethylamino Hydroxybenzoyl Hexyl Benzoate, Ethylhexyl Triazone, Ethylhexyl Methoxycinnamate, Ethylhexyl Methoxycinnamate, Glycerin, Isocetyl Stearate, Diisopropyl Adipate, Glyceryl Stearate Citrate, Cetearyl Ethylhexanoate, Polyglyceryl-3 Stearate, Bis-Ethylhexyloxyphenol Methoxyphenyl Triazine, Polymethyl Methacrylate, Sodium Acrylate Copolymer, Hydrogenated Lecithin, Mica, Hydrogenated Polydecene, Phenoxyethanol, Isodecyl Neopentanoate, Saccharide Isomerate, Titanium Dioxide, Caprylyl Glycol, Butylene Glycol, Xanthan Gum, Helianthus Annuus (Sunflower) Seed Oil, Tocopheryl Acetate, Polyglyceryl-10 Stearate, Niacinamide, Phospholipids, Perfume, Disodium EDTA, Sclerotium Gum, Lecithin, Sodium Laureth Sulfate, Sodium hyaluronate, Pullulan, Ethylhexylglycerin, Aminomethyl Propanol, Silica, Glycyrrhiza Glabra (Licorice) Root Extract, 1,2-Hexanediol, Glucose, Tocopherol, Glycine Soja (Soybean) Oil, Sodium Oleate, Oligopeptide-68, Sodium Citrate, Citric Acid, Limonene, Benzyl Salicylate, Butylphenyl Methylpropional, Linalool<\/p>\n<\/div>\n<\/section>\n","protected":false},"excerpt":{"rendered":"<div class=\"av-special-heading av-special-heading-h4 avia-builder-el-7 el_after_av_heading el_before_av_textblock \">\n<h4><\/h4>\n<h4 class=\"av-special-heading-tag \">P\u00e4evakreem SPF50<\/h4>\n<\/div>\n","protected":false},"featured_media":1440,"template":"","meta":[],"product_brand":[],"product_cat":[484,149],"product_tag":[],"class_list":{"0":"post-5294","1":"product","2":"type-product","3":"status-publish","4":"has-post-thumbnail","6":"product_cat-illustrious-et","7":"product_cat-kreem","8":"product_shipping_class-smart-itella-post","9":"pa_krem-spf-spf-kreemid","10":"pa_linii-kosmetiki-illustrious-et","11":"pa_reshenie-problem-ebauhtlane-nahatoon","12":"pa_reshenie-problem-suhost","13":"pa_reshenie-problem-pigmentatsioon","14":"pa_tip-kozi-kuiv-et","15":"pa_tip-kozi-normaalne-et","16":"pa_tip-preparata-kreem","17":"pa_vremja-primenenija-paevane","19":"first","20":"instock","21":"taxable","22":"shipping-taxable","23":"purchasable","24":"product-type-simple"},"yoast_head":"<!-- This site is optimized with the Yoast SEO plugin v27.5 - https:\/\/yoast.com\/product\/yoast-seo-wordpress\/ -->\n<title>ILLUSTRIOUS Day Cream SPF50 50 ml CHR509 - Christinakosmeetika<\/title>\n<meta name=\"description\" content=\"Uus p\u00e4ikesefiltrite tehnoloogia parandab kaitset, blokeerides laia spektriga UVA- ja UVB-kiirgust. Valemis sisalduv h\u00fcaluroonhape tagab naha niisutuse.\" \/>\n<meta name=\"robots\" content=\"index, follow, max-snippet:-1, max-image-preview:large, max-video-preview:-1\" \/>\n<link rel=\"canonical\" href=\"https:\/\/christinakosmeetika.ee\/product\/illustrious-day-cream-spf50\/\" \/>\n<meta property=\"og:locale\" content=\"et_EE\" \/>\n<meta property=\"og:type\" content=\"article\" \/>\n<meta property=\"og:title\" content=\"ILLUSTRIOUS Day Cream SPF50 50 ml CHR509 - Christinakosmeetika\" \/>\n<meta property=\"og:description\" content=\"Uus p\u00e4ikesefiltrite tehnoloogia parandab kaitset, blokeerides laia spektriga UVA- ja UVB-kiirgust. Valemis sisalduv h\u00fcaluroonhape tagab naha niisutuse.\" \/>\n<meta property=\"og:url\" content=\"https:\/\/christinakosmeetika.ee\/product\/illustrious-day-cream-spf50\/\" \/>\n<meta property=\"og:site_name\" content=\"Christinakosmeetika\" \/>\n<meta property=\"article:modified_time\" content=\"2026-04-15T19:01:26+00:00\" \/>\n<meta property=\"og:image\" content=\"https:\/\/christinakosmeetika.ee\/wp-content\/uploads\/2021\/04\/Day-Cream-SPF50.jpg\" \/>\n\t<meta property=\"og:image:width\" content=\"450\" \/>\n\t<meta property=\"og:image:height\" content=\"450\" \/>\n\t<meta property=\"og:image:type\" content=\"image\/jpeg\" \/>\n<meta name=\"twitter:card\" content=\"summary_large_image\" \/>\n<meta name=\"twitter:label1\" content=\"Est. reading time\" \/>\n\t<meta name=\"twitter:data1\" content=\"1 minut\" \/>\n<script type=\"application\/ld+json\" class=\"yoast-schema-graph\">{\"@context\":\"https:\\\/\\\/schema.org\",\"@graph\":[{\"@type\":\"WebPage\",\"@id\":\"https:\\\/\\\/christinakosmeetika.ee\\\/product\\\/illustrious-day-cream-spf50\\\/\",\"url\":\"https:\\\/\\\/christinakosmeetika.ee\\\/product\\\/illustrious-day-cream-spf50\\\/\",\"name\":\"ILLUSTRIOUS Day Cream SPF50 50 ml CHR509 - Christinakosmeetika\",\"isPartOf\":{\"@id\":\"https:\\\/\\\/christinakosmeetika.ee\\\/#website\"},\"primaryImageOfPage\":{\"@id\":\"https:\\\/\\\/christinakosmeetika.ee\\\/product\\\/illustrious-day-cream-spf50\\\/#primaryimage\"},\"image\":{\"@id\":\"https:\\\/\\\/christinakosmeetika.ee\\\/product\\\/illustrious-day-cream-spf50\\\/#primaryimage\"},\"thumbnailUrl\":\"https:\\\/\\\/christinakosmeetika.ee\\\/wp-content\\\/uploads\\\/2021\\\/04\\\/Day-Cream-SPF50.jpg\",\"datePublished\":\"2021-04-28T17:20:53+00:00\",\"dateModified\":\"2026-04-15T19:01:26+00:00\",\"description\":\"Uus p\u00e4ikesefiltrite tehnoloogia parandab kaitset, blokeerides laia spektriga UVA- ja UVB-kiirgust. Valemis sisalduv h\u00fcaluroonhape tagab naha niisutuse.\",\"breadcrumb\":{\"@id\":\"https:\\\/\\\/christinakosmeetika.ee\\\/product\\\/illustrious-day-cream-spf50\\\/#breadcrumb\"},\"inLanguage\":\"et\",\"potentialAction\":[{\"@type\":\"ReadAction\",\"target\":[\"https:\\\/\\\/christinakosmeetika.ee\\\/product\\\/illustrious-day-cream-spf50\\\/\"]}]},{\"@type\":\"ImageObject\",\"inLanguage\":\"et\",\"@id\":\"https:\\\/\\\/christinakosmeetika.ee\\\/product\\\/illustrious-day-cream-spf50\\\/#primaryimage\",\"url\":\"https:\\\/\\\/christinakosmeetika.ee\\\/wp-content\\\/uploads\\\/2021\\\/04\\\/Day-Cream-SPF50.jpg\",\"contentUrl\":\"https:\\\/\\\/christinakosmeetika.ee\\\/wp-content\\\/uploads\\\/2021\\\/04\\\/Day-Cream-SPF50.jpg\",\"width\":450,\"height\":450},{\"@type\":\"BreadcrumbList\",\"@id\":\"https:\\\/\\\/christinakosmeetika.ee\\\/product\\\/illustrious-day-cream-spf50\\\/#breadcrumb\",\"itemListElement\":[{\"@type\":\"ListItem\",\"position\":1,\"name\":\"\u0413\u043b\u0430\u0432\u043d\u0430\u044f \u0441\u0442\u0440\u0430\u043d\u0438\u0446\u0430\",\"item\":\"https:\\\/\\\/christinakosmeetika.ee\\\/et\\\/\"},{\"@type\":\"ListItem\",\"position\":2,\"name\":\"Pood\",\"item\":\"https:\\\/\\\/christinakosmeetika.ee\\\/et\\\/shop\\\/\"},{\"@type\":\"ListItem\",\"position\":3,\"name\":\"ILLUSTRIOUS Day Cream SPF50 50 ml CHR509\"}]},{\"@type\":\"WebSite\",\"@id\":\"https:\\\/\\\/christinakosmeetika.ee\\\/#website\",\"url\":\"https:\\\/\\\/christinakosmeetika.ee\\\/\",\"name\":\"Christinakosmeetika\",\"description\":\"Christina kosmeetika Eestis\",\"alternateName\":\"Christina kosmeetika Eestis\",\"potentialAction\":[{\"@type\":\"SearchAction\",\"target\":{\"@type\":\"EntryPoint\",\"urlTemplate\":\"https:\\\/\\\/christinakosmeetika.ee\\\/?s={search_term_string}\"},\"query-input\":{\"@type\":\"PropertyValueSpecification\",\"valueRequired\":true,\"valueName\":\"search_term_string\"}}],\"inLanguage\":\"et\"}]}<\/script>\n<!-- \/ Yoast SEO plugin. -->","yoast_head_json":{"title":"ILLUSTRIOUS Day Cream SPF50 50 ml CHR509 - Christinakosmeetika","description":"Uus p\u00e4ikesefiltrite tehnoloogia parandab kaitset, blokeerides laia spektriga UVA- ja UVB-kiirgust. Valemis sisalduv h\u00fcaluroonhape tagab naha niisutuse.","robots":{"index":"index","follow":"follow","max-snippet":"max-snippet:-1","max-image-preview":"max-image-preview:large","max-video-preview":"max-video-preview:-1"},"canonical":"https:\/\/christinakosmeetika.ee\/product\/illustrious-day-cream-spf50\/","og_locale":"et_EE","og_type":"article","og_title":"ILLUSTRIOUS Day Cream SPF50 50 ml CHR509 - Christinakosmeetika","og_description":"Uus p\u00e4ikesefiltrite tehnoloogia parandab kaitset, blokeerides laia spektriga UVA- ja UVB-kiirgust. Valemis sisalduv h\u00fcaluroonhape tagab naha niisutuse.","og_url":"https:\/\/christinakosmeetika.ee\/product\/illustrious-day-cream-spf50\/","og_site_name":"Christinakosmeetika","article_modified_time":"2026-04-15T19:01:26+00:00","og_image":[{"width":450,"height":450,"url":"https:\/\/christinakosmeetika.ee\/wp-content\/uploads\/2021\/04\/Day-Cream-SPF50.jpg","type":"image\/jpeg"}],"twitter_card":"summary_large_image","twitter_misc":{"Est. reading time":"1 minut"},"schema":{"@context":"https:\/\/schema.org","@graph":[{"@type":"WebPage","@id":"https:\/\/christinakosmeetika.ee\/product\/illustrious-day-cream-spf50\/","url":"https:\/\/christinakosmeetika.ee\/product\/illustrious-day-cream-spf50\/","name":"ILLUSTRIOUS Day Cream SPF50 50 ml CHR509 - Christinakosmeetika","isPartOf":{"@id":"https:\/\/christinakosmeetika.ee\/#website"},"primaryImageOfPage":{"@id":"https:\/\/christinakosmeetika.ee\/product\/illustrious-day-cream-spf50\/#primaryimage"},"image":{"@id":"https:\/\/christinakosmeetika.ee\/product\/illustrious-day-cream-spf50\/#primaryimage"},"thumbnailUrl":"https:\/\/christinakosmeetika.ee\/wp-content\/uploads\/2021\/04\/Day-Cream-SPF50.jpg","datePublished":"2021-04-28T17:20:53+00:00","dateModified":"2026-04-15T19:01:26+00:00","description":"Uus p\u00e4ikesefiltrite tehnoloogia parandab kaitset, blokeerides laia spektriga UVA- ja UVB-kiirgust. Valemis sisalduv h\u00fcaluroonhape tagab naha niisutuse.","breadcrumb":{"@id":"https:\/\/christinakosmeetika.ee\/product\/illustrious-day-cream-spf50\/#breadcrumb"},"inLanguage":"et","potentialAction":[{"@type":"ReadAction","target":["https:\/\/christinakosmeetika.ee\/product\/illustrious-day-cream-spf50\/"]}]},{"@type":"ImageObject","inLanguage":"et","@id":"https:\/\/christinakosmeetika.ee\/product\/illustrious-day-cream-spf50\/#primaryimage","url":"https:\/\/christinakosmeetika.ee\/wp-content\/uploads\/2021\/04\/Day-Cream-SPF50.jpg","contentUrl":"https:\/\/christinakosmeetika.ee\/wp-content\/uploads\/2021\/04\/Day-Cream-SPF50.jpg","width":450,"height":450},{"@type":"BreadcrumbList","@id":"https:\/\/christinakosmeetika.ee\/product\/illustrious-day-cream-spf50\/#breadcrumb","itemListElement":[{"@type":"ListItem","position":1,"name":"\u0413\u043b\u0430\u0432\u043d\u0430\u044f \u0441\u0442\u0440\u0430\u043d\u0438\u0446\u0430","item":"https:\/\/christinakosmeetika.ee\/et\/"},{"@type":"ListItem","position":2,"name":"Pood","item":"https:\/\/christinakosmeetika.ee\/et\/shop\/"},{"@type":"ListItem","position":3,"name":"ILLUSTRIOUS Day Cream SPF50 50 ml CHR509"}]},{"@type":"WebSite","@id":"https:\/\/christinakosmeetika.ee\/#website","url":"https:\/\/christinakosmeetika.ee\/","name":"Christinakosmeetika","description":"Christina kosmeetika Eestis","alternateName":"Christina kosmeetika Eestis","potentialAction":[{"@type":"SearchAction","target":{"@type":"EntryPoint","urlTemplate":"https:\/\/christinakosmeetika.ee\/?s={search_term_string}"},"query-input":{"@type":"PropertyValueSpecification","valueRequired":true,"valueName":"search_term_string"}}],"inLanguage":"et"}]}},"_links":{"self":[{"href":"https:\/\/christinakosmeetika.ee\/et\/wp-json\/wp\/v2\/product\/5294","targetHints":{"allow":["GET"]}}],"collection":[{"href":"https:\/\/christinakosmeetika.ee\/et\/wp-json\/wp\/v2\/product"}],"about":[{"href":"https:\/\/christinakosmeetika.ee\/et\/wp-json\/wp\/v2\/types\/product"}],"wp:featuredmedia":[{"embeddable":true,"href":"https:\/\/christinakosmeetika.ee\/et\/wp-json\/wp\/v2\/media\/1440"}],"wp:attachment":[{"href":"https:\/\/christinakosmeetika.ee\/et\/wp-json\/wp\/v2\/media?parent=5294"}],"wp:term":[{"taxonomy":"product_brand","embeddable":true,"href":"https:\/\/christinakosmeetika.ee\/et\/wp-json\/wp\/v2\/product_brand?post=5294"},{"taxonomy":"product_cat","embeddable":true,"href":"https:\/\/christinakosmeetika.ee\/et\/wp-json\/wp\/v2\/product_cat?post=5294"},{"taxonomy":"product_tag","embeddable":true,"href":"https:\/\/christinakosmeetika.ee\/et\/wp-json\/wp\/v2\/product_tag?post=5294"}],"curies":[{"name":"wp","href":"https:\/\/api.w.org\/{rel}","templated":true}]}}