{"id":5292,"date":"2021-04-28T18:57:51","date_gmt":"2021-04-28T18:57:51","guid":{"rendered":"https:\/\/christinakosmeetika.ee\/product\/christina-illustrious-cleanser-et\/"},"modified":"2026-04-15T21:39:29","modified_gmt":"2026-04-15T18:39:29","slug":"christina-illustrious-cleanser-et","status":"publish","type":"product","link":"https:\/\/christinakosmeetika.ee\/et\/toode\/christina-illustrious-cleanser-et\/","title":{"rendered":"CHRISTINA ILLUSTRIOUS Cleanser 300 ml CHR543"},"content":{"rendered":"<section class=\"av_textblock_section \">\n<div class=\"avia_textblock \">\n<p>K\u00f5rgekvaliteediline n\u00e4opuhastusvahend on m\u00f5eldud naha s\u00fcgavaks puhastamiseks, saasteainete, \u00fcleliigse naha rasu ja meigi eemaldamiseks, j\u00e4ttes naha v\u00e4rskendatuks ja uuendatuks. See puhastab nahka hoolikalt ja \u00f5rnalt, j\u00e4ttes selle kohe v\u00e4rskendatuks. Sisaldab AHA-sid, et t\u00e4ielikult eemaldada \u00fcleliigne naha rasu ja sarvestunud epidermise rakud.<\/p>\n<p>ILLUSTRIOUS puhastusvahend puhastab nahka t\u00f5husalt, s\u00e4ilitades samal ajal selle loomuliku niiskuse. Samuti sisaldab see koostisosi, millel on tuntud rahustavad ja niisutavad omadused, aidates taastada ja niisutada nahka, muutes selle elastseks ja mugavaks.<\/p>\n<p>pH 3,5-4,5<\/p>\n<p><strong>Kasutusjuhend:<\/strong><\/p>\n<p>Niisutage k\u00e4si veega, vahustage, kandke masseerivate liigutustega n\u00e4o ja kaela nahale ning loputage hoolikalt sooja veega.<\/p>\n<p><strong>Koostis:<\/strong><\/p>\n<\/div>\n<\/section>\n<section class=\"av_textblock_section \">\n<div class=\"avia_textblock \">\n<p>Deionized water (Aqua), Sodium Coceth Sulfate, Glycerin, Triethanolamine, Glycolic Acid, Cocamidopropyl Betaine, Sodium Chloride, Polyacrylate Crosspolymer-6, Panthenol, Phenoxyethanol, Polysorbate 20, Hamamelis Virginiana (Witch Hazel) Extract, Alcohol, Butylene Glycol, Caprylyl Glycol, Perfume, Tetrasodium EDTA, Ethylhexylglycerin, Cocamidopropyl Dimethylamine, Coconut Acid, Sodium Benzoate, t-Butyl Alcohol, Benzyl Alcohol, Citrus Junos Peel Extract, Citrus Unshiu Peel Extract, Citrus Aurantium Amara Peel Extract, Sodium Hydroxide, Dehydroacetic acid, Limonene, Benzyl Salicylate, Linalool, Citral, Citronnellol<\/p>\n<\/div>\n<\/section>\n","protected":false},"excerpt":{"rendered":"<div class=\"av-special-heading av-special-heading-h4 avia-builder-el-7 el_after_av_heading el_before_av_textblock \">\n<h4 class=\"av-special-heading-tag \">Puhastaja AHA-ga.<\/h4>\n<\/div>\n","protected":false},"featured_media":1445,"template":"","meta":[],"product_brand":[],"product_cat":[147,484],"product_tag":[],"class_list":{"0":"post-5292","1":"product","2":"type-product","3":"status-publish","4":"has-post-thumbnail","6":"product_cat-geel-et","7":"product_cat-illustrious-et","8":"product_shipping_class-smart-itella-post","9":"pa_linii-kosmetiki-illustrious-et","10":"pa_reshenie-problem-ebauhtlane-nahatoon","11":"pa_reshenie-problem-saastunud-nahk","12":"pa_reshenie-problem-pigmentatsioon","13":"pa_tip-kozi-kombi-et","14":"pa_tip-kozi-rasvane-et","15":"pa_tip-preparata-geel","17":"first","18":"instock","19":"taxable","20":"shipping-taxable","21":"purchasable","22":"product-type-simple"},"yoast_head":"<!-- This site is optimized with the Yoast SEO plugin v27.5 - https:\/\/yoast.com\/product\/yoast-seo-wordpress\/ -->\n<title>CHRISTINA ILLUSTRIOUS Cleanser 300 ml CHR543 - Christinakosmeetika<\/title>\n<meta name=\"description\" content=\"On m\u00f5eldud naha s\u00fcgavpuhastuseks, mustuse, liigse rasu ja meigi eemaldamiseks, j\u00e4ttes naha v\u00e4rskeks ja uuenenuks.\" \/>\n<meta name=\"robots\" content=\"index, follow, max-snippet:-1, max-image-preview:large, max-video-preview:-1\" \/>\n<link rel=\"canonical\" href=\"https:\/\/christinakosmeetika.ee\/product\/christina-illustrious-cleanser\/\" \/>\n<meta property=\"og:locale\" content=\"et_EE\" \/>\n<meta property=\"og:type\" content=\"article\" \/>\n<meta property=\"og:title\" content=\"CHRISTINA ILLUSTRIOUS Cleanser 300 ml CHR543 - Christinakosmeetika\" \/>\n<meta property=\"og:description\" content=\"On m\u00f5eldud naha s\u00fcgavpuhastuseks, mustuse, liigse rasu ja meigi eemaldamiseks, j\u00e4ttes naha v\u00e4rskeks ja uuenenuks.\" \/>\n<meta property=\"og:url\" content=\"https:\/\/christinakosmeetika.ee\/product\/christina-illustrious-cleanser\/\" \/>\n<meta property=\"og:site_name\" content=\"Christinakosmeetika\" \/>\n<meta property=\"article:modified_time\" content=\"2026-04-15T18:39:29+00:00\" \/>\n<meta property=\"og:image\" content=\"https:\/\/christinakosmeetika.ee\/wp-content\/uploads\/2021\/04\/Cleanser-450.jpg\" \/>\n\t<meta property=\"og:image:width\" content=\"450\" \/>\n\t<meta property=\"og:image:height\" content=\"450\" \/>\n\t<meta property=\"og:image:type\" content=\"image\/jpeg\" \/>\n<meta name=\"twitter:card\" content=\"summary_large_image\" \/>\n<meta name=\"twitter:label1\" content=\"Est. reading time\" \/>\n\t<meta name=\"twitter:data1\" content=\"1 minut\" \/>\n<script type=\"application\/ld+json\" class=\"yoast-schema-graph\">{\"@context\":\"https:\\\/\\\/schema.org\",\"@graph\":[{\"@type\":\"WebPage\",\"@id\":\"https:\\\/\\\/christinakosmeetika.ee\\\/product\\\/christina-illustrious-cleanser\\\/\",\"url\":\"https:\\\/\\\/christinakosmeetika.ee\\\/product\\\/christina-illustrious-cleanser\\\/\",\"name\":\"CHRISTINA ILLUSTRIOUS Cleanser 300 ml CHR543 - Christinakosmeetika\",\"isPartOf\":{\"@id\":\"https:\\\/\\\/christinakosmeetika.ee\\\/#website\"},\"primaryImageOfPage\":{\"@id\":\"https:\\\/\\\/christinakosmeetika.ee\\\/product\\\/christina-illustrious-cleanser\\\/#primaryimage\"},\"image\":{\"@id\":\"https:\\\/\\\/christinakosmeetika.ee\\\/product\\\/christina-illustrious-cleanser\\\/#primaryimage\"},\"thumbnailUrl\":\"https:\\\/\\\/christinakosmeetika.ee\\\/wp-content\\\/uploads\\\/2021\\\/04\\\/Cleanser-450.jpg\",\"datePublished\":\"2021-04-28T18:57:51+00:00\",\"dateModified\":\"2026-04-15T18:39:29+00:00\",\"description\":\"On m\u00f5eldud naha s\u00fcgavpuhastuseks, mustuse, liigse rasu ja meigi eemaldamiseks, j\u00e4ttes naha v\u00e4rskeks ja uuenenuks.\",\"breadcrumb\":{\"@id\":\"https:\\\/\\\/christinakosmeetika.ee\\\/product\\\/christina-illustrious-cleanser\\\/#breadcrumb\"},\"inLanguage\":\"et\",\"potentialAction\":[{\"@type\":\"ReadAction\",\"target\":[\"https:\\\/\\\/christinakosmeetika.ee\\\/product\\\/christina-illustrious-cleanser\\\/\"]}]},{\"@type\":\"ImageObject\",\"inLanguage\":\"et\",\"@id\":\"https:\\\/\\\/christinakosmeetika.ee\\\/product\\\/christina-illustrious-cleanser\\\/#primaryimage\",\"url\":\"https:\\\/\\\/christinakosmeetika.ee\\\/wp-content\\\/uploads\\\/2021\\\/04\\\/Cleanser-450.jpg\",\"contentUrl\":\"https:\\\/\\\/christinakosmeetika.ee\\\/wp-content\\\/uploads\\\/2021\\\/04\\\/Cleanser-450.jpg\",\"width\":450,\"height\":450},{\"@type\":\"BreadcrumbList\",\"@id\":\"https:\\\/\\\/christinakosmeetika.ee\\\/product\\\/christina-illustrious-cleanser\\\/#breadcrumb\",\"itemListElement\":[{\"@type\":\"ListItem\",\"position\":1,\"name\":\"\u0413\u043b\u0430\u0432\u043d\u0430\u044f \u0441\u0442\u0440\u0430\u043d\u0438\u0446\u0430\",\"item\":\"https:\\\/\\\/christinakosmeetika.ee\\\/et\\\/\"},{\"@type\":\"ListItem\",\"position\":2,\"name\":\"Pood\",\"item\":\"https:\\\/\\\/christinakosmeetika.ee\\\/et\\\/shop\\\/\"},{\"@type\":\"ListItem\",\"position\":3,\"name\":\"CHRISTINA ILLUSTRIOUS Cleanser 300 ml CHR543\"}]},{\"@type\":\"WebSite\",\"@id\":\"https:\\\/\\\/christinakosmeetika.ee\\\/#website\",\"url\":\"https:\\\/\\\/christinakosmeetika.ee\\\/\",\"name\":\"Christinakosmeetika\",\"description\":\"Christina kosmeetika Eestis\",\"alternateName\":\"Christina kosmeetika Eestis\",\"potentialAction\":[{\"@type\":\"SearchAction\",\"target\":{\"@type\":\"EntryPoint\",\"urlTemplate\":\"https:\\\/\\\/christinakosmeetika.ee\\\/?s={search_term_string}\"},\"query-input\":{\"@type\":\"PropertyValueSpecification\",\"valueRequired\":true,\"valueName\":\"search_term_string\"}}],\"inLanguage\":\"et\"}]}<\/script>\n<!-- \/ Yoast SEO plugin. -->","yoast_head_json":{"title":"CHRISTINA ILLUSTRIOUS Cleanser 300 ml CHR543 - Christinakosmeetika","description":"On m\u00f5eldud naha s\u00fcgavpuhastuseks, mustuse, liigse rasu ja meigi eemaldamiseks, j\u00e4ttes naha v\u00e4rskeks ja uuenenuks.","robots":{"index":"index","follow":"follow","max-snippet":"max-snippet:-1","max-image-preview":"max-image-preview:large","max-video-preview":"max-video-preview:-1"},"canonical":"https:\/\/christinakosmeetika.ee\/product\/christina-illustrious-cleanser\/","og_locale":"et_EE","og_type":"article","og_title":"CHRISTINA ILLUSTRIOUS Cleanser 300 ml CHR543 - Christinakosmeetika","og_description":"On m\u00f5eldud naha s\u00fcgavpuhastuseks, mustuse, liigse rasu ja meigi eemaldamiseks, j\u00e4ttes naha v\u00e4rskeks ja uuenenuks.","og_url":"https:\/\/christinakosmeetika.ee\/product\/christina-illustrious-cleanser\/","og_site_name":"Christinakosmeetika","article_modified_time":"2026-04-15T18:39:29+00:00","og_image":[{"width":450,"height":450,"url":"https:\/\/christinakosmeetika.ee\/wp-content\/uploads\/2021\/04\/Cleanser-450.jpg","type":"image\/jpeg"}],"twitter_card":"summary_large_image","twitter_misc":{"Est. reading time":"1 minut"},"schema":{"@context":"https:\/\/schema.org","@graph":[{"@type":"WebPage","@id":"https:\/\/christinakosmeetika.ee\/product\/christina-illustrious-cleanser\/","url":"https:\/\/christinakosmeetika.ee\/product\/christina-illustrious-cleanser\/","name":"CHRISTINA ILLUSTRIOUS Cleanser 300 ml CHR543 - Christinakosmeetika","isPartOf":{"@id":"https:\/\/christinakosmeetika.ee\/#website"},"primaryImageOfPage":{"@id":"https:\/\/christinakosmeetika.ee\/product\/christina-illustrious-cleanser\/#primaryimage"},"image":{"@id":"https:\/\/christinakosmeetika.ee\/product\/christina-illustrious-cleanser\/#primaryimage"},"thumbnailUrl":"https:\/\/christinakosmeetika.ee\/wp-content\/uploads\/2021\/04\/Cleanser-450.jpg","datePublished":"2021-04-28T18:57:51+00:00","dateModified":"2026-04-15T18:39:29+00:00","description":"On m\u00f5eldud naha s\u00fcgavpuhastuseks, mustuse, liigse rasu ja meigi eemaldamiseks, j\u00e4ttes naha v\u00e4rskeks ja uuenenuks.","breadcrumb":{"@id":"https:\/\/christinakosmeetika.ee\/product\/christina-illustrious-cleanser\/#breadcrumb"},"inLanguage":"et","potentialAction":[{"@type":"ReadAction","target":["https:\/\/christinakosmeetika.ee\/product\/christina-illustrious-cleanser\/"]}]},{"@type":"ImageObject","inLanguage":"et","@id":"https:\/\/christinakosmeetika.ee\/product\/christina-illustrious-cleanser\/#primaryimage","url":"https:\/\/christinakosmeetika.ee\/wp-content\/uploads\/2021\/04\/Cleanser-450.jpg","contentUrl":"https:\/\/christinakosmeetika.ee\/wp-content\/uploads\/2021\/04\/Cleanser-450.jpg","width":450,"height":450},{"@type":"BreadcrumbList","@id":"https:\/\/christinakosmeetika.ee\/product\/christina-illustrious-cleanser\/#breadcrumb","itemListElement":[{"@type":"ListItem","position":1,"name":"\u0413\u043b\u0430\u0432\u043d\u0430\u044f \u0441\u0442\u0440\u0430\u043d\u0438\u0446\u0430","item":"https:\/\/christinakosmeetika.ee\/et\/"},{"@type":"ListItem","position":2,"name":"Pood","item":"https:\/\/christinakosmeetika.ee\/et\/shop\/"},{"@type":"ListItem","position":3,"name":"CHRISTINA ILLUSTRIOUS Cleanser 300 ml CHR543"}]},{"@type":"WebSite","@id":"https:\/\/christinakosmeetika.ee\/#website","url":"https:\/\/christinakosmeetika.ee\/","name":"Christinakosmeetika","description":"Christina kosmeetika Eestis","alternateName":"Christina kosmeetika Eestis","potentialAction":[{"@type":"SearchAction","target":{"@type":"EntryPoint","urlTemplate":"https:\/\/christinakosmeetika.ee\/?s={search_term_string}"},"query-input":{"@type":"PropertyValueSpecification","valueRequired":true,"valueName":"search_term_string"}}],"inLanguage":"et"}]}},"_links":{"self":[{"href":"https:\/\/christinakosmeetika.ee\/et\/wp-json\/wp\/v2\/product\/5292","targetHints":{"allow":["GET"]}}],"collection":[{"href":"https:\/\/christinakosmeetika.ee\/et\/wp-json\/wp\/v2\/product"}],"about":[{"href":"https:\/\/christinakosmeetika.ee\/et\/wp-json\/wp\/v2\/types\/product"}],"wp:featuredmedia":[{"embeddable":true,"href":"https:\/\/christinakosmeetika.ee\/et\/wp-json\/wp\/v2\/media\/1445"}],"wp:attachment":[{"href":"https:\/\/christinakosmeetika.ee\/et\/wp-json\/wp\/v2\/media?parent=5292"}],"wp:term":[{"taxonomy":"product_brand","embeddable":true,"href":"https:\/\/christinakosmeetika.ee\/et\/wp-json\/wp\/v2\/product_brand?post=5292"},{"taxonomy":"product_cat","embeddable":true,"href":"https:\/\/christinakosmeetika.ee\/et\/wp-json\/wp\/v2\/product_cat?post=5292"},{"taxonomy":"product_tag","embeddable":true,"href":"https:\/\/christinakosmeetika.ee\/et\/wp-json\/wp\/v2\/product_tag?post=5292"}],"curies":[{"name":"wp","href":"https:\/\/api.w.org\/{rel}","templated":true}]}}