{"id":5291,"date":"2021-04-28T18:47:28","date_gmt":"2021-04-28T18:47:28","guid":{"rendered":"https:\/\/christinakosmeetika.ee\/product\/christina-illustriou-absolute-bright-et\/"},"modified":"2026-04-15T21:42:51","modified_gmt":"2026-04-15T18:42:51","slug":"christina-illustriou-absolute-bright-et","status":"publish","type":"product","link":"https:\/\/christinakosmeetika.ee\/et\/toode\/christina-illustriou-absolute-bright-et\/","title":{"rendered":"ILLUSTRIOUS Absolute Bright 30 ml CHR505"},"content":{"rendered":"<section class=\"av_textblock_section \">\n<div class=\"avia_textblock \">\n<p>Kontsentreeritud seerum innovaatilisel C-vitamiini stabiliseerimisel, mis \u00fchtlustab naha tooni, parandab elastsust, v\u00e4hendab ja ennetab tumedate laikude teket, tugevdab kapillaare ning suurendab kohalikku naha immuunsust.<\/p>\n<p>Absolute Bright&#8217;i valem kasutab v\u00f5imsate aktiivsete koostisosade, nagu C-vitamiin, niatsiinamiid ja taimsete ekstraktide j\u00f5udu. Need koostisosad toimivad s\u00fcnergiliselt, muutes n\u00e4onaha tooni \u00fchtlasemaks ja s\u00e4ravamaks ning tagades antioks\u00fcdantse kaitse naha kaitseks \u00fcmbritseva keskkonna stressorite eest.<\/p>\n<p><strong>Kasutusjuhend:<\/strong><\/p>\n<p>Kandke \u00f5hukese kihina puhtale n\u00e4onahale ja masseerige, kuni t\u00e4ieliku imendumiseni. V\u00f5ib tekitada kerge kipitustunnet. Kandke kreemi peale vastavalt p\u00e4evaajale.<\/p>\n<p><strong>Koostis:<\/strong><\/p>\n<\/div>\n<\/section>\n<section class=\"av_textblock_section \">\n<div class=\"avia_textblock \">\n<p>Deionized water (Aqua), Dimethicone, Citral, Ascorbic Acid, Citric Acid, Phenoxyethanol, Bisabolol, Ceramide NP, Dimethiconol, Ethylhexylglycerin, Glycerin, Limonene, Linalool, Olea Europaea (Olive) Fruit Oil, Perfume, Plukenetia Volubilis Seed Oil, Polyglyceryl-10 Laurate, Tocopherol, Tocopheryl Acetate, Cyclopentasiloxane(banned in rinse-off!!!), Dimethicone Crosspolymer, PEG-10 Dimethicone, Polysilicone-11<\/p>\n<p><strong>Koostis:<\/strong><\/p>\n<p>Dimethicone, Ascorbic Acid, Cyclopentasiloxane, Dimethicone Crosspolymer, Polysilicone-11, Dimethiconol, PEG-10 Dimethicone, Tocopheryl Acetate, Phenoxyethanol, Perfume, Bisabolol, Olea Europaea (Olive) Fruit Oil, Plukenetia Volubilis Seed Oil, Deionized water (Aqua), Ethylhexylglycerin, Ceramide NP, Glycerin, Polyglyceryl-10 Laurate, Citric Acid, Tocopherol, Limonene, Linalool, Citral<\/p>\n<\/div>\n<\/section>\n","protected":false},"excerpt":{"rendered":"<div class=\"av-special-heading av-special-heading-h4 avia-builder-el-7 el_after_av_heading el_before_av_textblock \">\n<h4 class=\"av-special-heading-tag \">Absolute Radiance Brightening seerum<\/h4>\n<\/div>\n","protected":false},"featured_media":8957,"template":"","meta":[],"product_brand":[],"product_cat":[182],"product_tag":[],"class_list":{"0":"post-5291","1":"product","2":"type-product","3":"status-publish","4":"has-post-thumbnail","6":"product_cat-seerum","7":"product_shipping_class-smart-itella-post","8":"pa_akcii-skidki-allahindlused","9":"pa_linii-kosmetiki-illustrious-et","10":"pa_reshenie-problem-ebauhtlane-nahatoon","11":"pa_reshenie-problem-pigmentatsioon","12":"pa_reshenie-problem-vananemise-margid","13":"pa_tip-kozi-koik-nahatuubid-et","14":"pa_tip-kozi-kombi-et","15":"pa_tip-kozi-kuiv-et","16":"pa_tip-kozi-normaalne-et","17":"pa_tip-kozi-rasvane-et","18":"pa_tip-preparata-seerum","19":"pa_vremja-primenenija-oine","20":"pa_vremja-primenenija-paevane","22":"first","23":"instock","24":"sale","25":"taxable","26":"shipping-taxable","27":"purchasable","28":"product-type-simple"},"yoast_head":"<!-- This site is optimized with the Yoast SEO plugin v27.5 - https:\/\/yoast.com\/product\/yoast-seo-wordpress\/ -->\n<title>ILLUSTRIOUS Absolute Bright 30 ml CHR505 - Christinakosmeetika<\/title>\n<meta name=\"description\" content=\"\u00dchtlustab nahatooni, parandab elastsust, v\u00e4hendab ja ennetab tumedate laikude teket, tugevdab kapillaare ning suurendab naha kohalikku immuunsust.\" \/>\n<meta name=\"robots\" content=\"index, follow, max-snippet:-1, max-image-preview:large, max-video-preview:-1\" \/>\n<link rel=\"canonical\" href=\"https:\/\/christinakosmeetika.ee\/product\/christina-illustriou-absolute-bright-30-ml\/\" \/>\n<meta property=\"og:locale\" content=\"et_EE\" \/>\n<meta property=\"og:type\" content=\"article\" \/>\n<meta property=\"og:title\" content=\"ILLUSTRIOUS Absolute Bright 30 ml CHR505 - Christinakosmeetika\" \/>\n<meta property=\"og:description\" content=\"\u00dchtlustab nahatooni, parandab elastsust, v\u00e4hendab ja ennetab tumedate laikude teket, tugevdab kapillaare ning suurendab naha kohalikku immuunsust.\" \/>\n<meta property=\"og:url\" content=\"https:\/\/christinakosmeetika.ee\/product\/christina-illustriou-absolute-bright-30-ml\/\" \/>\n<meta property=\"og:site_name\" content=\"Christinakosmeetika\" \/>\n<meta property=\"article:modified_time\" content=\"2026-04-15T18:42:51+00:00\" \/>\n<meta property=\"og:image\" content=\"https:\/\/christinakosmeetika.ee\/wp-content\/uploads\/2021\/04\/Ab500.png\" \/>\n\t<meta property=\"og:image:width\" content=\"500\" \/>\n\t<meta property=\"og:image:height\" content=\"500\" \/>\n\t<meta property=\"og:image:type\" content=\"image\/png\" \/>\n<meta name=\"twitter:card\" content=\"summary_large_image\" \/>\n<meta name=\"twitter:label1\" content=\"Est. reading time\" \/>\n\t<meta name=\"twitter:data1\" content=\"1 minut\" \/>\n<script type=\"application\/ld+json\" class=\"yoast-schema-graph\">{\"@context\":\"https:\\\/\\\/schema.org\",\"@graph\":[{\"@type\":\"WebPage\",\"@id\":\"https:\\\/\\\/christinakosmeetika.ee\\\/product\\\/christina-illustriou-absolute-bright-30-ml\\\/\",\"url\":\"https:\\\/\\\/christinakosmeetika.ee\\\/product\\\/christina-illustriou-absolute-bright-30-ml\\\/\",\"name\":\"ILLUSTRIOUS Absolute Bright 30 ml CHR505 - Christinakosmeetika\",\"isPartOf\":{\"@id\":\"https:\\\/\\\/christinakosmeetika.ee\\\/#website\"},\"primaryImageOfPage\":{\"@id\":\"https:\\\/\\\/christinakosmeetika.ee\\\/product\\\/christina-illustriou-absolute-bright-30-ml\\\/#primaryimage\"},\"image\":{\"@id\":\"https:\\\/\\\/christinakosmeetika.ee\\\/product\\\/christina-illustriou-absolute-bright-30-ml\\\/#primaryimage\"},\"thumbnailUrl\":\"https:\\\/\\\/christinakosmeetika.ee\\\/wp-content\\\/uploads\\\/2021\\\/04\\\/Ab500.png\",\"datePublished\":\"2021-04-28T18:47:28+00:00\",\"dateModified\":\"2026-04-15T18:42:51+00:00\",\"description\":\"\u00dchtlustab nahatooni, parandab elastsust, v\u00e4hendab ja ennetab tumedate laikude teket, tugevdab kapillaare ning suurendab naha kohalikku immuunsust.\",\"breadcrumb\":{\"@id\":\"https:\\\/\\\/christinakosmeetika.ee\\\/product\\\/christina-illustriou-absolute-bright-30-ml\\\/#breadcrumb\"},\"inLanguage\":\"et\",\"potentialAction\":[{\"@type\":\"ReadAction\",\"target\":[\"https:\\\/\\\/christinakosmeetika.ee\\\/product\\\/christina-illustriou-absolute-bright-30-ml\\\/\"]}]},{\"@type\":\"ImageObject\",\"inLanguage\":\"et\",\"@id\":\"https:\\\/\\\/christinakosmeetika.ee\\\/product\\\/christina-illustriou-absolute-bright-30-ml\\\/#primaryimage\",\"url\":\"https:\\\/\\\/christinakosmeetika.ee\\\/wp-content\\\/uploads\\\/2021\\\/04\\\/Ab500.png\",\"contentUrl\":\"https:\\\/\\\/christinakosmeetika.ee\\\/wp-content\\\/uploads\\\/2021\\\/04\\\/Ab500.png\",\"width\":500,\"height\":500},{\"@type\":\"BreadcrumbList\",\"@id\":\"https:\\\/\\\/christinakosmeetika.ee\\\/product\\\/christina-illustriou-absolute-bright-30-ml\\\/#breadcrumb\",\"itemListElement\":[{\"@type\":\"ListItem\",\"position\":1,\"name\":\"\u0413\u043b\u0430\u0432\u043d\u0430\u044f \u0441\u0442\u0440\u0430\u043d\u0438\u0446\u0430\",\"item\":\"https:\\\/\\\/christinakosmeetika.ee\\\/et\\\/\"},{\"@type\":\"ListItem\",\"position\":2,\"name\":\"Pood\",\"item\":\"https:\\\/\\\/christinakosmeetika.ee\\\/et\\\/shop\\\/\"},{\"@type\":\"ListItem\",\"position\":3,\"name\":\"ILLUSTRIOUS Absolute Bright 30 ml CHR505\"}]},{\"@type\":\"WebSite\",\"@id\":\"https:\\\/\\\/christinakosmeetika.ee\\\/#website\",\"url\":\"https:\\\/\\\/christinakosmeetika.ee\\\/\",\"name\":\"Christinakosmeetika\",\"description\":\"Christina kosmeetika Eestis\",\"alternateName\":\"Christina kosmeetika Eestis\",\"potentialAction\":[{\"@type\":\"SearchAction\",\"target\":{\"@type\":\"EntryPoint\",\"urlTemplate\":\"https:\\\/\\\/christinakosmeetika.ee\\\/?s={search_term_string}\"},\"query-input\":{\"@type\":\"PropertyValueSpecification\",\"valueRequired\":true,\"valueName\":\"search_term_string\"}}],\"inLanguage\":\"et\"}]}<\/script>\n<!-- \/ Yoast SEO plugin. -->","yoast_head_json":{"title":"ILLUSTRIOUS Absolute Bright 30 ml CHR505 - Christinakosmeetika","description":"\u00dchtlustab nahatooni, parandab elastsust, v\u00e4hendab ja ennetab tumedate laikude teket, tugevdab kapillaare ning suurendab naha kohalikku immuunsust.","robots":{"index":"index","follow":"follow","max-snippet":"max-snippet:-1","max-image-preview":"max-image-preview:large","max-video-preview":"max-video-preview:-1"},"canonical":"https:\/\/christinakosmeetika.ee\/product\/christina-illustriou-absolute-bright-30-ml\/","og_locale":"et_EE","og_type":"article","og_title":"ILLUSTRIOUS Absolute Bright 30 ml CHR505 - Christinakosmeetika","og_description":"\u00dchtlustab nahatooni, parandab elastsust, v\u00e4hendab ja ennetab tumedate laikude teket, tugevdab kapillaare ning suurendab naha kohalikku immuunsust.","og_url":"https:\/\/christinakosmeetika.ee\/product\/christina-illustriou-absolute-bright-30-ml\/","og_site_name":"Christinakosmeetika","article_modified_time":"2026-04-15T18:42:51+00:00","og_image":[{"width":500,"height":500,"url":"https:\/\/christinakosmeetika.ee\/wp-content\/uploads\/2021\/04\/Ab500.png","type":"image\/png"}],"twitter_card":"summary_large_image","twitter_misc":{"Est. reading time":"1 minut"},"schema":{"@context":"https:\/\/schema.org","@graph":[{"@type":"WebPage","@id":"https:\/\/christinakosmeetika.ee\/product\/christina-illustriou-absolute-bright-30-ml\/","url":"https:\/\/christinakosmeetika.ee\/product\/christina-illustriou-absolute-bright-30-ml\/","name":"ILLUSTRIOUS Absolute Bright 30 ml CHR505 - Christinakosmeetika","isPartOf":{"@id":"https:\/\/christinakosmeetika.ee\/#website"},"primaryImageOfPage":{"@id":"https:\/\/christinakosmeetika.ee\/product\/christina-illustriou-absolute-bright-30-ml\/#primaryimage"},"image":{"@id":"https:\/\/christinakosmeetika.ee\/product\/christina-illustriou-absolute-bright-30-ml\/#primaryimage"},"thumbnailUrl":"https:\/\/christinakosmeetika.ee\/wp-content\/uploads\/2021\/04\/Ab500.png","datePublished":"2021-04-28T18:47:28+00:00","dateModified":"2026-04-15T18:42:51+00:00","description":"\u00dchtlustab nahatooni, parandab elastsust, v\u00e4hendab ja ennetab tumedate laikude teket, tugevdab kapillaare ning suurendab naha kohalikku immuunsust.","breadcrumb":{"@id":"https:\/\/christinakosmeetika.ee\/product\/christina-illustriou-absolute-bright-30-ml\/#breadcrumb"},"inLanguage":"et","potentialAction":[{"@type":"ReadAction","target":["https:\/\/christinakosmeetika.ee\/product\/christina-illustriou-absolute-bright-30-ml\/"]}]},{"@type":"ImageObject","inLanguage":"et","@id":"https:\/\/christinakosmeetika.ee\/product\/christina-illustriou-absolute-bright-30-ml\/#primaryimage","url":"https:\/\/christinakosmeetika.ee\/wp-content\/uploads\/2021\/04\/Ab500.png","contentUrl":"https:\/\/christinakosmeetika.ee\/wp-content\/uploads\/2021\/04\/Ab500.png","width":500,"height":500},{"@type":"BreadcrumbList","@id":"https:\/\/christinakosmeetika.ee\/product\/christina-illustriou-absolute-bright-30-ml\/#breadcrumb","itemListElement":[{"@type":"ListItem","position":1,"name":"\u0413\u043b\u0430\u0432\u043d\u0430\u044f \u0441\u0442\u0440\u0430\u043d\u0438\u0446\u0430","item":"https:\/\/christinakosmeetika.ee\/et\/"},{"@type":"ListItem","position":2,"name":"Pood","item":"https:\/\/christinakosmeetika.ee\/et\/shop\/"},{"@type":"ListItem","position":3,"name":"ILLUSTRIOUS Absolute Bright 30 ml CHR505"}]},{"@type":"WebSite","@id":"https:\/\/christinakosmeetika.ee\/#website","url":"https:\/\/christinakosmeetika.ee\/","name":"Christinakosmeetika","description":"Christina kosmeetika Eestis","alternateName":"Christina kosmeetika Eestis","potentialAction":[{"@type":"SearchAction","target":{"@type":"EntryPoint","urlTemplate":"https:\/\/christinakosmeetika.ee\/?s={search_term_string}"},"query-input":{"@type":"PropertyValueSpecification","valueRequired":true,"valueName":"search_term_string"}}],"inLanguage":"et"}]}},"_links":{"self":[{"href":"https:\/\/christinakosmeetika.ee\/et\/wp-json\/wp\/v2\/product\/5291","targetHints":{"allow":["GET"]}}],"collection":[{"href":"https:\/\/christinakosmeetika.ee\/et\/wp-json\/wp\/v2\/product"}],"about":[{"href":"https:\/\/christinakosmeetika.ee\/et\/wp-json\/wp\/v2\/types\/product"}],"wp:featuredmedia":[{"embeddable":true,"href":"https:\/\/christinakosmeetika.ee\/et\/wp-json\/wp\/v2\/media\/8957"}],"wp:attachment":[{"href":"https:\/\/christinakosmeetika.ee\/et\/wp-json\/wp\/v2\/media?parent=5291"}],"wp:term":[{"taxonomy":"product_brand","embeddable":true,"href":"https:\/\/christinakosmeetika.ee\/et\/wp-json\/wp\/v2\/product_brand?post=5291"},{"taxonomy":"product_cat","embeddable":true,"href":"https:\/\/christinakosmeetika.ee\/et\/wp-json\/wp\/v2\/product_cat?post=5291"},{"taxonomy":"product_tag","embeddable":true,"href":"https:\/\/christinakosmeetika.ee\/et\/wp-json\/wp\/v2\/product_tag?post=5291"}],"curies":[{"name":"wp","href":"https:\/\/api.w.org\/{rel}","templated":true}]}}