{"id":5278,"date":"2021-05-13T11:11:50","date_gmt":"2021-05-13T11:11:50","guid":{"rendered":"https:\/\/christinakosmeetika.ee\/product\/forever-young-purifying-toner-et\/"},"modified":"2026-04-15T12:02:31","modified_gmt":"2026-04-15T09:02:31","slug":"forever-young-purifying-toner-et","status":"publish","type":"product","link":"https:\/\/christinakosmeetika.ee\/et\/toode\/forever-young-purifying-toner-et\/","title":{"rendered":"FOREVER YOUNG Purifying Toner 300ml CHR389"},"content":{"rendered":"<section class=\"av_textblock_section \">\n<div class=\"avia_textblock \">\n<p>Puhastav toonik Christina Forever Young Purifying Toner niisutab intensiivselt nahka, normaliseerib niiskustasakaalu, kiirendab rakkude taastumist, leevendab p\u00f5letikke, punetust ja muid dermatoloogilisi ilminguid. See nahahooldustooted t\u00f5husalt puhastab nahka, eemaldades mustuse ja \u00fcleliigse naha rasu, andes sellele tervisliku s\u00e4ra ja hooldatud v\u00e4limuse. See toonik omab rahustavaid, v\u00e4rskendavaid, p\u00f5letikuvastaseid, toniseerivaid ja pleegitavaid omadusi.<\/p>\n<p>Leeliselise toonikuga on v\u00f5imalik t\u00e4ielikult eemaldada meigi j\u00e4\u00e4gid ja liigne rasu nahalt. Taastab naha loomuliku pH tasakaalu. Toonik sisaldab taimseid koostisosi, mis t\u00f5husalt puhastavad nahka, omavad pehmendavat toimet ja leevendavad \u00e4rritust. See ei sisalda alkoholi ning sobib tundlikule ja kuivale nahale, j\u00e4ttes naha v\u00e4rskendatuks ja niisutatuks.<\/p>\n<\/div>\n<\/section>\n<section class=\"av_textblock_section \">\n<div class=\"avia_textblock \">\n<p><strong>Kasutusjuhised:<\/strong> Kandke preparaat vatipadjale ja puhastage nahk. Soovitatav on kasutada kaks korda p\u00e4evas p\u00e4rast naha puhastamist.<\/p>\n<p><strong>Koostis:<\/strong><\/p>\n<\/div>\n<\/section>\n<section class=\"av_textblock_section \">\n<div class=\"avia_textblock \">\n<p>Deionized Water (Aqua), Butylene Glycol, Quillaja Saponaria Bark Extract, Saponaria Officinalis Leaf Extract, Hamamelis Virginiana (Wich Hazel) Extract, Glycerin, Caprylyl\/Capryl Glucoside, Polysorbate-20, Phenoxyethanol&amp;, Ethylhexylglycerin, Fragrance, Chlorphenesin, Lactic Acid, Blue-1 (CI 42090), D&amp;C Yellow No. 10 (CI 47005), D&amp;C Red No. 33 (CI 17200)<\/p>\n<\/div>\n<\/section>\n","protected":false},"excerpt":{"rendered":"<h4>Puhastav toonik<\/h4>\n","protected":false},"featured_media":5277,"template":"","meta":[],"product_brand":[],"product_cat":[483,185],"product_tag":[],"class_list":{"0":"post-5278","1":"product","2":"type-product","3":"status-publish","4":"has-post-thumbnail","6":"product_cat-forever-young-et","7":"product_cat-toonik","8":"product_shipping_class-smart-itella-post","9":"pa_linii-kosmetiki-forever-young-et","10":"pa_reshenie-problem-laienenud-poorid","11":"pa_reshenie-problem-saastunud-nahk","12":"pa_reshenie-problem-oline-laige","13":"pa_tip-kozi-kuiv-et","14":"pa_tip-kozi-normaalne-et","15":"pa_tip-preparata-toonik","17":"first","18":"instock","19":"taxable","20":"shipping-taxable","21":"purchasable","22":"product-type-simple"},"yoast_head":"<!-- This site is optimized with the Yoast SEO plugin v27.5 - https:\/\/yoast.com\/product\/yoast-seo-wordpress\/ -->\n<title>FOREVER YOUNG Purifying Toner 300ml CHR389 - Christinakosmeetika<\/title>\n<meta name=\"description\" content=\"See on nahahooldustoode, mis puhastab naha t\u00f5husalt, eemaldades mustuse ja liigse rasu ning annab nahale terve s\u00e4ra ja hoolitsetud v\u00e4limuse.\" \/>\n<meta name=\"robots\" content=\"index, follow, max-snippet:-1, max-image-preview:large, max-video-preview:-1\" \/>\n<link rel=\"canonical\" href=\"https:\/\/christinakosmeetika.ee\/product\/forever-young-purifying-toner\/\" \/>\n<meta property=\"og:locale\" content=\"et_EE\" \/>\n<meta property=\"og:type\" content=\"article\" \/>\n<meta property=\"og:title\" content=\"FOREVER YOUNG Purifying Toner 300ml CHR389 - Christinakosmeetika\" \/>\n<meta property=\"og:description\" content=\"See on nahahooldustoode, mis puhastab naha t\u00f5husalt, eemaldades mustuse ja liigse rasu ning annab nahale terve s\u00e4ra ja hoolitsetud v\u00e4limuse.\" \/>\n<meta property=\"og:url\" content=\"https:\/\/christinakosmeetika.ee\/product\/forever-young-purifying-toner\/\" \/>\n<meta property=\"og:site_name\" content=\"Christinakosmeetika\" \/>\n<meta property=\"article:modified_time\" content=\"2026-04-15T09:02:31+00:00\" \/>\n<meta property=\"og:image\" content=\"https:\/\/christinakosmeetika.ee\/wp-content\/uploads\/2021\/05\/Purifying-Toner-450-2.jpg\" \/>\n\t<meta property=\"og:image:width\" content=\"450\" \/>\n\t<meta property=\"og:image:height\" content=\"450\" \/>\n\t<meta property=\"og:image:type\" content=\"image\/jpeg\" \/>\n<meta name=\"twitter:card\" content=\"summary_large_image\" \/>\n<meta name=\"twitter:label1\" content=\"Est. reading time\" \/>\n\t<meta name=\"twitter:data1\" content=\"1 minut\" \/>\n<script type=\"application\/ld+json\" class=\"yoast-schema-graph\">{\"@context\":\"https:\\\/\\\/schema.org\",\"@graph\":[{\"@type\":\"WebPage\",\"@id\":\"https:\\\/\\\/christinakosmeetika.ee\\\/product\\\/forever-young-purifying-toner\\\/\",\"url\":\"https:\\\/\\\/christinakosmeetika.ee\\\/product\\\/forever-young-purifying-toner\\\/\",\"name\":\"FOREVER YOUNG Purifying Toner 300ml CHR389 - Christinakosmeetika\",\"isPartOf\":{\"@id\":\"https:\\\/\\\/christinakosmeetika.ee\\\/#website\"},\"primaryImageOfPage\":{\"@id\":\"https:\\\/\\\/christinakosmeetika.ee\\\/product\\\/forever-young-purifying-toner\\\/#primaryimage\"},\"image\":{\"@id\":\"https:\\\/\\\/christinakosmeetika.ee\\\/product\\\/forever-young-purifying-toner\\\/#primaryimage\"},\"thumbnailUrl\":\"https:\\\/\\\/christinakosmeetika.ee\\\/wp-content\\\/uploads\\\/2021\\\/05\\\/Purifying-Toner-450-2.jpg\",\"datePublished\":\"2021-05-13T11:11:50+00:00\",\"dateModified\":\"2026-04-15T09:02:31+00:00\",\"description\":\"See on nahahooldustoode, mis puhastab naha t\u00f5husalt, eemaldades mustuse ja liigse rasu ning annab nahale terve s\u00e4ra ja hoolitsetud v\u00e4limuse.\",\"breadcrumb\":{\"@id\":\"https:\\\/\\\/christinakosmeetika.ee\\\/product\\\/forever-young-purifying-toner\\\/#breadcrumb\"},\"inLanguage\":\"et\",\"potentialAction\":[{\"@type\":\"ReadAction\",\"target\":[\"https:\\\/\\\/christinakosmeetika.ee\\\/product\\\/forever-young-purifying-toner\\\/\"]}]},{\"@type\":\"ImageObject\",\"inLanguage\":\"et\",\"@id\":\"https:\\\/\\\/christinakosmeetika.ee\\\/product\\\/forever-young-purifying-toner\\\/#primaryimage\",\"url\":\"https:\\\/\\\/christinakosmeetika.ee\\\/wp-content\\\/uploads\\\/2021\\\/05\\\/Purifying-Toner-450-2.jpg\",\"contentUrl\":\"https:\\\/\\\/christinakosmeetika.ee\\\/wp-content\\\/uploads\\\/2021\\\/05\\\/Purifying-Toner-450-2.jpg\",\"width\":450,\"height\":450},{\"@type\":\"BreadcrumbList\",\"@id\":\"https:\\\/\\\/christinakosmeetika.ee\\\/product\\\/forever-young-purifying-toner\\\/#breadcrumb\",\"itemListElement\":[{\"@type\":\"ListItem\",\"position\":1,\"name\":\"\u0413\u043b\u0430\u0432\u043d\u0430\u044f \u0441\u0442\u0440\u0430\u043d\u0438\u0446\u0430\",\"item\":\"https:\\\/\\\/christinakosmeetika.ee\\\/et\\\/\"},{\"@type\":\"ListItem\",\"position\":2,\"name\":\"Pood\",\"item\":\"https:\\\/\\\/christinakosmeetika.ee\\\/et\\\/shop\\\/\"},{\"@type\":\"ListItem\",\"position\":3,\"name\":\"FOREVER YOUNG Purifying Toner 300ml CHR389\"}]},{\"@type\":\"WebSite\",\"@id\":\"https:\\\/\\\/christinakosmeetika.ee\\\/#website\",\"url\":\"https:\\\/\\\/christinakosmeetika.ee\\\/\",\"name\":\"Christinakosmeetika\",\"description\":\"Christina kosmeetika Eestis\",\"alternateName\":\"Christina kosmeetika Eestis\",\"potentialAction\":[{\"@type\":\"SearchAction\",\"target\":{\"@type\":\"EntryPoint\",\"urlTemplate\":\"https:\\\/\\\/christinakosmeetika.ee\\\/?s={search_term_string}\"},\"query-input\":{\"@type\":\"PropertyValueSpecification\",\"valueRequired\":true,\"valueName\":\"search_term_string\"}}],\"inLanguage\":\"et\"}]}<\/script>\n<!-- \/ Yoast SEO plugin. -->","yoast_head_json":{"title":"FOREVER YOUNG Purifying Toner 300ml CHR389 - Christinakosmeetika","description":"See on nahahooldustoode, mis puhastab naha t\u00f5husalt, eemaldades mustuse ja liigse rasu ning annab nahale terve s\u00e4ra ja hoolitsetud v\u00e4limuse.","robots":{"index":"index","follow":"follow","max-snippet":"max-snippet:-1","max-image-preview":"max-image-preview:large","max-video-preview":"max-video-preview:-1"},"canonical":"https:\/\/christinakosmeetika.ee\/product\/forever-young-purifying-toner\/","og_locale":"et_EE","og_type":"article","og_title":"FOREVER YOUNG Purifying Toner 300ml CHR389 - Christinakosmeetika","og_description":"See on nahahooldustoode, mis puhastab naha t\u00f5husalt, eemaldades mustuse ja liigse rasu ning annab nahale terve s\u00e4ra ja hoolitsetud v\u00e4limuse.","og_url":"https:\/\/christinakosmeetika.ee\/product\/forever-young-purifying-toner\/","og_site_name":"Christinakosmeetika","article_modified_time":"2026-04-15T09:02:31+00:00","og_image":[{"width":450,"height":450,"url":"https:\/\/christinakosmeetika.ee\/wp-content\/uploads\/2021\/05\/Purifying-Toner-450-2.jpg","type":"image\/jpeg"}],"twitter_card":"summary_large_image","twitter_misc":{"Est. reading time":"1 minut"},"schema":{"@context":"https:\/\/schema.org","@graph":[{"@type":"WebPage","@id":"https:\/\/christinakosmeetika.ee\/product\/forever-young-purifying-toner\/","url":"https:\/\/christinakosmeetika.ee\/product\/forever-young-purifying-toner\/","name":"FOREVER YOUNG Purifying Toner 300ml CHR389 - Christinakosmeetika","isPartOf":{"@id":"https:\/\/christinakosmeetika.ee\/#website"},"primaryImageOfPage":{"@id":"https:\/\/christinakosmeetika.ee\/product\/forever-young-purifying-toner\/#primaryimage"},"image":{"@id":"https:\/\/christinakosmeetika.ee\/product\/forever-young-purifying-toner\/#primaryimage"},"thumbnailUrl":"https:\/\/christinakosmeetika.ee\/wp-content\/uploads\/2021\/05\/Purifying-Toner-450-2.jpg","datePublished":"2021-05-13T11:11:50+00:00","dateModified":"2026-04-15T09:02:31+00:00","description":"See on nahahooldustoode, mis puhastab naha t\u00f5husalt, eemaldades mustuse ja liigse rasu ning annab nahale terve s\u00e4ra ja hoolitsetud v\u00e4limuse.","breadcrumb":{"@id":"https:\/\/christinakosmeetika.ee\/product\/forever-young-purifying-toner\/#breadcrumb"},"inLanguage":"et","potentialAction":[{"@type":"ReadAction","target":["https:\/\/christinakosmeetika.ee\/product\/forever-young-purifying-toner\/"]}]},{"@type":"ImageObject","inLanguage":"et","@id":"https:\/\/christinakosmeetika.ee\/product\/forever-young-purifying-toner\/#primaryimage","url":"https:\/\/christinakosmeetika.ee\/wp-content\/uploads\/2021\/05\/Purifying-Toner-450-2.jpg","contentUrl":"https:\/\/christinakosmeetika.ee\/wp-content\/uploads\/2021\/05\/Purifying-Toner-450-2.jpg","width":450,"height":450},{"@type":"BreadcrumbList","@id":"https:\/\/christinakosmeetika.ee\/product\/forever-young-purifying-toner\/#breadcrumb","itemListElement":[{"@type":"ListItem","position":1,"name":"\u0413\u043b\u0430\u0432\u043d\u0430\u044f \u0441\u0442\u0440\u0430\u043d\u0438\u0446\u0430","item":"https:\/\/christinakosmeetika.ee\/et\/"},{"@type":"ListItem","position":2,"name":"Pood","item":"https:\/\/christinakosmeetika.ee\/et\/shop\/"},{"@type":"ListItem","position":3,"name":"FOREVER YOUNG Purifying Toner 300ml CHR389"}]},{"@type":"WebSite","@id":"https:\/\/christinakosmeetika.ee\/#website","url":"https:\/\/christinakosmeetika.ee\/","name":"Christinakosmeetika","description":"Christina kosmeetika Eestis","alternateName":"Christina kosmeetika Eestis","potentialAction":[{"@type":"SearchAction","target":{"@type":"EntryPoint","urlTemplate":"https:\/\/christinakosmeetika.ee\/?s={search_term_string}"},"query-input":{"@type":"PropertyValueSpecification","valueRequired":true,"valueName":"search_term_string"}}],"inLanguage":"et"}]}},"_links":{"self":[{"href":"https:\/\/christinakosmeetika.ee\/et\/wp-json\/wp\/v2\/product\/5278","targetHints":{"allow":["GET"]}}],"collection":[{"href":"https:\/\/christinakosmeetika.ee\/et\/wp-json\/wp\/v2\/product"}],"about":[{"href":"https:\/\/christinakosmeetika.ee\/et\/wp-json\/wp\/v2\/types\/product"}],"wp:featuredmedia":[{"embeddable":true,"href":"https:\/\/christinakosmeetika.ee\/et\/wp-json\/wp\/v2\/media\/5277"}],"wp:attachment":[{"href":"https:\/\/christinakosmeetika.ee\/et\/wp-json\/wp\/v2\/media?parent=5278"}],"wp:term":[{"taxonomy":"product_brand","embeddable":true,"href":"https:\/\/christinakosmeetika.ee\/et\/wp-json\/wp\/v2\/product_brand?post=5278"},{"taxonomy":"product_cat","embeddable":true,"href":"https:\/\/christinakosmeetika.ee\/et\/wp-json\/wp\/v2\/product_cat?post=5278"},{"taxonomy":"product_tag","embeddable":true,"href":"https:\/\/christinakosmeetika.ee\/et\/wp-json\/wp\/v2\/product_tag?post=5278"}],"curies":[{"name":"wp","href":"https:\/\/api.w.org\/{rel}","templated":true}]}}