{"id":5213,"date":"2023-05-12T04:25:18","date_gmt":"2023-05-12T04:25:18","guid":{"rendered":"https:\/\/christinakosmeetika.ee\/?post_type=product&#038;p=5213"},"modified":"2026-04-15T15:43:41","modified_gmt":"2026-04-15T12:43:41","slug":"bio-phyto-mild-facial-cleanser-et-2","status":"publish","type":"product","link":"https:\/\/christinakosmeetika.ee\/et\/toode\/bio-phyto-mild-facial-cleanser-et-2\/","title":{"rendered":"BIO PHYTO Mild Facial Cleanser 250ml CHR573"},"content":{"rendered":"<section class=\"av_textblock_section \">\n<div class=\"avia_textblock \">\n<section class=\"av_textblock_section \">\n<div class=\"avia_textblock \">\n<section class=\"av_textblock_section \">\n<div class=\"avia_textblock \">\n<p data-start=\"403\" data-end=\"696\"><strong>Christina Bio Phyto Mild Facial Cleanser<\/strong> on \u00f5rn n\u00e4opesugeel, mis on loodud naha igap\u00e4evaseks puhastamiseks ilma seda \u00e4rritamata v\u00f5i kuivatamata. Taimsete ekstraktidega rikastatud koostis aitab eemaldada mustuse, liigse rasu ja meigij\u00e4\u00e4gid, valmistades naha ette j\u00e4rgnevateks hooldusetappideks.<\/p>\n<p data-start=\"698\" data-end=\"933\">Geel puhastab nahka delikaatselt, s\u00e4ilitades samal ajal naha loomuliku tasakaalu. See ei sisalda agressiivseid puhastavaid komponente ning sobib h\u00e4sti tundlikule nahale, mis kipub punetama v\u00f5i reageerima tugevatele puhastusvahenditele.<\/p>\n<p data-start=\"935\" data-end=\"1094\">Hamamelise, kurgi ja rohelise tee ekstraktid aitavad nahka v\u00e4rskendada, toetavad naha tasakaalu ning aitavad v\u00e4hendada naha reaktsiooni v\u00e4listele \u00e4rritajatele.<\/p>\n<p data-start=\"1096\" data-end=\"1280\">Kerge geeljas tekstuur puhastab nahka \u00f5rnalt ja j\u00e4tab naha puhtaks, v\u00e4rskeks ning mugava tundega. Nahk on p\u00e4rast pesemist valmis j\u00e4rgnevateks hooldustoodeteks nagu seerumid ja kreemid.<\/p>\n<p data-start=\"1282\" data-end=\"1386\">Toode sobib igap\u00e4evaseks kasutamiseks ning on eriti hea valik tundlikule ja punetusele kalduvale nahale.<\/p>\n<hr data-start=\"1388\" data-end=\"1391\" \/>\n<h2 data-section-id=\"1rxt5mb\" data-start=\"1393\" data-end=\"1406\">Kasutamine<\/h2>\n<p data-start=\"1408\" data-end=\"1545\">Kanna v\u00e4ike kogus geeli niiskele n\u00e4o-, kaela- ja dekolteepiirkonna nahale.<br data-start=\"1482\" data-end=\"1485\" \/>Masseeri \u00f5rnade liigutustega ja loputa seej\u00e4rel sooja veega.<\/p>\n<p data-start=\"1547\" data-end=\"1583\">Kasuta iga p\u00e4ev \u2014 hommikul ja \u00f5htul.<\/p>\n<p><strong>Koostis:<\/strong><\/p>\n<\/div>\n<\/section>\n<section class=\"av_textblock_section \">\n<div class=\"avia_textblock \">\n<p>Deionized water (Aqua), Glycerin, Sodium Coceth Sulfate, Hydroxyethylcellulose, Ethylhexylglycerin&amp;, Phenoxyethanol, PEG-40 Castor Oil, Citric Acid, Triethanolamine, Caprylyl Glycol, Chlorphenesin, Fragrance&amp;, Benzyl Salicylate&amp;, Butylphenyl Methylpropional&amp;, Geraniol&amp;, Hexyl Cinnamal&amp;, Limonene&amp;, Amyl Cinnamal, Hamamelis Virginiana (Witch Hazel) Bark\/Leaf\/Twig Extract&amp;,\u00a0 SD Alcohol 40, Cucumis Sativus (Cucumber) Fruit Extract&amp;, Butylene Glycol, Camellia Sinensis Leaf Extract,\u00a0chlorophyllin-copper complex<\/p>\n<p><img loading=\"lazy\" decoding=\"async\" class=\"size-medium wp-image-10353 alignleft\" src=\"https:\/\/christinakosmeetika.ee\/wp-content\/uploads\/2025\/12\/20251227_1142_Minimalist-Skincare-Display_remix_01kdfjym9sf1mthax4yzx6ybff-1-200x300.png\" alt=\"\" width=\"200\" height=\"300\" srcset=\"https:\/\/christinakosmeetika.ee\/wp-content\/uploads\/2025\/12\/20251227_1142_Minimalist-Skincare-Display_remix_01kdfjym9sf1mthax4yzx6ybff-1-200x300.png 200w, https:\/\/christinakosmeetika.ee\/wp-content\/uploads\/2025\/12\/20251227_1142_Minimalist-Skincare-Display_remix_01kdfjym9sf1mthax4yzx6ybff-1-600x900.png 600w, https:\/\/christinakosmeetika.ee\/wp-content\/uploads\/2025\/12\/20251227_1142_Minimalist-Skincare-Display_remix_01kdfjym9sf1mthax4yzx6ybff-1-64x96.png 64w, https:\/\/christinakosmeetika.ee\/wp-content\/uploads\/2025\/12\/20251227_1142_Minimalist-Skincare-Display_remix_01kdfjym9sf1mthax4yzx6ybff-1-687x1030.png 687w, https:\/\/christinakosmeetika.ee\/wp-content\/uploads\/2025\/12\/20251227_1142_Minimalist-Skincare-Display_remix_01kdfjym9sf1mthax4yzx6ybff-1-768x1152.png 768w, https:\/\/christinakosmeetika.ee\/wp-content\/uploads\/2025\/12\/20251227_1142_Minimalist-Skincare-Display_remix_01kdfjym9sf1mthax4yzx6ybff-1-1000x1500.png 1000w, https:\/\/christinakosmeetika.ee\/wp-content\/uploads\/2025\/12\/20251227_1142_Minimalist-Skincare-Display_remix_01kdfjym9sf1mthax4yzx6ybff-1-470x705.png 470w, https:\/\/christinakosmeetika.ee\/wp-content\/uploads\/2025\/12\/20251227_1142_Minimalist-Skincare-Display_remix_01kdfjym9sf1mthax4yzx6ybff-1-450x675.png 450w, https:\/\/christinakosmeetika.ee\/wp-content\/uploads\/2025\/12\/20251227_1142_Minimalist-Skincare-Display_remix_01kdfjym9sf1mthax4yzx6ybff-1.png 1024w\" sizes=\"auto, (max-width: 200px) 100vw, 200px\" \/><\/p>\n<div class=\"flex flex-col text-sm pb-25\">\n<article class=\"text-token-text-primary w-full focus:outline-none [--shadow-height:45px] has-data-writing-block:pointer-events-none has-data-writing-block:-mt-(--shadow-height) has-data-writing-block:pt-(--shadow-height) [&amp;:has([data-writing-block])&gt;*]:pointer-events-auto scroll-mt-[calc(var(--header-height)+min(200px,max(70px,20svh)))]\" dir=\"auto\" tabindex=\"-1\" data-turn-id=\"request-WEB:6541f2cb-e3cb-4bfe-ba86-f51f6b8d49bf-85\" data-testid=\"conversation-turn-106\" data-scroll-anchor=\"true\" data-turn=\"assistant\">\n<div class=\"text-base my-auto mx-auto pb-10 [--thread-content-margin:var(--thread-content-margin-xs,calc(var(--spacing)*4))] @w-sm\/main:[--thread-content-margin:var(--thread-content-margin-sm,calc(var(--spacing)*6))] @w-lg\/main:[--thread-content-margin:var(--thread-content-margin-lg,calc(var(--spacing)*16))] px-(--thread-content-margin)\">\n<div class=\"[--thread-content-max-width:40rem] @w-lg\/main:[--thread-content-max-width:48rem] mx-auto max-w-(--thread-content-max-width) flex-1 group\/turn-messages focus-visible:outline-hidden relative flex w-full min-w-0 flex-col agent-turn\" tabindex=\"-1\">\n<div class=\"flex max-w-full flex-col gap-4 grow\">\n<div class=\"min-h-8 text-message relative flex w-full flex-col items-end gap-2 text-start break-words whitespace-normal [.text-message+&amp;]:mt-1\" dir=\"auto\" data-message-author-role=\"assistant\" data-message-id=\"a87d1dcf-c36b-423d-a3e4-ae2a5a18df8e\" data-message-model-slug=\"gpt-5-3\">\n<div class=\"flex w-full flex-col gap-1 empty:hidden\">\n<div class=\"markdown prose dark:prose-invert w-full wrap-break-word light markdown-new-styling\">\n<h2 data-section-id=\"yhusxb\" data-start=\"1590\" data-end=\"1653\"><a href=\"https:\/\/christinakosmeetika.ee\/et\/mild-cleansing-philosophy\/?lang=et\">Miks v\u00f5ib nahk p\u00e4rast pesemist muutuda kuivaks ja tundlikuks<\/a><\/h2>\n<p data-start=\"1655\" data-end=\"1739\">Paljud m\u00e4rkavad, et p\u00e4rast n\u00e4opesu muutub nahk kuivaks, pingul v\u00f5i isegi punetavaks.<\/p>\n<p data-start=\"1741\" data-end=\"1953\">Sageli juhtub see siis, kui puhastusvahend eemaldab nahalt mitte ainult mustuse, vaid ka osa naha loomulikust kaitsekihist. Selle tulemusena muutub nahk tundlikumaks ja reageerib kergemini v\u00e4listele \u00e4rritajatele.<\/p>\n<p data-start=\"1955\" data-end=\"2088\">Bio Phyto Mild Facial Cleanser on loodud \u00f5rnaks puhastamiseks \u2014 et eemaldada mustus ja meik ilma naha loomulikku tasakaalu rikkumata.<\/p>\n<p data-start=\"2090\" data-end=\"2205\" data-is-last-node=\"\" data-is-only-node=\"\"><a href=\"https:\/\/christinakosmeetika.ee\/et\/mild-cleansing-philosophy\/?lang=et\">\ud83d\udc49 <strong data-start=\"2093\" data-end=\"2205\" data-is-last-node=\"\">Miks on \u00f5rn puhastamine naha jaoks oluline ja kuidas valida tundlikule nahale sobiv n\u00e4opesugeel \u2014 loe edasi\u2026<\/strong><\/a><\/p>\n<\/div>\n<\/div>\n<\/div>\n<\/div>\n<div class=\"z-0 flex min-h-[46px] justify-start\"><\/div>\n<\/div>\n<\/div>\n<\/article>\n<\/div>\n<\/div>\n<\/section>\n<\/div>\n<\/section>\n<\/div>\n<\/section>\n","protected":false},"excerpt":{"rendered":"<h2 data-start=\"55\" data-end=\"150\">\u00d5rn n\u00e4opesugeel igap\u00e4evaseks puhastamiseks Bio Phyto Mild Facial Cleanser<\/h2>\n<p data-start=\"113\" data-end=\"148\"><strong>Aitab j\u00e4rgmiste probleemide korral:<\/strong><\/p>\n<p data-start=\"150\" data-end=\"303\">\u2022 tundlik nahk<br data-start=\"164\" data-end=\"167\" \/>\u2022 naha punetus ja \u00e4rritus<br data-start=\"192\" data-end=\"195\" \/>\u2022 naha kuivus p\u00e4rast pesemist<br data-start=\"224\" data-end=\"227\" \/>\u2022 mustus ja meigij\u00e4\u00e4gid nahal<br data-start=\"256\" data-end=\"259\" \/>\u2022 vajadus \u00f5rna igap\u00e4evase puhastuse j\u00e4rele<\/p>\n<div class=\"special-heading-border\"><\/div>\n","protected":false},"featured_media":8934,"template":"","meta":[],"product_brand":[],"product_cat":[481,147],"product_tag":[],"class_list":{"0":"post-5213","1":"product","2":"type-product","3":"status-publish","4":"has-post-thumbnail","6":"product_cat-biophyto-et","7":"product_cat-geel-et","8":"product_shipping_class-smart-itella-post","9":"pa_linii-kosmetiki-bio-phyto-et","10":"pa_reshenie-problem-saastunud-nahk","11":"pa_reshenie-problem-oline-laige","12":"pa_tip-kozi-koik-nahatuubid-et","13":"pa_tip-kozi-kombi-et","14":"pa_tip-kozi-kuiv-et","15":"pa_tip-kozi-normaalne-et","16":"pa_tip-kozi-rasvane-et","17":"pa_tip-preparata-geel","18":"pa_vremja-primenenija-oine","19":"pa_vremja-primenenija-paevane","21":"first","22":"instock","23":"taxable","24":"shipping-taxable","25":"purchasable","26":"product-type-simple"},"yoast_head":"<!-- This site is optimized with the Yoast SEO plugin v27.5 - https:\/\/yoast.com\/product\/yoast-seo-wordpress\/ -->\n<title>\u00d5rn n\u00e4opesugeel | Bio Phyto Mild Facial Cleanser<\/title>\n<meta name=\"description\" content=\"\u00d5rnalt puhastab nahka pinnalistest mustustest ja meigist, valmistades selle ette j\u00e4rgnevate hooldusetappide jaoks, kartmata nahka vigastada v\u00f5i \u00fcle kuivatada.\" \/>\n<meta name=\"robots\" content=\"index, follow, max-snippet:-1, max-image-preview:large, max-video-preview:-1\" \/>\n<link rel=\"canonical\" href=\"https:\/\/christinakosmeetika.ee\/product\/bio-phyto-mild-facial-cleanser\/\" \/>\n<meta property=\"og:locale\" content=\"et_EE\" \/>\n<meta property=\"og:type\" content=\"article\" \/>\n<meta property=\"og:title\" content=\"\u00d5rn n\u00e4opesugeel | Bio Phyto Mild Facial Cleanser\" \/>\n<meta property=\"og:description\" content=\"\u00d5rnalt puhastab nahka pinnalistest mustustest ja meigist, valmistades selle ette j\u00e4rgnevate hooldusetappide jaoks, kartmata nahka vigastada v\u00f5i \u00fcle kuivatada.\" \/>\n<meta property=\"og:url\" content=\"https:\/\/christinakosmeetika.ee\/product\/bio-phyto-mild-facial-cleanser\/\" \/>\n<meta property=\"og:site_name\" content=\"Christinakosmeetika\" \/>\n<meta property=\"article:modified_time\" content=\"2026-04-15T12:43:41+00:00\" \/>\n<meta property=\"og:image\" content=\"https:\/\/christinakosmeetika.ee\/wp-content\/uploads\/2023\/05\/Mild-Facial-Cleanser-1030x1030-1.png\" \/>\n\t<meta property=\"og:image:width\" content=\"1030\" \/>\n\t<meta property=\"og:image:height\" content=\"1030\" \/>\n\t<meta property=\"og:image:type\" content=\"image\/png\" \/>\n<meta name=\"twitter:card\" content=\"summary_large_image\" \/>\n<meta name=\"twitter:label1\" content=\"Est. reading time\" \/>\n\t<meta name=\"twitter:data1\" content=\"2 minutit\" \/>\n<script type=\"application\/ld+json\" class=\"yoast-schema-graph\">{\"@context\":\"https:\\\/\\\/schema.org\",\"@graph\":[{\"@type\":\"WebPage\",\"@id\":\"https:\\\/\\\/christinakosmeetika.ee\\\/product\\\/bio-phyto-mild-facial-cleanser\\\/\",\"url\":\"https:\\\/\\\/christinakosmeetika.ee\\\/product\\\/bio-phyto-mild-facial-cleanser\\\/\",\"name\":\"\u00d5rn n\u00e4opesugeel | Bio Phyto Mild Facial Cleanser\",\"isPartOf\":{\"@id\":\"https:\\\/\\\/christinakosmeetika.ee\\\/#website\"},\"primaryImageOfPage\":{\"@id\":\"https:\\\/\\\/christinakosmeetika.ee\\\/product\\\/bio-phyto-mild-facial-cleanser\\\/#primaryimage\"},\"image\":{\"@id\":\"https:\\\/\\\/christinakosmeetika.ee\\\/product\\\/bio-phyto-mild-facial-cleanser\\\/#primaryimage\"},\"thumbnailUrl\":\"https:\\\/\\\/christinakosmeetika.ee\\\/wp-content\\\/uploads\\\/2023\\\/05\\\/Mild-Facial-Cleanser-1030x1030-1.png\",\"datePublished\":\"2023-05-12T04:25:18+00:00\",\"dateModified\":\"2026-04-15T12:43:41+00:00\",\"description\":\"\u00d5rnalt puhastab nahka pinnalistest mustustest ja meigist, valmistades selle ette j\u00e4rgnevate hooldusetappide jaoks, kartmata nahka vigastada v\u00f5i \u00fcle kuivatada.\",\"breadcrumb\":{\"@id\":\"https:\\\/\\\/christinakosmeetika.ee\\\/product\\\/bio-phyto-mild-facial-cleanser\\\/#breadcrumb\"},\"inLanguage\":\"et\",\"potentialAction\":[{\"@type\":\"ReadAction\",\"target\":[\"https:\\\/\\\/christinakosmeetika.ee\\\/product\\\/bio-phyto-mild-facial-cleanser\\\/\"]}]},{\"@type\":\"ImageObject\",\"inLanguage\":\"et\",\"@id\":\"https:\\\/\\\/christinakosmeetika.ee\\\/product\\\/bio-phyto-mild-facial-cleanser\\\/#primaryimage\",\"url\":\"https:\\\/\\\/christinakosmeetika.ee\\\/wp-content\\\/uploads\\\/2023\\\/05\\\/Mild-Facial-Cleanser-1030x1030-1.png\",\"contentUrl\":\"https:\\\/\\\/christinakosmeetika.ee\\\/wp-content\\\/uploads\\\/2023\\\/05\\\/Mild-Facial-Cleanser-1030x1030-1.png\",\"width\":1030,\"height\":1030,\"caption\":\"Bio Phyto Mild Facial Cleanser \u00f5rn puhastusgeel n\u00e4ole\"},{\"@type\":\"BreadcrumbList\",\"@id\":\"https:\\\/\\\/christinakosmeetika.ee\\\/product\\\/bio-phyto-mild-facial-cleanser\\\/#breadcrumb\",\"itemListElement\":[{\"@type\":\"ListItem\",\"position\":1,\"name\":\"\u0413\u043b\u0430\u0432\u043d\u0430\u044f \u0441\u0442\u0440\u0430\u043d\u0438\u0446\u0430\",\"item\":\"https:\\\/\\\/christinakosmeetika.ee\\\/et\\\/\"},{\"@type\":\"ListItem\",\"position\":2,\"name\":\"Pood\",\"item\":\"https:\\\/\\\/christinakosmeetika.ee\\\/et\\\/shop\\\/\"},{\"@type\":\"ListItem\",\"position\":3,\"name\":\"BIO PHYTO Mild Facial Cleanser 250ml CHR573\"}]},{\"@type\":\"WebSite\",\"@id\":\"https:\\\/\\\/christinakosmeetika.ee\\\/#website\",\"url\":\"https:\\\/\\\/christinakosmeetika.ee\\\/\",\"name\":\"Christinakosmeetika\",\"description\":\"Christina kosmeetika Eestis\",\"alternateName\":\"Christina kosmeetika Eestis\",\"potentialAction\":[{\"@type\":\"SearchAction\",\"target\":{\"@type\":\"EntryPoint\",\"urlTemplate\":\"https:\\\/\\\/christinakosmeetika.ee\\\/?s={search_term_string}\"},\"query-input\":{\"@type\":\"PropertyValueSpecification\",\"valueRequired\":true,\"valueName\":\"search_term_string\"}}],\"inLanguage\":\"et\"}]}<\/script>\n<!-- \/ Yoast SEO plugin. -->","yoast_head_json":{"title":"\u00d5rn n\u00e4opesugeel | Bio Phyto Mild Facial Cleanser","description":"\u00d5rnalt puhastab nahka pinnalistest mustustest ja meigist, valmistades selle ette j\u00e4rgnevate hooldusetappide jaoks, kartmata nahka vigastada v\u00f5i \u00fcle kuivatada.","robots":{"index":"index","follow":"follow","max-snippet":"max-snippet:-1","max-image-preview":"max-image-preview:large","max-video-preview":"max-video-preview:-1"},"canonical":"https:\/\/christinakosmeetika.ee\/product\/bio-phyto-mild-facial-cleanser\/","og_locale":"et_EE","og_type":"article","og_title":"\u00d5rn n\u00e4opesugeel | Bio Phyto Mild Facial Cleanser","og_description":"\u00d5rnalt puhastab nahka pinnalistest mustustest ja meigist, valmistades selle ette j\u00e4rgnevate hooldusetappide jaoks, kartmata nahka vigastada v\u00f5i \u00fcle kuivatada.","og_url":"https:\/\/christinakosmeetika.ee\/product\/bio-phyto-mild-facial-cleanser\/","og_site_name":"Christinakosmeetika","article_modified_time":"2026-04-15T12:43:41+00:00","og_image":[{"width":1030,"height":1030,"url":"https:\/\/christinakosmeetika.ee\/wp-content\/uploads\/2023\/05\/Mild-Facial-Cleanser-1030x1030-1.png","type":"image\/png"}],"twitter_card":"summary_large_image","twitter_misc":{"Est. reading time":"2 minutit"},"schema":{"@context":"https:\/\/schema.org","@graph":[{"@type":"WebPage","@id":"https:\/\/christinakosmeetika.ee\/product\/bio-phyto-mild-facial-cleanser\/","url":"https:\/\/christinakosmeetika.ee\/product\/bio-phyto-mild-facial-cleanser\/","name":"\u00d5rn n\u00e4opesugeel | Bio Phyto Mild Facial Cleanser","isPartOf":{"@id":"https:\/\/christinakosmeetika.ee\/#website"},"primaryImageOfPage":{"@id":"https:\/\/christinakosmeetika.ee\/product\/bio-phyto-mild-facial-cleanser\/#primaryimage"},"image":{"@id":"https:\/\/christinakosmeetika.ee\/product\/bio-phyto-mild-facial-cleanser\/#primaryimage"},"thumbnailUrl":"https:\/\/christinakosmeetika.ee\/wp-content\/uploads\/2023\/05\/Mild-Facial-Cleanser-1030x1030-1.png","datePublished":"2023-05-12T04:25:18+00:00","dateModified":"2026-04-15T12:43:41+00:00","description":"\u00d5rnalt puhastab nahka pinnalistest mustustest ja meigist, valmistades selle ette j\u00e4rgnevate hooldusetappide jaoks, kartmata nahka vigastada v\u00f5i \u00fcle kuivatada.","breadcrumb":{"@id":"https:\/\/christinakosmeetika.ee\/product\/bio-phyto-mild-facial-cleanser\/#breadcrumb"},"inLanguage":"et","potentialAction":[{"@type":"ReadAction","target":["https:\/\/christinakosmeetika.ee\/product\/bio-phyto-mild-facial-cleanser\/"]}]},{"@type":"ImageObject","inLanguage":"et","@id":"https:\/\/christinakosmeetika.ee\/product\/bio-phyto-mild-facial-cleanser\/#primaryimage","url":"https:\/\/christinakosmeetika.ee\/wp-content\/uploads\/2023\/05\/Mild-Facial-Cleanser-1030x1030-1.png","contentUrl":"https:\/\/christinakosmeetika.ee\/wp-content\/uploads\/2023\/05\/Mild-Facial-Cleanser-1030x1030-1.png","width":1030,"height":1030,"caption":"Bio Phyto Mild Facial Cleanser \u00f5rn puhastusgeel n\u00e4ole"},{"@type":"BreadcrumbList","@id":"https:\/\/christinakosmeetika.ee\/product\/bio-phyto-mild-facial-cleanser\/#breadcrumb","itemListElement":[{"@type":"ListItem","position":1,"name":"\u0413\u043b\u0430\u0432\u043d\u0430\u044f \u0441\u0442\u0440\u0430\u043d\u0438\u0446\u0430","item":"https:\/\/christinakosmeetika.ee\/et\/"},{"@type":"ListItem","position":2,"name":"Pood","item":"https:\/\/christinakosmeetika.ee\/et\/shop\/"},{"@type":"ListItem","position":3,"name":"BIO PHYTO Mild Facial Cleanser 250ml CHR573"}]},{"@type":"WebSite","@id":"https:\/\/christinakosmeetika.ee\/#website","url":"https:\/\/christinakosmeetika.ee\/","name":"Christinakosmeetika","description":"Christina kosmeetika Eestis","alternateName":"Christina kosmeetika Eestis","potentialAction":[{"@type":"SearchAction","target":{"@type":"EntryPoint","urlTemplate":"https:\/\/christinakosmeetika.ee\/?s={search_term_string}"},"query-input":{"@type":"PropertyValueSpecification","valueRequired":true,"valueName":"search_term_string"}}],"inLanguage":"et"}]}},"_links":{"self":[{"href":"https:\/\/christinakosmeetika.ee\/et\/wp-json\/wp\/v2\/product\/5213","targetHints":{"allow":["GET"]}}],"collection":[{"href":"https:\/\/christinakosmeetika.ee\/et\/wp-json\/wp\/v2\/product"}],"about":[{"href":"https:\/\/christinakosmeetika.ee\/et\/wp-json\/wp\/v2\/types\/product"}],"wp:featuredmedia":[{"embeddable":true,"href":"https:\/\/christinakosmeetika.ee\/et\/wp-json\/wp\/v2\/media\/8934"}],"wp:attachment":[{"href":"https:\/\/christinakosmeetika.ee\/et\/wp-json\/wp\/v2\/media?parent=5213"}],"wp:term":[{"taxonomy":"product_brand","embeddable":true,"href":"https:\/\/christinakosmeetika.ee\/et\/wp-json\/wp\/v2\/product_brand?post=5213"},{"taxonomy":"product_cat","embeddable":true,"href":"https:\/\/christinakosmeetika.ee\/et\/wp-json\/wp\/v2\/product_cat?post=5213"},{"taxonomy":"product_tag","embeddable":true,"href":"https:\/\/christinakosmeetika.ee\/et\/wp-json\/wp\/v2\/product_tag?post=5213"}],"curies":[{"name":"wp","href":"https:\/\/api.w.org\/{rel}","templated":true}]}}