{"id":5204,"date":"2022-10-27T14:03:29","date_gmt":"2022-10-27T14:03:29","guid":{"rendered":"https:\/\/christinakosmeetika.ee\/product\/nutrient-wood-pulp-scrub-et\/"},"modified":"2026-04-15T15:14:52","modified_gmt":"2026-04-15T12:14:52","slug":"nutrient-wood-pulp-scrub-et","status":"publish","type":"product","link":"https:\/\/christinakosmeetika.ee\/et\/toode\/nutrient-wood-pulp-scrub-et\/","title":{"rendered":"Nutrient Wood Pulp Scrub 75ml CHR864"},"content":{"rendered":"<section>\n<p style=\"text-align: left;\">Kreemja tekstuuriga koorija \u00f5rnalt avab poorid, eemaldab nahapinnalt ja pooride s\u00fcgavusest mustuse, heledab jumet ning muudab naha siledaks, v\u00e4rskeks ja uuendatuks.<\/p>\n<p style=\"text-align: left;\">Sisaldab unikaalseid puukiu graanuleid &#8211; biolagunevaid osakesi, mis on rikkad tsitruseliste bioflavonoidide poolest. Need toimivad mitte ainult koorijana, vaid ka antioks\u00fcdandina, k\u00f5rvaldades UV-kiirguse negatiivsed m\u00f5jud. Tsitruseliste C-vitamiini t\u00f5ttu heledab nahka. Aasia p\u00e4rimuspuju ekstrakt on v\u00f5imas antioks\u00fcdant, mis sisaldab palju flavonoide ja aminohappeid. See stimuleerib mikrotsirkulatsiooni ning pakub noorendavat, niisutavat ja rahustavat toimet.<\/p>\n<p style=\"text-align: left;\"><strong>Kasutusjuhised:<\/strong><\/p>\n<p style=\"text-align: left;\">Kandke \u00f5hukese ja \u00fchtlase kihina n\u00e4ole ning masseerige. Loputage hoolikalt sooja veega. Mitte kasutada aknele!<\/p>\n<p style=\"text-align: left;\"><strong>Koostis:<\/strong><\/p>\n<\/section>\n<section>\n<p style=\"text-align: left;\">Deionized Water (Aqua), Cellulose Acetate, Glycerin, Caprylic\/Capric Triglyceride, Isocetyl Alcohol, Cetearyl Alcohol, Cera Alba, Cetearyl Glucoside, Pentylene Glycol, Hydroxyethyl Acrylate\/Sodium Acryloyldimethyl Taurate Copolymer, Butylene Glycol, Squalane, Caprylyl Glycol, Tocopheryl Acetate, Perfume, Triethanolamine, Sodium Myristyl Sulfate, Sodium Phytate,Menthol, Glucose, Polysorbate 60, Honokiol, Magnolol, Centella Asiatica Extract, Citrus Junos Peel Extract, Citrus Unshiu Peel Extract, Citrus Aurantium Amara Peel Extract, Hexyl Cinnamal,Hydroxycitronellal, Alpha-Isomethyl Ionone, Geraniol, Citronnellol.<\/p>\n<\/section>\n","protected":false},"excerpt":{"rendered":"<h4>Koorige tsitruseliste koore osakestega<\/h4>\n","protected":false},"featured_media":5766,"template":"","meta":[],"product_brand":[],"product_cat":[193],"product_tag":[],"class_list":{"0":"post-5204","1":"product","2":"type-product","3":"status-publish","4":"has-post-thumbnail","6":"product_cat-koorija-et","7":"product_shipping_class-smart-itella-post","8":"pa_akcii-skidki-allahindlused","9":"pa_linii-kosmetiki-line-repair-et","10":"pa_reshenie-problem-ebauhtlane-nahatekstuur","11":"pa_reshenie-problem-ebauhtlane-nahatoon","12":"pa_reshenie-problem-laienenud-poorid","13":"pa_tip-kozi-koik-nahatuubid-et","14":"pa_tip-kozi-kombi-et","15":"pa_tip-kozi-kuiv-et","16":"pa_tip-kozi-normaalne-et","17":"pa_tip-kozi-rasvane-et","18":"pa_tip-preparata-koorija-et","19":"pa_vremja-primenenija-oine","20":"pa_vremja-primenenija-paevane","22":"first","23":"instock","24":"sale","25":"taxable","26":"shipping-taxable","27":"purchasable","28":"product-type-simple"},"yoast_head":"<!-- This site is optimized with the Yoast SEO plugin v27.5 - https:\/\/yoast.com\/product\/yoast-seo-wordpress\/ -->\n<title>Nutrient Wood Pulp Scrub 75ml CHR864 - Christinakosmeetika<\/title>\n<meta name=\"description\" content=\"Koorija avab \u00f5rnalt poorid, eemaldab mustuse naha pinnalt ja pooride s\u00fcgavusest, helendab nahatooni ning muudab naha siledaks, v\u00e4rskeks ja uuenenuks.\" \/>\n<meta name=\"robots\" content=\"index, follow, max-snippet:-1, max-image-preview:large, max-video-preview:-1\" \/>\n<link rel=\"canonical\" href=\"https:\/\/christinakosmeetika.ee\/et\/toode\/nutrient-wood-pulp-scrub-et\/\" \/>\n<meta property=\"og:locale\" content=\"et_EE\" \/>\n<meta property=\"og:type\" content=\"article\" \/>\n<meta property=\"og:title\" content=\"Nutrient Wood Pulp Scrub 75ml CHR864 - Christinakosmeetika\" \/>\n<meta property=\"og:description\" content=\"Koorija avab \u00f5rnalt poorid, eemaldab mustuse naha pinnalt ja pooride s\u00fcgavusest, helendab nahatooni ning muudab naha siledaks, v\u00e4rskeks ja uuenenuks.\" \/>\n<meta property=\"og:url\" content=\"https:\/\/christinakosmeetika.ee\/et\/toode\/nutrient-wood-pulp-scrub-et\/\" \/>\n<meta property=\"og:site_name\" content=\"Christinakosmeetika\" \/>\n<meta property=\"article:modified_time\" content=\"2026-04-15T12:14:52+00:00\" \/>\n<meta property=\"og:image\" content=\"https:\/\/christinakosmeetika.ee\/wp-content\/uploads\/2022\/10\/Nutrient-Wood-Pulp-Scrub500.png\" \/>\n\t<meta property=\"og:image:width\" content=\"500\" \/>\n\t<meta property=\"og:image:height\" content=\"500\" \/>\n\t<meta property=\"og:image:type\" content=\"image\/png\" \/>\n<meta name=\"twitter:card\" content=\"summary_large_image\" \/>\n<meta name=\"twitter:label1\" content=\"Est. reading time\" \/>\n\t<meta name=\"twitter:data1\" content=\"1 minut\" \/>\n<script type=\"application\/ld+json\" class=\"yoast-schema-graph\">{\"@context\":\"https:\\\/\\\/schema.org\",\"@graph\":[{\"@type\":\"WebPage\",\"@id\":\"https:\\\/\\\/christinakosmeetika.ee\\\/et\\\/toode\\\/nutrient-wood-pulp-scrub-et\\\/\",\"url\":\"https:\\\/\\\/christinakosmeetika.ee\\\/et\\\/toode\\\/nutrient-wood-pulp-scrub-et\\\/\",\"name\":\"Nutrient Wood Pulp Scrub 75ml CHR864 - Christinakosmeetika\",\"isPartOf\":{\"@id\":\"https:\\\/\\\/christinakosmeetika.ee\\\/#website\"},\"primaryImageOfPage\":{\"@id\":\"https:\\\/\\\/christinakosmeetika.ee\\\/et\\\/toode\\\/nutrient-wood-pulp-scrub-et\\\/#primaryimage\"},\"image\":{\"@id\":\"https:\\\/\\\/christinakosmeetika.ee\\\/et\\\/toode\\\/nutrient-wood-pulp-scrub-et\\\/#primaryimage\"},\"thumbnailUrl\":\"https:\\\/\\\/christinakosmeetika.ee\\\/wp-content\\\/uploads\\\/2022\\\/10\\\/Nutrient-Wood-Pulp-Scrub500.png\",\"datePublished\":\"2022-10-27T14:03:29+00:00\",\"dateModified\":\"2026-04-15T12:14:52+00:00\",\"description\":\"Koorija avab \u00f5rnalt poorid, eemaldab mustuse naha pinnalt ja pooride s\u00fcgavusest, helendab nahatooni ning muudab naha siledaks, v\u00e4rskeks ja uuenenuks.\",\"breadcrumb\":{\"@id\":\"https:\\\/\\\/christinakosmeetika.ee\\\/et\\\/toode\\\/nutrient-wood-pulp-scrub-et\\\/#breadcrumb\"},\"inLanguage\":\"et\",\"potentialAction\":[{\"@type\":\"ReadAction\",\"target\":[\"https:\\\/\\\/christinakosmeetika.ee\\\/et\\\/toode\\\/nutrient-wood-pulp-scrub-et\\\/\"]}]},{\"@type\":\"ImageObject\",\"inLanguage\":\"et\",\"@id\":\"https:\\\/\\\/christinakosmeetika.ee\\\/et\\\/toode\\\/nutrient-wood-pulp-scrub-et\\\/#primaryimage\",\"url\":\"https:\\\/\\\/christinakosmeetika.ee\\\/wp-content\\\/uploads\\\/2022\\\/10\\\/Nutrient-Wood-Pulp-Scrub500.png\",\"contentUrl\":\"https:\\\/\\\/christinakosmeetika.ee\\\/wp-content\\\/uploads\\\/2022\\\/10\\\/Nutrient-Wood-Pulp-Scrub500.png\",\"width\":500,\"height\":500},{\"@type\":\"BreadcrumbList\",\"@id\":\"https:\\\/\\\/christinakosmeetika.ee\\\/et\\\/toode\\\/nutrient-wood-pulp-scrub-et\\\/#breadcrumb\",\"itemListElement\":[{\"@type\":\"ListItem\",\"position\":1,\"name\":\"\u0413\u043b\u0430\u0432\u043d\u0430\u044f \u0441\u0442\u0440\u0430\u043d\u0438\u0446\u0430\",\"item\":\"https:\\\/\\\/christinakosmeetika.ee\\\/et\\\/\"},{\"@type\":\"ListItem\",\"position\":2,\"name\":\"Pood\",\"item\":\"https:\\\/\\\/christinakosmeetika.ee\\\/et\\\/shop\\\/\"},{\"@type\":\"ListItem\",\"position\":3,\"name\":\"Nutrient Wood Pulp Scrub 75ml CHR864\"}]},{\"@type\":\"WebSite\",\"@id\":\"https:\\\/\\\/christinakosmeetika.ee\\\/#website\",\"url\":\"https:\\\/\\\/christinakosmeetika.ee\\\/\",\"name\":\"Christinakosmeetika\",\"description\":\"Christina kosmeetika Eestis\",\"alternateName\":\"Christina kosmeetika Eestis\",\"potentialAction\":[{\"@type\":\"SearchAction\",\"target\":{\"@type\":\"EntryPoint\",\"urlTemplate\":\"https:\\\/\\\/christinakosmeetika.ee\\\/?s={search_term_string}\"},\"query-input\":{\"@type\":\"PropertyValueSpecification\",\"valueRequired\":true,\"valueName\":\"search_term_string\"}}],\"inLanguage\":\"et\"}]}<\/script>\n<!-- \/ Yoast SEO plugin. -->","yoast_head_json":{"title":"Nutrient Wood Pulp Scrub 75ml CHR864 - Christinakosmeetika","description":"Koorija avab \u00f5rnalt poorid, eemaldab mustuse naha pinnalt ja pooride s\u00fcgavusest, helendab nahatooni ning muudab naha siledaks, v\u00e4rskeks ja uuenenuks.","robots":{"index":"index","follow":"follow","max-snippet":"max-snippet:-1","max-image-preview":"max-image-preview:large","max-video-preview":"max-video-preview:-1"},"canonical":"https:\/\/christinakosmeetika.ee\/et\/toode\/nutrient-wood-pulp-scrub-et\/","og_locale":"et_EE","og_type":"article","og_title":"Nutrient Wood Pulp Scrub 75ml CHR864 - Christinakosmeetika","og_description":"Koorija avab \u00f5rnalt poorid, eemaldab mustuse naha pinnalt ja pooride s\u00fcgavusest, helendab nahatooni ning muudab naha siledaks, v\u00e4rskeks ja uuenenuks.","og_url":"https:\/\/christinakosmeetika.ee\/et\/toode\/nutrient-wood-pulp-scrub-et\/","og_site_name":"Christinakosmeetika","article_modified_time":"2026-04-15T12:14:52+00:00","og_image":[{"width":500,"height":500,"url":"https:\/\/christinakosmeetika.ee\/wp-content\/uploads\/2022\/10\/Nutrient-Wood-Pulp-Scrub500.png","type":"image\/png"}],"twitter_card":"summary_large_image","twitter_misc":{"Est. reading time":"1 minut"},"schema":{"@context":"https:\/\/schema.org","@graph":[{"@type":"WebPage","@id":"https:\/\/christinakosmeetika.ee\/et\/toode\/nutrient-wood-pulp-scrub-et\/","url":"https:\/\/christinakosmeetika.ee\/et\/toode\/nutrient-wood-pulp-scrub-et\/","name":"Nutrient Wood Pulp Scrub 75ml CHR864 - Christinakosmeetika","isPartOf":{"@id":"https:\/\/christinakosmeetika.ee\/#website"},"primaryImageOfPage":{"@id":"https:\/\/christinakosmeetika.ee\/et\/toode\/nutrient-wood-pulp-scrub-et\/#primaryimage"},"image":{"@id":"https:\/\/christinakosmeetika.ee\/et\/toode\/nutrient-wood-pulp-scrub-et\/#primaryimage"},"thumbnailUrl":"https:\/\/christinakosmeetika.ee\/wp-content\/uploads\/2022\/10\/Nutrient-Wood-Pulp-Scrub500.png","datePublished":"2022-10-27T14:03:29+00:00","dateModified":"2026-04-15T12:14:52+00:00","description":"Koorija avab \u00f5rnalt poorid, eemaldab mustuse naha pinnalt ja pooride s\u00fcgavusest, helendab nahatooni ning muudab naha siledaks, v\u00e4rskeks ja uuenenuks.","breadcrumb":{"@id":"https:\/\/christinakosmeetika.ee\/et\/toode\/nutrient-wood-pulp-scrub-et\/#breadcrumb"},"inLanguage":"et","potentialAction":[{"@type":"ReadAction","target":["https:\/\/christinakosmeetika.ee\/et\/toode\/nutrient-wood-pulp-scrub-et\/"]}]},{"@type":"ImageObject","inLanguage":"et","@id":"https:\/\/christinakosmeetika.ee\/et\/toode\/nutrient-wood-pulp-scrub-et\/#primaryimage","url":"https:\/\/christinakosmeetika.ee\/wp-content\/uploads\/2022\/10\/Nutrient-Wood-Pulp-Scrub500.png","contentUrl":"https:\/\/christinakosmeetika.ee\/wp-content\/uploads\/2022\/10\/Nutrient-Wood-Pulp-Scrub500.png","width":500,"height":500},{"@type":"BreadcrumbList","@id":"https:\/\/christinakosmeetika.ee\/et\/toode\/nutrient-wood-pulp-scrub-et\/#breadcrumb","itemListElement":[{"@type":"ListItem","position":1,"name":"\u0413\u043b\u0430\u0432\u043d\u0430\u044f \u0441\u0442\u0440\u0430\u043d\u0438\u0446\u0430","item":"https:\/\/christinakosmeetika.ee\/et\/"},{"@type":"ListItem","position":2,"name":"Pood","item":"https:\/\/christinakosmeetika.ee\/et\/shop\/"},{"@type":"ListItem","position":3,"name":"Nutrient Wood Pulp Scrub 75ml CHR864"}]},{"@type":"WebSite","@id":"https:\/\/christinakosmeetika.ee\/#website","url":"https:\/\/christinakosmeetika.ee\/","name":"Christinakosmeetika","description":"Christina kosmeetika Eestis","alternateName":"Christina kosmeetika Eestis","potentialAction":[{"@type":"SearchAction","target":{"@type":"EntryPoint","urlTemplate":"https:\/\/christinakosmeetika.ee\/?s={search_term_string}"},"query-input":{"@type":"PropertyValueSpecification","valueRequired":true,"valueName":"search_term_string"}}],"inLanguage":"et"}]}},"_links":{"self":[{"href":"https:\/\/christinakosmeetika.ee\/et\/wp-json\/wp\/v2\/product\/5204","targetHints":{"allow":["GET"]}}],"collection":[{"href":"https:\/\/christinakosmeetika.ee\/et\/wp-json\/wp\/v2\/product"}],"about":[{"href":"https:\/\/christinakosmeetika.ee\/et\/wp-json\/wp\/v2\/types\/product"}],"wp:featuredmedia":[{"embeddable":true,"href":"https:\/\/christinakosmeetika.ee\/et\/wp-json\/wp\/v2\/media\/5766"}],"wp:attachment":[{"href":"https:\/\/christinakosmeetika.ee\/et\/wp-json\/wp\/v2\/media?parent=5204"}],"wp:term":[{"taxonomy":"product_brand","embeddable":true,"href":"https:\/\/christinakosmeetika.ee\/et\/wp-json\/wp\/v2\/product_brand?post=5204"},{"taxonomy":"product_cat","embeddable":true,"href":"https:\/\/christinakosmeetika.ee\/et\/wp-json\/wp\/v2\/product_cat?post=5204"},{"taxonomy":"product_tag","embeddable":true,"href":"https:\/\/christinakosmeetika.ee\/et\/wp-json\/wp\/v2\/product_tag?post=5204"}],"curies":[{"name":"wp","href":"https:\/\/api.w.org\/{rel}","templated":true}]}}