{"id":5202,"date":"2022-10-27T18:52:45","date_gmt":"2022-10-27T18:52:45","guid":{"rendered":"https:\/\/christinakosmeetika.ee\/product\/nutrient-pure-natural-cleanser-et\/"},"modified":"2026-04-15T15:16:29","modified_gmt":"2026-04-15T12:16:29","slug":"nutrient-pure-natural-cleanser-et","status":"publish","type":"product","link":"https:\/\/christinakosmeetika.ee\/et\/toode\/nutrient-pure-natural-cleanser-et\/","title":{"rendered":"Nutrient Pure Natural Cleanser 250ml CHR862"},"content":{"rendered":"<p style=\"text-align: left;\"><strong>Kerge puhastav geel.<\/strong> Eemaldab kergelt ja \u00f5rnalt meigi, liigse rasu ja mustuse. Annab nahale mugavuse ja v\u00e4rskuse, s\u00e4ilitades tasakaalu.<\/p>\n<p style=\"text-align: left;\">Kale&#8217;i ja rohelise tee ekstraktide t\u00e4nu vitamiinidele ja mineraalidele rikkalikuks omanemisel omab antioks\u00fcdantset, p\u00f5letikuvastast ja detoks-efekti. Witch hazel ekstrakt rahustab, omab antibakteriaalseid omadusi. See parandab naha kahjustusi ja ahendab poore. Tsitruseliste ekstrakt on aktiivne koostisosa, rikas bioflavonoidide ja antioks\u00fcdantide poolest.<\/p>\n<p style=\"text-align: left;\"><strong>Kasutusjuhend:<\/strong><\/p>\n<p style=\"text-align: left;\">Kandke v\u00e4ike kogus toodet n\u00e4ole ja kaelale, seej\u00e4rel loputage sooja veega.<\/p>\n<p style=\"text-align: left;\"><strong>Koostis:<\/strong><\/p>\n<p style=\"text-align: left;\">Deionized Water (Aqua), Glycerin, Decyl Glucoside, Sd Alcohol 40, Polysorbate 20, Urea, Pentylene Glycol, Hydroxyethylcellulose, Hamamelis Virginiana (Witch Hazel) Extract, Butylene Glycol , Citric Acid, Caprylyl Glycol, Perfume, Panthenol, Sodium Phytate, Cucumis Sativus (Cucumber) Fruit Extract, Menthol, Honokiol, Magnolol, Brassica Oleracea Acephala Leaf Extract, Benzyl Alcohol, Camellia Sinensis Leaf Extract, Citrus Junos Peel Extract, Citrus Unshiu Peel Extract, Citrus Aurantium Amara Peel Extract, Sodium Benzoate, Dehydroacetic Acid, Fd&amp;C Yellow No. 5 (Ci 19140), Fd&amp;C Blue No. 1 (Ci 42090), Hexyl Cinnamal, Hydroxycitronellal, Alpha-Isomethyl Ionone, Geraniol, Citronnellol.<\/p>\n","protected":false},"excerpt":{"rendered":"<h4>Kerge looduslik puhastusgeel<\/h4>\n","protected":false},"featured_media":5427,"template":"","meta":[],"product_brand":[],"product_cat":[147],"product_tag":[],"class_list":{"0":"post-5202","1":"product","2":"type-product","3":"status-publish","4":"has-post-thumbnail","6":"product_cat-geel-et","7":"product_shipping_class-smart-itella-post","8":"pa_linii-kosmetiki-line-repair-et","9":"pa_reshenie-problem-ebauhtlane-nahatoon","10":"pa_reshenie-problem-suhost","11":"pa_reshenie-problem-kuperoz","12":"pa_reshenie-problem-saastunud-nahk","13":"pa_reshenie-problem-chuvstvitelnaja-koza","14":"pa_reshenie-problem-vananemise-margid","15":"pa_tip-kozi-koik-nahatuubid-et","16":"pa_tip-kozi-kombi-et","17":"pa_tip-kozi-kuiv-et","18":"pa_tip-kozi-normaalne-et","19":"pa_tip-kozi-rasvane-et","20":"pa_tip-preparata-geel","21":"pa_vremja-primenenija-oine","22":"pa_vremja-primenenija-paevane","24":"first","25":"instock","26":"taxable","27":"shipping-taxable","28":"purchasable","29":"product-type-simple"},"yoast_head":"<!-- This site is optimized with the Yoast SEO plugin v27.5 - https:\/\/yoast.com\/product\/yoast-seo-wordpress\/ -->\n<title>Nutrient Pure Natural Cleanser \u2013 looduslik puhastav geel<\/title>\n<meta name=\"description\" content=\"Looduslik puhastav geel n\u00f5iapuu ja kurgi ekstraktidega. Eemaldab \u00f5rnalt mustuse, rahustab nahka ja s\u00e4ilitab selle loomuliku tasakaalu.\" \/>\n<meta name=\"robots\" content=\"index, follow, max-snippet:-1, max-image-preview:large, max-video-preview:-1\" \/>\n<link rel=\"canonical\" href=\"https:\/\/christinakosmeetika.ee\/product\/nutrient-pure-natural-cleanser\/\" \/>\n<meta property=\"og:locale\" content=\"et_EE\" \/>\n<meta property=\"og:type\" content=\"article\" \/>\n<meta property=\"og:title\" content=\"Nutrient Pure Natural Cleanser \u2013 looduslik puhastav geel\" \/>\n<meta property=\"og:description\" content=\"Looduslik puhastav geel n\u00f5iapuu ja kurgi ekstraktidega. Eemaldab \u00f5rnalt mustuse, rahustab nahka ja s\u00e4ilitab selle loomuliku tasakaalu.\" \/>\n<meta property=\"og:url\" content=\"https:\/\/christinakosmeetika.ee\/product\/nutrient-pure-natural-cleanser\/\" \/>\n<meta property=\"og:site_name\" content=\"Christinakosmeetika\" \/>\n<meta property=\"article:modified_time\" content=\"2026-04-15T12:16:29+00:00\" \/>\n<meta property=\"og:image\" content=\"https:\/\/christinakosmeetika.ee\/wp-content\/uploads\/2022\/10\/LR_NUTRI_-Pure-Natural-Cleanser450.jpg\" \/>\n\t<meta property=\"og:image:width\" content=\"450\" \/>\n\t<meta property=\"og:image:height\" content=\"450\" \/>\n\t<meta property=\"og:image:type\" content=\"image\/jpeg\" \/>\n<meta name=\"twitter:card\" content=\"summary_large_image\" \/>\n<meta name=\"twitter:label1\" content=\"Est. reading time\" \/>\n\t<meta name=\"twitter:data1\" content=\"1 minut\" \/>\n<script type=\"application\/ld+json\" class=\"yoast-schema-graph\">{\"@context\":\"https:\\\/\\\/schema.org\",\"@graph\":[{\"@type\":\"WebPage\",\"@id\":\"https:\\\/\\\/christinakosmeetika.ee\\\/product\\\/nutrient-pure-natural-cleanser\\\/\",\"url\":\"https:\\\/\\\/christinakosmeetika.ee\\\/product\\\/nutrient-pure-natural-cleanser\\\/\",\"name\":\"Nutrient Pure Natural Cleanser \u2013 looduslik puhastav geel\",\"isPartOf\":{\"@id\":\"https:\\\/\\\/christinakosmeetika.ee\\\/#website\"},\"primaryImageOfPage\":{\"@id\":\"https:\\\/\\\/christinakosmeetika.ee\\\/product\\\/nutrient-pure-natural-cleanser\\\/#primaryimage\"},\"image\":{\"@id\":\"https:\\\/\\\/christinakosmeetika.ee\\\/product\\\/nutrient-pure-natural-cleanser\\\/#primaryimage\"},\"thumbnailUrl\":\"https:\\\/\\\/christinakosmeetika.ee\\\/wp-content\\\/uploads\\\/2022\\\/10\\\/LR_NUTRI_-Pure-Natural-Cleanser450.jpg\",\"datePublished\":\"2022-10-27T18:52:45+00:00\",\"dateModified\":\"2026-04-15T12:16:29+00:00\",\"description\":\"Looduslik puhastav geel n\u00f5iapuu ja kurgi ekstraktidega. Eemaldab \u00f5rnalt mustuse, rahustab nahka ja s\u00e4ilitab selle loomuliku tasakaalu.\",\"breadcrumb\":{\"@id\":\"https:\\\/\\\/christinakosmeetika.ee\\\/product\\\/nutrient-pure-natural-cleanser\\\/#breadcrumb\"},\"inLanguage\":\"et\",\"potentialAction\":[{\"@type\":\"ReadAction\",\"target\":[\"https:\\\/\\\/christinakosmeetika.ee\\\/product\\\/nutrient-pure-natural-cleanser\\\/\"]}]},{\"@type\":\"ImageObject\",\"inLanguage\":\"et\",\"@id\":\"https:\\\/\\\/christinakosmeetika.ee\\\/product\\\/nutrient-pure-natural-cleanser\\\/#primaryimage\",\"url\":\"https:\\\/\\\/christinakosmeetika.ee\\\/wp-content\\\/uploads\\\/2022\\\/10\\\/LR_NUTRI_-Pure-Natural-Cleanser450.jpg\",\"contentUrl\":\"https:\\\/\\\/christinakosmeetika.ee\\\/wp-content\\\/uploads\\\/2022\\\/10\\\/LR_NUTRI_-Pure-Natural-Cleanser450.jpg\",\"width\":450,\"height\":450},{\"@type\":\"BreadcrumbList\",\"@id\":\"https:\\\/\\\/christinakosmeetika.ee\\\/product\\\/nutrient-pure-natural-cleanser\\\/#breadcrumb\",\"itemListElement\":[{\"@type\":\"ListItem\",\"position\":1,\"name\":\"\u0413\u043b\u0430\u0432\u043d\u0430\u044f \u0441\u0442\u0440\u0430\u043d\u0438\u0446\u0430\",\"item\":\"https:\\\/\\\/christinakosmeetika.ee\\\/et\\\/\"},{\"@type\":\"ListItem\",\"position\":2,\"name\":\"Pood\",\"item\":\"https:\\\/\\\/christinakosmeetika.ee\\\/et\\\/shop\\\/\"},{\"@type\":\"ListItem\",\"position\":3,\"name\":\"Nutrient Pure Natural Cleanser 250ml CHR862\"}]},{\"@type\":\"WebSite\",\"@id\":\"https:\\\/\\\/christinakosmeetika.ee\\\/#website\",\"url\":\"https:\\\/\\\/christinakosmeetika.ee\\\/\",\"name\":\"Christinakosmeetika\",\"description\":\"Christina kosmeetika Eestis\",\"alternateName\":\"Christina kosmeetika Eestis\",\"potentialAction\":[{\"@type\":\"SearchAction\",\"target\":{\"@type\":\"EntryPoint\",\"urlTemplate\":\"https:\\\/\\\/christinakosmeetika.ee\\\/?s={search_term_string}\"},\"query-input\":{\"@type\":\"PropertyValueSpecification\",\"valueRequired\":true,\"valueName\":\"search_term_string\"}}],\"inLanguage\":\"et\"}]}<\/script>\n<!-- \/ Yoast SEO plugin. -->","yoast_head_json":{"title":"Nutrient Pure Natural Cleanser \u2013 looduslik puhastav geel","description":"Looduslik puhastav geel n\u00f5iapuu ja kurgi ekstraktidega. Eemaldab \u00f5rnalt mustuse, rahustab nahka ja s\u00e4ilitab selle loomuliku tasakaalu.","robots":{"index":"index","follow":"follow","max-snippet":"max-snippet:-1","max-image-preview":"max-image-preview:large","max-video-preview":"max-video-preview:-1"},"canonical":"https:\/\/christinakosmeetika.ee\/product\/nutrient-pure-natural-cleanser\/","og_locale":"et_EE","og_type":"article","og_title":"Nutrient Pure Natural Cleanser \u2013 looduslik puhastav geel","og_description":"Looduslik puhastav geel n\u00f5iapuu ja kurgi ekstraktidega. Eemaldab \u00f5rnalt mustuse, rahustab nahka ja s\u00e4ilitab selle loomuliku tasakaalu.","og_url":"https:\/\/christinakosmeetika.ee\/product\/nutrient-pure-natural-cleanser\/","og_site_name":"Christinakosmeetika","article_modified_time":"2026-04-15T12:16:29+00:00","og_image":[{"width":450,"height":450,"url":"https:\/\/christinakosmeetika.ee\/wp-content\/uploads\/2022\/10\/LR_NUTRI_-Pure-Natural-Cleanser450.jpg","type":"image\/jpeg"}],"twitter_card":"summary_large_image","twitter_misc":{"Est. reading time":"1 minut"},"schema":{"@context":"https:\/\/schema.org","@graph":[{"@type":"WebPage","@id":"https:\/\/christinakosmeetika.ee\/product\/nutrient-pure-natural-cleanser\/","url":"https:\/\/christinakosmeetika.ee\/product\/nutrient-pure-natural-cleanser\/","name":"Nutrient Pure Natural Cleanser \u2013 looduslik puhastav geel","isPartOf":{"@id":"https:\/\/christinakosmeetika.ee\/#website"},"primaryImageOfPage":{"@id":"https:\/\/christinakosmeetika.ee\/product\/nutrient-pure-natural-cleanser\/#primaryimage"},"image":{"@id":"https:\/\/christinakosmeetika.ee\/product\/nutrient-pure-natural-cleanser\/#primaryimage"},"thumbnailUrl":"https:\/\/christinakosmeetika.ee\/wp-content\/uploads\/2022\/10\/LR_NUTRI_-Pure-Natural-Cleanser450.jpg","datePublished":"2022-10-27T18:52:45+00:00","dateModified":"2026-04-15T12:16:29+00:00","description":"Looduslik puhastav geel n\u00f5iapuu ja kurgi ekstraktidega. Eemaldab \u00f5rnalt mustuse, rahustab nahka ja s\u00e4ilitab selle loomuliku tasakaalu.","breadcrumb":{"@id":"https:\/\/christinakosmeetika.ee\/product\/nutrient-pure-natural-cleanser\/#breadcrumb"},"inLanguage":"et","potentialAction":[{"@type":"ReadAction","target":["https:\/\/christinakosmeetika.ee\/product\/nutrient-pure-natural-cleanser\/"]}]},{"@type":"ImageObject","inLanguage":"et","@id":"https:\/\/christinakosmeetika.ee\/product\/nutrient-pure-natural-cleanser\/#primaryimage","url":"https:\/\/christinakosmeetika.ee\/wp-content\/uploads\/2022\/10\/LR_NUTRI_-Pure-Natural-Cleanser450.jpg","contentUrl":"https:\/\/christinakosmeetika.ee\/wp-content\/uploads\/2022\/10\/LR_NUTRI_-Pure-Natural-Cleanser450.jpg","width":450,"height":450},{"@type":"BreadcrumbList","@id":"https:\/\/christinakosmeetika.ee\/product\/nutrient-pure-natural-cleanser\/#breadcrumb","itemListElement":[{"@type":"ListItem","position":1,"name":"\u0413\u043b\u0430\u0432\u043d\u0430\u044f \u0441\u0442\u0440\u0430\u043d\u0438\u0446\u0430","item":"https:\/\/christinakosmeetika.ee\/et\/"},{"@type":"ListItem","position":2,"name":"Pood","item":"https:\/\/christinakosmeetika.ee\/et\/shop\/"},{"@type":"ListItem","position":3,"name":"Nutrient Pure Natural Cleanser 250ml CHR862"}]},{"@type":"WebSite","@id":"https:\/\/christinakosmeetika.ee\/#website","url":"https:\/\/christinakosmeetika.ee\/","name":"Christinakosmeetika","description":"Christina kosmeetika Eestis","alternateName":"Christina kosmeetika Eestis","potentialAction":[{"@type":"SearchAction","target":{"@type":"EntryPoint","urlTemplate":"https:\/\/christinakosmeetika.ee\/?s={search_term_string}"},"query-input":{"@type":"PropertyValueSpecification","valueRequired":true,"valueName":"search_term_string"}}],"inLanguage":"et"}]}},"_links":{"self":[{"href":"https:\/\/christinakosmeetika.ee\/et\/wp-json\/wp\/v2\/product\/5202","targetHints":{"allow":["GET"]}}],"collection":[{"href":"https:\/\/christinakosmeetika.ee\/et\/wp-json\/wp\/v2\/product"}],"about":[{"href":"https:\/\/christinakosmeetika.ee\/et\/wp-json\/wp\/v2\/types\/product"}],"wp:featuredmedia":[{"embeddable":true,"href":"https:\/\/christinakosmeetika.ee\/et\/wp-json\/wp\/v2\/media\/5427"}],"wp:attachment":[{"href":"https:\/\/christinakosmeetika.ee\/et\/wp-json\/wp\/v2\/media?parent=5202"}],"wp:term":[{"taxonomy":"product_brand","embeddable":true,"href":"https:\/\/christinakosmeetika.ee\/et\/wp-json\/wp\/v2\/product_brand?post=5202"},{"taxonomy":"product_cat","embeddable":true,"href":"https:\/\/christinakosmeetika.ee\/et\/wp-json\/wp\/v2\/product_cat?post=5202"},{"taxonomy":"product_tag","embeddable":true,"href":"https:\/\/christinakosmeetika.ee\/et\/wp-json\/wp\/v2\/product_tag?post=5202"}],"curies":[{"name":"wp","href":"https:\/\/api.w.org\/{rel}","templated":true}]}}