{"id":5201,"date":"2022-10-27T13:15:47","date_gmt":"2022-10-27T13:15:47","guid":{"rendered":"https:\/\/christinakosmeetika.ee\/product\/nutrient-niacinamide-night-cream-et\/"},"modified":"2026-04-15T12:41:04","modified_gmt":"2026-04-15T09:41:04","slug":"nutrient-niacinamide-night-cream-et","status":"publish","type":"product","link":"https:\/\/christinakosmeetika.ee\/et\/toode\/nutrient-niacinamide-night-cream-et\/","title":{"rendered":"Nutrient Niacinamide Night Cream 60ml CHR868"},"content":{"rendered":"<div>\n<p style=\"text-align: left;\">Noorendav \u00f6\u00f6kreem toidab, niisutab ja taastab nahka s\u00fcgavuti. Anti-aging kompleks mereh\u00fcdrol\u00fc\u00fcsitud kollageeni, elastiini, meeekstrakti ja t\u00f5stab nahatoonust ning muudab naha siledaks. Bakuchiol, looduslik alternatiiv retinoolile, ennetab kortsude teket, heledab pigmendilaike ja suurendab naha elastsust. Planktonvetikad toimivad rakke ergutava energiaallikana. Vitamiin B3 ja kurkumiin v\u00e4hendavad pigmendilaikude intensiivsust ning taastavad \u00fchtlase naha tooni.<\/p>\n<p style=\"text-align: left;\"><strong>Kasutusjuhised:<\/strong><\/p>\n<p style=\"text-align: left;\">Kandke kreem kogu n\u00e4ole, kaelale ja dekolteele. Masseerige kuni t\u00e4ieliku imendumiseni.<\/p>\n<p style=\"text-align: left;\"><strong>Koostis:<\/strong><\/p>\n<\/div>\n<section>\n<p style=\"text-align: left;\">Deionized Water (Aqua), Isocetyl Alcohol, Glycerin, Cetyl Alcohol, Cetearyl Alcohol, Cera Alba, Peg-40 Stearate, Pentylene Glycol, Cetearyl Glucoside, Saccharide Isomerate, Persea Gratissima (Avocado) Oil, Phytosterols, Panthenol, Sorbitan Tristearate, Tocopheryl Acetate, Caprylyl Glycol, Collagen, Olea Europaea (Olive) Fruit Oil, Perfume, Sodium Phytate, Niacinamide , Inulin, Sodium Acrylate Copolymer, Propylene Glycol, Bakuchiol, Honokiol, Tetrahydrodiferuloylmethane, Magnolol, Butylene Glycol, Glucose, Lecithin, Sodium Pca, Honey Extract, Yogurt,Hydrolyzed Elastin, Phenoxyethanol, Plankton Extract, Sodium Citrate, Sorbic Acid, Citric Acid, Serine, Glycogen, Arginine Ferulate, Hexyl Cinnamal, Hydroxycitronellal, Alpha-Isomethyl Ionone, Geraniol, Citronnellol.<\/p>\n<\/section>\n","protected":false},"excerpt":{"rendered":"<h4>Elustav \u00f6\u00f6kreem<\/h4>\n","protected":false},"featured_media":5760,"template":"","meta":[],"product_brand":[],"product_cat":[149],"product_tag":[],"class_list":{"0":"post-5201","1":"product","2":"type-product","3":"status-publish","4":"has-post-thumbnail","6":"product_cat-kreem","7":"product_shipping_class-smart-itella-post","8":"pa_linii-kosmetiki-line-repair-et","9":"pa_reshenie-problem-ebauhtlane-nahatoon","10":"pa_reshenie-problem-suhost","11":"pa_reshenie-problem-kuperoz","12":"pa_reshenie-problem-chuvstvitelnaja-koza","13":"pa_reshenie-problem-vananemise-margid","14":"pa_tip-kozi-kombi-et","15":"pa_tip-kozi-kuiv-et","16":"pa_tip-kozi-normaalne-et","17":"pa_tip-preparata-kreem","18":"pa_vremja-primenenija-oine","20":"first","21":"instock","22":"taxable","23":"shipping-taxable","24":"purchasable","25":"product-type-simple"},"yoast_head":"<!-- This site is optimized with the Yoast SEO plugin v27.5 - https:\/\/yoast.com\/product\/yoast-seo-wordpress\/ -->\n<title>Nutrient Niacinamide Night Cream 60ml CHR868 - Christinakosmeetika<\/title>\n<meta name=\"description\" content=\"Noorendav \u00f6\u00f6kreem toidab s\u00fcgavuti, niisutab, taastab nahka_ suurendab toonust ja muudab naha siledaks. Kandke kogu n\u00e4ole, kaelale ja dekolteepiirkonnale.\" \/>\n<meta name=\"robots\" content=\"index, follow, max-snippet:-1, max-image-preview:large, max-video-preview:-1\" \/>\n<link rel=\"canonical\" href=\"https:\/\/christinakosmeetika.ee\/product\/nutrient-niacinamide-night-cream\/\" \/>\n<meta property=\"og:locale\" content=\"et_EE\" \/>\n<meta property=\"og:type\" content=\"article\" \/>\n<meta property=\"og:title\" content=\"Nutrient Niacinamide Night Cream 60ml CHR868 - Christinakosmeetika\" \/>\n<meta property=\"og:description\" content=\"Noorendav \u00f6\u00f6kreem toidab s\u00fcgavuti, niisutab, taastab nahka_ suurendab toonust ja muudab naha siledaks. Kandke kogu n\u00e4ole, kaelale ja dekolteepiirkonnale.\" \/>\n<meta property=\"og:url\" content=\"https:\/\/christinakosmeetika.ee\/product\/nutrient-niacinamide-night-cream\/\" \/>\n<meta property=\"og:site_name\" content=\"Christinakosmeetika\" \/>\n<meta property=\"article:modified_time\" content=\"2026-04-15T09:41:04+00:00\" \/>\n<meta property=\"og:image\" content=\"https:\/\/christinakosmeetika.ee\/wp-content\/uploads\/2022\/10\/Nutrient-Niacinamide-Night-Cream500.png\" \/>\n\t<meta property=\"og:image:width\" content=\"500\" \/>\n\t<meta property=\"og:image:height\" content=\"500\" \/>\n\t<meta property=\"og:image:type\" content=\"image\/png\" \/>\n<meta name=\"twitter:card\" content=\"summary_large_image\" \/>\n<meta name=\"twitter:label1\" content=\"Est. reading time\" \/>\n\t<meta name=\"twitter:data1\" content=\"1 minut\" \/>\n<script type=\"application\/ld+json\" class=\"yoast-schema-graph\">{\"@context\":\"https:\\\/\\\/schema.org\",\"@graph\":[{\"@type\":\"WebPage\",\"@id\":\"https:\\\/\\\/christinakosmeetika.ee\\\/product\\\/nutrient-niacinamide-night-cream\\\/\",\"url\":\"https:\\\/\\\/christinakosmeetika.ee\\\/product\\\/nutrient-niacinamide-night-cream\\\/\",\"name\":\"Nutrient Niacinamide Night Cream 60ml CHR868 - Christinakosmeetika\",\"isPartOf\":{\"@id\":\"https:\\\/\\\/christinakosmeetika.ee\\\/#website\"},\"primaryImageOfPage\":{\"@id\":\"https:\\\/\\\/christinakosmeetika.ee\\\/product\\\/nutrient-niacinamide-night-cream\\\/#primaryimage\"},\"image\":{\"@id\":\"https:\\\/\\\/christinakosmeetika.ee\\\/product\\\/nutrient-niacinamide-night-cream\\\/#primaryimage\"},\"thumbnailUrl\":\"https:\\\/\\\/christinakosmeetika.ee\\\/wp-content\\\/uploads\\\/2022\\\/10\\\/Nutrient-Niacinamide-Night-Cream500.png\",\"datePublished\":\"2022-10-27T13:15:47+00:00\",\"dateModified\":\"2026-04-15T09:41:04+00:00\",\"description\":\"Noorendav \u00f6\u00f6kreem toidab s\u00fcgavuti, niisutab, taastab nahka_ suurendab toonust ja muudab naha siledaks. Kandke kogu n\u00e4ole, kaelale ja dekolteepiirkonnale.\",\"breadcrumb\":{\"@id\":\"https:\\\/\\\/christinakosmeetika.ee\\\/product\\\/nutrient-niacinamide-night-cream\\\/#breadcrumb\"},\"inLanguage\":\"et\",\"potentialAction\":[{\"@type\":\"ReadAction\",\"target\":[\"https:\\\/\\\/christinakosmeetika.ee\\\/product\\\/nutrient-niacinamide-night-cream\\\/\"]}]},{\"@type\":\"ImageObject\",\"inLanguage\":\"et\",\"@id\":\"https:\\\/\\\/christinakosmeetika.ee\\\/product\\\/nutrient-niacinamide-night-cream\\\/#primaryimage\",\"url\":\"https:\\\/\\\/christinakosmeetika.ee\\\/wp-content\\\/uploads\\\/2022\\\/10\\\/Nutrient-Niacinamide-Night-Cream500.png\",\"contentUrl\":\"https:\\\/\\\/christinakosmeetika.ee\\\/wp-content\\\/uploads\\\/2022\\\/10\\\/Nutrient-Niacinamide-Night-Cream500.png\",\"width\":500,\"height\":500},{\"@type\":\"BreadcrumbList\",\"@id\":\"https:\\\/\\\/christinakosmeetika.ee\\\/product\\\/nutrient-niacinamide-night-cream\\\/#breadcrumb\",\"itemListElement\":[{\"@type\":\"ListItem\",\"position\":1,\"name\":\"\u0413\u043b\u0430\u0432\u043d\u0430\u044f \u0441\u0442\u0440\u0430\u043d\u0438\u0446\u0430\",\"item\":\"https:\\\/\\\/christinakosmeetika.ee\\\/et\\\/\"},{\"@type\":\"ListItem\",\"position\":2,\"name\":\"Pood\",\"item\":\"https:\\\/\\\/christinakosmeetika.ee\\\/et\\\/shop\\\/\"},{\"@type\":\"ListItem\",\"position\":3,\"name\":\"Nutrient Niacinamide Night Cream 60ml CHR868\"}]},{\"@type\":\"WebSite\",\"@id\":\"https:\\\/\\\/christinakosmeetika.ee\\\/#website\",\"url\":\"https:\\\/\\\/christinakosmeetika.ee\\\/\",\"name\":\"Christinakosmeetika\",\"description\":\"Christina kosmeetika Eestis\",\"alternateName\":\"Christina kosmeetika Eestis\",\"potentialAction\":[{\"@type\":\"SearchAction\",\"target\":{\"@type\":\"EntryPoint\",\"urlTemplate\":\"https:\\\/\\\/christinakosmeetika.ee\\\/?s={search_term_string}\"},\"query-input\":{\"@type\":\"PropertyValueSpecification\",\"valueRequired\":true,\"valueName\":\"search_term_string\"}}],\"inLanguage\":\"et\"}]}<\/script>\n<!-- \/ Yoast SEO plugin. -->","yoast_head_json":{"title":"Nutrient Niacinamide Night Cream 60ml CHR868 - Christinakosmeetika","description":"Noorendav \u00f6\u00f6kreem toidab s\u00fcgavuti, niisutab, taastab nahka_ suurendab toonust ja muudab naha siledaks. Kandke kogu n\u00e4ole, kaelale ja dekolteepiirkonnale.","robots":{"index":"index","follow":"follow","max-snippet":"max-snippet:-1","max-image-preview":"max-image-preview:large","max-video-preview":"max-video-preview:-1"},"canonical":"https:\/\/christinakosmeetika.ee\/product\/nutrient-niacinamide-night-cream\/","og_locale":"et_EE","og_type":"article","og_title":"Nutrient Niacinamide Night Cream 60ml CHR868 - Christinakosmeetika","og_description":"Noorendav \u00f6\u00f6kreem toidab s\u00fcgavuti, niisutab, taastab nahka_ suurendab toonust ja muudab naha siledaks. Kandke kogu n\u00e4ole, kaelale ja dekolteepiirkonnale.","og_url":"https:\/\/christinakosmeetika.ee\/product\/nutrient-niacinamide-night-cream\/","og_site_name":"Christinakosmeetika","article_modified_time":"2026-04-15T09:41:04+00:00","og_image":[{"width":500,"height":500,"url":"https:\/\/christinakosmeetika.ee\/wp-content\/uploads\/2022\/10\/Nutrient-Niacinamide-Night-Cream500.png","type":"image\/png"}],"twitter_card":"summary_large_image","twitter_misc":{"Est. reading time":"1 minut"},"schema":{"@context":"https:\/\/schema.org","@graph":[{"@type":"WebPage","@id":"https:\/\/christinakosmeetika.ee\/product\/nutrient-niacinamide-night-cream\/","url":"https:\/\/christinakosmeetika.ee\/product\/nutrient-niacinamide-night-cream\/","name":"Nutrient Niacinamide Night Cream 60ml CHR868 - Christinakosmeetika","isPartOf":{"@id":"https:\/\/christinakosmeetika.ee\/#website"},"primaryImageOfPage":{"@id":"https:\/\/christinakosmeetika.ee\/product\/nutrient-niacinamide-night-cream\/#primaryimage"},"image":{"@id":"https:\/\/christinakosmeetika.ee\/product\/nutrient-niacinamide-night-cream\/#primaryimage"},"thumbnailUrl":"https:\/\/christinakosmeetika.ee\/wp-content\/uploads\/2022\/10\/Nutrient-Niacinamide-Night-Cream500.png","datePublished":"2022-10-27T13:15:47+00:00","dateModified":"2026-04-15T09:41:04+00:00","description":"Noorendav \u00f6\u00f6kreem toidab s\u00fcgavuti, niisutab, taastab nahka_ suurendab toonust ja muudab naha siledaks. Kandke kogu n\u00e4ole, kaelale ja dekolteepiirkonnale.","breadcrumb":{"@id":"https:\/\/christinakosmeetika.ee\/product\/nutrient-niacinamide-night-cream\/#breadcrumb"},"inLanguage":"et","potentialAction":[{"@type":"ReadAction","target":["https:\/\/christinakosmeetika.ee\/product\/nutrient-niacinamide-night-cream\/"]}]},{"@type":"ImageObject","inLanguage":"et","@id":"https:\/\/christinakosmeetika.ee\/product\/nutrient-niacinamide-night-cream\/#primaryimage","url":"https:\/\/christinakosmeetika.ee\/wp-content\/uploads\/2022\/10\/Nutrient-Niacinamide-Night-Cream500.png","contentUrl":"https:\/\/christinakosmeetika.ee\/wp-content\/uploads\/2022\/10\/Nutrient-Niacinamide-Night-Cream500.png","width":500,"height":500},{"@type":"BreadcrumbList","@id":"https:\/\/christinakosmeetika.ee\/product\/nutrient-niacinamide-night-cream\/#breadcrumb","itemListElement":[{"@type":"ListItem","position":1,"name":"\u0413\u043b\u0430\u0432\u043d\u0430\u044f \u0441\u0442\u0440\u0430\u043d\u0438\u0446\u0430","item":"https:\/\/christinakosmeetika.ee\/et\/"},{"@type":"ListItem","position":2,"name":"Pood","item":"https:\/\/christinakosmeetika.ee\/et\/shop\/"},{"@type":"ListItem","position":3,"name":"Nutrient Niacinamide Night Cream 60ml CHR868"}]},{"@type":"WebSite","@id":"https:\/\/christinakosmeetika.ee\/#website","url":"https:\/\/christinakosmeetika.ee\/","name":"Christinakosmeetika","description":"Christina kosmeetika Eestis","alternateName":"Christina kosmeetika Eestis","potentialAction":[{"@type":"SearchAction","target":{"@type":"EntryPoint","urlTemplate":"https:\/\/christinakosmeetika.ee\/?s={search_term_string}"},"query-input":{"@type":"PropertyValueSpecification","valueRequired":true,"valueName":"search_term_string"}}],"inLanguage":"et"}]}},"_links":{"self":[{"href":"https:\/\/christinakosmeetika.ee\/et\/wp-json\/wp\/v2\/product\/5201","targetHints":{"allow":["GET"]}}],"collection":[{"href":"https:\/\/christinakosmeetika.ee\/et\/wp-json\/wp\/v2\/product"}],"about":[{"href":"https:\/\/christinakosmeetika.ee\/et\/wp-json\/wp\/v2\/types\/product"}],"wp:featuredmedia":[{"embeddable":true,"href":"https:\/\/christinakosmeetika.ee\/et\/wp-json\/wp\/v2\/media\/5760"}],"wp:attachment":[{"href":"https:\/\/christinakosmeetika.ee\/et\/wp-json\/wp\/v2\/media?parent=5201"}],"wp:term":[{"taxonomy":"product_brand","embeddable":true,"href":"https:\/\/christinakosmeetika.ee\/et\/wp-json\/wp\/v2\/product_brand?post=5201"},{"taxonomy":"product_cat","embeddable":true,"href":"https:\/\/christinakosmeetika.ee\/et\/wp-json\/wp\/v2\/product_cat?post=5201"},{"taxonomy":"product_tag","embeddable":true,"href":"https:\/\/christinakosmeetika.ee\/et\/wp-json\/wp\/v2\/product_tag?post=5201"}],"curies":[{"name":"wp","href":"https:\/\/api.w.org\/{rel}","templated":true}]}}