{"id":5199,"date":"2022-10-27T14:08:15","date_gmt":"2022-10-27T14:08:15","guid":{"rendered":"https:\/\/christinakosmeetika.ee\/product\/nutrient-goji-berries-active-toner-et\/"},"modified":"2026-04-10T10:46:17","modified_gmt":"2026-04-10T07:46:17","slug":"nutrient-goji-berries-active-toner-et","status":"publish","type":"product","link":"https:\/\/christinakosmeetika.ee\/et\/toode\/nutrient-goji-berries-active-toner-et\/","title":{"rendered":"Nutrient Goji Berries Active Toner 300ml CHR863"},"content":{"rendered":"<div>\n<p>Rikastatud supertoitude toonik koorib surnud rakud ja eemaldab toksiine, puhastades ja taastades nahka.<\/p>\n<p>Gl\u00fckoolhape ja \u00f5unhape taimsetest ekstraktidest koorivad nahka, kiirendavad regenereerimist, parandavad vereringet ja ainevahetust nahas. Goji marjad taastavad eluj\u00f5u ja ergutavad kudede uuenemist. Astelpaju ja kale ekstraktid, mis on rikkad fenoolsete \u00fchendite, parkainete ja flavonoidide poolest, on suurep\u00e4rased looduslikud antioks\u00fcdandid ja detoksifikatsiooniagendid.<\/p>\n<p><strong>Kasutusviis:<\/strong><\/p>\n<p>P\u00fchkige n\u00e4gu, kaela ja dekoltee ala \u00f5rnade liigutustega vatipadjaga, mis on niisutatud toonikuga.<\/p>\n<p><strong>Koostis:<\/strong><\/p>\n<\/div>\n<section>Deionized Water (Aqua), Propanediol, Glycolic Acid, Glycerin, Malic Acid, Sodium Hydroxide, Polysorbate 20, Pentylene Glycol, Hamamelis Virginiana (Witch Hazel) Extract, Caprylyl Glycol,Perfume, Sodium Phytate, Honokiol, Magnolol, Lycium Barbarum Fruit Extract, Brassica Oleracea Acephala Leaf Extract, Artemisia Umbelliformis Extract, Benzyl Alcohol, Sodium Benzoate, Citric Acid, Potassium Sorbate, Alcohol, Ci 14700, Dehydroacetic Acid, Fd&amp;C Blue No. 1 (Ci 42090), Hexyl Cinnamal, Hydroxycitronellal, Alpha-Isomethyl Ionone, Geraniol, Citronnellol.<\/p>\n<\/section>\n","protected":false},"excerpt":{"rendered":"<h4>Aktiivne toonik &#8220;Goji marjad&#8221;<\/h4>\n","protected":false},"featured_media":5758,"template":"","meta":[],"product_brand":[],"product_cat":[485,185],"product_tag":[],"class_list":{"0":"post-5199","1":"product","2":"type-product","3":"status-publish","4":"has-post-thumbnail","6":"product_cat-line-repair-et","7":"product_cat-toonik","8":"product_shipping_class-smart-itella-post","9":"pa_linii-kosmetiki-line-repair-et","10":"pa_reshenie-problem-ebauhtlane-nahatoon","11":"pa_reshenie-problem-suhost","12":"pa_reshenie-problem-kuperoz","13":"pa_reshenie-problem-chuvstvitelnaja-koza","14":"pa_reshenie-problem-vananemise-margid","15":"pa_tip-kozi-kombi-et","16":"pa_tip-kozi-normaalne-et","17":"pa_tip-kozi-rasvane-et","18":"pa_tip-preparata-toonik","19":"pa_vremja-primenenija-oine","20":"pa_vremja-primenenija-paevane","22":"first","23":"instock","24":"taxable","25":"shipping-taxable","26":"purchasable","27":"product-type-simple"},"yoast_head":"<!-- This site is optimized with the Yoast SEO plugin v27.5 - https:\/\/yoast.com\/product\/yoast-seo-wordpress\/ -->\n<title>Nutrient Goji Berries Active Toner 300ml CHR863 - Christinakosmeetika<\/title>\n<meta name=\"description\" content=\"Supertoitudega rikastatud toonik koorib surnud rakud, aitab v\u00e4ljutada toksiine, puhastab ja taastab nahka. P\u00fchkige n\u00e4gu kergete liigutustega,\" \/>\n<meta name=\"robots\" content=\"index, follow, max-snippet:-1, max-image-preview:large, max-video-preview:-1\" \/>\n<link rel=\"canonical\" href=\"https:\/\/christinakosmeetika.ee\/product\/nutrient-goji-berries-active-toner\/\" \/>\n<meta property=\"og:locale\" content=\"et_EE\" \/>\n<meta property=\"og:type\" content=\"article\" \/>\n<meta property=\"og:title\" content=\"Nutrient Goji Berries Active Toner 300ml CHR863 - Christinakosmeetika\" \/>\n<meta property=\"og:description\" content=\"Supertoitudega rikastatud toonik koorib surnud rakud, aitab v\u00e4ljutada toksiine, puhastab ja taastab nahka. P\u00fchkige n\u00e4gu kergete liigutustega,\" \/>\n<meta property=\"og:url\" content=\"https:\/\/christinakosmeetika.ee\/product\/nutrient-goji-berries-active-toner\/\" \/>\n<meta property=\"og:site_name\" content=\"Christinakosmeetika\" \/>\n<meta property=\"article:modified_time\" content=\"2026-04-10T07:46:17+00:00\" \/>\n<meta property=\"og:image\" content=\"https:\/\/christinakosmeetika.ee\/wp-content\/uploads\/2022\/10\/Nutrient-Goji-Berries-Active-Toner500.png\" \/>\n\t<meta property=\"og:image:width\" content=\"500\" \/>\n\t<meta property=\"og:image:height\" content=\"500\" \/>\n\t<meta property=\"og:image:type\" content=\"image\/png\" \/>\n<meta name=\"twitter:card\" content=\"summary_large_image\" \/>\n<meta name=\"twitter:label1\" content=\"Est. reading time\" \/>\n\t<meta name=\"twitter:data1\" content=\"1 minut\" \/>\n<script type=\"application\/ld+json\" class=\"yoast-schema-graph\">{\"@context\":\"https:\\\/\\\/schema.org\",\"@graph\":[{\"@type\":\"WebPage\",\"@id\":\"https:\\\/\\\/christinakosmeetika.ee\\\/product\\\/nutrient-goji-berries-active-toner\\\/\",\"url\":\"https:\\\/\\\/christinakosmeetika.ee\\\/product\\\/nutrient-goji-berries-active-toner\\\/\",\"name\":\"Nutrient Goji Berries Active Toner 300ml CHR863 - Christinakosmeetika\",\"isPartOf\":{\"@id\":\"https:\\\/\\\/christinakosmeetika.ee\\\/#website\"},\"primaryImageOfPage\":{\"@id\":\"https:\\\/\\\/christinakosmeetika.ee\\\/product\\\/nutrient-goji-berries-active-toner\\\/#primaryimage\"},\"image\":{\"@id\":\"https:\\\/\\\/christinakosmeetika.ee\\\/product\\\/nutrient-goji-berries-active-toner\\\/#primaryimage\"},\"thumbnailUrl\":\"https:\\\/\\\/christinakosmeetika.ee\\\/wp-content\\\/uploads\\\/2022\\\/10\\\/Nutrient-Goji-Berries-Active-Toner500.png\",\"datePublished\":\"2022-10-27T14:08:15+00:00\",\"dateModified\":\"2026-04-10T07:46:17+00:00\",\"description\":\"Supertoitudega rikastatud toonik koorib surnud rakud, aitab v\u00e4ljutada toksiine, puhastab ja taastab nahka. P\u00fchkige n\u00e4gu kergete liigutustega,\",\"breadcrumb\":{\"@id\":\"https:\\\/\\\/christinakosmeetika.ee\\\/product\\\/nutrient-goji-berries-active-toner\\\/#breadcrumb\"},\"inLanguage\":\"et\",\"potentialAction\":[{\"@type\":\"ReadAction\",\"target\":[\"https:\\\/\\\/christinakosmeetika.ee\\\/product\\\/nutrient-goji-berries-active-toner\\\/\"]}]},{\"@type\":\"ImageObject\",\"inLanguage\":\"et\",\"@id\":\"https:\\\/\\\/christinakosmeetika.ee\\\/product\\\/nutrient-goji-berries-active-toner\\\/#primaryimage\",\"url\":\"https:\\\/\\\/christinakosmeetika.ee\\\/wp-content\\\/uploads\\\/2022\\\/10\\\/Nutrient-Goji-Berries-Active-Toner500.png\",\"contentUrl\":\"https:\\\/\\\/christinakosmeetika.ee\\\/wp-content\\\/uploads\\\/2022\\\/10\\\/Nutrient-Goji-Berries-Active-Toner500.png\",\"width\":500,\"height\":500},{\"@type\":\"BreadcrumbList\",\"@id\":\"https:\\\/\\\/christinakosmeetika.ee\\\/product\\\/nutrient-goji-berries-active-toner\\\/#breadcrumb\",\"itemListElement\":[{\"@type\":\"ListItem\",\"position\":1,\"name\":\"\u0413\u043b\u0430\u0432\u043d\u0430\u044f \u0441\u0442\u0440\u0430\u043d\u0438\u0446\u0430\",\"item\":\"https:\\\/\\\/christinakosmeetika.ee\\\/et\\\/\"},{\"@type\":\"ListItem\",\"position\":2,\"name\":\"Pood\",\"item\":\"https:\\\/\\\/christinakosmeetika.ee\\\/et\\\/shop\\\/\"},{\"@type\":\"ListItem\",\"position\":3,\"name\":\"Nutrient Goji Berries Active Toner 300ml CHR863\"}]},{\"@type\":\"WebSite\",\"@id\":\"https:\\\/\\\/christinakosmeetika.ee\\\/#website\",\"url\":\"https:\\\/\\\/christinakosmeetika.ee\\\/\",\"name\":\"Christinakosmeetika\",\"description\":\"Christina kosmeetika Eestis\",\"alternateName\":\"Christina kosmeetika Eestis\",\"potentialAction\":[{\"@type\":\"SearchAction\",\"target\":{\"@type\":\"EntryPoint\",\"urlTemplate\":\"https:\\\/\\\/christinakosmeetika.ee\\\/?s={search_term_string}\"},\"query-input\":{\"@type\":\"PropertyValueSpecification\",\"valueRequired\":true,\"valueName\":\"search_term_string\"}}],\"inLanguage\":\"et\"}]}<\/script>\n<!-- \/ Yoast SEO plugin. -->","yoast_head_json":{"title":"Nutrient Goji Berries Active Toner 300ml CHR863 - Christinakosmeetika","description":"Supertoitudega rikastatud toonik koorib surnud rakud, aitab v\u00e4ljutada toksiine, puhastab ja taastab nahka. P\u00fchkige n\u00e4gu kergete liigutustega,","robots":{"index":"index","follow":"follow","max-snippet":"max-snippet:-1","max-image-preview":"max-image-preview:large","max-video-preview":"max-video-preview:-1"},"canonical":"https:\/\/christinakosmeetika.ee\/product\/nutrient-goji-berries-active-toner\/","og_locale":"et_EE","og_type":"article","og_title":"Nutrient Goji Berries Active Toner 300ml CHR863 - Christinakosmeetika","og_description":"Supertoitudega rikastatud toonik koorib surnud rakud, aitab v\u00e4ljutada toksiine, puhastab ja taastab nahka. P\u00fchkige n\u00e4gu kergete liigutustega,","og_url":"https:\/\/christinakosmeetika.ee\/product\/nutrient-goji-berries-active-toner\/","og_site_name":"Christinakosmeetika","article_modified_time":"2026-04-10T07:46:17+00:00","og_image":[{"width":500,"height":500,"url":"https:\/\/christinakosmeetika.ee\/wp-content\/uploads\/2022\/10\/Nutrient-Goji-Berries-Active-Toner500.png","type":"image\/png"}],"twitter_card":"summary_large_image","twitter_misc":{"Est. reading time":"1 minut"},"schema":{"@context":"https:\/\/schema.org","@graph":[{"@type":"WebPage","@id":"https:\/\/christinakosmeetika.ee\/product\/nutrient-goji-berries-active-toner\/","url":"https:\/\/christinakosmeetika.ee\/product\/nutrient-goji-berries-active-toner\/","name":"Nutrient Goji Berries Active Toner 300ml CHR863 - Christinakosmeetika","isPartOf":{"@id":"https:\/\/christinakosmeetika.ee\/#website"},"primaryImageOfPage":{"@id":"https:\/\/christinakosmeetika.ee\/product\/nutrient-goji-berries-active-toner\/#primaryimage"},"image":{"@id":"https:\/\/christinakosmeetika.ee\/product\/nutrient-goji-berries-active-toner\/#primaryimage"},"thumbnailUrl":"https:\/\/christinakosmeetika.ee\/wp-content\/uploads\/2022\/10\/Nutrient-Goji-Berries-Active-Toner500.png","datePublished":"2022-10-27T14:08:15+00:00","dateModified":"2026-04-10T07:46:17+00:00","description":"Supertoitudega rikastatud toonik koorib surnud rakud, aitab v\u00e4ljutada toksiine, puhastab ja taastab nahka. P\u00fchkige n\u00e4gu kergete liigutustega,","breadcrumb":{"@id":"https:\/\/christinakosmeetika.ee\/product\/nutrient-goji-berries-active-toner\/#breadcrumb"},"inLanguage":"et","potentialAction":[{"@type":"ReadAction","target":["https:\/\/christinakosmeetika.ee\/product\/nutrient-goji-berries-active-toner\/"]}]},{"@type":"ImageObject","inLanguage":"et","@id":"https:\/\/christinakosmeetika.ee\/product\/nutrient-goji-berries-active-toner\/#primaryimage","url":"https:\/\/christinakosmeetika.ee\/wp-content\/uploads\/2022\/10\/Nutrient-Goji-Berries-Active-Toner500.png","contentUrl":"https:\/\/christinakosmeetika.ee\/wp-content\/uploads\/2022\/10\/Nutrient-Goji-Berries-Active-Toner500.png","width":500,"height":500},{"@type":"BreadcrumbList","@id":"https:\/\/christinakosmeetika.ee\/product\/nutrient-goji-berries-active-toner\/#breadcrumb","itemListElement":[{"@type":"ListItem","position":1,"name":"\u0413\u043b\u0430\u0432\u043d\u0430\u044f \u0441\u0442\u0440\u0430\u043d\u0438\u0446\u0430","item":"https:\/\/christinakosmeetika.ee\/et\/"},{"@type":"ListItem","position":2,"name":"Pood","item":"https:\/\/christinakosmeetika.ee\/et\/shop\/"},{"@type":"ListItem","position":3,"name":"Nutrient Goji Berries Active Toner 300ml CHR863"}]},{"@type":"WebSite","@id":"https:\/\/christinakosmeetika.ee\/#website","url":"https:\/\/christinakosmeetika.ee\/","name":"Christinakosmeetika","description":"Christina kosmeetika Eestis","alternateName":"Christina kosmeetika Eestis","potentialAction":[{"@type":"SearchAction","target":{"@type":"EntryPoint","urlTemplate":"https:\/\/christinakosmeetika.ee\/?s={search_term_string}"},"query-input":{"@type":"PropertyValueSpecification","valueRequired":true,"valueName":"search_term_string"}}],"inLanguage":"et"}]}},"_links":{"self":[{"href":"https:\/\/christinakosmeetika.ee\/et\/wp-json\/wp\/v2\/product\/5199","targetHints":{"allow":["GET"]}}],"collection":[{"href":"https:\/\/christinakosmeetika.ee\/et\/wp-json\/wp\/v2\/product"}],"about":[{"href":"https:\/\/christinakosmeetika.ee\/et\/wp-json\/wp\/v2\/types\/product"}],"wp:featuredmedia":[{"embeddable":true,"href":"https:\/\/christinakosmeetika.ee\/et\/wp-json\/wp\/v2\/media\/5758"}],"wp:attachment":[{"href":"https:\/\/christinakosmeetika.ee\/et\/wp-json\/wp\/v2\/media?parent=5199"}],"wp:term":[{"taxonomy":"product_brand","embeddable":true,"href":"https:\/\/christinakosmeetika.ee\/et\/wp-json\/wp\/v2\/product_brand?post=5199"},{"taxonomy":"product_cat","embeddable":true,"href":"https:\/\/christinakosmeetika.ee\/et\/wp-json\/wp\/v2\/product_cat?post=5199"},{"taxonomy":"product_tag","embeddable":true,"href":"https:\/\/christinakosmeetika.ee\/et\/wp-json\/wp\/v2\/product_tag?post=5199"}],"curies":[{"name":"wp","href":"https:\/\/api.w.org\/{rel}","templated":true}]}}