{"id":5198,"date":"2022-10-27T13:47:17","date_gmt":"2022-10-27T13:47:17","guid":{"rendered":"https:\/\/christinakosmeetika.ee\/product\/nutrient-bio-shield-serum-et\/"},"modified":"2026-04-15T15:14:05","modified_gmt":"2026-04-15T12:14:05","slug":"nutrient-bio-shield-serum-et","status":"publish","type":"product","link":"https:\/\/christinakosmeetika.ee\/et\/toode\/nutrient-bio-shield-serum-et\/","title":{"rendered":"Nutrient Bio Shield Serum 30ml CHR865"},"content":{"rendered":"<div>\n<p style=\"text-align: left;\">S\u00fcvend tugevdab naha kaitsebarj\u00e4\u00e4ri ja tagab niisutuse, taastab naha tervisliku v\u00e4limuse ning annab mugavustunde. V\u00f5imsad aktiivained toetavad kaitsebarj\u00e4\u00e4ri ja v\u00e4hendavad naha reaktiivsust, samas kui antioks\u00fcdandid kaitsevad agressiivse keskkonnam\u00f5ju eest.<\/p>\n<p style=\"text-align: left;\">Kakaoubade ekstrakt v\u00e4hendab vabade radikaalide m\u00f5ju, mis tekib elektrooniliste seadmetega t\u00f6\u00f6tamisel, ennetades &#8220;digitaalset&#8221; naha vananemist. Loodusliku niisutusfaktori kompleks tagab pikaajalise niisutuse. Kelpi ja toonekuremarja ekstraktid ennetavad p\u00f5letike teket ja soodustavad kahjustuste paranemist. Microbiota regulator kompleks reguleerib naha mikrofloorat.<\/p>\n<p style=\"text-align: left;\"><strong>Kasutamine:<\/strong><\/p>\n<p style=\"text-align: left;\">Kandke \u00fchtlase kihina kogu n\u00e4ole, kaelale ja dekolteele. Masseerige kuni t\u00e4ieliku imendumiseni.<\/p>\n<p style=\"text-align: left;\"><strong>Koostis:<\/strong><\/p>\n<\/div>\n<section>\n<p style=\"text-align: left;\">Deionized Water (Aqua), Propanediol, Methyl Gluceth-20, Peg-20,Glycerin, Pentylene Glycol, Polysorbate 20, Hamamelis Virginiana (Witch Hazel) Extract, Hydroxyethylcellulose, Caprylyl Glycol , Urea, Polymnia Sonchifolia Root Juice, Saccharide Hydrolysate, Sodium Acrylate Copolymer,Butylene Glycol, Sodium Hyaluronate, Sodium Phytate, Spirulina Platensis Extract, Perfume, Glycine, Honokiol, Alanine, Magnesium Aspartate, Magnolol,Brassica Oleracea Acephala Leaf Extract, Triethanolamine, Sodium Acetate, Lecithin, Creatine, 1,2-Hexanediol, Isopropyl Alcohol, Cellulose, Benzyl Alcohol, Sodium Benzoate, Theobroma Cacao Seed Extract, Citric Acid, Dehydroacetic Acid, Linalool, Limonene.<\/p>\n<\/section>\n","protected":false},"excerpt":{"rendered":"<h4>Bioseerum &#8220;Tugevdamine ja kaitse&#8221;<\/h4>\n","protected":false},"featured_media":5755,"template":"","meta":[],"product_brand":[],"product_cat":[182],"product_tag":[],"class_list":{"0":"post-5198","1":"product","2":"type-product","3":"status-publish","4":"has-post-thumbnail","6":"product_cat-seerum","7":"product_shipping_class-smart-itella-post","8":"pa_linii-kosmetiki-line-repair-et","9":"pa_reshenie-problem-dehudratsioon","10":"pa_reshenie-problem-ebauhtlane-nahatoon","11":"pa_reshenie-problem-vahenenud-elastsus","12":"pa_reshenie-problem-suhost","13":"pa_reshenie-problem-kuperoz","14":"pa_reshenie-problem-chuvstvitelnaja-koza","15":"pa_reshenie-problem-vananemise-margid","16":"pa_tip-kozi-kuiv-et","17":"pa_tip-kozi-normaalne-et","18":"pa_tip-preparata-seerum-et","19":"pa_vremja-primenenija-oine","20":"pa_vremja-primenenija-paevane","22":"first","23":"instock","24":"taxable","25":"shipping-taxable","26":"purchasable","27":"product-type-simple"},"yoast_head":"<!-- This site is optimized with the Yoast SEO plugin v27.5 - https:\/\/yoast.com\/product\/yoast-seo-wordpress\/ -->\n<title>Nutrient Bio Shield Serum 30ml CHR865 - Christinakosmeetika<\/title>\n<meta name=\"description\" content=\"Seerum tugevdab naha kaitsebarj\u00e4\u00e4ri ja tagab niisutuse, taastab naha terve v\u00e4ljan\u00e4gemise ning annab mugavustunde.\" \/>\n<meta name=\"robots\" content=\"index, follow, max-snippet:-1, max-image-preview:large, max-video-preview:-1\" \/>\n<link rel=\"canonical\" href=\"https:\/\/christinakosmeetika.ee\/product\/nutrient-bio-shield-serum\/\" \/>\n<meta property=\"og:locale\" content=\"et_EE\" \/>\n<meta property=\"og:type\" content=\"article\" \/>\n<meta property=\"og:title\" content=\"Nutrient Bio Shield Serum 30ml CHR865 - Christinakosmeetika\" \/>\n<meta property=\"og:description\" content=\"Seerum tugevdab naha kaitsebarj\u00e4\u00e4ri ja tagab niisutuse, taastab naha terve v\u00e4ljan\u00e4gemise ning annab mugavustunde.\" \/>\n<meta property=\"og:url\" content=\"https:\/\/christinakosmeetika.ee\/product\/nutrient-bio-shield-serum\/\" \/>\n<meta property=\"og:site_name\" content=\"Christinakosmeetika\" \/>\n<meta property=\"article:modified_time\" content=\"2026-04-15T12:14:05+00:00\" \/>\n<meta property=\"og:image\" content=\"https:\/\/christinakosmeetika.ee\/wp-content\/uploads\/2022\/10\/Nutrient-Bio-Shield-Serum500.png\" \/>\n\t<meta property=\"og:image:width\" content=\"500\" \/>\n\t<meta property=\"og:image:height\" content=\"500\" \/>\n\t<meta property=\"og:image:type\" content=\"image\/png\" \/>\n<meta name=\"twitter:card\" content=\"summary_large_image\" \/>\n<meta name=\"twitter:label1\" content=\"Est. reading time\" \/>\n\t<meta name=\"twitter:data1\" content=\"1 minut\" \/>\n<script type=\"application\/ld+json\" class=\"yoast-schema-graph\">{\"@context\":\"https:\\\/\\\/schema.org\",\"@graph\":[{\"@type\":\"WebPage\",\"@id\":\"https:\\\/\\\/christinakosmeetika.ee\\\/product\\\/nutrient-bio-shield-serum\\\/\",\"url\":\"https:\\\/\\\/christinakosmeetika.ee\\\/product\\\/nutrient-bio-shield-serum\\\/\",\"name\":\"Nutrient Bio Shield Serum 30ml CHR865 - Christinakosmeetika\",\"isPartOf\":{\"@id\":\"https:\\\/\\\/christinakosmeetika.ee\\\/#website\"},\"primaryImageOfPage\":{\"@id\":\"https:\\\/\\\/christinakosmeetika.ee\\\/product\\\/nutrient-bio-shield-serum\\\/#primaryimage\"},\"image\":{\"@id\":\"https:\\\/\\\/christinakosmeetika.ee\\\/product\\\/nutrient-bio-shield-serum\\\/#primaryimage\"},\"thumbnailUrl\":\"https:\\\/\\\/christinakosmeetika.ee\\\/wp-content\\\/uploads\\\/2022\\\/10\\\/Nutrient-Bio-Shield-Serum500.png\",\"datePublished\":\"2022-10-27T13:47:17+00:00\",\"dateModified\":\"2026-04-15T12:14:05+00:00\",\"description\":\"Seerum tugevdab naha kaitsebarj\u00e4\u00e4ri ja tagab niisutuse, taastab naha terve v\u00e4ljan\u00e4gemise ning annab mugavustunde.\",\"breadcrumb\":{\"@id\":\"https:\\\/\\\/christinakosmeetika.ee\\\/product\\\/nutrient-bio-shield-serum\\\/#breadcrumb\"},\"inLanguage\":\"et\",\"potentialAction\":[{\"@type\":\"ReadAction\",\"target\":[\"https:\\\/\\\/christinakosmeetika.ee\\\/product\\\/nutrient-bio-shield-serum\\\/\"]}]},{\"@type\":\"ImageObject\",\"inLanguage\":\"et\",\"@id\":\"https:\\\/\\\/christinakosmeetika.ee\\\/product\\\/nutrient-bio-shield-serum\\\/#primaryimage\",\"url\":\"https:\\\/\\\/christinakosmeetika.ee\\\/wp-content\\\/uploads\\\/2022\\\/10\\\/Nutrient-Bio-Shield-Serum500.png\",\"contentUrl\":\"https:\\\/\\\/christinakosmeetika.ee\\\/wp-content\\\/uploads\\\/2022\\\/10\\\/Nutrient-Bio-Shield-Serum500.png\",\"width\":500,\"height\":500},{\"@type\":\"BreadcrumbList\",\"@id\":\"https:\\\/\\\/christinakosmeetika.ee\\\/product\\\/nutrient-bio-shield-serum\\\/#breadcrumb\",\"itemListElement\":[{\"@type\":\"ListItem\",\"position\":1,\"name\":\"\u0413\u043b\u0430\u0432\u043d\u0430\u044f \u0441\u0442\u0440\u0430\u043d\u0438\u0446\u0430\",\"item\":\"https:\\\/\\\/christinakosmeetika.ee\\\/et\\\/\"},{\"@type\":\"ListItem\",\"position\":2,\"name\":\"Pood\",\"item\":\"https:\\\/\\\/christinakosmeetika.ee\\\/et\\\/shop\\\/\"},{\"@type\":\"ListItem\",\"position\":3,\"name\":\"Nutrient Bio Shield Serum 30ml CHR865\"}]},{\"@type\":\"WebSite\",\"@id\":\"https:\\\/\\\/christinakosmeetika.ee\\\/#website\",\"url\":\"https:\\\/\\\/christinakosmeetika.ee\\\/\",\"name\":\"Christinakosmeetika\",\"description\":\"Christina kosmeetika Eestis\",\"alternateName\":\"Christina kosmeetika Eestis\",\"potentialAction\":[{\"@type\":\"SearchAction\",\"target\":{\"@type\":\"EntryPoint\",\"urlTemplate\":\"https:\\\/\\\/christinakosmeetika.ee\\\/?s={search_term_string}\"},\"query-input\":{\"@type\":\"PropertyValueSpecification\",\"valueRequired\":true,\"valueName\":\"search_term_string\"}}],\"inLanguage\":\"et\"}]}<\/script>\n<!-- \/ Yoast SEO plugin. -->","yoast_head_json":{"title":"Nutrient Bio Shield Serum 30ml CHR865 - Christinakosmeetika","description":"Seerum tugevdab naha kaitsebarj\u00e4\u00e4ri ja tagab niisutuse, taastab naha terve v\u00e4ljan\u00e4gemise ning annab mugavustunde.","robots":{"index":"index","follow":"follow","max-snippet":"max-snippet:-1","max-image-preview":"max-image-preview:large","max-video-preview":"max-video-preview:-1"},"canonical":"https:\/\/christinakosmeetika.ee\/product\/nutrient-bio-shield-serum\/","og_locale":"et_EE","og_type":"article","og_title":"Nutrient Bio Shield Serum 30ml CHR865 - Christinakosmeetika","og_description":"Seerum tugevdab naha kaitsebarj\u00e4\u00e4ri ja tagab niisutuse, taastab naha terve v\u00e4ljan\u00e4gemise ning annab mugavustunde.","og_url":"https:\/\/christinakosmeetika.ee\/product\/nutrient-bio-shield-serum\/","og_site_name":"Christinakosmeetika","article_modified_time":"2026-04-15T12:14:05+00:00","og_image":[{"width":500,"height":500,"url":"https:\/\/christinakosmeetika.ee\/wp-content\/uploads\/2022\/10\/Nutrient-Bio-Shield-Serum500.png","type":"image\/png"}],"twitter_card":"summary_large_image","twitter_misc":{"Est. reading time":"1 minut"},"schema":{"@context":"https:\/\/schema.org","@graph":[{"@type":"WebPage","@id":"https:\/\/christinakosmeetika.ee\/product\/nutrient-bio-shield-serum\/","url":"https:\/\/christinakosmeetika.ee\/product\/nutrient-bio-shield-serum\/","name":"Nutrient Bio Shield Serum 30ml CHR865 - Christinakosmeetika","isPartOf":{"@id":"https:\/\/christinakosmeetika.ee\/#website"},"primaryImageOfPage":{"@id":"https:\/\/christinakosmeetika.ee\/product\/nutrient-bio-shield-serum\/#primaryimage"},"image":{"@id":"https:\/\/christinakosmeetika.ee\/product\/nutrient-bio-shield-serum\/#primaryimage"},"thumbnailUrl":"https:\/\/christinakosmeetika.ee\/wp-content\/uploads\/2022\/10\/Nutrient-Bio-Shield-Serum500.png","datePublished":"2022-10-27T13:47:17+00:00","dateModified":"2026-04-15T12:14:05+00:00","description":"Seerum tugevdab naha kaitsebarj\u00e4\u00e4ri ja tagab niisutuse, taastab naha terve v\u00e4ljan\u00e4gemise ning annab mugavustunde.","breadcrumb":{"@id":"https:\/\/christinakosmeetika.ee\/product\/nutrient-bio-shield-serum\/#breadcrumb"},"inLanguage":"et","potentialAction":[{"@type":"ReadAction","target":["https:\/\/christinakosmeetika.ee\/product\/nutrient-bio-shield-serum\/"]}]},{"@type":"ImageObject","inLanguage":"et","@id":"https:\/\/christinakosmeetika.ee\/product\/nutrient-bio-shield-serum\/#primaryimage","url":"https:\/\/christinakosmeetika.ee\/wp-content\/uploads\/2022\/10\/Nutrient-Bio-Shield-Serum500.png","contentUrl":"https:\/\/christinakosmeetika.ee\/wp-content\/uploads\/2022\/10\/Nutrient-Bio-Shield-Serum500.png","width":500,"height":500},{"@type":"BreadcrumbList","@id":"https:\/\/christinakosmeetika.ee\/product\/nutrient-bio-shield-serum\/#breadcrumb","itemListElement":[{"@type":"ListItem","position":1,"name":"\u0413\u043b\u0430\u0432\u043d\u0430\u044f \u0441\u0442\u0440\u0430\u043d\u0438\u0446\u0430","item":"https:\/\/christinakosmeetika.ee\/et\/"},{"@type":"ListItem","position":2,"name":"Pood","item":"https:\/\/christinakosmeetika.ee\/et\/shop\/"},{"@type":"ListItem","position":3,"name":"Nutrient Bio Shield Serum 30ml CHR865"}]},{"@type":"WebSite","@id":"https:\/\/christinakosmeetika.ee\/#website","url":"https:\/\/christinakosmeetika.ee\/","name":"Christinakosmeetika","description":"Christina kosmeetika Eestis","alternateName":"Christina kosmeetika Eestis","potentialAction":[{"@type":"SearchAction","target":{"@type":"EntryPoint","urlTemplate":"https:\/\/christinakosmeetika.ee\/?s={search_term_string}"},"query-input":{"@type":"PropertyValueSpecification","valueRequired":true,"valueName":"search_term_string"}}],"inLanguage":"et"}]}},"_links":{"self":[{"href":"https:\/\/christinakosmeetika.ee\/et\/wp-json\/wp\/v2\/product\/5198","targetHints":{"allow":["GET"]}}],"collection":[{"href":"https:\/\/christinakosmeetika.ee\/et\/wp-json\/wp\/v2\/product"}],"about":[{"href":"https:\/\/christinakosmeetika.ee\/et\/wp-json\/wp\/v2\/types\/product"}],"wp:featuredmedia":[{"embeddable":true,"href":"https:\/\/christinakosmeetika.ee\/et\/wp-json\/wp\/v2\/media\/5755"}],"wp:attachment":[{"href":"https:\/\/christinakosmeetika.ee\/et\/wp-json\/wp\/v2\/media?parent=5198"}],"wp:term":[{"taxonomy":"product_brand","embeddable":true,"href":"https:\/\/christinakosmeetika.ee\/et\/wp-json\/wp\/v2\/product_brand?post=5198"},{"taxonomy":"product_cat","embeddable":true,"href":"https:\/\/christinakosmeetika.ee\/et\/wp-json\/wp\/v2\/product_cat?post=5198"},{"taxonomy":"product_tag","embeddable":true,"href":"https:\/\/christinakosmeetika.ee\/et\/wp-json\/wp\/v2\/product_tag?post=5198"}],"curies":[{"name":"wp","href":"https:\/\/api.w.org\/{rel}","templated":true}]}}