{"id":5197,"date":"2022-10-27T18:31:12","date_gmt":"2022-10-27T18:31:12","guid":{"rendered":"https:\/\/christinakosmeetika.ee\/product\/nutrient-berries-beauty-mask-et\/"},"modified":"2026-04-23T12:51:13","modified_gmt":"2026-04-23T09:51:13","slug":"nutrient-berries-beauty-mask-et","status":"publish","type":"product","link":"https:\/\/christinakosmeetika.ee\/et\/toode\/nutrient-berries-beauty-mask-et\/","title":{"rendered":"Nutrient Berries Beauty Mask 60ml CHR866"},"content":{"rendered":"<div>\n<p data-start=\"0\" data-end=\"464\"><strong>Christina Line Repair Nutrient Berries Beauty Mask<\/strong> on taastav ja niisutav n\u00e4omask, mis on rikastatud marjaekstraktidega, nagu murakas ja goji mari. See aitab parandada naha elastsust, kaitseb seda vabade radikaalide eest ja aitab ennetada vananemisprotsesse. Mask k\u00fcllastab naha niiskusega, parandab selle tekstuuri ning annab terve ja s\u00e4rava v\u00e4limuse. Sobib k\u00f5ikidele nahat\u00fc\u00fcpidele, eriti tuhmi ja niiskusvaese naha hoolduseks, andes nahale v\u00e4rske ja s\u00e4rava ilme.<\/p>\n<h3 data-start=\"466\" data-end=\"848\">Peamised toimed:<\/h3>\n<p data-start=\"466\" data-end=\"848\">Intensiivne niisutus: sheav\u00f5i ja h\u00fcaluroonhape niisutavad nahka s\u00fcgavuti, parandades selle elastsust.<br \/>\nAntioks\u00fcdantne kaitse: marjaekstraktid ja \u0444\u0435\u0440mendid, nagu murakas ja klorella, kaitsevad nahka vabade radikaalide eest.<br \/>\nTaastamine ja toitmine: Pseudoalteromonas\u2019e \u0444\u0435\u0440mendi ekstrakt ja vitamiinid aitavad kaasa naha uuenemisele ning taastavad selle kaitsebarj\u00e4\u00e4ri.<\/p>\n<p data-start=\"850\" data-end=\"1136\"><strong>Aktiivsed koostisosad:<\/strong><\/p>\n<p data-start=\"850\" data-end=\"1136\">Sheav\u00f5i (Butyrospermum Parkii Butter): niisutab ja pehmendab nahka.<br \/>\nMuraka viljade ekstrakt (Rubus Fruticosus Fruit Extract): omab antioks\u00fcdantseid omadusi ja kaitseb nahka kahjustuste eest.<br \/>\nH\u00fcaluroonhape (Sodium Hyaluronate): aitab hoida niiskust ja silub nahka.<\/p>\n<h3 data-start=\"1138\" data-end=\"1272\">Kasutamine:<\/h3>\n<p data-start=\"1138\" data-end=\"1272\" data-is-last-node=\"\" data-is-only-node=\"\">Kandke \u00fchtlase kihina kogu n\u00e4ole, kaelale ja dekolteepiirkonnale. J\u00e4tke 10 minutiks m\u00f5juma. Eemaldage niiske salvr\u00e4tikuga.<\/p>\n<p style=\"text-align: left;\"><strong>Koostis:<\/strong><\/p>\n<\/div>\n<section>\n<p style=\"text-align: left;\">Deionized Water (Aqua), Cetearyl Ethylhexanoate, Glyceryl Stearate, Glycerin, Butyrospermum Parkii Butter, Zinc Oxide, Cetearyl Alcohol, Pentylene Glycol, Peg-40 Stearate, Cetearyl Glucoside, Sodium Acrylate Copolymer, Caprylyl Glycol, Tocopheryl Acetate, Perfume, Rubus Fruticosus (Blackberry) Fruit Extract, Panthenol, Lecithin, Butylene Glycol, Arctostaphylos Uva Ursi Leaf Extract, Citric Acid, Sodium Hyaluronate, Honokiol, Magnolol, Pseudoalteromonas Ferment Extract, Glucose, Chlorella Vulgaris Extract, 1,2-Hexanediol, Red 33 Lake (Ci 17200),Xanthan Gum, Lycium Barbarum Fruit Extract, Alanine, Ethylhexylglycerin, Sodium Benzoate, Fd&amp;C Blue No. 1, Proline, Serine, Sodium Phosphate, Potassium Sorbate, Bacillus Ferment, Sodium Hydroxide, Linalool, Limonene.<\/p>\n<\/section>\n","protected":false},"excerpt":{"rendered":"<h3>Marjade ilumask<\/h3>\n","protected":false},"featured_media":5751,"template":"","meta":[],"product_brand":[],"product_cat":[150],"product_tag":[],"class_list":{"0":"post-5197","1":"product","2":"type-product","3":"status-publish","4":"has-post-thumbnail","6":"product_cat-mask-et","7":"product_shipping_class-smart-itella-post","8":"pa_linii-kosmetiki-line-repair-et","9":"pa_reshenie-problem-ebauhtlane-nahatoon","10":"pa_reshenie-problem-suhost","11":"pa_reshenie-problem-kuperoz","12":"pa_reshenie-problem-chuvstvitelnaja-koza","13":"pa_reshenie-problem-vananemise-margid","14":"pa_tip-kozi-koik-nahatuubid-et","15":"pa_tip-kozi-kombi-et","16":"pa_tip-kozi-kuiv-et","17":"pa_tip-kozi-normaalne-et","18":"pa_tip-kozi-rasvane-et","19":"pa_tip-preparata-mask-et","20":"pa_vremja-primenenija-oine","21":"pa_vremja-primenenija-paevane","23":"first","24":"outofstock","25":"taxable","26":"shipping-taxable","27":"purchasable","28":"product-type-simple"},"yoast_head":"<!-- This site is optimized with the Yoast SEO plugin v27.5 - https:\/\/yoast.com\/product\/yoast-seo-wordpress\/ -->\n<title>Nutrient Berries Beauty Mask 60ml CHR866 - Christinakosmeetika<\/title>\n<meta name=\"description\" content=\"Niisutav mask normaliseerib naha ainevahetust. K\u00f5rgtehnoloogilised koostisosad suurendavad naha elastsust, tugevdavad kaitsebarj\u00e4\u00e4ri ja aeglustavad vananemisprotsesse.\" \/>\n<meta name=\"robots\" content=\"index, follow, max-snippet:-1, max-image-preview:large, max-video-preview:-1\" \/>\n<link rel=\"canonical\" href=\"https:\/\/christinakosmeetika.ee\/et\/toode\/nutrient-berries-beauty-mask-et\/\" \/>\n<meta property=\"og:locale\" content=\"et_EE\" \/>\n<meta property=\"og:type\" content=\"article\" \/>\n<meta property=\"og:title\" content=\"Nutrient Berries Beauty Mask 60ml CHR866 - Christinakosmeetika\" \/>\n<meta property=\"og:description\" content=\"Niisutav mask normaliseerib naha ainevahetust. K\u00f5rgtehnoloogilised koostisosad suurendavad naha elastsust, tugevdavad kaitsebarj\u00e4\u00e4ri ja aeglustavad vananemisprotsesse.\" \/>\n<meta property=\"og:url\" content=\"https:\/\/christinakosmeetika.ee\/et\/toode\/nutrient-berries-beauty-mask-et\/\" \/>\n<meta property=\"og:site_name\" content=\"Christinakosmeetika\" \/>\n<meta property=\"article:modified_time\" content=\"2026-04-23T09:51:13+00:00\" \/>\n<meta property=\"og:image\" content=\"https:\/\/christinakosmeetika.ee\/wp-content\/uploads\/2022\/10\/Nutrient-Berries-Beauty-Mask500.png\" \/>\n\t<meta property=\"og:image:width\" content=\"500\" \/>\n\t<meta property=\"og:image:height\" content=\"500\" \/>\n\t<meta property=\"og:image:type\" content=\"image\/png\" \/>\n<meta name=\"twitter:card\" content=\"summary_large_image\" \/>\n<meta name=\"twitter:label1\" content=\"Est. reading time\" \/>\n\t<meta name=\"twitter:data1\" content=\"1 minut\" \/>\n<script type=\"application\/ld+json\" class=\"yoast-schema-graph\">{\"@context\":\"https:\\\/\\\/schema.org\",\"@graph\":[{\"@type\":\"WebPage\",\"@id\":\"https:\\\/\\\/christinakosmeetika.ee\\\/et\\\/toode\\\/nutrient-berries-beauty-mask-et\\\/\",\"url\":\"https:\\\/\\\/christinakosmeetika.ee\\\/et\\\/toode\\\/nutrient-berries-beauty-mask-et\\\/\",\"name\":\"Nutrient Berries Beauty Mask 60ml CHR866 - Christinakosmeetika\",\"isPartOf\":{\"@id\":\"https:\\\/\\\/christinakosmeetika.ee\\\/#website\"},\"primaryImageOfPage\":{\"@id\":\"https:\\\/\\\/christinakosmeetika.ee\\\/et\\\/toode\\\/nutrient-berries-beauty-mask-et\\\/#primaryimage\"},\"image\":{\"@id\":\"https:\\\/\\\/christinakosmeetika.ee\\\/et\\\/toode\\\/nutrient-berries-beauty-mask-et\\\/#primaryimage\"},\"thumbnailUrl\":\"https:\\\/\\\/christinakosmeetika.ee\\\/wp-content\\\/uploads\\\/2022\\\/10\\\/Nutrient-Berries-Beauty-Mask500.png\",\"datePublished\":\"2022-10-27T18:31:12+00:00\",\"dateModified\":\"2026-04-23T09:51:13+00:00\",\"description\":\"Niisutav mask normaliseerib naha ainevahetust. K\u00f5rgtehnoloogilised koostisosad suurendavad naha elastsust, tugevdavad kaitsebarj\u00e4\u00e4ri ja aeglustavad vananemisprotsesse.\",\"breadcrumb\":{\"@id\":\"https:\\\/\\\/christinakosmeetika.ee\\\/et\\\/toode\\\/nutrient-berries-beauty-mask-et\\\/#breadcrumb\"},\"inLanguage\":\"et\",\"potentialAction\":[{\"@type\":\"ReadAction\",\"target\":[\"https:\\\/\\\/christinakosmeetika.ee\\\/et\\\/toode\\\/nutrient-berries-beauty-mask-et\\\/\"]}]},{\"@type\":\"ImageObject\",\"inLanguage\":\"et\",\"@id\":\"https:\\\/\\\/christinakosmeetika.ee\\\/et\\\/toode\\\/nutrient-berries-beauty-mask-et\\\/#primaryimage\",\"url\":\"https:\\\/\\\/christinakosmeetika.ee\\\/wp-content\\\/uploads\\\/2022\\\/10\\\/Nutrient-Berries-Beauty-Mask500.png\",\"contentUrl\":\"https:\\\/\\\/christinakosmeetika.ee\\\/wp-content\\\/uploads\\\/2022\\\/10\\\/Nutrient-Berries-Beauty-Mask500.png\",\"width\":500,\"height\":500},{\"@type\":\"BreadcrumbList\",\"@id\":\"https:\\\/\\\/christinakosmeetika.ee\\\/et\\\/toode\\\/nutrient-berries-beauty-mask-et\\\/#breadcrumb\",\"itemListElement\":[{\"@type\":\"ListItem\",\"position\":1,\"name\":\"\u0413\u043b\u0430\u0432\u043d\u0430\u044f \u0441\u0442\u0440\u0430\u043d\u0438\u0446\u0430\",\"item\":\"https:\\\/\\\/christinakosmeetika.ee\\\/et\\\/\"},{\"@type\":\"ListItem\",\"position\":2,\"name\":\"Pood\",\"item\":\"https:\\\/\\\/christinakosmeetika.ee\\\/et\\\/shop\\\/\"},{\"@type\":\"ListItem\",\"position\":3,\"name\":\"Nutrient Berries Beauty Mask 60ml CHR866\"}]},{\"@type\":\"WebSite\",\"@id\":\"https:\\\/\\\/christinakosmeetika.ee\\\/#website\",\"url\":\"https:\\\/\\\/christinakosmeetika.ee\\\/\",\"name\":\"Christinakosmeetika\",\"description\":\"Christina kosmeetika Eestis\",\"alternateName\":\"Christina kosmeetika Eestis\",\"potentialAction\":[{\"@type\":\"SearchAction\",\"target\":{\"@type\":\"EntryPoint\",\"urlTemplate\":\"https:\\\/\\\/christinakosmeetika.ee\\\/?s={search_term_string}\"},\"query-input\":{\"@type\":\"PropertyValueSpecification\",\"valueRequired\":true,\"valueName\":\"search_term_string\"}}],\"inLanguage\":\"et\"}]}<\/script>\n<!-- \/ Yoast SEO plugin. -->","yoast_head_json":{"title":"Nutrient Berries Beauty Mask 60ml CHR866 - Christinakosmeetika","description":"Niisutav mask normaliseerib naha ainevahetust. K\u00f5rgtehnoloogilised koostisosad suurendavad naha elastsust, tugevdavad kaitsebarj\u00e4\u00e4ri ja aeglustavad vananemisprotsesse.","robots":{"index":"index","follow":"follow","max-snippet":"max-snippet:-1","max-image-preview":"max-image-preview:large","max-video-preview":"max-video-preview:-1"},"canonical":"https:\/\/christinakosmeetika.ee\/et\/toode\/nutrient-berries-beauty-mask-et\/","og_locale":"et_EE","og_type":"article","og_title":"Nutrient Berries Beauty Mask 60ml CHR866 - Christinakosmeetika","og_description":"Niisutav mask normaliseerib naha ainevahetust. K\u00f5rgtehnoloogilised koostisosad suurendavad naha elastsust, tugevdavad kaitsebarj\u00e4\u00e4ri ja aeglustavad vananemisprotsesse.","og_url":"https:\/\/christinakosmeetika.ee\/et\/toode\/nutrient-berries-beauty-mask-et\/","og_site_name":"Christinakosmeetika","article_modified_time":"2026-04-23T09:51:13+00:00","og_image":[{"width":500,"height":500,"url":"https:\/\/christinakosmeetika.ee\/wp-content\/uploads\/2022\/10\/Nutrient-Berries-Beauty-Mask500.png","type":"image\/png"}],"twitter_card":"summary_large_image","twitter_misc":{"Est. reading time":"1 minut"},"schema":{"@context":"https:\/\/schema.org","@graph":[{"@type":"WebPage","@id":"https:\/\/christinakosmeetika.ee\/et\/toode\/nutrient-berries-beauty-mask-et\/","url":"https:\/\/christinakosmeetika.ee\/et\/toode\/nutrient-berries-beauty-mask-et\/","name":"Nutrient Berries Beauty Mask 60ml CHR866 - Christinakosmeetika","isPartOf":{"@id":"https:\/\/christinakosmeetika.ee\/#website"},"primaryImageOfPage":{"@id":"https:\/\/christinakosmeetika.ee\/et\/toode\/nutrient-berries-beauty-mask-et\/#primaryimage"},"image":{"@id":"https:\/\/christinakosmeetika.ee\/et\/toode\/nutrient-berries-beauty-mask-et\/#primaryimage"},"thumbnailUrl":"https:\/\/christinakosmeetika.ee\/wp-content\/uploads\/2022\/10\/Nutrient-Berries-Beauty-Mask500.png","datePublished":"2022-10-27T18:31:12+00:00","dateModified":"2026-04-23T09:51:13+00:00","description":"Niisutav mask normaliseerib naha ainevahetust. K\u00f5rgtehnoloogilised koostisosad suurendavad naha elastsust, tugevdavad kaitsebarj\u00e4\u00e4ri ja aeglustavad vananemisprotsesse.","breadcrumb":{"@id":"https:\/\/christinakosmeetika.ee\/et\/toode\/nutrient-berries-beauty-mask-et\/#breadcrumb"},"inLanguage":"et","potentialAction":[{"@type":"ReadAction","target":["https:\/\/christinakosmeetika.ee\/et\/toode\/nutrient-berries-beauty-mask-et\/"]}]},{"@type":"ImageObject","inLanguage":"et","@id":"https:\/\/christinakosmeetika.ee\/et\/toode\/nutrient-berries-beauty-mask-et\/#primaryimage","url":"https:\/\/christinakosmeetika.ee\/wp-content\/uploads\/2022\/10\/Nutrient-Berries-Beauty-Mask500.png","contentUrl":"https:\/\/christinakosmeetika.ee\/wp-content\/uploads\/2022\/10\/Nutrient-Berries-Beauty-Mask500.png","width":500,"height":500},{"@type":"BreadcrumbList","@id":"https:\/\/christinakosmeetika.ee\/et\/toode\/nutrient-berries-beauty-mask-et\/#breadcrumb","itemListElement":[{"@type":"ListItem","position":1,"name":"\u0413\u043b\u0430\u0432\u043d\u0430\u044f \u0441\u0442\u0440\u0430\u043d\u0438\u0446\u0430","item":"https:\/\/christinakosmeetika.ee\/et\/"},{"@type":"ListItem","position":2,"name":"Pood","item":"https:\/\/christinakosmeetika.ee\/et\/shop\/"},{"@type":"ListItem","position":3,"name":"Nutrient Berries Beauty Mask 60ml CHR866"}]},{"@type":"WebSite","@id":"https:\/\/christinakosmeetika.ee\/#website","url":"https:\/\/christinakosmeetika.ee\/","name":"Christinakosmeetika","description":"Christina kosmeetika Eestis","alternateName":"Christina kosmeetika Eestis","potentialAction":[{"@type":"SearchAction","target":{"@type":"EntryPoint","urlTemplate":"https:\/\/christinakosmeetika.ee\/?s={search_term_string}"},"query-input":{"@type":"PropertyValueSpecification","valueRequired":true,"valueName":"search_term_string"}}],"inLanguage":"et"}]}},"_links":{"self":[{"href":"https:\/\/christinakosmeetika.ee\/et\/wp-json\/wp\/v2\/product\/5197","targetHints":{"allow":["GET"]}}],"collection":[{"href":"https:\/\/christinakosmeetika.ee\/et\/wp-json\/wp\/v2\/product"}],"about":[{"href":"https:\/\/christinakosmeetika.ee\/et\/wp-json\/wp\/v2\/types\/product"}],"wp:featuredmedia":[{"embeddable":true,"href":"https:\/\/christinakosmeetika.ee\/et\/wp-json\/wp\/v2\/media\/5751"}],"wp:attachment":[{"href":"https:\/\/christinakosmeetika.ee\/et\/wp-json\/wp\/v2\/media?parent=5197"}],"wp:term":[{"taxonomy":"product_brand","embeddable":true,"href":"https:\/\/christinakosmeetika.ee\/et\/wp-json\/wp\/v2\/product_brand?post=5197"},{"taxonomy":"product_cat","embeddable":true,"href":"https:\/\/christinakosmeetika.ee\/et\/wp-json\/wp\/v2\/product_cat?post=5197"},{"taxonomy":"product_tag","embeddable":true,"href":"https:\/\/christinakosmeetika.ee\/et\/wp-json\/wp\/v2\/product_tag?post=5197"}],"curies":[{"name":"wp","href":"https:\/\/api.w.org\/{rel}","templated":true}]}}