{"id":5196,"date":"2022-10-27T13:26:14","date_gmt":"2022-10-27T13:26:14","guid":{"rendered":"https:\/\/christinakosmeetika.ee\/product\/nutrient-bakuchiol-day-cream-spf15-et\/"},"modified":"2026-04-15T15:13:19","modified_gmt":"2026-04-15T12:13:19","slug":"nutrient-bakuchiol-day-cream-spf15-et","status":"publish","type":"product","link":"https:\/\/christinakosmeetika.ee\/et\/toode\/nutrient-bakuchiol-day-cream-spf15-et\/","title":{"rendered":"Nutrient Bakuchiol Day Cream SPF15 50ml CHR867"},"content":{"rendered":"<div>\n<p>Pikaajalise niisutava toimega kreem kaitseb v\u00e4liste m\u00f5jutuste eest ja v\u00f5itleb vananemisilmingutega. Koos loodusliku retinoolilaadse aktiivse koostisosaga aeglustab see enneaegse vananemise m\u00e4rke, v\u00e4hendades peente joonte ja kortsude n\u00e4htavust.<\/p>\n<p>Bakuchioli &#8211; looduslik alternatiiv retinoolile &#8211; ennetab kortsude teket, helendab pigmenteerumist ja suurendab naha elastsust. Moisture magnet kompleks tagab pikaajalise niisutuse ja tugevdab naha loomulikku kaitset, ennetades edasist deh\u00fcdratsiooni. Microbiota regulator &amp; Yogurtene kompleks reguleerib naha mikrofloorat.<\/p>\n<p>Kakao seemneekstrakt v\u00e4hendab vabade radikaalide m\u00f5ju digiseadmetega t\u00f6\u00f6tamisel, ennetades &#8220;digitaalset&#8221; vananemist.<\/p>\n<p><strong>Kasutusjuhend:<\/strong><\/p>\n<p>Kandke n\u00e4ole ja masseerige \u00f5rnade liigutustega kuni t\u00e4ieliku imendumiseni.<\/p>\n<p><strong>Koostis:<\/strong><\/p>\n<\/div>\n<section>Deionized Water (Aqua), Ethylhexyl Methoxycinnamate, Isocetyl Alcohol, Stearic Acid, Cetearyl Alcohol, Butyl Methoxydibenzoylmethane, Propanediol, Cetearyl Ethylhexanoate, Cetyl Alcohol,Bis-Ethylhexyloxyphenol Methoxyphenyl Triazine, Pentylene Glycol, Cetearyl Glucoside, Isodecyl Neopentanoat, Polysorbate 80, Saccharide Isomerate, Triethanolamine, Glycerin, Caprylyl Glycol , Acrylates\/C10-30 Alkyl Acrylate Crosspolymer, Inulin, Panthenol, Tocopheryl Acetate, Perfume, Bakuchiol, Disodium Edta, Sodium Hyaluronate, Yogurt, Butylene Glycol, Glucose, Honokiol,Magnolol, Polymnia Sonchifolia Root Juice, 1,2-Hexanediol, Citric Acid, Theobroma Cacao Seed Extract, Sodium Citrate, Bacillus Ferment, Hexyl Cinnamal, Hydroxycitronellal, Alpha-Isomethyl,Geraniol, Citronnellol.<\/section>\n","protected":false},"excerpt":{"rendered":"<h4>Bakuchiol p\u00e4evakreem<\/h4>\n","protected":false},"featured_media":5749,"template":"","meta":[],"product_brand":[],"product_cat":[149],"product_tag":[],"class_list":{"0":"post-5196","1":"product","2":"type-product","3":"status-publish","4":"has-post-thumbnail","6":"product_cat-kreem","7":"product_shipping_class-smart-itella-post","8":"pa_krem-spf-spf-kreemid","9":"pa_linii-kosmetiki-line-repair-et","10":"pa_reshenie-problem-ebauhtlane-nahatoon","11":"pa_reshenie-problem-suhost","12":"pa_reshenie-problem-kuperoz","13":"pa_reshenie-problem-chuvstvitelnaja-koza","14":"pa_reshenie-problem-vananemise-margid","15":"pa_tip-kozi-kombi-et","16":"pa_tip-kozi-kuiv-et","17":"pa_tip-kozi-normaalne-et","18":"pa_tip-preparata-kreem","19":"pa_vremja-primenenija-paevane","21":"first","22":"instock","23":"taxable","24":"shipping-taxable","25":"purchasable","26":"product-type-simple"},"yoast_head":"<!-- This site is optimized with the Yoast SEO plugin v27.5 - https:\/\/yoast.com\/product\/yoast-seo-wordpress\/ -->\n<title>Nutrient Bakuchiol Day Cream SPF15 50ml CHR867 - Christinakosmeetika<\/title>\n<meta name=\"description\" content=\"Pikaajalise niisutava toimega kreem kaitseb v\u00e4liste tegurite m\u00f5ju eest ja v\u00f5itleb vananemism\u00e4rkidega, v\u00e4hendades peente joonte ja kortsude n\u00e4htavust.\" \/>\n<meta name=\"robots\" content=\"index, follow, max-snippet:-1, max-image-preview:large, max-video-preview:-1\" \/>\n<link rel=\"canonical\" href=\"https:\/\/christinakosmeetika.ee\/product\/nutrient-bakuchiol-day-cream-spf15\/\" \/>\n<meta property=\"og:locale\" content=\"et_EE\" \/>\n<meta property=\"og:type\" content=\"article\" \/>\n<meta property=\"og:title\" content=\"Nutrient Bakuchiol Day Cream SPF15 50ml CHR867 - Christinakosmeetika\" \/>\n<meta property=\"og:description\" content=\"Pikaajalise niisutava toimega kreem kaitseb v\u00e4liste tegurite m\u00f5ju eest ja v\u00f5itleb vananemism\u00e4rkidega, v\u00e4hendades peente joonte ja kortsude n\u00e4htavust.\" \/>\n<meta property=\"og:url\" content=\"https:\/\/christinakosmeetika.ee\/product\/nutrient-bakuchiol-day-cream-spf15\/\" \/>\n<meta property=\"og:site_name\" content=\"Christinakosmeetika\" \/>\n<meta property=\"article:modified_time\" content=\"2026-04-15T12:13:19+00:00\" \/>\n<meta property=\"og:image\" content=\"https:\/\/christinakosmeetika.ee\/wp-content\/uploads\/2022\/10\/Nutrient-Bakuchiol-Day-Cream-SPF15500.png\" \/>\n\t<meta property=\"og:image:width\" content=\"500\" \/>\n\t<meta property=\"og:image:height\" content=\"500\" \/>\n\t<meta property=\"og:image:type\" content=\"image\/png\" \/>\n<meta name=\"twitter:card\" content=\"summary_large_image\" \/>\n<meta name=\"twitter:label1\" content=\"Est. reading time\" \/>\n\t<meta name=\"twitter:data1\" content=\"1 minut\" \/>\n<script type=\"application\/ld+json\" class=\"yoast-schema-graph\">{\"@context\":\"https:\\\/\\\/schema.org\",\"@graph\":[{\"@type\":\"WebPage\",\"@id\":\"https:\\\/\\\/christinakosmeetika.ee\\\/product\\\/nutrient-bakuchiol-day-cream-spf15\\\/\",\"url\":\"https:\\\/\\\/christinakosmeetika.ee\\\/product\\\/nutrient-bakuchiol-day-cream-spf15\\\/\",\"name\":\"Nutrient Bakuchiol Day Cream SPF15 50ml CHR867 - Christinakosmeetika\",\"isPartOf\":{\"@id\":\"https:\\\/\\\/christinakosmeetika.ee\\\/#website\"},\"primaryImageOfPage\":{\"@id\":\"https:\\\/\\\/christinakosmeetika.ee\\\/product\\\/nutrient-bakuchiol-day-cream-spf15\\\/#primaryimage\"},\"image\":{\"@id\":\"https:\\\/\\\/christinakosmeetika.ee\\\/product\\\/nutrient-bakuchiol-day-cream-spf15\\\/#primaryimage\"},\"thumbnailUrl\":\"https:\\\/\\\/christinakosmeetika.ee\\\/wp-content\\\/uploads\\\/2022\\\/10\\\/Nutrient-Bakuchiol-Day-Cream-SPF15500.png\",\"datePublished\":\"2022-10-27T13:26:14+00:00\",\"dateModified\":\"2026-04-15T12:13:19+00:00\",\"description\":\"Pikaajalise niisutava toimega kreem kaitseb v\u00e4liste tegurite m\u00f5ju eest ja v\u00f5itleb vananemism\u00e4rkidega, v\u00e4hendades peente joonte ja kortsude n\u00e4htavust.\",\"breadcrumb\":{\"@id\":\"https:\\\/\\\/christinakosmeetika.ee\\\/product\\\/nutrient-bakuchiol-day-cream-spf15\\\/#breadcrumb\"},\"inLanguage\":\"et\",\"potentialAction\":[{\"@type\":\"ReadAction\",\"target\":[\"https:\\\/\\\/christinakosmeetika.ee\\\/product\\\/nutrient-bakuchiol-day-cream-spf15\\\/\"]}]},{\"@type\":\"ImageObject\",\"inLanguage\":\"et\",\"@id\":\"https:\\\/\\\/christinakosmeetika.ee\\\/product\\\/nutrient-bakuchiol-day-cream-spf15\\\/#primaryimage\",\"url\":\"https:\\\/\\\/christinakosmeetika.ee\\\/wp-content\\\/uploads\\\/2022\\\/10\\\/Nutrient-Bakuchiol-Day-Cream-SPF15500.png\",\"contentUrl\":\"https:\\\/\\\/christinakosmeetika.ee\\\/wp-content\\\/uploads\\\/2022\\\/10\\\/Nutrient-Bakuchiol-Day-Cream-SPF15500.png\",\"width\":500,\"height\":500},{\"@type\":\"BreadcrumbList\",\"@id\":\"https:\\\/\\\/christinakosmeetika.ee\\\/product\\\/nutrient-bakuchiol-day-cream-spf15\\\/#breadcrumb\",\"itemListElement\":[{\"@type\":\"ListItem\",\"position\":1,\"name\":\"\u0413\u043b\u0430\u0432\u043d\u0430\u044f \u0441\u0442\u0440\u0430\u043d\u0438\u0446\u0430\",\"item\":\"https:\\\/\\\/christinakosmeetika.ee\\\/et\\\/\"},{\"@type\":\"ListItem\",\"position\":2,\"name\":\"Pood\",\"item\":\"https:\\\/\\\/christinakosmeetika.ee\\\/et\\\/shop\\\/\"},{\"@type\":\"ListItem\",\"position\":3,\"name\":\"Nutrient Bakuchiol Day Cream SPF15 50ml CHR867\"}]},{\"@type\":\"WebSite\",\"@id\":\"https:\\\/\\\/christinakosmeetika.ee\\\/#website\",\"url\":\"https:\\\/\\\/christinakosmeetika.ee\\\/\",\"name\":\"Christinakosmeetika\",\"description\":\"Christina kosmeetika Eestis\",\"alternateName\":\"Christina kosmeetika Eestis\",\"potentialAction\":[{\"@type\":\"SearchAction\",\"target\":{\"@type\":\"EntryPoint\",\"urlTemplate\":\"https:\\\/\\\/christinakosmeetika.ee\\\/?s={search_term_string}\"},\"query-input\":{\"@type\":\"PropertyValueSpecification\",\"valueRequired\":true,\"valueName\":\"search_term_string\"}}],\"inLanguage\":\"et\"}]}<\/script>\n<!-- \/ Yoast SEO plugin. -->","yoast_head_json":{"title":"Nutrient Bakuchiol Day Cream SPF15 50ml CHR867 - Christinakosmeetika","description":"Pikaajalise niisutava toimega kreem kaitseb v\u00e4liste tegurite m\u00f5ju eest ja v\u00f5itleb vananemism\u00e4rkidega, v\u00e4hendades peente joonte ja kortsude n\u00e4htavust.","robots":{"index":"index","follow":"follow","max-snippet":"max-snippet:-1","max-image-preview":"max-image-preview:large","max-video-preview":"max-video-preview:-1"},"canonical":"https:\/\/christinakosmeetika.ee\/product\/nutrient-bakuchiol-day-cream-spf15\/","og_locale":"et_EE","og_type":"article","og_title":"Nutrient Bakuchiol Day Cream SPF15 50ml CHR867 - Christinakosmeetika","og_description":"Pikaajalise niisutava toimega kreem kaitseb v\u00e4liste tegurite m\u00f5ju eest ja v\u00f5itleb vananemism\u00e4rkidega, v\u00e4hendades peente joonte ja kortsude n\u00e4htavust.","og_url":"https:\/\/christinakosmeetika.ee\/product\/nutrient-bakuchiol-day-cream-spf15\/","og_site_name":"Christinakosmeetika","article_modified_time":"2026-04-15T12:13:19+00:00","og_image":[{"width":500,"height":500,"url":"https:\/\/christinakosmeetika.ee\/wp-content\/uploads\/2022\/10\/Nutrient-Bakuchiol-Day-Cream-SPF15500.png","type":"image\/png"}],"twitter_card":"summary_large_image","twitter_misc":{"Est. reading time":"1 minut"},"schema":{"@context":"https:\/\/schema.org","@graph":[{"@type":"WebPage","@id":"https:\/\/christinakosmeetika.ee\/product\/nutrient-bakuchiol-day-cream-spf15\/","url":"https:\/\/christinakosmeetika.ee\/product\/nutrient-bakuchiol-day-cream-spf15\/","name":"Nutrient Bakuchiol Day Cream SPF15 50ml CHR867 - Christinakosmeetika","isPartOf":{"@id":"https:\/\/christinakosmeetika.ee\/#website"},"primaryImageOfPage":{"@id":"https:\/\/christinakosmeetika.ee\/product\/nutrient-bakuchiol-day-cream-spf15\/#primaryimage"},"image":{"@id":"https:\/\/christinakosmeetika.ee\/product\/nutrient-bakuchiol-day-cream-spf15\/#primaryimage"},"thumbnailUrl":"https:\/\/christinakosmeetika.ee\/wp-content\/uploads\/2022\/10\/Nutrient-Bakuchiol-Day-Cream-SPF15500.png","datePublished":"2022-10-27T13:26:14+00:00","dateModified":"2026-04-15T12:13:19+00:00","description":"Pikaajalise niisutava toimega kreem kaitseb v\u00e4liste tegurite m\u00f5ju eest ja v\u00f5itleb vananemism\u00e4rkidega, v\u00e4hendades peente joonte ja kortsude n\u00e4htavust.","breadcrumb":{"@id":"https:\/\/christinakosmeetika.ee\/product\/nutrient-bakuchiol-day-cream-spf15\/#breadcrumb"},"inLanguage":"et","potentialAction":[{"@type":"ReadAction","target":["https:\/\/christinakosmeetika.ee\/product\/nutrient-bakuchiol-day-cream-spf15\/"]}]},{"@type":"ImageObject","inLanguage":"et","@id":"https:\/\/christinakosmeetika.ee\/product\/nutrient-bakuchiol-day-cream-spf15\/#primaryimage","url":"https:\/\/christinakosmeetika.ee\/wp-content\/uploads\/2022\/10\/Nutrient-Bakuchiol-Day-Cream-SPF15500.png","contentUrl":"https:\/\/christinakosmeetika.ee\/wp-content\/uploads\/2022\/10\/Nutrient-Bakuchiol-Day-Cream-SPF15500.png","width":500,"height":500},{"@type":"BreadcrumbList","@id":"https:\/\/christinakosmeetika.ee\/product\/nutrient-bakuchiol-day-cream-spf15\/#breadcrumb","itemListElement":[{"@type":"ListItem","position":1,"name":"\u0413\u043b\u0430\u0432\u043d\u0430\u044f \u0441\u0442\u0440\u0430\u043d\u0438\u0446\u0430","item":"https:\/\/christinakosmeetika.ee\/et\/"},{"@type":"ListItem","position":2,"name":"Pood","item":"https:\/\/christinakosmeetika.ee\/et\/shop\/"},{"@type":"ListItem","position":3,"name":"Nutrient Bakuchiol Day Cream SPF15 50ml CHR867"}]},{"@type":"WebSite","@id":"https:\/\/christinakosmeetika.ee\/#website","url":"https:\/\/christinakosmeetika.ee\/","name":"Christinakosmeetika","description":"Christina kosmeetika Eestis","alternateName":"Christina kosmeetika Eestis","potentialAction":[{"@type":"SearchAction","target":{"@type":"EntryPoint","urlTemplate":"https:\/\/christinakosmeetika.ee\/?s={search_term_string}"},"query-input":{"@type":"PropertyValueSpecification","valueRequired":true,"valueName":"search_term_string"}}],"inLanguage":"et"}]}},"_links":{"self":[{"href":"https:\/\/christinakosmeetika.ee\/et\/wp-json\/wp\/v2\/product\/5196","targetHints":{"allow":["GET"]}}],"collection":[{"href":"https:\/\/christinakosmeetika.ee\/et\/wp-json\/wp\/v2\/product"}],"about":[{"href":"https:\/\/christinakosmeetika.ee\/et\/wp-json\/wp\/v2\/types\/product"}],"wp:featuredmedia":[{"embeddable":true,"href":"https:\/\/christinakosmeetika.ee\/et\/wp-json\/wp\/v2\/media\/5749"}],"wp:attachment":[{"href":"https:\/\/christinakosmeetika.ee\/et\/wp-json\/wp\/v2\/media?parent=5196"}],"wp:term":[{"taxonomy":"product_brand","embeddable":true,"href":"https:\/\/christinakosmeetika.ee\/et\/wp-json\/wp\/v2\/product_brand?post=5196"},{"taxonomy":"product_cat","embeddable":true,"href":"https:\/\/christinakosmeetika.ee\/et\/wp-json\/wp\/v2\/product_cat?post=5196"},{"taxonomy":"product_tag","embeddable":true,"href":"https:\/\/christinakosmeetika.ee\/et\/wp-json\/wp\/v2\/product_tag?post=5196"}],"curies":[{"name":"wp","href":"https:\/\/api.w.org\/{rel}","templated":true}]}}