{"id":5194,"date":"2022-10-28T11:58:00","date_gmt":"2022-10-28T11:58:00","guid":{"rendered":"https:\/\/christinakosmeetika.ee\/product\/hydra-lactic-intense-peel-et\/"},"modified":"2026-04-10T10:32:04","modified_gmt":"2026-04-10T07:32:04","slug":"hydra-lactic-intense-peel-et","status":"publish","type":"product","link":"https:\/\/christinakosmeetika.ee\/et\/toode\/hydra-lactic-intense-peel-et\/","title":{"rendered":"Line Repair Hydra Lactic Intense Peel 50ml CHR932"},"content":{"rendered":"<section>\n<div>\n<p>Piimhappega geelkoorija stimuleerib rakkude intensiivset uuenemist. Rikastatud C-vitamiiniga, mis v\u00e4hendab pigmentatsiooni ja aitab \u00fchtlustada nahatooni. Nahk muutub niisutatuks ja omandab loomuliku s\u00e4ra.<\/p>\n<p>Piimhape, mis on saadud piima k\u00e4\u00e4ritamisel, stimuleerib rakkude uuenemist ja omab noorendavat toimet, v\u00e4hendades kortsude n\u00e4htavust. Lagritsaekstrakt korrigeerib h\u00fcperpigmentatsiooni, muutes jume \u00fchtlasemaks. N\u00f5iapuu (Hamamelis) sisaldab suures koguses tanniine, mis leevendavad punetust ja p\u00f5letikku, aidates kaasa kahjustatud ja p\u00f5letikulise naha paranemisele.<\/p>\n<\/div>\n<\/section>\n<section>\n<div>\n<p><strong>Kasutamine:<\/strong><\/p>\n<p>Kanna \u00fchtlase kihina n\u00e4ole \u00fcks-kaks korda n\u00e4dalas. J\u00e4ta peale 3-5 minutiks, s\u00f5ltuvalt naha reaktsioonist. Eemalda hoolikalt niiske lapiga.<\/p>\n<\/div>\n<\/section>\n<section><strong>Koostis: <\/strong>Deionized Water (Aqua), Lactic Acid, Glycerin, Sodium Hydroxide, Peg-7 Glyceryl Cocoate, Polysorbate 20, Hamamelis Virginiana (Witch Hazel) Extract, Phenoxyethanol, Panthenol, Sodium Pca,Sodium Lactate, Caprylyl Glycol, Butylene Glycol, Perfume, Ethylhexylglycerin, Sodium Phytate, Chlorella Vulgaris Extract, Sodium Hyaluronate, Plankton Extract, Arnica Montana Flower Extract, Benzyl Alcohol, Niacinamide, 1,2-Hexanediol, Glycine, Urea, Fructose, Sodium Benzoate, Arginine Ferulate, Potassium Sorbate, Alcohol, Inositol, Dehydroacetic Acid, Citric Acid,Alpha-Isomethyl Ionone, Citronnellol, Linalool, Limonene.<\/section>\n","protected":false},"excerpt":{"rendered":"<p>Piimhappekoorija<\/p>\n","protected":false},"featured_media":5738,"template":"","meta":[],"product_brand":[],"product_cat":[181],"product_tag":[],"class_list":{"0":"post-5194","1":"product","2":"type-product","3":"status-publish","4":"has-post-thumbnail","6":"product_cat-koorimine","7":"product_shipping_class-smart-itella-post","8":"pa_linii-kosmetiki-line-repair-et","9":"pa_reshenie-problem-ebauhtlane-nahatekstuur","10":"pa_reshenie-problem-ebauhtlane-nahatoon","11":"pa_reshenie-problem-vananemise-margid","12":"pa_tip-kozi-koik-nahatuubid-et","13":"pa_tip-kozi-kombi-et","14":"pa_tip-kozi-kuiv-et","15":"pa_tip-kozi-normaalne-et","16":"pa_tip-kozi-rasvane-et","17":"pa_tip-preparata-koorimine","18":"pa_vremja-primenenija-oine","19":"pa_vremja-primenenija-paevane","21":"first","22":"instock","23":"taxable","24":"shipping-taxable","25":"purchasable","26":"product-type-simple"},"yoast_head":"<!-- This site is optimized with the Yoast SEO plugin v27.5 - https:\/\/yoast.com\/product\/yoast-seo-wordpress\/ -->\n<title>Line Repair Hydra Lactic Intense Peel 50ml CHR932 - Christinakosmeetika<\/title>\n<meta name=\"description\" content=\"Rikastatud C-vitamiiniga, mis v\u00e4hendab pigmentatsiooni ja aitab \u00fchtlustada nahatooni. Nahk muutub niisutatuks ja omandab loomuliku s\u00e4ra.\" \/>\n<meta name=\"robots\" content=\"index, follow, max-snippet:-1, max-image-preview:large, max-video-preview:-1\" \/>\n<link rel=\"canonical\" href=\"https:\/\/christinakosmeetika.ee\/et\/toode\/hydra-lactic-intense-peel-et\/\" \/>\n<meta property=\"og:locale\" content=\"et_EE\" \/>\n<meta property=\"og:type\" content=\"article\" \/>\n<meta property=\"og:title\" content=\"Line Repair Hydra Lactic Intense Peel 50ml CHR932 - Christinakosmeetika\" \/>\n<meta property=\"og:description\" content=\"Rikastatud C-vitamiiniga, mis v\u00e4hendab pigmentatsiooni ja aitab \u00fchtlustada nahatooni. Nahk muutub niisutatuks ja omandab loomuliku s\u00e4ra.\" \/>\n<meta property=\"og:url\" content=\"https:\/\/christinakosmeetika.ee\/et\/toode\/hydra-lactic-intense-peel-et\/\" \/>\n<meta property=\"og:site_name\" content=\"Christinakosmeetika\" \/>\n<meta property=\"article:modified_time\" content=\"2026-04-10T07:32:04+00:00\" \/>\n<meta property=\"og:image\" content=\"https:\/\/christinakosmeetika.ee\/wp-content\/uploads\/2022\/10\/Hydra-Lactic-Intense-Peel500.png\" \/>\n\t<meta property=\"og:image:width\" content=\"500\" \/>\n\t<meta property=\"og:image:height\" content=\"500\" \/>\n\t<meta property=\"og:image:type\" content=\"image\/png\" \/>\n<meta name=\"twitter:card\" content=\"summary_large_image\" \/>\n<meta name=\"twitter:label1\" content=\"Est. reading time\" \/>\n\t<meta name=\"twitter:data1\" content=\"1 minut\" \/>\n<script type=\"application\/ld+json\" class=\"yoast-schema-graph\">{\"@context\":\"https:\\\/\\\/schema.org\",\"@graph\":[{\"@type\":\"WebPage\",\"@id\":\"https:\\\/\\\/christinakosmeetika.ee\\\/et\\\/toode\\\/hydra-lactic-intense-peel-et\\\/\",\"url\":\"https:\\\/\\\/christinakosmeetika.ee\\\/et\\\/toode\\\/hydra-lactic-intense-peel-et\\\/\",\"name\":\"Line Repair Hydra Lactic Intense Peel 50ml CHR932 - Christinakosmeetika\",\"isPartOf\":{\"@id\":\"https:\\\/\\\/christinakosmeetika.ee\\\/#website\"},\"primaryImageOfPage\":{\"@id\":\"https:\\\/\\\/christinakosmeetika.ee\\\/et\\\/toode\\\/hydra-lactic-intense-peel-et\\\/#primaryimage\"},\"image\":{\"@id\":\"https:\\\/\\\/christinakosmeetika.ee\\\/et\\\/toode\\\/hydra-lactic-intense-peel-et\\\/#primaryimage\"},\"thumbnailUrl\":\"https:\\\/\\\/christinakosmeetika.ee\\\/wp-content\\\/uploads\\\/2022\\\/10\\\/Hydra-Lactic-Intense-Peel500.png\",\"datePublished\":\"2022-10-28T11:58:00+00:00\",\"dateModified\":\"2026-04-10T07:32:04+00:00\",\"description\":\"Rikastatud C-vitamiiniga, mis v\u00e4hendab pigmentatsiooni ja aitab \u00fchtlustada nahatooni. Nahk muutub niisutatuks ja omandab loomuliku s\u00e4ra.\",\"breadcrumb\":{\"@id\":\"https:\\\/\\\/christinakosmeetika.ee\\\/et\\\/toode\\\/hydra-lactic-intense-peel-et\\\/#breadcrumb\"},\"inLanguage\":\"et\",\"potentialAction\":[{\"@type\":\"ReadAction\",\"target\":[\"https:\\\/\\\/christinakosmeetika.ee\\\/et\\\/toode\\\/hydra-lactic-intense-peel-et\\\/\"]}]},{\"@type\":\"ImageObject\",\"inLanguage\":\"et\",\"@id\":\"https:\\\/\\\/christinakosmeetika.ee\\\/et\\\/toode\\\/hydra-lactic-intense-peel-et\\\/#primaryimage\",\"url\":\"https:\\\/\\\/christinakosmeetika.ee\\\/wp-content\\\/uploads\\\/2022\\\/10\\\/Hydra-Lactic-Intense-Peel500.png\",\"contentUrl\":\"https:\\\/\\\/christinakosmeetika.ee\\\/wp-content\\\/uploads\\\/2022\\\/10\\\/Hydra-Lactic-Intense-Peel500.png\",\"width\":500,\"height\":500},{\"@type\":\"BreadcrumbList\",\"@id\":\"https:\\\/\\\/christinakosmeetika.ee\\\/et\\\/toode\\\/hydra-lactic-intense-peel-et\\\/#breadcrumb\",\"itemListElement\":[{\"@type\":\"ListItem\",\"position\":1,\"name\":\"\u0413\u043b\u0430\u0432\u043d\u0430\u044f \u0441\u0442\u0440\u0430\u043d\u0438\u0446\u0430\",\"item\":\"https:\\\/\\\/christinakosmeetika.ee\\\/et\\\/\"},{\"@type\":\"ListItem\",\"position\":2,\"name\":\"Pood\",\"item\":\"https:\\\/\\\/christinakosmeetika.ee\\\/et\\\/shop\\\/\"},{\"@type\":\"ListItem\",\"position\":3,\"name\":\"Line Repair Hydra Lactic Intense Peel 50ml CHR932\"}]},{\"@type\":\"WebSite\",\"@id\":\"https:\\\/\\\/christinakosmeetika.ee\\\/#website\",\"url\":\"https:\\\/\\\/christinakosmeetika.ee\\\/\",\"name\":\"Christinakosmeetika\",\"description\":\"Christina kosmeetika Eestis\",\"alternateName\":\"Christina kosmeetika Eestis\",\"potentialAction\":[{\"@type\":\"SearchAction\",\"target\":{\"@type\":\"EntryPoint\",\"urlTemplate\":\"https:\\\/\\\/christinakosmeetika.ee\\\/?s={search_term_string}\"},\"query-input\":{\"@type\":\"PropertyValueSpecification\",\"valueRequired\":true,\"valueName\":\"search_term_string\"}}],\"inLanguage\":\"et\"}]}<\/script>\n<!-- \/ Yoast SEO plugin. -->","yoast_head_json":{"title":"Line Repair Hydra Lactic Intense Peel 50ml CHR932 - Christinakosmeetika","description":"Rikastatud C-vitamiiniga, mis v\u00e4hendab pigmentatsiooni ja aitab \u00fchtlustada nahatooni. Nahk muutub niisutatuks ja omandab loomuliku s\u00e4ra.","robots":{"index":"index","follow":"follow","max-snippet":"max-snippet:-1","max-image-preview":"max-image-preview:large","max-video-preview":"max-video-preview:-1"},"canonical":"https:\/\/christinakosmeetika.ee\/et\/toode\/hydra-lactic-intense-peel-et\/","og_locale":"et_EE","og_type":"article","og_title":"Line Repair Hydra Lactic Intense Peel 50ml CHR932 - Christinakosmeetika","og_description":"Rikastatud C-vitamiiniga, mis v\u00e4hendab pigmentatsiooni ja aitab \u00fchtlustada nahatooni. Nahk muutub niisutatuks ja omandab loomuliku s\u00e4ra.","og_url":"https:\/\/christinakosmeetika.ee\/et\/toode\/hydra-lactic-intense-peel-et\/","og_site_name":"Christinakosmeetika","article_modified_time":"2026-04-10T07:32:04+00:00","og_image":[{"width":500,"height":500,"url":"https:\/\/christinakosmeetika.ee\/wp-content\/uploads\/2022\/10\/Hydra-Lactic-Intense-Peel500.png","type":"image\/png"}],"twitter_card":"summary_large_image","twitter_misc":{"Est. reading time":"1 minut"},"schema":{"@context":"https:\/\/schema.org","@graph":[{"@type":"WebPage","@id":"https:\/\/christinakosmeetika.ee\/et\/toode\/hydra-lactic-intense-peel-et\/","url":"https:\/\/christinakosmeetika.ee\/et\/toode\/hydra-lactic-intense-peel-et\/","name":"Line Repair Hydra Lactic Intense Peel 50ml CHR932 - Christinakosmeetika","isPartOf":{"@id":"https:\/\/christinakosmeetika.ee\/#website"},"primaryImageOfPage":{"@id":"https:\/\/christinakosmeetika.ee\/et\/toode\/hydra-lactic-intense-peel-et\/#primaryimage"},"image":{"@id":"https:\/\/christinakosmeetika.ee\/et\/toode\/hydra-lactic-intense-peel-et\/#primaryimage"},"thumbnailUrl":"https:\/\/christinakosmeetika.ee\/wp-content\/uploads\/2022\/10\/Hydra-Lactic-Intense-Peel500.png","datePublished":"2022-10-28T11:58:00+00:00","dateModified":"2026-04-10T07:32:04+00:00","description":"Rikastatud C-vitamiiniga, mis v\u00e4hendab pigmentatsiooni ja aitab \u00fchtlustada nahatooni. Nahk muutub niisutatuks ja omandab loomuliku s\u00e4ra.","breadcrumb":{"@id":"https:\/\/christinakosmeetika.ee\/et\/toode\/hydra-lactic-intense-peel-et\/#breadcrumb"},"inLanguage":"et","potentialAction":[{"@type":"ReadAction","target":["https:\/\/christinakosmeetika.ee\/et\/toode\/hydra-lactic-intense-peel-et\/"]}]},{"@type":"ImageObject","inLanguage":"et","@id":"https:\/\/christinakosmeetika.ee\/et\/toode\/hydra-lactic-intense-peel-et\/#primaryimage","url":"https:\/\/christinakosmeetika.ee\/wp-content\/uploads\/2022\/10\/Hydra-Lactic-Intense-Peel500.png","contentUrl":"https:\/\/christinakosmeetika.ee\/wp-content\/uploads\/2022\/10\/Hydra-Lactic-Intense-Peel500.png","width":500,"height":500},{"@type":"BreadcrumbList","@id":"https:\/\/christinakosmeetika.ee\/et\/toode\/hydra-lactic-intense-peel-et\/#breadcrumb","itemListElement":[{"@type":"ListItem","position":1,"name":"\u0413\u043b\u0430\u0432\u043d\u0430\u044f \u0441\u0442\u0440\u0430\u043d\u0438\u0446\u0430","item":"https:\/\/christinakosmeetika.ee\/et\/"},{"@type":"ListItem","position":2,"name":"Pood","item":"https:\/\/christinakosmeetika.ee\/et\/shop\/"},{"@type":"ListItem","position":3,"name":"Line Repair Hydra Lactic Intense Peel 50ml CHR932"}]},{"@type":"WebSite","@id":"https:\/\/christinakosmeetika.ee\/#website","url":"https:\/\/christinakosmeetika.ee\/","name":"Christinakosmeetika","description":"Christina kosmeetika Eestis","alternateName":"Christina kosmeetika Eestis","potentialAction":[{"@type":"SearchAction","target":{"@type":"EntryPoint","urlTemplate":"https:\/\/christinakosmeetika.ee\/?s={search_term_string}"},"query-input":{"@type":"PropertyValueSpecification","valueRequired":true,"valueName":"search_term_string"}}],"inLanguage":"et"}]}},"_links":{"self":[{"href":"https:\/\/christinakosmeetika.ee\/et\/wp-json\/wp\/v2\/product\/5194","targetHints":{"allow":["GET"]}}],"collection":[{"href":"https:\/\/christinakosmeetika.ee\/et\/wp-json\/wp\/v2\/product"}],"about":[{"href":"https:\/\/christinakosmeetika.ee\/et\/wp-json\/wp\/v2\/types\/product"}],"wp:featuredmedia":[{"embeddable":true,"href":"https:\/\/christinakosmeetika.ee\/et\/wp-json\/wp\/v2\/media\/5738"}],"wp:attachment":[{"href":"https:\/\/christinakosmeetika.ee\/et\/wp-json\/wp\/v2\/media?parent=5194"}],"wp:term":[{"taxonomy":"product_brand","embeddable":true,"href":"https:\/\/christinakosmeetika.ee\/et\/wp-json\/wp\/v2\/product_brand?post=5194"},{"taxonomy":"product_cat","embeddable":true,"href":"https:\/\/christinakosmeetika.ee\/et\/wp-json\/wp\/v2\/product_cat?post=5194"},{"taxonomy":"product_tag","embeddable":true,"href":"https:\/\/christinakosmeetika.ee\/et\/wp-json\/wp\/v2\/product_tag?post=5194"}],"curies":[{"name":"wp","href":"https:\/\/api.w.org\/{rel}","templated":true}]}}