{"id":5193,"date":"2022-10-27T09:52:37","date_gmt":"2022-10-27T09:52:37","guid":{"rendered":"https:\/\/christinakosmeetika.ee\/product\/glow-satin-smooth-night-cream-et\/"},"modified":"2026-04-15T12:39:05","modified_gmt":"2026-04-15T09:39:05","slug":"glow-satin-smooth-night-cream-et","status":"publish","type":"product","link":"https:\/\/christinakosmeetika.ee\/et\/toode\/glow-satin-smooth-night-cream-et\/","title":{"rendered":"Line Repair Glow Satin Smooth Night Cream 50ml CHR906"},"content":{"rendered":"<div>\n<p>\u00d6ine kreem sametise tekstuuriga silub reljeefi, suurendab elastsust ja taastab niiskuse tasakaalu.<\/p>\n<p>Energiakompleks Energy booster suurendab hapniku sisaldust ja tarbimist energia ja naha eluj\u00f5u taastamiseks. Pore minimizer kompleks silub reljeefi, ahendab poore ja tihendab nahka, taastades elastsuse ja tagastades tervisliku jume. Hiidpruunvetika ekstrakt ennetab naha vananemist: optimeerib kollageeni ja elastiini s\u00fcnteesi, muutes naha siledamaks ja elastsemaks. Cupua\u00e7u \u00f5li on suurep\u00e4rane pehmendav aine, taastab elastsuse, varustab antioks\u00fcdantidega ja niisutab nahka.<\/p>\n<p><strong>Kasutusviis:<\/strong><\/p>\n<p>Kandke kreem \u00fchtlaselt n\u00e4o, kaela ja dekolteele, masseerivate liigutustega t\u00e4ieliku imendumiseni. Kasutage \u00f5htuti.<\/p>\n<p><strong>Koostis:<\/strong><\/p>\n<\/div>\n<section>\n<p style=\"text-align: left;\">Deionized Water (Aqua), Glycerin, Caprylic\/Capric Triglyceride, Cetyl Alcohol, Isodecyl Neopentanoate, Theobroma Grandiflorum Seed Butter, Cetearyl Alcohol, Phenoxyethanol, Cetyl Stearate, Isostearyl Isostearate, Potassium Cetyl Phosphate, Stearic Acid, Sodium Acrylate Copolymer, Cetearyl Glucoside, Dicetyl Phosphate, Tocopheryl Acetate, Caprylyl Glycol, Perfume, Lecithin, Aloe Barbadensis Leaf Extract, Sodium Phytate, Erythritol, Ethylhexylglycerin, Sorbitan Trioleate, Macrocystis Pyrifera, Glutamic Acid, Glucose, Sodium Hydroxide, Hibiscus Sabdariffa Fruit Extract, Threonine, Valine, Apium Graveolens (Celery) Root\/Seed Extract, Sodium Benzoate, Potassium Sorbate, Linum Usitatissimum(Linseed) Seed Extract, Citric Acid, Sodium Metabisulfite,Tocopherol, Hexyl Cinnamal, Benzyl Salicylate, Linalool, Hydroxycitronellal, Benzyl Alcohol, Limonene.<\/p>\n<\/section>\n","protected":false},"excerpt":{"rendered":"<h4>Siluv \u00f6ine kreem nimega &#8216;Satiin&#8217;<\/h4>\n","protected":false},"featured_media":5728,"template":"","meta":[],"product_brand":[],"product_cat":[149],"product_tag":[],"class_list":{"0":"post-5193","1":"product","2":"type-product","3":"status-publish","4":"has-post-thumbnail","6":"product_cat-kreem","7":"product_shipping_class-smart-itella-post","8":"pa_linii-kosmetiki-line-repair-et","9":"pa_reshenie-problem-dehudratsioon","10":"pa_reshenie-problem-ebauhtlane-nahatekstuur","11":"pa_reshenie-problem-vahenenud-elastsus","12":"pa_tip-kozi-kombi-et","13":"pa_tip-kozi-normaalne-et","14":"pa_tip-kozi-rasvane-et","15":"pa_tip-preparata-kreem","17":"first","18":"instock","19":"taxable","20":"shipping-taxable","21":"purchasable","22":"product-type-simple"},"yoast_head":"<!-- This site is optimized with the Yoast SEO plugin v27.5 - https:\/\/yoast.com\/product\/yoast-seo-wordpress\/ -->\n<title>Line Repair Glow Satin Smooth Night Cream 50ml CHR906 - Christinakosmeetika<\/title>\n<meta name=\"description\" content=\"Sametise tekstuuriga \u00f6\u00f6kreem \u00fchtlustab naha reljeefi, suurendab elastsust ja taastab niiskustasakaalu. Ahendab poore ja tihendab nahka.\" \/>\n<meta name=\"robots\" content=\"index, follow, max-snippet:-1, max-image-preview:large, max-video-preview:-1\" \/>\n<link rel=\"canonical\" href=\"https:\/\/christinakosmeetika.ee\/et\/toode\/glow-satin-smooth-night-cream-et\/\" \/>\n<meta property=\"og:locale\" content=\"et_EE\" \/>\n<meta property=\"og:type\" content=\"article\" \/>\n<meta property=\"og:title\" content=\"Line Repair Glow Satin Smooth Night Cream 50ml CHR906 - Christinakosmeetika\" \/>\n<meta property=\"og:description\" content=\"Sametise tekstuuriga \u00f6\u00f6kreem \u00fchtlustab naha reljeefi, suurendab elastsust ja taastab niiskustasakaalu. Ahendab poore ja tihendab nahka.\" \/>\n<meta property=\"og:url\" content=\"https:\/\/christinakosmeetika.ee\/et\/toode\/glow-satin-smooth-night-cream-et\/\" \/>\n<meta property=\"og:site_name\" content=\"Christinakosmeetika\" \/>\n<meta property=\"article:modified_time\" content=\"2026-04-15T09:39:05+00:00\" \/>\n<meta property=\"og:image\" content=\"https:\/\/christinakosmeetika.ee\/wp-content\/uploads\/2022\/10\/Glow-Satin-Smooth-Night-Cream500.png\" \/>\n\t<meta property=\"og:image:width\" content=\"500\" \/>\n\t<meta property=\"og:image:height\" content=\"500\" \/>\n\t<meta property=\"og:image:type\" content=\"image\/png\" \/>\n<meta name=\"twitter:card\" content=\"summary_large_image\" \/>\n<meta name=\"twitter:label1\" content=\"Est. reading time\" \/>\n\t<meta name=\"twitter:data1\" content=\"1 minut\" \/>\n<script type=\"application\/ld+json\" class=\"yoast-schema-graph\">{\"@context\":\"https:\\\/\\\/schema.org\",\"@graph\":[{\"@type\":\"WebPage\",\"@id\":\"https:\\\/\\\/christinakosmeetika.ee\\\/et\\\/toode\\\/glow-satin-smooth-night-cream-et\\\/\",\"url\":\"https:\\\/\\\/christinakosmeetika.ee\\\/et\\\/toode\\\/glow-satin-smooth-night-cream-et\\\/\",\"name\":\"Line Repair Glow Satin Smooth Night Cream 50ml CHR906 - Christinakosmeetika\",\"isPartOf\":{\"@id\":\"https:\\\/\\\/christinakosmeetika.ee\\\/#website\"},\"primaryImageOfPage\":{\"@id\":\"https:\\\/\\\/christinakosmeetika.ee\\\/et\\\/toode\\\/glow-satin-smooth-night-cream-et\\\/#primaryimage\"},\"image\":{\"@id\":\"https:\\\/\\\/christinakosmeetika.ee\\\/et\\\/toode\\\/glow-satin-smooth-night-cream-et\\\/#primaryimage\"},\"thumbnailUrl\":\"https:\\\/\\\/christinakosmeetika.ee\\\/wp-content\\\/uploads\\\/2022\\\/10\\\/Glow-Satin-Smooth-Night-Cream500.png\",\"datePublished\":\"2022-10-27T09:52:37+00:00\",\"dateModified\":\"2026-04-15T09:39:05+00:00\",\"description\":\"Sametise tekstuuriga \u00f6\u00f6kreem \u00fchtlustab naha reljeefi, suurendab elastsust ja taastab niiskustasakaalu. Ahendab poore ja tihendab nahka.\",\"breadcrumb\":{\"@id\":\"https:\\\/\\\/christinakosmeetika.ee\\\/et\\\/toode\\\/glow-satin-smooth-night-cream-et\\\/#breadcrumb\"},\"inLanguage\":\"et\",\"potentialAction\":[{\"@type\":\"ReadAction\",\"target\":[\"https:\\\/\\\/christinakosmeetika.ee\\\/et\\\/toode\\\/glow-satin-smooth-night-cream-et\\\/\"]}]},{\"@type\":\"ImageObject\",\"inLanguage\":\"et\",\"@id\":\"https:\\\/\\\/christinakosmeetika.ee\\\/et\\\/toode\\\/glow-satin-smooth-night-cream-et\\\/#primaryimage\",\"url\":\"https:\\\/\\\/christinakosmeetika.ee\\\/wp-content\\\/uploads\\\/2022\\\/10\\\/Glow-Satin-Smooth-Night-Cream500.png\",\"contentUrl\":\"https:\\\/\\\/christinakosmeetika.ee\\\/wp-content\\\/uploads\\\/2022\\\/10\\\/Glow-Satin-Smooth-Night-Cream500.png\",\"width\":500,\"height\":500},{\"@type\":\"BreadcrumbList\",\"@id\":\"https:\\\/\\\/christinakosmeetika.ee\\\/et\\\/toode\\\/glow-satin-smooth-night-cream-et\\\/#breadcrumb\",\"itemListElement\":[{\"@type\":\"ListItem\",\"position\":1,\"name\":\"\u0413\u043b\u0430\u0432\u043d\u0430\u044f \u0441\u0442\u0440\u0430\u043d\u0438\u0446\u0430\",\"item\":\"https:\\\/\\\/christinakosmeetika.ee\\\/et\\\/\"},{\"@type\":\"ListItem\",\"position\":2,\"name\":\"Pood\",\"item\":\"https:\\\/\\\/christinakosmeetika.ee\\\/et\\\/shop\\\/\"},{\"@type\":\"ListItem\",\"position\":3,\"name\":\"Line Repair Glow Satin Smooth Night Cream 50ml CHR906\"}]},{\"@type\":\"WebSite\",\"@id\":\"https:\\\/\\\/christinakosmeetika.ee\\\/#website\",\"url\":\"https:\\\/\\\/christinakosmeetika.ee\\\/\",\"name\":\"Christinakosmeetika\",\"description\":\"Christina kosmeetika Eestis\",\"alternateName\":\"Christina kosmeetika Eestis\",\"potentialAction\":[{\"@type\":\"SearchAction\",\"target\":{\"@type\":\"EntryPoint\",\"urlTemplate\":\"https:\\\/\\\/christinakosmeetika.ee\\\/?s={search_term_string}\"},\"query-input\":{\"@type\":\"PropertyValueSpecification\",\"valueRequired\":true,\"valueName\":\"search_term_string\"}}],\"inLanguage\":\"et\"}]}<\/script>\n<!-- \/ Yoast SEO plugin. -->","yoast_head_json":{"title":"Line Repair Glow Satin Smooth Night Cream 50ml CHR906 - Christinakosmeetika","description":"Sametise tekstuuriga \u00f6\u00f6kreem \u00fchtlustab naha reljeefi, suurendab elastsust ja taastab niiskustasakaalu. Ahendab poore ja tihendab nahka.","robots":{"index":"index","follow":"follow","max-snippet":"max-snippet:-1","max-image-preview":"max-image-preview:large","max-video-preview":"max-video-preview:-1"},"canonical":"https:\/\/christinakosmeetika.ee\/et\/toode\/glow-satin-smooth-night-cream-et\/","og_locale":"et_EE","og_type":"article","og_title":"Line Repair Glow Satin Smooth Night Cream 50ml CHR906 - Christinakosmeetika","og_description":"Sametise tekstuuriga \u00f6\u00f6kreem \u00fchtlustab naha reljeefi, suurendab elastsust ja taastab niiskustasakaalu. Ahendab poore ja tihendab nahka.","og_url":"https:\/\/christinakosmeetika.ee\/et\/toode\/glow-satin-smooth-night-cream-et\/","og_site_name":"Christinakosmeetika","article_modified_time":"2026-04-15T09:39:05+00:00","og_image":[{"width":500,"height":500,"url":"https:\/\/christinakosmeetika.ee\/wp-content\/uploads\/2022\/10\/Glow-Satin-Smooth-Night-Cream500.png","type":"image\/png"}],"twitter_card":"summary_large_image","twitter_misc":{"Est. reading time":"1 minut"},"schema":{"@context":"https:\/\/schema.org","@graph":[{"@type":"WebPage","@id":"https:\/\/christinakosmeetika.ee\/et\/toode\/glow-satin-smooth-night-cream-et\/","url":"https:\/\/christinakosmeetika.ee\/et\/toode\/glow-satin-smooth-night-cream-et\/","name":"Line Repair Glow Satin Smooth Night Cream 50ml CHR906 - Christinakosmeetika","isPartOf":{"@id":"https:\/\/christinakosmeetika.ee\/#website"},"primaryImageOfPage":{"@id":"https:\/\/christinakosmeetika.ee\/et\/toode\/glow-satin-smooth-night-cream-et\/#primaryimage"},"image":{"@id":"https:\/\/christinakosmeetika.ee\/et\/toode\/glow-satin-smooth-night-cream-et\/#primaryimage"},"thumbnailUrl":"https:\/\/christinakosmeetika.ee\/wp-content\/uploads\/2022\/10\/Glow-Satin-Smooth-Night-Cream500.png","datePublished":"2022-10-27T09:52:37+00:00","dateModified":"2026-04-15T09:39:05+00:00","description":"Sametise tekstuuriga \u00f6\u00f6kreem \u00fchtlustab naha reljeefi, suurendab elastsust ja taastab niiskustasakaalu. Ahendab poore ja tihendab nahka.","breadcrumb":{"@id":"https:\/\/christinakosmeetika.ee\/et\/toode\/glow-satin-smooth-night-cream-et\/#breadcrumb"},"inLanguage":"et","potentialAction":[{"@type":"ReadAction","target":["https:\/\/christinakosmeetika.ee\/et\/toode\/glow-satin-smooth-night-cream-et\/"]}]},{"@type":"ImageObject","inLanguage":"et","@id":"https:\/\/christinakosmeetika.ee\/et\/toode\/glow-satin-smooth-night-cream-et\/#primaryimage","url":"https:\/\/christinakosmeetika.ee\/wp-content\/uploads\/2022\/10\/Glow-Satin-Smooth-Night-Cream500.png","contentUrl":"https:\/\/christinakosmeetika.ee\/wp-content\/uploads\/2022\/10\/Glow-Satin-Smooth-Night-Cream500.png","width":500,"height":500},{"@type":"BreadcrumbList","@id":"https:\/\/christinakosmeetika.ee\/et\/toode\/glow-satin-smooth-night-cream-et\/#breadcrumb","itemListElement":[{"@type":"ListItem","position":1,"name":"\u0413\u043b\u0430\u0432\u043d\u0430\u044f \u0441\u0442\u0440\u0430\u043d\u0438\u0446\u0430","item":"https:\/\/christinakosmeetika.ee\/et\/"},{"@type":"ListItem","position":2,"name":"Pood","item":"https:\/\/christinakosmeetika.ee\/et\/shop\/"},{"@type":"ListItem","position":3,"name":"Line Repair Glow Satin Smooth Night Cream 50ml CHR906"}]},{"@type":"WebSite","@id":"https:\/\/christinakosmeetika.ee\/#website","url":"https:\/\/christinakosmeetika.ee\/","name":"Christinakosmeetika","description":"Christina kosmeetika Eestis","alternateName":"Christina kosmeetika Eestis","potentialAction":[{"@type":"SearchAction","target":{"@type":"EntryPoint","urlTemplate":"https:\/\/christinakosmeetika.ee\/?s={search_term_string}"},"query-input":{"@type":"PropertyValueSpecification","valueRequired":true,"valueName":"search_term_string"}}],"inLanguage":"et"}]}},"_links":{"self":[{"href":"https:\/\/christinakosmeetika.ee\/et\/wp-json\/wp\/v2\/product\/5193","targetHints":{"allow":["GET"]}}],"collection":[{"href":"https:\/\/christinakosmeetika.ee\/et\/wp-json\/wp\/v2\/product"}],"about":[{"href":"https:\/\/christinakosmeetika.ee\/et\/wp-json\/wp\/v2\/types\/product"}],"wp:featuredmedia":[{"embeddable":true,"href":"https:\/\/christinakosmeetika.ee\/et\/wp-json\/wp\/v2\/media\/5728"}],"wp:attachment":[{"href":"https:\/\/christinakosmeetika.ee\/et\/wp-json\/wp\/v2\/media?parent=5193"}],"wp:term":[{"taxonomy":"product_brand","embeddable":true,"href":"https:\/\/christinakosmeetika.ee\/et\/wp-json\/wp\/v2\/product_brand?post=5193"},{"taxonomy":"product_cat","embeddable":true,"href":"https:\/\/christinakosmeetika.ee\/et\/wp-json\/wp\/v2\/product_cat?post=5193"},{"taxonomy":"product_tag","embeddable":true,"href":"https:\/\/christinakosmeetika.ee\/et\/wp-json\/wp\/v2\/product_tag?post=5193"}],"curies":[{"name":"wp","href":"https:\/\/api.w.org\/{rel}","templated":true}]}}