{"id":5191,"date":"2022-10-27T09:36:49","date_gmt":"2022-10-27T09:36:49","guid":{"rendered":"https:\/\/christinakosmeetika.ee\/product\/glow-radiance-firm-day-cream-et\/"},"modified":"2026-04-15T12:38:03","modified_gmt":"2026-04-15T09:38:03","slug":"glow-radiance-firm-day-cream-et","status":"publish","type":"product","link":"https:\/\/christinakosmeetika.ee\/et\/toode\/glow-radiance-firm-day-cream-et\/","title":{"rendered":"Line Repair Glow Radiance Firm Day Cream 60ml CHR904"},"content":{"rendered":"<div>\n<p style=\"text-align: left;\">Kreem on rikastatud innovatiivsete aktiivsete koostisosadega, mis aitavad v\u00f5idelda tuhmuse, l\u00f5tvuse ja deh\u00fcdratsiooniga. Stimuleerib mikrotsirkulatsiooni ja tagab kohese pinguldava efekti.<\/p>\n<p style=\"text-align: left;\">Looduslik Radiance enhancer kompleks k\u00fcllastab rakud hapnikuga, \u00fchtlustab nahatooni, annab tervisliku v\u00e4rvi ja taastab naha loomuliku s\u00e4ra. Skin tightener kompleks aitab saavutada kohese pingulduse, moodustades epidermise pinnale l\u00e4bilaskva kile. Botanical hydrator kompleks tagab kiire niisutuse ja taastab naha kaitsefunktsiooni. Moisture complex kompleks optimeerib niiskustaseme, reguleerides veekadu s\u00f5ltuvalt \u00fcmbritsevatest tingimustest.<\/p>\n<p style=\"text-align: left;\"><strong>Kasutusviis:<\/strong><\/p>\n<p style=\"text-align: left;\">Kandke n\u00e4ole ja masseerige kergelt, kuni t\u00e4ieliku imendumiseni.<\/p>\n<p style=\"text-align: left;\"><strong>Koostis:<\/strong><\/p>\n<\/div>\n<section>\n<p style=\"text-align: left;\">Deionized Water (Aqua), Glycerin, Isodecyl Neopentanoate, Cetyl Alcohol, Hydrolyzed Chenopodium Quinoa Seed, Isocetyl Alcohol, Isononyl Isononanoate, Cetearyl Alcohol, Propanedio,Phenoxyethanol, Isostearyl Isostearate, Potassium Cetyl Phosphate, Cetyl Stearate, Stearic Acid, Mica,Cetearyl Glucoside, Titanium Dioxide, Butylene Glycol, Dicetyl Phosphate, Tocopheryl Acetate, Caprylyl Glycol, Acrylates\/C10-30 Alkyl Acrylate Crosspolymer, Perfume, Evodia Rutaecarpa Fruit Extract, Erythritol, Sodium Phytate, Ethylhexylglycerin, Centella Asiatica Extract, Sodium Hydroxide, Camellia Sinensis Leaf Extract, Glucose, Hibiscus Sabdariffa Fruit Extract, Hexyl Cinnamal, Benzyl Salicylate, Linalool, Hydroxycitronellal, Benzyl Alcohol, Limonene.<\/p>\n<\/section>\n","protected":false},"excerpt":{"rendered":"<h4>Tugevdav p\u00e4evakreem<\/h4>\n","protected":false},"featured_media":5724,"template":"","meta":[],"product_brand":[],"product_cat":[149],"product_tag":[],"class_list":{"0":"post-5191","1":"product","2":"type-product","3":"status-publish","4":"has-post-thumbnail","6":"product_cat-kreem","7":"product_shipping_class-smart-itella-post","8":"pa_linii-kosmetiki-line-repair-et","9":"pa_reshenie-problem-dehudratsioon","10":"pa_reshenie-problem-ebauhtlane-nahatekstuur","11":"pa_tip-kozi-kombi-et","12":"pa_tip-kozi-kuiv-et","13":"pa_tip-kozi-normaalne-et","14":"pa_tip-preparata-kreem","15":"pa_vremja-primenenija-oine","16":"pa_vremja-primenenija-paevane","18":"first","19":"instock","20":"taxable","21":"shipping-taxable","22":"purchasable","23":"product-type-simple"},"yoast_head":"<!-- This site is optimized with the Yoast SEO plugin v27.5 - https:\/\/yoast.com\/product\/yoast-seo-wordpress\/ -->\n<title>Line Repair Glow Radiance Firm Day Cream 60ml CHR904 - Christinakosmeetika<\/title>\n<meta name=\"description\" content=\"Rikastatud aktiivsete koostisosadega, mis aitavad v\u00f5idelda tuhmuse, l\u00f5tvuse ja deh\u00fcdratsiooniga. Tagab kohese pinguldava efekti.\" \/>\n<meta name=\"robots\" content=\"index, follow, max-snippet:-1, max-image-preview:large, max-video-preview:-1\" \/>\n<link rel=\"canonical\" href=\"https:\/\/christinakosmeetika.ee\/et\/toode\/glow-radiance-firm-day-cream-et\/\" \/>\n<meta property=\"og:locale\" content=\"et_EE\" \/>\n<meta property=\"og:type\" content=\"article\" \/>\n<meta property=\"og:title\" content=\"Line Repair Glow Radiance Firm Day Cream 60ml CHR904 - Christinakosmeetika\" \/>\n<meta property=\"og:description\" content=\"Rikastatud aktiivsete koostisosadega, mis aitavad v\u00f5idelda tuhmuse, l\u00f5tvuse ja deh\u00fcdratsiooniga. Tagab kohese pinguldava efekti.\" \/>\n<meta property=\"og:url\" content=\"https:\/\/christinakosmeetika.ee\/et\/toode\/glow-radiance-firm-day-cream-et\/\" \/>\n<meta property=\"og:site_name\" content=\"Christinakosmeetika\" \/>\n<meta property=\"article:modified_time\" content=\"2026-04-15T09:38:03+00:00\" \/>\n<meta property=\"og:image\" content=\"https:\/\/christinakosmeetika.ee\/wp-content\/uploads\/2022\/10\/Glow-Radiance-Firm-Day-Cream500.png\" \/>\n\t<meta property=\"og:image:width\" content=\"500\" \/>\n\t<meta property=\"og:image:height\" content=\"500\" \/>\n\t<meta property=\"og:image:type\" content=\"image\/png\" \/>\n<meta name=\"twitter:card\" content=\"summary_large_image\" \/>\n<meta name=\"twitter:label1\" content=\"Est. reading time\" \/>\n\t<meta name=\"twitter:data1\" content=\"1 minut\" \/>\n<script type=\"application\/ld+json\" class=\"yoast-schema-graph\">{\"@context\":\"https:\\\/\\\/schema.org\",\"@graph\":[{\"@type\":\"WebPage\",\"@id\":\"https:\\\/\\\/christinakosmeetika.ee\\\/et\\\/toode\\\/glow-radiance-firm-day-cream-et\\\/\",\"url\":\"https:\\\/\\\/christinakosmeetika.ee\\\/et\\\/toode\\\/glow-radiance-firm-day-cream-et\\\/\",\"name\":\"Line Repair Glow Radiance Firm Day Cream 60ml CHR904 - Christinakosmeetika\",\"isPartOf\":{\"@id\":\"https:\\\/\\\/christinakosmeetika.ee\\\/#website\"},\"primaryImageOfPage\":{\"@id\":\"https:\\\/\\\/christinakosmeetika.ee\\\/et\\\/toode\\\/glow-radiance-firm-day-cream-et\\\/#primaryimage\"},\"image\":{\"@id\":\"https:\\\/\\\/christinakosmeetika.ee\\\/et\\\/toode\\\/glow-radiance-firm-day-cream-et\\\/#primaryimage\"},\"thumbnailUrl\":\"https:\\\/\\\/christinakosmeetika.ee\\\/wp-content\\\/uploads\\\/2022\\\/10\\\/Glow-Radiance-Firm-Day-Cream500.png\",\"datePublished\":\"2022-10-27T09:36:49+00:00\",\"dateModified\":\"2026-04-15T09:38:03+00:00\",\"description\":\"Rikastatud aktiivsete koostisosadega, mis aitavad v\u00f5idelda tuhmuse, l\u00f5tvuse ja deh\u00fcdratsiooniga. Tagab kohese pinguldava efekti.\",\"breadcrumb\":{\"@id\":\"https:\\\/\\\/christinakosmeetika.ee\\\/et\\\/toode\\\/glow-radiance-firm-day-cream-et\\\/#breadcrumb\"},\"inLanguage\":\"et\",\"potentialAction\":[{\"@type\":\"ReadAction\",\"target\":[\"https:\\\/\\\/christinakosmeetika.ee\\\/et\\\/toode\\\/glow-radiance-firm-day-cream-et\\\/\"]}]},{\"@type\":\"ImageObject\",\"inLanguage\":\"et\",\"@id\":\"https:\\\/\\\/christinakosmeetika.ee\\\/et\\\/toode\\\/glow-radiance-firm-day-cream-et\\\/#primaryimage\",\"url\":\"https:\\\/\\\/christinakosmeetika.ee\\\/wp-content\\\/uploads\\\/2022\\\/10\\\/Glow-Radiance-Firm-Day-Cream500.png\",\"contentUrl\":\"https:\\\/\\\/christinakosmeetika.ee\\\/wp-content\\\/uploads\\\/2022\\\/10\\\/Glow-Radiance-Firm-Day-Cream500.png\",\"width\":500,\"height\":500},{\"@type\":\"BreadcrumbList\",\"@id\":\"https:\\\/\\\/christinakosmeetika.ee\\\/et\\\/toode\\\/glow-radiance-firm-day-cream-et\\\/#breadcrumb\",\"itemListElement\":[{\"@type\":\"ListItem\",\"position\":1,\"name\":\"\u0413\u043b\u0430\u0432\u043d\u0430\u044f \u0441\u0442\u0440\u0430\u043d\u0438\u0446\u0430\",\"item\":\"https:\\\/\\\/christinakosmeetika.ee\\\/et\\\/\"},{\"@type\":\"ListItem\",\"position\":2,\"name\":\"Pood\",\"item\":\"https:\\\/\\\/christinakosmeetika.ee\\\/et\\\/shop\\\/\"},{\"@type\":\"ListItem\",\"position\":3,\"name\":\"Line Repair Glow Radiance Firm Day Cream 60ml CHR904\"}]},{\"@type\":\"WebSite\",\"@id\":\"https:\\\/\\\/christinakosmeetika.ee\\\/#website\",\"url\":\"https:\\\/\\\/christinakosmeetika.ee\\\/\",\"name\":\"Christinakosmeetika\",\"description\":\"Christina kosmeetika Eestis\",\"alternateName\":\"Christina kosmeetika Eestis\",\"potentialAction\":[{\"@type\":\"SearchAction\",\"target\":{\"@type\":\"EntryPoint\",\"urlTemplate\":\"https:\\\/\\\/christinakosmeetika.ee\\\/?s={search_term_string}\"},\"query-input\":{\"@type\":\"PropertyValueSpecification\",\"valueRequired\":true,\"valueName\":\"search_term_string\"}}],\"inLanguage\":\"et\"}]}<\/script>\n<!-- \/ Yoast SEO plugin. -->","yoast_head_json":{"title":"Line Repair Glow Radiance Firm Day Cream 60ml CHR904 - Christinakosmeetika","description":"Rikastatud aktiivsete koostisosadega, mis aitavad v\u00f5idelda tuhmuse, l\u00f5tvuse ja deh\u00fcdratsiooniga. Tagab kohese pinguldava efekti.","robots":{"index":"index","follow":"follow","max-snippet":"max-snippet:-1","max-image-preview":"max-image-preview:large","max-video-preview":"max-video-preview:-1"},"canonical":"https:\/\/christinakosmeetika.ee\/et\/toode\/glow-radiance-firm-day-cream-et\/","og_locale":"et_EE","og_type":"article","og_title":"Line Repair Glow Radiance Firm Day Cream 60ml CHR904 - Christinakosmeetika","og_description":"Rikastatud aktiivsete koostisosadega, mis aitavad v\u00f5idelda tuhmuse, l\u00f5tvuse ja deh\u00fcdratsiooniga. Tagab kohese pinguldava efekti.","og_url":"https:\/\/christinakosmeetika.ee\/et\/toode\/glow-radiance-firm-day-cream-et\/","og_site_name":"Christinakosmeetika","article_modified_time":"2026-04-15T09:38:03+00:00","og_image":[{"width":500,"height":500,"url":"https:\/\/christinakosmeetika.ee\/wp-content\/uploads\/2022\/10\/Glow-Radiance-Firm-Day-Cream500.png","type":"image\/png"}],"twitter_card":"summary_large_image","twitter_misc":{"Est. reading time":"1 minut"},"schema":{"@context":"https:\/\/schema.org","@graph":[{"@type":"WebPage","@id":"https:\/\/christinakosmeetika.ee\/et\/toode\/glow-radiance-firm-day-cream-et\/","url":"https:\/\/christinakosmeetika.ee\/et\/toode\/glow-radiance-firm-day-cream-et\/","name":"Line Repair Glow Radiance Firm Day Cream 60ml CHR904 - Christinakosmeetika","isPartOf":{"@id":"https:\/\/christinakosmeetika.ee\/#website"},"primaryImageOfPage":{"@id":"https:\/\/christinakosmeetika.ee\/et\/toode\/glow-radiance-firm-day-cream-et\/#primaryimage"},"image":{"@id":"https:\/\/christinakosmeetika.ee\/et\/toode\/glow-radiance-firm-day-cream-et\/#primaryimage"},"thumbnailUrl":"https:\/\/christinakosmeetika.ee\/wp-content\/uploads\/2022\/10\/Glow-Radiance-Firm-Day-Cream500.png","datePublished":"2022-10-27T09:36:49+00:00","dateModified":"2026-04-15T09:38:03+00:00","description":"Rikastatud aktiivsete koostisosadega, mis aitavad v\u00f5idelda tuhmuse, l\u00f5tvuse ja deh\u00fcdratsiooniga. Tagab kohese pinguldava efekti.","breadcrumb":{"@id":"https:\/\/christinakosmeetika.ee\/et\/toode\/glow-radiance-firm-day-cream-et\/#breadcrumb"},"inLanguage":"et","potentialAction":[{"@type":"ReadAction","target":["https:\/\/christinakosmeetika.ee\/et\/toode\/glow-radiance-firm-day-cream-et\/"]}]},{"@type":"ImageObject","inLanguage":"et","@id":"https:\/\/christinakosmeetika.ee\/et\/toode\/glow-radiance-firm-day-cream-et\/#primaryimage","url":"https:\/\/christinakosmeetika.ee\/wp-content\/uploads\/2022\/10\/Glow-Radiance-Firm-Day-Cream500.png","contentUrl":"https:\/\/christinakosmeetika.ee\/wp-content\/uploads\/2022\/10\/Glow-Radiance-Firm-Day-Cream500.png","width":500,"height":500},{"@type":"BreadcrumbList","@id":"https:\/\/christinakosmeetika.ee\/et\/toode\/glow-radiance-firm-day-cream-et\/#breadcrumb","itemListElement":[{"@type":"ListItem","position":1,"name":"\u0413\u043b\u0430\u0432\u043d\u0430\u044f \u0441\u0442\u0440\u0430\u043d\u0438\u0446\u0430","item":"https:\/\/christinakosmeetika.ee\/et\/"},{"@type":"ListItem","position":2,"name":"Pood","item":"https:\/\/christinakosmeetika.ee\/et\/shop\/"},{"@type":"ListItem","position":3,"name":"Line Repair Glow Radiance Firm Day Cream 60ml CHR904"}]},{"@type":"WebSite","@id":"https:\/\/christinakosmeetika.ee\/#website","url":"https:\/\/christinakosmeetika.ee\/","name":"Christinakosmeetika","description":"Christina kosmeetika Eestis","alternateName":"Christina kosmeetika Eestis","potentialAction":[{"@type":"SearchAction","target":{"@type":"EntryPoint","urlTemplate":"https:\/\/christinakosmeetika.ee\/?s={search_term_string}"},"query-input":{"@type":"PropertyValueSpecification","valueRequired":true,"valueName":"search_term_string"}}],"inLanguage":"et"}]}},"_links":{"self":[{"href":"https:\/\/christinakosmeetika.ee\/et\/wp-json\/wp\/v2\/product\/5191","targetHints":{"allow":["GET"]}}],"collection":[{"href":"https:\/\/christinakosmeetika.ee\/et\/wp-json\/wp\/v2\/product"}],"about":[{"href":"https:\/\/christinakosmeetika.ee\/et\/wp-json\/wp\/v2\/types\/product"}],"wp:featuredmedia":[{"embeddable":true,"href":"https:\/\/christinakosmeetika.ee\/et\/wp-json\/wp\/v2\/media\/5724"}],"wp:attachment":[{"href":"https:\/\/christinakosmeetika.ee\/et\/wp-json\/wp\/v2\/media?parent=5191"}],"wp:term":[{"taxonomy":"product_brand","embeddable":true,"href":"https:\/\/christinakosmeetika.ee\/et\/wp-json\/wp\/v2\/product_brand?post=5191"},{"taxonomy":"product_cat","embeddable":true,"href":"https:\/\/christinakosmeetika.ee\/et\/wp-json\/wp\/v2\/product_cat?post=5191"},{"taxonomy":"product_tag","embeddable":true,"href":"https:\/\/christinakosmeetika.ee\/et\/wp-json\/wp\/v2\/product_tag?post=5191"}],"curies":[{"name":"wp","href":"https:\/\/api.w.org\/{rel}","templated":true}]}}