{"id":5190,"date":"2022-10-27T09:19:13","date_gmt":"2022-10-27T09:19:13","guid":{"rendered":"https:\/\/christinakosmeetika.ee\/product\/christina-line-repair-glow-moisturizing-micellar-milk-et\/"},"modified":"2026-04-15T12:36:17","modified_gmt":"2026-04-15T09:36:17","slug":"christina-line-repair-glow-moisturizing-micellar-milk-et","status":"publish","type":"product","link":"https:\/\/christinakosmeetika.ee\/et\/toode\/christina-line-repair-glow-moisturizing-micellar-milk-et\/","title":{"rendered":"Line Repair GLOW Moisturizing Micllar Milk 300ml CHR901"},"content":{"rendered":"<div>\n<p>\u00d5rnatoimeline meigieemaldusvahend ja igasuguste muude saasteainete eemaldaja. Kaitseb, rahustab ja niisutab nahka.<\/p>\n<p>Mitsellaarkapslid t\u00f6\u00f6tavad nagu magnet, t\u00f5mbavad ja eemaldavad saasteained ja meigi. Seepiheinaekstraktil on puhastavad ja rahustavad omadused.<\/p>\n<p>Flavonoidid ja C-vitamiin v\u00f5itlevad pigmendilaikudega. Kummeli ekstrakt rahustab, v\u00e4rskendab ja puhastab, neutraliseerides naha\u00e4rritusi. Patenteeritud Hydrator Shield kompleks looduslike suhkrute derivaatide baasil tagab pikaajalise niisutuse. Taastab deh\u00fcdreeritud naha, tugevdades naha barj\u00e4\u00e4ri ja optimeerides niiskuse s\u00e4ilitamist.<\/p>\n<p><strong>Kasutusviis:<\/strong><\/p>\n<p>Kandke n\u00e4ole ja kaelale ning masseerige \u00f5rnalt niiskete s\u00f5rmedega. Eemaldage niiske salvr\u00e4tikuga. V\u00f5ib kanda huulte \u00fcmbruse nahale.<\/p>\n<p><strong>Koostis:<\/strong><\/p>\n<\/div>\n<section>\n<section>Deionized Water (Aqua), Glycerin, Caprylic\/Capric Triglyceride, Poloxamer 184, Cetyl Alcohol, Glyceryl Stearate, Simmondsia Chinensis (Jojoba) Seed Oil, Cetearyl Alcohol, Phenoxyethanol,Xylitylglucoside, Butylene Glycol, Caprylyl Glycol, Cetearyl Glucoside, Cetyl Stearate, Isostearyl Isostearate, Potassium Cetyl Phosphate, Stearic Acid, Anhydroxylitol, Sodium Phytate, Tocopheryl Acetate, Perfume, Propylene Glycol, Ethoxydiglycol, Ethylhexylglycerin, Polyacrylate Crosspolymer-6, Dicetyl Phosphate, Xylitol, Saponaria Officinalis Leaf\/Root Extract, Glucose, Chamomilla Recutita (Matricaria) Flower, Lactic Acid, Morus Nigra Leaf Extract, Caramel, Bht, Sodium Benzoate, T-Butyl Alcohol, Potassium Sorbate, Bisabolol, Linalool, Limonene,Hydroxycitronellal.<\/section>\n<\/section>\n","protected":false},"excerpt":{"rendered":"<h4>Niisutav mitsellaarpiim<\/h4>\n","protected":false},"featured_media":5720,"template":"","meta":[],"product_brand":[],"product_cat":[153],"product_tag":[],"class_list":{"0":"post-5190","1":"product","2":"type-product","3":"status-publish","4":"has-post-thumbnail","6":"product_cat-piim","7":"product_shipping_class-smart-itella-post","8":"pa_linii-kosmetiki-line-repair-et","9":"pa_reshenie-problem-dehudratsioon","10":"pa_reshenie-problem-ebauhtlane-nahatekstuur","11":"pa_reshenie-problem-saastunud-nahk","12":"pa_reshenie-problem-vananemise-margid","13":"pa_tip-kozi-koik-nahatuubid-et","14":"pa_tip-kozi-kombi-et","15":"pa_tip-kozi-kuiv-et","16":"pa_tip-kozi-normaalne-et","17":"pa_tip-kozi-rasvane-et","18":"pa_tip-preparata-piim","19":"pa_vremja-primenenija-oine","20":"pa_vremja-primenenija-paevane","22":"first","23":"instock","24":"taxable","25":"shipping-taxable","26":"purchasable","27":"product-type-simple"},"yoast_head":"<!-- This site is optimized with the Yoast SEO plugin v27.5 - https:\/\/yoast.com\/product\/yoast-seo-wordpress\/ -->\n<title>Line Repair GLOW Moisturizing Micllar Milk 300ml CHR901 - Christinakosmeetika<\/title>\n<meta name=\"description\" content=\"\u00d5rnaks meigi ja muude mustuste eemaldamiseks. Kaitseb ja niisutab nahka. Taastab deh\u00fcdreeritud naha ning optimeerib niiskuse s\u00e4ilitamist.\" \/>\n<meta name=\"robots\" content=\"index, follow, max-snippet:-1, max-image-preview:large, max-video-preview:-1\" \/>\n<link rel=\"canonical\" href=\"https:\/\/christinakosmeetika.ee\/et\/toode\/christina-line-repair-glow-moisturizing-micellar-milk-et\/\" \/>\n<meta property=\"og:locale\" content=\"et_EE\" \/>\n<meta property=\"og:type\" content=\"article\" \/>\n<meta property=\"og:title\" content=\"Line Repair GLOW Moisturizing Micllar Milk 300ml CHR901 - Christinakosmeetika\" \/>\n<meta property=\"og:description\" content=\"\u00d5rnaks meigi ja muude mustuste eemaldamiseks. Kaitseb ja niisutab nahka. Taastab deh\u00fcdreeritud naha ning optimeerib niiskuse s\u00e4ilitamist.\" \/>\n<meta property=\"og:url\" content=\"https:\/\/christinakosmeetika.ee\/et\/toode\/christina-line-repair-glow-moisturizing-micellar-milk-et\/\" \/>\n<meta property=\"og:site_name\" content=\"Christinakosmeetika\" \/>\n<meta property=\"article:modified_time\" content=\"2026-04-15T09:36:17+00:00\" \/>\n<meta property=\"og:image\" content=\"https:\/\/christinakosmeetika.ee\/wp-content\/uploads\/2022\/10\/Glow-Moisturizing-Micellar-Milk500.png\" \/>\n\t<meta property=\"og:image:width\" content=\"500\" \/>\n\t<meta property=\"og:image:height\" content=\"500\" \/>\n\t<meta property=\"og:image:type\" content=\"image\/png\" \/>\n<meta name=\"twitter:card\" content=\"summary_large_image\" \/>\n<meta name=\"twitter:label1\" content=\"Est. reading time\" \/>\n\t<meta name=\"twitter:data1\" content=\"1 minut\" \/>\n<script type=\"application\/ld+json\" class=\"yoast-schema-graph\">{\"@context\":\"https:\\\/\\\/schema.org\",\"@graph\":[{\"@type\":\"WebPage\",\"@id\":\"https:\\\/\\\/christinakosmeetika.ee\\\/et\\\/toode\\\/christina-line-repair-glow-moisturizing-micellar-milk-et\\\/\",\"url\":\"https:\\\/\\\/christinakosmeetika.ee\\\/et\\\/toode\\\/christina-line-repair-glow-moisturizing-micellar-milk-et\\\/\",\"name\":\"Line Repair GLOW Moisturizing Micllar Milk 300ml CHR901 - Christinakosmeetika\",\"isPartOf\":{\"@id\":\"https:\\\/\\\/christinakosmeetika.ee\\\/#website\"},\"primaryImageOfPage\":{\"@id\":\"https:\\\/\\\/christinakosmeetika.ee\\\/et\\\/toode\\\/christina-line-repair-glow-moisturizing-micellar-milk-et\\\/#primaryimage\"},\"image\":{\"@id\":\"https:\\\/\\\/christinakosmeetika.ee\\\/et\\\/toode\\\/christina-line-repair-glow-moisturizing-micellar-milk-et\\\/#primaryimage\"},\"thumbnailUrl\":\"https:\\\/\\\/christinakosmeetika.ee\\\/wp-content\\\/uploads\\\/2022\\\/10\\\/Glow-Moisturizing-Micellar-Milk500.png\",\"datePublished\":\"2022-10-27T09:19:13+00:00\",\"dateModified\":\"2026-04-15T09:36:17+00:00\",\"description\":\"\u00d5rnaks meigi ja muude mustuste eemaldamiseks. Kaitseb ja niisutab nahka. Taastab deh\u00fcdreeritud naha ning optimeerib niiskuse s\u00e4ilitamist.\",\"breadcrumb\":{\"@id\":\"https:\\\/\\\/christinakosmeetika.ee\\\/et\\\/toode\\\/christina-line-repair-glow-moisturizing-micellar-milk-et\\\/#breadcrumb\"},\"inLanguage\":\"et\",\"potentialAction\":[{\"@type\":\"ReadAction\",\"target\":[\"https:\\\/\\\/christinakosmeetika.ee\\\/et\\\/toode\\\/christina-line-repair-glow-moisturizing-micellar-milk-et\\\/\"]}]},{\"@type\":\"ImageObject\",\"inLanguage\":\"et\",\"@id\":\"https:\\\/\\\/christinakosmeetika.ee\\\/et\\\/toode\\\/christina-line-repair-glow-moisturizing-micellar-milk-et\\\/#primaryimage\",\"url\":\"https:\\\/\\\/christinakosmeetika.ee\\\/wp-content\\\/uploads\\\/2022\\\/10\\\/Glow-Moisturizing-Micellar-Milk500.png\",\"contentUrl\":\"https:\\\/\\\/christinakosmeetika.ee\\\/wp-content\\\/uploads\\\/2022\\\/10\\\/Glow-Moisturizing-Micellar-Milk500.png\",\"width\":500,\"height\":500},{\"@type\":\"BreadcrumbList\",\"@id\":\"https:\\\/\\\/christinakosmeetika.ee\\\/et\\\/toode\\\/christina-line-repair-glow-moisturizing-micellar-milk-et\\\/#breadcrumb\",\"itemListElement\":[{\"@type\":\"ListItem\",\"position\":1,\"name\":\"\u0413\u043b\u0430\u0432\u043d\u0430\u044f \u0441\u0442\u0440\u0430\u043d\u0438\u0446\u0430\",\"item\":\"https:\\\/\\\/christinakosmeetika.ee\\\/et\\\/\"},{\"@type\":\"ListItem\",\"position\":2,\"name\":\"Pood\",\"item\":\"https:\\\/\\\/christinakosmeetika.ee\\\/et\\\/shop\\\/\"},{\"@type\":\"ListItem\",\"position\":3,\"name\":\"Line Repair GLOW Moisturizing Micllar Milk 300ml CHR901\"}]},{\"@type\":\"WebSite\",\"@id\":\"https:\\\/\\\/christinakosmeetika.ee\\\/#website\",\"url\":\"https:\\\/\\\/christinakosmeetika.ee\\\/\",\"name\":\"Christinakosmeetika\",\"description\":\"Christina kosmeetika Eestis\",\"alternateName\":\"Christina kosmeetika Eestis\",\"potentialAction\":[{\"@type\":\"SearchAction\",\"target\":{\"@type\":\"EntryPoint\",\"urlTemplate\":\"https:\\\/\\\/christinakosmeetika.ee\\\/?s={search_term_string}\"},\"query-input\":{\"@type\":\"PropertyValueSpecification\",\"valueRequired\":true,\"valueName\":\"search_term_string\"}}],\"inLanguage\":\"et\"}]}<\/script>\n<!-- \/ Yoast SEO plugin. -->","yoast_head_json":{"title":"Line Repair GLOW Moisturizing Micllar Milk 300ml CHR901 - Christinakosmeetika","description":"\u00d5rnaks meigi ja muude mustuste eemaldamiseks. Kaitseb ja niisutab nahka. Taastab deh\u00fcdreeritud naha ning optimeerib niiskuse s\u00e4ilitamist.","robots":{"index":"index","follow":"follow","max-snippet":"max-snippet:-1","max-image-preview":"max-image-preview:large","max-video-preview":"max-video-preview:-1"},"canonical":"https:\/\/christinakosmeetika.ee\/et\/toode\/christina-line-repair-glow-moisturizing-micellar-milk-et\/","og_locale":"et_EE","og_type":"article","og_title":"Line Repair GLOW Moisturizing Micllar Milk 300ml CHR901 - Christinakosmeetika","og_description":"\u00d5rnaks meigi ja muude mustuste eemaldamiseks. Kaitseb ja niisutab nahka. Taastab deh\u00fcdreeritud naha ning optimeerib niiskuse s\u00e4ilitamist.","og_url":"https:\/\/christinakosmeetika.ee\/et\/toode\/christina-line-repair-glow-moisturizing-micellar-milk-et\/","og_site_name":"Christinakosmeetika","article_modified_time":"2026-04-15T09:36:17+00:00","og_image":[{"width":500,"height":500,"url":"https:\/\/christinakosmeetika.ee\/wp-content\/uploads\/2022\/10\/Glow-Moisturizing-Micellar-Milk500.png","type":"image\/png"}],"twitter_card":"summary_large_image","twitter_misc":{"Est. reading time":"1 minut"},"schema":{"@context":"https:\/\/schema.org","@graph":[{"@type":"WebPage","@id":"https:\/\/christinakosmeetika.ee\/et\/toode\/christina-line-repair-glow-moisturizing-micellar-milk-et\/","url":"https:\/\/christinakosmeetika.ee\/et\/toode\/christina-line-repair-glow-moisturizing-micellar-milk-et\/","name":"Line Repair GLOW Moisturizing Micllar Milk 300ml CHR901 - Christinakosmeetika","isPartOf":{"@id":"https:\/\/christinakosmeetika.ee\/#website"},"primaryImageOfPage":{"@id":"https:\/\/christinakosmeetika.ee\/et\/toode\/christina-line-repair-glow-moisturizing-micellar-milk-et\/#primaryimage"},"image":{"@id":"https:\/\/christinakosmeetika.ee\/et\/toode\/christina-line-repair-glow-moisturizing-micellar-milk-et\/#primaryimage"},"thumbnailUrl":"https:\/\/christinakosmeetika.ee\/wp-content\/uploads\/2022\/10\/Glow-Moisturizing-Micellar-Milk500.png","datePublished":"2022-10-27T09:19:13+00:00","dateModified":"2026-04-15T09:36:17+00:00","description":"\u00d5rnaks meigi ja muude mustuste eemaldamiseks. Kaitseb ja niisutab nahka. Taastab deh\u00fcdreeritud naha ning optimeerib niiskuse s\u00e4ilitamist.","breadcrumb":{"@id":"https:\/\/christinakosmeetika.ee\/et\/toode\/christina-line-repair-glow-moisturizing-micellar-milk-et\/#breadcrumb"},"inLanguage":"et","potentialAction":[{"@type":"ReadAction","target":["https:\/\/christinakosmeetika.ee\/et\/toode\/christina-line-repair-glow-moisturizing-micellar-milk-et\/"]}]},{"@type":"ImageObject","inLanguage":"et","@id":"https:\/\/christinakosmeetika.ee\/et\/toode\/christina-line-repair-glow-moisturizing-micellar-milk-et\/#primaryimage","url":"https:\/\/christinakosmeetika.ee\/wp-content\/uploads\/2022\/10\/Glow-Moisturizing-Micellar-Milk500.png","contentUrl":"https:\/\/christinakosmeetika.ee\/wp-content\/uploads\/2022\/10\/Glow-Moisturizing-Micellar-Milk500.png","width":500,"height":500},{"@type":"BreadcrumbList","@id":"https:\/\/christinakosmeetika.ee\/et\/toode\/christina-line-repair-glow-moisturizing-micellar-milk-et\/#breadcrumb","itemListElement":[{"@type":"ListItem","position":1,"name":"\u0413\u043b\u0430\u0432\u043d\u0430\u044f \u0441\u0442\u0440\u0430\u043d\u0438\u0446\u0430","item":"https:\/\/christinakosmeetika.ee\/et\/"},{"@type":"ListItem","position":2,"name":"Pood","item":"https:\/\/christinakosmeetika.ee\/et\/shop\/"},{"@type":"ListItem","position":3,"name":"Line Repair GLOW Moisturizing Micllar Milk 300ml CHR901"}]},{"@type":"WebSite","@id":"https:\/\/christinakosmeetika.ee\/#website","url":"https:\/\/christinakosmeetika.ee\/","name":"Christinakosmeetika","description":"Christina kosmeetika Eestis","alternateName":"Christina kosmeetika Eestis","potentialAction":[{"@type":"SearchAction","target":{"@type":"EntryPoint","urlTemplate":"https:\/\/christinakosmeetika.ee\/?s={search_term_string}"},"query-input":{"@type":"PropertyValueSpecification","valueRequired":true,"valueName":"search_term_string"}}],"inLanguage":"et"}]}},"_links":{"self":[{"href":"https:\/\/christinakosmeetika.ee\/et\/wp-json\/wp\/v2\/product\/5190","targetHints":{"allow":["GET"]}}],"collection":[{"href":"https:\/\/christinakosmeetika.ee\/et\/wp-json\/wp\/v2\/product"}],"about":[{"href":"https:\/\/christinakosmeetika.ee\/et\/wp-json\/wp\/v2\/types\/product"}],"wp:featuredmedia":[{"embeddable":true,"href":"https:\/\/christinakosmeetika.ee\/et\/wp-json\/wp\/v2\/media\/5720"}],"wp:attachment":[{"href":"https:\/\/christinakosmeetika.ee\/et\/wp-json\/wp\/v2\/media?parent=5190"}],"wp:term":[{"taxonomy":"product_brand","embeddable":true,"href":"https:\/\/christinakosmeetika.ee\/et\/wp-json\/wp\/v2\/product_brand?post=5190"},{"taxonomy":"product_cat","embeddable":true,"href":"https:\/\/christinakosmeetika.ee\/et\/wp-json\/wp\/v2\/product_cat?post=5190"},{"taxonomy":"product_tag","embeddable":true,"href":"https:\/\/christinakosmeetika.ee\/et\/wp-json\/wp\/v2\/product_tag?post=5190"}],"curies":[{"name":"wp","href":"https:\/\/api.w.org\/{rel}","templated":true}]}}