{"id":5188,"date":"2022-10-27T09:27:05","date_gmt":"2022-10-27T09:27:05","guid":{"rendered":"https:\/\/christinakosmeetika.ee\/product\/glow-light-capture-eye-cream-et\/"},"modified":"2026-04-15T12:37:17","modified_gmt":"2026-04-15T09:37:17","slug":"glow-light-capture-eye-cream-et","status":"publish","type":"product","link":"https:\/\/christinakosmeetika.ee\/et\/toode\/glow-light-capture-eye-cream-et\/","title":{"rendered":"Line Repair Glow Light Capture Eye Cream 30ml CHR907"},"content":{"rendered":"<div>\n<p>Mitmeotstarbeline silmakreem v\u00f5itleb vananemise ja naha v\u00e4simuse tunnustega. Riisi- ja sojapeptiidide, loodusliku pinguldava koostisaine ning niisutavate komponentide kombinatsioon aitab siluda peeneid jooni, v\u00e4hendada tumedaid silmaaluseid ringe ning taastada s\u00e4ra.<\/p>\n<p>Eye beautifier kompleks, mis p\u00f5hineb looduslikel peptiididel, parandab silma\u00fcmbruse naha toitumist, stimuleerides vereringet. Skin tightener kompleks aitab saavutada kohest pinguldavat efekti, moodustades epidermise pinnale l\u00e4bitungiva kile. Botanical hydrator kompleks tagab kiire niisutuse ja taastab naha kaitsefunktsiooni. Aasia vesinaba ekstrakt stimuleerib mikrotsirkulatsiooni ning omab noorendavat, niisutavat ja rahustavat toimet.<\/p>\n<p><strong>Kasutusjuhend:<\/strong><\/p>\n<p>Kandke \u00fchtlaselt silma\u00fcmbruse nahale ja masseerige kuni t\u00e4ieliku imendumiseni.<\/p>\n<p><strong>Koostis:<\/strong><\/p>\n<\/div>\n<section>\n<div>\n<p>Caprylic\/Capric Triglyceride, Deionized water (Aqua), Phenoxyethanol, Caprylyl Glycol, Acrylates\/C10-30 Alkyl Acrylate Crosspolymer, Butylene Glycol, Caffeine, Centella Asiatica Extract, Cetyl Alcohol, Cetyl Stearate, Dicetyl Phosphate, Erythritol, Evodia Rutaecarpa Fruit Extract, Glycerin, Glyceryl Stearate, Glycine Soja (Soybean) Protein, Hibiscus Sabdariffa Fruit Extract, Hydrolyzed Chenopodium Quinoa Seed, Hydrolyzed Rice Bran Protein, Isodecyl Neopentanoate, Isostearyl Isostearate, Pentylene Glycol, Potassium Cetyl Phosphate, Potassium Sorbate, Propanediol, Simmondsia Chinensis (Jojoba) Seed Oil, Sodium Benzoate, Sodium Dextran Sulfate, Sodium Hydroxide, Sodium Phytate, Squalane, Stearic Acid, Stearyl Alcohol, Superoxide Dismutase, Tocopheryl Acetate<\/p>\n<\/div>\n<\/section>\n","protected":false},"excerpt":{"rendered":"<h4>Kreem silma\u00fcmbruse nahale &#8220;S\u00e4rav v\u00e4limus&#8221;<\/h4>\n","protected":false},"featured_media":5718,"template":"","meta":[],"product_brand":[],"product_cat":[149],"product_tag":[],"class_list":{"0":"post-5188","1":"product","2":"type-product","3":"status-publish","4":"has-post-thumbnail","6":"product_cat-kreem","7":"product_shipping_class-smart-itella-post","8":"pa_linii-kosmetiki-line-repair-et","9":"pa_reshenie-problem-suhost","10":"pa_reshenie-problem-tumedad-ringid","11":"pa_reshenie-problem-turse-silmade-all","12":"pa_reshenie-problem-vananemise-margid","13":"pa_tip-kozi-kombi-et","14":"pa_tip-kozi-normaalne-et","15":"pa_tip-kozi-rasvane-et","16":"pa_tip-preparata-kreem","17":"pa_vremja-primenenija-oine","18":"pa_vremja-primenenija-paevane","20":"first","21":"instock","22":"taxable","23":"shipping-taxable","24":"purchasable","25":"product-type-simple"},"yoast_head":"<!-- This site is optimized with the Yoast SEO plugin v27.5 - https:\/\/yoast.com\/product\/yoast-seo-wordpress\/ -->\n<title>Line Repair Glow Light Capture Eye Cream 30ml CHR907 - Christinakosmeetika<\/title>\n<meta name=\"description\" content=\"V\u00f5itleb naha vananemis- ja v\u00e4simusm\u00e4rkidega. Silub peeneid jooni, v\u00e4hendab tumedaid silmaaluseid ning taastab naha s\u00e4rava v\u00e4ljan\u00e4gemise.\" \/>\n<meta name=\"robots\" content=\"index, follow, max-snippet:-1, max-image-preview:large, max-video-preview:-1\" \/>\n<link rel=\"canonical\" href=\"https:\/\/christinakosmeetika.ee\/product\/glow-light-capture-eye-cream\/\" \/>\n<meta property=\"og:locale\" content=\"et_EE\" \/>\n<meta property=\"og:type\" content=\"article\" \/>\n<meta property=\"og:title\" content=\"Line Repair Glow Light Capture Eye Cream 30ml CHR907 - Christinakosmeetika\" \/>\n<meta property=\"og:description\" content=\"V\u00f5itleb naha vananemis- ja v\u00e4simusm\u00e4rkidega. Silub peeneid jooni, v\u00e4hendab tumedaid silmaaluseid ning taastab naha s\u00e4rava v\u00e4ljan\u00e4gemise.\" \/>\n<meta property=\"og:url\" content=\"https:\/\/christinakosmeetika.ee\/product\/glow-light-capture-eye-cream\/\" \/>\n<meta property=\"og:site_name\" content=\"Christinakosmeetika\" \/>\n<meta property=\"article:modified_time\" content=\"2026-04-15T09:37:17+00:00\" \/>\n<meta property=\"og:image\" content=\"https:\/\/christinakosmeetika.ee\/wp-content\/uploads\/2022\/10\/Glow-Light-Capture-Eye-Cream500.png\" \/>\n\t<meta property=\"og:image:width\" content=\"500\" \/>\n\t<meta property=\"og:image:height\" content=\"500\" \/>\n\t<meta property=\"og:image:type\" content=\"image\/png\" \/>\n<meta name=\"twitter:card\" content=\"summary_large_image\" \/>\n<meta name=\"twitter:label1\" content=\"Est. reading time\" \/>\n\t<meta name=\"twitter:data1\" content=\"1 minut\" \/>\n<script type=\"application\/ld+json\" class=\"yoast-schema-graph\">{\"@context\":\"https:\\\/\\\/schema.org\",\"@graph\":[{\"@type\":\"WebPage\",\"@id\":\"https:\\\/\\\/christinakosmeetika.ee\\\/product\\\/glow-light-capture-eye-cream\\\/\",\"url\":\"https:\\\/\\\/christinakosmeetika.ee\\\/product\\\/glow-light-capture-eye-cream\\\/\",\"name\":\"Line Repair Glow Light Capture Eye Cream 30ml CHR907 - Christinakosmeetika\",\"isPartOf\":{\"@id\":\"https:\\\/\\\/christinakosmeetika.ee\\\/#website\"},\"primaryImageOfPage\":{\"@id\":\"https:\\\/\\\/christinakosmeetika.ee\\\/product\\\/glow-light-capture-eye-cream\\\/#primaryimage\"},\"image\":{\"@id\":\"https:\\\/\\\/christinakosmeetika.ee\\\/product\\\/glow-light-capture-eye-cream\\\/#primaryimage\"},\"thumbnailUrl\":\"https:\\\/\\\/christinakosmeetika.ee\\\/wp-content\\\/uploads\\\/2022\\\/10\\\/Glow-Light-Capture-Eye-Cream500.png\",\"datePublished\":\"2022-10-27T09:27:05+00:00\",\"dateModified\":\"2026-04-15T09:37:17+00:00\",\"description\":\"V\u00f5itleb naha vananemis- ja v\u00e4simusm\u00e4rkidega. Silub peeneid jooni, v\u00e4hendab tumedaid silmaaluseid ning taastab naha s\u00e4rava v\u00e4ljan\u00e4gemise.\",\"breadcrumb\":{\"@id\":\"https:\\\/\\\/christinakosmeetika.ee\\\/product\\\/glow-light-capture-eye-cream\\\/#breadcrumb\"},\"inLanguage\":\"et\",\"potentialAction\":[{\"@type\":\"ReadAction\",\"target\":[\"https:\\\/\\\/christinakosmeetika.ee\\\/product\\\/glow-light-capture-eye-cream\\\/\"]}]},{\"@type\":\"ImageObject\",\"inLanguage\":\"et\",\"@id\":\"https:\\\/\\\/christinakosmeetika.ee\\\/product\\\/glow-light-capture-eye-cream\\\/#primaryimage\",\"url\":\"https:\\\/\\\/christinakosmeetika.ee\\\/wp-content\\\/uploads\\\/2022\\\/10\\\/Glow-Light-Capture-Eye-Cream500.png\",\"contentUrl\":\"https:\\\/\\\/christinakosmeetika.ee\\\/wp-content\\\/uploads\\\/2022\\\/10\\\/Glow-Light-Capture-Eye-Cream500.png\",\"width\":500,\"height\":500},{\"@type\":\"BreadcrumbList\",\"@id\":\"https:\\\/\\\/christinakosmeetika.ee\\\/product\\\/glow-light-capture-eye-cream\\\/#breadcrumb\",\"itemListElement\":[{\"@type\":\"ListItem\",\"position\":1,\"name\":\"\u0413\u043b\u0430\u0432\u043d\u0430\u044f \u0441\u0442\u0440\u0430\u043d\u0438\u0446\u0430\",\"item\":\"https:\\\/\\\/christinakosmeetika.ee\\\/et\\\/\"},{\"@type\":\"ListItem\",\"position\":2,\"name\":\"Pood\",\"item\":\"https:\\\/\\\/christinakosmeetika.ee\\\/et\\\/shop\\\/\"},{\"@type\":\"ListItem\",\"position\":3,\"name\":\"Line Repair Glow Light Capture Eye Cream 30ml CHR907\"}]},{\"@type\":\"WebSite\",\"@id\":\"https:\\\/\\\/christinakosmeetika.ee\\\/#website\",\"url\":\"https:\\\/\\\/christinakosmeetika.ee\\\/\",\"name\":\"Christinakosmeetika\",\"description\":\"Christina kosmeetika Eestis\",\"alternateName\":\"Christina kosmeetika Eestis\",\"potentialAction\":[{\"@type\":\"SearchAction\",\"target\":{\"@type\":\"EntryPoint\",\"urlTemplate\":\"https:\\\/\\\/christinakosmeetika.ee\\\/?s={search_term_string}\"},\"query-input\":{\"@type\":\"PropertyValueSpecification\",\"valueRequired\":true,\"valueName\":\"search_term_string\"}}],\"inLanguage\":\"et\"}]}<\/script>\n<!-- \/ Yoast SEO plugin. -->","yoast_head_json":{"title":"Line Repair Glow Light Capture Eye Cream 30ml CHR907 - Christinakosmeetika","description":"V\u00f5itleb naha vananemis- ja v\u00e4simusm\u00e4rkidega. Silub peeneid jooni, v\u00e4hendab tumedaid silmaaluseid ning taastab naha s\u00e4rava v\u00e4ljan\u00e4gemise.","robots":{"index":"index","follow":"follow","max-snippet":"max-snippet:-1","max-image-preview":"max-image-preview:large","max-video-preview":"max-video-preview:-1"},"canonical":"https:\/\/christinakosmeetika.ee\/product\/glow-light-capture-eye-cream\/","og_locale":"et_EE","og_type":"article","og_title":"Line Repair Glow Light Capture Eye Cream 30ml CHR907 - Christinakosmeetika","og_description":"V\u00f5itleb naha vananemis- ja v\u00e4simusm\u00e4rkidega. Silub peeneid jooni, v\u00e4hendab tumedaid silmaaluseid ning taastab naha s\u00e4rava v\u00e4ljan\u00e4gemise.","og_url":"https:\/\/christinakosmeetika.ee\/product\/glow-light-capture-eye-cream\/","og_site_name":"Christinakosmeetika","article_modified_time":"2026-04-15T09:37:17+00:00","og_image":[{"width":500,"height":500,"url":"https:\/\/christinakosmeetika.ee\/wp-content\/uploads\/2022\/10\/Glow-Light-Capture-Eye-Cream500.png","type":"image\/png"}],"twitter_card":"summary_large_image","twitter_misc":{"Est. reading time":"1 minut"},"schema":{"@context":"https:\/\/schema.org","@graph":[{"@type":"WebPage","@id":"https:\/\/christinakosmeetika.ee\/product\/glow-light-capture-eye-cream\/","url":"https:\/\/christinakosmeetika.ee\/product\/glow-light-capture-eye-cream\/","name":"Line Repair Glow Light Capture Eye Cream 30ml CHR907 - Christinakosmeetika","isPartOf":{"@id":"https:\/\/christinakosmeetika.ee\/#website"},"primaryImageOfPage":{"@id":"https:\/\/christinakosmeetika.ee\/product\/glow-light-capture-eye-cream\/#primaryimage"},"image":{"@id":"https:\/\/christinakosmeetika.ee\/product\/glow-light-capture-eye-cream\/#primaryimage"},"thumbnailUrl":"https:\/\/christinakosmeetika.ee\/wp-content\/uploads\/2022\/10\/Glow-Light-Capture-Eye-Cream500.png","datePublished":"2022-10-27T09:27:05+00:00","dateModified":"2026-04-15T09:37:17+00:00","description":"V\u00f5itleb naha vananemis- ja v\u00e4simusm\u00e4rkidega. Silub peeneid jooni, v\u00e4hendab tumedaid silmaaluseid ning taastab naha s\u00e4rava v\u00e4ljan\u00e4gemise.","breadcrumb":{"@id":"https:\/\/christinakosmeetika.ee\/product\/glow-light-capture-eye-cream\/#breadcrumb"},"inLanguage":"et","potentialAction":[{"@type":"ReadAction","target":["https:\/\/christinakosmeetika.ee\/product\/glow-light-capture-eye-cream\/"]}]},{"@type":"ImageObject","inLanguage":"et","@id":"https:\/\/christinakosmeetika.ee\/product\/glow-light-capture-eye-cream\/#primaryimage","url":"https:\/\/christinakosmeetika.ee\/wp-content\/uploads\/2022\/10\/Glow-Light-Capture-Eye-Cream500.png","contentUrl":"https:\/\/christinakosmeetika.ee\/wp-content\/uploads\/2022\/10\/Glow-Light-Capture-Eye-Cream500.png","width":500,"height":500},{"@type":"BreadcrumbList","@id":"https:\/\/christinakosmeetika.ee\/product\/glow-light-capture-eye-cream\/#breadcrumb","itemListElement":[{"@type":"ListItem","position":1,"name":"\u0413\u043b\u0430\u0432\u043d\u0430\u044f \u0441\u0442\u0440\u0430\u043d\u0438\u0446\u0430","item":"https:\/\/christinakosmeetika.ee\/et\/"},{"@type":"ListItem","position":2,"name":"Pood","item":"https:\/\/christinakosmeetika.ee\/et\/shop\/"},{"@type":"ListItem","position":3,"name":"Line Repair Glow Light Capture Eye Cream 30ml CHR907"}]},{"@type":"WebSite","@id":"https:\/\/christinakosmeetika.ee\/#website","url":"https:\/\/christinakosmeetika.ee\/","name":"Christinakosmeetika","description":"Christina kosmeetika Eestis","alternateName":"Christina kosmeetika Eestis","potentialAction":[{"@type":"SearchAction","target":{"@type":"EntryPoint","urlTemplate":"https:\/\/christinakosmeetika.ee\/?s={search_term_string}"},"query-input":{"@type":"PropertyValueSpecification","valueRequired":true,"valueName":"search_term_string"}}],"inLanguage":"et"}]}},"_links":{"self":[{"href":"https:\/\/christinakosmeetika.ee\/et\/wp-json\/wp\/v2\/product\/5188","targetHints":{"allow":["GET"]}}],"collection":[{"href":"https:\/\/christinakosmeetika.ee\/et\/wp-json\/wp\/v2\/product"}],"about":[{"href":"https:\/\/christinakosmeetika.ee\/et\/wp-json\/wp\/v2\/types\/product"}],"wp:featuredmedia":[{"embeddable":true,"href":"https:\/\/christinakosmeetika.ee\/et\/wp-json\/wp\/v2\/media\/5718"}],"wp:attachment":[{"href":"https:\/\/christinakosmeetika.ee\/et\/wp-json\/wp\/v2\/media?parent=5188"}],"wp:term":[{"taxonomy":"product_brand","embeddable":true,"href":"https:\/\/christinakosmeetika.ee\/et\/wp-json\/wp\/v2\/product_brand?post=5188"},{"taxonomy":"product_cat","embeddable":true,"href":"https:\/\/christinakosmeetika.ee\/et\/wp-json\/wp\/v2\/product_cat?post=5188"},{"taxonomy":"product_tag","embeddable":true,"href":"https:\/\/christinakosmeetika.ee\/et\/wp-json\/wp\/v2\/product_tag?post=5188"}],"curies":[{"name":"wp","href":"https:\/\/api.w.org\/{rel}","templated":true}]}}