{"id":5183,"date":"2022-10-27T09:57:01","date_gmt":"2022-10-27T09:57:01","guid":{"rendered":"https:\/\/christinakosmeetika.ee\/product\/fix-hydra-perfect-et\/"},"modified":"2026-04-27T23:11:01","modified_gmt":"2026-04-27T20:11:01","slug":"fix-hydra-perfect-et","status":"publish","type":"product","link":"https:\/\/christinakosmeetika.ee\/et\/toode\/fix-hydra-perfect-et\/","title":{"rendered":"Line Repair Fix Hydra Perfect 30ml CHR890"},"content":{"rendered":"<p>V\u00f5imsa h\u00fcaluroonhappega niisutav seerum. Tagab pikaajalise niiskuse s\u00e4ilimise, t\u00e4idab nahka seestpoolt ja suurendab selle elastsust. Aeglustab peente joonte ja kortsude teket, leevendab p\u00f5letikku, v\u00e4hendab \u00e4rritust ja ebamugavustunnet.<\/p>\n<p>Isomeeritud suhkruid sisaldav 100% looduslik taimne ekstrakt kaitseb deh\u00fcdratsiooni eest ja rahustab nahka, tagades kohese ja pikaajalise niisutuse kuni 72 tunniks. Kaitseb usaldusv\u00e4\u00e4rselt oks\u00fcdatiivse stressi eest.<\/p>\n<p>H\u00fcaluroonhape meelitab ja hoiab suures koguses veemolekule, oluliselt suurendades naha niisutatust ja elastsust. Hamameelise ja lagritsaekstraktid v\u00e4hendavad p\u00f5letikku, leevendavad ebamugavust ja \u00e4rritust, v\u00e4hendavad naha reaktiivsust. Aitavad haavade paranemisele kaasa.<\/p>\n<p><strong>Kasutusjuhend:<\/strong><\/p>\n<p>Kandke m\u00f5ned tilgad puhastatud n\u00e4o-, kaela- ja dekolteepiirkonnale. Masseerige kuni t\u00e4ieliku imendumiseni.<\/p>\n<p><strong>Koostis: <\/strong><\/p>\n<p>Deionized Water (Aqua), Propanediol, Peg-20, Methyl Gluceth-20, Hamamelis Virginiana (Witch Hazel) Extract, Phenoxyethanol, Hydroxyethylcellulose, Saccharide Isomerate, Polysorbate 20,Caprylyl Glycol, Glycerin, Sodium Hyaluronate, Sodium Phytate, Ethylhexylglycerin, Butylene Glycol, Sodium Acetate, 1,2-Hexanediol, Benzyl Alcohol, Glycyrrhiza Glabra (Licorice) Root Extract, Isopropyl Alcohol, Glucose, Cellulose,Centella Asiatica Extract, Dehydroacetic Acid, Sodium Citrate, Citric Acid.<\/p>\n","protected":false},"excerpt":{"rendered":"<h4>Niisutav seerum &#8220;Perfection&#8221;<\/h4>\n","protected":false},"featured_media":5708,"template":"","meta":[],"product_brand":[],"product_cat":[182],"product_tag":[],"class_list":{"0":"post-5183","1":"product","2":"type-product","3":"status-publish","4":"has-post-thumbnail","6":"product_cat-seerum","7":"product_shipping_class-smart-itella-post","8":"pa_linii-kosmetiki-line-repair-et","9":"pa_reshenie-problem-dehudratsioon","10":"pa_reshenie-problem-vahenenud-elastsus","11":"pa_reshenie-problem-suhost","12":"pa_reshenie-problem-kuperoz","13":"pa_reshenie-problem-chuvstvitelnaja-koza","14":"pa_tip-kozi-koik-nahatuubid-et","15":"pa_tip-kozi-kombi-et","16":"pa_tip-kozi-kuiv-et","17":"pa_tip-kozi-normaalne-et","18":"pa_tip-kozi-rasvane-et","19":"pa_tip-preparata-seerum","20":"pa_vremja-primenenija-oine","21":"pa_vremja-primenenija-paevane","23":"first","24":"outofstock","25":"taxable","26":"shipping-taxable","27":"purchasable","28":"product-type-simple"},"yoast_head":"<!-- This site is optimized with the Yoast SEO plugin v27.5 - https:\/\/yoast.com\/product\/yoast-seo-wordpress\/ -->\n<title>Line Repair Fix Hydra Perfect 30ml CHR890 - Christinakosmeetika<\/title>\n<meta name=\"description\" content=\"Tagab niisutuse, t\u00e4idab naha seestpoolt ja parandab selle elastsust. Aeglustab kortsude teket, leevendab p\u00f5letikke, v\u00e4hendab \u00e4rritust ja ebamugavustunnet.\" \/>\n<meta name=\"robots\" content=\"index, follow, max-snippet:-1, max-image-preview:large, max-video-preview:-1\" \/>\n<link rel=\"canonical\" href=\"https:\/\/christinakosmeetika.ee\/et\/toode\/fix-hydra-perfect-et\/\" \/>\n<meta property=\"og:locale\" content=\"et_EE\" \/>\n<meta property=\"og:type\" content=\"article\" \/>\n<meta property=\"og:title\" content=\"Line Repair Fix Hydra Perfect 30ml CHR890 - Christinakosmeetika\" \/>\n<meta property=\"og:description\" content=\"Tagab niisutuse, t\u00e4idab naha seestpoolt ja parandab selle elastsust. Aeglustab kortsude teket, leevendab p\u00f5letikke, v\u00e4hendab \u00e4rritust ja ebamugavustunnet.\" \/>\n<meta property=\"og:url\" content=\"https:\/\/christinakosmeetika.ee\/et\/toode\/fix-hydra-perfect-et\/\" \/>\n<meta property=\"og:site_name\" content=\"Christinakosmeetika\" \/>\n<meta property=\"article:modified_time\" content=\"2026-04-27T20:11:01+00:00\" \/>\n<meta property=\"og:image\" content=\"https:\/\/christinakosmeetika.ee\/wp-content\/uploads\/2022\/10\/Fix-Hydra-Perfect500.png\" \/>\n\t<meta property=\"og:image:width\" content=\"500\" \/>\n\t<meta property=\"og:image:height\" content=\"500\" \/>\n\t<meta property=\"og:image:type\" content=\"image\/png\" \/>\n<meta name=\"twitter:card\" content=\"summary_large_image\" \/>\n<meta name=\"twitter:label1\" content=\"Est. reading time\" \/>\n\t<meta name=\"twitter:data1\" content=\"1 minut\" \/>\n<script type=\"application\/ld+json\" class=\"yoast-schema-graph\">{\"@context\":\"https:\\\/\\\/schema.org\",\"@graph\":[{\"@type\":\"WebPage\",\"@id\":\"https:\\\/\\\/christinakosmeetika.ee\\\/et\\\/toode\\\/fix-hydra-perfect-et\\\/\",\"url\":\"https:\\\/\\\/christinakosmeetika.ee\\\/et\\\/toode\\\/fix-hydra-perfect-et\\\/\",\"name\":\"Line Repair Fix Hydra Perfect 30ml CHR890 - Christinakosmeetika\",\"isPartOf\":{\"@id\":\"https:\\\/\\\/christinakosmeetika.ee\\\/#website\"},\"primaryImageOfPage\":{\"@id\":\"https:\\\/\\\/christinakosmeetika.ee\\\/et\\\/toode\\\/fix-hydra-perfect-et\\\/#primaryimage\"},\"image\":{\"@id\":\"https:\\\/\\\/christinakosmeetika.ee\\\/et\\\/toode\\\/fix-hydra-perfect-et\\\/#primaryimage\"},\"thumbnailUrl\":\"https:\\\/\\\/christinakosmeetika.ee\\\/wp-content\\\/uploads\\\/2022\\\/10\\\/Fix-Hydra-Perfect500.png\",\"datePublished\":\"2022-10-27T09:57:01+00:00\",\"dateModified\":\"2026-04-27T20:11:01+00:00\",\"description\":\"Tagab niisutuse, t\u00e4idab naha seestpoolt ja parandab selle elastsust. Aeglustab kortsude teket, leevendab p\u00f5letikke, v\u00e4hendab \u00e4rritust ja ebamugavustunnet.\",\"breadcrumb\":{\"@id\":\"https:\\\/\\\/christinakosmeetika.ee\\\/et\\\/toode\\\/fix-hydra-perfect-et\\\/#breadcrumb\"},\"inLanguage\":\"et\",\"potentialAction\":[{\"@type\":\"ReadAction\",\"target\":[\"https:\\\/\\\/christinakosmeetika.ee\\\/et\\\/toode\\\/fix-hydra-perfect-et\\\/\"]}]},{\"@type\":\"ImageObject\",\"inLanguage\":\"et\",\"@id\":\"https:\\\/\\\/christinakosmeetika.ee\\\/et\\\/toode\\\/fix-hydra-perfect-et\\\/#primaryimage\",\"url\":\"https:\\\/\\\/christinakosmeetika.ee\\\/wp-content\\\/uploads\\\/2022\\\/10\\\/Fix-Hydra-Perfect500.png\",\"contentUrl\":\"https:\\\/\\\/christinakosmeetika.ee\\\/wp-content\\\/uploads\\\/2022\\\/10\\\/Fix-Hydra-Perfect500.png\",\"width\":500,\"height\":500},{\"@type\":\"BreadcrumbList\",\"@id\":\"https:\\\/\\\/christinakosmeetika.ee\\\/et\\\/toode\\\/fix-hydra-perfect-et\\\/#breadcrumb\",\"itemListElement\":[{\"@type\":\"ListItem\",\"position\":1,\"name\":\"\u0413\u043b\u0430\u0432\u043d\u0430\u044f \u0441\u0442\u0440\u0430\u043d\u0438\u0446\u0430\",\"item\":\"https:\\\/\\\/christinakosmeetika.ee\\\/et\\\/\"},{\"@type\":\"ListItem\",\"position\":2,\"name\":\"Pood\",\"item\":\"https:\\\/\\\/christinakosmeetika.ee\\\/et\\\/shop\\\/\"},{\"@type\":\"ListItem\",\"position\":3,\"name\":\"Line Repair Fix Hydra Perfect 30ml CHR890\"}]},{\"@type\":\"WebSite\",\"@id\":\"https:\\\/\\\/christinakosmeetika.ee\\\/#website\",\"url\":\"https:\\\/\\\/christinakosmeetika.ee\\\/\",\"name\":\"Christinakosmeetika\",\"description\":\"Christina kosmeetika Eestis\",\"alternateName\":\"Christina kosmeetika Eestis\",\"potentialAction\":[{\"@type\":\"SearchAction\",\"target\":{\"@type\":\"EntryPoint\",\"urlTemplate\":\"https:\\\/\\\/christinakosmeetika.ee\\\/?s={search_term_string}\"},\"query-input\":{\"@type\":\"PropertyValueSpecification\",\"valueRequired\":true,\"valueName\":\"search_term_string\"}}],\"inLanguage\":\"et\"}]}<\/script>\n<!-- \/ Yoast SEO plugin. -->","yoast_head_json":{"title":"Line Repair Fix Hydra Perfect 30ml CHR890 - Christinakosmeetika","description":"Tagab niisutuse, t\u00e4idab naha seestpoolt ja parandab selle elastsust. Aeglustab kortsude teket, leevendab p\u00f5letikke, v\u00e4hendab \u00e4rritust ja ebamugavustunnet.","robots":{"index":"index","follow":"follow","max-snippet":"max-snippet:-1","max-image-preview":"max-image-preview:large","max-video-preview":"max-video-preview:-1"},"canonical":"https:\/\/christinakosmeetika.ee\/et\/toode\/fix-hydra-perfect-et\/","og_locale":"et_EE","og_type":"article","og_title":"Line Repair Fix Hydra Perfect 30ml CHR890 - Christinakosmeetika","og_description":"Tagab niisutuse, t\u00e4idab naha seestpoolt ja parandab selle elastsust. Aeglustab kortsude teket, leevendab p\u00f5letikke, v\u00e4hendab \u00e4rritust ja ebamugavustunnet.","og_url":"https:\/\/christinakosmeetika.ee\/et\/toode\/fix-hydra-perfect-et\/","og_site_name":"Christinakosmeetika","article_modified_time":"2026-04-27T20:11:01+00:00","og_image":[{"width":500,"height":500,"url":"https:\/\/christinakosmeetika.ee\/wp-content\/uploads\/2022\/10\/Fix-Hydra-Perfect500.png","type":"image\/png"}],"twitter_card":"summary_large_image","twitter_misc":{"Est. reading time":"1 minut"},"schema":{"@context":"https:\/\/schema.org","@graph":[{"@type":"WebPage","@id":"https:\/\/christinakosmeetika.ee\/et\/toode\/fix-hydra-perfect-et\/","url":"https:\/\/christinakosmeetika.ee\/et\/toode\/fix-hydra-perfect-et\/","name":"Line Repair Fix Hydra Perfect 30ml CHR890 - Christinakosmeetika","isPartOf":{"@id":"https:\/\/christinakosmeetika.ee\/#website"},"primaryImageOfPage":{"@id":"https:\/\/christinakosmeetika.ee\/et\/toode\/fix-hydra-perfect-et\/#primaryimage"},"image":{"@id":"https:\/\/christinakosmeetika.ee\/et\/toode\/fix-hydra-perfect-et\/#primaryimage"},"thumbnailUrl":"https:\/\/christinakosmeetika.ee\/wp-content\/uploads\/2022\/10\/Fix-Hydra-Perfect500.png","datePublished":"2022-10-27T09:57:01+00:00","dateModified":"2026-04-27T20:11:01+00:00","description":"Tagab niisutuse, t\u00e4idab naha seestpoolt ja parandab selle elastsust. Aeglustab kortsude teket, leevendab p\u00f5letikke, v\u00e4hendab \u00e4rritust ja ebamugavustunnet.","breadcrumb":{"@id":"https:\/\/christinakosmeetika.ee\/et\/toode\/fix-hydra-perfect-et\/#breadcrumb"},"inLanguage":"et","potentialAction":[{"@type":"ReadAction","target":["https:\/\/christinakosmeetika.ee\/et\/toode\/fix-hydra-perfect-et\/"]}]},{"@type":"ImageObject","inLanguage":"et","@id":"https:\/\/christinakosmeetika.ee\/et\/toode\/fix-hydra-perfect-et\/#primaryimage","url":"https:\/\/christinakosmeetika.ee\/wp-content\/uploads\/2022\/10\/Fix-Hydra-Perfect500.png","contentUrl":"https:\/\/christinakosmeetika.ee\/wp-content\/uploads\/2022\/10\/Fix-Hydra-Perfect500.png","width":500,"height":500},{"@type":"BreadcrumbList","@id":"https:\/\/christinakosmeetika.ee\/et\/toode\/fix-hydra-perfect-et\/#breadcrumb","itemListElement":[{"@type":"ListItem","position":1,"name":"\u0413\u043b\u0430\u0432\u043d\u0430\u044f \u0441\u0442\u0440\u0430\u043d\u0438\u0446\u0430","item":"https:\/\/christinakosmeetika.ee\/et\/"},{"@type":"ListItem","position":2,"name":"Pood","item":"https:\/\/christinakosmeetika.ee\/et\/shop\/"},{"@type":"ListItem","position":3,"name":"Line Repair Fix Hydra Perfect 30ml CHR890"}]},{"@type":"WebSite","@id":"https:\/\/christinakosmeetika.ee\/#website","url":"https:\/\/christinakosmeetika.ee\/","name":"Christinakosmeetika","description":"Christina kosmeetika Eestis","alternateName":"Christina kosmeetika Eestis","potentialAction":[{"@type":"SearchAction","target":{"@type":"EntryPoint","urlTemplate":"https:\/\/christinakosmeetika.ee\/?s={search_term_string}"},"query-input":{"@type":"PropertyValueSpecification","valueRequired":true,"valueName":"search_term_string"}}],"inLanguage":"et"}]}},"_links":{"self":[{"href":"https:\/\/christinakosmeetika.ee\/et\/wp-json\/wp\/v2\/product\/5183","targetHints":{"allow":["GET"]}}],"collection":[{"href":"https:\/\/christinakosmeetika.ee\/et\/wp-json\/wp\/v2\/product"}],"about":[{"href":"https:\/\/christinakosmeetika.ee\/et\/wp-json\/wp\/v2\/types\/product"}],"wp:featuredmedia":[{"embeddable":true,"href":"https:\/\/christinakosmeetika.ee\/et\/wp-json\/wp\/v2\/media\/5708"}],"wp:attachment":[{"href":"https:\/\/christinakosmeetika.ee\/et\/wp-json\/wp\/v2\/media?parent=5183"}],"wp:term":[{"taxonomy":"product_brand","embeddable":true,"href":"https:\/\/christinakosmeetika.ee\/et\/wp-json\/wp\/v2\/product_brand?post=5183"},{"taxonomy":"product_cat","embeddable":true,"href":"https:\/\/christinakosmeetika.ee\/et\/wp-json\/wp\/v2\/product_cat?post=5183"},{"taxonomy":"product_tag","embeddable":true,"href":"https:\/\/christinakosmeetika.ee\/et\/wp-json\/wp\/v2\/product_tag?post=5183"}],"curies":[{"name":"wp","href":"https:\/\/api.w.org\/{rel}","templated":true}]}}