{"id":5176,"date":"2021-05-09T16:19:27","date_gmt":"2021-05-09T16:19:27","guid":{"rendered":"https:\/\/christinakosmeetika.ee\/product\/line-repair-firm-daytime-guard-spf50-et\/"},"modified":"2026-04-14T22:21:22","modified_gmt":"2026-04-14T19:21:22","slug":"line-repair-firm-daytime-guard-spf50-et","status":"publish","type":"product","link":"https:\/\/christinakosmeetika.ee\/et\/toode\/line-repair-firm-daytime-guard-spf50-et\/","title":{"rendered":"Line Repair Firm Daytime Guard SPF50 60ml CHR879"},"content":{"rendered":"<section class=\"av_textblock_section \">\n<div>\n<p>Kerge kreem niisutab ja kaitseb nahka usaldusv\u00e4\u00e4rselt kahjulike p\u00e4ikesekiirte ja enneaegse vananemise eest t\u00e4nu laia spektriga UV-filtrite kombinatsioonile.<\/p>\n<p>Taimsed koostisosad leevendavad punetust ja ennetavad vabade radikaalide negatiivset m\u00f5ju. H\u00fcaluroonhape vastutab niisutamise eest: suurendab niiskustaset ja taastab elastsuse. Resveratrool &#8211; v\u00f5imas antioks\u00fcdant punasest veinist &#8211; tugevdab loomulikku kaitsemehhanismi ja aitab neutraliseerida vabu radikaale. Hobukastani ekstrakt leevendab punetust ja p\u00f5letikku ning parandab kuperoosa tunnuseid.<\/p>\n<p><strong>Kasutusviis:<\/strong><\/p>\n<p>Kandke toode n\u00e4ole, kaelale ja dekolteele, jaotage \u00fchtlaselt ning masseerivate liigutustega kuni t\u00e4ieliku imendumiseni.<\/p>\n<p><strong>Koostis:<\/strong><\/p>\n<\/div>\n<div>Deionized water (Aqua), Diethylamino Hydroxybenzoyl Hexyl Benzoate, Isodecyl Neopentanoate, Ethylhexyl Methoxycinnamate, Ethylhexyl Triazone, Glyceryl Stearate, Glycerin,Polymethyl Methacrylate, Polyglyceryl-6 Palmitate\/Succinate, C12-15 Alkyl Benzoate,Cetearyl Alcohol, Bis-Ethylhexyloxyphenol Methoxyphenyl Triazine, Acrylates\/C12-22 Alkyl Methacrylate Copolymer,Phenoxyethanol, Mica, Titanium Dioxide, Butylene Glycol, Caprylyl Glycol, Tocopheryl Acetate, Xanthan Gum, Arginine, Perfume, Coco-Glucoside, Ethylhexylglycerin, Sclerotium Gum, Lecithin,Sodium hyaluronate, Sodium Phytate, Pullulan, Aesculus Hippocastanum (Horse Chestnut) Seed Extract, Disodium Lauryl Sulfosuccinate 1, Citric Acid, Silica, 1,2-Hexanediol, Resveratrol,Alcohol, Hexyl Cinnamal, Limonene, Linalool, Citral.<\/div>\n<div><\/div>\n<\/section>\n","protected":false},"excerpt":{"rendered":"<h4>Kerge kaitsev p\u00e4evakreem SPF50<\/h4>\n","protected":false},"featured_media":5031,"template":"","meta":[],"product_brand":[],"product_cat":[149],"product_tag":[],"class_list":{"0":"post-5176","1":"product","2":"type-product","3":"status-publish","4":"has-post-thumbnail","6":"product_cat-kreem","7":"product_shipping_class-smart-itella-post","8":"pa_krem-spf-spf-kreemid","9":"pa_linii-kosmetiki-line-repair-et","10":"pa_reshenie-problem-ebauhtlane-nahatekstuur","11":"pa_reshenie-problem-vahenenud-elastsus","12":"pa_reshenie-problem-vananemise-margid","13":"pa_tip-kozi-kombi-et","14":"pa_tip-kozi-kuiv-et","15":"pa_tip-kozi-normaalne-et","16":"pa_tip-preparata-kreem","17":"pa_vremja-primenenija-paevane","19":"first","20":"instock","21":"taxable","22":"shipping-taxable","23":"purchasable","24":"product-type-simple"},"yoast_head":"<!-- This site is optimized with the Yoast SEO plugin v27.4 - https:\/\/yoast.com\/product\/yoast-seo-wordpress\/ -->\n<title>Line Repair Firm Daytime Guard SPF50 60ml CHR879 - Christinakosmeetika<\/title>\n<meta name=\"description\" content=\"Kerge kreem niisutab ja kaitseb nahka usaldusv\u00e4\u00e4rselt kahjuliku p\u00e4ikesekiirguse ja enneaegse vananemise eest t\u00e4nu UV-filtrite kombinatsioonile.\" \/>\n<meta name=\"robots\" content=\"index, follow, max-snippet:-1, max-image-preview:large, max-video-preview:-1\" \/>\n<link rel=\"canonical\" href=\"https:\/\/christinakosmeetika.ee\/product\/line-repair-firm-daytime-guard-spf50\/\" \/>\n<meta property=\"og:locale\" content=\"et_EE\" \/>\n<meta property=\"og:type\" content=\"article\" \/>\n<meta property=\"og:title\" content=\"Line Repair Firm Daytime Guard SPF50 60ml CHR879 - Christinakosmeetika\" \/>\n<meta property=\"og:description\" content=\"Kerge kreem niisutab ja kaitseb nahka usaldusv\u00e4\u00e4rselt kahjuliku p\u00e4ikesekiirguse ja enneaegse vananemise eest t\u00e4nu UV-filtrite kombinatsioonile.\" \/>\n<meta property=\"og:url\" content=\"https:\/\/christinakosmeetika.ee\/product\/line-repair-firm-daytime-guard-spf50\/\" \/>\n<meta property=\"og:site_name\" content=\"Christinakosmeetika\" \/>\n<meta property=\"article:modified_time\" content=\"2026-04-14T19:21:22+00:00\" \/>\n<meta property=\"og:image\" content=\"https:\/\/christinakosmeetika.ee\/wp-content\/uploads\/2021\/05\/Daytime-Guard-SPF-50.450.jpg\" \/>\n\t<meta property=\"og:image:width\" content=\"450\" \/>\n\t<meta property=\"og:image:height\" content=\"450\" \/>\n\t<meta property=\"og:image:type\" content=\"image\/jpeg\" \/>\n<meta name=\"twitter:card\" content=\"summary_large_image\" \/>\n<meta name=\"twitter:label1\" content=\"Est. reading time\" \/>\n\t<meta name=\"twitter:data1\" content=\"1 minut\" \/>\n<script type=\"application\/ld+json\" class=\"yoast-schema-graph\">{\"@context\":\"https:\\\/\\\/schema.org\",\"@graph\":[{\"@type\":\"WebPage\",\"@id\":\"https:\\\/\\\/christinakosmeetika.ee\\\/product\\\/line-repair-firm-daytime-guard-spf50\\\/\",\"url\":\"https:\\\/\\\/christinakosmeetika.ee\\\/product\\\/line-repair-firm-daytime-guard-spf50\\\/\",\"name\":\"Line Repair Firm Daytime Guard SPF50 60ml CHR879 - Christinakosmeetika\",\"isPartOf\":{\"@id\":\"https:\\\/\\\/christinakosmeetika.ee\\\/#website\"},\"primaryImageOfPage\":{\"@id\":\"https:\\\/\\\/christinakosmeetika.ee\\\/product\\\/line-repair-firm-daytime-guard-spf50\\\/#primaryimage\"},\"image\":{\"@id\":\"https:\\\/\\\/christinakosmeetika.ee\\\/product\\\/line-repair-firm-daytime-guard-spf50\\\/#primaryimage\"},\"thumbnailUrl\":\"https:\\\/\\\/christinakosmeetika.ee\\\/wp-content\\\/uploads\\\/2021\\\/05\\\/Daytime-Guard-SPF-50.450.jpg\",\"datePublished\":\"2021-05-09T16:19:27+00:00\",\"dateModified\":\"2026-04-14T19:21:22+00:00\",\"description\":\"Kerge kreem niisutab ja kaitseb nahka usaldusv\u00e4\u00e4rselt kahjuliku p\u00e4ikesekiirguse ja enneaegse vananemise eest t\u00e4nu UV-filtrite kombinatsioonile.\",\"breadcrumb\":{\"@id\":\"https:\\\/\\\/christinakosmeetika.ee\\\/product\\\/line-repair-firm-daytime-guard-spf50\\\/#breadcrumb\"},\"inLanguage\":\"et\",\"potentialAction\":[{\"@type\":\"ReadAction\",\"target\":[\"https:\\\/\\\/christinakosmeetika.ee\\\/product\\\/line-repair-firm-daytime-guard-spf50\\\/\"]}]},{\"@type\":\"ImageObject\",\"inLanguage\":\"et\",\"@id\":\"https:\\\/\\\/christinakosmeetika.ee\\\/product\\\/line-repair-firm-daytime-guard-spf50\\\/#primaryimage\",\"url\":\"https:\\\/\\\/christinakosmeetika.ee\\\/wp-content\\\/uploads\\\/2021\\\/05\\\/Daytime-Guard-SPF-50.450.jpg\",\"contentUrl\":\"https:\\\/\\\/christinakosmeetika.ee\\\/wp-content\\\/uploads\\\/2021\\\/05\\\/Daytime-Guard-SPF-50.450.jpg\",\"width\":450,\"height\":450},{\"@type\":\"BreadcrumbList\",\"@id\":\"https:\\\/\\\/christinakosmeetika.ee\\\/product\\\/line-repair-firm-daytime-guard-spf50\\\/#breadcrumb\",\"itemListElement\":[{\"@type\":\"ListItem\",\"position\":1,\"name\":\"\u0413\u043b\u0430\u0432\u043d\u0430\u044f \u0441\u0442\u0440\u0430\u043d\u0438\u0446\u0430\",\"item\":\"https:\\\/\\\/christinakosmeetika.ee\\\/et\\\/\"},{\"@type\":\"ListItem\",\"position\":2,\"name\":\"Pood\",\"item\":\"https:\\\/\\\/christinakosmeetika.ee\\\/et\\\/shop\\\/\"},{\"@type\":\"ListItem\",\"position\":3,\"name\":\"Line Repair Firm Daytime Guard SPF50 60ml CHR879\"}]},{\"@type\":\"WebSite\",\"@id\":\"https:\\\/\\\/christinakosmeetika.ee\\\/#website\",\"url\":\"https:\\\/\\\/christinakosmeetika.ee\\\/\",\"name\":\"Christinakosmeetika\",\"description\":\"Christina kosmeetika Eestis\",\"alternateName\":\"Christina kosmeetika Eestis\",\"potentialAction\":[{\"@type\":\"SearchAction\",\"target\":{\"@type\":\"EntryPoint\",\"urlTemplate\":\"https:\\\/\\\/christinakosmeetika.ee\\\/?s={search_term_string}\"},\"query-input\":{\"@type\":\"PropertyValueSpecification\",\"valueRequired\":true,\"valueName\":\"search_term_string\"}}],\"inLanguage\":\"et\"}]}<\/script>\n<!-- \/ Yoast SEO plugin. -->","yoast_head_json":{"title":"Line Repair Firm Daytime Guard SPF50 60ml CHR879 - Christinakosmeetika","description":"Kerge kreem niisutab ja kaitseb nahka usaldusv\u00e4\u00e4rselt kahjuliku p\u00e4ikesekiirguse ja enneaegse vananemise eest t\u00e4nu UV-filtrite kombinatsioonile.","robots":{"index":"index","follow":"follow","max-snippet":"max-snippet:-1","max-image-preview":"max-image-preview:large","max-video-preview":"max-video-preview:-1"},"canonical":"https:\/\/christinakosmeetika.ee\/product\/line-repair-firm-daytime-guard-spf50\/","og_locale":"et_EE","og_type":"article","og_title":"Line Repair Firm Daytime Guard SPF50 60ml CHR879 - Christinakosmeetika","og_description":"Kerge kreem niisutab ja kaitseb nahka usaldusv\u00e4\u00e4rselt kahjuliku p\u00e4ikesekiirguse ja enneaegse vananemise eest t\u00e4nu UV-filtrite kombinatsioonile.","og_url":"https:\/\/christinakosmeetika.ee\/product\/line-repair-firm-daytime-guard-spf50\/","og_site_name":"Christinakosmeetika","article_modified_time":"2026-04-14T19:21:22+00:00","og_image":[{"width":450,"height":450,"url":"https:\/\/christinakosmeetika.ee\/wp-content\/uploads\/2021\/05\/Daytime-Guard-SPF-50.450.jpg","type":"image\/jpeg"}],"twitter_card":"summary_large_image","twitter_misc":{"Est. reading time":"1 minut"},"schema":{"@context":"https:\/\/schema.org","@graph":[{"@type":"WebPage","@id":"https:\/\/christinakosmeetika.ee\/product\/line-repair-firm-daytime-guard-spf50\/","url":"https:\/\/christinakosmeetika.ee\/product\/line-repair-firm-daytime-guard-spf50\/","name":"Line Repair Firm Daytime Guard SPF50 60ml CHR879 - Christinakosmeetika","isPartOf":{"@id":"https:\/\/christinakosmeetika.ee\/#website"},"primaryImageOfPage":{"@id":"https:\/\/christinakosmeetika.ee\/product\/line-repair-firm-daytime-guard-spf50\/#primaryimage"},"image":{"@id":"https:\/\/christinakosmeetika.ee\/product\/line-repair-firm-daytime-guard-spf50\/#primaryimage"},"thumbnailUrl":"https:\/\/christinakosmeetika.ee\/wp-content\/uploads\/2021\/05\/Daytime-Guard-SPF-50.450.jpg","datePublished":"2021-05-09T16:19:27+00:00","dateModified":"2026-04-14T19:21:22+00:00","description":"Kerge kreem niisutab ja kaitseb nahka usaldusv\u00e4\u00e4rselt kahjuliku p\u00e4ikesekiirguse ja enneaegse vananemise eest t\u00e4nu UV-filtrite kombinatsioonile.","breadcrumb":{"@id":"https:\/\/christinakosmeetika.ee\/product\/line-repair-firm-daytime-guard-spf50\/#breadcrumb"},"inLanguage":"et","potentialAction":[{"@type":"ReadAction","target":["https:\/\/christinakosmeetika.ee\/product\/line-repair-firm-daytime-guard-spf50\/"]}]},{"@type":"ImageObject","inLanguage":"et","@id":"https:\/\/christinakosmeetika.ee\/product\/line-repair-firm-daytime-guard-spf50\/#primaryimage","url":"https:\/\/christinakosmeetika.ee\/wp-content\/uploads\/2021\/05\/Daytime-Guard-SPF-50.450.jpg","contentUrl":"https:\/\/christinakosmeetika.ee\/wp-content\/uploads\/2021\/05\/Daytime-Guard-SPF-50.450.jpg","width":450,"height":450},{"@type":"BreadcrumbList","@id":"https:\/\/christinakosmeetika.ee\/product\/line-repair-firm-daytime-guard-spf50\/#breadcrumb","itemListElement":[{"@type":"ListItem","position":1,"name":"\u0413\u043b\u0430\u0432\u043d\u0430\u044f \u0441\u0442\u0440\u0430\u043d\u0438\u0446\u0430","item":"https:\/\/christinakosmeetika.ee\/et\/"},{"@type":"ListItem","position":2,"name":"Pood","item":"https:\/\/christinakosmeetika.ee\/et\/shop\/"},{"@type":"ListItem","position":3,"name":"Line Repair Firm Daytime Guard SPF50 60ml CHR879"}]},{"@type":"WebSite","@id":"https:\/\/christinakosmeetika.ee\/#website","url":"https:\/\/christinakosmeetika.ee\/","name":"Christinakosmeetika","description":"Christina kosmeetika Eestis","alternateName":"Christina kosmeetika Eestis","potentialAction":[{"@type":"SearchAction","target":{"@type":"EntryPoint","urlTemplate":"https:\/\/christinakosmeetika.ee\/?s={search_term_string}"},"query-input":{"@type":"PropertyValueSpecification","valueRequired":true,"valueName":"search_term_string"}}],"inLanguage":"et"}]}},"_links":{"self":[{"href":"https:\/\/christinakosmeetika.ee\/et\/wp-json\/wp\/v2\/product\/5176","targetHints":{"allow":["GET"]}}],"collection":[{"href":"https:\/\/christinakosmeetika.ee\/et\/wp-json\/wp\/v2\/product"}],"about":[{"href":"https:\/\/christinakosmeetika.ee\/et\/wp-json\/wp\/v2\/types\/product"}],"wp:featuredmedia":[{"embeddable":true,"href":"https:\/\/christinakosmeetika.ee\/et\/wp-json\/wp\/v2\/media\/5031"}],"wp:attachment":[{"href":"https:\/\/christinakosmeetika.ee\/et\/wp-json\/wp\/v2\/media?parent=5176"}],"wp:term":[{"taxonomy":"product_brand","embeddable":true,"href":"https:\/\/christinakosmeetika.ee\/et\/wp-json\/wp\/v2\/product_brand?post=5176"},{"taxonomy":"product_cat","embeddable":true,"href":"https:\/\/christinakosmeetika.ee\/et\/wp-json\/wp\/v2\/product_cat?post=5176"},{"taxonomy":"product_tag","embeddable":true,"href":"https:\/\/christinakosmeetika.ee\/et\/wp-json\/wp\/v2\/product_tag?post=5176"}],"curies":[{"name":"wp","href":"https:\/\/api.w.org\/{rel}","templated":true}]}}