{"id":5174,"date":"2021-05-09T12:01:17","date_gmt":"2021-05-09T12:01:17","guid":{"rendered":"https:\/\/christinakosmeetika.ee\/product\/line-repair-firm-collagen-boost-mask-et\/"},"modified":"2026-04-14T22:19:36","modified_gmt":"2026-04-14T19:19:36","slug":"line-repair-firm-collagen-boost-mask-et","status":"publish","type":"product","link":"https:\/\/christinakosmeetika.ee\/et\/toode\/line-repair-firm-collagen-boost-mask-et\/","title":{"rendered":"Line Repair Firm Collagen Boost Mask 60ml CHR881"},"content":{"rendered":"<section>\n<section>Tervendava toimega mask, mis on rikas toitainete poolest, taastab naha tervise. Parandab kollageeni ja elastiini vastupidavust ning taastab naha elastsuse. Leevendab \u00e4rritusi ja punetust, eemaldab saasteained, tekitades mugavustunde.<\/section>\n<section><strong>Kasutusviis:<\/strong><\/section>\n<section>Kandke kaks korda n\u00e4dalas \u00fchtlaselt puhastatud n\u00e4o, kaela ja dekolteele. J\u00e4tke 10 minutiks m\u00f5juma. Eemaldage niiske salvr\u00e4tikuga.<\/section>\n<section>Koostis:<\/section>\n<section>Deionized Water (Aqua), C12-15 Alkyl Benzoate, Stearic Acid, Glycerin, Isocetyl Alcohol, Glyceryl Stearate, Peg-100 Stearate, Polysorbate 80, Hydrolyzed Chenopodium Quinoa Seed, Stearyl Alcohol, Hamamelis Virginiana (Witch Hazel) Extract, Phenoxyethanol, Persea Gratissima (Avocado) Oil, Tocopheryl Acetate, Triethanolamine, Phytosterols, Acrylates\/C10-30 Alkyl Acrylate Crosspolymer, Olea Europaea (Olive) Fruit Oil, Caprylyl Glycol, Pvp, Perfume, Sodium Phytate, Ascorbyl Glucoside, Chlorella Vulgaris Extract, Ethylhexylglycerin, Butylene Glycol, Sodium Hyaluronate, Mentha Arvensis Leaf Oil, Benzyl Alcohol, Camellia Sinensis Leaf Extract, Potassium Sorbate, Dehydroacetic Acid, Fd&amp;C Blue No. 1 (Ci 42090), Ascorbic Acid, Glucose, Benzyl Benzoate, Limonene, Hexyl Cinnamal, Geraniol, Hydroxycitronellal, Citral, Linalool.<\/section>\n<\/section>\n","protected":false},"excerpt":{"rendered":"<h4 class=\"av-special-heading-tag\">H\u00fcaluroonhapet suurendav mask kollageeni taastamiseks<\/h4>\n","protected":false},"featured_media":5034,"template":"","meta":[],"product_brand":[],"product_cat":[150],"product_tag":[],"class_list":{"0":"post-5174","1":"product","2":"type-product","3":"status-publish","4":"has-post-thumbnail","6":"product_cat-mask-et","7":"product_shipping_class-smart-itella-post","8":"pa_linii-kosmetiki-line-repair-et","9":"pa_reshenie-problem-ebauhtlane-nahatekstuur","10":"pa_reshenie-problem-vahenenud-elastsus","11":"pa_reshenie-problem-vananemise-margid","12":"pa_tip-kozi-koik-nahatuubid-et","13":"pa_tip-kozi-kombi-et","14":"pa_tip-kozi-kuiv-et","15":"pa_tip-kozi-normaalne-et","16":"pa_tip-kozi-rasvane-et","17":"pa_tip-preparata-mask-et","18":"pa_vremja-primenenija-oine","19":"pa_vremja-primenenija-paevane","21":"first","22":"instock","23":"taxable","24":"shipping-taxable","25":"purchasable","26":"product-type-simple"},"yoast_head":"<!-- This site is optimized with the Yoast SEO plugin v27.5 - https:\/\/yoast.com\/product\/yoast-seo-wordpress\/ -->\n<title>Line Repair Firm Collagen Boost Mask 60ml CHR881 - Christinakosmeetika<\/title>\n<meta name=\"description\" content=\"Parandab kollageeni ja elastiini vastupidavust ning taastab naha elastsuse. Leevendab \u00e4rritusi ja punetust, eemaldab mustuse ning loob mugavustunde.\" \/>\n<meta name=\"robots\" content=\"index, follow, max-snippet:-1, max-image-preview:large, max-video-preview:-1\" \/>\n<link rel=\"canonical\" href=\"https:\/\/christinakosmeetika.ee\/et\/toode\/line-repair-firm-collagen-boost-mask-et\/\" \/>\n<meta property=\"og:locale\" content=\"et_EE\" \/>\n<meta property=\"og:type\" content=\"article\" \/>\n<meta property=\"og:title\" content=\"Line Repair Firm Collagen Boost Mask 60ml CHR881 - Christinakosmeetika\" \/>\n<meta property=\"og:description\" content=\"Parandab kollageeni ja elastiini vastupidavust ning taastab naha elastsuse. Leevendab \u00e4rritusi ja punetust, eemaldab mustuse ning loob mugavustunde.\" \/>\n<meta property=\"og:url\" content=\"https:\/\/christinakosmeetika.ee\/et\/toode\/line-repair-firm-collagen-boost-mask-et\/\" \/>\n<meta property=\"og:site_name\" content=\"Christinakosmeetika\" \/>\n<meta property=\"article:modified_time\" content=\"2026-04-14T19:19:36+00:00\" \/>\n<meta property=\"og:image\" content=\"https:\/\/christinakosmeetika.ee\/wp-content\/uploads\/2021\/05\/Collagen-boost-mask450.jpg\" \/>\n\t<meta property=\"og:image:width\" content=\"450\" \/>\n\t<meta property=\"og:image:height\" content=\"450\" \/>\n\t<meta property=\"og:image:type\" content=\"image\/jpeg\" \/>\n<meta name=\"twitter:card\" content=\"summary_large_image\" \/>\n<meta name=\"twitter:label1\" content=\"Est. reading time\" \/>\n\t<meta name=\"twitter:data1\" content=\"2 minutit\" \/>\n<script type=\"application\/ld+json\" class=\"yoast-schema-graph\">{\"@context\":\"https:\\\/\\\/schema.org\",\"@graph\":[{\"@type\":\"WebPage\",\"@id\":\"https:\\\/\\\/christinakosmeetika.ee\\\/et\\\/toode\\\/line-repair-firm-collagen-boost-mask-et\\\/\",\"url\":\"https:\\\/\\\/christinakosmeetika.ee\\\/et\\\/toode\\\/line-repair-firm-collagen-boost-mask-et\\\/\",\"name\":\"Line Repair Firm Collagen Boost Mask 60ml CHR881 - Christinakosmeetika\",\"isPartOf\":{\"@id\":\"https:\\\/\\\/christinakosmeetika.ee\\\/#website\"},\"primaryImageOfPage\":{\"@id\":\"https:\\\/\\\/christinakosmeetika.ee\\\/et\\\/toode\\\/line-repair-firm-collagen-boost-mask-et\\\/#primaryimage\"},\"image\":{\"@id\":\"https:\\\/\\\/christinakosmeetika.ee\\\/et\\\/toode\\\/line-repair-firm-collagen-boost-mask-et\\\/#primaryimage\"},\"thumbnailUrl\":\"https:\\\/\\\/christinakosmeetika.ee\\\/wp-content\\\/uploads\\\/2021\\\/05\\\/Collagen-boost-mask450.jpg\",\"datePublished\":\"2021-05-09T12:01:17+00:00\",\"dateModified\":\"2026-04-14T19:19:36+00:00\",\"description\":\"Parandab kollageeni ja elastiini vastupidavust ning taastab naha elastsuse. Leevendab \u00e4rritusi ja punetust, eemaldab mustuse ning loob mugavustunde.\",\"breadcrumb\":{\"@id\":\"https:\\\/\\\/christinakosmeetika.ee\\\/et\\\/toode\\\/line-repair-firm-collagen-boost-mask-et\\\/#breadcrumb\"},\"inLanguage\":\"et\",\"potentialAction\":[{\"@type\":\"ReadAction\",\"target\":[\"https:\\\/\\\/christinakosmeetika.ee\\\/et\\\/toode\\\/line-repair-firm-collagen-boost-mask-et\\\/\"]}]},{\"@type\":\"ImageObject\",\"inLanguage\":\"et\",\"@id\":\"https:\\\/\\\/christinakosmeetika.ee\\\/et\\\/toode\\\/line-repair-firm-collagen-boost-mask-et\\\/#primaryimage\",\"url\":\"https:\\\/\\\/christinakosmeetika.ee\\\/wp-content\\\/uploads\\\/2021\\\/05\\\/Collagen-boost-mask450.jpg\",\"contentUrl\":\"https:\\\/\\\/christinakosmeetika.ee\\\/wp-content\\\/uploads\\\/2021\\\/05\\\/Collagen-boost-mask450.jpg\",\"width\":450,\"height\":450},{\"@type\":\"BreadcrumbList\",\"@id\":\"https:\\\/\\\/christinakosmeetika.ee\\\/et\\\/toode\\\/line-repair-firm-collagen-boost-mask-et\\\/#breadcrumb\",\"itemListElement\":[{\"@type\":\"ListItem\",\"position\":1,\"name\":\"\u0413\u043b\u0430\u0432\u043d\u0430\u044f \u0441\u0442\u0440\u0430\u043d\u0438\u0446\u0430\",\"item\":\"https:\\\/\\\/christinakosmeetika.ee\\\/et\\\/\"},{\"@type\":\"ListItem\",\"position\":2,\"name\":\"Pood\",\"item\":\"https:\\\/\\\/christinakosmeetika.ee\\\/et\\\/shop\\\/\"},{\"@type\":\"ListItem\",\"position\":3,\"name\":\"Line Repair Firm Collagen Boost Mask 60ml CHR881\"}]},{\"@type\":\"WebSite\",\"@id\":\"https:\\\/\\\/christinakosmeetika.ee\\\/#website\",\"url\":\"https:\\\/\\\/christinakosmeetika.ee\\\/\",\"name\":\"Christinakosmeetika\",\"description\":\"Christina kosmeetika Eestis\",\"alternateName\":\"Christina kosmeetika Eestis\",\"potentialAction\":[{\"@type\":\"SearchAction\",\"target\":{\"@type\":\"EntryPoint\",\"urlTemplate\":\"https:\\\/\\\/christinakosmeetika.ee\\\/?s={search_term_string}\"},\"query-input\":{\"@type\":\"PropertyValueSpecification\",\"valueRequired\":true,\"valueName\":\"search_term_string\"}}],\"inLanguage\":\"et\"}]}<\/script>\n<!-- \/ Yoast SEO plugin. -->","yoast_head_json":{"title":"Line Repair Firm Collagen Boost Mask 60ml CHR881 - Christinakosmeetika","description":"Parandab kollageeni ja elastiini vastupidavust ning taastab naha elastsuse. Leevendab \u00e4rritusi ja punetust, eemaldab mustuse ning loob mugavustunde.","robots":{"index":"index","follow":"follow","max-snippet":"max-snippet:-1","max-image-preview":"max-image-preview:large","max-video-preview":"max-video-preview:-1"},"canonical":"https:\/\/christinakosmeetika.ee\/et\/toode\/line-repair-firm-collagen-boost-mask-et\/","og_locale":"et_EE","og_type":"article","og_title":"Line Repair Firm Collagen Boost Mask 60ml CHR881 - Christinakosmeetika","og_description":"Parandab kollageeni ja elastiini vastupidavust ning taastab naha elastsuse. Leevendab \u00e4rritusi ja punetust, eemaldab mustuse ning loob mugavustunde.","og_url":"https:\/\/christinakosmeetika.ee\/et\/toode\/line-repair-firm-collagen-boost-mask-et\/","og_site_name":"Christinakosmeetika","article_modified_time":"2026-04-14T19:19:36+00:00","og_image":[{"width":450,"height":450,"url":"https:\/\/christinakosmeetika.ee\/wp-content\/uploads\/2021\/05\/Collagen-boost-mask450.jpg","type":"image\/jpeg"}],"twitter_card":"summary_large_image","twitter_misc":{"Est. reading time":"2 minutit"},"schema":{"@context":"https:\/\/schema.org","@graph":[{"@type":"WebPage","@id":"https:\/\/christinakosmeetika.ee\/et\/toode\/line-repair-firm-collagen-boost-mask-et\/","url":"https:\/\/christinakosmeetika.ee\/et\/toode\/line-repair-firm-collagen-boost-mask-et\/","name":"Line Repair Firm Collagen Boost Mask 60ml CHR881 - Christinakosmeetika","isPartOf":{"@id":"https:\/\/christinakosmeetika.ee\/#website"},"primaryImageOfPage":{"@id":"https:\/\/christinakosmeetika.ee\/et\/toode\/line-repair-firm-collagen-boost-mask-et\/#primaryimage"},"image":{"@id":"https:\/\/christinakosmeetika.ee\/et\/toode\/line-repair-firm-collagen-boost-mask-et\/#primaryimage"},"thumbnailUrl":"https:\/\/christinakosmeetika.ee\/wp-content\/uploads\/2021\/05\/Collagen-boost-mask450.jpg","datePublished":"2021-05-09T12:01:17+00:00","dateModified":"2026-04-14T19:19:36+00:00","description":"Parandab kollageeni ja elastiini vastupidavust ning taastab naha elastsuse. Leevendab \u00e4rritusi ja punetust, eemaldab mustuse ning loob mugavustunde.","breadcrumb":{"@id":"https:\/\/christinakosmeetika.ee\/et\/toode\/line-repair-firm-collagen-boost-mask-et\/#breadcrumb"},"inLanguage":"et","potentialAction":[{"@type":"ReadAction","target":["https:\/\/christinakosmeetika.ee\/et\/toode\/line-repair-firm-collagen-boost-mask-et\/"]}]},{"@type":"ImageObject","inLanguage":"et","@id":"https:\/\/christinakosmeetika.ee\/et\/toode\/line-repair-firm-collagen-boost-mask-et\/#primaryimage","url":"https:\/\/christinakosmeetika.ee\/wp-content\/uploads\/2021\/05\/Collagen-boost-mask450.jpg","contentUrl":"https:\/\/christinakosmeetika.ee\/wp-content\/uploads\/2021\/05\/Collagen-boost-mask450.jpg","width":450,"height":450},{"@type":"BreadcrumbList","@id":"https:\/\/christinakosmeetika.ee\/et\/toode\/line-repair-firm-collagen-boost-mask-et\/#breadcrumb","itemListElement":[{"@type":"ListItem","position":1,"name":"\u0413\u043b\u0430\u0432\u043d\u0430\u044f \u0441\u0442\u0440\u0430\u043d\u0438\u0446\u0430","item":"https:\/\/christinakosmeetika.ee\/et\/"},{"@type":"ListItem","position":2,"name":"Pood","item":"https:\/\/christinakosmeetika.ee\/et\/shop\/"},{"@type":"ListItem","position":3,"name":"Line Repair Firm Collagen Boost Mask 60ml CHR881"}]},{"@type":"WebSite","@id":"https:\/\/christinakosmeetika.ee\/#website","url":"https:\/\/christinakosmeetika.ee\/","name":"Christinakosmeetika","description":"Christina kosmeetika Eestis","alternateName":"Christina kosmeetika Eestis","potentialAction":[{"@type":"SearchAction","target":{"@type":"EntryPoint","urlTemplate":"https:\/\/christinakosmeetika.ee\/?s={search_term_string}"},"query-input":{"@type":"PropertyValueSpecification","valueRequired":true,"valueName":"search_term_string"}}],"inLanguage":"et"}]}},"_links":{"self":[{"href":"https:\/\/christinakosmeetika.ee\/et\/wp-json\/wp\/v2\/product\/5174","targetHints":{"allow":["GET"]}}],"collection":[{"href":"https:\/\/christinakosmeetika.ee\/et\/wp-json\/wp\/v2\/product"}],"about":[{"href":"https:\/\/christinakosmeetika.ee\/et\/wp-json\/wp\/v2\/types\/product"}],"wp:featuredmedia":[{"embeddable":true,"href":"https:\/\/christinakosmeetika.ee\/et\/wp-json\/wp\/v2\/media\/5034"}],"wp:attachment":[{"href":"https:\/\/christinakosmeetika.ee\/et\/wp-json\/wp\/v2\/media?parent=5174"}],"wp:term":[{"taxonomy":"product_brand","embeddable":true,"href":"https:\/\/christinakosmeetika.ee\/et\/wp-json\/wp\/v2\/product_brand?post=5174"},{"taxonomy":"product_cat","embeddable":true,"href":"https:\/\/christinakosmeetika.ee\/et\/wp-json\/wp\/v2\/product_cat?post=5174"},{"taxonomy":"product_tag","embeddable":true,"href":"https:\/\/christinakosmeetika.ee\/et\/wp-json\/wp\/v2\/product_tag?post=5174"}],"curies":[{"name":"wp","href":"https:\/\/api.w.org\/{rel}","templated":true}]}}