{"id":5173,"date":"2022-10-27T05:07:08","date_gmt":"2022-10-27T05:07:08","guid":{"rendered":"https:\/\/christinakosmeetika.ee\/product\/line-repair-firm-blue-daisy-cleanser-et\/"},"modified":"2026-04-15T12:34:50","modified_gmt":"2026-04-15T09:34:50","slug":"line-repair-firm-blue-daisy-cleanser-et","status":"publish","type":"product","link":"https:\/\/christinakosmeetika.ee\/et\/toode\/line-repair-firm-blue-daisy-cleanser-et\/","title":{"rendered":"Line Repair Firm Blue Daisy Cleanser 300ml CHR875"},"content":{"rendered":"<div>\n<p>H\u00fcdrofiilne puhastusvahend (rasva lahustamine veega kokkupuutel) kummeli ekstraktiga. Eemaldab t\u00f5husalt meigi j\u00e4\u00e4gid ja saasteained nahalt, s\u00e4ilitades samal ajal loomuliku niiskustaseme. Muudab naha puhtaks, siledaks ja v\u00e4rskendatuks.<\/p>\n<p>T\u00e4nu dek\u00fc\u00fclgl\u00fckosiidile tagatakse p\u00f5hjalik, kuid \u00f5rn puhastamine. Aquadermi kompleks suurendab niisutust ja hoiab naha siledana. Kummeli ekstrakt k\u00f5rvaldab ebamugavuse ja \u00e4rrituse, leevendab p\u00f5letikku ning v\u00e4hendab naha reaktiivsust.<\/p>\n<p><strong>Kasutusjuhend:<\/strong><\/p>\n<p>Kandke niiskele n\u00e4o-, kaela- ja dekolteepiirkonna nahale. Masseerige kuni tekib piimjas emulsioon. Loputage sooja veega v\u00f5i p\u00fchkige niiske salvr\u00e4tikuga.<\/p>\n<p><strong>Koostis:<\/strong><\/p>\n<\/div>\n<section>Deionized Water (Aqua), Peg-7 Glyceryl Cocoate, Decyl Glucoside, Glycerin, Phenoxyethanol,Polysorbate 20, Caprylyl Glycol, Citric Acid, Sodium Pca, Sodium Lactate, Perfume, Sodium Phytate, Butylene Glycol, Ethylhexylglycerin, Globularia Alypum Leaf Extract, Melissa Officinalis Leaf Extract, Lecithin, Magnolia Biondii Bud\/Flower Extract, Urea, Glycine, Niacinamide, Fructose, Sodium Benzoate, Inositol, Hexyl Cinnamal, Limonene, Linalool, Citral.<\/section>\n","protected":false},"excerpt":{"rendered":"<h4 class=\"av-special-heading-tag \">H\u00fcdrofiilne geel &#8220;Blue Daisy&#8221;<\/h4>\n","protected":false},"featured_media":4057,"template":"","meta":[],"product_brand":[],"product_cat":[147],"product_tag":[],"class_list":{"0":"post-5173","1":"product","2":"type-product","3":"status-publish","4":"has-post-thumbnail","6":"product_cat-geel-et","7":"product_shipping_class-smart-itella-post","8":"pa_linii-kosmetiki-line-repair-et","9":"pa_reshenie-problem-ebauhtlane-nahatekstuur","10":"pa_reshenie-problem-ebauhtlane-nahatoon","11":"pa_reshenie-problem-vahenenud-elastsus","12":"pa_reshenie-problem-saastunud-nahk","13":"pa_reshenie-problem-vananemise-margid","14":"pa_tip-kozi-kombi-et","15":"pa_tip-kozi-kuiv-et","16":"pa_tip-kozi-normaalne-et","17":"pa_tip-preparata-geel","18":"pa_vremja-primenenija-oine","19":"pa_vremja-primenenija-paevane","21":"first","22":"instock","23":"taxable","24":"shipping-taxable","25":"purchasable","26":"product-type-simple"},"yoast_head":"<!-- This site is optimized with the Yoast SEO plugin v27.5 - https:\/\/yoast.com\/product\/yoast-seo-wordpress\/ -->\n<title>Line Repair Firm Blue Daisy Cleanser 300ml CHR875 - Christinakosmeetika<\/title>\n<meta name=\"description\" content=\"Eemaldab t\u00f5husalt nahalt meigij\u00e4\u00e4gid ja mustuse, h\u00e4irimata selle loomulikku niiskustaset. Muudab naha puhtaks, siledaks ja v\u00e4rskeks.\" \/>\n<meta name=\"robots\" content=\"index, follow, max-snippet:-1, max-image-preview:large, max-video-preview:-1\" \/>\n<link rel=\"canonical\" href=\"https:\/\/christinakosmeetika.ee\/et\/toode\/line-repair-firm-blue-daisy-cleanser-et\/\" \/>\n<meta property=\"og:locale\" content=\"et_EE\" \/>\n<meta property=\"og:type\" content=\"article\" \/>\n<meta property=\"og:title\" content=\"Line Repair Firm Blue Daisy Cleanser 300ml CHR875 - Christinakosmeetika\" \/>\n<meta property=\"og:description\" content=\"Eemaldab t\u00f5husalt nahalt meigij\u00e4\u00e4gid ja mustuse, h\u00e4irimata selle loomulikku niiskustaset. Muudab naha puhtaks, siledaks ja v\u00e4rskeks.\" \/>\n<meta property=\"og:url\" content=\"https:\/\/christinakosmeetika.ee\/et\/toode\/line-repair-firm-blue-daisy-cleanser-et\/\" \/>\n<meta property=\"og:site_name\" content=\"Christinakosmeetika\" \/>\n<meta property=\"article:modified_time\" content=\"2026-04-15T09:34:50+00:00\" \/>\n<meta property=\"og:image\" content=\"https:\/\/christinakosmeetika.ee\/wp-content\/uploads\/2022\/10\/Firm-Blue-Daisy-Cleanser500-1.png\" \/>\n\t<meta property=\"og:image:width\" content=\"500\" \/>\n\t<meta property=\"og:image:height\" content=\"500\" \/>\n\t<meta property=\"og:image:type\" content=\"image\/png\" \/>\n<meta name=\"twitter:card\" content=\"summary_large_image\" \/>\n<meta name=\"twitter:label1\" content=\"Est. reading time\" \/>\n\t<meta name=\"twitter:data1\" content=\"1 minut\" \/>\n<script type=\"application\/ld+json\" class=\"yoast-schema-graph\">{\"@context\":\"https:\\\/\\\/schema.org\",\"@graph\":[{\"@type\":\"WebPage\",\"@id\":\"https:\\\/\\\/christinakosmeetika.ee\\\/et\\\/toode\\\/line-repair-firm-blue-daisy-cleanser-et\\\/\",\"url\":\"https:\\\/\\\/christinakosmeetika.ee\\\/et\\\/toode\\\/line-repair-firm-blue-daisy-cleanser-et\\\/\",\"name\":\"Line Repair Firm Blue Daisy Cleanser 300ml CHR875 - Christinakosmeetika\",\"isPartOf\":{\"@id\":\"https:\\\/\\\/christinakosmeetika.ee\\\/#website\"},\"primaryImageOfPage\":{\"@id\":\"https:\\\/\\\/christinakosmeetika.ee\\\/et\\\/toode\\\/line-repair-firm-blue-daisy-cleanser-et\\\/#primaryimage\"},\"image\":{\"@id\":\"https:\\\/\\\/christinakosmeetika.ee\\\/et\\\/toode\\\/line-repair-firm-blue-daisy-cleanser-et\\\/#primaryimage\"},\"thumbnailUrl\":\"https:\\\/\\\/christinakosmeetika.ee\\\/wp-content\\\/uploads\\\/2022\\\/10\\\/Firm-Blue-Daisy-Cleanser500-1.png\",\"datePublished\":\"2022-10-27T05:07:08+00:00\",\"dateModified\":\"2026-04-15T09:34:50+00:00\",\"description\":\"Eemaldab t\u00f5husalt nahalt meigij\u00e4\u00e4gid ja mustuse, h\u00e4irimata selle loomulikku niiskustaset. Muudab naha puhtaks, siledaks ja v\u00e4rskeks.\",\"breadcrumb\":{\"@id\":\"https:\\\/\\\/christinakosmeetika.ee\\\/et\\\/toode\\\/line-repair-firm-blue-daisy-cleanser-et\\\/#breadcrumb\"},\"inLanguage\":\"et\",\"potentialAction\":[{\"@type\":\"ReadAction\",\"target\":[\"https:\\\/\\\/christinakosmeetika.ee\\\/et\\\/toode\\\/line-repair-firm-blue-daisy-cleanser-et\\\/\"]}]},{\"@type\":\"ImageObject\",\"inLanguage\":\"et\",\"@id\":\"https:\\\/\\\/christinakosmeetika.ee\\\/et\\\/toode\\\/line-repair-firm-blue-daisy-cleanser-et\\\/#primaryimage\",\"url\":\"https:\\\/\\\/christinakosmeetika.ee\\\/wp-content\\\/uploads\\\/2022\\\/10\\\/Firm-Blue-Daisy-Cleanser500-1.png\",\"contentUrl\":\"https:\\\/\\\/christinakosmeetika.ee\\\/wp-content\\\/uploads\\\/2022\\\/10\\\/Firm-Blue-Daisy-Cleanser500-1.png\",\"width\":500,\"height\":500},{\"@type\":\"BreadcrumbList\",\"@id\":\"https:\\\/\\\/christinakosmeetika.ee\\\/et\\\/toode\\\/line-repair-firm-blue-daisy-cleanser-et\\\/#breadcrumb\",\"itemListElement\":[{\"@type\":\"ListItem\",\"position\":1,\"name\":\"\u0413\u043b\u0430\u0432\u043d\u0430\u044f \u0441\u0442\u0440\u0430\u043d\u0438\u0446\u0430\",\"item\":\"https:\\\/\\\/christinakosmeetika.ee\\\/et\\\/\"},{\"@type\":\"ListItem\",\"position\":2,\"name\":\"Pood\",\"item\":\"https:\\\/\\\/christinakosmeetika.ee\\\/et\\\/shop\\\/\"},{\"@type\":\"ListItem\",\"position\":3,\"name\":\"Line Repair Firm Blue Daisy Cleanser 300ml CHR875\"}]},{\"@type\":\"WebSite\",\"@id\":\"https:\\\/\\\/christinakosmeetika.ee\\\/#website\",\"url\":\"https:\\\/\\\/christinakosmeetika.ee\\\/\",\"name\":\"Christinakosmeetika\",\"description\":\"Christina kosmeetika Eestis\",\"alternateName\":\"Christina kosmeetika Eestis\",\"potentialAction\":[{\"@type\":\"SearchAction\",\"target\":{\"@type\":\"EntryPoint\",\"urlTemplate\":\"https:\\\/\\\/christinakosmeetika.ee\\\/?s={search_term_string}\"},\"query-input\":{\"@type\":\"PropertyValueSpecification\",\"valueRequired\":true,\"valueName\":\"search_term_string\"}}],\"inLanguage\":\"et\"}]}<\/script>\n<!-- \/ Yoast SEO plugin. -->","yoast_head_json":{"title":"Line Repair Firm Blue Daisy Cleanser 300ml CHR875 - Christinakosmeetika","description":"Eemaldab t\u00f5husalt nahalt meigij\u00e4\u00e4gid ja mustuse, h\u00e4irimata selle loomulikku niiskustaset. Muudab naha puhtaks, siledaks ja v\u00e4rskeks.","robots":{"index":"index","follow":"follow","max-snippet":"max-snippet:-1","max-image-preview":"max-image-preview:large","max-video-preview":"max-video-preview:-1"},"canonical":"https:\/\/christinakosmeetika.ee\/et\/toode\/line-repair-firm-blue-daisy-cleanser-et\/","og_locale":"et_EE","og_type":"article","og_title":"Line Repair Firm Blue Daisy Cleanser 300ml CHR875 - Christinakosmeetika","og_description":"Eemaldab t\u00f5husalt nahalt meigij\u00e4\u00e4gid ja mustuse, h\u00e4irimata selle loomulikku niiskustaset. Muudab naha puhtaks, siledaks ja v\u00e4rskeks.","og_url":"https:\/\/christinakosmeetika.ee\/et\/toode\/line-repair-firm-blue-daisy-cleanser-et\/","og_site_name":"Christinakosmeetika","article_modified_time":"2026-04-15T09:34:50+00:00","og_image":[{"width":500,"height":500,"url":"https:\/\/christinakosmeetika.ee\/wp-content\/uploads\/2022\/10\/Firm-Blue-Daisy-Cleanser500-1.png","type":"image\/png"}],"twitter_card":"summary_large_image","twitter_misc":{"Est. reading time":"1 minut"},"schema":{"@context":"https:\/\/schema.org","@graph":[{"@type":"WebPage","@id":"https:\/\/christinakosmeetika.ee\/et\/toode\/line-repair-firm-blue-daisy-cleanser-et\/","url":"https:\/\/christinakosmeetika.ee\/et\/toode\/line-repair-firm-blue-daisy-cleanser-et\/","name":"Line Repair Firm Blue Daisy Cleanser 300ml CHR875 - Christinakosmeetika","isPartOf":{"@id":"https:\/\/christinakosmeetika.ee\/#website"},"primaryImageOfPage":{"@id":"https:\/\/christinakosmeetika.ee\/et\/toode\/line-repair-firm-blue-daisy-cleanser-et\/#primaryimage"},"image":{"@id":"https:\/\/christinakosmeetika.ee\/et\/toode\/line-repair-firm-blue-daisy-cleanser-et\/#primaryimage"},"thumbnailUrl":"https:\/\/christinakosmeetika.ee\/wp-content\/uploads\/2022\/10\/Firm-Blue-Daisy-Cleanser500-1.png","datePublished":"2022-10-27T05:07:08+00:00","dateModified":"2026-04-15T09:34:50+00:00","description":"Eemaldab t\u00f5husalt nahalt meigij\u00e4\u00e4gid ja mustuse, h\u00e4irimata selle loomulikku niiskustaset. Muudab naha puhtaks, siledaks ja v\u00e4rskeks.","breadcrumb":{"@id":"https:\/\/christinakosmeetika.ee\/et\/toode\/line-repair-firm-blue-daisy-cleanser-et\/#breadcrumb"},"inLanguage":"et","potentialAction":[{"@type":"ReadAction","target":["https:\/\/christinakosmeetika.ee\/et\/toode\/line-repair-firm-blue-daisy-cleanser-et\/"]}]},{"@type":"ImageObject","inLanguage":"et","@id":"https:\/\/christinakosmeetika.ee\/et\/toode\/line-repair-firm-blue-daisy-cleanser-et\/#primaryimage","url":"https:\/\/christinakosmeetika.ee\/wp-content\/uploads\/2022\/10\/Firm-Blue-Daisy-Cleanser500-1.png","contentUrl":"https:\/\/christinakosmeetika.ee\/wp-content\/uploads\/2022\/10\/Firm-Blue-Daisy-Cleanser500-1.png","width":500,"height":500},{"@type":"BreadcrumbList","@id":"https:\/\/christinakosmeetika.ee\/et\/toode\/line-repair-firm-blue-daisy-cleanser-et\/#breadcrumb","itemListElement":[{"@type":"ListItem","position":1,"name":"\u0413\u043b\u0430\u0432\u043d\u0430\u044f \u0441\u0442\u0440\u0430\u043d\u0438\u0446\u0430","item":"https:\/\/christinakosmeetika.ee\/et\/"},{"@type":"ListItem","position":2,"name":"Pood","item":"https:\/\/christinakosmeetika.ee\/et\/shop\/"},{"@type":"ListItem","position":3,"name":"Line Repair Firm Blue Daisy Cleanser 300ml CHR875"}]},{"@type":"WebSite","@id":"https:\/\/christinakosmeetika.ee\/#website","url":"https:\/\/christinakosmeetika.ee\/","name":"Christinakosmeetika","description":"Christina kosmeetika Eestis","alternateName":"Christina kosmeetika Eestis","potentialAction":[{"@type":"SearchAction","target":{"@type":"EntryPoint","urlTemplate":"https:\/\/christinakosmeetika.ee\/?s={search_term_string}"},"query-input":{"@type":"PropertyValueSpecification","valueRequired":true,"valueName":"search_term_string"}}],"inLanguage":"et"}]}},"_links":{"self":[{"href":"https:\/\/christinakosmeetika.ee\/et\/wp-json\/wp\/v2\/product\/5173","targetHints":{"allow":["GET"]}}],"collection":[{"href":"https:\/\/christinakosmeetika.ee\/et\/wp-json\/wp\/v2\/product"}],"about":[{"href":"https:\/\/christinakosmeetika.ee\/et\/wp-json\/wp\/v2\/types\/product"}],"wp:featuredmedia":[{"embeddable":true,"href":"https:\/\/christinakosmeetika.ee\/et\/wp-json\/wp\/v2\/media\/4057"}],"wp:attachment":[{"href":"https:\/\/christinakosmeetika.ee\/et\/wp-json\/wp\/v2\/media?parent=5173"}],"wp:term":[{"taxonomy":"product_brand","embeddable":true,"href":"https:\/\/christinakosmeetika.ee\/et\/wp-json\/wp\/v2\/product_brand?post=5173"},{"taxonomy":"product_cat","embeddable":true,"href":"https:\/\/christinakosmeetika.ee\/et\/wp-json\/wp\/v2\/product_cat?post=5173"},{"taxonomy":"product_tag","embeddable":true,"href":"https:\/\/christinakosmeetika.ee\/et\/wp-json\/wp\/v2\/product_tag?post=5173"}],"curies":[{"name":"wp","href":"https:\/\/api.w.org\/{rel}","templated":true}]}}