{"id":5169,"date":"2021-05-09T18:00:27","date_gmt":"2021-05-09T18:00:27","guid":{"rendered":"https:\/\/christinakosmeetika.ee\/product\/firm-forever-youth-serum-et\/"},"modified":"2026-04-14T22:22:22","modified_gmt":"2026-04-14T19:22:22","slug":"firm-forever-youth-serum-et","status":"publish","type":"product","link":"https:\/\/christinakosmeetika.ee\/et\/toode\/firm-forever-youth-serum-et\/","title":{"rendered":"LINE REPAIR Firm Forever Youth Serum 30ml CHR878"},"content":{"rendered":"<p>V\u00f5imas vananemisvastane seerum. Tihendab ja pinguldab nahka, t\u00f5stab toonust, \u00fchtlustab jumet.<\/p>\n<p>Mineraalne rakustimulaator &#8211; multimineraalne kompleks, mis koosneb magneesiumaspartaadist, tsinkgl\u00fckonaadist ja vaskgl\u00fckonaadist, mis on vajalikud \u00f5ige bioloogilise funktsioneerimise ja rakkude normaalse uuendamise jaoks. Stimuleerib rakke suurendades energiavarusid (ATP) ja rakkude tootmist (valke).<\/p>\n<p>Skin resilience &#8211; v\u00f5itleb naha l\u00f5tvumise ja elastsuse kaotuse vastu. T\u00e4nu Engelhardia chrysolepis lehtede ekstraktile suurendab elastsust, v\u00f5itleb gl\u00fckatsiooni, oks\u00fcdatsiooni ja p\u00f5letikuliste kahjustustega, mis vastutavad kollageeni- ja elastiinikiudude lagunemise eest. Taastab elastsuse, silub kortsud ja parandab v\u00e4limust.<\/p>\n<p>Mere taastav kompleks &#8211; vananemisvastane kompleks mereh\u00fcdrol\u00fc\u00fcsitud kollageeni, mereh\u00fcdrol\u00fc\u00fcsitud elastiini ja meeekstraktiga. Mere kollageeni kilestruktuur annab pinguldava efekti. Mere elastiin suurendab naha elastsust ja pehmust t\u00e4nu k\u00f5rgele aminohapete sisaldusele.<\/p>\n<p>Meekstrakt rikastab rakke NUFA-sarnaste ainetega, mis parandab vee s\u00e4ilitamise v\u00f5imet ja suurendab niiskustaset.<\/p>\n<p>Hobukastani ekstrakt &#8211; beetatsiinil on v\u00e4ljendunud p\u00f5letikuvastased omadused, v\u00e4hendab punetust ja kuperoosi.<\/p>\n<p>Kasutusviis: Kandke 2-3 tilka puhastatud nahale kaks korda p\u00e4evas.<\/p>\n<p><strong>Koostis:<\/strong><\/p>\n<p>Deionized Water (Aqua), Propanediol, Isononyl Isononanoate, Caprylic\/Capric Triglyceride, Glycerin, Phenoxyethanol, Polyacrylate Crosspolymer-6, Niacinamide, Olea Europaea (Olive) Fruit Oil, Plukenetia Volubilis Seed Oil, Polysorbate 20, Caprylyl Glycol, Collagen, Butylene Glycol, Perfume, Ethylhexylglycerin, Propylene Glycol, Ceramide Np, Sodium Phytate, Aesculus Hippocastanum (Horse Chestnut) Seed Extract, Sodium Pca, Honey Extract, Polyglyceryl-10 Laurate, Magnesium Aspartate, Zinc Gluconate, Sorbitan Trioleate, T-Butyl Alcohol, Melissa Officinalis Leaf Extract, Lecithin, Magnolia Biondii Bud\/Flower Extract, Tocopherol, Hydrolyzed Elastin, Citric Acid, Copper Gluconate, Sorbic Acid, Serine, Glycogen, Alcohol, Apium Graveolens (Celery) Root\/Seed Extract, Engelhardtia Chrysolepsis Leaf Extract, Linum Usitatissimum(Linseed) Seed Extract, Linalool, Limonene, Hydroxycitronellal.<\/p>\n","protected":false},"excerpt":{"rendered":"<h4>Noorendav seerum<\/h4>\n","protected":false},"featured_media":5028,"template":"","meta":[],"product_brand":[],"product_cat":[182],"product_tag":[],"class_list":{"0":"post-5169","1":"product","2":"type-product","3":"status-publish","4":"has-post-thumbnail","6":"product_cat-seerum","7":"product_shipping_class-smart-itella-post","8":"pa_linii-kosmetiki-line-repair-et","9":"pa_reshenie-problem-ebauhtlane-nahatekstuur","10":"pa_reshenie-problem-vahenenud-elastsus","11":"pa_reshenie-problem-vananemise-margid","12":"pa_tip-kozi-koik-nahatuubid-et","13":"pa_tip-kozi-kombi-et","14":"pa_tip-kozi-kuiv-et","15":"pa_tip-kozi-normaalne-et","16":"pa_tip-kozi-rasvane-et","17":"pa_tip-preparata-seerum","19":"first","20":"instock","21":"taxable","22":"shipping-taxable","23":"purchasable","24":"product-type-simple"},"yoast_head":"<!-- This site is optimized with the Yoast SEO plugin v27.5 - https:\/\/yoast.com\/product\/yoast-seo-wordpress\/ -->\n<title>LINE REPAIR Firm Forever Youth Serum 30ml CHR878 - Christinakosmeetika<\/title>\n<meta name=\"description\" content=\"V\u00f5imsa vananemisvastase toimega seerum. Tihendab ja pinguldab nahka, suurendab toonust ning \u00fchtlustab nahatooni.\" \/>\n<meta name=\"robots\" content=\"index, follow, max-snippet:-1, max-image-preview:large, max-video-preview:-1\" \/>\n<link rel=\"canonical\" href=\"https:\/\/christinakosmeetika.ee\/et\/toode\/firm-forever-youth-serum-et\/\" \/>\n<meta property=\"og:locale\" content=\"et_EE\" \/>\n<meta property=\"og:type\" content=\"article\" \/>\n<meta property=\"og:title\" content=\"LINE REPAIR Firm Forever Youth Serum 30ml CHR878 - Christinakosmeetika\" \/>\n<meta property=\"og:description\" content=\"V\u00f5imsa vananemisvastase toimega seerum. Tihendab ja pinguldab nahka, suurendab toonust ning \u00fchtlustab nahatooni.\" \/>\n<meta property=\"og:url\" content=\"https:\/\/christinakosmeetika.ee\/et\/toode\/firm-forever-youth-serum-et\/\" \/>\n<meta property=\"og:site_name\" content=\"Christinakosmeetika\" \/>\n<meta property=\"article:modified_time\" content=\"2026-04-14T19:22:22+00:00\" \/>\n<meta property=\"og:image\" content=\"https:\/\/christinakosmeetika.ee\/wp-content\/uploads\/2021\/05\/FIRM_Forever-Youth-Serum450.jpg\" \/>\n\t<meta property=\"og:image:width\" content=\"450\" \/>\n\t<meta property=\"og:image:height\" content=\"450\" \/>\n\t<meta property=\"og:image:type\" content=\"image\/jpeg\" \/>\n<meta name=\"twitter:card\" content=\"summary_large_image\" \/>\n<meta name=\"twitter:label1\" content=\"Est. reading time\" \/>\n\t<meta name=\"twitter:data1\" content=\"2 minutit\" \/>\n<script type=\"application\/ld+json\" class=\"yoast-schema-graph\">{\"@context\":\"https:\\\/\\\/schema.org\",\"@graph\":[{\"@type\":\"WebPage\",\"@id\":\"https:\\\/\\\/christinakosmeetika.ee\\\/et\\\/toode\\\/firm-forever-youth-serum-et\\\/\",\"url\":\"https:\\\/\\\/christinakosmeetika.ee\\\/et\\\/toode\\\/firm-forever-youth-serum-et\\\/\",\"name\":\"LINE REPAIR Firm Forever Youth Serum 30ml CHR878 - Christinakosmeetika\",\"isPartOf\":{\"@id\":\"https:\\\/\\\/christinakosmeetika.ee\\\/#website\"},\"primaryImageOfPage\":{\"@id\":\"https:\\\/\\\/christinakosmeetika.ee\\\/et\\\/toode\\\/firm-forever-youth-serum-et\\\/#primaryimage\"},\"image\":{\"@id\":\"https:\\\/\\\/christinakosmeetika.ee\\\/et\\\/toode\\\/firm-forever-youth-serum-et\\\/#primaryimage\"},\"thumbnailUrl\":\"https:\\\/\\\/christinakosmeetika.ee\\\/wp-content\\\/uploads\\\/2021\\\/05\\\/FIRM_Forever-Youth-Serum450.jpg\",\"datePublished\":\"2021-05-09T18:00:27+00:00\",\"dateModified\":\"2026-04-14T19:22:22+00:00\",\"description\":\"V\u00f5imsa vananemisvastase toimega seerum. Tihendab ja pinguldab nahka, suurendab toonust ning \u00fchtlustab nahatooni.\",\"breadcrumb\":{\"@id\":\"https:\\\/\\\/christinakosmeetika.ee\\\/et\\\/toode\\\/firm-forever-youth-serum-et\\\/#breadcrumb\"},\"inLanguage\":\"et\",\"potentialAction\":[{\"@type\":\"ReadAction\",\"target\":[\"https:\\\/\\\/christinakosmeetika.ee\\\/et\\\/toode\\\/firm-forever-youth-serum-et\\\/\"]}]},{\"@type\":\"ImageObject\",\"inLanguage\":\"et\",\"@id\":\"https:\\\/\\\/christinakosmeetika.ee\\\/et\\\/toode\\\/firm-forever-youth-serum-et\\\/#primaryimage\",\"url\":\"https:\\\/\\\/christinakosmeetika.ee\\\/wp-content\\\/uploads\\\/2021\\\/05\\\/FIRM_Forever-Youth-Serum450.jpg\",\"contentUrl\":\"https:\\\/\\\/christinakosmeetika.ee\\\/wp-content\\\/uploads\\\/2021\\\/05\\\/FIRM_Forever-Youth-Serum450.jpg\",\"width\":450,\"height\":450},{\"@type\":\"BreadcrumbList\",\"@id\":\"https:\\\/\\\/christinakosmeetika.ee\\\/et\\\/toode\\\/firm-forever-youth-serum-et\\\/#breadcrumb\",\"itemListElement\":[{\"@type\":\"ListItem\",\"position\":1,\"name\":\"\u0413\u043b\u0430\u0432\u043d\u0430\u044f \u0441\u0442\u0440\u0430\u043d\u0438\u0446\u0430\",\"item\":\"https:\\\/\\\/christinakosmeetika.ee\\\/et\\\/\"},{\"@type\":\"ListItem\",\"position\":2,\"name\":\"Pood\",\"item\":\"https:\\\/\\\/christinakosmeetika.ee\\\/et\\\/shop\\\/\"},{\"@type\":\"ListItem\",\"position\":3,\"name\":\"LINE REPAIR Firm Forever Youth Serum 30ml CHR878\"}]},{\"@type\":\"WebSite\",\"@id\":\"https:\\\/\\\/christinakosmeetika.ee\\\/#website\",\"url\":\"https:\\\/\\\/christinakosmeetika.ee\\\/\",\"name\":\"Christinakosmeetika\",\"description\":\"Christina kosmeetika Eestis\",\"alternateName\":\"Christina kosmeetika Eestis\",\"potentialAction\":[{\"@type\":\"SearchAction\",\"target\":{\"@type\":\"EntryPoint\",\"urlTemplate\":\"https:\\\/\\\/christinakosmeetika.ee\\\/?s={search_term_string}\"},\"query-input\":{\"@type\":\"PropertyValueSpecification\",\"valueRequired\":true,\"valueName\":\"search_term_string\"}}],\"inLanguage\":\"et\"}]}<\/script>\n<!-- \/ Yoast SEO plugin. -->","yoast_head_json":{"title":"LINE REPAIR Firm Forever Youth Serum 30ml CHR878 - Christinakosmeetika","description":"V\u00f5imsa vananemisvastase toimega seerum. Tihendab ja pinguldab nahka, suurendab toonust ning \u00fchtlustab nahatooni.","robots":{"index":"index","follow":"follow","max-snippet":"max-snippet:-1","max-image-preview":"max-image-preview:large","max-video-preview":"max-video-preview:-1"},"canonical":"https:\/\/christinakosmeetika.ee\/et\/toode\/firm-forever-youth-serum-et\/","og_locale":"et_EE","og_type":"article","og_title":"LINE REPAIR Firm Forever Youth Serum 30ml CHR878 - Christinakosmeetika","og_description":"V\u00f5imsa vananemisvastase toimega seerum. Tihendab ja pinguldab nahka, suurendab toonust ning \u00fchtlustab nahatooni.","og_url":"https:\/\/christinakosmeetika.ee\/et\/toode\/firm-forever-youth-serum-et\/","og_site_name":"Christinakosmeetika","article_modified_time":"2026-04-14T19:22:22+00:00","og_image":[{"width":450,"height":450,"url":"https:\/\/christinakosmeetika.ee\/wp-content\/uploads\/2021\/05\/FIRM_Forever-Youth-Serum450.jpg","type":"image\/jpeg"}],"twitter_card":"summary_large_image","twitter_misc":{"Est. reading time":"2 minutit"},"schema":{"@context":"https:\/\/schema.org","@graph":[{"@type":"WebPage","@id":"https:\/\/christinakosmeetika.ee\/et\/toode\/firm-forever-youth-serum-et\/","url":"https:\/\/christinakosmeetika.ee\/et\/toode\/firm-forever-youth-serum-et\/","name":"LINE REPAIR Firm Forever Youth Serum 30ml CHR878 - Christinakosmeetika","isPartOf":{"@id":"https:\/\/christinakosmeetika.ee\/#website"},"primaryImageOfPage":{"@id":"https:\/\/christinakosmeetika.ee\/et\/toode\/firm-forever-youth-serum-et\/#primaryimage"},"image":{"@id":"https:\/\/christinakosmeetika.ee\/et\/toode\/firm-forever-youth-serum-et\/#primaryimage"},"thumbnailUrl":"https:\/\/christinakosmeetika.ee\/wp-content\/uploads\/2021\/05\/FIRM_Forever-Youth-Serum450.jpg","datePublished":"2021-05-09T18:00:27+00:00","dateModified":"2026-04-14T19:22:22+00:00","description":"V\u00f5imsa vananemisvastase toimega seerum. Tihendab ja pinguldab nahka, suurendab toonust ning \u00fchtlustab nahatooni.","breadcrumb":{"@id":"https:\/\/christinakosmeetika.ee\/et\/toode\/firm-forever-youth-serum-et\/#breadcrumb"},"inLanguage":"et","potentialAction":[{"@type":"ReadAction","target":["https:\/\/christinakosmeetika.ee\/et\/toode\/firm-forever-youth-serum-et\/"]}]},{"@type":"ImageObject","inLanguage":"et","@id":"https:\/\/christinakosmeetika.ee\/et\/toode\/firm-forever-youth-serum-et\/#primaryimage","url":"https:\/\/christinakosmeetika.ee\/wp-content\/uploads\/2021\/05\/FIRM_Forever-Youth-Serum450.jpg","contentUrl":"https:\/\/christinakosmeetika.ee\/wp-content\/uploads\/2021\/05\/FIRM_Forever-Youth-Serum450.jpg","width":450,"height":450},{"@type":"BreadcrumbList","@id":"https:\/\/christinakosmeetika.ee\/et\/toode\/firm-forever-youth-serum-et\/#breadcrumb","itemListElement":[{"@type":"ListItem","position":1,"name":"\u0413\u043b\u0430\u0432\u043d\u0430\u044f \u0441\u0442\u0440\u0430\u043d\u0438\u0446\u0430","item":"https:\/\/christinakosmeetika.ee\/et\/"},{"@type":"ListItem","position":2,"name":"Pood","item":"https:\/\/christinakosmeetika.ee\/et\/shop\/"},{"@type":"ListItem","position":3,"name":"LINE REPAIR Firm Forever Youth Serum 30ml CHR878"}]},{"@type":"WebSite","@id":"https:\/\/christinakosmeetika.ee\/#website","url":"https:\/\/christinakosmeetika.ee\/","name":"Christinakosmeetika","description":"Christina kosmeetika Eestis","alternateName":"Christina kosmeetika Eestis","potentialAction":[{"@type":"SearchAction","target":{"@type":"EntryPoint","urlTemplate":"https:\/\/christinakosmeetika.ee\/?s={search_term_string}"},"query-input":{"@type":"PropertyValueSpecification","valueRequired":true,"valueName":"search_term_string"}}],"inLanguage":"et"}]}},"_links":{"self":[{"href":"https:\/\/christinakosmeetika.ee\/et\/wp-json\/wp\/v2\/product\/5169","targetHints":{"allow":["GET"]}}],"collection":[{"href":"https:\/\/christinakosmeetika.ee\/et\/wp-json\/wp\/v2\/product"}],"about":[{"href":"https:\/\/christinakosmeetika.ee\/et\/wp-json\/wp\/v2\/types\/product"}],"wp:featuredmedia":[{"embeddable":true,"href":"https:\/\/christinakosmeetika.ee\/et\/wp-json\/wp\/v2\/media\/5028"}],"wp:attachment":[{"href":"https:\/\/christinakosmeetika.ee\/et\/wp-json\/wp\/v2\/media?parent=5169"}],"wp:term":[{"taxonomy":"product_brand","embeddable":true,"href":"https:\/\/christinakosmeetika.ee\/et\/wp-json\/wp\/v2\/product_brand?post=5169"},{"taxonomy":"product_cat","embeddable":true,"href":"https:\/\/christinakosmeetika.ee\/et\/wp-json\/wp\/v2\/product_cat?post=5169"},{"taxonomy":"product_tag","embeddable":true,"href":"https:\/\/christinakosmeetika.ee\/et\/wp-json\/wp\/v2\/product_tag?post=5169"}],"curies":[{"name":"wp","href":"https:\/\/api.w.org\/{rel}","templated":true}]}}