{"id":5165,"date":"2022-10-27T19:00:42","date_gmt":"2022-10-27T19:00:42","guid":{"rendered":"https:\/\/christinakosmeetika.ee\/product\/fix-retinol-e-eye-cream-et\/"},"modified":"2026-04-10T10:44:52","modified_gmt":"2026-04-10T07:44:52","slug":"fix-retinol-e-eye-cream-et","status":"publish","type":"product","link":"https:\/\/christinakosmeetika.ee\/et\/toode\/fix-retinol-e-eye-cream-et\/","title":{"rendered":"Line Repair Fix Retinol E Eye Cream 30ml CHR959"},"content":{"rendered":"<p>Fix Retinol E silmakreem on \u00f5rnate ja \u00f5hukeste silma\u00fcmbruse nahka \u00f5rnalt hooldav kreem, millel on pehme struktuur. See imendub kiiresti ja efektiivselt eemaldab turse ning m\u00e4rgatavalt heledab tumedad silmaalused ringid. See suurendab naha elastsust, silub peeneid kortsukesi, taastab epiteeli loomulikud kaitsebarj\u00e4\u00e4rid ja annab nahale s\u00e4ra.<\/p>\n<p>Retinool kiirendab epidermise uuenemist, \u00fchtlustab tooni, tihendab nahka ja silub tekstuuri. Eye beautifier kompleks, mis p\u00f5hineb looduslikel peptiididel, parandab naha toitumist, stimuleerides vereringet. E-vitamiin neutraliseerib vabad radikaalid ja taastab juba kahjustatud rakud.<\/p>\n<p>Kreem sisaldab kolme t\u00fc\u00fcpi h\u00fcaluroonhapet: suure molekulmassiga h\u00fcaluroonhapet niisutamiseks ja barj\u00e4\u00e4ri taastamiseks, keskmise molekulmassiga h\u00fcaluroonhapet niiskuse pikaajaliseks s\u00e4ilitamiseks ning madala molekulmassiga h\u00fcaluroonhapet &#8220;t\u00e4iteainena&#8221; \u00fclemistes dermise kihtides olevatele kortsudele.<\/p>\n<p><strong>Kasutusviis:<\/strong><\/p>\n<p>Kandke \u00f5hukese kihina puhastatud nahale. Patsutage \u00f5rnalt, kuni kreem on t\u00e4ielikult imendunud, v\u00e4ltides otsest silmakontakti. Soovitatav kasutada kaks kuni kolm korda n\u00e4dalas \u00f5htuti.<\/p>\n<p><strong>Koostis:<\/strong><\/p>\n<p>Deionized Water (Aqua), Cetearyl Ethylhexanoate, Paraffinum Liquidum, Polyglyceryl-3 Diisostearate, Glycerin, Petrolatum, Hydrogenated Castor Oil, Microcrystalline Wax, Magnesium Sulfate, Dimethicone, Tocopheryl Acetate, Bht, Propylparaben, Methylparaben, Sodium Hyaluronate, Phenoxyethanol, Retinol, Polysorbate 20, Bha, Dimethyl Isosorbide, Hydroxypinacolone Retinoate,Hydrolyzed Rice Bran Protein, Glycine Soja (Soybean) Protein, Superoxide Dismutase, Sodium Benzoate, Sodium Dextran Sulfate, Potassium Sorbate.<\/p>\n","protected":false},"excerpt":{"rendered":"<h4>Silma\u00fcmbruse nahakreem retinooliga<\/h4>\n","protected":false},"featured_media":5711,"template":"","meta":[],"product_brand":[],"product_cat":[149],"product_tag":[],"class_list":{"0":"post-5165","1":"product","2":"type-product","3":"status-publish","4":"has-post-thumbnail","6":"product_cat-kreem","7":"product_shipping_class-smart-itella-post","8":"pa_linii-kosmetiki-line-repair-et","9":"pa_reshenie-problem-ebauhtlane-nahatekstuur","10":"pa_reshenie-problem-suhost","11":"pa_reshenie-problem-tumedad-ringid","12":"pa_reshenie-problem-chuvstvitelnaja-koza","13":"pa_reshenie-problem-turse-silmade-all","14":"pa_reshenie-problem-vananemise-margid","15":"pa_tip-kozi-koik-nahatuubid-et","16":"pa_tip-kozi-kombi-et","17":"pa_tip-kozi-kuiv-et","18":"pa_tip-kozi-normaalne-et","19":"pa_tip-kozi-rasvane-et","20":"pa_tip-preparata-kreem","22":"first","23":"instock","24":"taxable","25":"shipping-taxable","26":"purchasable","27":"product-type-simple"},"yoast_head":"<!-- This site is optimized with the Yoast SEO plugin v27.5 - https:\/\/yoast.com\/product\/yoast-seo-wordpress\/ -->\n<title>Line Repair Fix Retinol E Eye Cream 30ml CHR959 - Christinakosmeetika<\/title>\n<meta name=\"description\" content=\"Fix Retinol E Eye Cream on silma\u00fcmbruskreem \u00f5rnale nahale, mis parandab elastsust, silub kortsukesi ja annab s\u00e4ra.\" \/>\n<meta name=\"robots\" content=\"index, follow, max-snippet:-1, max-image-preview:large, max-video-preview:-1\" \/>\n<link rel=\"canonical\" href=\"https:\/\/christinakosmeetika.ee\/et\/toode\/fix-retinol-e-eye-cream-et\/\" \/>\n<meta property=\"og:locale\" content=\"et_EE\" \/>\n<meta property=\"og:type\" content=\"article\" \/>\n<meta property=\"og:title\" content=\"Line Repair Fix Retinol E Eye Cream 30ml CHR959 - Christinakosmeetika\" \/>\n<meta property=\"og:description\" content=\"Fix Retinol E Eye Cream on silma\u00fcmbruskreem \u00f5rnale nahale, mis parandab elastsust, silub kortsukesi ja annab s\u00e4ra.\" \/>\n<meta property=\"og:url\" content=\"https:\/\/christinakosmeetika.ee\/et\/toode\/fix-retinol-e-eye-cream-et\/\" \/>\n<meta property=\"og:site_name\" content=\"Christinakosmeetika\" \/>\n<meta property=\"article:modified_time\" content=\"2026-04-10T07:44:52+00:00\" \/>\n<meta property=\"og:image\" content=\"https:\/\/christinakosmeetika.ee\/wp-content\/uploads\/2022\/10\/Fix-Retinol-E-Eye-Cream500.png\" \/>\n\t<meta property=\"og:image:width\" content=\"500\" \/>\n\t<meta property=\"og:image:height\" content=\"500\" \/>\n\t<meta property=\"og:image:type\" content=\"image\/png\" \/>\n<meta name=\"twitter:card\" content=\"summary_large_image\" \/>\n<meta name=\"twitter:label1\" content=\"Est. reading time\" \/>\n\t<meta name=\"twitter:data1\" content=\"2 minutit\" \/>\n<script type=\"application\/ld+json\" class=\"yoast-schema-graph\">{\"@context\":\"https:\\\/\\\/schema.org\",\"@graph\":[{\"@type\":\"WebPage\",\"@id\":\"https:\\\/\\\/christinakosmeetika.ee\\\/et\\\/toode\\\/fix-retinol-e-eye-cream-et\\\/\",\"url\":\"https:\\\/\\\/christinakosmeetika.ee\\\/et\\\/toode\\\/fix-retinol-e-eye-cream-et\\\/\",\"name\":\"Line Repair Fix Retinol E Eye Cream 30ml CHR959 - Christinakosmeetika\",\"isPartOf\":{\"@id\":\"https:\\\/\\\/christinakosmeetika.ee\\\/#website\"},\"primaryImageOfPage\":{\"@id\":\"https:\\\/\\\/christinakosmeetika.ee\\\/et\\\/toode\\\/fix-retinol-e-eye-cream-et\\\/#primaryimage\"},\"image\":{\"@id\":\"https:\\\/\\\/christinakosmeetika.ee\\\/et\\\/toode\\\/fix-retinol-e-eye-cream-et\\\/#primaryimage\"},\"thumbnailUrl\":\"https:\\\/\\\/christinakosmeetika.ee\\\/wp-content\\\/uploads\\\/2022\\\/10\\\/Fix-Retinol-E-Eye-Cream500.png\",\"datePublished\":\"2022-10-27T19:00:42+00:00\",\"dateModified\":\"2026-04-10T07:44:52+00:00\",\"description\":\"Fix Retinol E Eye Cream on silma\u00fcmbruskreem \u00f5rnale nahale, mis parandab elastsust, silub kortsukesi ja annab s\u00e4ra.\",\"breadcrumb\":{\"@id\":\"https:\\\/\\\/christinakosmeetika.ee\\\/et\\\/toode\\\/fix-retinol-e-eye-cream-et\\\/#breadcrumb\"},\"inLanguage\":\"et\",\"potentialAction\":[{\"@type\":\"ReadAction\",\"target\":[\"https:\\\/\\\/christinakosmeetika.ee\\\/et\\\/toode\\\/fix-retinol-e-eye-cream-et\\\/\"]}]},{\"@type\":\"ImageObject\",\"inLanguage\":\"et\",\"@id\":\"https:\\\/\\\/christinakosmeetika.ee\\\/et\\\/toode\\\/fix-retinol-e-eye-cream-et\\\/#primaryimage\",\"url\":\"https:\\\/\\\/christinakosmeetika.ee\\\/wp-content\\\/uploads\\\/2022\\\/10\\\/Fix-Retinol-E-Eye-Cream500.png\",\"contentUrl\":\"https:\\\/\\\/christinakosmeetika.ee\\\/wp-content\\\/uploads\\\/2022\\\/10\\\/Fix-Retinol-E-Eye-Cream500.png\",\"width\":500,\"height\":500},{\"@type\":\"BreadcrumbList\",\"@id\":\"https:\\\/\\\/christinakosmeetika.ee\\\/et\\\/toode\\\/fix-retinol-e-eye-cream-et\\\/#breadcrumb\",\"itemListElement\":[{\"@type\":\"ListItem\",\"position\":1,\"name\":\"\u0413\u043b\u0430\u0432\u043d\u0430\u044f \u0441\u0442\u0440\u0430\u043d\u0438\u0446\u0430\",\"item\":\"https:\\\/\\\/christinakosmeetika.ee\\\/et\\\/\"},{\"@type\":\"ListItem\",\"position\":2,\"name\":\"Pood\",\"item\":\"https:\\\/\\\/christinakosmeetika.ee\\\/et\\\/shop\\\/\"},{\"@type\":\"ListItem\",\"position\":3,\"name\":\"Line Repair Fix Retinol E Eye Cream 30ml CHR959\"}]},{\"@type\":\"WebSite\",\"@id\":\"https:\\\/\\\/christinakosmeetika.ee\\\/#website\",\"url\":\"https:\\\/\\\/christinakosmeetika.ee\\\/\",\"name\":\"Christinakosmeetika\",\"description\":\"Christina kosmeetika Eestis\",\"alternateName\":\"Christina kosmeetika Eestis\",\"potentialAction\":[{\"@type\":\"SearchAction\",\"target\":{\"@type\":\"EntryPoint\",\"urlTemplate\":\"https:\\\/\\\/christinakosmeetika.ee\\\/?s={search_term_string}\"},\"query-input\":{\"@type\":\"PropertyValueSpecification\",\"valueRequired\":true,\"valueName\":\"search_term_string\"}}],\"inLanguage\":\"et\"}]}<\/script>\n<!-- \/ Yoast SEO plugin. -->","yoast_head_json":{"title":"Line Repair Fix Retinol E Eye Cream 30ml CHR959 - Christinakosmeetika","description":"Fix Retinol E Eye Cream on silma\u00fcmbruskreem \u00f5rnale nahale, mis parandab elastsust, silub kortsukesi ja annab s\u00e4ra.","robots":{"index":"index","follow":"follow","max-snippet":"max-snippet:-1","max-image-preview":"max-image-preview:large","max-video-preview":"max-video-preview:-1"},"canonical":"https:\/\/christinakosmeetika.ee\/et\/toode\/fix-retinol-e-eye-cream-et\/","og_locale":"et_EE","og_type":"article","og_title":"Line Repair Fix Retinol E Eye Cream 30ml CHR959 - Christinakosmeetika","og_description":"Fix Retinol E Eye Cream on silma\u00fcmbruskreem \u00f5rnale nahale, mis parandab elastsust, silub kortsukesi ja annab s\u00e4ra.","og_url":"https:\/\/christinakosmeetika.ee\/et\/toode\/fix-retinol-e-eye-cream-et\/","og_site_name":"Christinakosmeetika","article_modified_time":"2026-04-10T07:44:52+00:00","og_image":[{"width":500,"height":500,"url":"https:\/\/christinakosmeetika.ee\/wp-content\/uploads\/2022\/10\/Fix-Retinol-E-Eye-Cream500.png","type":"image\/png"}],"twitter_card":"summary_large_image","twitter_misc":{"Est. reading time":"2 minutit"},"schema":{"@context":"https:\/\/schema.org","@graph":[{"@type":"WebPage","@id":"https:\/\/christinakosmeetika.ee\/et\/toode\/fix-retinol-e-eye-cream-et\/","url":"https:\/\/christinakosmeetika.ee\/et\/toode\/fix-retinol-e-eye-cream-et\/","name":"Line Repair Fix Retinol E Eye Cream 30ml CHR959 - Christinakosmeetika","isPartOf":{"@id":"https:\/\/christinakosmeetika.ee\/#website"},"primaryImageOfPage":{"@id":"https:\/\/christinakosmeetika.ee\/et\/toode\/fix-retinol-e-eye-cream-et\/#primaryimage"},"image":{"@id":"https:\/\/christinakosmeetika.ee\/et\/toode\/fix-retinol-e-eye-cream-et\/#primaryimage"},"thumbnailUrl":"https:\/\/christinakosmeetika.ee\/wp-content\/uploads\/2022\/10\/Fix-Retinol-E-Eye-Cream500.png","datePublished":"2022-10-27T19:00:42+00:00","dateModified":"2026-04-10T07:44:52+00:00","description":"Fix Retinol E Eye Cream on silma\u00fcmbruskreem \u00f5rnale nahale, mis parandab elastsust, silub kortsukesi ja annab s\u00e4ra.","breadcrumb":{"@id":"https:\/\/christinakosmeetika.ee\/et\/toode\/fix-retinol-e-eye-cream-et\/#breadcrumb"},"inLanguage":"et","potentialAction":[{"@type":"ReadAction","target":["https:\/\/christinakosmeetika.ee\/et\/toode\/fix-retinol-e-eye-cream-et\/"]}]},{"@type":"ImageObject","inLanguage":"et","@id":"https:\/\/christinakosmeetika.ee\/et\/toode\/fix-retinol-e-eye-cream-et\/#primaryimage","url":"https:\/\/christinakosmeetika.ee\/wp-content\/uploads\/2022\/10\/Fix-Retinol-E-Eye-Cream500.png","contentUrl":"https:\/\/christinakosmeetika.ee\/wp-content\/uploads\/2022\/10\/Fix-Retinol-E-Eye-Cream500.png","width":500,"height":500},{"@type":"BreadcrumbList","@id":"https:\/\/christinakosmeetika.ee\/et\/toode\/fix-retinol-e-eye-cream-et\/#breadcrumb","itemListElement":[{"@type":"ListItem","position":1,"name":"\u0413\u043b\u0430\u0432\u043d\u0430\u044f \u0441\u0442\u0440\u0430\u043d\u0438\u0446\u0430","item":"https:\/\/christinakosmeetika.ee\/et\/"},{"@type":"ListItem","position":2,"name":"Pood","item":"https:\/\/christinakosmeetika.ee\/et\/shop\/"},{"@type":"ListItem","position":3,"name":"Line Repair Fix Retinol E Eye Cream 30ml CHR959"}]},{"@type":"WebSite","@id":"https:\/\/christinakosmeetika.ee\/#website","url":"https:\/\/christinakosmeetika.ee\/","name":"Christinakosmeetika","description":"Christina kosmeetika Eestis","alternateName":"Christina kosmeetika Eestis","potentialAction":[{"@type":"SearchAction","target":{"@type":"EntryPoint","urlTemplate":"https:\/\/christinakosmeetika.ee\/?s={search_term_string}"},"query-input":{"@type":"PropertyValueSpecification","valueRequired":true,"valueName":"search_term_string"}}],"inLanguage":"et"}]}},"_links":{"self":[{"href":"https:\/\/christinakosmeetika.ee\/et\/wp-json\/wp\/v2\/product\/5165","targetHints":{"allow":["GET"]}}],"collection":[{"href":"https:\/\/christinakosmeetika.ee\/et\/wp-json\/wp\/v2\/product"}],"about":[{"href":"https:\/\/christinakosmeetika.ee\/et\/wp-json\/wp\/v2\/types\/product"}],"wp:featuredmedia":[{"embeddable":true,"href":"https:\/\/christinakosmeetika.ee\/et\/wp-json\/wp\/v2\/media\/5711"}],"wp:attachment":[{"href":"https:\/\/christinakosmeetika.ee\/et\/wp-json\/wp\/v2\/media?parent=5165"}],"wp:term":[{"taxonomy":"product_brand","embeddable":true,"href":"https:\/\/christinakosmeetika.ee\/et\/wp-json\/wp\/v2\/product_brand?post=5165"},{"taxonomy":"product_cat","embeddable":true,"href":"https:\/\/christinakosmeetika.ee\/et\/wp-json\/wp\/v2\/product_cat?post=5165"},{"taxonomy":"product_tag","embeddable":true,"href":"https:\/\/christinakosmeetika.ee\/et\/wp-json\/wp\/v2\/product_tag?post=5165"}],"curies":[{"name":"wp","href":"https:\/\/api.w.org\/{rel}","templated":true}]}}