{"id":5160,"date":"2022-10-27T19:06:44","date_gmt":"2022-10-27T19:06:44","guid":{"rendered":"https:\/\/christinakosmeetika.ee\/product\/line-repair-fix-retinol-e-active-cream-et\/"},"modified":"2026-04-10T10:40:34","modified_gmt":"2026-04-10T07:40:34","slug":"line-repair-fix-retinol-e-active-cream-et","status":"publish","type":"product","link":"https:\/\/christinakosmeetika.ee\/et\/toode\/line-repair-fix-retinol-e-active-cream-et\/","title":{"rendered":"Line Repair Fix Retinol E Active Cream 60ml CHR888"},"content":{"rendered":"<p>Kreem on m\u00f5eldud intensiivseks n\u00e4o- ja kaelanaha taastamiseks. See tungib kiiresti s\u00fcgavale naha kihtidesse, pinguldab, tugevdab, \u00fchtlustab tooni, taastab s\u00e4ra ja korrigeerib armid.<\/p>\n<p>Retinool kiirendab epidermise uuenemist, silub tekstuuri. V\u00e4hendab pigmendilaikude ilminguid ja \u00fchtlustab nahatooni. Regulaarsel kasutamisel tihendab nahka m\u00e4rgatavalt. Vitamiin C rasvlahustuvas vormis aeglustab melaniini tootmist t\u00e4nu suurele imendumisv\u00f5imele ja heleddab pigmenteerumist. E-vitamiin takistab lipiidide oks\u00fcdatiivset kahjustamist, neutraliseerib vabad radikaalid ja taastab juba kahjustatud rakud. Toetab regeneratsiooni.<\/p>\n<p><strong>Kasutusviis:<\/strong><\/p>\n<p>Kandke \u00f5htul \u00f5hukese kihina puhastatud n\u00e4o- ja kaelanahale ning masseerige. Alustage kahe korraga n\u00e4dalas ja suurendage j\u00e4rk-j\u00e4rgult kasutamist.<\/p>\n<p>Kasutage alati p\u00e4ikesekaitsekreemi, kui viibite p\u00e4ikese k\u00e4es.<\/p>\n<p><strong>Koostis:<\/strong><\/p>\n<section>Deionized Water (Aqua), Cetearyl Ethylhexanoate, Paraffinum Liquidum, Polyglyceryl-3 Diisostearate, Glycerin, Petrolatum, Hydrogenated Castor Oil, Microcrystalline Wax, Dimethicone, Magnesium Sulfate, Tocopheryl Acetate, Bht, Methylparaben, Propylparaben, Retinol, Polysorbate 20, Ascorbyl Tetraisopalmitate, Bha, Dimethyl Isosorbide, Hydroxypinacolone Retinoate.<\/section>\n<section>\u00a0<\/section>\n","protected":false},"excerpt":{"rendered":"<h4>Aktiivne kreem koos retinooliga<\/h4>\n","protected":false},"featured_media":6725,"template":"","meta":[],"product_brand":[],"product_cat":[149],"product_tag":[],"class_list":{"0":"post-5160","1":"product","2":"type-product","3":"status-publish","4":"has-post-thumbnail","6":"product_cat-kreem","7":"product_shipping_class-smart-itella-post","8":"pa_linii-kosmetiki-line-repair-et","9":"pa_reshenie-problem-ebauhtlane-nahatekstuur","10":"pa_reshenie-problem-ebauhtlane-nahatoon","11":"pa_reshenie-problem-vananemise-margid","12":"pa_tip-kozi-kuiv-et","13":"pa_tip-kozi-normaalne-et","14":"pa_tip-preparata-kreem","15":"pa_vremja-primenenija-oine","17":"first","18":"instock","19":"taxable","20":"shipping-taxable","21":"purchasable","22":"product-type-simple"},"yoast_head":"<!-- This site is optimized with the Yoast SEO plugin v27.5 - https:\/\/yoast.com\/product\/yoast-seo-wordpress\/ -->\n<title>Line Repair Fix Retinol E Active Cream 60ml CHR888 - Christinakosmeetika<\/title>\n<meta name=\"description\" content=\"Imendub kiiresti s\u00fcgavamatesse nahakihtidesse, aitab nahka pinguldada, siluda kortse ja v\u00e4hendada aknej\u00e4rgsete armide n\u00e4htavust.\" \/>\n<meta name=\"robots\" content=\"index, follow, max-snippet:-1, max-image-preview:large, max-video-preview:-1\" \/>\n<link rel=\"canonical\" href=\"https:\/\/christinakosmeetika.ee\/et\/toode\/line-repair-fix-retinol-e-active-cream-et\/\" \/>\n<meta property=\"og:locale\" content=\"et_EE\" \/>\n<meta property=\"og:type\" content=\"article\" \/>\n<meta property=\"og:title\" content=\"Line Repair Fix Retinol E Active Cream 60ml CHR888 - Christinakosmeetika\" \/>\n<meta property=\"og:description\" content=\"Imendub kiiresti s\u00fcgavamatesse nahakihtidesse, aitab nahka pinguldada, siluda kortse ja v\u00e4hendada aknej\u00e4rgsete armide n\u00e4htavust.\" \/>\n<meta property=\"og:url\" content=\"https:\/\/christinakosmeetika.ee\/et\/toode\/line-repair-fix-retinol-e-active-cream-et\/\" \/>\n<meta property=\"og:site_name\" content=\"Christinakosmeetika\" \/>\n<meta property=\"article:modified_time\" content=\"2026-04-10T07:40:34+00:00\" \/>\n<meta property=\"og:image\" content=\"https:\/\/christinakosmeetika.ee\/wp-content\/uploads\/2022\/10\/Fix-Retinol-E-Active-Cream.jpg\" \/>\n\t<meta property=\"og:image:width\" content=\"450\" \/>\n\t<meta property=\"og:image:height\" content=\"450\" \/>\n\t<meta property=\"og:image:type\" content=\"image\/jpeg\" \/>\n<meta name=\"twitter:card\" content=\"summary_large_image\" \/>\n<meta name=\"twitter:label1\" content=\"Est. reading time\" \/>\n\t<meta name=\"twitter:data1\" content=\"1 minut\" \/>\n<script type=\"application\/ld+json\" class=\"yoast-schema-graph\">{\"@context\":\"https:\\\/\\\/schema.org\",\"@graph\":[{\"@type\":\"WebPage\",\"@id\":\"https:\\\/\\\/christinakosmeetika.ee\\\/et\\\/toode\\\/line-repair-fix-retinol-e-active-cream-et\\\/\",\"url\":\"https:\\\/\\\/christinakosmeetika.ee\\\/et\\\/toode\\\/line-repair-fix-retinol-e-active-cream-et\\\/\",\"name\":\"Line Repair Fix Retinol E Active Cream 60ml CHR888 - Christinakosmeetika\",\"isPartOf\":{\"@id\":\"https:\\\/\\\/christinakosmeetika.ee\\\/#website\"},\"primaryImageOfPage\":{\"@id\":\"https:\\\/\\\/christinakosmeetika.ee\\\/et\\\/toode\\\/line-repair-fix-retinol-e-active-cream-et\\\/#primaryimage\"},\"image\":{\"@id\":\"https:\\\/\\\/christinakosmeetika.ee\\\/et\\\/toode\\\/line-repair-fix-retinol-e-active-cream-et\\\/#primaryimage\"},\"thumbnailUrl\":\"https:\\\/\\\/christinakosmeetika.ee\\\/wp-content\\\/uploads\\\/2022\\\/10\\\/Fix-Retinol-E-Active-Cream.jpg\",\"datePublished\":\"2022-10-27T19:06:44+00:00\",\"dateModified\":\"2026-04-10T07:40:34+00:00\",\"description\":\"Imendub kiiresti s\u00fcgavamatesse nahakihtidesse, aitab nahka pinguldada, siluda kortse ja v\u00e4hendada aknej\u00e4rgsete armide n\u00e4htavust.\",\"breadcrumb\":{\"@id\":\"https:\\\/\\\/christinakosmeetika.ee\\\/et\\\/toode\\\/line-repair-fix-retinol-e-active-cream-et\\\/#breadcrumb\"},\"inLanguage\":\"et\",\"potentialAction\":[{\"@type\":\"ReadAction\",\"target\":[\"https:\\\/\\\/christinakosmeetika.ee\\\/et\\\/toode\\\/line-repair-fix-retinol-e-active-cream-et\\\/\"]}]},{\"@type\":\"ImageObject\",\"inLanguage\":\"et\",\"@id\":\"https:\\\/\\\/christinakosmeetika.ee\\\/et\\\/toode\\\/line-repair-fix-retinol-e-active-cream-et\\\/#primaryimage\",\"url\":\"https:\\\/\\\/christinakosmeetika.ee\\\/wp-content\\\/uploads\\\/2022\\\/10\\\/Fix-Retinol-E-Active-Cream.jpg\",\"contentUrl\":\"https:\\\/\\\/christinakosmeetika.ee\\\/wp-content\\\/uploads\\\/2022\\\/10\\\/Fix-Retinol-E-Active-Cream.jpg\",\"width\":450,\"height\":450},{\"@type\":\"BreadcrumbList\",\"@id\":\"https:\\\/\\\/christinakosmeetika.ee\\\/et\\\/toode\\\/line-repair-fix-retinol-e-active-cream-et\\\/#breadcrumb\",\"itemListElement\":[{\"@type\":\"ListItem\",\"position\":1,\"name\":\"\u0413\u043b\u0430\u0432\u043d\u0430\u044f \u0441\u0442\u0440\u0430\u043d\u0438\u0446\u0430\",\"item\":\"https:\\\/\\\/christinakosmeetika.ee\\\/et\\\/\"},{\"@type\":\"ListItem\",\"position\":2,\"name\":\"Pood\",\"item\":\"https:\\\/\\\/christinakosmeetika.ee\\\/et\\\/shop\\\/\"},{\"@type\":\"ListItem\",\"position\":3,\"name\":\"Line Repair Fix Retinol E Active Cream 60ml CHR888\"}]},{\"@type\":\"WebSite\",\"@id\":\"https:\\\/\\\/christinakosmeetika.ee\\\/#website\",\"url\":\"https:\\\/\\\/christinakosmeetika.ee\\\/\",\"name\":\"Christinakosmeetika\",\"description\":\"Christina kosmeetika Eestis\",\"alternateName\":\"Christina kosmeetika Eestis\",\"potentialAction\":[{\"@type\":\"SearchAction\",\"target\":{\"@type\":\"EntryPoint\",\"urlTemplate\":\"https:\\\/\\\/christinakosmeetika.ee\\\/?s={search_term_string}\"},\"query-input\":{\"@type\":\"PropertyValueSpecification\",\"valueRequired\":true,\"valueName\":\"search_term_string\"}}],\"inLanguage\":\"et\"}]}<\/script>\n<!-- \/ Yoast SEO plugin. -->","yoast_head_json":{"title":"Line Repair Fix Retinol E Active Cream 60ml CHR888 - Christinakosmeetika","description":"Imendub kiiresti s\u00fcgavamatesse nahakihtidesse, aitab nahka pinguldada, siluda kortse ja v\u00e4hendada aknej\u00e4rgsete armide n\u00e4htavust.","robots":{"index":"index","follow":"follow","max-snippet":"max-snippet:-1","max-image-preview":"max-image-preview:large","max-video-preview":"max-video-preview:-1"},"canonical":"https:\/\/christinakosmeetika.ee\/et\/toode\/line-repair-fix-retinol-e-active-cream-et\/","og_locale":"et_EE","og_type":"article","og_title":"Line Repair Fix Retinol E Active Cream 60ml CHR888 - Christinakosmeetika","og_description":"Imendub kiiresti s\u00fcgavamatesse nahakihtidesse, aitab nahka pinguldada, siluda kortse ja v\u00e4hendada aknej\u00e4rgsete armide n\u00e4htavust.","og_url":"https:\/\/christinakosmeetika.ee\/et\/toode\/line-repair-fix-retinol-e-active-cream-et\/","og_site_name":"Christinakosmeetika","article_modified_time":"2026-04-10T07:40:34+00:00","og_image":[{"width":450,"height":450,"url":"https:\/\/christinakosmeetika.ee\/wp-content\/uploads\/2022\/10\/Fix-Retinol-E-Active-Cream.jpg","type":"image\/jpeg"}],"twitter_card":"summary_large_image","twitter_misc":{"Est. reading time":"1 minut"},"schema":{"@context":"https:\/\/schema.org","@graph":[{"@type":"WebPage","@id":"https:\/\/christinakosmeetika.ee\/et\/toode\/line-repair-fix-retinol-e-active-cream-et\/","url":"https:\/\/christinakosmeetika.ee\/et\/toode\/line-repair-fix-retinol-e-active-cream-et\/","name":"Line Repair Fix Retinol E Active Cream 60ml CHR888 - Christinakosmeetika","isPartOf":{"@id":"https:\/\/christinakosmeetika.ee\/#website"},"primaryImageOfPage":{"@id":"https:\/\/christinakosmeetika.ee\/et\/toode\/line-repair-fix-retinol-e-active-cream-et\/#primaryimage"},"image":{"@id":"https:\/\/christinakosmeetika.ee\/et\/toode\/line-repair-fix-retinol-e-active-cream-et\/#primaryimage"},"thumbnailUrl":"https:\/\/christinakosmeetika.ee\/wp-content\/uploads\/2022\/10\/Fix-Retinol-E-Active-Cream.jpg","datePublished":"2022-10-27T19:06:44+00:00","dateModified":"2026-04-10T07:40:34+00:00","description":"Imendub kiiresti s\u00fcgavamatesse nahakihtidesse, aitab nahka pinguldada, siluda kortse ja v\u00e4hendada aknej\u00e4rgsete armide n\u00e4htavust.","breadcrumb":{"@id":"https:\/\/christinakosmeetika.ee\/et\/toode\/line-repair-fix-retinol-e-active-cream-et\/#breadcrumb"},"inLanguage":"et","potentialAction":[{"@type":"ReadAction","target":["https:\/\/christinakosmeetika.ee\/et\/toode\/line-repair-fix-retinol-e-active-cream-et\/"]}]},{"@type":"ImageObject","inLanguage":"et","@id":"https:\/\/christinakosmeetika.ee\/et\/toode\/line-repair-fix-retinol-e-active-cream-et\/#primaryimage","url":"https:\/\/christinakosmeetika.ee\/wp-content\/uploads\/2022\/10\/Fix-Retinol-E-Active-Cream.jpg","contentUrl":"https:\/\/christinakosmeetika.ee\/wp-content\/uploads\/2022\/10\/Fix-Retinol-E-Active-Cream.jpg","width":450,"height":450},{"@type":"BreadcrumbList","@id":"https:\/\/christinakosmeetika.ee\/et\/toode\/line-repair-fix-retinol-e-active-cream-et\/#breadcrumb","itemListElement":[{"@type":"ListItem","position":1,"name":"\u0413\u043b\u0430\u0432\u043d\u0430\u044f \u0441\u0442\u0440\u0430\u043d\u0438\u0446\u0430","item":"https:\/\/christinakosmeetika.ee\/et\/"},{"@type":"ListItem","position":2,"name":"Pood","item":"https:\/\/christinakosmeetika.ee\/et\/shop\/"},{"@type":"ListItem","position":3,"name":"Line Repair Fix Retinol E Active Cream 60ml CHR888"}]},{"@type":"WebSite","@id":"https:\/\/christinakosmeetika.ee\/#website","url":"https:\/\/christinakosmeetika.ee\/","name":"Christinakosmeetika","description":"Christina kosmeetika Eestis","alternateName":"Christina kosmeetika Eestis","potentialAction":[{"@type":"SearchAction","target":{"@type":"EntryPoint","urlTemplate":"https:\/\/christinakosmeetika.ee\/?s={search_term_string}"},"query-input":{"@type":"PropertyValueSpecification","valueRequired":true,"valueName":"search_term_string"}}],"inLanguage":"et"}]}},"_links":{"self":[{"href":"https:\/\/christinakosmeetika.ee\/et\/wp-json\/wp\/v2\/product\/5160","targetHints":{"allow":["GET"]}}],"collection":[{"href":"https:\/\/christinakosmeetika.ee\/et\/wp-json\/wp\/v2\/product"}],"about":[{"href":"https:\/\/christinakosmeetika.ee\/et\/wp-json\/wp\/v2\/types\/product"}],"wp:featuredmedia":[{"embeddable":true,"href":"https:\/\/christinakosmeetika.ee\/et\/wp-json\/wp\/v2\/media\/6725"}],"wp:attachment":[{"href":"https:\/\/christinakosmeetika.ee\/et\/wp-json\/wp\/v2\/media?parent=5160"}],"wp:term":[{"taxonomy":"product_brand","embeddable":true,"href":"https:\/\/christinakosmeetika.ee\/et\/wp-json\/wp\/v2\/product_brand?post=5160"},{"taxonomy":"product_cat","embeddable":true,"href":"https:\/\/christinakosmeetika.ee\/et\/wp-json\/wp\/v2\/product_cat?post=5160"},{"taxonomy":"product_tag","embeddable":true,"href":"https:\/\/christinakosmeetika.ee\/et\/wp-json\/wp\/v2\/product_tag?post=5160"}],"curies":[{"name":"wp","href":"https:\/\/api.w.org\/{rel}","templated":true}]}}