{"id":5006,"date":"2021-04-28T18:22:06","date_gmt":"2021-04-28T18:22:06","guid":{"rendered":"https:\/\/christinakosmeetika.ee\/product\/christina-illustrious-night-cream-50-ml\/"},"modified":"2026-04-15T21:46:01","modified_gmt":"2026-04-15T18:46:01","slug":"christina-illustrious-night-cream-et","status":"publish","type":"product","link":"https:\/\/christinakosmeetika.ee\/et\/toode\/christina-illustrious-night-cream-et\/","title":{"rendered":"CHRISTINA ILLUSTRIOUS Night cream 50ml CHR510"},"content":{"rendered":"<section class=\"av_textblock_section \">\n<div class=\"avia_textblock \">\n<p>Christina Illustrious Valgendav kreem on intensiivselt valgendav kreem \u00f5rna ja kiiresti imenduva tekstuuriga. Rikastatud retinooliga, omab see noorendavat ja \u00f5rnalt koorivat toimet. Kreem heledab aktiivselt n\u00e4o pigmenteerunud piirkondi, muutes naha tooni ja tekstuuri siledamaks ja \u00fchtlasemaks.<\/p>\n<p>See kreem toidab ja niisutab nahka, luues kaitsev rasvkile. Taastab naha elastsuse, elastsuse ja s\u00e4ra, j\u00e4ttes selle hommikuti pinguldatuks, turseteta, \u00e4rrituse ja kuivuseta.<\/p>\n<p><strong>Kasutamine:<\/strong><\/p>\n<p>Kandke \u00fchtlaselt n\u00e4ole, kaelale ja dekolteele.<\/p>\n<p>&nbsp;<\/p>\n<p><strong>Koostis:<\/strong><\/p>\n<p>Deionized water (Aqua), Cetearyl Ethylhexanoate, Glycerin, Cera Alba, Caprylic\/Capric Triglyceride, Octyldodecanol, Polyacrylate-13, Squalane, Aluminum Silicate, Polyisobutene, Hydrogenated Castor Oil, Phenoxyethanol, Magnesium Sulfate, PEG-30 Dipolyhydroxystearate, Octyldodecyl Xyloside, Tocopheryl Acetate, Tetrahydrodiferuloylmethane, Caprylyl Glycol, Polysorbate 20, Sorbitan Isostearate, Perfume, Ethylhexylglycerin, Triethanolamine, Dimethyl Isosorbide, Hydroxypinacolone Retinoate, Limonene, Diacetyl Boldine, Benzyl Salicylate, Linalool,\u00a0 Citral, Citronnellol<\/p>\n<\/div>\n<\/section>\n","protected":false},"excerpt":{"rendered":"<div class=\"av-special-heading av-special-heading-h4 avia-builder-el-7 el_after_av_heading el_before_av_textblock \">\n<h4 class=\"av-special-heading-tag \">Uuendav \u00f6\u00f6kreem.<\/h4>\n<\/div>\n","protected":false},"featured_media":8954,"template":"","meta":[],"product_brand":[],"product_cat":[149],"product_tag":[],"class_list":{"0":"post-5006","1":"product","2":"type-product","3":"status-publish","4":"has-post-thumbnail","6":"product_cat-kreem","7":"product_shipping_class-smart-itella-post","8":"pa_linii-kosmetiki-illustrious-et","9":"pa_reshenie-problem-ebauhtlane-nahatekstuur","10":"pa_reshenie-problem-ebauhtlane-nahatoon","11":"pa_reshenie-problem-pigmentatsioon","12":"pa_reshenie-problem-vananemise-margid","13":"pa_tip-kozi-kuiv-et","14":"pa_tip-kozi-normaalne-et","15":"pa_tip-preparata-kreem","17":"first","18":"instock","19":"taxable","20":"shipping-taxable","21":"purchasable","22":"product-type-simple"},"yoast_head":"<!-- This site is optimized with the Yoast SEO plugin v27.5 - https:\/\/yoast.com\/product\/yoast-seo-wordpress\/ -->\n<title>CHRISTINA ILLUSTRIOUS Night cream 50ml CHR510 - Christinakosmeetika<\/title>\n<meta name=\"description\" content=\"See kreem toidab ja niisutab nahka, luues kaitsva lipiidbarj\u00e4\u00e4ri. Taastab naha pinguloleku, elastsuse ja s\u00e4ra, j\u00e4ttes naha hommikuti pringiks ning ilma tursete, \u00e4rrituse ja kuivuseta.\" \/>\n<meta name=\"robots\" content=\"index, follow, max-snippet:-1, max-image-preview:large, max-video-preview:-1\" \/>\n<link rel=\"canonical\" href=\"https:\/\/christinakosmeetika.ee\/et\/toode\/christina-illustrious-night-cream-et\/\" \/>\n<meta property=\"og:locale\" content=\"et_EE\" \/>\n<meta property=\"og:type\" content=\"article\" \/>\n<meta property=\"og:title\" content=\"CHRISTINA ILLUSTRIOUS Night cream 50ml CHR510 - Christinakosmeetika\" \/>\n<meta property=\"og:description\" content=\"See kreem toidab ja niisutab nahka, luues kaitsva lipiidbarj\u00e4\u00e4ri. Taastab naha pinguloleku, elastsuse ja s\u00e4ra, j\u00e4ttes naha hommikuti pringiks ning ilma tursete, \u00e4rrituse ja kuivuseta.\" \/>\n<meta property=\"og:url\" content=\"https:\/\/christinakosmeetika.ee\/et\/toode\/christina-illustrious-night-cream-et\/\" \/>\n<meta property=\"og:site_name\" content=\"Christinakosmeetika\" \/>\n<meta property=\"article:modified_time\" content=\"2026-04-15T18:46:01+00:00\" \/>\n<meta property=\"og:image\" content=\"https:\/\/christinakosmeetika.ee\/wp-content\/uploads\/2021\/04\/nig500.png\" \/>\n\t<meta property=\"og:image:width\" content=\"500\" \/>\n\t<meta property=\"og:image:height\" content=\"500\" \/>\n\t<meta property=\"og:image:type\" content=\"image\/png\" \/>\n<meta name=\"twitter:card\" content=\"summary_large_image\" \/>\n<meta name=\"twitter:label1\" content=\"Est. reading time\" \/>\n\t<meta name=\"twitter:data1\" content=\"1 minut\" \/>\n<script type=\"application\/ld+json\" class=\"yoast-schema-graph\">{\"@context\":\"https:\\\/\\\/schema.org\",\"@graph\":[{\"@type\":\"WebPage\",\"@id\":\"https:\\\/\\\/christinakosmeetika.ee\\\/et\\\/toode\\\/christina-illustrious-night-cream-et\\\/\",\"url\":\"https:\\\/\\\/christinakosmeetika.ee\\\/et\\\/toode\\\/christina-illustrious-night-cream-et\\\/\",\"name\":\"CHRISTINA ILLUSTRIOUS Night cream 50ml CHR510 - Christinakosmeetika\",\"isPartOf\":{\"@id\":\"https:\\\/\\\/christinakosmeetika.ee\\\/#website\"},\"primaryImageOfPage\":{\"@id\":\"https:\\\/\\\/christinakosmeetika.ee\\\/et\\\/toode\\\/christina-illustrious-night-cream-et\\\/#primaryimage\"},\"image\":{\"@id\":\"https:\\\/\\\/christinakosmeetika.ee\\\/et\\\/toode\\\/christina-illustrious-night-cream-et\\\/#primaryimage\"},\"thumbnailUrl\":\"https:\\\/\\\/christinakosmeetika.ee\\\/wp-content\\\/uploads\\\/2021\\\/04\\\/nig500.png\",\"datePublished\":\"2021-04-28T18:22:06+00:00\",\"dateModified\":\"2026-04-15T18:46:01+00:00\",\"description\":\"See kreem toidab ja niisutab nahka, luues kaitsva lipiidbarj\u00e4\u00e4ri. Taastab naha pinguloleku, elastsuse ja s\u00e4ra, j\u00e4ttes naha hommikuti pringiks ning ilma tursete, \u00e4rrituse ja kuivuseta.\",\"breadcrumb\":{\"@id\":\"https:\\\/\\\/christinakosmeetika.ee\\\/et\\\/toode\\\/christina-illustrious-night-cream-et\\\/#breadcrumb\"},\"inLanguage\":\"et\",\"potentialAction\":[{\"@type\":\"ReadAction\",\"target\":[\"https:\\\/\\\/christinakosmeetika.ee\\\/et\\\/toode\\\/christina-illustrious-night-cream-et\\\/\"]}]},{\"@type\":\"ImageObject\",\"inLanguage\":\"et\",\"@id\":\"https:\\\/\\\/christinakosmeetika.ee\\\/et\\\/toode\\\/christina-illustrious-night-cream-et\\\/#primaryimage\",\"url\":\"https:\\\/\\\/christinakosmeetika.ee\\\/wp-content\\\/uploads\\\/2021\\\/04\\\/nig500.png\",\"contentUrl\":\"https:\\\/\\\/christinakosmeetika.ee\\\/wp-content\\\/uploads\\\/2021\\\/04\\\/nig500.png\",\"width\":500,\"height\":500},{\"@type\":\"BreadcrumbList\",\"@id\":\"https:\\\/\\\/christinakosmeetika.ee\\\/et\\\/toode\\\/christina-illustrious-night-cream-et\\\/#breadcrumb\",\"itemListElement\":[{\"@type\":\"ListItem\",\"position\":1,\"name\":\"\u0413\u043b\u0430\u0432\u043d\u0430\u044f \u0441\u0442\u0440\u0430\u043d\u0438\u0446\u0430\",\"item\":\"https:\\\/\\\/christinakosmeetika.ee\\\/et\\\/\"},{\"@type\":\"ListItem\",\"position\":2,\"name\":\"Pood\",\"item\":\"https:\\\/\\\/christinakosmeetika.ee\\\/et\\\/shop\\\/\"},{\"@type\":\"ListItem\",\"position\":3,\"name\":\"CHRISTINA ILLUSTRIOUS Night cream 50ml CHR510\"}]},{\"@type\":\"WebSite\",\"@id\":\"https:\\\/\\\/christinakosmeetika.ee\\\/#website\",\"url\":\"https:\\\/\\\/christinakosmeetika.ee\\\/\",\"name\":\"Christinakosmeetika\",\"description\":\"Christina kosmeetika Eestis\",\"alternateName\":\"Christina kosmeetika Eestis\",\"potentialAction\":[{\"@type\":\"SearchAction\",\"target\":{\"@type\":\"EntryPoint\",\"urlTemplate\":\"https:\\\/\\\/christinakosmeetika.ee\\\/?s={search_term_string}\"},\"query-input\":{\"@type\":\"PropertyValueSpecification\",\"valueRequired\":true,\"valueName\":\"search_term_string\"}}],\"inLanguage\":\"et\"}]}<\/script>\n<!-- \/ Yoast SEO plugin. -->","yoast_head_json":{"title":"CHRISTINA ILLUSTRIOUS Night cream 50ml CHR510 - Christinakosmeetika","description":"See kreem toidab ja niisutab nahka, luues kaitsva lipiidbarj\u00e4\u00e4ri. Taastab naha pinguloleku, elastsuse ja s\u00e4ra, j\u00e4ttes naha hommikuti pringiks ning ilma tursete, \u00e4rrituse ja kuivuseta.","robots":{"index":"index","follow":"follow","max-snippet":"max-snippet:-1","max-image-preview":"max-image-preview:large","max-video-preview":"max-video-preview:-1"},"canonical":"https:\/\/christinakosmeetika.ee\/et\/toode\/christina-illustrious-night-cream-et\/","og_locale":"et_EE","og_type":"article","og_title":"CHRISTINA ILLUSTRIOUS Night cream 50ml CHR510 - Christinakosmeetika","og_description":"See kreem toidab ja niisutab nahka, luues kaitsva lipiidbarj\u00e4\u00e4ri. Taastab naha pinguloleku, elastsuse ja s\u00e4ra, j\u00e4ttes naha hommikuti pringiks ning ilma tursete, \u00e4rrituse ja kuivuseta.","og_url":"https:\/\/christinakosmeetika.ee\/et\/toode\/christina-illustrious-night-cream-et\/","og_site_name":"Christinakosmeetika","article_modified_time":"2026-04-15T18:46:01+00:00","og_image":[{"width":500,"height":500,"url":"https:\/\/christinakosmeetika.ee\/wp-content\/uploads\/2021\/04\/nig500.png","type":"image\/png"}],"twitter_card":"summary_large_image","twitter_misc":{"Est. reading time":"1 minut"},"schema":{"@context":"https:\/\/schema.org","@graph":[{"@type":"WebPage","@id":"https:\/\/christinakosmeetika.ee\/et\/toode\/christina-illustrious-night-cream-et\/","url":"https:\/\/christinakosmeetika.ee\/et\/toode\/christina-illustrious-night-cream-et\/","name":"CHRISTINA ILLUSTRIOUS Night cream 50ml CHR510 - Christinakosmeetika","isPartOf":{"@id":"https:\/\/christinakosmeetika.ee\/#website"},"primaryImageOfPage":{"@id":"https:\/\/christinakosmeetika.ee\/et\/toode\/christina-illustrious-night-cream-et\/#primaryimage"},"image":{"@id":"https:\/\/christinakosmeetika.ee\/et\/toode\/christina-illustrious-night-cream-et\/#primaryimage"},"thumbnailUrl":"https:\/\/christinakosmeetika.ee\/wp-content\/uploads\/2021\/04\/nig500.png","datePublished":"2021-04-28T18:22:06+00:00","dateModified":"2026-04-15T18:46:01+00:00","description":"See kreem toidab ja niisutab nahka, luues kaitsva lipiidbarj\u00e4\u00e4ri. Taastab naha pinguloleku, elastsuse ja s\u00e4ra, j\u00e4ttes naha hommikuti pringiks ning ilma tursete, \u00e4rrituse ja kuivuseta.","breadcrumb":{"@id":"https:\/\/christinakosmeetika.ee\/et\/toode\/christina-illustrious-night-cream-et\/#breadcrumb"},"inLanguage":"et","potentialAction":[{"@type":"ReadAction","target":["https:\/\/christinakosmeetika.ee\/et\/toode\/christina-illustrious-night-cream-et\/"]}]},{"@type":"ImageObject","inLanguage":"et","@id":"https:\/\/christinakosmeetika.ee\/et\/toode\/christina-illustrious-night-cream-et\/#primaryimage","url":"https:\/\/christinakosmeetika.ee\/wp-content\/uploads\/2021\/04\/nig500.png","contentUrl":"https:\/\/christinakosmeetika.ee\/wp-content\/uploads\/2021\/04\/nig500.png","width":500,"height":500},{"@type":"BreadcrumbList","@id":"https:\/\/christinakosmeetika.ee\/et\/toode\/christina-illustrious-night-cream-et\/#breadcrumb","itemListElement":[{"@type":"ListItem","position":1,"name":"\u0413\u043b\u0430\u0432\u043d\u0430\u044f \u0441\u0442\u0440\u0430\u043d\u0438\u0446\u0430","item":"https:\/\/christinakosmeetika.ee\/et\/"},{"@type":"ListItem","position":2,"name":"Pood","item":"https:\/\/christinakosmeetika.ee\/et\/shop\/"},{"@type":"ListItem","position":3,"name":"CHRISTINA ILLUSTRIOUS Night cream 50ml CHR510"}]},{"@type":"WebSite","@id":"https:\/\/christinakosmeetika.ee\/#website","url":"https:\/\/christinakosmeetika.ee\/","name":"Christinakosmeetika","description":"Christina kosmeetika Eestis","alternateName":"Christina kosmeetika Eestis","potentialAction":[{"@type":"SearchAction","target":{"@type":"EntryPoint","urlTemplate":"https:\/\/christinakosmeetika.ee\/?s={search_term_string}"},"query-input":{"@type":"PropertyValueSpecification","valueRequired":true,"valueName":"search_term_string"}}],"inLanguage":"et"}]}},"_links":{"self":[{"href":"https:\/\/christinakosmeetika.ee\/et\/wp-json\/wp\/v2\/product\/5006","targetHints":{"allow":["GET"]}}],"collection":[{"href":"https:\/\/christinakosmeetika.ee\/et\/wp-json\/wp\/v2\/product"}],"about":[{"href":"https:\/\/christinakosmeetika.ee\/et\/wp-json\/wp\/v2\/types\/product"}],"wp:featuredmedia":[{"embeddable":true,"href":"https:\/\/christinakosmeetika.ee\/et\/wp-json\/wp\/v2\/media\/8954"}],"wp:attachment":[{"href":"https:\/\/christinakosmeetika.ee\/et\/wp-json\/wp\/v2\/media?parent=5006"}],"wp:term":[{"taxonomy":"product_brand","embeddable":true,"href":"https:\/\/christinakosmeetika.ee\/et\/wp-json\/wp\/v2\/product_brand?post=5006"},{"taxonomy":"product_cat","embeddable":true,"href":"https:\/\/christinakosmeetika.ee\/et\/wp-json\/wp\/v2\/product_cat?post=5006"},{"taxonomy":"product_tag","embeddable":true,"href":"https:\/\/christinakosmeetika.ee\/et\/wp-json\/wp\/v2\/product_tag?post=5006"}],"curies":[{"name":"wp","href":"https:\/\/api.w.org\/{rel}","templated":true}]}}