{"id":4936,"date":"2022-10-27T19:33:23","date_gmt":"2022-10-27T19:33:23","guid":{"rendered":"https:\/\/christinakosmeetika.ee\/product\/fix-antioxidant-assist-spf50-antioksudantne-kerge-kreem-spf5060-ml-chr889\/"},"modified":"2026-04-15T15:17:15","modified_gmt":"2026-04-15T12:17:15","slug":"fix-antioxidant-assist-spf50","status":"publish","type":"product","link":"https:\/\/christinakosmeetika.ee\/et\/toode\/fix-antioxidant-assist-spf50\/","title":{"rendered":"Line Repair Fix Antioxidant Assist SPF50, 60ml CHR889"},"content":{"rendered":"<p><span style=\"font-weight: 400;\">Kerge tekstuuriga kreem niisutab ja kaitseb nahka p\u00e4ikesekahjustuste ja enneaegse vananemise eest. V\u00e4hendab punetust, ennetab oks\u00fcdatiivseid kahjustusi, taastab nahale terve s\u00e4ra.<\/span><\/p>\n<p><span style=\"font-weight: 400;\"><strong>Kasutamine:<\/strong> kandke kreem n\u00e4ole ja patsutage \u00f5rnalt kuni t\u00e4ieliku imendumiseni.<\/span><\/p>\n<p><strong>Koostis:<\/strong><\/p>\n<p>Deionized Water (Aqua), Ethylhexyl Methoxycinnamate, Diethylamino Hydroxybenzoyl Hexyl Benzoate, Isodecyl Neopentanoate, Ethylhexyl Triazone, Glyceryl Stearate, Glycerin, Polymethyl Methacrylate, Polyglyceryl-6 Palmitate\/Succinate, C12-15 Alkyl Benzoate, Cetearyl Alcohol,Bis-Ethylhexyloxyphenol Methoxyphenyl Triazine, Acrylates\/C12-22 Alkyl Methacrylate Copolymer, Phenoxyethanol, Mica, Titanium Dioxide, Butylene Glycol, Caprylyl Glycol, Arginine, Tocopheryl Acetate, Xanthan Gum, Coco-Glucoside, Perfume, Ethylhexylglycerin, Sclerotium Gum, Lecithin,Sodium Phytate,Sodium Hyaluronate, Pullulan, Centella Asiatica Extract, Disodium Lauryl Sulfosuccinate, Citric Acid, Silica, 1,2-Hexanediol, Resveratrol, Alcohol, Limonene, Hexyl Cinnamal,Linalool,Citral.<\/p>\n","protected":false},"excerpt":{"rendered":"<h4>Antioks\u00fcdantne kerge kreem SPF50<\/h4>\n","protected":false},"featured_media":5699,"template":"","meta":[],"product_brand":[],"product_cat":[149],"product_tag":[],"class_list":{"0":"post-4936","1":"product","2":"type-product","3":"status-publish","4":"has-post-thumbnail","6":"product_cat-kreem","7":"product_shipping_class-smart-itella-post","8":"pa_akcii-skidki-allahindlused","9":"pa_krem-spf-spf-kreemid","10":"pa_linii-kosmetiki-line-repair-et","11":"pa_reshenie-problem-ebauhtlane-nahatekstuur","12":"pa_reshenie-problem-ebauhtlane-nahatoon","13":"pa_reshenie-problem-laienenud-poorid","14":"pa_reshenie-problem-vananemise-margid","15":"pa_tip-kozi-koik-nahatuubid-et","16":"pa_tip-kozi-kombi-et","17":"pa_tip-kozi-kuiv-et","18":"pa_tip-kozi-normaalne-et","19":"pa_tip-kozi-rasvane-et","20":"pa_tip-preparata-kreem","21":"pa_vremja-primenenija-paevane","23":"first","24":"instock","25":"sale","26":"taxable","27":"shipping-taxable","28":"purchasable","29":"product-type-simple"},"yoast_head":"<!-- This site is optimized with the Yoast SEO plugin v27.5 - https:\/\/yoast.com\/product\/yoast-seo-wordpress\/ -->\n<title>Line Repair Fix Antioxidant Assist SPF50, 60ml CHR889 - Christinakosmeetika<\/title>\n<meta name=\"description\" content=\"Kerge igap\u00e4evaseks kasutamiseks m\u00f5eldud kreem niisutab ja kaitseb nahka. UV-filtrite kombinatsioon tagab usaldusv\u00e4\u00e4rse kaitse p\u00e4ikesekiirguse eest.\" \/>\n<meta name=\"robots\" content=\"index, follow, max-snippet:-1, max-image-preview:large, max-video-preview:-1\" \/>\n<link rel=\"canonical\" href=\"https:\/\/christinakosmeetika.ee\/et\/toode\/fix-antioxidant-assist-spf50\/\" \/>\n<meta property=\"og:locale\" content=\"et_EE\" \/>\n<meta property=\"og:type\" content=\"article\" \/>\n<meta property=\"og:title\" content=\"Line Repair Fix Antioxidant Assist SPF50, 60ml CHR889 - Christinakosmeetika\" \/>\n<meta property=\"og:description\" content=\"Kerge igap\u00e4evaseks kasutamiseks m\u00f5eldud kreem niisutab ja kaitseb nahka. UV-filtrite kombinatsioon tagab usaldusv\u00e4\u00e4rse kaitse p\u00e4ikesekiirguse eest.\" \/>\n<meta property=\"og:url\" content=\"https:\/\/christinakosmeetika.ee\/et\/toode\/fix-antioxidant-assist-spf50\/\" \/>\n<meta property=\"og:site_name\" content=\"Christinakosmeetika\" \/>\n<meta property=\"article:modified_time\" content=\"2026-04-15T12:17:15+00:00\" \/>\n<meta property=\"og:image\" content=\"https:\/\/christinakosmeetika.ee\/wp-content\/uploads\/2022\/10\/Antioxidant-500.jpg\" \/>\n\t<meta property=\"og:image:width\" content=\"500\" \/>\n\t<meta property=\"og:image:height\" content=\"500\" \/>\n\t<meta property=\"og:image:type\" content=\"image\/jpeg\" \/>\n<meta name=\"twitter:card\" content=\"summary_large_image\" \/>\n<meta name=\"twitter:label1\" content=\"Est. reading time\" \/>\n\t<meta name=\"twitter:data1\" content=\"1 minut\" \/>\n<script type=\"application\/ld+json\" class=\"yoast-schema-graph\">{\"@context\":\"https:\\\/\\\/schema.org\",\"@graph\":[{\"@type\":\"WebPage\",\"@id\":\"https:\\\/\\\/christinakosmeetika.ee\\\/et\\\/toode\\\/fix-antioxidant-assist-spf50\\\/\",\"url\":\"https:\\\/\\\/christinakosmeetika.ee\\\/et\\\/toode\\\/fix-antioxidant-assist-spf50\\\/\",\"name\":\"Line Repair Fix Antioxidant Assist SPF50, 60ml CHR889 - Christinakosmeetika\",\"isPartOf\":{\"@id\":\"https:\\\/\\\/christinakosmeetika.ee\\\/#website\"},\"primaryImageOfPage\":{\"@id\":\"https:\\\/\\\/christinakosmeetika.ee\\\/et\\\/toode\\\/fix-antioxidant-assist-spf50\\\/#primaryimage\"},\"image\":{\"@id\":\"https:\\\/\\\/christinakosmeetika.ee\\\/et\\\/toode\\\/fix-antioxidant-assist-spf50\\\/#primaryimage\"},\"thumbnailUrl\":\"https:\\\/\\\/christinakosmeetika.ee\\\/wp-content\\\/uploads\\\/2022\\\/10\\\/Antioxidant-500.jpg\",\"datePublished\":\"2022-10-27T19:33:23+00:00\",\"dateModified\":\"2026-04-15T12:17:15+00:00\",\"description\":\"Kerge igap\u00e4evaseks kasutamiseks m\u00f5eldud kreem niisutab ja kaitseb nahka. UV-filtrite kombinatsioon tagab usaldusv\u00e4\u00e4rse kaitse p\u00e4ikesekiirguse eest.\",\"breadcrumb\":{\"@id\":\"https:\\\/\\\/christinakosmeetika.ee\\\/et\\\/toode\\\/fix-antioxidant-assist-spf50\\\/#breadcrumb\"},\"inLanguage\":\"et\",\"potentialAction\":[{\"@type\":\"ReadAction\",\"target\":[\"https:\\\/\\\/christinakosmeetika.ee\\\/et\\\/toode\\\/fix-antioxidant-assist-spf50\\\/\"]}]},{\"@type\":\"ImageObject\",\"inLanguage\":\"et\",\"@id\":\"https:\\\/\\\/christinakosmeetika.ee\\\/et\\\/toode\\\/fix-antioxidant-assist-spf50\\\/#primaryimage\",\"url\":\"https:\\\/\\\/christinakosmeetika.ee\\\/wp-content\\\/uploads\\\/2022\\\/10\\\/Antioxidant-500.jpg\",\"contentUrl\":\"https:\\\/\\\/christinakosmeetika.ee\\\/wp-content\\\/uploads\\\/2022\\\/10\\\/Antioxidant-500.jpg\",\"width\":500,\"height\":500},{\"@type\":\"BreadcrumbList\",\"@id\":\"https:\\\/\\\/christinakosmeetika.ee\\\/et\\\/toode\\\/fix-antioxidant-assist-spf50\\\/#breadcrumb\",\"itemListElement\":[{\"@type\":\"ListItem\",\"position\":1,\"name\":\"\u0413\u043b\u0430\u0432\u043d\u0430\u044f \u0441\u0442\u0440\u0430\u043d\u0438\u0446\u0430\",\"item\":\"https:\\\/\\\/christinakosmeetika.ee\\\/et\\\/\"},{\"@type\":\"ListItem\",\"position\":2,\"name\":\"Pood\",\"item\":\"https:\\\/\\\/christinakosmeetika.ee\\\/et\\\/shop\\\/\"},{\"@type\":\"ListItem\",\"position\":3,\"name\":\"Line Repair Fix Antioxidant Assist SPF50, 60ml CHR889\"}]},{\"@type\":\"WebSite\",\"@id\":\"https:\\\/\\\/christinakosmeetika.ee\\\/#website\",\"url\":\"https:\\\/\\\/christinakosmeetika.ee\\\/\",\"name\":\"Christinakosmeetika\",\"description\":\"Christina kosmeetika Eestis\",\"alternateName\":\"Christina kosmeetika Eestis\",\"potentialAction\":[{\"@type\":\"SearchAction\",\"target\":{\"@type\":\"EntryPoint\",\"urlTemplate\":\"https:\\\/\\\/christinakosmeetika.ee\\\/?s={search_term_string}\"},\"query-input\":{\"@type\":\"PropertyValueSpecification\",\"valueRequired\":true,\"valueName\":\"search_term_string\"}}],\"inLanguage\":\"et\"}]}<\/script>\n<!-- \/ Yoast SEO plugin. -->","yoast_head_json":{"title":"Line Repair Fix Antioxidant Assist SPF50, 60ml CHR889 - Christinakosmeetika","description":"Kerge igap\u00e4evaseks kasutamiseks m\u00f5eldud kreem niisutab ja kaitseb nahka. UV-filtrite kombinatsioon tagab usaldusv\u00e4\u00e4rse kaitse p\u00e4ikesekiirguse eest.","robots":{"index":"index","follow":"follow","max-snippet":"max-snippet:-1","max-image-preview":"max-image-preview:large","max-video-preview":"max-video-preview:-1"},"canonical":"https:\/\/christinakosmeetika.ee\/et\/toode\/fix-antioxidant-assist-spf50\/","og_locale":"et_EE","og_type":"article","og_title":"Line Repair Fix Antioxidant Assist SPF50, 60ml CHR889 - Christinakosmeetika","og_description":"Kerge igap\u00e4evaseks kasutamiseks m\u00f5eldud kreem niisutab ja kaitseb nahka. UV-filtrite kombinatsioon tagab usaldusv\u00e4\u00e4rse kaitse p\u00e4ikesekiirguse eest.","og_url":"https:\/\/christinakosmeetika.ee\/et\/toode\/fix-antioxidant-assist-spf50\/","og_site_name":"Christinakosmeetika","article_modified_time":"2026-04-15T12:17:15+00:00","og_image":[{"width":500,"height":500,"url":"https:\/\/christinakosmeetika.ee\/wp-content\/uploads\/2022\/10\/Antioxidant-500.jpg","type":"image\/jpeg"}],"twitter_card":"summary_large_image","twitter_misc":{"Est. reading time":"1 minut"},"schema":{"@context":"https:\/\/schema.org","@graph":[{"@type":"WebPage","@id":"https:\/\/christinakosmeetika.ee\/et\/toode\/fix-antioxidant-assist-spf50\/","url":"https:\/\/christinakosmeetika.ee\/et\/toode\/fix-antioxidant-assist-spf50\/","name":"Line Repair Fix Antioxidant Assist SPF50, 60ml CHR889 - Christinakosmeetika","isPartOf":{"@id":"https:\/\/christinakosmeetika.ee\/#website"},"primaryImageOfPage":{"@id":"https:\/\/christinakosmeetika.ee\/et\/toode\/fix-antioxidant-assist-spf50\/#primaryimage"},"image":{"@id":"https:\/\/christinakosmeetika.ee\/et\/toode\/fix-antioxidant-assist-spf50\/#primaryimage"},"thumbnailUrl":"https:\/\/christinakosmeetika.ee\/wp-content\/uploads\/2022\/10\/Antioxidant-500.jpg","datePublished":"2022-10-27T19:33:23+00:00","dateModified":"2026-04-15T12:17:15+00:00","description":"Kerge igap\u00e4evaseks kasutamiseks m\u00f5eldud kreem niisutab ja kaitseb nahka. UV-filtrite kombinatsioon tagab usaldusv\u00e4\u00e4rse kaitse p\u00e4ikesekiirguse eest.","breadcrumb":{"@id":"https:\/\/christinakosmeetika.ee\/et\/toode\/fix-antioxidant-assist-spf50\/#breadcrumb"},"inLanguage":"et","potentialAction":[{"@type":"ReadAction","target":["https:\/\/christinakosmeetika.ee\/et\/toode\/fix-antioxidant-assist-spf50\/"]}]},{"@type":"ImageObject","inLanguage":"et","@id":"https:\/\/christinakosmeetika.ee\/et\/toode\/fix-antioxidant-assist-spf50\/#primaryimage","url":"https:\/\/christinakosmeetika.ee\/wp-content\/uploads\/2022\/10\/Antioxidant-500.jpg","contentUrl":"https:\/\/christinakosmeetika.ee\/wp-content\/uploads\/2022\/10\/Antioxidant-500.jpg","width":500,"height":500},{"@type":"BreadcrumbList","@id":"https:\/\/christinakosmeetika.ee\/et\/toode\/fix-antioxidant-assist-spf50\/#breadcrumb","itemListElement":[{"@type":"ListItem","position":1,"name":"\u0413\u043b\u0430\u0432\u043d\u0430\u044f \u0441\u0442\u0440\u0430\u043d\u0438\u0446\u0430","item":"https:\/\/christinakosmeetika.ee\/et\/"},{"@type":"ListItem","position":2,"name":"Pood","item":"https:\/\/christinakosmeetika.ee\/et\/shop\/"},{"@type":"ListItem","position":3,"name":"Line Repair Fix Antioxidant Assist SPF50, 60ml CHR889"}]},{"@type":"WebSite","@id":"https:\/\/christinakosmeetika.ee\/#website","url":"https:\/\/christinakosmeetika.ee\/","name":"Christinakosmeetika","description":"Christina kosmeetika Eestis","alternateName":"Christina kosmeetika Eestis","potentialAction":[{"@type":"SearchAction","target":{"@type":"EntryPoint","urlTemplate":"https:\/\/christinakosmeetika.ee\/?s={search_term_string}"},"query-input":{"@type":"PropertyValueSpecification","valueRequired":true,"valueName":"search_term_string"}}],"inLanguage":"et"}]}},"_links":{"self":[{"href":"https:\/\/christinakosmeetika.ee\/et\/wp-json\/wp\/v2\/product\/4936","targetHints":{"allow":["GET"]}}],"collection":[{"href":"https:\/\/christinakosmeetika.ee\/et\/wp-json\/wp\/v2\/product"}],"about":[{"href":"https:\/\/christinakosmeetika.ee\/et\/wp-json\/wp\/v2\/types\/product"}],"wp:featuredmedia":[{"embeddable":true,"href":"https:\/\/christinakosmeetika.ee\/et\/wp-json\/wp\/v2\/media\/5699"}],"wp:attachment":[{"href":"https:\/\/christinakosmeetika.ee\/et\/wp-json\/wp\/v2\/media?parent=4936"}],"wp:term":[{"taxonomy":"product_brand","embeddable":true,"href":"https:\/\/christinakosmeetika.ee\/et\/wp-json\/wp\/v2\/product_brand?post=4936"},{"taxonomy":"product_cat","embeddable":true,"href":"https:\/\/christinakosmeetika.ee\/et\/wp-json\/wp\/v2\/product_cat?post=4936"},{"taxonomy":"product_tag","embeddable":true,"href":"https:\/\/christinakosmeetika.ee\/et\/wp-json\/wp\/v2\/product_tag?post=4936"}],"curies":[{"name":"wp","href":"https:\/\/api.w.org\/{rel}","templated":true}]}}