{"id":4935,"date":"2022-10-27T19:57:51","date_gmt":"2022-10-27T19:57:51","guid":{"rendered":"https:\/\/christinakosmeetika.ee\/product\/fix-ha-repair-mask-retinooliga-taastav-mask-60ml-chr960\/"},"modified":"2026-04-15T15:18:06","modified_gmt":"2026-04-15T12:18:06","slug":"fix-ha-repair-mask-retinooliga-taastav-mask-60ml-chr960","status":"publish","type":"product","link":"https:\/\/christinakosmeetika.ee\/et\/toode\/fix-ha-repair-mask-retinooliga-taastav-mask-60ml-chr960\/","title":{"rendered":"Line Repair Fix HA Repair Mask \u2013 Retinooliga taastav mask, 60ml CHR960"},"content":{"rendered":"<p>Mask on m\u00f5eldud naha tervise taastamiseks. See sisaldab 3 t\u00fc\u00fcpi h\u00fcaluroonhapet: k\u00f5rge molekulmassiga &#8211; niisutamiseks ja barj\u00e4\u00e4ri taastamiseks, keskmise molekulmassiga &#8211; pikaajalise niiskuse s\u00e4ilitamiseks epidermises, madala molekulmassiga &#8211; kortsude t\u00e4iteainena \u00fclemistes dermise kihtides. Taastab elastsuse, v\u00f5itleb saasteainetega, leevendab \u00e4rritust ja punetust, annab mugavustunde.<\/p>\n<p><span style=\"font-weight: 400;\"><strong>Kasutamine:<\/strong> <\/span><\/p>\n<p><span style=\"font-weight: 400;\">Kandke puhastatud n\u00e4ole, kaelale ja dekolteepiirkonnale kaks korda n\u00e4dalas. J\u00e4tke 10 minutiks. Eemaldage veega.<\/span><\/p>\n<p><strong>Koostis:<\/strong><\/p>\n<p>Deionized Water (Aqua), C12-15 Alkyl Benzoate, Glycerin, Stearic Acid, Peg-100 Stearate, Glyceryl Stearate, Isodecyl Neopentanoate, Polysorbate 80, Stearyl Alcohol, Cera Alba Phenoxyethanol, Tocopheryl Acetate, Triethanolamine, Persea Gratissima (Avocado) Oil, Panthenol, Phytosterols, Acrylates\/C10-30 Alkyl Acrylate Crosspolymer, Caprylyl Glycol, Ascorbyl Tetraisopalmitate, Olea Europaea (Olive) Fruit Oil, Sea Water, Sodium Acrylate Copolymer, Perfume, Dimethyl Isosorbide, Ethylhexylglycerin, Lecithin, Sodium Hyaluronate, Hydroxypinacolone Retinoate, Hydrolyzed Rhodophyceae Extract, Citric Acid, Limonene, Hexyl Cinnamal, Linalool, Citral.<\/p>\n","protected":false},"excerpt":{"rendered":"<h4>Retinooliga uuendav mask<\/h4>\n","protected":false},"featured_media":5705,"template":"","meta":[],"product_brand":[],"product_cat":[150],"product_tag":[],"class_list":{"0":"post-4935","1":"product","2":"type-product","3":"status-publish","4":"has-post-thumbnail","6":"product_cat-mask-et","7":"product_shipping_class-smart-itella-post","8":"pa_akcii-skidki-allahindlused","9":"pa_linii-kosmetiki-line-repair-et","10":"pa_reshenie-problem-dehudratsioon","11":"pa_reshenie-problem-ebauhtlane-nahatekstuur","12":"pa_reshenie-problem-suhost","13":"pa_reshenie-problem-kuperoz","14":"pa_reshenie-problem-vananemise-margid","15":"pa_tip-kozi-koik-nahatuubid-et","16":"pa_tip-kozi-kombi-et","17":"pa_tip-kozi-kuiv-et","18":"pa_tip-kozi-normaalne-et","19":"pa_tip-kozi-rasvane-et","20":"pa_tip-preparata-mask-et","21":"pa_vremja-primenenija-oine","22":"pa_vremja-primenenija-paevane","24":"first","25":"instock","26":"sale","27":"taxable","28":"shipping-taxable","29":"purchasable","30":"product-type-simple"},"yoast_head":"<!-- This site is optimized with the Yoast SEO plugin v27.5 - https:\/\/yoast.com\/product\/yoast-seo-wordpress\/ -->\n<title>Line Repair Fix HA Repair Mask \u2013 Retinooliga taastav mask, 60ml CHR960 - Christinakosmeetika<\/title>\n<meta name=\"description\" content=\"Mask naha tervise taastamiseks. Taastab elastsuse, aitab v\u00f5idelda saastega, leevendab \u00e4rritusi ja punetust ning annab nahale mugavustunde.\" \/>\n<meta name=\"robots\" content=\"index, follow, max-snippet:-1, max-image-preview:large, max-video-preview:-1\" \/>\n<link rel=\"canonical\" href=\"https:\/\/christinakosmeetika.ee\/et\/toode\/fix-ha-repair-mask-retinooliga-taastav-mask-60ml-chr960\/\" \/>\n<meta property=\"og:locale\" content=\"et_EE\" \/>\n<meta property=\"og:type\" content=\"article\" \/>\n<meta property=\"og:title\" content=\"Line Repair Fix HA Repair Mask \u2013 Retinooliga taastav mask, 60ml CHR960 - Christinakosmeetika\" \/>\n<meta property=\"og:description\" content=\"Mask naha tervise taastamiseks. Taastab elastsuse, aitab v\u00f5idelda saastega, leevendab \u00e4rritusi ja punetust ning annab nahale mugavustunde.\" \/>\n<meta property=\"og:url\" content=\"https:\/\/christinakosmeetika.ee\/et\/toode\/fix-ha-repair-mask-retinooliga-taastav-mask-60ml-chr960\/\" \/>\n<meta property=\"og:site_name\" content=\"Christinakosmeetika\" \/>\n<meta property=\"article:modified_time\" content=\"2026-04-15T12:18:06+00:00\" \/>\n<meta property=\"og:image\" content=\"https:\/\/christinakosmeetika.ee\/wp-content\/uploads\/2022\/10\/Fix-HA-Repair-Mask-500.jpg\" \/>\n\t<meta property=\"og:image:width\" content=\"500\" \/>\n\t<meta property=\"og:image:height\" content=\"500\" \/>\n\t<meta property=\"og:image:type\" content=\"image\/jpeg\" \/>\n<meta name=\"twitter:card\" content=\"summary_large_image\" \/>\n<meta name=\"twitter:label1\" content=\"Est. reading time\" \/>\n\t<meta name=\"twitter:data1\" content=\"1 minut\" \/>\n<script type=\"application\/ld+json\" class=\"yoast-schema-graph\">{\"@context\":\"https:\\\/\\\/schema.org\",\"@graph\":[{\"@type\":\"WebPage\",\"@id\":\"https:\\\/\\\/christinakosmeetika.ee\\\/et\\\/toode\\\/fix-ha-repair-mask-retinooliga-taastav-mask-60ml-chr960\\\/\",\"url\":\"https:\\\/\\\/christinakosmeetika.ee\\\/et\\\/toode\\\/fix-ha-repair-mask-retinooliga-taastav-mask-60ml-chr960\\\/\",\"name\":\"Line Repair Fix HA Repair Mask \u2013 Retinooliga taastav mask, 60ml CHR960 - Christinakosmeetika\",\"isPartOf\":{\"@id\":\"https:\\\/\\\/christinakosmeetika.ee\\\/#website\"},\"primaryImageOfPage\":{\"@id\":\"https:\\\/\\\/christinakosmeetika.ee\\\/et\\\/toode\\\/fix-ha-repair-mask-retinooliga-taastav-mask-60ml-chr960\\\/#primaryimage\"},\"image\":{\"@id\":\"https:\\\/\\\/christinakosmeetika.ee\\\/et\\\/toode\\\/fix-ha-repair-mask-retinooliga-taastav-mask-60ml-chr960\\\/#primaryimage\"},\"thumbnailUrl\":\"https:\\\/\\\/christinakosmeetika.ee\\\/wp-content\\\/uploads\\\/2022\\\/10\\\/Fix-HA-Repair-Mask-500.jpg\",\"datePublished\":\"2022-10-27T19:57:51+00:00\",\"dateModified\":\"2026-04-15T12:18:06+00:00\",\"description\":\"Mask naha tervise taastamiseks. Taastab elastsuse, aitab v\u00f5idelda saastega, leevendab \u00e4rritusi ja punetust ning annab nahale mugavustunde.\",\"breadcrumb\":{\"@id\":\"https:\\\/\\\/christinakosmeetika.ee\\\/et\\\/toode\\\/fix-ha-repair-mask-retinooliga-taastav-mask-60ml-chr960\\\/#breadcrumb\"},\"inLanguage\":\"et\",\"potentialAction\":[{\"@type\":\"ReadAction\",\"target\":[\"https:\\\/\\\/christinakosmeetika.ee\\\/et\\\/toode\\\/fix-ha-repair-mask-retinooliga-taastav-mask-60ml-chr960\\\/\"]}]},{\"@type\":\"ImageObject\",\"inLanguage\":\"et\",\"@id\":\"https:\\\/\\\/christinakosmeetika.ee\\\/et\\\/toode\\\/fix-ha-repair-mask-retinooliga-taastav-mask-60ml-chr960\\\/#primaryimage\",\"url\":\"https:\\\/\\\/christinakosmeetika.ee\\\/wp-content\\\/uploads\\\/2022\\\/10\\\/Fix-HA-Repair-Mask-500.jpg\",\"contentUrl\":\"https:\\\/\\\/christinakosmeetika.ee\\\/wp-content\\\/uploads\\\/2022\\\/10\\\/Fix-HA-Repair-Mask-500.jpg\",\"width\":500,\"height\":500},{\"@type\":\"BreadcrumbList\",\"@id\":\"https:\\\/\\\/christinakosmeetika.ee\\\/et\\\/toode\\\/fix-ha-repair-mask-retinooliga-taastav-mask-60ml-chr960\\\/#breadcrumb\",\"itemListElement\":[{\"@type\":\"ListItem\",\"position\":1,\"name\":\"\u0413\u043b\u0430\u0432\u043d\u0430\u044f \u0441\u0442\u0440\u0430\u043d\u0438\u0446\u0430\",\"item\":\"https:\\\/\\\/christinakosmeetika.ee\\\/et\\\/\"},{\"@type\":\"ListItem\",\"position\":2,\"name\":\"Pood\",\"item\":\"https:\\\/\\\/christinakosmeetika.ee\\\/et\\\/shop\\\/\"},{\"@type\":\"ListItem\",\"position\":3,\"name\":\"Line Repair Fix HA Repair Mask \u2013 Retinooliga taastav mask, 60ml CHR960\"}]},{\"@type\":\"WebSite\",\"@id\":\"https:\\\/\\\/christinakosmeetika.ee\\\/#website\",\"url\":\"https:\\\/\\\/christinakosmeetika.ee\\\/\",\"name\":\"Christinakosmeetika\",\"description\":\"Christina kosmeetika Eestis\",\"alternateName\":\"Christina kosmeetika Eestis\",\"potentialAction\":[{\"@type\":\"SearchAction\",\"target\":{\"@type\":\"EntryPoint\",\"urlTemplate\":\"https:\\\/\\\/christinakosmeetika.ee\\\/?s={search_term_string}\"},\"query-input\":{\"@type\":\"PropertyValueSpecification\",\"valueRequired\":true,\"valueName\":\"search_term_string\"}}],\"inLanguage\":\"et\"}]}<\/script>\n<!-- \/ Yoast SEO plugin. -->","yoast_head_json":{"title":"Line Repair Fix HA Repair Mask \u2013 Retinooliga taastav mask, 60ml CHR960 - Christinakosmeetika","description":"Mask naha tervise taastamiseks. Taastab elastsuse, aitab v\u00f5idelda saastega, leevendab \u00e4rritusi ja punetust ning annab nahale mugavustunde.","robots":{"index":"index","follow":"follow","max-snippet":"max-snippet:-1","max-image-preview":"max-image-preview:large","max-video-preview":"max-video-preview:-1"},"canonical":"https:\/\/christinakosmeetika.ee\/et\/toode\/fix-ha-repair-mask-retinooliga-taastav-mask-60ml-chr960\/","og_locale":"et_EE","og_type":"article","og_title":"Line Repair Fix HA Repair Mask \u2013 Retinooliga taastav mask, 60ml CHR960 - Christinakosmeetika","og_description":"Mask naha tervise taastamiseks. Taastab elastsuse, aitab v\u00f5idelda saastega, leevendab \u00e4rritusi ja punetust ning annab nahale mugavustunde.","og_url":"https:\/\/christinakosmeetika.ee\/et\/toode\/fix-ha-repair-mask-retinooliga-taastav-mask-60ml-chr960\/","og_site_name":"Christinakosmeetika","article_modified_time":"2026-04-15T12:18:06+00:00","og_image":[{"width":500,"height":500,"url":"https:\/\/christinakosmeetika.ee\/wp-content\/uploads\/2022\/10\/Fix-HA-Repair-Mask-500.jpg","type":"image\/jpeg"}],"twitter_card":"summary_large_image","twitter_misc":{"Est. reading time":"1 minut"},"schema":{"@context":"https:\/\/schema.org","@graph":[{"@type":"WebPage","@id":"https:\/\/christinakosmeetika.ee\/et\/toode\/fix-ha-repair-mask-retinooliga-taastav-mask-60ml-chr960\/","url":"https:\/\/christinakosmeetika.ee\/et\/toode\/fix-ha-repair-mask-retinooliga-taastav-mask-60ml-chr960\/","name":"Line Repair Fix HA Repair Mask \u2013 Retinooliga taastav mask, 60ml CHR960 - Christinakosmeetika","isPartOf":{"@id":"https:\/\/christinakosmeetika.ee\/#website"},"primaryImageOfPage":{"@id":"https:\/\/christinakosmeetika.ee\/et\/toode\/fix-ha-repair-mask-retinooliga-taastav-mask-60ml-chr960\/#primaryimage"},"image":{"@id":"https:\/\/christinakosmeetika.ee\/et\/toode\/fix-ha-repair-mask-retinooliga-taastav-mask-60ml-chr960\/#primaryimage"},"thumbnailUrl":"https:\/\/christinakosmeetika.ee\/wp-content\/uploads\/2022\/10\/Fix-HA-Repair-Mask-500.jpg","datePublished":"2022-10-27T19:57:51+00:00","dateModified":"2026-04-15T12:18:06+00:00","description":"Mask naha tervise taastamiseks. Taastab elastsuse, aitab v\u00f5idelda saastega, leevendab \u00e4rritusi ja punetust ning annab nahale mugavustunde.","breadcrumb":{"@id":"https:\/\/christinakosmeetika.ee\/et\/toode\/fix-ha-repair-mask-retinooliga-taastav-mask-60ml-chr960\/#breadcrumb"},"inLanguage":"et","potentialAction":[{"@type":"ReadAction","target":["https:\/\/christinakosmeetika.ee\/et\/toode\/fix-ha-repair-mask-retinooliga-taastav-mask-60ml-chr960\/"]}]},{"@type":"ImageObject","inLanguage":"et","@id":"https:\/\/christinakosmeetika.ee\/et\/toode\/fix-ha-repair-mask-retinooliga-taastav-mask-60ml-chr960\/#primaryimage","url":"https:\/\/christinakosmeetika.ee\/wp-content\/uploads\/2022\/10\/Fix-HA-Repair-Mask-500.jpg","contentUrl":"https:\/\/christinakosmeetika.ee\/wp-content\/uploads\/2022\/10\/Fix-HA-Repair-Mask-500.jpg","width":500,"height":500},{"@type":"BreadcrumbList","@id":"https:\/\/christinakosmeetika.ee\/et\/toode\/fix-ha-repair-mask-retinooliga-taastav-mask-60ml-chr960\/#breadcrumb","itemListElement":[{"@type":"ListItem","position":1,"name":"\u0413\u043b\u0430\u0432\u043d\u0430\u044f \u0441\u0442\u0440\u0430\u043d\u0438\u0446\u0430","item":"https:\/\/christinakosmeetika.ee\/et\/"},{"@type":"ListItem","position":2,"name":"Pood","item":"https:\/\/christinakosmeetika.ee\/et\/shop\/"},{"@type":"ListItem","position":3,"name":"Line Repair Fix HA Repair Mask \u2013 Retinooliga taastav mask, 60ml CHR960"}]},{"@type":"WebSite","@id":"https:\/\/christinakosmeetika.ee\/#website","url":"https:\/\/christinakosmeetika.ee\/","name":"Christinakosmeetika","description":"Christina kosmeetika Eestis","alternateName":"Christina kosmeetika Eestis","potentialAction":[{"@type":"SearchAction","target":{"@type":"EntryPoint","urlTemplate":"https:\/\/christinakosmeetika.ee\/?s={search_term_string}"},"query-input":{"@type":"PropertyValueSpecification","valueRequired":true,"valueName":"search_term_string"}}],"inLanguage":"et"}]}},"_links":{"self":[{"href":"https:\/\/christinakosmeetika.ee\/et\/wp-json\/wp\/v2\/product\/4935","targetHints":{"allow":["GET"]}}],"collection":[{"href":"https:\/\/christinakosmeetika.ee\/et\/wp-json\/wp\/v2\/product"}],"about":[{"href":"https:\/\/christinakosmeetika.ee\/et\/wp-json\/wp\/v2\/types\/product"}],"wp:featuredmedia":[{"embeddable":true,"href":"https:\/\/christinakosmeetika.ee\/et\/wp-json\/wp\/v2\/media\/5705"}],"wp:attachment":[{"href":"https:\/\/christinakosmeetika.ee\/et\/wp-json\/wp\/v2\/media?parent=4935"}],"wp:term":[{"taxonomy":"product_brand","embeddable":true,"href":"https:\/\/christinakosmeetika.ee\/et\/wp-json\/wp\/v2\/product_brand?post=4935"},{"taxonomy":"product_cat","embeddable":true,"href":"https:\/\/christinakosmeetika.ee\/et\/wp-json\/wp\/v2\/product_cat?post=4935"},{"taxonomy":"product_tag","embeddable":true,"href":"https:\/\/christinakosmeetika.ee\/et\/wp-json\/wp\/v2\/product_tag?post=4935"}],"curies":[{"name":"wp","href":"https:\/\/api.w.org\/{rel}","templated":true}]}}