{"id":4934,"date":"2022-10-28T06:16:15","date_gmt":"2022-10-28T06:16:15","guid":{"rendered":"https:\/\/christinakosmeetika.ee\/product\/fix-complete-renewal-complete-renewal-ookreem-50-ml-chr958\/"},"modified":"2026-04-15T15:19:05","modified_gmt":"2026-04-15T12:19:05","slug":"fix-complete-renewal-complete-renewal-ookreem-50-ml-chr958","status":"publish","type":"product","link":"https:\/\/christinakosmeetika.ee\/et\/toode\/fix-complete-renewal-complete-renewal-ookreem-50-ml-chr958\/","title":{"rendered":"Line Repair Fix Complete Renewal 50ml CHR958"},"content":{"rendered":"<p><span style=\"font-weight: 400;\">Vananemisvastane kreem, mis v\u00e4hendab peente joonte ja kortsude teket ning parandab naha elastsust. <\/span><span style=\"font-weight: 400;\">\u00dchtlustab nahatooni, parandades selle v\u00e4limust.\u00a0<\/span><\/p>\n<p>Rasvlahustuv C-vitamiin omab suurt l\u00e4bitungivust, mis p\u00e4rsib melaniini tootmist ja heledab pigmentatsiooni. Gl\u00fckoolhape eemaldab surnud rakud, soodustab rakkude uuenemist, parandab vereringet ja ainevahetust. See aeglustab kortsude teket ja silub naha mikroreljeefi. Aquadermi kompleks suurendab niiskustaset ja takistab kortsude teket. Seeneekstrakt parandab naha elastsust, v\u00e4hendab liigset rasun\u00e4\u00e4rmete eritumist, ahendab poore ja muudab naha siledamaks.<\/p>\n<p><span style=\"font-weight: 400;\"><strong>Kasutamine:<\/strong> Kandke kaks korda n\u00e4dalas puhastatud n\u00e4ole, kaelale ja dekolteepiirkonnale ning suurendage kasutuskordade arvu vastavalt naha seisundile. Laske nahal aega kohaneda ja suurendage seej\u00e4rel j\u00e4rk-j\u00e4rgult kasutamist.\u00a0<\/span><\/p>\n<p><strong>Koostis:<\/strong><\/p>\n<p>Deionized Water (Aqua), Isononyl Isononanoate, Glycerin, Cetyl Alcohol, Glyceryl Stearate, Glycolic Acid, Cera Alba, Peg-40 Stearate, Hamamelis Virginiana (Witch Hazel) Extract, Sodium Hydroxide, Phenoxyethanol, Butylene Glycol, Panthenol, Sodium Lactate, Sodium Pca, Caprylyl Glycol, Sorbitan Tristearate, Tocopheryl Acetate, Perfume, Ethylhexylglycerin, Ascorbyl Tetraisopalmitate, Sodium Phytate, Glycyrrhiza Glabra (Licorice) Root Extract, Fomes Officinais (Mushroom) Extract, Peg-40 Hydrogenated Castor Oil, Benzylalcohol, Fructose, Urea, Glycine,Niacinamide, Sodium Benzoate, Citric Acid, Alcohol, Inositol, Dehydroacetic Acid, Limonene, Hexyl Cinnamal, Linalool, Citral.<\/p>\n","protected":false},"excerpt":{"rendered":"<h4>Complete Renewal \u00f6\u00f6kreem<\/h4>\n","protected":false},"featured_media":5702,"template":"","meta":[],"product_brand":[],"product_cat":[149],"product_tag":[],"class_list":{"0":"post-4934","1":"product","2":"type-product","3":"status-publish","4":"has-post-thumbnail","6":"product_cat-kreem","7":"product_shipping_class-smart-itella-post","8":"pa_linii-kosmetiki-line-repair-et","9":"pa_reshenie-problem-ebauhtlane-nahatekstuur","10":"pa_reshenie-problem-ebauhtlane-nahatoon","11":"pa_reshenie-problem-vananemise-margid","12":"pa_tip-kozi-kuiv-et","13":"pa_tip-kozi-normaalne-et","14":"pa_tip-preparata-kreem","16":"first","17":"instock","18":"taxable","19":"shipping-taxable","20":"purchasable","21":"product-type-simple"},"yoast_head":"<!-- This site is optimized with the Yoast SEO plugin v27.5 - https:\/\/yoast.com\/product\/yoast-seo-wordpress\/ -->\n<title>Line Repair Fix Complete Renewal 50ml CHR958 - Christinakosmeetika<\/title>\n<meta name=\"description\" content=\"Noorendav kreem, mis v\u00e4hendab peente joonte ja kortsude n\u00e4htavust ning suurendab naha elastsust. \u00dchtlustab nahatooni ja parandab selle \u00fcldist v\u00e4ljan\u00e4gemist.\" \/>\n<meta name=\"robots\" content=\"index, follow, max-snippet:-1, max-image-preview:large, max-video-preview:-1\" \/>\n<link rel=\"canonical\" href=\"https:\/\/christinakosmeetika.ee\/et\/toode\/fix-complete-renewal-complete-renewal-ookreem-50-ml-chr958\/\" \/>\n<meta property=\"og:locale\" content=\"et_EE\" \/>\n<meta property=\"og:type\" content=\"article\" \/>\n<meta property=\"og:title\" content=\"Line Repair Fix Complete Renewal 50ml CHR958 - Christinakosmeetika\" \/>\n<meta property=\"og:description\" content=\"Noorendav kreem, mis v\u00e4hendab peente joonte ja kortsude n\u00e4htavust ning suurendab naha elastsust. \u00dchtlustab nahatooni ja parandab selle \u00fcldist v\u00e4ljan\u00e4gemist.\" \/>\n<meta property=\"og:url\" content=\"https:\/\/christinakosmeetika.ee\/et\/toode\/fix-complete-renewal-complete-renewal-ookreem-50-ml-chr958\/\" \/>\n<meta property=\"og:site_name\" content=\"Christinakosmeetika\" \/>\n<meta property=\"article:modified_time\" content=\"2026-04-15T12:19:05+00:00\" \/>\n<meta property=\"og:image\" content=\"https:\/\/christinakosmeetika.ee\/wp-content\/uploads\/2022\/10\/Complete-renewal.jpg\" \/>\n\t<meta property=\"og:image:width\" content=\"500\" \/>\n\t<meta property=\"og:image:height\" content=\"500\" \/>\n\t<meta property=\"og:image:type\" content=\"image\/jpeg\" \/>\n<meta name=\"twitter:card\" content=\"summary_large_image\" \/>\n<meta name=\"twitter:label1\" content=\"Est. reading time\" \/>\n\t<meta name=\"twitter:data1\" content=\"1 minut\" \/>\n<script type=\"application\/ld+json\" class=\"yoast-schema-graph\">{\"@context\":\"https:\\\/\\\/schema.org\",\"@graph\":[{\"@type\":\"WebPage\",\"@id\":\"https:\\\/\\\/christinakosmeetika.ee\\\/et\\\/toode\\\/fix-complete-renewal-complete-renewal-ookreem-50-ml-chr958\\\/\",\"url\":\"https:\\\/\\\/christinakosmeetika.ee\\\/et\\\/toode\\\/fix-complete-renewal-complete-renewal-ookreem-50-ml-chr958\\\/\",\"name\":\"Line Repair Fix Complete Renewal 50ml CHR958 - Christinakosmeetika\",\"isPartOf\":{\"@id\":\"https:\\\/\\\/christinakosmeetika.ee\\\/#website\"},\"primaryImageOfPage\":{\"@id\":\"https:\\\/\\\/christinakosmeetika.ee\\\/et\\\/toode\\\/fix-complete-renewal-complete-renewal-ookreem-50-ml-chr958\\\/#primaryimage\"},\"image\":{\"@id\":\"https:\\\/\\\/christinakosmeetika.ee\\\/et\\\/toode\\\/fix-complete-renewal-complete-renewal-ookreem-50-ml-chr958\\\/#primaryimage\"},\"thumbnailUrl\":\"https:\\\/\\\/christinakosmeetika.ee\\\/wp-content\\\/uploads\\\/2022\\\/10\\\/Complete-renewal.jpg\",\"datePublished\":\"2022-10-28T06:16:15+00:00\",\"dateModified\":\"2026-04-15T12:19:05+00:00\",\"description\":\"Noorendav kreem, mis v\u00e4hendab peente joonte ja kortsude n\u00e4htavust ning suurendab naha elastsust. \u00dchtlustab nahatooni ja parandab selle \u00fcldist v\u00e4ljan\u00e4gemist.\",\"breadcrumb\":{\"@id\":\"https:\\\/\\\/christinakosmeetika.ee\\\/et\\\/toode\\\/fix-complete-renewal-complete-renewal-ookreem-50-ml-chr958\\\/#breadcrumb\"},\"inLanguage\":\"et\",\"potentialAction\":[{\"@type\":\"ReadAction\",\"target\":[\"https:\\\/\\\/christinakosmeetika.ee\\\/et\\\/toode\\\/fix-complete-renewal-complete-renewal-ookreem-50-ml-chr958\\\/\"]}]},{\"@type\":\"ImageObject\",\"inLanguage\":\"et\",\"@id\":\"https:\\\/\\\/christinakosmeetika.ee\\\/et\\\/toode\\\/fix-complete-renewal-complete-renewal-ookreem-50-ml-chr958\\\/#primaryimage\",\"url\":\"https:\\\/\\\/christinakosmeetika.ee\\\/wp-content\\\/uploads\\\/2022\\\/10\\\/Complete-renewal.jpg\",\"contentUrl\":\"https:\\\/\\\/christinakosmeetika.ee\\\/wp-content\\\/uploads\\\/2022\\\/10\\\/Complete-renewal.jpg\",\"width\":500,\"height\":500},{\"@type\":\"BreadcrumbList\",\"@id\":\"https:\\\/\\\/christinakosmeetika.ee\\\/et\\\/toode\\\/fix-complete-renewal-complete-renewal-ookreem-50-ml-chr958\\\/#breadcrumb\",\"itemListElement\":[{\"@type\":\"ListItem\",\"position\":1,\"name\":\"\u0413\u043b\u0430\u0432\u043d\u0430\u044f \u0441\u0442\u0440\u0430\u043d\u0438\u0446\u0430\",\"item\":\"https:\\\/\\\/christinakosmeetika.ee\\\/et\\\/\"},{\"@type\":\"ListItem\",\"position\":2,\"name\":\"Pood\",\"item\":\"https:\\\/\\\/christinakosmeetika.ee\\\/et\\\/shop\\\/\"},{\"@type\":\"ListItem\",\"position\":3,\"name\":\"Line Repair Fix Complete Renewal 50ml CHR958\"}]},{\"@type\":\"WebSite\",\"@id\":\"https:\\\/\\\/christinakosmeetika.ee\\\/#website\",\"url\":\"https:\\\/\\\/christinakosmeetika.ee\\\/\",\"name\":\"Christinakosmeetika\",\"description\":\"Christina kosmeetika Eestis\",\"alternateName\":\"Christina kosmeetika Eestis\",\"potentialAction\":[{\"@type\":\"SearchAction\",\"target\":{\"@type\":\"EntryPoint\",\"urlTemplate\":\"https:\\\/\\\/christinakosmeetika.ee\\\/?s={search_term_string}\"},\"query-input\":{\"@type\":\"PropertyValueSpecification\",\"valueRequired\":true,\"valueName\":\"search_term_string\"}}],\"inLanguage\":\"et\"}]}<\/script>\n<!-- \/ Yoast SEO plugin. -->","yoast_head_json":{"title":"Line Repair Fix Complete Renewal 50ml CHR958 - Christinakosmeetika","description":"Noorendav kreem, mis v\u00e4hendab peente joonte ja kortsude n\u00e4htavust ning suurendab naha elastsust. \u00dchtlustab nahatooni ja parandab selle \u00fcldist v\u00e4ljan\u00e4gemist.","robots":{"index":"index","follow":"follow","max-snippet":"max-snippet:-1","max-image-preview":"max-image-preview:large","max-video-preview":"max-video-preview:-1"},"canonical":"https:\/\/christinakosmeetika.ee\/et\/toode\/fix-complete-renewal-complete-renewal-ookreem-50-ml-chr958\/","og_locale":"et_EE","og_type":"article","og_title":"Line Repair Fix Complete Renewal 50ml CHR958 - Christinakosmeetika","og_description":"Noorendav kreem, mis v\u00e4hendab peente joonte ja kortsude n\u00e4htavust ning suurendab naha elastsust. \u00dchtlustab nahatooni ja parandab selle \u00fcldist v\u00e4ljan\u00e4gemist.","og_url":"https:\/\/christinakosmeetika.ee\/et\/toode\/fix-complete-renewal-complete-renewal-ookreem-50-ml-chr958\/","og_site_name":"Christinakosmeetika","article_modified_time":"2026-04-15T12:19:05+00:00","og_image":[{"width":500,"height":500,"url":"https:\/\/christinakosmeetika.ee\/wp-content\/uploads\/2022\/10\/Complete-renewal.jpg","type":"image\/jpeg"}],"twitter_card":"summary_large_image","twitter_misc":{"Est. reading time":"1 minut"},"schema":{"@context":"https:\/\/schema.org","@graph":[{"@type":"WebPage","@id":"https:\/\/christinakosmeetika.ee\/et\/toode\/fix-complete-renewal-complete-renewal-ookreem-50-ml-chr958\/","url":"https:\/\/christinakosmeetika.ee\/et\/toode\/fix-complete-renewal-complete-renewal-ookreem-50-ml-chr958\/","name":"Line Repair Fix Complete Renewal 50ml CHR958 - Christinakosmeetika","isPartOf":{"@id":"https:\/\/christinakosmeetika.ee\/#website"},"primaryImageOfPage":{"@id":"https:\/\/christinakosmeetika.ee\/et\/toode\/fix-complete-renewal-complete-renewal-ookreem-50-ml-chr958\/#primaryimage"},"image":{"@id":"https:\/\/christinakosmeetika.ee\/et\/toode\/fix-complete-renewal-complete-renewal-ookreem-50-ml-chr958\/#primaryimage"},"thumbnailUrl":"https:\/\/christinakosmeetika.ee\/wp-content\/uploads\/2022\/10\/Complete-renewal.jpg","datePublished":"2022-10-28T06:16:15+00:00","dateModified":"2026-04-15T12:19:05+00:00","description":"Noorendav kreem, mis v\u00e4hendab peente joonte ja kortsude n\u00e4htavust ning suurendab naha elastsust. \u00dchtlustab nahatooni ja parandab selle \u00fcldist v\u00e4ljan\u00e4gemist.","breadcrumb":{"@id":"https:\/\/christinakosmeetika.ee\/et\/toode\/fix-complete-renewal-complete-renewal-ookreem-50-ml-chr958\/#breadcrumb"},"inLanguage":"et","potentialAction":[{"@type":"ReadAction","target":["https:\/\/christinakosmeetika.ee\/et\/toode\/fix-complete-renewal-complete-renewal-ookreem-50-ml-chr958\/"]}]},{"@type":"ImageObject","inLanguage":"et","@id":"https:\/\/christinakosmeetika.ee\/et\/toode\/fix-complete-renewal-complete-renewal-ookreem-50-ml-chr958\/#primaryimage","url":"https:\/\/christinakosmeetika.ee\/wp-content\/uploads\/2022\/10\/Complete-renewal.jpg","contentUrl":"https:\/\/christinakosmeetika.ee\/wp-content\/uploads\/2022\/10\/Complete-renewal.jpg","width":500,"height":500},{"@type":"BreadcrumbList","@id":"https:\/\/christinakosmeetika.ee\/et\/toode\/fix-complete-renewal-complete-renewal-ookreem-50-ml-chr958\/#breadcrumb","itemListElement":[{"@type":"ListItem","position":1,"name":"\u0413\u043b\u0430\u0432\u043d\u0430\u044f \u0441\u0442\u0440\u0430\u043d\u0438\u0446\u0430","item":"https:\/\/christinakosmeetika.ee\/et\/"},{"@type":"ListItem","position":2,"name":"Pood","item":"https:\/\/christinakosmeetika.ee\/et\/shop\/"},{"@type":"ListItem","position":3,"name":"Line Repair Fix Complete Renewal 50ml CHR958"}]},{"@type":"WebSite","@id":"https:\/\/christinakosmeetika.ee\/#website","url":"https:\/\/christinakosmeetika.ee\/","name":"Christinakosmeetika","description":"Christina kosmeetika Eestis","alternateName":"Christina kosmeetika Eestis","potentialAction":[{"@type":"SearchAction","target":{"@type":"EntryPoint","urlTemplate":"https:\/\/christinakosmeetika.ee\/?s={search_term_string}"},"query-input":{"@type":"PropertyValueSpecification","valueRequired":true,"valueName":"search_term_string"}}],"inLanguage":"et"}]}},"_links":{"self":[{"href":"https:\/\/christinakosmeetika.ee\/et\/wp-json\/wp\/v2\/product\/4934","targetHints":{"allow":["GET"]}}],"collection":[{"href":"https:\/\/christinakosmeetika.ee\/et\/wp-json\/wp\/v2\/product"}],"about":[{"href":"https:\/\/christinakosmeetika.ee\/et\/wp-json\/wp\/v2\/types\/product"}],"wp:featuredmedia":[{"embeddable":true,"href":"https:\/\/christinakosmeetika.ee\/et\/wp-json\/wp\/v2\/media\/5702"}],"wp:attachment":[{"href":"https:\/\/christinakosmeetika.ee\/et\/wp-json\/wp\/v2\/media?parent=4934"}],"wp:term":[{"taxonomy":"product_brand","embeddable":true,"href":"https:\/\/christinakosmeetika.ee\/et\/wp-json\/wp\/v2\/product_brand?post=4934"},{"taxonomy":"product_cat","embeddable":true,"href":"https:\/\/christinakosmeetika.ee\/et\/wp-json\/wp\/v2\/product_cat?post=4934"},{"taxonomy":"product_tag","embeddable":true,"href":"https:\/\/christinakosmeetika.ee\/et\/wp-json\/wp\/v2\/product_tag?post=4934"}],"curies":[{"name":"wp","href":"https:\/\/api.w.org\/{rel}","templated":true}]}}