{"id":4933,"date":"2022-10-28T06:20:07","date_gmt":"2022-10-28T06:20:07","guid":{"rendered":"https:\/\/christinakosmeetika.ee\/product\/bio-satin-serum-seerum-bio-satin-30-ml-chr871\/"},"modified":"2026-04-10T10:37:53","modified_gmt":"2026-04-10T07:37:53","slug":"bio-satin-serum-et","status":"publish","type":"product","link":"https:\/\/christinakosmeetika.ee\/et\/toode\/bio-satin-serum-et\/","title":{"rendered":"Line Repair Nutrient Bio Satin Serum 30ml CHR871"},"content":{"rendered":"<p style=\"text-align: left;\">Sileda tekstuuriga seerum on rikastatud oluliste toitainete ja vitamiinidega, mis muudavad naha struktuuri siledaks ning suurendavad elastsust ja niisutatust. Nahk omandab s\u00e4ra, \u00fchtlase jume ning tundub pingul.<\/p>\n<p style=\"text-align: left;\">C-vitamiin tagab v\u00f5imsa antioks\u00fcdantse kaitse ja soodustab kollageeni s\u00fcnteesi. See silub naha tooni, v\u00e4hendab pigmentlaikude n\u00e4htavust, parandab naha toonust ning muudab kortsud v\u00e4hem m\u00e4rgatavaks. Retinool pehmes vormis pakub antioks\u00fcdantset, taastavat ja noorendavat toimet. Squalane aitab taastada naha kaitsebarj\u00e4\u00e4ri ja leevendab punetust.<\/p>\n<p style=\"text-align: left;\"><strong>Kasutusviis:<\/strong><\/p>\n<p style=\"text-align: left;\">Kandke m\u00f5ned tilgad n\u00e4ole, kaelale ja dekolteele. Masseerige kuni t\u00e4ieliku imendumiseni.<\/p>\n<p style=\"text-align: left;\"><strong>Koostis:<\/strong><\/p>\n<p style=\"text-align: left;\">Cyclopentasiloxane, Isopropyl Myristate, Dimethiconol, C15-19 Alkane, Squalane, Vitis Vinifera (Grape) Seed Oil, Tocopheryl Acetate, Ascorbyl Tetraisopalmitate, Caprylyl Glycol, Perfume,Retinyl Palmitate, Bht, Helianthus Annuus (Sunflower) Seed Oil, Hexyl Cinnamal, Benzyl Salicylate, Linalool, Alpha-Isomethyl Ionone, Citronnellol, Geraniol.<\/p>\n","protected":false},"excerpt":{"rendered":"<h4>Seerum \u201cBio-Satin\u201d<\/h4>\n","protected":false},"featured_media":5753,"template":"","meta":[],"product_brand":[],"product_cat":[182],"product_tag":[],"class_list":{"0":"post-4933","1":"product","2":"type-product","3":"status-publish","4":"has-post-thumbnail","6":"product_cat-seerum","7":"product_shipping_class-smart-itella-post","8":"pa_linii-kosmetiki-line-repair-et","9":"pa_reshenie-problem-ebauhtlane-nahatoon","10":"pa_reshenie-problem-suhost","11":"pa_reshenie-problem-kuperoz","12":"pa_reshenie-problem-chuvstvitelnaja-koza","13":"pa_reshenie-problem-vananemise-margid","14":"pa_tip-kozi-kuiv-et","15":"pa_tip-kozi-normaalne-et","16":"pa_tip-preparata-seerum","17":"pa_vremja-primenenija-oine","18":"pa_vremja-primenenija-paevane","20":"first","21":"instock","22":"taxable","23":"shipping-taxable","24":"purchasable","25":"product-type-simple"},"yoast_head":"<!-- This site is optimized with the Yoast SEO plugin v27.5 - https:\/\/yoast.com\/product\/yoast-seo-wordpress\/ -->\n<title>Line Repair Nutrient Bio Satin Serum 30ml CHR871 - Christinakosmeetika<\/title>\n<meta name=\"description\" content=\"Muudab naha struktuuri siledaks ning suurendab elastsust ja niisutatust. Nahk omandab s\u00e4ra, \u00fchtlase tooni ja n\u00e4eb prink v\u00e4lja.\" \/>\n<meta name=\"robots\" content=\"index, follow, max-snippet:-1, max-image-preview:large, max-video-preview:-1\" \/>\n<link rel=\"canonical\" href=\"https:\/\/christinakosmeetika.ee\/product\/nutrient-bio-satin-serum\/\" \/>\n<meta property=\"og:locale\" content=\"et_EE\" \/>\n<meta property=\"og:type\" content=\"article\" \/>\n<meta property=\"og:title\" content=\"Line Repair Nutrient Bio Satin Serum 30ml CHR871 - Christinakosmeetika\" \/>\n<meta property=\"og:description\" content=\"Muudab naha struktuuri siledaks ning suurendab elastsust ja niisutatust. Nahk omandab s\u00e4ra, \u00fchtlase tooni ja n\u00e4eb prink v\u00e4lja.\" \/>\n<meta property=\"og:url\" content=\"https:\/\/christinakosmeetika.ee\/product\/nutrient-bio-satin-serum\/\" \/>\n<meta property=\"og:site_name\" content=\"Christinakosmeetika\" \/>\n<meta property=\"article:modified_time\" content=\"2026-04-10T07:37:53+00:00\" \/>\n<meta property=\"og:image\" content=\"https:\/\/christinakosmeetika.ee\/wp-content\/uploads\/2022\/10\/Nutrient-Bio-Satin-Serum500.png\" \/>\n\t<meta property=\"og:image:width\" content=\"500\" \/>\n\t<meta property=\"og:image:height\" content=\"500\" \/>\n\t<meta property=\"og:image:type\" content=\"image\/png\" \/>\n<meta name=\"twitter:card\" content=\"summary_large_image\" \/>\n<meta name=\"twitter:label1\" content=\"Est. reading time\" \/>\n\t<meta name=\"twitter:data1\" content=\"1 minut\" \/>\n<script type=\"application\/ld+json\" class=\"yoast-schema-graph\">{\"@context\":\"https:\\\/\\\/schema.org\",\"@graph\":[{\"@type\":\"WebPage\",\"@id\":\"https:\\\/\\\/christinakosmeetika.ee\\\/product\\\/nutrient-bio-satin-serum\\\/\",\"url\":\"https:\\\/\\\/christinakosmeetika.ee\\\/product\\\/nutrient-bio-satin-serum\\\/\",\"name\":\"Line Repair Nutrient Bio Satin Serum 30ml CHR871 - Christinakosmeetika\",\"isPartOf\":{\"@id\":\"https:\\\/\\\/christinakosmeetika.ee\\\/#website\"},\"primaryImageOfPage\":{\"@id\":\"https:\\\/\\\/christinakosmeetika.ee\\\/product\\\/nutrient-bio-satin-serum\\\/#primaryimage\"},\"image\":{\"@id\":\"https:\\\/\\\/christinakosmeetika.ee\\\/product\\\/nutrient-bio-satin-serum\\\/#primaryimage\"},\"thumbnailUrl\":\"https:\\\/\\\/christinakosmeetika.ee\\\/wp-content\\\/uploads\\\/2022\\\/10\\\/Nutrient-Bio-Satin-Serum500.png\",\"datePublished\":\"2022-10-28T06:20:07+00:00\",\"dateModified\":\"2026-04-10T07:37:53+00:00\",\"description\":\"Muudab naha struktuuri siledaks ning suurendab elastsust ja niisutatust. Nahk omandab s\u00e4ra, \u00fchtlase tooni ja n\u00e4eb prink v\u00e4lja.\",\"breadcrumb\":{\"@id\":\"https:\\\/\\\/christinakosmeetika.ee\\\/product\\\/nutrient-bio-satin-serum\\\/#breadcrumb\"},\"inLanguage\":\"et\",\"potentialAction\":[{\"@type\":\"ReadAction\",\"target\":[\"https:\\\/\\\/christinakosmeetika.ee\\\/product\\\/nutrient-bio-satin-serum\\\/\"]}]},{\"@type\":\"ImageObject\",\"inLanguage\":\"et\",\"@id\":\"https:\\\/\\\/christinakosmeetika.ee\\\/product\\\/nutrient-bio-satin-serum\\\/#primaryimage\",\"url\":\"https:\\\/\\\/christinakosmeetika.ee\\\/wp-content\\\/uploads\\\/2022\\\/10\\\/Nutrient-Bio-Satin-Serum500.png\",\"contentUrl\":\"https:\\\/\\\/christinakosmeetika.ee\\\/wp-content\\\/uploads\\\/2022\\\/10\\\/Nutrient-Bio-Satin-Serum500.png\",\"width\":500,\"height\":500},{\"@type\":\"BreadcrumbList\",\"@id\":\"https:\\\/\\\/christinakosmeetika.ee\\\/product\\\/nutrient-bio-satin-serum\\\/#breadcrumb\",\"itemListElement\":[{\"@type\":\"ListItem\",\"position\":1,\"name\":\"\u0413\u043b\u0430\u0432\u043d\u0430\u044f \u0441\u0442\u0440\u0430\u043d\u0438\u0446\u0430\",\"item\":\"https:\\\/\\\/christinakosmeetika.ee\\\/et\\\/\"},{\"@type\":\"ListItem\",\"position\":2,\"name\":\"Pood\",\"item\":\"https:\\\/\\\/christinakosmeetika.ee\\\/et\\\/shop\\\/\"},{\"@type\":\"ListItem\",\"position\":3,\"name\":\"Line Repair Nutrient Bio Satin Serum 30ml CHR871\"}]},{\"@type\":\"WebSite\",\"@id\":\"https:\\\/\\\/christinakosmeetika.ee\\\/#website\",\"url\":\"https:\\\/\\\/christinakosmeetika.ee\\\/\",\"name\":\"Christinakosmeetika\",\"description\":\"Christina kosmeetika Eestis\",\"alternateName\":\"Christina kosmeetika Eestis\",\"potentialAction\":[{\"@type\":\"SearchAction\",\"target\":{\"@type\":\"EntryPoint\",\"urlTemplate\":\"https:\\\/\\\/christinakosmeetika.ee\\\/?s={search_term_string}\"},\"query-input\":{\"@type\":\"PropertyValueSpecification\",\"valueRequired\":true,\"valueName\":\"search_term_string\"}}],\"inLanguage\":\"et\"}]}<\/script>\n<!-- \/ Yoast SEO plugin. -->","yoast_head_json":{"title":"Line Repair Nutrient Bio Satin Serum 30ml CHR871 - Christinakosmeetika","description":"Muudab naha struktuuri siledaks ning suurendab elastsust ja niisutatust. Nahk omandab s\u00e4ra, \u00fchtlase tooni ja n\u00e4eb prink v\u00e4lja.","robots":{"index":"index","follow":"follow","max-snippet":"max-snippet:-1","max-image-preview":"max-image-preview:large","max-video-preview":"max-video-preview:-1"},"canonical":"https:\/\/christinakosmeetika.ee\/product\/nutrient-bio-satin-serum\/","og_locale":"et_EE","og_type":"article","og_title":"Line Repair Nutrient Bio Satin Serum 30ml CHR871 - Christinakosmeetika","og_description":"Muudab naha struktuuri siledaks ning suurendab elastsust ja niisutatust. Nahk omandab s\u00e4ra, \u00fchtlase tooni ja n\u00e4eb prink v\u00e4lja.","og_url":"https:\/\/christinakosmeetika.ee\/product\/nutrient-bio-satin-serum\/","og_site_name":"Christinakosmeetika","article_modified_time":"2026-04-10T07:37:53+00:00","og_image":[{"width":500,"height":500,"url":"https:\/\/christinakosmeetika.ee\/wp-content\/uploads\/2022\/10\/Nutrient-Bio-Satin-Serum500.png","type":"image\/png"}],"twitter_card":"summary_large_image","twitter_misc":{"Est. reading time":"1 minut"},"schema":{"@context":"https:\/\/schema.org","@graph":[{"@type":"WebPage","@id":"https:\/\/christinakosmeetika.ee\/product\/nutrient-bio-satin-serum\/","url":"https:\/\/christinakosmeetika.ee\/product\/nutrient-bio-satin-serum\/","name":"Line Repair Nutrient Bio Satin Serum 30ml CHR871 - Christinakosmeetika","isPartOf":{"@id":"https:\/\/christinakosmeetika.ee\/#website"},"primaryImageOfPage":{"@id":"https:\/\/christinakosmeetika.ee\/product\/nutrient-bio-satin-serum\/#primaryimage"},"image":{"@id":"https:\/\/christinakosmeetika.ee\/product\/nutrient-bio-satin-serum\/#primaryimage"},"thumbnailUrl":"https:\/\/christinakosmeetika.ee\/wp-content\/uploads\/2022\/10\/Nutrient-Bio-Satin-Serum500.png","datePublished":"2022-10-28T06:20:07+00:00","dateModified":"2026-04-10T07:37:53+00:00","description":"Muudab naha struktuuri siledaks ning suurendab elastsust ja niisutatust. Nahk omandab s\u00e4ra, \u00fchtlase tooni ja n\u00e4eb prink v\u00e4lja.","breadcrumb":{"@id":"https:\/\/christinakosmeetika.ee\/product\/nutrient-bio-satin-serum\/#breadcrumb"},"inLanguage":"et","potentialAction":[{"@type":"ReadAction","target":["https:\/\/christinakosmeetika.ee\/product\/nutrient-bio-satin-serum\/"]}]},{"@type":"ImageObject","inLanguage":"et","@id":"https:\/\/christinakosmeetika.ee\/product\/nutrient-bio-satin-serum\/#primaryimage","url":"https:\/\/christinakosmeetika.ee\/wp-content\/uploads\/2022\/10\/Nutrient-Bio-Satin-Serum500.png","contentUrl":"https:\/\/christinakosmeetika.ee\/wp-content\/uploads\/2022\/10\/Nutrient-Bio-Satin-Serum500.png","width":500,"height":500},{"@type":"BreadcrumbList","@id":"https:\/\/christinakosmeetika.ee\/product\/nutrient-bio-satin-serum\/#breadcrumb","itemListElement":[{"@type":"ListItem","position":1,"name":"\u0413\u043b\u0430\u0432\u043d\u0430\u044f \u0441\u0442\u0440\u0430\u043d\u0438\u0446\u0430","item":"https:\/\/christinakosmeetika.ee\/et\/"},{"@type":"ListItem","position":2,"name":"Pood","item":"https:\/\/christinakosmeetika.ee\/et\/shop\/"},{"@type":"ListItem","position":3,"name":"Line Repair Nutrient Bio Satin Serum 30ml CHR871"}]},{"@type":"WebSite","@id":"https:\/\/christinakosmeetika.ee\/#website","url":"https:\/\/christinakosmeetika.ee\/","name":"Christinakosmeetika","description":"Christina kosmeetika Eestis","alternateName":"Christina kosmeetika Eestis","potentialAction":[{"@type":"SearchAction","target":{"@type":"EntryPoint","urlTemplate":"https:\/\/christinakosmeetika.ee\/?s={search_term_string}"},"query-input":{"@type":"PropertyValueSpecification","valueRequired":true,"valueName":"search_term_string"}}],"inLanguage":"et"}]}},"_links":{"self":[{"href":"https:\/\/christinakosmeetika.ee\/et\/wp-json\/wp\/v2\/product\/4933","targetHints":{"allow":["GET"]}}],"collection":[{"href":"https:\/\/christinakosmeetika.ee\/et\/wp-json\/wp\/v2\/product"}],"about":[{"href":"https:\/\/christinakosmeetika.ee\/et\/wp-json\/wp\/v2\/types\/product"}],"wp:featuredmedia":[{"embeddable":true,"href":"https:\/\/christinakosmeetika.ee\/et\/wp-json\/wp\/v2\/media\/5753"}],"wp:attachment":[{"href":"https:\/\/christinakosmeetika.ee\/et\/wp-json\/wp\/v2\/media?parent=4933"}],"wp:term":[{"taxonomy":"product_brand","embeddable":true,"href":"https:\/\/christinakosmeetika.ee\/et\/wp-json\/wp\/v2\/product_brand?post=4933"},{"taxonomy":"product_cat","embeddable":true,"href":"https:\/\/christinakosmeetika.ee\/et\/wp-json\/wp\/v2\/product_cat?post=4933"},{"taxonomy":"product_tag","embeddable":true,"href":"https:\/\/christinakosmeetika.ee\/et\/wp-json\/wp\/v2\/product_tag?post=4933"}],"curies":[{"name":"wp","href":"https:\/\/api.w.org\/{rel}","templated":true}]}}