{"id":4932,"date":"2022-10-28T06:52:42","date_gmt":"2022-10-28T06:52:42","guid":{"rendered":"https:\/\/christinakosmeetika.ee\/product\/nutrient-superfood-aqua-mist-sugavniisutav-sprei-100-ml-chr870\/"},"modified":"2026-04-15T15:20:21","modified_gmt":"2026-04-15T12:20:21","slug":"nutrient-superfood-aqua-mist-et","status":"publish","type":"product","link":"https:\/\/christinakosmeetika.ee\/et\/toode\/nutrient-superfood-aqua-mist-et\/","title":{"rendered":"Line Repair Nutrient Superfood Aqua Mist 100ml CHR870"},"content":{"rendered":"<p style=\"text-align: left;\">V\u00e4rskendav sprei tugevate aktiivainetega, mis tagab pikaajalise niisutuse nahale. Toimib kaitsebarj\u00e4\u00e4rina, s\u00e4ilitades naha elastsuse ja mugavuse.<\/p>\n<p style=\"text-align: left;\">Lina seemneekstrakt aitab s\u00e4ilitada naha elastsust, kaitseb kuivuse ja \u00e4rrituse eest. Marine barrier reset kompleks &#8211; merebakterite aktiivne ekstrakt &#8211; stimuleerib lipiidide ja valkude tootmist, tugevdab naha barj\u00e4\u00e4ri, hoides naha niisutatuna.<\/p>\n<p style=\"text-align: left;\">Hydrator shield kompleks tagab pikaajalise niisutuse, taastab deh\u00fcdreeritud naha, tugevdab naha barj\u00e4\u00e4ri. Goji marjad (\u201etuleviku viljad\u201c) taastavad eluj\u00f5u ja stimuleerivad kudede uuenemist. V\u00e4hendavad h\u00fcperpigmentatsiooni ja \u00fchtlustavad nahatooni, aitavad vastu seista oks\u00fcdatiivsele stressile.<\/p>\n<p style=\"text-align: left;\"><strong>Kasutusjuhend:<\/strong><\/p>\n<p style=\"text-align: left;\">Pihustage n\u00e4ole, hoides pihustit 2\u201330 cm kaugusel.<\/p>\n<p style=\"text-align: left;\"><strong>Koostis:<\/strong><\/p>\n<p style=\"text-align: left;\">Deionized Water (Aqua), Glycerin, Sd Alcohol 40, Pentylene Glycol, Polysorbate 20, Xylitylglucoside, Panthenol, Anhydroxylitol, Caprylyl Glycol, Perfume, Rubus Fruticosus (Blackberry) Fruit Extract, Xylitol, Butylene Glycol, Arctostaphylos Uva Ursi Leaf Extract, Sodium Hyaluronate, Honokiol, Magnolol, Chlorella Vulgaris Extract, 1,2-Hexanediol, Glucose, Lycium Barbarum Fruit Extract, D&amp;C Red No. 33 (Ci 17200), Sodium Benzoate, Phenoxyethanol, Linum Usitatissimum(Linseed) Seed Extract, Potassium Sorbate, Citric Acid, Bacillus Ferment, Fd&amp;C Blue No. 1 (Ci 42090), Linalool, Limonene.<\/p>\n","protected":false},"excerpt":{"rendered":"<h4>S\u00fcgavniisutav sprei<\/h4>\n","protected":false},"featured_media":5764,"template":"","meta":[],"product_brand":[],"product_cat":[184],"product_tag":[],"class_list":{"0":"post-4932","1":"product","2":"type-product","3":"status-publish","4":"has-post-thumbnail","6":"product_cat-pihustada","7":"product_shipping_class-smart-itella-post","8":"pa_akcii-skidki-allahindlused","9":"pa_linii-kosmetiki-line-repair-et","10":"pa_reshenie-problem-ebauhtlane-nahatoon","11":"pa_reshenie-problem-suhost","12":"pa_reshenie-problem-kuperoz","13":"pa_reshenie-problem-chuvstvitelnaja-koza","14":"pa_reshenie-problem-vananemise-margid","15":"pa_tip-kozi-koik-nahatuubid-et","16":"pa_tip-kozi-kombi-et","17":"pa_tip-kozi-kuiv-et","18":"pa_tip-kozi-normaalne-et","19":"pa_tip-kozi-rasvane-et","20":"pa_tip-preparata-pihusta","21":"pa_vremja-primenenija-oine","22":"pa_vremja-primenenija-paevane","24":"first","25":"instock","26":"sale","27":"taxable","28":"shipping-taxable","29":"purchasable","30":"product-type-simple"},"yoast_head":"<!-- This site is optimized with the Yoast SEO plugin v27.5 - https:\/\/yoast.com\/product\/yoast-seo-wordpress\/ -->\n<title>Line Repair Nutrient Superfood Aqua Mist 100ml CHR870 - Christinakosmeetika<\/title>\n<meta name=\"description\" content=\"V\u00e4rskendav sprei v\u00f5imsate aktiivainetega naha pikaajaliseks niisutamiseks. Toimib kaitsva barj\u00e4\u00e4rina, s\u00e4ilitades naha elastsuse ja mugavustunde.\" \/>\n<meta name=\"robots\" content=\"index, follow, max-snippet:-1, max-image-preview:large, max-video-preview:-1\" \/>\n<link rel=\"canonical\" href=\"https:\/\/christinakosmeetika.ee\/product\/nutrient-superfood-aqua-mist\/\" \/>\n<meta property=\"og:locale\" content=\"et_EE\" \/>\n<meta property=\"og:type\" content=\"article\" \/>\n<meta property=\"og:title\" content=\"Line Repair Nutrient Superfood Aqua Mist 100ml CHR870 - Christinakosmeetika\" \/>\n<meta property=\"og:description\" content=\"V\u00e4rskendav sprei v\u00f5imsate aktiivainetega naha pikaajaliseks niisutamiseks. Toimib kaitsva barj\u00e4\u00e4rina, s\u00e4ilitades naha elastsuse ja mugavustunde.\" \/>\n<meta property=\"og:url\" content=\"https:\/\/christinakosmeetika.ee\/product\/nutrient-superfood-aqua-mist\/\" \/>\n<meta property=\"og:site_name\" content=\"Christinakosmeetika\" \/>\n<meta property=\"article:modified_time\" content=\"2026-04-15T12:20:21+00:00\" \/>\n<meta property=\"og:image\" content=\"https:\/\/christinakosmeetika.ee\/wp-content\/uploads\/2022\/10\/Nutrient-Superfood-Aqua-Mist500.png\" \/>\n\t<meta property=\"og:image:width\" content=\"500\" \/>\n\t<meta property=\"og:image:height\" content=\"500\" \/>\n\t<meta property=\"og:image:type\" content=\"image\/png\" \/>\n<meta name=\"twitter:card\" content=\"summary_large_image\" \/>\n<meta name=\"twitter:label1\" content=\"Est. reading time\" \/>\n\t<meta name=\"twitter:data1\" content=\"1 minut\" \/>\n<script type=\"application\/ld+json\" class=\"yoast-schema-graph\">{\"@context\":\"https:\\\/\\\/schema.org\",\"@graph\":[{\"@type\":\"WebPage\",\"@id\":\"https:\\\/\\\/christinakosmeetika.ee\\\/product\\\/nutrient-superfood-aqua-mist\\\/\",\"url\":\"https:\\\/\\\/christinakosmeetika.ee\\\/product\\\/nutrient-superfood-aqua-mist\\\/\",\"name\":\"Line Repair Nutrient Superfood Aqua Mist 100ml CHR870 - Christinakosmeetika\",\"isPartOf\":{\"@id\":\"https:\\\/\\\/christinakosmeetika.ee\\\/#website\"},\"primaryImageOfPage\":{\"@id\":\"https:\\\/\\\/christinakosmeetika.ee\\\/product\\\/nutrient-superfood-aqua-mist\\\/#primaryimage\"},\"image\":{\"@id\":\"https:\\\/\\\/christinakosmeetika.ee\\\/product\\\/nutrient-superfood-aqua-mist\\\/#primaryimage\"},\"thumbnailUrl\":\"https:\\\/\\\/christinakosmeetika.ee\\\/wp-content\\\/uploads\\\/2022\\\/10\\\/Nutrient-Superfood-Aqua-Mist500.png\",\"datePublished\":\"2022-10-28T06:52:42+00:00\",\"dateModified\":\"2026-04-15T12:20:21+00:00\",\"description\":\"V\u00e4rskendav sprei v\u00f5imsate aktiivainetega naha pikaajaliseks niisutamiseks. Toimib kaitsva barj\u00e4\u00e4rina, s\u00e4ilitades naha elastsuse ja mugavustunde.\",\"breadcrumb\":{\"@id\":\"https:\\\/\\\/christinakosmeetika.ee\\\/product\\\/nutrient-superfood-aqua-mist\\\/#breadcrumb\"},\"inLanguage\":\"et\",\"potentialAction\":[{\"@type\":\"ReadAction\",\"target\":[\"https:\\\/\\\/christinakosmeetika.ee\\\/product\\\/nutrient-superfood-aqua-mist\\\/\"]}]},{\"@type\":\"ImageObject\",\"inLanguage\":\"et\",\"@id\":\"https:\\\/\\\/christinakosmeetika.ee\\\/product\\\/nutrient-superfood-aqua-mist\\\/#primaryimage\",\"url\":\"https:\\\/\\\/christinakosmeetika.ee\\\/wp-content\\\/uploads\\\/2022\\\/10\\\/Nutrient-Superfood-Aqua-Mist500.png\",\"contentUrl\":\"https:\\\/\\\/christinakosmeetika.ee\\\/wp-content\\\/uploads\\\/2022\\\/10\\\/Nutrient-Superfood-Aqua-Mist500.png\",\"width\":500,\"height\":500},{\"@type\":\"BreadcrumbList\",\"@id\":\"https:\\\/\\\/christinakosmeetika.ee\\\/product\\\/nutrient-superfood-aqua-mist\\\/#breadcrumb\",\"itemListElement\":[{\"@type\":\"ListItem\",\"position\":1,\"name\":\"\u0413\u043b\u0430\u0432\u043d\u0430\u044f \u0441\u0442\u0440\u0430\u043d\u0438\u0446\u0430\",\"item\":\"https:\\\/\\\/christinakosmeetika.ee\\\/et\\\/\"},{\"@type\":\"ListItem\",\"position\":2,\"name\":\"Pood\",\"item\":\"https:\\\/\\\/christinakosmeetika.ee\\\/et\\\/shop\\\/\"},{\"@type\":\"ListItem\",\"position\":3,\"name\":\"Line Repair Nutrient Superfood Aqua Mist 100ml CHR870\"}]},{\"@type\":\"WebSite\",\"@id\":\"https:\\\/\\\/christinakosmeetika.ee\\\/#website\",\"url\":\"https:\\\/\\\/christinakosmeetika.ee\\\/\",\"name\":\"Christinakosmeetika\",\"description\":\"Christina kosmeetika Eestis\",\"alternateName\":\"Christina kosmeetika Eestis\",\"potentialAction\":[{\"@type\":\"SearchAction\",\"target\":{\"@type\":\"EntryPoint\",\"urlTemplate\":\"https:\\\/\\\/christinakosmeetika.ee\\\/?s={search_term_string}\"},\"query-input\":{\"@type\":\"PropertyValueSpecification\",\"valueRequired\":true,\"valueName\":\"search_term_string\"}}],\"inLanguage\":\"et\"}]}<\/script>\n<!-- \/ Yoast SEO plugin. -->","yoast_head_json":{"title":"Line Repair Nutrient Superfood Aqua Mist 100ml CHR870 - Christinakosmeetika","description":"V\u00e4rskendav sprei v\u00f5imsate aktiivainetega naha pikaajaliseks niisutamiseks. Toimib kaitsva barj\u00e4\u00e4rina, s\u00e4ilitades naha elastsuse ja mugavustunde.","robots":{"index":"index","follow":"follow","max-snippet":"max-snippet:-1","max-image-preview":"max-image-preview:large","max-video-preview":"max-video-preview:-1"},"canonical":"https:\/\/christinakosmeetika.ee\/product\/nutrient-superfood-aqua-mist\/","og_locale":"et_EE","og_type":"article","og_title":"Line Repair Nutrient Superfood Aqua Mist 100ml CHR870 - Christinakosmeetika","og_description":"V\u00e4rskendav sprei v\u00f5imsate aktiivainetega naha pikaajaliseks niisutamiseks. Toimib kaitsva barj\u00e4\u00e4rina, s\u00e4ilitades naha elastsuse ja mugavustunde.","og_url":"https:\/\/christinakosmeetika.ee\/product\/nutrient-superfood-aqua-mist\/","og_site_name":"Christinakosmeetika","article_modified_time":"2026-04-15T12:20:21+00:00","og_image":[{"width":500,"height":500,"url":"https:\/\/christinakosmeetika.ee\/wp-content\/uploads\/2022\/10\/Nutrient-Superfood-Aqua-Mist500.png","type":"image\/png"}],"twitter_card":"summary_large_image","twitter_misc":{"Est. reading time":"1 minut"},"schema":{"@context":"https:\/\/schema.org","@graph":[{"@type":"WebPage","@id":"https:\/\/christinakosmeetika.ee\/product\/nutrient-superfood-aqua-mist\/","url":"https:\/\/christinakosmeetika.ee\/product\/nutrient-superfood-aqua-mist\/","name":"Line Repair Nutrient Superfood Aqua Mist 100ml CHR870 - Christinakosmeetika","isPartOf":{"@id":"https:\/\/christinakosmeetika.ee\/#website"},"primaryImageOfPage":{"@id":"https:\/\/christinakosmeetika.ee\/product\/nutrient-superfood-aqua-mist\/#primaryimage"},"image":{"@id":"https:\/\/christinakosmeetika.ee\/product\/nutrient-superfood-aqua-mist\/#primaryimage"},"thumbnailUrl":"https:\/\/christinakosmeetika.ee\/wp-content\/uploads\/2022\/10\/Nutrient-Superfood-Aqua-Mist500.png","datePublished":"2022-10-28T06:52:42+00:00","dateModified":"2026-04-15T12:20:21+00:00","description":"V\u00e4rskendav sprei v\u00f5imsate aktiivainetega naha pikaajaliseks niisutamiseks. Toimib kaitsva barj\u00e4\u00e4rina, s\u00e4ilitades naha elastsuse ja mugavustunde.","breadcrumb":{"@id":"https:\/\/christinakosmeetika.ee\/product\/nutrient-superfood-aqua-mist\/#breadcrumb"},"inLanguage":"et","potentialAction":[{"@type":"ReadAction","target":["https:\/\/christinakosmeetika.ee\/product\/nutrient-superfood-aqua-mist\/"]}]},{"@type":"ImageObject","inLanguage":"et","@id":"https:\/\/christinakosmeetika.ee\/product\/nutrient-superfood-aqua-mist\/#primaryimage","url":"https:\/\/christinakosmeetika.ee\/wp-content\/uploads\/2022\/10\/Nutrient-Superfood-Aqua-Mist500.png","contentUrl":"https:\/\/christinakosmeetika.ee\/wp-content\/uploads\/2022\/10\/Nutrient-Superfood-Aqua-Mist500.png","width":500,"height":500},{"@type":"BreadcrumbList","@id":"https:\/\/christinakosmeetika.ee\/product\/nutrient-superfood-aqua-mist\/#breadcrumb","itemListElement":[{"@type":"ListItem","position":1,"name":"\u0413\u043b\u0430\u0432\u043d\u0430\u044f \u0441\u0442\u0440\u0430\u043d\u0438\u0446\u0430","item":"https:\/\/christinakosmeetika.ee\/et\/"},{"@type":"ListItem","position":2,"name":"Pood","item":"https:\/\/christinakosmeetika.ee\/et\/shop\/"},{"@type":"ListItem","position":3,"name":"Line Repair Nutrient Superfood Aqua Mist 100ml CHR870"}]},{"@type":"WebSite","@id":"https:\/\/christinakosmeetika.ee\/#website","url":"https:\/\/christinakosmeetika.ee\/","name":"Christinakosmeetika","description":"Christina kosmeetika Eestis","alternateName":"Christina kosmeetika Eestis","potentialAction":[{"@type":"SearchAction","target":{"@type":"EntryPoint","urlTemplate":"https:\/\/christinakosmeetika.ee\/?s={search_term_string}"},"query-input":{"@type":"PropertyValueSpecification","valueRequired":true,"valueName":"search_term_string"}}],"inLanguage":"et"}]}},"_links":{"self":[{"href":"https:\/\/christinakosmeetika.ee\/et\/wp-json\/wp\/v2\/product\/4932","targetHints":{"allow":["GET"]}}],"collection":[{"href":"https:\/\/christinakosmeetika.ee\/et\/wp-json\/wp\/v2\/product"}],"about":[{"href":"https:\/\/christinakosmeetika.ee\/et\/wp-json\/wp\/v2\/types\/product"}],"wp:featuredmedia":[{"embeddable":true,"href":"https:\/\/christinakosmeetika.ee\/et\/wp-json\/wp\/v2\/media\/5764"}],"wp:attachment":[{"href":"https:\/\/christinakosmeetika.ee\/et\/wp-json\/wp\/v2\/media?parent=4932"}],"wp:term":[{"taxonomy":"product_brand","embeddable":true,"href":"https:\/\/christinakosmeetika.ee\/et\/wp-json\/wp\/v2\/product_brand?post=4932"},{"taxonomy":"product_cat","embeddable":true,"href":"https:\/\/christinakosmeetika.ee\/et\/wp-json\/wp\/v2\/product_cat?post=4932"},{"taxonomy":"product_tag","embeddable":true,"href":"https:\/\/christinakosmeetika.ee\/et\/wp-json\/wp\/v2\/product_tag?post=4932"}],"curies":[{"name":"wp","href":"https:\/\/api.w.org\/{rel}","templated":true}]}}