{"id":4931,"date":"2022-10-28T07:27:26","date_gmt":"2022-10-28T07:27:26","guid":{"rendered":"https:\/\/christinakosmeetika.ee\/product\/glow-radiance-reveal-serum-seerum-radiance-reveal-30-ml-chr905\/"},"modified":"2026-04-15T15:22:50","modified_gmt":"2026-04-15T12:22:50","slug":"glow-radiance-reveal-serum-et","status":"publish","type":"product","link":"https:\/\/christinakosmeetika.ee\/et\/toode\/glow-radiance-reveal-serum-et\/","title":{"rendered":"Line Repair Glow Radiance Reveal Serum 30ml CHR905"},"content":{"rendered":"<p><span style=\"font-weight: 400;\">Koost\u00f6\u00f6s AHA happed ja \u00fclit\u00f5husad botaanilised koostisosad taastavad nahale s\u00e4ra, nooruslikkuse ja ilu. Stimuleerib kollageeni tootmist, et parandada tekstuuri ja toonust. Neutraliseerib vabu radikaale, aeglustades vananemisprotsessi.<\/span><\/p>\n<p><span style=\"font-weight: 400;\"><strong>Kasutamine:<\/strong> <\/span><\/p>\n<p><span style=\"font-weight: 400;\">Kanna kergelt n\u00e4ole, kaelale ja dekolteepiirkonnale, masseerida kuni t\u00e4ieliku imendumiseni<\/span><\/p>\n<p><strong>Koostis:<\/strong><\/p>\n<p>Deionized Water (Aqua), Propanediol, Glycolic Acid, Malic Acid, Glycerin, Sodium Hydroxide, Phenoxyethanol, Hydroxyethylcellulose, Polysorbate, Phytic Acid, Butylene Glycol, Peg-40 Castor Oil, Caprylyl Glycol, Perfume, Sodium Phytate, Ethylhexylglycerin, Centella Asiatica Extract, Sodium Acetate, Arnica Montana Flower Extract, Morus Nigra Leaf Extract, Panax Ginseng Root Extract, Isopropyl Alcohol, Cellulose, Glutamic Acid, Potassium Sorbate, Sodium Benzoate, Citric Acid, Valine, Threonine, Sodium Metabisulfite, Linalool, Limonene, Hydroxycitronellal.<\/p>\n","protected":false},"excerpt":{"rendered":"<h4>Seerum &#8220;Radiance Reveal &#8220;<\/h4>\n","protected":false},"featured_media":5726,"template":"","meta":[],"product_brand":[],"product_cat":[182],"product_tag":[],"class_list":{"0":"post-4931","1":"product","2":"type-product","3":"status-publish","4":"has-post-thumbnail","6":"product_cat-seerum","7":"product_shipping_class-smart-itella-post","8":"pa_akcii-skidki-allahindlused","9":"pa_linii-kosmetiki-line-repair-et","10":"pa_reshenie-problem-dehudratsioon","11":"pa_reshenie-problem-ebauhtlane-nahatekstuur","12":"pa_tip-kozi-koik-nahatuubid-et","13":"pa_tip-kozi-kombi-et","14":"pa_tip-kozi-kuiv-et","15":"pa_tip-kozi-normaalne-et","16":"pa_tip-kozi-rasvane-et","17":"pa_tip-preparata-seerum","18":"pa_vremja-primenenija-oine","19":"pa_vremja-primenenija-paevane","21":"first","22":"instock","23":"sale","24":"taxable","25":"shipping-taxable","26":"purchasable","27":"product-type-simple"},"yoast_head":"<!-- This site is optimized with the Yoast SEO plugin v27.5 - https:\/\/yoast.com\/product\/yoast-seo-wordpress\/ -->\n<title>Line Repair Glow Radiance Reveal Serum 30ml CHR905 - Christinakosmeetika<\/title>\n<meta name=\"description\" content=\"Seerum on rikastatud AHA-hapete ja k\u00f5rge t\u00f5hususega taimsete ekstraktidega, mis taastavad naha t\u00e4ielikult ja annavad sellele tagasi s\u00e4ra.\" \/>\n<meta name=\"robots\" content=\"index, follow, max-snippet:-1, max-image-preview:large, max-video-preview:-1\" \/>\n<link rel=\"canonical\" href=\"https:\/\/christinakosmeetika.ee\/et\/toode\/glow-radiance-reveal-serum-et\/\" \/>\n<meta property=\"og:locale\" content=\"et_EE\" \/>\n<meta property=\"og:type\" content=\"article\" \/>\n<meta property=\"og:title\" content=\"Line Repair Glow Radiance Reveal Serum 30ml CHR905 - Christinakosmeetika\" \/>\n<meta property=\"og:description\" content=\"Seerum on rikastatud AHA-hapete ja k\u00f5rge t\u00f5hususega taimsete ekstraktidega, mis taastavad naha t\u00e4ielikult ja annavad sellele tagasi s\u00e4ra.\" \/>\n<meta property=\"og:url\" content=\"https:\/\/christinakosmeetika.ee\/et\/toode\/glow-radiance-reveal-serum-et\/\" \/>\n<meta property=\"og:site_name\" content=\"Christinakosmeetika\" \/>\n<meta property=\"article:modified_time\" content=\"2026-04-15T12:22:50+00:00\" \/>\n<meta property=\"og:image\" content=\"https:\/\/christinakosmeetika.ee\/wp-content\/uploads\/2022\/10\/Glow-Radiance-Reveal-Seruml500.png\" \/>\n\t<meta property=\"og:image:width\" content=\"500\" \/>\n\t<meta property=\"og:image:height\" content=\"500\" \/>\n\t<meta property=\"og:image:type\" content=\"image\/png\" \/>\n<meta name=\"twitter:card\" content=\"summary_large_image\" \/>\n<meta name=\"twitter:label1\" content=\"Est. reading time\" \/>\n\t<meta name=\"twitter:data1\" content=\"1 minut\" \/>\n<script type=\"application\/ld+json\" class=\"yoast-schema-graph\">{\"@context\":\"https:\\\/\\\/schema.org\",\"@graph\":[{\"@type\":\"WebPage\",\"@id\":\"https:\\\/\\\/christinakosmeetika.ee\\\/et\\\/toode\\\/glow-radiance-reveal-serum-et\\\/\",\"url\":\"https:\\\/\\\/christinakosmeetika.ee\\\/et\\\/toode\\\/glow-radiance-reveal-serum-et\\\/\",\"name\":\"Line Repair Glow Radiance Reveal Serum 30ml CHR905 - Christinakosmeetika\",\"isPartOf\":{\"@id\":\"https:\\\/\\\/christinakosmeetika.ee\\\/#website\"},\"primaryImageOfPage\":{\"@id\":\"https:\\\/\\\/christinakosmeetika.ee\\\/et\\\/toode\\\/glow-radiance-reveal-serum-et\\\/#primaryimage\"},\"image\":{\"@id\":\"https:\\\/\\\/christinakosmeetika.ee\\\/et\\\/toode\\\/glow-radiance-reveal-serum-et\\\/#primaryimage\"},\"thumbnailUrl\":\"https:\\\/\\\/christinakosmeetika.ee\\\/wp-content\\\/uploads\\\/2022\\\/10\\\/Glow-Radiance-Reveal-Seruml500.png\",\"datePublished\":\"2022-10-28T07:27:26+00:00\",\"dateModified\":\"2026-04-15T12:22:50+00:00\",\"description\":\"Seerum on rikastatud AHA-hapete ja k\u00f5rge t\u00f5hususega taimsete ekstraktidega, mis taastavad naha t\u00e4ielikult ja annavad sellele tagasi s\u00e4ra.\",\"breadcrumb\":{\"@id\":\"https:\\\/\\\/christinakosmeetika.ee\\\/et\\\/toode\\\/glow-radiance-reveal-serum-et\\\/#breadcrumb\"},\"inLanguage\":\"et\",\"potentialAction\":[{\"@type\":\"ReadAction\",\"target\":[\"https:\\\/\\\/christinakosmeetika.ee\\\/et\\\/toode\\\/glow-radiance-reveal-serum-et\\\/\"]}]},{\"@type\":\"ImageObject\",\"inLanguage\":\"et\",\"@id\":\"https:\\\/\\\/christinakosmeetika.ee\\\/et\\\/toode\\\/glow-radiance-reveal-serum-et\\\/#primaryimage\",\"url\":\"https:\\\/\\\/christinakosmeetika.ee\\\/wp-content\\\/uploads\\\/2022\\\/10\\\/Glow-Radiance-Reveal-Seruml500.png\",\"contentUrl\":\"https:\\\/\\\/christinakosmeetika.ee\\\/wp-content\\\/uploads\\\/2022\\\/10\\\/Glow-Radiance-Reveal-Seruml500.png\",\"width\":500,\"height\":500},{\"@type\":\"BreadcrumbList\",\"@id\":\"https:\\\/\\\/christinakosmeetika.ee\\\/et\\\/toode\\\/glow-radiance-reveal-serum-et\\\/#breadcrumb\",\"itemListElement\":[{\"@type\":\"ListItem\",\"position\":1,\"name\":\"\u0413\u043b\u0430\u0432\u043d\u0430\u044f \u0441\u0442\u0440\u0430\u043d\u0438\u0446\u0430\",\"item\":\"https:\\\/\\\/christinakosmeetika.ee\\\/et\\\/\"},{\"@type\":\"ListItem\",\"position\":2,\"name\":\"Pood\",\"item\":\"https:\\\/\\\/christinakosmeetika.ee\\\/et\\\/shop\\\/\"},{\"@type\":\"ListItem\",\"position\":3,\"name\":\"Line Repair Glow Radiance Reveal Serum 30ml CHR905\"}]},{\"@type\":\"WebSite\",\"@id\":\"https:\\\/\\\/christinakosmeetika.ee\\\/#website\",\"url\":\"https:\\\/\\\/christinakosmeetika.ee\\\/\",\"name\":\"Christinakosmeetika\",\"description\":\"Christina kosmeetika Eestis\",\"alternateName\":\"Christina kosmeetika Eestis\",\"potentialAction\":[{\"@type\":\"SearchAction\",\"target\":{\"@type\":\"EntryPoint\",\"urlTemplate\":\"https:\\\/\\\/christinakosmeetika.ee\\\/?s={search_term_string}\"},\"query-input\":{\"@type\":\"PropertyValueSpecification\",\"valueRequired\":true,\"valueName\":\"search_term_string\"}}],\"inLanguage\":\"et\"}]}<\/script>\n<!-- \/ Yoast SEO plugin. -->","yoast_head_json":{"title":"Line Repair Glow Radiance Reveal Serum 30ml CHR905 - Christinakosmeetika","description":"Seerum on rikastatud AHA-hapete ja k\u00f5rge t\u00f5hususega taimsete ekstraktidega, mis taastavad naha t\u00e4ielikult ja annavad sellele tagasi s\u00e4ra.","robots":{"index":"index","follow":"follow","max-snippet":"max-snippet:-1","max-image-preview":"max-image-preview:large","max-video-preview":"max-video-preview:-1"},"canonical":"https:\/\/christinakosmeetika.ee\/et\/toode\/glow-radiance-reveal-serum-et\/","og_locale":"et_EE","og_type":"article","og_title":"Line Repair Glow Radiance Reveal Serum 30ml CHR905 - Christinakosmeetika","og_description":"Seerum on rikastatud AHA-hapete ja k\u00f5rge t\u00f5hususega taimsete ekstraktidega, mis taastavad naha t\u00e4ielikult ja annavad sellele tagasi s\u00e4ra.","og_url":"https:\/\/christinakosmeetika.ee\/et\/toode\/glow-radiance-reveal-serum-et\/","og_site_name":"Christinakosmeetika","article_modified_time":"2026-04-15T12:22:50+00:00","og_image":[{"width":500,"height":500,"url":"https:\/\/christinakosmeetika.ee\/wp-content\/uploads\/2022\/10\/Glow-Radiance-Reveal-Seruml500.png","type":"image\/png"}],"twitter_card":"summary_large_image","twitter_misc":{"Est. reading time":"1 minut"},"schema":{"@context":"https:\/\/schema.org","@graph":[{"@type":"WebPage","@id":"https:\/\/christinakosmeetika.ee\/et\/toode\/glow-radiance-reveal-serum-et\/","url":"https:\/\/christinakosmeetika.ee\/et\/toode\/glow-radiance-reveal-serum-et\/","name":"Line Repair Glow Radiance Reveal Serum 30ml CHR905 - Christinakosmeetika","isPartOf":{"@id":"https:\/\/christinakosmeetika.ee\/#website"},"primaryImageOfPage":{"@id":"https:\/\/christinakosmeetika.ee\/et\/toode\/glow-radiance-reveal-serum-et\/#primaryimage"},"image":{"@id":"https:\/\/christinakosmeetika.ee\/et\/toode\/glow-radiance-reveal-serum-et\/#primaryimage"},"thumbnailUrl":"https:\/\/christinakosmeetika.ee\/wp-content\/uploads\/2022\/10\/Glow-Radiance-Reveal-Seruml500.png","datePublished":"2022-10-28T07:27:26+00:00","dateModified":"2026-04-15T12:22:50+00:00","description":"Seerum on rikastatud AHA-hapete ja k\u00f5rge t\u00f5hususega taimsete ekstraktidega, mis taastavad naha t\u00e4ielikult ja annavad sellele tagasi s\u00e4ra.","breadcrumb":{"@id":"https:\/\/christinakosmeetika.ee\/et\/toode\/glow-radiance-reveal-serum-et\/#breadcrumb"},"inLanguage":"et","potentialAction":[{"@type":"ReadAction","target":["https:\/\/christinakosmeetika.ee\/et\/toode\/glow-radiance-reveal-serum-et\/"]}]},{"@type":"ImageObject","inLanguage":"et","@id":"https:\/\/christinakosmeetika.ee\/et\/toode\/glow-radiance-reveal-serum-et\/#primaryimage","url":"https:\/\/christinakosmeetika.ee\/wp-content\/uploads\/2022\/10\/Glow-Radiance-Reveal-Seruml500.png","contentUrl":"https:\/\/christinakosmeetika.ee\/wp-content\/uploads\/2022\/10\/Glow-Radiance-Reveal-Seruml500.png","width":500,"height":500},{"@type":"BreadcrumbList","@id":"https:\/\/christinakosmeetika.ee\/et\/toode\/glow-radiance-reveal-serum-et\/#breadcrumb","itemListElement":[{"@type":"ListItem","position":1,"name":"\u0413\u043b\u0430\u0432\u043d\u0430\u044f \u0441\u0442\u0440\u0430\u043d\u0438\u0446\u0430","item":"https:\/\/christinakosmeetika.ee\/et\/"},{"@type":"ListItem","position":2,"name":"Pood","item":"https:\/\/christinakosmeetika.ee\/et\/shop\/"},{"@type":"ListItem","position":3,"name":"Line Repair Glow Radiance Reveal Serum 30ml CHR905"}]},{"@type":"WebSite","@id":"https:\/\/christinakosmeetika.ee\/#website","url":"https:\/\/christinakosmeetika.ee\/","name":"Christinakosmeetika","description":"Christina kosmeetika Eestis","alternateName":"Christina kosmeetika Eestis","potentialAction":[{"@type":"SearchAction","target":{"@type":"EntryPoint","urlTemplate":"https:\/\/christinakosmeetika.ee\/?s={search_term_string}"},"query-input":{"@type":"PropertyValueSpecification","valueRequired":true,"valueName":"search_term_string"}}],"inLanguage":"et"}]}},"_links":{"self":[{"href":"https:\/\/christinakosmeetika.ee\/et\/wp-json\/wp\/v2\/product\/4931","targetHints":{"allow":["GET"]}}],"collection":[{"href":"https:\/\/christinakosmeetika.ee\/et\/wp-json\/wp\/v2\/product"}],"about":[{"href":"https:\/\/christinakosmeetika.ee\/et\/wp-json\/wp\/v2\/types\/product"}],"wp:featuredmedia":[{"embeddable":true,"href":"https:\/\/christinakosmeetika.ee\/et\/wp-json\/wp\/v2\/media\/5726"}],"wp:attachment":[{"href":"https:\/\/christinakosmeetika.ee\/et\/wp-json\/wp\/v2\/media?parent=4931"}],"wp:term":[{"taxonomy":"product_brand","embeddable":true,"href":"https:\/\/christinakosmeetika.ee\/et\/wp-json\/wp\/v2\/product_brand?post=4931"},{"taxonomy":"product_cat","embeddable":true,"href":"https:\/\/christinakosmeetika.ee\/et\/wp-json\/wp\/v2\/product_cat?post=4931"},{"taxonomy":"product_tag","embeddable":true,"href":"https:\/\/christinakosmeetika.ee\/et\/wp-json\/wp\/v2\/product_tag?post=4931"}],"curies":[{"name":"wp","href":"https:\/\/api.w.org\/{rel}","templated":true}]}}